{"id":4845,"date":"2023-09-16T09:55:22","date_gmt":"2023-09-16T09:55:22","guid":{"rendered":"https:\/\/bellarosa.es\/?post_type=product&#038;p=4845"},"modified":"2026-02-23T11:50:23","modified_gmt":"2026-02-23T11:50:23","slug":"triplets-pink-ramo-rosas-rosadas-trillizas","status":"publish","type":"product","link":"https:\/\/bellarosa.es\/en\/triplets-pink-ramo-rosas-rosadas-trillizas\/","title":{"rendered":"Mi vida -16 Rosas Rojas  &#8211; Caja elegante cuadrada negra"},"content":{"rendered":"<div class=\"flex-1 overflow-hidden\">\n<div class=\"react-scroll-to-bottom--css-ovgch-79elbk h-full dark:bg-gray-800\">\n<div class=\"react-scroll-to-bottom--css-ovgch-1n7m0yu\">\n<div class=\"flex flex-col text-sm dark:bg-gray-800\">\n<div class=\"group w-full text-gray-800 dark:text-gray-100 border-b border-black\/10 dark:border-gray-900\/50 bg-gray-50 dark:bg-[#444654]\">\n<div class=\"flex p-4 gap-4 text-base md:gap-6 md:max-w-2xl lg:max-w-[38rem] xl:max-w-3xl md:py-6 lg:px-0 m-auto\">\n<div class=\"relative flex w-[calc(100%-50px)] flex-col gap-1 md:gap-3 lg:w-[calc(100%-115px)]\">\n<div class=\"flex flex-grow flex-col gap-3\">\n<div class=\"min-h-[20px] flex items-start overflow-x-auto whitespace-pre-wrap break-words flex-col gap-4\">\n<div class=\"markdown prose w-full break-words dark:prose-invert light\">\n<p>Esta\u00a0<strong>caja de flores<\/strong>\u00a0en forma de coraz\u00f3n es un regalo ideal para parejas de enamorados. Llegue directamente a su coraz\u00f3n con un regalo que jam\u00e1s olvidar\u00e1. Hemos cogido las mejores\u00a0<strong>flores seleccionadas<\/strong> y hemos creado esta preciosa caja de flores con detalles para enamorar. mi vida est\u00e1 compuesta por:<\/p>\n<p>16 Rosas freedom<\/p>\n<p>Caja cuadrada negra<\/p>\n<p>&nbsp;<\/p>\n<p>Conoce todas nuestras sugerencias para regalar en San Valent\u00edn\u00a0<a href=\"https:\/\/bellarosa.es\/comprar\/san-valentin\/\">aqu\u00ed<\/a><\/p>\n<\/div>\n<\/div>\n<\/div>\n<\/div>\n<\/div>\n<\/div>\n<\/div>\n<\/div>\n<\/div>\n<\/div>\n<h3>Flores a domicilio en la Costa del Sol<\/h3>\n<p>Recuerda que somos tu florister\u00eda de confianza en la\u00a0<strong>Costa del Sol<\/strong>. Hacemos repartos desde\u00a0<strong>Estepona<\/strong>\u00a0hasta\u00a0<strong>San Pedro<\/strong>\u00a0o\u00a0<strong>Marbella<\/strong>. Si deseas enviar\u00a0<strong>flores a domicilio<\/strong>\u00a0puedes contar con nuestra experiencia para que tus ramos lleguen en las mejores condiciones. Sorprende a tu persona favorita. Tambi\u00e9n puedes hacer uso de nuestro servicio de\u00a0<strong>tienda online<\/strong>.<\/p>\n<p>&nbsp;<\/p>\n<p>Recuerda que puedes encontrarnos en\u00a0<a href=\"https:\/\/www.facebook.com\/bellarosa.es\/\">Facebook<\/a>\u00a0e\u00a0<a href=\"https:\/\/www.instagram.com\/bellarosa_marbella\/\">Instagram<\/a>. \u00a1Te esperamos!<\/p>\n","protected":false},"excerpt":{"rendered":"<blockquote><p>La gente lleva rosas y hace promesas en cada momento, mi amor r\u00ede como las flores, los Valentines no pueden comprarlo.<\/p>\n<p>-Bob Dylan-<\/p>\n<p>&nbsp;<\/p><\/blockquote>\n<p>&nbsp;<\/p>\n<p>Tenemos una gran variedad de ramos preciosos de rosas a buen precio. Con\u00f3celos <a href=\"https:\/\/bellarosa.es\/comprar\/rosas\/\">aqu\u00ed<\/a>.<\/p>\n","protected":false},"featured_media":8309,"comment_status":"open","ping_status":"closed","template":"","meta":[],"product_brand":[],"product_cat":[133,158,1017,15],"product_tag":[],"class_list":{"0":"post-4845","1":"product","2":"type-product","3":"status-publish","4":"has-post-thumbnail","6":"product_cat-amor","7":"product_cat-caja-floral","8":"product_cat-ramo-rosas-rojas","9":"product_cat-san-valentin","11":"first","12":"instock","13":"shipping-taxable","14":"purchasable","15":"product-type-simple","16":"layout-style-1","17":"col-md-4 col-sm-4 col-xs-6","18":"col-lg-4","19":"product-style-default"},"yoast_head":"<!-- This site is optimized with the Yoast SEO plugin v27.4 - https:\/\/yoast.com\/product\/yoast-seo-wordpress\/ -->\n<title>Mi vida -16 Rosas Rojas - Caja elegante cuadrada negra - Florister&iacute;a en San Pedro Alc&aacute;ntara<\/title>\n<meta name=\"robots\" content=\"noindex, follow\" \/>\n<meta property=\"og:locale\" content=\"en_US\" \/>\n<meta property=\"og:type\" content=\"article\" \/>\n<meta property=\"og:title\" content=\"Mi vida -16 Rosas Rojas - Caja elegante cuadrada negra - Florister&iacute;a en San Pedro Alc&aacute;ntara\" \/>\n<meta property=\"og:description\" content=\"La gente lleva rosas y hace promesas en cada momento, mi amor r\u00ede como las flores, los Valentines no pueden comprarlo.  -Bob Dylan-  &nbsp; &nbsp;  Tenemos una gran variedad de ramos preciosos de rosas a buen precio. Con\u00f3celos aqu\u00ed.\" \/>\n<meta property=\"og:url\" content=\"https:\/\/bellarosa.es\/en\/triplets-pink-ramo-rosas-rosadas-trillizas\/\" \/>\n<meta property=\"og:site_name\" content=\"Florister&iacute;a en San Pedro Alc&aacute;ntara\" \/>\n<meta property=\"article:modified_time\" content=\"2026-02-23T11:50:23+00:00\" \/>\n<meta property=\"og:image\" content=\"https:\/\/bellarosa.es\/wp-content\/uploads\/2023\/09\/1348DAEB-A496-4FE4-BCDD-1DFE21AD9B87.png\" \/>\n\t<meta property=\"og:image:width\" content=\"1024\" \/>\n\t<meta property=\"og:image:height\" content=\"1536\" \/>\n\t<meta property=\"og:image:type\" content=\"image\/png\" \/>\n<meta name=\"twitter:card\" content=\"summary_large_image\" \/>\n<meta name=\"twitter:label1\" content=\"Est. reading time\" \/>\n\t<meta name=\"twitter:data1\" content=\"1 minute\" \/>\n<script type=\"application\/ld+json\" class=\"yoast-schema-graph\">{\"@context\":\"https:\\\/\\\/schema.org\",\"@graph\":[{\"@type\":\"WebPage\",\"@id\":\"https:\\\/\\\/bellarosa.es\\\/en\\\/triplets-pink-ramo-rosas-rosadas-trillizas\\\/\",\"url\":\"https:\\\/\\\/bellarosa.es\\\/en\\\/triplets-pink-ramo-rosas-rosadas-trillizas\\\/\",\"name\":\"Mi vida -16 Rosas Rojas - Caja elegante cuadrada negra - Florister&iacute;a en San Pedro Alc&aacute;ntara\",\"isPartOf\":{\"@id\":\"https:\\\/\\\/bellarosa.es\\\/en\\\/#website\"},\"primaryImageOfPage\":{\"@id\":\"https:\\\/\\\/bellarosa.es\\\/en\\\/triplets-pink-ramo-rosas-rosadas-trillizas\\\/#primaryimage\"},\"image\":{\"@id\":\"https:\\\/\\\/bellarosa.es\\\/en\\\/triplets-pink-ramo-rosas-rosadas-trillizas\\\/#primaryimage\"},\"thumbnailUrl\":\"https:\\\/\\\/bellarosa.es\\\/wp-content\\\/uploads\\\/2023\\\/09\\\/1348DAEB-A496-4FE4-BCDD-1DFE21AD9B87.png\",\"datePublished\":\"2023-09-16T09:55:22+00:00\",\"dateModified\":\"2026-02-23T11:50:23+00:00\",\"breadcrumb\":{\"@id\":\"https:\\\/\\\/bellarosa.es\\\/en\\\/triplets-pink-ramo-rosas-rosadas-trillizas\\\/#breadcrumb\"},\"inLanguage\":\"en-US\",\"potentialAction\":[{\"@type\":\"ReadAction\",\"target\":[\"https:\\\/\\\/bellarosa.es\\\/en\\\/triplets-pink-ramo-rosas-rosadas-trillizas\\\/\"]}]},{\"@type\":\"ImageObject\",\"inLanguage\":\"en-US\",\"@id\":\"https:\\\/\\\/bellarosa.es\\\/en\\\/triplets-pink-ramo-rosas-rosadas-trillizas\\\/#primaryimage\",\"url\":\"https:\\\/\\\/bellarosa.es\\\/wp-content\\\/uploads\\\/2023\\\/09\\\/1348DAEB-A496-4FE4-BCDD-1DFE21AD9B87.png\",\"contentUrl\":\"https:\\\/\\\/bellarosa.es\\\/wp-content\\\/uploads\\\/2023\\\/09\\\/1348DAEB-A496-4FE4-BCDD-1DFE21AD9B87.png\",\"width\":1024,\"height\":1536},{\"@type\":\"BreadcrumbList\",\"@id\":\"https:\\\/\\\/bellarosa.es\\\/en\\\/triplets-pink-ramo-rosas-rosadas-trillizas\\\/#breadcrumb\",\"itemListElement\":[{\"@type\":\"ListItem\",\"position\":1,\"name\":\"Inicio\",\"item\":\"https:\\\/\\\/bellarosa.es\\\/en\\\/\"},{\"@type\":\"ListItem\",\"position\":2,\"name\":\"Shop\",\"item\":\"https:\\\/\\\/bellarosa.es\\\/en\\\/shop\\\/\"},{\"@type\":\"ListItem\",\"position\":3,\"name\":\"Mi vida -16 Rosas Rojas &#8211; Caja elegante cuadrada negra\"}]},{\"@type\":\"WebSite\",\"@id\":\"https:\\\/\\\/bellarosa.es\\\/en\\\/#website\",\"url\":\"https:\\\/\\\/bellarosa.es\\\/en\\\/\",\"name\":\"Florister&iacute;a en San Pedro Alc&aacute;ntara\",\"description\":\"\",\"publisher\":{\"@id\":\"https:\\\/\\\/bellarosa.es\\\/en\\\/#organization\"},\"potentialAction\":[{\"@type\":\"SearchAction\",\"target\":{\"@type\":\"EntryPoint\",\"urlTemplate\":\"https:\\\/\\\/bellarosa.es\\\/en\\\/?s={search_term_string}\"},\"query-input\":{\"@type\":\"PropertyValueSpecification\",\"valueRequired\":true,\"valueName\":\"search_term_string\"}}],\"inLanguage\":\"en-US\"},{\"@type\":\"Organization\",\"@id\":\"https:\\\/\\\/bellarosa.es\\\/en\\\/#organization\",\"name\":\"Floristeria Bella Rosa\",\"url\":\"https:\\\/\\\/bellarosa.es\\\/en\\\/\",\"logo\":{\"@type\":\"ImageObject\",\"inLanguage\":\"en-US\",\"@id\":\"https:\\\/\\\/bellarosa.es\\\/en\\\/#\\\/schema\\\/logo\\\/image\\\/\",\"url\":\"\",\"contentUrl\":\"\",\"caption\":\"Floristeria Bella Rosa\"},\"image\":{\"@id\":\"https:\\\/\\\/bellarosa.es\\\/en\\\/#\\\/schema\\\/logo\\\/image\\\/\"}}]}<\/script>\n<!-- \/ Yoast SEO plugin. -->","yoast_head_json":{"title":"Mi vida -16 Rosas Rojas - Caja elegante cuadrada negra - Florister&iacute;a en San Pedro Alc&aacute;ntara","robots":{"index":"noindex","follow":"follow"},"og_locale":"en_US","og_type":"article","og_title":"Mi vida -16 Rosas Rojas - Caja elegante cuadrada negra - Florister&iacute;a en San Pedro Alc&aacute;ntara","og_description":"La gente lleva rosas y hace promesas en cada momento, mi amor r\u00ede como las flores, los Valentines no pueden comprarlo.  -Bob Dylan-  &nbsp; &nbsp;  Tenemos una gran variedad de ramos preciosos de rosas a buen precio. Con\u00f3celos aqu\u00ed.","og_url":"https:\/\/bellarosa.es\/en\/triplets-pink-ramo-rosas-rosadas-trillizas\/","og_site_name":"Florister&iacute;a en San Pedro Alc&aacute;ntara","article_modified_time":"2026-02-23T11:50:23+00:00","og_image":[{"width":1024,"height":1536,"url":"https:\/\/bellarosa.es\/wp-content\/uploads\/2023\/09\/1348DAEB-A496-4FE4-BCDD-1DFE21AD9B87.png","type":"image\/png"}],"twitter_card":"summary_large_image","twitter_misc":{"Est. reading time":"1 minute"},"schema":{"@context":"https:\/\/schema.org","@graph":[{"@type":"WebPage","@id":"https:\/\/bellarosa.es\/en\/triplets-pink-ramo-rosas-rosadas-trillizas\/","url":"https:\/\/bellarosa.es\/en\/triplets-pink-ramo-rosas-rosadas-trillizas\/","name":"Mi vida -16 Rosas Rojas - Caja elegante cuadrada negra - Florister&iacute;a en San Pedro Alc&aacute;ntara","isPartOf":{"@id":"https:\/\/bellarosa.es\/en\/#website"},"primaryImageOfPage":{"@id":"https:\/\/bellarosa.es\/en\/triplets-pink-ramo-rosas-rosadas-trillizas\/#primaryimage"},"image":{"@id":"https:\/\/bellarosa.es\/en\/triplets-pink-ramo-rosas-rosadas-trillizas\/#primaryimage"},"thumbnailUrl":"https:\/\/bellarosa.es\/wp-content\/uploads\/2023\/09\/1348DAEB-A496-4FE4-BCDD-1DFE21AD9B87.png","datePublished":"2023-09-16T09:55:22+00:00","dateModified":"2026-02-23T11:50:23+00:00","breadcrumb":{"@id":"https:\/\/bellarosa.es\/en\/triplets-pink-ramo-rosas-rosadas-trillizas\/#breadcrumb"},"inLanguage":"en-US","potentialAction":[{"@type":"ReadAction","target":["https:\/\/bellarosa.es\/en\/triplets-pink-ramo-rosas-rosadas-trillizas\/"]}]},{"@type":"ImageObject","inLanguage":"en-US","@id":"https:\/\/bellarosa.es\/en\/triplets-pink-ramo-rosas-rosadas-trillizas\/#primaryimage","url":"https:\/\/bellarosa.es\/wp-content\/uploads\/2023\/09\/1348DAEB-A496-4FE4-BCDD-1DFE21AD9B87.png","contentUrl":"https:\/\/bellarosa.es\/wp-content\/uploads\/2023\/09\/1348DAEB-A496-4FE4-BCDD-1DFE21AD9B87.png","width":1024,"height":1536},{"@type":"BreadcrumbList","@id":"https:\/\/bellarosa.es\/en\/triplets-pink-ramo-rosas-rosadas-trillizas\/#breadcrumb","itemListElement":[{"@type":"ListItem","position":1,"name":"Inicio","item":"https:\/\/bellarosa.es\/en\/"},{"@type":"ListItem","position":2,"name":"Shop","item":"https:\/\/bellarosa.es\/en\/shop\/"},{"@type":"ListItem","position":3,"name":"Mi vida -16 Rosas Rojas &#8211; Caja elegante cuadrada negra"}]},{"@type":"WebSite","@id":"https:\/\/bellarosa.es\/en\/#website","url":"https:\/\/bellarosa.es\/en\/","name":"Florister&iacute;a en San Pedro Alc&aacute;ntara","description":"","publisher":{"@id":"https:\/\/bellarosa.es\/en\/#organization"},"potentialAction":[{"@type":"SearchAction","target":{"@type":"EntryPoint","urlTemplate":"https:\/\/bellarosa.es\/en\/?s={search_term_string}"},"query-input":{"@type":"PropertyValueSpecification","valueRequired":true,"valueName":"search_term_string"}}],"inLanguage":"en-US"},{"@type":"Organization","@id":"https:\/\/bellarosa.es\/en\/#organization","name":"Floristeria Bella Rosa","url":"https:\/\/bellarosa.es\/en\/","logo":{"@type":"ImageObject","inLanguage":"en-US","@id":"https:\/\/bellarosa.es\/en\/#\/schema\/logo\/image\/","url":"","contentUrl":"","caption":"Floristeria Bella Rosa"},"image":{"@id":"https:\/\/bellarosa.es\/en\/#\/schema\/logo\/image\/"}}]}},"_links":{"self":[{"href":"https:\/\/bellarosa.es\/en\/wp-json\/wp\/v2\/product\/4845","targetHints":{"allow":["GET"]}}],"collection":[{"href":"https:\/\/bellarosa.es\/en\/wp-json\/wp\/v2\/product"}],"about":[{"href":"https:\/\/bellarosa.es\/en\/wp-json\/wp\/v2\/types\/product"}],"replies":[{"embeddable":true,"href":"https:\/\/bellarosa.es\/en\/wp-json\/wp\/v2\/comments?post=4845"}],"wp:featuredmedia":[{"embeddable":true,"href":"https:\/\/bellarosa.es\/en\/wp-json\/wp\/v2\/media\/8309"}],"wp:attachment":[{"href":"https:\/\/bellarosa.es\/en\/wp-json\/wp\/v2\/media?parent=4845"}],"wp:term":[{"taxonomy":"product_brand","embeddable":true,"href":"https:\/\/bellarosa.es\/en\/wp-json\/wp\/v2\/product_brand?post=4845"},{"taxonomy":"product_cat","embeddable":true,"href":"https:\/\/bellarosa.es\/en\/wp-json\/wp\/v2\/product_cat?post=4845"},{"taxonomy":"product_tag","embeddable":true,"href":"https:\/\/bellarosa.es\/en\/wp-json\/wp\/v2\/product_tag?post=4845"}],"curies":[{"name":"wp","href":"https:\/\/api.w.org\/{rel}","templated":true}]}}