{"id":4524,"date":"2023-07-14T11:02:11","date_gmt":"2023-07-14T11:02:11","guid":{"rendered":"https:\/\/bellarosa.es\/?post_type=product&#038;p=4524"},"modified":"2026-02-06T10:55:37","modified_gmt":"2026-02-06T10:55:37","slug":"caja-algodon-100-rosas-blancas","status":"publish","type":"product","link":"https:\/\/bellarosa.es\/en\/caja-algodon-100-rosas-blancas\/","title":{"rendered":"Algodon- Caja 100 Rosas Blancas"},"content":{"rendered":"<h2><strong>Un ramo con tacto de suave algod\u00f3n<\/strong><\/h2>\n<p>\u00a1Descubre la elegancia pura y atemporal con nuestro exquisito ramo<strong> Algod\u00f3n<\/strong>! Con<strong> 100 rosas blancas<\/strong> meticulosamente seleccionadas, este arreglo es el ep\u00edtome de la belleza et\u00e9rea. Celebra momentos especiales o expresa un amor sincero con este ramo que evoca la suavidad y la pureza del algod\u00f3n.<\/p>\n<h3>El significado de las rosas blancas<\/h3>\n<p>Las rosas blancas, con su elegancia y pureza atemporal, tienen un significado profundo y simb\u00f3lico en el lenguaje de las flores. Representando la inocencia y la pureza del coraz\u00f3n, estas flores han sido un s\u00edmbolo de amor eterno, devoci\u00f3n y respeto desde tiempos inmemoriales.<\/p>\n<p>Al regalar rosas blancas, es importante tener en cuenta su significado de pureza y simbolismo, que transmiten mensajes poderosos sin necesidad de palabras. Son un recordatorio constante de la belleza y la pureza del amor en todas sus formas, desde el amor rom\u00e1ntico hasta el amor incondicional y el respeto profundo. Con su gracia intemporal, las rosas blancas contin\u00faan inspirando y conmoviendo los corazones de aquellos que las reciben.<\/p>\n<p>Las rosas blancas tambi\u00e9n transmiten la idea de nuevos comienzos y limpieza espiritual. Son una elecci\u00f3n popular para las celebraciones de nacimientos y bautismos, ya que representan el comienzo de una nueva vida llena de esperanza y promesas.<\/p>\n<h3>\u00bfCu\u00e1ndo regalar Algod\u00f3n?<\/h3>\n<p>El color blanco, al ser el s\u00edmbolo de la pureza y la luz, hace que las rosas blancas sean especialmente significativas en ocasiones ceremoniales como bodas y funerales. En las bodas, las rosas blancas simbolizan el amor puro y la unidad de dos almas en una nueva vida juntos. En contraste, en los funerales, expresan el amor eterno y el recuerdo inquebrantable de aquellos que han partido.<\/p>\n<p>Adem\u00e1s de su significado rom\u00e1ntico y espiritual, las rosas blancas tambi\u00e9n expresan respeto y admiraci\u00f3n hacia alguien. Son un regalo adecuado para honrar a una persona especial o para mostrar agradecimiento a un ser querido.<\/p>\n<h3>Flores a domicilio en la Costa del Sol<\/h3>\n<p>Recuerda que somos tu florister\u00eda de confianza en la\u00a0<strong>Costa del Sol<\/strong>. Hacemos repartos desde\u00a0<strong>Estepona<\/strong>\u00a0hasta\u00a0<strong>San Pedro<\/strong>\u00a0o\u00a0<strong>Marbella<\/strong>. Si deseas enviar\u00a0<strong>flores a domicilio<\/strong>\u00a0puedes contar con nuestra experiencia para que tus ramos lleguen en las mejores condiciones. Sorprende a tu persona favorita. Tambi\u00e9n puedes hacer uso de nuestro servicio de\u00a0<strong>tienda online<\/strong>.<\/p>\n<p>&nbsp;<\/p>\n<p>Recuerda que puedes encontrarnos en\u00a0<a href=\"https:\/\/www.facebook.com\/bellarosa.es\/\">Facebook<\/a>\u00a0e\u00a0<a href=\"https:\/\/www.instagram.com\/bellarosa_marbella\/\">Instagram<\/a>. \u00a1Te esperamos!<\/p>\n","protected":false},"excerpt":{"rendered":"<blockquote><p>A la luz de la luna hab\u00eda flores y solo era un campo de algod\u00f3n.<\/p>\n<p>\u2013 Matsuo Basho \u2013<\/p><\/blockquote>\n<p>Te presentamos nuestra exquisita caja <strong>Algod\u00f3n<\/strong>, compuesta por <strong>100 rosas blancas<\/strong> cuidadosamente seleccionadas para expresar la belleza pura y atemporal. Cada rosa representa un s\u00edmbolo de amor, pureza y respeto, haciendo de esta caja el regalo perfecto para ocasiones especiales y momentos rom\u00e1nticos. La suavidad y delicadeza de las rosas blancas evocan la sensaci\u00f3n reconfortante del algod\u00f3n, creando un arreglo floral que enamorar\u00e1 a cualquiera. Ya sea para sorprender a esa persona especial, celebrar un aniversario o expresar un gesto sincero, dejar\u00e1 una impresi\u00f3n duradera en el coraz\u00f3n de quien lo reciba.<strong>\u00a0<\/strong><\/p>\n<p>Tenemos una gran variedad de ramos preciosos de rosas a buen precio. Con\u00f3celos <a href=\"https:\/\/bellarosa.es\/comprar\/rosas\/\">aqu\u00ed<\/a>.<\/p>\n","protected":false},"featured_media":8553,"comment_status":"open","ping_status":"closed","template":"","meta":[],"product_brand":[],"product_cat":[158,15],"product_tag":[],"class_list":{"0":"post-4524","1":"product","2":"type-product","3":"status-publish","4":"has-post-thumbnail","6":"product_cat-caja-floral","7":"product_cat-san-valentin","9":"first","10":"instock","11":"shipping-taxable","12":"purchasable","13":"product-type-simple","14":"layout-style-1","15":"col-md-4 col-sm-4 col-xs-6","16":"col-lg-4","17":"product-style-default"},"yoast_head":"<!-- This site is optimized with the Yoast SEO plugin v27.4 - https:\/\/yoast.com\/product\/yoast-seo-wordpress\/ -->\n<title>Algodon- Caja 100 Rosas Blancas - Florister&iacute;a en San Pedro Alc&aacute;ntara<\/title>\n<meta name=\"robots\" content=\"noindex, follow\" \/>\n<meta property=\"og:locale\" content=\"en_US\" \/>\n<meta property=\"og:type\" content=\"article\" \/>\n<meta property=\"og:title\" content=\"Algodon- Caja 100 Rosas Blancas - Florister&iacute;a en San Pedro Alc&aacute;ntara\" \/>\n<meta property=\"og:description\" content=\"A la luz de la luna hab\u00eda flores y solo era un campo de algod\u00f3n.  \u2013 Matsuo Basho \u2013 Te presentamos nuestra exquisita caja Algod\u00f3n, compuesta por 100 rosas blancas cuidadosamente seleccionadas para expresar la belleza pura y atemporal. Cada rosa representa un s\u00edmbolo de amor, pureza y respeto, haciendo de esta caja el regalo perfecto para ocasiones especiales y momentos rom\u00e1nticos. La suavidad y delicadeza de las rosas blancas evocan la sensaci\u00f3n reconfortante del algod\u00f3n, creando un arreglo floral que enamorar\u00e1 a cualquiera. Ya sea para sorprender a esa persona especial, celebrar un aniversario o expresar un gesto sincero, dejar\u00e1 una impresi\u00f3n duradera en el coraz\u00f3n de quien lo reciba.\u00a0  Tenemos una gran variedad de ramos preciosos de rosas a buen precio. Con\u00f3celos aqu\u00ed.\" \/>\n<meta property=\"og:url\" content=\"https:\/\/bellarosa.es\/en\/caja-algodon-100-rosas-blancas\/\" \/>\n<meta property=\"og:site_name\" content=\"Florister&iacute;a en San Pedro Alc&aacute;ntara\" \/>\n<meta property=\"article:modified_time\" content=\"2026-02-06T10:55:37+00:00\" \/>\n<meta property=\"og:image\" content=\"https:\/\/bellarosa.es\/wp-content\/uploads\/2023\/07\/C10D6158-FEB2-470D-8653-EA5DCFCC54BB.png\" \/>\n\t<meta property=\"og:image:width\" content=\"1024\" \/>\n\t<meta property=\"og:image:height\" content=\"1536\" \/>\n\t<meta property=\"og:image:type\" content=\"image\/png\" \/>\n<meta name=\"twitter:card\" content=\"summary_large_image\" \/>\n<meta name=\"twitter:label1\" content=\"Est. reading time\" \/>\n\t<meta name=\"twitter:data1\" content=\"2 minutes\" \/>\n<script type=\"application\/ld+json\" class=\"yoast-schema-graph\">{\"@context\":\"https:\\\/\\\/schema.org\",\"@graph\":[{\"@type\":\"WebPage\",\"@id\":\"https:\\\/\\\/bellarosa.es\\\/en\\\/caja-algodon-100-rosas-blancas\\\/\",\"url\":\"https:\\\/\\\/bellarosa.es\\\/en\\\/caja-algodon-100-rosas-blancas\\\/\",\"name\":\"Algodon- Caja 100 Rosas Blancas - Florister&iacute;a en San Pedro Alc&aacute;ntara\",\"isPartOf\":{\"@id\":\"https:\\\/\\\/bellarosa.es\\\/en\\\/#website\"},\"primaryImageOfPage\":{\"@id\":\"https:\\\/\\\/bellarosa.es\\\/en\\\/caja-algodon-100-rosas-blancas\\\/#primaryimage\"},\"image\":{\"@id\":\"https:\\\/\\\/bellarosa.es\\\/en\\\/caja-algodon-100-rosas-blancas\\\/#primaryimage\"},\"thumbnailUrl\":\"https:\\\/\\\/bellarosa.es\\\/wp-content\\\/uploads\\\/2023\\\/07\\\/C10D6158-FEB2-470D-8653-EA5DCFCC54BB.png\",\"datePublished\":\"2023-07-14T11:02:11+00:00\",\"dateModified\":\"2026-02-06T10:55:37+00:00\",\"breadcrumb\":{\"@id\":\"https:\\\/\\\/bellarosa.es\\\/en\\\/caja-algodon-100-rosas-blancas\\\/#breadcrumb\"},\"inLanguage\":\"en-US\",\"potentialAction\":[{\"@type\":\"ReadAction\",\"target\":[\"https:\\\/\\\/bellarosa.es\\\/en\\\/caja-algodon-100-rosas-blancas\\\/\"]}]},{\"@type\":\"ImageObject\",\"inLanguage\":\"en-US\",\"@id\":\"https:\\\/\\\/bellarosa.es\\\/en\\\/caja-algodon-100-rosas-blancas\\\/#primaryimage\",\"url\":\"https:\\\/\\\/bellarosa.es\\\/wp-content\\\/uploads\\\/2023\\\/07\\\/C10D6158-FEB2-470D-8653-EA5DCFCC54BB.png\",\"contentUrl\":\"https:\\\/\\\/bellarosa.es\\\/wp-content\\\/uploads\\\/2023\\\/07\\\/C10D6158-FEB2-470D-8653-EA5DCFCC54BB.png\",\"width\":1024,\"height\":1536},{\"@type\":\"BreadcrumbList\",\"@id\":\"https:\\\/\\\/bellarosa.es\\\/en\\\/caja-algodon-100-rosas-blancas\\\/#breadcrumb\",\"itemListElement\":[{\"@type\":\"ListItem\",\"position\":1,\"name\":\"Inicio\",\"item\":\"https:\\\/\\\/bellarosa.es\\\/en\\\/\"},{\"@type\":\"ListItem\",\"position\":2,\"name\":\"Shop\",\"item\":\"https:\\\/\\\/bellarosa.es\\\/en\\\/shop\\\/\"},{\"@type\":\"ListItem\",\"position\":3,\"name\":\"Algodon- Caja 100 Rosas Blancas\"}]},{\"@type\":\"WebSite\",\"@id\":\"https:\\\/\\\/bellarosa.es\\\/en\\\/#website\",\"url\":\"https:\\\/\\\/bellarosa.es\\\/en\\\/\",\"name\":\"Florister&iacute;a en San Pedro Alc&aacute;ntara\",\"description\":\"\",\"publisher\":{\"@id\":\"https:\\\/\\\/bellarosa.es\\\/en\\\/#organization\"},\"potentialAction\":[{\"@type\":\"SearchAction\",\"target\":{\"@type\":\"EntryPoint\",\"urlTemplate\":\"https:\\\/\\\/bellarosa.es\\\/en\\\/?s={search_term_string}\"},\"query-input\":{\"@type\":\"PropertyValueSpecification\",\"valueRequired\":true,\"valueName\":\"search_term_string\"}}],\"inLanguage\":\"en-US\"},{\"@type\":\"Organization\",\"@id\":\"https:\\\/\\\/bellarosa.es\\\/en\\\/#organization\",\"name\":\"Floristeria Bella Rosa\",\"url\":\"https:\\\/\\\/bellarosa.es\\\/en\\\/\",\"logo\":{\"@type\":\"ImageObject\",\"inLanguage\":\"en-US\",\"@id\":\"https:\\\/\\\/bellarosa.es\\\/en\\\/#\\\/schema\\\/logo\\\/image\\\/\",\"url\":\"\",\"contentUrl\":\"\",\"caption\":\"Floristeria Bella Rosa\"},\"image\":{\"@id\":\"https:\\\/\\\/bellarosa.es\\\/en\\\/#\\\/schema\\\/logo\\\/image\\\/\"}}]}<\/script>\n<!-- \/ Yoast SEO plugin. -->","yoast_head_json":{"title":"Algodon- Caja 100 Rosas Blancas - Florister&iacute;a en San Pedro Alc&aacute;ntara","robots":{"index":"noindex","follow":"follow"},"og_locale":"en_US","og_type":"article","og_title":"Algodon- Caja 100 Rosas Blancas - Florister&iacute;a en San Pedro Alc&aacute;ntara","og_description":"A la luz de la luna hab\u00eda flores y solo era un campo de algod\u00f3n.  \u2013 Matsuo Basho \u2013 Te presentamos nuestra exquisita caja Algod\u00f3n, compuesta por 100 rosas blancas cuidadosamente seleccionadas para expresar la belleza pura y atemporal. Cada rosa representa un s\u00edmbolo de amor, pureza y respeto, haciendo de esta caja el regalo perfecto para ocasiones especiales y momentos rom\u00e1nticos. La suavidad y delicadeza de las rosas blancas evocan la sensaci\u00f3n reconfortante del algod\u00f3n, creando un arreglo floral que enamorar\u00e1 a cualquiera. Ya sea para sorprender a esa persona especial, celebrar un aniversario o expresar un gesto sincero, dejar\u00e1 una impresi\u00f3n duradera en el coraz\u00f3n de quien lo reciba.\u00a0  Tenemos una gran variedad de ramos preciosos de rosas a buen precio. Con\u00f3celos aqu\u00ed.","og_url":"https:\/\/bellarosa.es\/en\/caja-algodon-100-rosas-blancas\/","og_site_name":"Florister&iacute;a en San Pedro Alc&aacute;ntara","article_modified_time":"2026-02-06T10:55:37+00:00","og_image":[{"width":1024,"height":1536,"url":"https:\/\/bellarosa.es\/wp-content\/uploads\/2023\/07\/C10D6158-FEB2-470D-8653-EA5DCFCC54BB.png","type":"image\/png"}],"twitter_card":"summary_large_image","twitter_misc":{"Est. reading time":"2 minutes"},"schema":{"@context":"https:\/\/schema.org","@graph":[{"@type":"WebPage","@id":"https:\/\/bellarosa.es\/en\/caja-algodon-100-rosas-blancas\/","url":"https:\/\/bellarosa.es\/en\/caja-algodon-100-rosas-blancas\/","name":"Algodon- Caja 100 Rosas Blancas - Florister&iacute;a en San Pedro Alc&aacute;ntara","isPartOf":{"@id":"https:\/\/bellarosa.es\/en\/#website"},"primaryImageOfPage":{"@id":"https:\/\/bellarosa.es\/en\/caja-algodon-100-rosas-blancas\/#primaryimage"},"image":{"@id":"https:\/\/bellarosa.es\/en\/caja-algodon-100-rosas-blancas\/#primaryimage"},"thumbnailUrl":"https:\/\/bellarosa.es\/wp-content\/uploads\/2023\/07\/C10D6158-FEB2-470D-8653-EA5DCFCC54BB.png","datePublished":"2023-07-14T11:02:11+00:00","dateModified":"2026-02-06T10:55:37+00:00","breadcrumb":{"@id":"https:\/\/bellarosa.es\/en\/caja-algodon-100-rosas-blancas\/#breadcrumb"},"inLanguage":"en-US","potentialAction":[{"@type":"ReadAction","target":["https:\/\/bellarosa.es\/en\/caja-algodon-100-rosas-blancas\/"]}]},{"@type":"ImageObject","inLanguage":"en-US","@id":"https:\/\/bellarosa.es\/en\/caja-algodon-100-rosas-blancas\/#primaryimage","url":"https:\/\/bellarosa.es\/wp-content\/uploads\/2023\/07\/C10D6158-FEB2-470D-8653-EA5DCFCC54BB.png","contentUrl":"https:\/\/bellarosa.es\/wp-content\/uploads\/2023\/07\/C10D6158-FEB2-470D-8653-EA5DCFCC54BB.png","width":1024,"height":1536},{"@type":"BreadcrumbList","@id":"https:\/\/bellarosa.es\/en\/caja-algodon-100-rosas-blancas\/#breadcrumb","itemListElement":[{"@type":"ListItem","position":1,"name":"Inicio","item":"https:\/\/bellarosa.es\/en\/"},{"@type":"ListItem","position":2,"name":"Shop","item":"https:\/\/bellarosa.es\/en\/shop\/"},{"@type":"ListItem","position":3,"name":"Algodon- Caja 100 Rosas Blancas"}]},{"@type":"WebSite","@id":"https:\/\/bellarosa.es\/en\/#website","url":"https:\/\/bellarosa.es\/en\/","name":"Florister&iacute;a en San Pedro Alc&aacute;ntara","description":"","publisher":{"@id":"https:\/\/bellarosa.es\/en\/#organization"},"potentialAction":[{"@type":"SearchAction","target":{"@type":"EntryPoint","urlTemplate":"https:\/\/bellarosa.es\/en\/?s={search_term_string}"},"query-input":{"@type":"PropertyValueSpecification","valueRequired":true,"valueName":"search_term_string"}}],"inLanguage":"en-US"},{"@type":"Organization","@id":"https:\/\/bellarosa.es\/en\/#organization","name":"Floristeria Bella Rosa","url":"https:\/\/bellarosa.es\/en\/","logo":{"@type":"ImageObject","inLanguage":"en-US","@id":"https:\/\/bellarosa.es\/en\/#\/schema\/logo\/image\/","url":"","contentUrl":"","caption":"Floristeria Bella Rosa"},"image":{"@id":"https:\/\/bellarosa.es\/en\/#\/schema\/logo\/image\/"}}]}},"_links":{"self":[{"href":"https:\/\/bellarosa.es\/en\/wp-json\/wp\/v2\/product\/4524","targetHints":{"allow":["GET"]}}],"collection":[{"href":"https:\/\/bellarosa.es\/en\/wp-json\/wp\/v2\/product"}],"about":[{"href":"https:\/\/bellarosa.es\/en\/wp-json\/wp\/v2\/types\/product"}],"replies":[{"embeddable":true,"href":"https:\/\/bellarosa.es\/en\/wp-json\/wp\/v2\/comments?post=4524"}],"wp:featuredmedia":[{"embeddable":true,"href":"https:\/\/bellarosa.es\/en\/wp-json\/wp\/v2\/media\/8553"}],"wp:attachment":[{"href":"https:\/\/bellarosa.es\/en\/wp-json\/wp\/v2\/media?parent=4524"}],"wp:term":[{"taxonomy":"product_brand","embeddable":true,"href":"https:\/\/bellarosa.es\/en\/wp-json\/wp\/v2\/product_brand?post=4524"},{"taxonomy":"product_cat","embeddable":true,"href":"https:\/\/bellarosa.es\/en\/wp-json\/wp\/v2\/product_cat?post=4524"},{"taxonomy":"product_tag","embeddable":true,"href":"https:\/\/bellarosa.es\/en\/wp-json\/wp\/v2\/product_tag?post=4524"}],"curies":[{"name":"wp","href":"https:\/\/api.w.org\/{rel}","templated":true}]}}