{"id":4305,"date":"2023-02-27T11:29:42","date_gmt":"2023-02-27T11:29:42","guid":{"rendered":"https:\/\/bellarosa.es\/?post_type=product&#038;p=4305"},"modified":"2026-04-10T10:57:38","modified_gmt":"2026-04-10T10:57:38","slug":"majestad-20-tulipanes-malva","status":"publish","type":"product","link":"https:\/\/bellarosa.es\/en\/majestad-20-tulipanes-malva\/","title":{"rendered":"Majestad &#8211; Ramo 50 tulipanes mixto blanco y rosado"},"content":{"rendered":"<h2><strong>Viste tu momento de Majestad y Elegancia<\/strong><\/h2>\n<p>Descubre la belleza y la elegancia de Majestad con nuestro impresionante ramo de 50 tulipanes blancos\u00a0 y rosados. Perfecto para celebrar ocasiones especiales o simplemente para alegrar el d\u00eda de alguien. No esperes m\u00e1s para hacer el d\u00eda de alguien una ocasi\u00f3n s\u00faper especial. \u00a1Haz tu pedido ahora y env\u00eda un mensaje de admiraci\u00f3n y cari\u00f1o con esta majestuosa creaci\u00f3n floral!<\/p>\n<p>El momento de entregar un ramo de flores a tu persona favorita es algo que no olvidar\u00e9is jam\u00e1s. Las flores son una forma incre\u00edble de mostrar agradecimiento, cari\u00f1o, apoyo y amor.\u00a0 Por ello desde <strong>Bella Rosa<\/strong>\u00a0nos esforzamos por crear los mejores ramos de flores, poniendo no solo nuestra experiencia y profesionalidad, sino nuestro cari\u00f1o y amor. Queremos que ese momento sea perfecto.<\/p>\n<h3>El significado de los tulipanes<\/h3>\n<p>Los tulipanes\u00a0 simbolizan el lujo, la dignidad y la nobleza. Las flores de este color o tonalidades transmiten un sentido de orgullo y respeto, representando la admiraci\u00f3n y el reconocimiento hacia alguien especial y \u00fanico. Regalar tulipanes es una forma elegante y muy especial de expresar gratitud y admiraci\u00f3n hacia una persona querida. Por eso decimos que son las flores para los reyes y reinas de nuestras vidas.<\/p>\n<h3>\u00bfCu\u00e1ndo regalar Majestad?<\/h3>\n<p>Los tulipanes son una flor muy vers\u00e1til, perfecta para much\u00edsimas ocasiones. Por su significado, es indicado para expresar admiraci\u00f3n, pero tambi\u00e9n puede regalarse en cumplea\u00f1os. \u00bfEs el blanco y rosado es su color favorito de tu persona especial? \u00bfO quiz\u00e1s le encantan los tulipanes? Pues no lo dudes m\u00e1s y sorpr\u00e9ndele con Majestad, te aseguramos que nunca lo olvidar\u00e1.<\/p>\n<p>Por supuesto, tambi\u00e9n es un regalo encantador para expresar amor y admiraci\u00f3n en d\u00edas especiales como el D\u00eda de la mujer, d\u00eda de la Madre o el D\u00eda de San Valent\u00edn. Rom\u00e1ntico pero muy dulce, deja que las flores embriaguen de aroma a tu persona favorita.<\/p>\n<h3>Flores a domicilio en la Costa del Sol<\/h3>\n<p>Recuerda que somos tu florister\u00eda de confianza en la\u00a0<strong>Costa del Sol<\/strong>. Hacemos repartos desde\u00a0<strong>Estepona<\/strong>\u00a0hasta\u00a0<strong>San Pedro<\/strong>\u00a0o\u00a0<strong>Marbella<\/strong>. Si deseas enviar\u00a0<strong>flores a domicilio<\/strong>\u00a0puedes contar con nuestra experiencia para que tus ramos lleguen en las mejores condiciones. Sorprende a tu persona favorita. Tambi\u00e9n puedes hacer uso de nuestro servicio de\u00a0<strong>tienda online<\/strong>.<\/p>\n<p>&nbsp;<\/p>\n<p>Recuerda que puedes encontrarnos en\u00a0<a href=\"https:\/\/www.facebook.com\/bellarosa.es\/\">Facebook<\/a>\u00a0e\u00a0<a href=\"https:\/\/www.instagram.com\/bellarosa_marbella\/\">Instagram<\/a>. \u00a1Te esperamos!<\/p>\n","protected":false},"excerpt":{"rendered":"<blockquote><p>La majestad y la grandeza no est\u00e1 en ser uno se\u00f1or, sino en que por tal te tengan.<\/p>\n<p>\u2013 Pedro Calder\u00f3n de la Barca \u2013<\/p><\/blockquote>\n<p>Los tulipanes son una flor hermosa y elegante, con una tonalidad \u00fanica entre blanco y rosado. Una flor digna de reyes y reinas, ya que simbolizan el lujo, la dignidad y la nobleza. En general, el color en las flores implica un gesto de admiraci\u00f3n a quien le regalamos, as\u00ed que ser\u00e1 ideal para numerosas ocasiones. El equipo de Bella Rosa selecciona uno a uno los tulipanes para hacerte llegar la mejores flores del mercado. <strong>Majestad<\/strong> est\u00e1 compuesto por:<\/p>\n<ul>\n<li>50 Tulipanes de color rosado y blanco<\/li>\n<\/ul>\n<p>Tenemos una amplia variedad de bell\u00edsimos ramos de flores a buen precio. Puedes verlos\u00a0<a href=\"https:\/\/bellarosa.es\/comprar\/flores-varias\/\">aqu\u00ed<\/a>.<\/p>\n","protected":false},"featured_media":8829,"comment_status":"open","ping_status":"closed","template":"","meta":[],"product_brand":[],"product_cat":[1149,159,1100],"product_tag":[],"class_list":{"0":"post-4305","1":"product","2":"type-product","3":"status-publish","4":"has-post-thumbnail","6":"product_cat-dia-de-la-madre","7":"product_cat-mothers-day","8":"product_cat-8-marzo-dia-de-la-mujer","10":"first","11":"instock","12":"shipping-taxable","13":"purchasable","14":"product-type-simple","15":"layout-style-1","16":"col-md-4 col-sm-4 col-xs-6","17":"col-lg-4","18":"product-style-default"},"yoast_head":"<!-- This site is optimized with the Yoast SEO plugin v27.4 - https:\/\/yoast.com\/product\/yoast-seo-wordpress\/ -->\n<title>Majestad - Ramo 50 tulipanes mixto blanco y rosado - Florister&iacute;a en San Pedro Alc&aacute;ntara<\/title>\n<meta name=\"robots\" content=\"index, follow, max-snippet:-1, max-image-preview:large, max-video-preview:-1\" \/>\n<link rel=\"canonical\" href=\"https:\/\/bellarosa.es\/en\/majestad-20-tulipanes-malva\/\" \/>\n<meta property=\"og:locale\" content=\"en_US\" \/>\n<meta property=\"og:type\" content=\"article\" \/>\n<meta property=\"og:title\" content=\"Majestad - Ramo 50 tulipanes mixto blanco y rosado - Florister&iacute;a en San Pedro Alc&aacute;ntara\" \/>\n<meta property=\"og:description\" content=\"La majestad y la grandeza no est\u00e1 en ser uno se\u00f1or, sino en que por tal te tengan.  \u2013 Pedro Calder\u00f3n de la Barca \u2013 Los tulipanes son una flor hermosa y elegante, con una tonalidad \u00fanica entre blanco y rosado. Una flor digna de reyes y reinas, ya que simbolizan el lujo, la dignidad y la nobleza. En general, el color en las flores implica un gesto de admiraci\u00f3n a quien le regalamos, as\u00ed que ser\u00e1 ideal para numerosas ocasiones. El equipo de Bella Rosa selecciona uno a uno los tulipanes para hacerte llegar la mejores flores del mercado. Majestad est\u00e1 compuesto por:   50 Tulipanes de color rosado y blanco  Tenemos una amplia variedad de bell\u00edsimos ramos de flores a buen precio. Puedes verlos\u00a0aqu\u00ed.\" \/>\n<meta property=\"og:url\" content=\"https:\/\/bellarosa.es\/en\/majestad-20-tulipanes-malva\/\" \/>\n<meta property=\"og:site_name\" content=\"Florister&iacute;a en San Pedro Alc&aacute;ntara\" \/>\n<meta property=\"article:modified_time\" content=\"2026-04-10T10:57:38+00:00\" \/>\n<meta property=\"og:image\" content=\"https:\/\/bellarosa.es\/wp-content\/uploads\/2023\/02\/285BE3EB-C629-4F80-A85F-ABDBCBC5E6B5.png\" \/>\n\t<meta property=\"og:image:width\" content=\"640\" \/>\n\t<meta property=\"og:image:height\" content=\"960\" \/>\n\t<meta property=\"og:image:type\" content=\"image\/png\" \/>\n<meta name=\"twitter:card\" content=\"summary_large_image\" \/>\n<meta name=\"twitter:label1\" content=\"Est. reading time\" \/>\n\t<meta name=\"twitter:data1\" content=\"2 minutes\" \/>\n<script type=\"application\/ld+json\" class=\"yoast-schema-graph\">{\"@context\":\"https:\\\/\\\/schema.org\",\"@graph\":[{\"@type\":\"WebPage\",\"@id\":\"https:\\\/\\\/bellarosa.es\\\/en\\\/majestad-20-tulipanes-malva\\\/\",\"url\":\"https:\\\/\\\/bellarosa.es\\\/en\\\/majestad-20-tulipanes-malva\\\/\",\"name\":\"Majestad - Ramo 50 tulipanes mixto blanco y rosado - Florister&iacute;a en San Pedro Alc&aacute;ntara\",\"isPartOf\":{\"@id\":\"https:\\\/\\\/bellarosa.es\\\/en\\\/#website\"},\"primaryImageOfPage\":{\"@id\":\"https:\\\/\\\/bellarosa.es\\\/en\\\/majestad-20-tulipanes-malva\\\/#primaryimage\"},\"image\":{\"@id\":\"https:\\\/\\\/bellarosa.es\\\/en\\\/majestad-20-tulipanes-malva\\\/#primaryimage\"},\"thumbnailUrl\":\"https:\\\/\\\/bellarosa.es\\\/wp-content\\\/uploads\\\/2023\\\/02\\\/285BE3EB-C629-4F80-A85F-ABDBCBC5E6B5.png\",\"datePublished\":\"2023-02-27T11:29:42+00:00\",\"dateModified\":\"2026-04-10T10:57:38+00:00\",\"breadcrumb\":{\"@id\":\"https:\\\/\\\/bellarosa.es\\\/en\\\/majestad-20-tulipanes-malva\\\/#breadcrumb\"},\"inLanguage\":\"en-US\",\"potentialAction\":[{\"@type\":\"ReadAction\",\"target\":[\"https:\\\/\\\/bellarosa.es\\\/en\\\/majestad-20-tulipanes-malva\\\/\"]}]},{\"@type\":\"ImageObject\",\"inLanguage\":\"en-US\",\"@id\":\"https:\\\/\\\/bellarosa.es\\\/en\\\/majestad-20-tulipanes-malva\\\/#primaryimage\",\"url\":\"https:\\\/\\\/bellarosa.es\\\/wp-content\\\/uploads\\\/2023\\\/02\\\/285BE3EB-C629-4F80-A85F-ABDBCBC5E6B5.png\",\"contentUrl\":\"https:\\\/\\\/bellarosa.es\\\/wp-content\\\/uploads\\\/2023\\\/02\\\/285BE3EB-C629-4F80-A85F-ABDBCBC5E6B5.png\",\"width\":1024,\"height\":1536},{\"@type\":\"BreadcrumbList\",\"@id\":\"https:\\\/\\\/bellarosa.es\\\/en\\\/majestad-20-tulipanes-malva\\\/#breadcrumb\",\"itemListElement\":[{\"@type\":\"ListItem\",\"position\":1,\"name\":\"Inicio\",\"item\":\"https:\\\/\\\/bellarosa.es\\\/en\\\/\"},{\"@type\":\"ListItem\",\"position\":2,\"name\":\"Shop\",\"item\":\"https:\\\/\\\/bellarosa.es\\\/en\\\/shop\\\/\"},{\"@type\":\"ListItem\",\"position\":3,\"name\":\"Majestad &#8211; Ramo 50 tulipanes mixto blanco y rosado\"}]},{\"@type\":\"WebSite\",\"@id\":\"https:\\\/\\\/bellarosa.es\\\/en\\\/#website\",\"url\":\"https:\\\/\\\/bellarosa.es\\\/en\\\/\",\"name\":\"Florister&iacute;a en San Pedro Alc&aacute;ntara\",\"description\":\"\",\"publisher\":{\"@id\":\"https:\\\/\\\/bellarosa.es\\\/en\\\/#organization\"},\"potentialAction\":[{\"@type\":\"SearchAction\",\"target\":{\"@type\":\"EntryPoint\",\"urlTemplate\":\"https:\\\/\\\/bellarosa.es\\\/en\\\/?s={search_term_string}\"},\"query-input\":{\"@type\":\"PropertyValueSpecification\",\"valueRequired\":true,\"valueName\":\"search_term_string\"}}],\"inLanguage\":\"en-US\"},{\"@type\":\"Organization\",\"@id\":\"https:\\\/\\\/bellarosa.es\\\/en\\\/#organization\",\"name\":\"Floristeria Bella Rosa\",\"url\":\"https:\\\/\\\/bellarosa.es\\\/en\\\/\",\"logo\":{\"@type\":\"ImageObject\",\"inLanguage\":\"en-US\",\"@id\":\"https:\\\/\\\/bellarosa.es\\\/en\\\/#\\\/schema\\\/logo\\\/image\\\/\",\"url\":\"\",\"contentUrl\":\"\",\"caption\":\"Floristeria Bella Rosa\"},\"image\":{\"@id\":\"https:\\\/\\\/bellarosa.es\\\/en\\\/#\\\/schema\\\/logo\\\/image\\\/\"}}]}<\/script>\n<!-- \/ Yoast SEO plugin. -->","yoast_head_json":{"title":"Majestad - Ramo 50 tulipanes mixto blanco y rosado - Florister&iacute;a en San Pedro Alc&aacute;ntara","robots":{"index":"index","follow":"follow","max-snippet":"max-snippet:-1","max-image-preview":"max-image-preview:large","max-video-preview":"max-video-preview:-1"},"canonical":"https:\/\/bellarosa.es\/en\/majestad-20-tulipanes-malva\/","og_locale":"en_US","og_type":"article","og_title":"Majestad - Ramo 50 tulipanes mixto blanco y rosado - Florister&iacute;a en San Pedro Alc&aacute;ntara","og_description":"La majestad y la grandeza no est\u00e1 en ser uno se\u00f1or, sino en que por tal te tengan.  \u2013 Pedro Calder\u00f3n de la Barca \u2013 Los tulipanes son una flor hermosa y elegante, con una tonalidad \u00fanica entre blanco y rosado. Una flor digna de reyes y reinas, ya que simbolizan el lujo, la dignidad y la nobleza. En general, el color en las flores implica un gesto de admiraci\u00f3n a quien le regalamos, as\u00ed que ser\u00e1 ideal para numerosas ocasiones. El equipo de Bella Rosa selecciona uno a uno los tulipanes para hacerte llegar la mejores flores del mercado. Majestad est\u00e1 compuesto por:   50 Tulipanes de color rosado y blanco  Tenemos una amplia variedad de bell\u00edsimos ramos de flores a buen precio. Puedes verlos\u00a0aqu\u00ed.","og_url":"https:\/\/bellarosa.es\/en\/majestad-20-tulipanes-malva\/","og_site_name":"Florister&iacute;a en San Pedro Alc&aacute;ntara","article_modified_time":"2026-04-10T10:57:38+00:00","og_image":[{"url":"https:\/\/bellarosa.es\/wp-content\/uploads\/2023\/02\/285BE3EB-C629-4F80-A85F-ABDBCBC5E6B5.png","width":640,"height":960,"type":"image\/png"}],"twitter_card":"summary_large_image","twitter_misc":{"Est. reading time":"2 minutes"},"schema":{"@context":"https:\/\/schema.org","@graph":[{"@type":"WebPage","@id":"https:\/\/bellarosa.es\/en\/majestad-20-tulipanes-malva\/","url":"https:\/\/bellarosa.es\/en\/majestad-20-tulipanes-malva\/","name":"Majestad - Ramo 50 tulipanes mixto blanco y rosado - Florister&iacute;a en San Pedro Alc&aacute;ntara","isPartOf":{"@id":"https:\/\/bellarosa.es\/en\/#website"},"primaryImageOfPage":{"@id":"https:\/\/bellarosa.es\/en\/majestad-20-tulipanes-malva\/#primaryimage"},"image":{"@id":"https:\/\/bellarosa.es\/en\/majestad-20-tulipanes-malva\/#primaryimage"},"thumbnailUrl":"https:\/\/bellarosa.es\/wp-content\/uploads\/2023\/02\/285BE3EB-C629-4F80-A85F-ABDBCBC5E6B5.png","datePublished":"2023-02-27T11:29:42+00:00","dateModified":"2026-04-10T10:57:38+00:00","breadcrumb":{"@id":"https:\/\/bellarosa.es\/en\/majestad-20-tulipanes-malva\/#breadcrumb"},"inLanguage":"en-US","potentialAction":[{"@type":"ReadAction","target":["https:\/\/bellarosa.es\/en\/majestad-20-tulipanes-malva\/"]}]},{"@type":"ImageObject","inLanguage":"en-US","@id":"https:\/\/bellarosa.es\/en\/majestad-20-tulipanes-malva\/#primaryimage","url":"https:\/\/bellarosa.es\/wp-content\/uploads\/2023\/02\/285BE3EB-C629-4F80-A85F-ABDBCBC5E6B5.png","contentUrl":"https:\/\/bellarosa.es\/wp-content\/uploads\/2023\/02\/285BE3EB-C629-4F80-A85F-ABDBCBC5E6B5.png","width":1024,"height":1536},{"@type":"BreadcrumbList","@id":"https:\/\/bellarosa.es\/en\/majestad-20-tulipanes-malva\/#breadcrumb","itemListElement":[{"@type":"ListItem","position":1,"name":"Inicio","item":"https:\/\/bellarosa.es\/en\/"},{"@type":"ListItem","position":2,"name":"Shop","item":"https:\/\/bellarosa.es\/en\/shop\/"},{"@type":"ListItem","position":3,"name":"Majestad &#8211; Ramo 50 tulipanes mixto blanco y rosado"}]},{"@type":"WebSite","@id":"https:\/\/bellarosa.es\/en\/#website","url":"https:\/\/bellarosa.es\/en\/","name":"Florister&iacute;a en San Pedro Alc&aacute;ntara","description":"","publisher":{"@id":"https:\/\/bellarosa.es\/en\/#organization"},"potentialAction":[{"@type":"SearchAction","target":{"@type":"EntryPoint","urlTemplate":"https:\/\/bellarosa.es\/en\/?s={search_term_string}"},"query-input":{"@type":"PropertyValueSpecification","valueRequired":true,"valueName":"search_term_string"}}],"inLanguage":"en-US"},{"@type":"Organization","@id":"https:\/\/bellarosa.es\/en\/#organization","name":"Floristeria Bella Rosa","url":"https:\/\/bellarosa.es\/en\/","logo":{"@type":"ImageObject","inLanguage":"en-US","@id":"https:\/\/bellarosa.es\/en\/#\/schema\/logo\/image\/","url":"","contentUrl":"","caption":"Floristeria Bella Rosa"},"image":{"@id":"https:\/\/bellarosa.es\/en\/#\/schema\/logo\/image\/"}}]}},"_links":{"self":[{"href":"https:\/\/bellarosa.es\/en\/wp-json\/wp\/v2\/product\/4305","targetHints":{"allow":["GET"]}}],"collection":[{"href":"https:\/\/bellarosa.es\/en\/wp-json\/wp\/v2\/product"}],"about":[{"href":"https:\/\/bellarosa.es\/en\/wp-json\/wp\/v2\/types\/product"}],"replies":[{"embeddable":true,"href":"https:\/\/bellarosa.es\/en\/wp-json\/wp\/v2\/comments?post=4305"}],"wp:featuredmedia":[{"embeddable":true,"href":"https:\/\/bellarosa.es\/en\/wp-json\/wp\/v2\/media\/8829"}],"wp:attachment":[{"href":"https:\/\/bellarosa.es\/en\/wp-json\/wp\/v2\/media?parent=4305"}],"wp:term":[{"taxonomy":"product_brand","embeddable":true,"href":"https:\/\/bellarosa.es\/en\/wp-json\/wp\/v2\/product_brand?post=4305"},{"taxonomy":"product_cat","embeddable":true,"href":"https:\/\/bellarosa.es\/en\/wp-json\/wp\/v2\/product_cat?post=4305"},{"taxonomy":"product_tag","embeddable":true,"href":"https:\/\/bellarosa.es\/en\/wp-json\/wp\/v2\/product_tag?post=4305"}],"curies":[{"name":"wp","href":"https:\/\/api.w.org\/{rel}","templated":true}]}}