{"id":4179,"date":"2023-01-18T12:28:47","date_gmt":"2023-01-18T12:28:47","guid":{"rendered":"https:\/\/bellarosa.es\/?post_type=product&#038;p=4179"},"modified":"2026-02-24T10:59:04","modified_gmt":"2026-02-24T10:59:04","slug":"tarjeta-deseo-que-te-guste","status":"publish","type":"product","link":"https:\/\/bellarosa.es\/en\/tarjeta-deseo-que-te-guste\/","title":{"rendered":"Tarjeta Deseo que te guste"},"content":{"rendered":"<h2>Complementa con una bonita tarjeta<\/h2>\n<p>Para darle el toque final a tu regalo, te recomendamos incluir una tarjeta. Siempre es una forma m\u00e1s personal de hacer un regalo, \u00a1podr\u00e1s escribir lo que quieras! Incluso te dejamos un blog donde ponemos frases de inspiraci\u00f3n por si las necesitas, puedes verlas <a href=\"https:\/\/bellarosa.es\/frases-de-inspiracion-para-dedicar-a-tu-persona-favorita\/\">aqu\u00ed<\/a>.<\/p>\n<h3>Flores a domicilio en la Costa del Sol<\/h3>\n<p>Recuerda que somos tu florister\u00eda de confianza en la\u00a0<strong>Costa del Sol<\/strong>. Hacemos repartos desde\u00a0<strong>Estepona<\/strong>\u00a0hasta\u00a0<strong>San Pedro<\/strong>\u00a0o\u00a0<strong>Marbella<\/strong>. Si deseas enviar\u00a0<strong>flores a domicilio<\/strong>\u00a0puedes contar con nuestra experiencia para que tus ramos lleguen en las mejores condiciones. Sorprende a tu persona favorita. Tambi\u00e9n puedes hacer uso de nuestro servicio de\u00a0<strong>tienda online<\/strong>.<\/p>\n<p>&nbsp;<\/p>\n<p>Recuerda que puedes encontrarnos en\u00a0<a href=\"https:\/\/www.facebook.com\/bellarosa.es\/\">Facebook<\/a>\u00a0e\u00a0<a href=\"https:\/\/www.instagram.com\/bellarosa_marbella\/\">Instagram<\/a>. \u00a1Te esperamos!<\/p>\n","protected":false},"excerpt":{"rendered":"<p>A\u00f1ade el toque final que tu regalo necesita. Alegra a\u00fan m\u00e1s a tu persona favorita con un bonito mensaje en esta tarjeta. \u00a1Podr\u00e1s escribirle lo que quieras! Podemos ayudarte si necesitas inspiraci\u00f3n, cuenta con nosotros.<\/p>\n<p>Recuerda que tenemos una gran variedad de flores y ramos de ensue\u00f1o, te recomendamos verlos <a href=\"https:\/\/bellarosa.es\/\">aqu\u00ed<\/a>.<\/p>\n","protected":false},"featured_media":8579,"comment_status":"open","ping_status":"closed","template":"","meta":[],"product_brand":[],"product_cat":[155,1100],"product_tag":[],"class_list":{"0":"post-4179","1":"product","2":"type-product","3":"status-publish","4":"has-post-thumbnail","6":"product_cat-accesorios","7":"product_cat-8-marzo-dia-de-la-mujer","9":"first","10":"instock","11":"shipping-taxable","12":"purchasable","13":"product-type-simple","14":"layout-style-1","15":"col-md-4 col-sm-4 col-xs-6","16":"col-lg-4","17":"product-style-default"},"yoast_head":"<!-- This site is optimized with the Yoast SEO plugin v27.4 - https:\/\/yoast.com\/product\/yoast-seo-wordpress\/ -->\n<title>Tarjeta Deseo que te guste - Florister&iacute;a en San Pedro Alc&aacute;ntara<\/title>\n<meta name=\"robots\" content=\"index, follow, max-snippet:-1, max-image-preview:large, max-video-preview:-1\" \/>\n<link rel=\"canonical\" href=\"https:\/\/bellarosa.es\/en\/tarjeta-deseo-que-te-guste\/\" \/>\n<meta property=\"og:locale\" content=\"en_US\" \/>\n<meta property=\"og:type\" content=\"article\" \/>\n<meta property=\"og:title\" content=\"Tarjeta Deseo que te guste - Florister&iacute;a en San Pedro Alc&aacute;ntara\" \/>\n<meta property=\"og:description\" content=\"A\u00f1ade el toque final que tu regalo necesita. Alegra a\u00fan m\u00e1s a tu persona favorita con un bonito mensaje en esta tarjeta. \u00a1Podr\u00e1s escribirle lo que quieras! Podemos ayudarte si necesitas inspiraci\u00f3n, cuenta con nosotros.  Recuerda que tenemos una gran variedad de flores y ramos de ensue\u00f1o, te recomendamos verlos aqu\u00ed.\" \/>\n<meta property=\"og:url\" content=\"https:\/\/bellarosa.es\/en\/tarjeta-deseo-que-te-guste\/\" \/>\n<meta property=\"og:site_name\" content=\"Florister&iacute;a en San Pedro Alc&aacute;ntara\" \/>\n<meta property=\"article:modified_time\" content=\"2026-02-24T10:59:04+00:00\" \/>\n<meta property=\"og:image\" content=\"https:\/\/bellarosa.es\/wp-content\/uploads\/2023\/01\/171FE115-B927-4F4D-8698-AE4D8E8C8C09.png\" \/>\n\t<meta property=\"og:image:width\" content=\"1024\" \/>\n\t<meta property=\"og:image:height\" content=\"1536\" \/>\n\t<meta property=\"og:image:type\" content=\"image\/png\" \/>\n<meta name=\"twitter:card\" content=\"summary_large_image\" \/>\n<meta name=\"twitter:label1\" content=\"Est. reading time\" \/>\n\t<meta name=\"twitter:data1\" content=\"1 minute\" \/>\n<script type=\"application\/ld+json\" class=\"yoast-schema-graph\">{\"@context\":\"https:\\\/\\\/schema.org\",\"@graph\":[{\"@type\":\"WebPage\",\"@id\":\"https:\\\/\\\/bellarosa.es\\\/en\\\/tarjeta-deseo-que-te-guste\\\/\",\"url\":\"https:\\\/\\\/bellarosa.es\\\/en\\\/tarjeta-deseo-que-te-guste\\\/\",\"name\":\"Tarjeta Deseo que te guste - Florister&iacute;a en San Pedro Alc&aacute;ntara\",\"isPartOf\":{\"@id\":\"https:\\\/\\\/bellarosa.es\\\/en\\\/#website\"},\"primaryImageOfPage\":{\"@id\":\"https:\\\/\\\/bellarosa.es\\\/en\\\/tarjeta-deseo-que-te-guste\\\/#primaryimage\"},\"image\":{\"@id\":\"https:\\\/\\\/bellarosa.es\\\/en\\\/tarjeta-deseo-que-te-guste\\\/#primaryimage\"},\"thumbnailUrl\":\"https:\\\/\\\/bellarosa.es\\\/wp-content\\\/uploads\\\/2023\\\/01\\\/171FE115-B927-4F4D-8698-AE4D8E8C8C09.png\",\"datePublished\":\"2023-01-18T12:28:47+00:00\",\"dateModified\":\"2026-02-24T10:59:04+00:00\",\"breadcrumb\":{\"@id\":\"https:\\\/\\\/bellarosa.es\\\/en\\\/tarjeta-deseo-que-te-guste\\\/#breadcrumb\"},\"inLanguage\":\"en-US\",\"potentialAction\":[{\"@type\":\"ReadAction\",\"target\":[\"https:\\\/\\\/bellarosa.es\\\/en\\\/tarjeta-deseo-que-te-guste\\\/\"]}]},{\"@type\":\"ImageObject\",\"inLanguage\":\"en-US\",\"@id\":\"https:\\\/\\\/bellarosa.es\\\/en\\\/tarjeta-deseo-que-te-guste\\\/#primaryimage\",\"url\":\"https:\\\/\\\/bellarosa.es\\\/wp-content\\\/uploads\\\/2023\\\/01\\\/171FE115-B927-4F4D-8698-AE4D8E8C8C09.png\",\"contentUrl\":\"https:\\\/\\\/bellarosa.es\\\/wp-content\\\/uploads\\\/2023\\\/01\\\/171FE115-B927-4F4D-8698-AE4D8E8C8C09.png\",\"width\":1024,\"height\":1536},{\"@type\":\"BreadcrumbList\",\"@id\":\"https:\\\/\\\/bellarosa.es\\\/en\\\/tarjeta-deseo-que-te-guste\\\/#breadcrumb\",\"itemListElement\":[{\"@type\":\"ListItem\",\"position\":1,\"name\":\"Inicio\",\"item\":\"https:\\\/\\\/bellarosa.es\\\/en\\\/\"},{\"@type\":\"ListItem\",\"position\":2,\"name\":\"Shop\",\"item\":\"https:\\\/\\\/bellarosa.es\\\/en\\\/shop\\\/\"},{\"@type\":\"ListItem\",\"position\":3,\"name\":\"Tarjeta Deseo que te guste\"}]},{\"@type\":\"WebSite\",\"@id\":\"https:\\\/\\\/bellarosa.es\\\/en\\\/#website\",\"url\":\"https:\\\/\\\/bellarosa.es\\\/en\\\/\",\"name\":\"Florister&iacute;a en San Pedro Alc&aacute;ntara\",\"description\":\"\",\"publisher\":{\"@id\":\"https:\\\/\\\/bellarosa.es\\\/en\\\/#organization\"},\"potentialAction\":[{\"@type\":\"SearchAction\",\"target\":{\"@type\":\"EntryPoint\",\"urlTemplate\":\"https:\\\/\\\/bellarosa.es\\\/en\\\/?s={search_term_string}\"},\"query-input\":{\"@type\":\"PropertyValueSpecification\",\"valueRequired\":true,\"valueName\":\"search_term_string\"}}],\"inLanguage\":\"en-US\"},{\"@type\":\"Organization\",\"@id\":\"https:\\\/\\\/bellarosa.es\\\/en\\\/#organization\",\"name\":\"Floristeria Bella Rosa\",\"url\":\"https:\\\/\\\/bellarosa.es\\\/en\\\/\",\"logo\":{\"@type\":\"ImageObject\",\"inLanguage\":\"en-US\",\"@id\":\"https:\\\/\\\/bellarosa.es\\\/en\\\/#\\\/schema\\\/logo\\\/image\\\/\",\"url\":\"\",\"contentUrl\":\"\",\"caption\":\"Floristeria Bella Rosa\"},\"image\":{\"@id\":\"https:\\\/\\\/bellarosa.es\\\/en\\\/#\\\/schema\\\/logo\\\/image\\\/\"}}]}<\/script>\n<!-- \/ Yoast SEO plugin. -->","yoast_head_json":{"title":"Tarjeta Deseo que te guste - Florister&iacute;a en San Pedro Alc&aacute;ntara","robots":{"index":"index","follow":"follow","max-snippet":"max-snippet:-1","max-image-preview":"max-image-preview:large","max-video-preview":"max-video-preview:-1"},"canonical":"https:\/\/bellarosa.es\/en\/tarjeta-deseo-que-te-guste\/","og_locale":"en_US","og_type":"article","og_title":"Tarjeta Deseo que te guste - Florister&iacute;a en San Pedro Alc&aacute;ntara","og_description":"A\u00f1ade el toque final que tu regalo necesita. Alegra a\u00fan m\u00e1s a tu persona favorita con un bonito mensaje en esta tarjeta. \u00a1Podr\u00e1s escribirle lo que quieras! Podemos ayudarte si necesitas inspiraci\u00f3n, cuenta con nosotros.  Recuerda que tenemos una gran variedad de flores y ramos de ensue\u00f1o, te recomendamos verlos aqu\u00ed.","og_url":"https:\/\/bellarosa.es\/en\/tarjeta-deseo-que-te-guste\/","og_site_name":"Florister&iacute;a en San Pedro Alc&aacute;ntara","article_modified_time":"2026-02-24T10:59:04+00:00","og_image":[{"width":1024,"height":1536,"url":"https:\/\/bellarosa.es\/wp-content\/uploads\/2023\/01\/171FE115-B927-4F4D-8698-AE4D8E8C8C09.png","type":"image\/png"}],"twitter_card":"summary_large_image","twitter_misc":{"Est. reading time":"1 minute"},"schema":{"@context":"https:\/\/schema.org","@graph":[{"@type":"WebPage","@id":"https:\/\/bellarosa.es\/en\/tarjeta-deseo-que-te-guste\/","url":"https:\/\/bellarosa.es\/en\/tarjeta-deseo-que-te-guste\/","name":"Tarjeta Deseo que te guste - Florister&iacute;a en San Pedro Alc&aacute;ntara","isPartOf":{"@id":"https:\/\/bellarosa.es\/en\/#website"},"primaryImageOfPage":{"@id":"https:\/\/bellarosa.es\/en\/tarjeta-deseo-que-te-guste\/#primaryimage"},"image":{"@id":"https:\/\/bellarosa.es\/en\/tarjeta-deseo-que-te-guste\/#primaryimage"},"thumbnailUrl":"https:\/\/bellarosa.es\/wp-content\/uploads\/2023\/01\/171FE115-B927-4F4D-8698-AE4D8E8C8C09.png","datePublished":"2023-01-18T12:28:47+00:00","dateModified":"2026-02-24T10:59:04+00:00","breadcrumb":{"@id":"https:\/\/bellarosa.es\/en\/tarjeta-deseo-que-te-guste\/#breadcrumb"},"inLanguage":"en-US","potentialAction":[{"@type":"ReadAction","target":["https:\/\/bellarosa.es\/en\/tarjeta-deseo-que-te-guste\/"]}]},{"@type":"ImageObject","inLanguage":"en-US","@id":"https:\/\/bellarosa.es\/en\/tarjeta-deseo-que-te-guste\/#primaryimage","url":"https:\/\/bellarosa.es\/wp-content\/uploads\/2023\/01\/171FE115-B927-4F4D-8698-AE4D8E8C8C09.png","contentUrl":"https:\/\/bellarosa.es\/wp-content\/uploads\/2023\/01\/171FE115-B927-4F4D-8698-AE4D8E8C8C09.png","width":1024,"height":1536},{"@type":"BreadcrumbList","@id":"https:\/\/bellarosa.es\/en\/tarjeta-deseo-que-te-guste\/#breadcrumb","itemListElement":[{"@type":"ListItem","position":1,"name":"Inicio","item":"https:\/\/bellarosa.es\/en\/"},{"@type":"ListItem","position":2,"name":"Shop","item":"https:\/\/bellarosa.es\/en\/shop\/"},{"@type":"ListItem","position":3,"name":"Tarjeta Deseo que te guste"}]},{"@type":"WebSite","@id":"https:\/\/bellarosa.es\/en\/#website","url":"https:\/\/bellarosa.es\/en\/","name":"Florister&iacute;a en San Pedro Alc&aacute;ntara","description":"","publisher":{"@id":"https:\/\/bellarosa.es\/en\/#organization"},"potentialAction":[{"@type":"SearchAction","target":{"@type":"EntryPoint","urlTemplate":"https:\/\/bellarosa.es\/en\/?s={search_term_string}"},"query-input":{"@type":"PropertyValueSpecification","valueRequired":true,"valueName":"search_term_string"}}],"inLanguage":"en-US"},{"@type":"Organization","@id":"https:\/\/bellarosa.es\/en\/#organization","name":"Floristeria Bella Rosa","url":"https:\/\/bellarosa.es\/en\/","logo":{"@type":"ImageObject","inLanguage":"en-US","@id":"https:\/\/bellarosa.es\/en\/#\/schema\/logo\/image\/","url":"","contentUrl":"","caption":"Floristeria Bella Rosa"},"image":{"@id":"https:\/\/bellarosa.es\/en\/#\/schema\/logo\/image\/"}}]}},"_links":{"self":[{"href":"https:\/\/bellarosa.es\/en\/wp-json\/wp\/v2\/product\/4179","targetHints":{"allow":["GET"]}}],"collection":[{"href":"https:\/\/bellarosa.es\/en\/wp-json\/wp\/v2\/product"}],"about":[{"href":"https:\/\/bellarosa.es\/en\/wp-json\/wp\/v2\/types\/product"}],"replies":[{"embeddable":true,"href":"https:\/\/bellarosa.es\/en\/wp-json\/wp\/v2\/comments?post=4179"}],"wp:featuredmedia":[{"embeddable":true,"href":"https:\/\/bellarosa.es\/en\/wp-json\/wp\/v2\/media\/8579"}],"wp:attachment":[{"href":"https:\/\/bellarosa.es\/en\/wp-json\/wp\/v2\/media?parent=4179"}],"wp:term":[{"taxonomy":"product_brand","embeddable":true,"href":"https:\/\/bellarosa.es\/en\/wp-json\/wp\/v2\/product_brand?post=4179"},{"taxonomy":"product_cat","embeddable":true,"href":"https:\/\/bellarosa.es\/en\/wp-json\/wp\/v2\/product_cat?post=4179"},{"taxonomy":"product_tag","embeddable":true,"href":"https:\/\/bellarosa.es\/en\/wp-json\/wp\/v2\/product_tag?post=4179"}],"curies":[{"name":"wp","href":"https:\/\/api.w.org\/{rel}","templated":true}]}}