{"id":4159,"date":"2023-01-16T12:04:30","date_gmt":"2023-01-16T12:04:30","guid":{"rendered":"https:\/\/bellarosa.es\/?post_type=product&#038;p=4159"},"modified":"2026-04-10T10:58:44","modified_gmt":"2026-04-10T10:58:44","slug":"genesis-rosa-roja-lisianthus-morado","status":"publish","type":"product","link":"https:\/\/bellarosa.es\/en\/genesis-rosa-roja-lisianthus-morado\/","title":{"rendered":"G\u00e9nesis &#8211; Rosa roja, spray rosada y rosas blancas"},"content":{"rendered":"<h2><strong>Este es nuestro g\u00e9nesis, el comienzo de algo especial<\/strong><\/h2>\n<p>Seg\u00fan la RAE, el g\u00e9nesis se define como \/Origen o principio de una cosa\/. Y los comienzos son una cosa m\u00e1gica. As\u00ed que para aquellos que comenz\u00e1is una aventura de amor o amistad, y para todos los que quer\u00e9is celebrar con alguien especial, hemos preparado este ramo de rosas rojas, al que complementamos con flores moradas y verdes varios. Te contamos el significado de las flores que conforman este bonito ramo.<\/p>\n<h3>Rosas rojas con toques rosados y blanco<\/h3>\n<p>Las <strong>rosas rojas<\/strong> son consideradas el s\u00edmbolo universal del amor y la pasi\u00f3n. El color rojo es asociado con el amor apasionado y el deseo, y las rosas rojas son el s\u00edmbolo perfecto para expresar amor rom\u00e1ntico y apasionado. Adem\u00e1s, tambi\u00e9n pueden simbolizar la gratitud y el respeto. Es com\u00fan en muchos pa\u00edses regalar rosas rojas a alguien como forma de agradecimiento y respeto.<\/p>\n<p>las rosas\u00a0 rosada simbolizan la admiraci\u00f3n y aprecio. Es un detalle perfecto para expresar gratitud y reconocimiento hacia alguien por su bondad o apoyo. Tambi\u00e9n demuestran Ternura y cari\u00f1o, est\u00e1n asociada con sentimientos de ternura y afecto. Las rosas rosadas pueden ser un regalo ideal para familiares, amigos o seres queridos cercanos. Regalar una rosa rosada tambi\u00e9n es una forma de mostrar agradecimiento, ya que se vincula con la gratitud y el aprecio por alguien especial en tu vida.<\/p>\n<p>Las rosas blancas son cl\u00e1sicas y est\u00e1n asociadas con la pureza y la inocencia. Son ideales para momentos como bodas, donde simbolizan un amor puro y sincero. Tambi\u00e9n representan respeto y admiraci\u00f3n profunda, lo que las hace una opci\u00f3n apropiada para rendir homenaje o expresar reverencia hacia alguien.\u00a0Las rosas blancas son s\u00edmbolo de nuevos comienzos y transiciones, como en las bodas o en la celebraci\u00f3n de nuevas etapas de vida.<\/p>\n<h3>Flores a domicilio en la Costa del Sol<\/h3>\n<p>Recuerda que somos tu florister\u00eda de confianza en la\u00a0<strong>Costa del Sol<\/strong>. Hacemos repartos desde\u00a0<strong>Estepona<\/strong>\u00a0hasta\u00a0<strong>San Pedro<\/strong>\u00a0o\u00a0<strong>Marbella<\/strong>. Si deseas enviar\u00a0<strong>flores a domicilio<\/strong>\u00a0puedes contar con nuestra experiencia para que tus ramos lleguen en las mejores condiciones. Sorprende a tu persona favorita. Tambi\u00e9n puedes hacer uso de nuestro servicio de\u00a0<strong>tienda online<\/strong>.<\/p>\n<p>&nbsp;<\/p>\n<p>Recuerda que puedes encontrarnos en\u00a0<a href=\"https:\/\/www.facebook.com\/bellarosa.es\/\">Facebook<\/a>\u00a0e\u00a0<a href=\"https:\/\/www.instagram.com\/bellarosa_marbella\/\">Instagram<\/a>. \u00a1Te esperamos!<\/p>\n","protected":false},"excerpt":{"rendered":"<p>&nbsp;<\/p>\n<blockquote><p>El g\u00e9nesis es el comienzo de algo nuevo.<\/p>\n<p>\u2013 Bella Rosa \u2013<\/p><\/blockquote>\n<p>Un ramo de rosas es un cl\u00e1sico que nunca falla, en este ramo hemos incluido spray roses rosadas y blanca consiguiendo un ramo elegante, sofisticado y rom\u00e1ntico. Preparado por nuestro equipo de florista, llegar\u00e1 perfecto a las manos de quien t\u00fa elijas. <strong>G\u00e9nesis<\/strong> est\u00e1 compuesto po\u00a0Rosas rojas<\/p>\n<p>2 rosas rojas<\/p>\n<p>2 rosas rosadas<\/p>\n<p>2 rosas blancas<\/p>\n<p>3 spray roses rosa<\/p>\n<p>2 spray roses roja<\/p>\n<p>&nbsp;<\/p>\n<p>&nbsp;<\/p>\n<p>Tenemos una gran variedad de ramos preciosos y a buen precio. Encu\u00e9ntralos <a href=\"https:\/\/bellarosa.es\/?product_cat=&amp;s=cesta&amp;post_type=product\">aqu\u00ed<\/a><\/p>\n","protected":false},"featured_media":8386,"comment_status":"open","ping_status":"closed","template":"","meta":[],"product_brand":[],"product_cat":[1149,142,15],"product_tag":[],"class_list":{"0":"post-4159","1":"product","2":"type-product","3":"status-publish","4":"has-post-thumbnail","6":"product_cat-dia-de-la-madre","7":"product_cat-rosas","8":"product_cat-san-valentin","10":"first","11":"instock","12":"shipping-taxable","13":"purchasable","14":"product-type-simple","15":"layout-style-1","16":"col-md-4 col-sm-4 col-xs-6","17":"col-lg-4","18":"product-style-default"},"yoast_head":"<!-- This site is optimized with the Yoast SEO plugin v27.4 - https:\/\/yoast.com\/product\/yoast-seo-wordpress\/ -->\n<title>G\u00e9nesis - Rosa roja, spray rosada y rosas blancas - Florister&iacute;a en San Pedro Alc&aacute;ntara<\/title>\n<meta name=\"robots\" content=\"noindex, follow\" \/>\n<meta property=\"og:locale\" content=\"en_US\" \/>\n<meta property=\"og:type\" content=\"article\" \/>\n<meta property=\"og:title\" content=\"G\u00e9nesis - Rosa roja, spray rosada y rosas blancas - Florister&iacute;a en San Pedro Alc&aacute;ntara\" \/>\n<meta property=\"og:description\" content=\"&nbsp; El g\u00e9nesis es el comienzo de algo nuevo.  \u2013 Bella Rosa \u2013 Un ramo de rosas es un cl\u00e1sico que nunca falla, en este ramo hemos incluido spray roses rosadas y blanca consiguiendo un ramo elegante, sofisticado y rom\u00e1ntico. Preparado por nuestro equipo de florista, llegar\u00e1 perfecto a las manos de quien t\u00fa elijas. G\u00e9nesis est\u00e1 compuesto po\u00a0Rosas rojas  2 rosas rojas  2 rosas rosadas  2 rosas blancas  3 spray roses rosa  2 spray roses roja  &nbsp;  &nbsp;  Tenemos una gran variedad de ramos preciosos y a buen precio. Encu\u00e9ntralos aqu\u00ed\" \/>\n<meta property=\"og:url\" content=\"https:\/\/bellarosa.es\/en\/genesis-rosa-roja-lisianthus-morado\/\" \/>\n<meta property=\"og:site_name\" content=\"Florister&iacute;a en San Pedro Alc&aacute;ntara\" \/>\n<meta property=\"article:modified_time\" content=\"2026-04-10T10:58:44+00:00\" \/>\n<meta property=\"og:image\" content=\"https:\/\/bellarosa.es\/wp-content\/uploads\/2023\/01\/49BF3835-26B1-44C8-B318-DAB18EF90DA4.png\" \/>\n\t<meta property=\"og:image:width\" content=\"640\" \/>\n\t<meta property=\"og:image:height\" content=\"960\" \/>\n\t<meta property=\"og:image:type\" content=\"image\/png\" \/>\n<meta name=\"twitter:card\" content=\"summary_large_image\" \/>\n<meta name=\"twitter:label1\" content=\"Est. reading time\" \/>\n\t<meta name=\"twitter:data1\" content=\"2 minutes\" \/>\n<script type=\"application\/ld+json\" class=\"yoast-schema-graph\">{\"@context\":\"https:\\\/\\\/schema.org\",\"@graph\":[{\"@type\":\"WebPage\",\"@id\":\"https:\\\/\\\/bellarosa.es\\\/en\\\/genesis-rosa-roja-lisianthus-morado\\\/\",\"url\":\"https:\\\/\\\/bellarosa.es\\\/en\\\/genesis-rosa-roja-lisianthus-morado\\\/\",\"name\":\"G\u00e9nesis - Rosa roja, spray rosada y rosas blancas - Florister&iacute;a en San Pedro Alc&aacute;ntara\",\"isPartOf\":{\"@id\":\"https:\\\/\\\/bellarosa.es\\\/en\\\/#website\"},\"primaryImageOfPage\":{\"@id\":\"https:\\\/\\\/bellarosa.es\\\/en\\\/genesis-rosa-roja-lisianthus-morado\\\/#primaryimage\"},\"image\":{\"@id\":\"https:\\\/\\\/bellarosa.es\\\/en\\\/genesis-rosa-roja-lisianthus-morado\\\/#primaryimage\"},\"thumbnailUrl\":\"https:\\\/\\\/bellarosa.es\\\/wp-content\\\/uploads\\\/2023\\\/01\\\/49BF3835-26B1-44C8-B318-DAB18EF90DA4.png\",\"datePublished\":\"2023-01-16T12:04:30+00:00\",\"dateModified\":\"2026-04-10T10:58:44+00:00\",\"breadcrumb\":{\"@id\":\"https:\\\/\\\/bellarosa.es\\\/en\\\/genesis-rosa-roja-lisianthus-morado\\\/#breadcrumb\"},\"inLanguage\":\"en-US\",\"potentialAction\":[{\"@type\":\"ReadAction\",\"target\":[\"https:\\\/\\\/bellarosa.es\\\/en\\\/genesis-rosa-roja-lisianthus-morado\\\/\"]}]},{\"@type\":\"ImageObject\",\"inLanguage\":\"en-US\",\"@id\":\"https:\\\/\\\/bellarosa.es\\\/en\\\/genesis-rosa-roja-lisianthus-morado\\\/#primaryimage\",\"url\":\"https:\\\/\\\/bellarosa.es\\\/wp-content\\\/uploads\\\/2023\\\/01\\\/49BF3835-26B1-44C8-B318-DAB18EF90DA4.png\",\"contentUrl\":\"https:\\\/\\\/bellarosa.es\\\/wp-content\\\/uploads\\\/2023\\\/01\\\/49BF3835-26B1-44C8-B318-DAB18EF90DA4.png\",\"width\":1024,\"height\":1536},{\"@type\":\"BreadcrumbList\",\"@id\":\"https:\\\/\\\/bellarosa.es\\\/en\\\/genesis-rosa-roja-lisianthus-morado\\\/#breadcrumb\",\"itemListElement\":[{\"@type\":\"ListItem\",\"position\":1,\"name\":\"Inicio\",\"item\":\"https:\\\/\\\/bellarosa.es\\\/en\\\/\"},{\"@type\":\"ListItem\",\"position\":2,\"name\":\"Shop\",\"item\":\"https:\\\/\\\/bellarosa.es\\\/en\\\/shop\\\/\"},{\"@type\":\"ListItem\",\"position\":3,\"name\":\"G\u00e9nesis &#8211; Rosa roja, spray rosada y rosas blancas\"}]},{\"@type\":\"WebSite\",\"@id\":\"https:\\\/\\\/bellarosa.es\\\/en\\\/#website\",\"url\":\"https:\\\/\\\/bellarosa.es\\\/en\\\/\",\"name\":\"Florister&iacute;a en San Pedro Alc&aacute;ntara\",\"description\":\"\",\"publisher\":{\"@id\":\"https:\\\/\\\/bellarosa.es\\\/en\\\/#organization\"},\"potentialAction\":[{\"@type\":\"SearchAction\",\"target\":{\"@type\":\"EntryPoint\",\"urlTemplate\":\"https:\\\/\\\/bellarosa.es\\\/en\\\/?s={search_term_string}\"},\"query-input\":{\"@type\":\"PropertyValueSpecification\",\"valueRequired\":true,\"valueName\":\"search_term_string\"}}],\"inLanguage\":\"en-US\"},{\"@type\":\"Organization\",\"@id\":\"https:\\\/\\\/bellarosa.es\\\/en\\\/#organization\",\"name\":\"Floristeria Bella Rosa\",\"url\":\"https:\\\/\\\/bellarosa.es\\\/en\\\/\",\"logo\":{\"@type\":\"ImageObject\",\"inLanguage\":\"en-US\",\"@id\":\"https:\\\/\\\/bellarosa.es\\\/en\\\/#\\\/schema\\\/logo\\\/image\\\/\",\"url\":\"\",\"contentUrl\":\"\",\"caption\":\"Floristeria Bella Rosa\"},\"image\":{\"@id\":\"https:\\\/\\\/bellarosa.es\\\/en\\\/#\\\/schema\\\/logo\\\/image\\\/\"}}]}<\/script>\n<!-- \/ Yoast SEO plugin. -->","yoast_head_json":{"title":"G\u00e9nesis - Rosa roja, spray rosada y rosas blancas - Florister&iacute;a en San Pedro Alc&aacute;ntara","robots":{"index":"noindex","follow":"follow"},"og_locale":"en_US","og_type":"article","og_title":"G\u00e9nesis - Rosa roja, spray rosada y rosas blancas - Florister&iacute;a en San Pedro Alc&aacute;ntara","og_description":"&nbsp; El g\u00e9nesis es el comienzo de algo nuevo.  \u2013 Bella Rosa \u2013 Un ramo de rosas es un cl\u00e1sico que nunca falla, en este ramo hemos incluido spray roses rosadas y blanca consiguiendo un ramo elegante, sofisticado y rom\u00e1ntico. Preparado por nuestro equipo de florista, llegar\u00e1 perfecto a las manos de quien t\u00fa elijas. G\u00e9nesis est\u00e1 compuesto po\u00a0Rosas rojas  2 rosas rojas  2 rosas rosadas  2 rosas blancas  3 spray roses rosa  2 spray roses roja  &nbsp;  &nbsp;  Tenemos una gran variedad de ramos preciosos y a buen precio. Encu\u00e9ntralos aqu\u00ed","og_url":"https:\/\/bellarosa.es\/en\/genesis-rosa-roja-lisianthus-morado\/","og_site_name":"Florister&iacute;a en San Pedro Alc&aacute;ntara","article_modified_time":"2026-04-10T10:58:44+00:00","og_image":[{"url":"https:\/\/bellarosa.es\/wp-content\/uploads\/2023\/01\/49BF3835-26B1-44C8-B318-DAB18EF90DA4.png","width":640,"height":960,"type":"image\/png"}],"twitter_card":"summary_large_image","twitter_misc":{"Est. reading time":"2 minutes"},"schema":{"@context":"https:\/\/schema.org","@graph":[{"@type":"WebPage","@id":"https:\/\/bellarosa.es\/en\/genesis-rosa-roja-lisianthus-morado\/","url":"https:\/\/bellarosa.es\/en\/genesis-rosa-roja-lisianthus-morado\/","name":"G\u00e9nesis - Rosa roja, spray rosada y rosas blancas - Florister&iacute;a en San Pedro Alc&aacute;ntara","isPartOf":{"@id":"https:\/\/bellarosa.es\/en\/#website"},"primaryImageOfPage":{"@id":"https:\/\/bellarosa.es\/en\/genesis-rosa-roja-lisianthus-morado\/#primaryimage"},"image":{"@id":"https:\/\/bellarosa.es\/en\/genesis-rosa-roja-lisianthus-morado\/#primaryimage"},"thumbnailUrl":"https:\/\/bellarosa.es\/wp-content\/uploads\/2023\/01\/49BF3835-26B1-44C8-B318-DAB18EF90DA4.png","datePublished":"2023-01-16T12:04:30+00:00","dateModified":"2026-04-10T10:58:44+00:00","breadcrumb":{"@id":"https:\/\/bellarosa.es\/en\/genesis-rosa-roja-lisianthus-morado\/#breadcrumb"},"inLanguage":"en-US","potentialAction":[{"@type":"ReadAction","target":["https:\/\/bellarosa.es\/en\/genesis-rosa-roja-lisianthus-morado\/"]}]},{"@type":"ImageObject","inLanguage":"en-US","@id":"https:\/\/bellarosa.es\/en\/genesis-rosa-roja-lisianthus-morado\/#primaryimage","url":"https:\/\/bellarosa.es\/wp-content\/uploads\/2023\/01\/49BF3835-26B1-44C8-B318-DAB18EF90DA4.png","contentUrl":"https:\/\/bellarosa.es\/wp-content\/uploads\/2023\/01\/49BF3835-26B1-44C8-B318-DAB18EF90DA4.png","width":1024,"height":1536},{"@type":"BreadcrumbList","@id":"https:\/\/bellarosa.es\/en\/genesis-rosa-roja-lisianthus-morado\/#breadcrumb","itemListElement":[{"@type":"ListItem","position":1,"name":"Inicio","item":"https:\/\/bellarosa.es\/en\/"},{"@type":"ListItem","position":2,"name":"Shop","item":"https:\/\/bellarosa.es\/en\/shop\/"},{"@type":"ListItem","position":3,"name":"G\u00e9nesis &#8211; Rosa roja, spray rosada y rosas blancas"}]},{"@type":"WebSite","@id":"https:\/\/bellarosa.es\/en\/#website","url":"https:\/\/bellarosa.es\/en\/","name":"Florister&iacute;a en San Pedro Alc&aacute;ntara","description":"","publisher":{"@id":"https:\/\/bellarosa.es\/en\/#organization"},"potentialAction":[{"@type":"SearchAction","target":{"@type":"EntryPoint","urlTemplate":"https:\/\/bellarosa.es\/en\/?s={search_term_string}"},"query-input":{"@type":"PropertyValueSpecification","valueRequired":true,"valueName":"search_term_string"}}],"inLanguage":"en-US"},{"@type":"Organization","@id":"https:\/\/bellarosa.es\/en\/#organization","name":"Floristeria Bella Rosa","url":"https:\/\/bellarosa.es\/en\/","logo":{"@type":"ImageObject","inLanguage":"en-US","@id":"https:\/\/bellarosa.es\/en\/#\/schema\/logo\/image\/","url":"","contentUrl":"","caption":"Floristeria Bella Rosa"},"image":{"@id":"https:\/\/bellarosa.es\/en\/#\/schema\/logo\/image\/"}}]}},"_links":{"self":[{"href":"https:\/\/bellarosa.es\/en\/wp-json\/wp\/v2\/product\/4159","targetHints":{"allow":["GET"]}}],"collection":[{"href":"https:\/\/bellarosa.es\/en\/wp-json\/wp\/v2\/product"}],"about":[{"href":"https:\/\/bellarosa.es\/en\/wp-json\/wp\/v2\/types\/product"}],"replies":[{"embeddable":true,"href":"https:\/\/bellarosa.es\/en\/wp-json\/wp\/v2\/comments?post=4159"}],"wp:featuredmedia":[{"embeddable":true,"href":"https:\/\/bellarosa.es\/en\/wp-json\/wp\/v2\/media\/8386"}],"wp:attachment":[{"href":"https:\/\/bellarosa.es\/en\/wp-json\/wp\/v2\/media?parent=4159"}],"wp:term":[{"taxonomy":"product_brand","embeddable":true,"href":"https:\/\/bellarosa.es\/en\/wp-json\/wp\/v2\/product_brand?post=4159"},{"taxonomy":"product_cat","embeddable":true,"href":"https:\/\/bellarosa.es\/en\/wp-json\/wp\/v2\/product_cat?post=4159"},{"taxonomy":"product_tag","embeddable":true,"href":"https:\/\/bellarosa.es\/en\/wp-json\/wp\/v2\/product_tag?post=4159"}],"curies":[{"name":"wp","href":"https:\/\/api.w.org\/{rel}","templated":true}]}}