{"id":4054,"date":"2022-11-15T18:15:38","date_gmt":"2022-11-15T18:15:38","guid":{"rendered":"https:\/\/bellarosa.es\/?post_type=product&#038;p=4054"},"modified":"2026-03-03T16:07:10","modified_gmt":"2026-03-03T16:07:10","slug":"firmamento-caja-especial-azul-naranja","status":"publish","type":"product","link":"https:\/\/bellarosa.es\/en\/firmamento-caja-especial-azul-naranja\/","title":{"rendered":"Firmamento &#8211; Caja especial azul y naranja"},"content":{"rendered":"<h2><strong>Un firmamento de flores incre\u00edbles para regalar<\/strong><\/h2>\n<p>Para los arriesgados y las arriesgadas, os traemos una combinaci\u00f3n de colores irresistible. Se trata de nuestro arreglo floral de colores naranjas, azules y granates, creado con flores escogidas una a una por nuestro equipo de floristas expertos de entre las mejores flores del mercado. Nuestro objetivo es crear algo bello y \u00fanico para ti o para una persona especial.<\/p>\n<h3>Una ex\u00f3tica mezcla de flores azules y naranjas<\/h3>\n<p>Las flores azules y naranjas son una combinaci\u00f3n de colores atractiva y llamativa, ya que el azul y el naranja son colores complementarios en el c\u00edrculo crom\u00e1tico. Al combinar estos colores en un arreglo floral, se crea un contraste visual que llama la atenci\u00f3n. Hemos mezclados los colores de una forma equilibrada para que cada flor pueda ser protagonista. La base de flores azules la hemos creado con hortensias, agregando uniflor, celos\u00edas, margaritas y rosas naranjas. Como toque especial, incluimos astilbes y calas en color granate.<\/p>\n<h3>\u00bfCu\u00e1ndo regalar Caperucita?<\/h3>\n<p>Regalar un arreglo floral es una forma hermosa y significativa de mostrar afecto y cari\u00f1o hacia alguien. Las flores son una forma universal de expresar emociones, y tienen el poder de transmitir mensajes de amor, amistad, alegr\u00eda, agradecimiento y mucho m\u00e1s.<\/p>\n<p>Un arreglo floral es un regalo que puede ser apreciado por cualquier persona, independientemente de su edad o g\u00e9nero. Las flores son un recordatorio visual de la belleza de la vida y de la naturaleza, y pueden ayudar a mejorar el ambiente y el estado de \u00e1nimo de quien las recibe.<\/p>\n<p>Para tu persona especial, cualquier d\u00eda ser\u00e1 perfecto para recibir unas flores como esta.<\/p>\n<h3>Flores a domicilio en la Costa del Sol<\/h3>\n<p>Recuerda que somos tu florister\u00eda de confianza en la\u00a0<strong>Costa del Sol<\/strong>. Hacemos repartos desde\u00a0<strong>Estepona<\/strong>\u00a0hasta\u00a0<strong>San Pedro<\/strong>\u00a0o\u00a0<strong>Marbella<\/strong>. Si deseas enviar\u00a0<strong>flores a domicilio<\/strong>\u00a0puedes contar con nuestra experiencia para que tus ramos lleguen en las mejores condiciones. Sorprende a tu persona favorita. Tambi\u00e9n puedes hacer uso de nuestro servicio de\u00a0<strong>tienda online<\/strong>.<\/p>\n<p>&nbsp;<\/p>\n<p>Recuerda que puedes encontrarnos en\u00a0<a href=\"https:\/\/www.facebook.com\/bellarosa.es\/\">Facebook<\/a>\u00a0e\u00a0<a href=\"https:\/\/www.instagram.com\/bellarosa_marbella\/\">Instagram<\/a>. \u00a1Te esperamos!<\/p>\n","protected":false},"excerpt":{"rendered":"<blockquote><p>Luz de infinitas estrellas brillan en el firmamento solo para ti.<\/p>\n<p>\u2013 Rub\u00e9n D. Sequera \u2013<\/p><\/blockquote>\n<p>Traemos una caja floral muy especial y diferente. En tonos azules y naranjas, es una apuesta totalmente original. Llena de una variedad de flores irresistibles, quien la reciba ser\u00e1 muy afortunado o afortunada. \u00bfBuscas el regalo perfecto para sorprender a alguien especial? Elige <strong>firmamento<\/strong>, que contiene:<\/p>\n<p>5 Hortensias azules<\/p>\n<p>5 Uniflor naranjas<\/p>\n<p>5 Celosias naranjas<\/p>\n<p>5 Calas granate<\/p>\n<p>6 Rosas naranjas<\/p>\n<p>3 Margaritas naranjas<\/p>\n<p>5 Astilbes granate<\/p>\n<p>Caja floral<\/p>\n<p>&nbsp;<\/p>\n<p>Tenemos una gran variedad de cajas de flores preciosas a buen precio. Con\u00f3celas <a href=\"https:\/\/bellarosa.es\/?product_cat=caja-floral&amp;s=caja&amp;post_type=product\">aqu\u00ed<\/a><\/p>\n","protected":false},"featured_media":8543,"comment_status":"open","ping_status":"closed","template":"","meta":[],"product_brand":[],"product_cat":[158,135],"product_tag":[],"class_list":{"0":"post-4054","1":"product","2":"type-product","3":"status-publish","4":"has-post-thumbnail","6":"product_cat-caja-floral","7":"product_cat-exclusividad","9":"first","10":"onbackorder","11":"shipping-taxable","12":"purchasable","13":"product-type-simple","14":"layout-style-1","15":"col-md-4 col-sm-4 col-xs-6","16":"col-lg-4","17":"product-style-default"},"yoast_head":"<!-- This site is optimized with the Yoast SEO plugin v27.4 - https:\/\/yoast.com\/product\/yoast-seo-wordpress\/ -->\n<title>Firmamento - Caja especial azul y naranja - Florister&iacute;a en San Pedro Alc&aacute;ntara<\/title>\n<meta name=\"robots\" content=\"noindex, follow\" \/>\n<meta property=\"og:locale\" content=\"en_US\" \/>\n<meta property=\"og:type\" content=\"article\" \/>\n<meta property=\"og:title\" content=\"Firmamento - Caja especial azul y naranja - Florister&iacute;a en San Pedro Alc&aacute;ntara\" \/>\n<meta property=\"og:description\" content=\"Luz de infinitas estrellas brillan en el firmamento solo para ti.  \u2013 Rub\u00e9n D. Sequera \u2013 Traemos una caja floral muy especial y diferente. En tonos azules y naranjas, es una apuesta totalmente original. Llena de una variedad de flores irresistibles, quien la reciba ser\u00e1 muy afortunado o afortunada. \u00bfBuscas el regalo perfecto para sorprender a alguien especial? Elige firmamento, que contiene:  5 Hortensias azules  5 Uniflor naranjas  5 Celosias naranjas  5 Calas granate  6 Rosas naranjas  3 Margaritas naranjas  5 Astilbes granate  Caja floral  &nbsp;  Tenemos una gran variedad de cajas de flores preciosas a buen precio. Con\u00f3celas aqu\u00ed\" \/>\n<meta property=\"og:url\" content=\"https:\/\/bellarosa.es\/en\/firmamento-caja-especial-azul-naranja\/\" \/>\n<meta property=\"og:site_name\" content=\"Florister&iacute;a en San Pedro Alc&aacute;ntara\" \/>\n<meta property=\"article:modified_time\" content=\"2026-03-03T16:07:10+00:00\" \/>\n<meta property=\"og:image\" content=\"https:\/\/bellarosa.es\/wp-content\/uploads\/2022\/11\/unnamed-2.png\" \/>\n\t<meta property=\"og:image:width\" content=\"1024\" \/>\n\t<meta property=\"og:image:height\" content=\"1536\" \/>\n\t<meta property=\"og:image:type\" content=\"image\/png\" \/>\n<meta name=\"twitter:card\" content=\"summary_large_image\" \/>\n<meta name=\"twitter:label1\" content=\"Est. reading time\" \/>\n\t<meta name=\"twitter:data1\" content=\"2 minutes\" \/>\n<script type=\"application\/ld+json\" class=\"yoast-schema-graph\">{\"@context\":\"https:\\\/\\\/schema.org\",\"@graph\":[{\"@type\":\"WebPage\",\"@id\":\"https:\\\/\\\/bellarosa.es\\\/en\\\/firmamento-caja-especial-azul-naranja\\\/\",\"url\":\"https:\\\/\\\/bellarosa.es\\\/en\\\/firmamento-caja-especial-azul-naranja\\\/\",\"name\":\"Firmamento - Caja especial azul y naranja - Florister&iacute;a en San Pedro Alc&aacute;ntara\",\"isPartOf\":{\"@id\":\"https:\\\/\\\/bellarosa.es\\\/en\\\/#website\"},\"primaryImageOfPage\":{\"@id\":\"https:\\\/\\\/bellarosa.es\\\/en\\\/firmamento-caja-especial-azul-naranja\\\/#primaryimage\"},\"image\":{\"@id\":\"https:\\\/\\\/bellarosa.es\\\/en\\\/firmamento-caja-especial-azul-naranja\\\/#primaryimage\"},\"thumbnailUrl\":\"https:\\\/\\\/bellarosa.es\\\/wp-content\\\/uploads\\\/2022\\\/11\\\/unnamed-2.png\",\"datePublished\":\"2022-11-15T18:15:38+00:00\",\"dateModified\":\"2026-03-03T16:07:10+00:00\",\"breadcrumb\":{\"@id\":\"https:\\\/\\\/bellarosa.es\\\/en\\\/firmamento-caja-especial-azul-naranja\\\/#breadcrumb\"},\"inLanguage\":\"en-US\",\"potentialAction\":[{\"@type\":\"ReadAction\",\"target\":[\"https:\\\/\\\/bellarosa.es\\\/en\\\/firmamento-caja-especial-azul-naranja\\\/\"]}]},{\"@type\":\"ImageObject\",\"inLanguage\":\"en-US\",\"@id\":\"https:\\\/\\\/bellarosa.es\\\/en\\\/firmamento-caja-especial-azul-naranja\\\/#primaryimage\",\"url\":\"https:\\\/\\\/bellarosa.es\\\/wp-content\\\/uploads\\\/2022\\\/11\\\/unnamed-2.png\",\"contentUrl\":\"https:\\\/\\\/bellarosa.es\\\/wp-content\\\/uploads\\\/2022\\\/11\\\/unnamed-2.png\",\"width\":1024,\"height\":1536},{\"@type\":\"BreadcrumbList\",\"@id\":\"https:\\\/\\\/bellarosa.es\\\/en\\\/firmamento-caja-especial-azul-naranja\\\/#breadcrumb\",\"itemListElement\":[{\"@type\":\"ListItem\",\"position\":1,\"name\":\"Inicio\",\"item\":\"https:\\\/\\\/bellarosa.es\\\/en\\\/\"},{\"@type\":\"ListItem\",\"position\":2,\"name\":\"Shop\",\"item\":\"https:\\\/\\\/bellarosa.es\\\/en\\\/shop\\\/\"},{\"@type\":\"ListItem\",\"position\":3,\"name\":\"Firmamento &#8211; Caja especial azul y naranja\"}]},{\"@type\":\"WebSite\",\"@id\":\"https:\\\/\\\/bellarosa.es\\\/en\\\/#website\",\"url\":\"https:\\\/\\\/bellarosa.es\\\/en\\\/\",\"name\":\"Florister&iacute;a en San Pedro Alc&aacute;ntara\",\"description\":\"\",\"publisher\":{\"@id\":\"https:\\\/\\\/bellarosa.es\\\/en\\\/#organization\"},\"potentialAction\":[{\"@type\":\"SearchAction\",\"target\":{\"@type\":\"EntryPoint\",\"urlTemplate\":\"https:\\\/\\\/bellarosa.es\\\/en\\\/?s={search_term_string}\"},\"query-input\":{\"@type\":\"PropertyValueSpecification\",\"valueRequired\":true,\"valueName\":\"search_term_string\"}}],\"inLanguage\":\"en-US\"},{\"@type\":\"Organization\",\"@id\":\"https:\\\/\\\/bellarosa.es\\\/en\\\/#organization\",\"name\":\"Floristeria Bella Rosa\",\"url\":\"https:\\\/\\\/bellarosa.es\\\/en\\\/\",\"logo\":{\"@type\":\"ImageObject\",\"inLanguage\":\"en-US\",\"@id\":\"https:\\\/\\\/bellarosa.es\\\/en\\\/#\\\/schema\\\/logo\\\/image\\\/\",\"url\":\"\",\"contentUrl\":\"\",\"caption\":\"Floristeria Bella Rosa\"},\"image\":{\"@id\":\"https:\\\/\\\/bellarosa.es\\\/en\\\/#\\\/schema\\\/logo\\\/image\\\/\"}}]}<\/script>\n<!-- \/ Yoast SEO plugin. -->","yoast_head_json":{"title":"Firmamento - Caja especial azul y naranja - Florister&iacute;a en San Pedro Alc&aacute;ntara","robots":{"index":"noindex","follow":"follow"},"og_locale":"en_US","og_type":"article","og_title":"Firmamento - Caja especial azul y naranja - Florister&iacute;a en San Pedro Alc&aacute;ntara","og_description":"Luz de infinitas estrellas brillan en el firmamento solo para ti.  \u2013 Rub\u00e9n D. Sequera \u2013 Traemos una caja floral muy especial y diferente. En tonos azules y naranjas, es una apuesta totalmente original. Llena de una variedad de flores irresistibles, quien la reciba ser\u00e1 muy afortunado o afortunada. \u00bfBuscas el regalo perfecto para sorprender a alguien especial? Elige firmamento, que contiene:  5 Hortensias azules  5 Uniflor naranjas  5 Celosias naranjas  5 Calas granate  6 Rosas naranjas  3 Margaritas naranjas  5 Astilbes granate  Caja floral  &nbsp;  Tenemos una gran variedad de cajas de flores preciosas a buen precio. Con\u00f3celas aqu\u00ed","og_url":"https:\/\/bellarosa.es\/en\/firmamento-caja-especial-azul-naranja\/","og_site_name":"Florister&iacute;a en San Pedro Alc&aacute;ntara","article_modified_time":"2026-03-03T16:07:10+00:00","og_image":[{"width":1024,"height":1536,"url":"https:\/\/bellarosa.es\/wp-content\/uploads\/2022\/11\/unnamed-2.png","type":"image\/png"}],"twitter_card":"summary_large_image","twitter_misc":{"Est. reading time":"2 minutes"},"schema":{"@context":"https:\/\/schema.org","@graph":[{"@type":"WebPage","@id":"https:\/\/bellarosa.es\/en\/firmamento-caja-especial-azul-naranja\/","url":"https:\/\/bellarosa.es\/en\/firmamento-caja-especial-azul-naranja\/","name":"Firmamento - Caja especial azul y naranja - Florister&iacute;a en San Pedro Alc&aacute;ntara","isPartOf":{"@id":"https:\/\/bellarosa.es\/en\/#website"},"primaryImageOfPage":{"@id":"https:\/\/bellarosa.es\/en\/firmamento-caja-especial-azul-naranja\/#primaryimage"},"image":{"@id":"https:\/\/bellarosa.es\/en\/firmamento-caja-especial-azul-naranja\/#primaryimage"},"thumbnailUrl":"https:\/\/bellarosa.es\/wp-content\/uploads\/2022\/11\/unnamed-2.png","datePublished":"2022-11-15T18:15:38+00:00","dateModified":"2026-03-03T16:07:10+00:00","breadcrumb":{"@id":"https:\/\/bellarosa.es\/en\/firmamento-caja-especial-azul-naranja\/#breadcrumb"},"inLanguage":"en-US","potentialAction":[{"@type":"ReadAction","target":["https:\/\/bellarosa.es\/en\/firmamento-caja-especial-azul-naranja\/"]}]},{"@type":"ImageObject","inLanguage":"en-US","@id":"https:\/\/bellarosa.es\/en\/firmamento-caja-especial-azul-naranja\/#primaryimage","url":"https:\/\/bellarosa.es\/wp-content\/uploads\/2022\/11\/unnamed-2.png","contentUrl":"https:\/\/bellarosa.es\/wp-content\/uploads\/2022\/11\/unnamed-2.png","width":1024,"height":1536},{"@type":"BreadcrumbList","@id":"https:\/\/bellarosa.es\/en\/firmamento-caja-especial-azul-naranja\/#breadcrumb","itemListElement":[{"@type":"ListItem","position":1,"name":"Inicio","item":"https:\/\/bellarosa.es\/en\/"},{"@type":"ListItem","position":2,"name":"Shop","item":"https:\/\/bellarosa.es\/en\/shop\/"},{"@type":"ListItem","position":3,"name":"Firmamento &#8211; Caja especial azul y naranja"}]},{"@type":"WebSite","@id":"https:\/\/bellarosa.es\/en\/#website","url":"https:\/\/bellarosa.es\/en\/","name":"Florister&iacute;a en San Pedro Alc&aacute;ntara","description":"","publisher":{"@id":"https:\/\/bellarosa.es\/en\/#organization"},"potentialAction":[{"@type":"SearchAction","target":{"@type":"EntryPoint","urlTemplate":"https:\/\/bellarosa.es\/en\/?s={search_term_string}"},"query-input":{"@type":"PropertyValueSpecification","valueRequired":true,"valueName":"search_term_string"}}],"inLanguage":"en-US"},{"@type":"Organization","@id":"https:\/\/bellarosa.es\/en\/#organization","name":"Floristeria Bella Rosa","url":"https:\/\/bellarosa.es\/en\/","logo":{"@type":"ImageObject","inLanguage":"en-US","@id":"https:\/\/bellarosa.es\/en\/#\/schema\/logo\/image\/","url":"","contentUrl":"","caption":"Floristeria Bella Rosa"},"image":{"@id":"https:\/\/bellarosa.es\/en\/#\/schema\/logo\/image\/"}}]}},"_links":{"self":[{"href":"https:\/\/bellarosa.es\/en\/wp-json\/wp\/v2\/product\/4054","targetHints":{"allow":["GET"]}}],"collection":[{"href":"https:\/\/bellarosa.es\/en\/wp-json\/wp\/v2\/product"}],"about":[{"href":"https:\/\/bellarosa.es\/en\/wp-json\/wp\/v2\/types\/product"}],"replies":[{"embeddable":true,"href":"https:\/\/bellarosa.es\/en\/wp-json\/wp\/v2\/comments?post=4054"}],"wp:featuredmedia":[{"embeddable":true,"href":"https:\/\/bellarosa.es\/en\/wp-json\/wp\/v2\/media\/8543"}],"wp:attachment":[{"href":"https:\/\/bellarosa.es\/en\/wp-json\/wp\/v2\/media?parent=4054"}],"wp:term":[{"taxonomy":"product_brand","embeddable":true,"href":"https:\/\/bellarosa.es\/en\/wp-json\/wp\/v2\/product_brand?post=4054"},{"taxonomy":"product_cat","embeddable":true,"href":"https:\/\/bellarosa.es\/en\/wp-json\/wp\/v2\/product_cat?post=4054"},{"taxonomy":"product_tag","embeddable":true,"href":"https:\/\/bellarosa.es\/en\/wp-json\/wp\/v2\/product_tag?post=4054"}],"curies":[{"name":"wp","href":"https:\/\/api.w.org\/{rel}","templated":true}]}}