{"id":4052,"date":"2022-11-15T18:13:59","date_gmt":"2022-11-15T18:13:59","guid":{"rendered":"https:\/\/bellarosa.es\/?post_type=product&#038;p=4052"},"modified":"2026-04-10T10:59:19","modified_gmt":"2026-04-10T10:59:19","slug":"serena-caja-floral-malva","status":"publish","type":"product","link":"https:\/\/bellarosa.es\/en\/serena-caja-floral-malva\/","title":{"rendered":"Serena &#8211; Caja floral malva"},"content":{"rendered":"<h2><strong>Serena, una caja con mucho encanto<\/strong><\/h2>\n<p>Una bonita cesta floral con colores desde el morado, lila, malva al rosado, con una combinaci\u00f3n de flores muy especiales y singulares. Es un regalo ideal para sorprender a la pareja, a un amigo o cualquier persona especial en tu vida.<\/p>\n<h3>Combinamos rosas, claveles, calas y mucho m\u00e1s<\/h3>\n<p>Es dif\u00edcil encasillar esta cesta por la cantidad de flores diversas que lo componen y sus significados. Por lo general, las flores de tonos malvas o morados se relacionan con la nobleza, el poder o la realeza, por lo que son una forma de alago muy peculiar. Para personas \u00fanicas, especiales y con mucho valor en nuestras vidas, los reyes y las reinas de nuestros corazones. Elige esta cesta para d\u00edas de cumplea\u00f1os, para el D\u00eda de la madre o el padre, incluso para decorar una terraza. \u00a1Las posibilidades son infinitas!<\/p>\n<h3>Flores a domicilio en la Costa del Sol<\/h3>\n<p>Recuerda que somos tu florister\u00eda de confianza en la\u00a0<strong>Costa del Sol<\/strong>. Hacemos repartos desde\u00a0<strong>Estepona<\/strong>\u00a0hasta\u00a0<strong>San Pedro<\/strong>\u00a0o\u00a0<strong>Marbella<\/strong>. Si deseas enviar\u00a0<strong>flores a domicilio<\/strong>\u00a0puedes contar con nuestra experiencia para que tus ramos lleguen en las mejores condiciones. Sorprende a tu persona favorita. Tambi\u00e9n puedes hacer uso de nuestro servicio de\u00a0<strong>tienda online<\/strong>.<\/p>\n<p>&nbsp;<\/p>\n<p>Recuerda que puedes encontrarnos en\u00a0<a href=\"https:\/\/www.facebook.com\/bellarosa.es\/\">Facebook<\/a>\u00a0e\u00a0<a href=\"https:\/\/www.instagram.com\/bellarosa_marbella\/\">Instagram<\/a>. \u00a1Te esperamos!<\/p>\n","protected":false},"excerpt":{"rendered":"<blockquote><p>Reflexionar serena, muy serenamente, es mejor que tomar decisiones desesperadas.<\/p>\n<p>\u2013 Franz Kafka \u2013<\/p><\/blockquote>\n<p>Haciendo una selecci\u00f3n muy especial de flores malvas y dando alg\u00fan toque de rosa hemos conseguido esta dulce cesta de flores. Una forma muy tierna de sorprender a alguien especial, que se embelesar\u00e1 con el aroma de las flores y la belleza de sus colores. Las mejores flores del mercado seleccionadas por profesionales floristas. <strong>Serena<\/strong> es una cesta compuesta por:<\/p>\n<p>4 Delphinium malva<br \/>\n5 Spray roses malva<br \/>\n6 Rosas rosadas<br \/>\n6 Calas malva<br \/>\n5 Clavel morado<br \/>\nVerdes varios<br \/>\nCaja floral rosa<\/p>\n<p>Tenemos una gran variedad de cestas preciosas y a buen precio. Con\u00f3celas <a href=\"https:\/\/bellarosa.es\/?product_cat=&amp;s=cesta&amp;post_type=product\">aqu\u00ed<\/a><\/p>\n","protected":false},"featured_media":8541,"comment_status":"open","ping_status":"closed","template":"","meta":[],"product_brand":[],"product_cat":[158,1149,135,1100],"product_tag":[],"class_list":{"0":"post-4052","1":"product","2":"type-product","3":"status-publish","4":"has-post-thumbnail","6":"product_cat-caja-floral","7":"product_cat-dia-de-la-madre","8":"product_cat-exclusividad","9":"product_cat-8-marzo-dia-de-la-mujer","11":"first","12":"onbackorder","13":"shipping-taxable","14":"purchasable","15":"product-type-simple","16":"layout-style-1","17":"col-md-4 col-sm-4 col-xs-6","18":"col-lg-4","19":"product-style-default"},"yoast_head":"<!-- This site is optimized with the Yoast SEO plugin v27.4 - https:\/\/yoast.com\/product\/yoast-seo-wordpress\/ -->\n<title>Serena - Caja floral malva - Florister&iacute;a en San Pedro Alc&aacute;ntara<\/title>\n<meta name=\"robots\" content=\"noindex, follow\" \/>\n<meta property=\"og:locale\" content=\"en_US\" \/>\n<meta property=\"og:type\" content=\"article\" \/>\n<meta property=\"og:title\" content=\"Serena - Caja floral malva - Florister&iacute;a en San Pedro Alc&aacute;ntara\" \/>\n<meta property=\"og:description\" content=\"Reflexionar serena, muy serenamente, es mejor que tomar decisiones desesperadas.  \u2013 Franz Kafka \u2013 Haciendo una selecci\u00f3n muy especial de flores malvas y dando alg\u00fan toque de rosa hemos conseguido esta dulce cesta de flores. Una forma muy tierna de sorprender a alguien especial, que se embelesar\u00e1 con el aroma de las flores y la belleza de sus colores. Las mejores flores del mercado seleccionadas por profesionales floristas. Serena es una cesta compuesta por:  4 Delphinium malva 5 Spray roses malva 6 Rosas rosadas 6 Calas malva 5 Clavel morado Verdes varios Caja floral rosa  Tenemos una gran variedad de cestas preciosas y a buen precio. Con\u00f3celas aqu\u00ed\" \/>\n<meta property=\"og:url\" content=\"https:\/\/bellarosa.es\/en\/serena-caja-floral-malva\/\" \/>\n<meta property=\"og:site_name\" content=\"Florister&iacute;a en San Pedro Alc&aacute;ntara\" \/>\n<meta property=\"article:modified_time\" content=\"2026-04-10T10:59:19+00:00\" \/>\n<meta property=\"og:image\" content=\"https:\/\/bellarosa.es\/wp-content\/uploads\/2022\/11\/unnamed-1.png\" \/>\n\t<meta property=\"og:image:width\" content=\"1024\" \/>\n\t<meta property=\"og:image:height\" content=\"1536\" \/>\n\t<meta property=\"og:image:type\" content=\"image\/png\" \/>\n<meta name=\"twitter:card\" content=\"summary_large_image\" \/>\n<meta name=\"twitter:label1\" content=\"Est. reading time\" \/>\n\t<meta name=\"twitter:data1\" content=\"2 minutes\" \/>\n<script type=\"application\/ld+json\" class=\"yoast-schema-graph\">{\"@context\":\"https:\\\/\\\/schema.org\",\"@graph\":[{\"@type\":\"WebPage\",\"@id\":\"https:\\\/\\\/bellarosa.es\\\/en\\\/serena-caja-floral-malva\\\/\",\"url\":\"https:\\\/\\\/bellarosa.es\\\/en\\\/serena-caja-floral-malva\\\/\",\"name\":\"Serena - Caja floral malva - Florister&iacute;a en San Pedro Alc&aacute;ntara\",\"isPartOf\":{\"@id\":\"https:\\\/\\\/bellarosa.es\\\/en\\\/#website\"},\"primaryImageOfPage\":{\"@id\":\"https:\\\/\\\/bellarosa.es\\\/en\\\/serena-caja-floral-malva\\\/#primaryimage\"},\"image\":{\"@id\":\"https:\\\/\\\/bellarosa.es\\\/en\\\/serena-caja-floral-malva\\\/#primaryimage\"},\"thumbnailUrl\":\"https:\\\/\\\/bellarosa.es\\\/wp-content\\\/uploads\\\/2022\\\/11\\\/unnamed-1.png\",\"datePublished\":\"2022-11-15T18:13:59+00:00\",\"dateModified\":\"2026-04-10T10:59:19+00:00\",\"breadcrumb\":{\"@id\":\"https:\\\/\\\/bellarosa.es\\\/en\\\/serena-caja-floral-malva\\\/#breadcrumb\"},\"inLanguage\":\"en-US\",\"potentialAction\":[{\"@type\":\"ReadAction\",\"target\":[\"https:\\\/\\\/bellarosa.es\\\/en\\\/serena-caja-floral-malva\\\/\"]}]},{\"@type\":\"ImageObject\",\"inLanguage\":\"en-US\",\"@id\":\"https:\\\/\\\/bellarosa.es\\\/en\\\/serena-caja-floral-malva\\\/#primaryimage\",\"url\":\"https:\\\/\\\/bellarosa.es\\\/wp-content\\\/uploads\\\/2022\\\/11\\\/unnamed-1.png\",\"contentUrl\":\"https:\\\/\\\/bellarosa.es\\\/wp-content\\\/uploads\\\/2022\\\/11\\\/unnamed-1.png\",\"width\":1024,\"height\":1536},{\"@type\":\"BreadcrumbList\",\"@id\":\"https:\\\/\\\/bellarosa.es\\\/en\\\/serena-caja-floral-malva\\\/#breadcrumb\",\"itemListElement\":[{\"@type\":\"ListItem\",\"position\":1,\"name\":\"Inicio\",\"item\":\"https:\\\/\\\/bellarosa.es\\\/en\\\/\"},{\"@type\":\"ListItem\",\"position\":2,\"name\":\"Shop\",\"item\":\"https:\\\/\\\/bellarosa.es\\\/en\\\/shop\\\/\"},{\"@type\":\"ListItem\",\"position\":3,\"name\":\"Serena &#8211; Caja floral malva\"}]},{\"@type\":\"WebSite\",\"@id\":\"https:\\\/\\\/bellarosa.es\\\/en\\\/#website\",\"url\":\"https:\\\/\\\/bellarosa.es\\\/en\\\/\",\"name\":\"Florister&iacute;a en San Pedro Alc&aacute;ntara\",\"description\":\"\",\"publisher\":{\"@id\":\"https:\\\/\\\/bellarosa.es\\\/en\\\/#organization\"},\"potentialAction\":[{\"@type\":\"SearchAction\",\"target\":{\"@type\":\"EntryPoint\",\"urlTemplate\":\"https:\\\/\\\/bellarosa.es\\\/en\\\/?s={search_term_string}\"},\"query-input\":{\"@type\":\"PropertyValueSpecification\",\"valueRequired\":true,\"valueName\":\"search_term_string\"}}],\"inLanguage\":\"en-US\"},{\"@type\":\"Organization\",\"@id\":\"https:\\\/\\\/bellarosa.es\\\/en\\\/#organization\",\"name\":\"Floristeria Bella Rosa\",\"url\":\"https:\\\/\\\/bellarosa.es\\\/en\\\/\",\"logo\":{\"@type\":\"ImageObject\",\"inLanguage\":\"en-US\",\"@id\":\"https:\\\/\\\/bellarosa.es\\\/en\\\/#\\\/schema\\\/logo\\\/image\\\/\",\"url\":\"\",\"contentUrl\":\"\",\"caption\":\"Floristeria Bella Rosa\"},\"image\":{\"@id\":\"https:\\\/\\\/bellarosa.es\\\/en\\\/#\\\/schema\\\/logo\\\/image\\\/\"}}]}<\/script>\n<!-- \/ Yoast SEO plugin. -->","yoast_head_json":{"title":"Serena - Caja floral malva - Florister&iacute;a en San Pedro Alc&aacute;ntara","robots":{"index":"noindex","follow":"follow"},"og_locale":"en_US","og_type":"article","og_title":"Serena - Caja floral malva - Florister&iacute;a en San Pedro Alc&aacute;ntara","og_description":"Reflexionar serena, muy serenamente, es mejor que tomar decisiones desesperadas.  \u2013 Franz Kafka \u2013 Haciendo una selecci\u00f3n muy especial de flores malvas y dando alg\u00fan toque de rosa hemos conseguido esta dulce cesta de flores. Una forma muy tierna de sorprender a alguien especial, que se embelesar\u00e1 con el aroma de las flores y la belleza de sus colores. Las mejores flores del mercado seleccionadas por profesionales floristas. Serena es una cesta compuesta por:  4 Delphinium malva 5 Spray roses malva 6 Rosas rosadas 6 Calas malva 5 Clavel morado Verdes varios Caja floral rosa  Tenemos una gran variedad de cestas preciosas y a buen precio. Con\u00f3celas aqu\u00ed","og_url":"https:\/\/bellarosa.es\/en\/serena-caja-floral-malva\/","og_site_name":"Florister&iacute;a en San Pedro Alc&aacute;ntara","article_modified_time":"2026-04-10T10:59:19+00:00","og_image":[{"width":1024,"height":1536,"url":"https:\/\/bellarosa.es\/wp-content\/uploads\/2022\/11\/unnamed-1.png","type":"image\/png"}],"twitter_card":"summary_large_image","twitter_misc":{"Est. reading time":"2 minutes"},"schema":{"@context":"https:\/\/schema.org","@graph":[{"@type":"WebPage","@id":"https:\/\/bellarosa.es\/en\/serena-caja-floral-malva\/","url":"https:\/\/bellarosa.es\/en\/serena-caja-floral-malva\/","name":"Serena - Caja floral malva - Florister&iacute;a en San Pedro Alc&aacute;ntara","isPartOf":{"@id":"https:\/\/bellarosa.es\/en\/#website"},"primaryImageOfPage":{"@id":"https:\/\/bellarosa.es\/en\/serena-caja-floral-malva\/#primaryimage"},"image":{"@id":"https:\/\/bellarosa.es\/en\/serena-caja-floral-malva\/#primaryimage"},"thumbnailUrl":"https:\/\/bellarosa.es\/wp-content\/uploads\/2022\/11\/unnamed-1.png","datePublished":"2022-11-15T18:13:59+00:00","dateModified":"2026-04-10T10:59:19+00:00","breadcrumb":{"@id":"https:\/\/bellarosa.es\/en\/serena-caja-floral-malva\/#breadcrumb"},"inLanguage":"en-US","potentialAction":[{"@type":"ReadAction","target":["https:\/\/bellarosa.es\/en\/serena-caja-floral-malva\/"]}]},{"@type":"ImageObject","inLanguage":"en-US","@id":"https:\/\/bellarosa.es\/en\/serena-caja-floral-malva\/#primaryimage","url":"https:\/\/bellarosa.es\/wp-content\/uploads\/2022\/11\/unnamed-1.png","contentUrl":"https:\/\/bellarosa.es\/wp-content\/uploads\/2022\/11\/unnamed-1.png","width":1024,"height":1536},{"@type":"BreadcrumbList","@id":"https:\/\/bellarosa.es\/en\/serena-caja-floral-malva\/#breadcrumb","itemListElement":[{"@type":"ListItem","position":1,"name":"Inicio","item":"https:\/\/bellarosa.es\/en\/"},{"@type":"ListItem","position":2,"name":"Shop","item":"https:\/\/bellarosa.es\/en\/shop\/"},{"@type":"ListItem","position":3,"name":"Serena &#8211; Caja floral malva"}]},{"@type":"WebSite","@id":"https:\/\/bellarosa.es\/en\/#website","url":"https:\/\/bellarosa.es\/en\/","name":"Florister&iacute;a en San Pedro Alc&aacute;ntara","description":"","publisher":{"@id":"https:\/\/bellarosa.es\/en\/#organization"},"potentialAction":[{"@type":"SearchAction","target":{"@type":"EntryPoint","urlTemplate":"https:\/\/bellarosa.es\/en\/?s={search_term_string}"},"query-input":{"@type":"PropertyValueSpecification","valueRequired":true,"valueName":"search_term_string"}}],"inLanguage":"en-US"},{"@type":"Organization","@id":"https:\/\/bellarosa.es\/en\/#organization","name":"Floristeria Bella Rosa","url":"https:\/\/bellarosa.es\/en\/","logo":{"@type":"ImageObject","inLanguage":"en-US","@id":"https:\/\/bellarosa.es\/en\/#\/schema\/logo\/image\/","url":"","contentUrl":"","caption":"Floristeria Bella Rosa"},"image":{"@id":"https:\/\/bellarosa.es\/en\/#\/schema\/logo\/image\/"}}]}},"_links":{"self":[{"href":"https:\/\/bellarosa.es\/en\/wp-json\/wp\/v2\/product\/4052","targetHints":{"allow":["GET"]}}],"collection":[{"href":"https:\/\/bellarosa.es\/en\/wp-json\/wp\/v2\/product"}],"about":[{"href":"https:\/\/bellarosa.es\/en\/wp-json\/wp\/v2\/types\/product"}],"replies":[{"embeddable":true,"href":"https:\/\/bellarosa.es\/en\/wp-json\/wp\/v2\/comments?post=4052"}],"wp:featuredmedia":[{"embeddable":true,"href":"https:\/\/bellarosa.es\/en\/wp-json\/wp\/v2\/media\/8541"}],"wp:attachment":[{"href":"https:\/\/bellarosa.es\/en\/wp-json\/wp\/v2\/media?parent=4052"}],"wp:term":[{"taxonomy":"product_brand","embeddable":true,"href":"https:\/\/bellarosa.es\/en\/wp-json\/wp\/v2\/product_brand?post=4052"},{"taxonomy":"product_cat","embeddable":true,"href":"https:\/\/bellarosa.es\/en\/wp-json\/wp\/v2\/product_cat?post=4052"},{"taxonomy":"product_tag","embeddable":true,"href":"https:\/\/bellarosa.es\/en\/wp-json\/wp\/v2\/product_tag?post=4052"}],"curies":[{"name":"wp","href":"https:\/\/api.w.org\/{rel}","templated":true}]}}