{"id":4020,"date":"2022-11-09T09:52:28","date_gmt":"2022-11-09T09:52:28","guid":{"rendered":"https:\/\/bellarosa.es\/?post_type=product&#038;p=4020"},"modified":"2026-04-10T10:59:55","modified_gmt":"2026-04-10T10:59:55","slug":"bosque-magico-cesta-rosas-colores","status":"publish","type":"product","link":"https:\/\/bellarosa.es\/en\/bosque-magico-cesta-rosas-colores\/","title":{"rendered":"Bosque m\u00e1gico &#8211; Cesta de rosas de colores"},"content":{"rendered":"<h2><strong>Una cesta de rosas de bosque m\u00e1gico<\/strong><\/h2>\n<h3>Una combinaci\u00f3n de colores irresistible<\/h3>\n<p>Como reci\u00e9n salidas de un <strong>bosque m\u00e1gico<\/strong> en un cuento de hadas, traemos esta cesta preparada con rosas de distintos tonos. Inspirados en los colores pasteles y con la elegancia que traen las rosas, esta cesta es un regalo irresistible. Nuestras rosas seleccionadas son preparadas con esmero y cari\u00f1o en una bonita presentaci\u00f3n en cesta, con detalles de Lisianthus malva y relleno en color rosa. Una elecci\u00f3n llena de ternura, \u00a1para personas so\u00f1adoras!<\/p>\n<h3>\u00bfCu\u00e1l es el significado de las rosas?<\/h3>\n<p>Las rosas son flores cuyo significado se relaciona con el amor. Sin embargo, cada color tiene su propio matiz, y pueden ser indicadas en una situaci\u00f3n u otra seg\u00fan lo que quieras expresar:<\/p>\n<p>Regalar\u00a0<strong>rosas malva o lilas<\/strong> es sin\u00f3nimo de desear una vida feliz llena de positividad. Lo cual quiere decir que se relaciona con la suerte, con los buenos deseos y la celebraci\u00f3n. Podr\u00edan ser una buena apuesta para mostrar apoyo a personas que pasan un momento complicado. Brindan alegr\u00eda y belleza, tambi\u00e9n se suelen recomendar para celebrar momento importantes.<\/p>\n<p>Las<strong>\u00a0rosas blancas<\/strong> representan la pureza, por lo tanto son las favoritas para momentos de compromiso: bodas, pedidas de mano, incluso para reci\u00e9n nacidos. El blanco puro de las rosas es un canto a la ternura, su belleza es digna de admiraci\u00f3n y son una opci\u00f3n que siempre acierta.<\/p>\n<p>Las rosas rosadas dar\u00e1n el toque de ternura, y es que precisamente simbolizan lo tierno, el amor desinteresado. Puede ser un amor fraternal, maternal, rom\u00e1ntico o de amistad. Las rosas rosadas se suelen elegir para momentos especiales, o para personas so\u00f1adoras.<\/p>\n<p>Cualquier ocasi\u00f3n es buena para regalar flores, su embriagador olor y su belleza indiscutible ser\u00e1n una sorpresa muy agradable para la persona afortunada que las reciba.<\/p>\n<h3>Flores a domicilio en la Costa del Sol<\/h3>\n<p>Recuerda que somos tu florister\u00eda de confianza en la\u00a0<strong>Costa del Sol<\/strong>. Hacemos repartos desde\u00a0<strong>Estepona<\/strong>\u00a0hasta\u00a0<strong>San Pedro<\/strong>\u00a0o\u00a0<strong>Marbella<\/strong>. Si deseas enviar\u00a0<strong>flores a domicilio<\/strong>\u00a0puedes contar con nuestra experiencia para que tus ramos lleguen en las mejores condiciones. Sorprende a tu persona favorita. Tambi\u00e9n puedes hacer uso de nuestro servicio de\u00a0<strong>tienda online<\/strong>.<\/p>\n<p>&nbsp;<\/p>\n<p>Recuerda que puedes encontrarnos en\u00a0<a href=\"https:\/\/www.facebook.com\/bellarosa.es\/\">Facebook<\/a>\u00a0e\u00a0<a href=\"https:\/\/www.instagram.com\/bellarosa_marbella\/\" rel=\"noopener\">Instagram<\/a>. \u00a1Te esperamos!<\/p>\n","protected":false},"excerpt":{"rendered":"<blockquote><p>Encontrar\u00e1s mucho m\u00e1s en los bosques que en los libros; los \u00e1rboles y las piedras te ense\u00f1ar\u00e1n lo que nunca aprender\u00e1s de un maestro.<\/p>\n<p>\u2013 San Bernardo de Claraval \u2013<\/p><\/blockquote>\n<p>Esta cesta de flores en tonos pastel es perfecta para decorar salones, estudios o jardines. Para hacer de tu rinc\u00f3n favorito un lugar alegre, donde las flores embriaguen con su aroma, donde los colores dancen entre s\u00ed. Tambi\u00e9n es estupenda para regalar y sorprender con las mejores flores del mercado. <strong>Duende<\/strong>\u00a0est\u00e1 compuesto por:<\/p>\n<p>10 Rosas blancas<\/p>\n<p>10 Rosas rosas<\/p>\n<p>10 Rosas malva<\/p>\n<p>Lisianthus malva<\/p>\n<p>Flor de cera o relleno rosa<\/p>\n<p>&nbsp;<\/p>\n<p>Tenemos una gran variedad de cestas de flores a buen precio. Con\u00f3celas <a href=\"https:\/\/bellarosa.es\/?product_cat=&amp;s=cesta&amp;post_type=product\">aqu\u00ed<\/a><\/p>\n","protected":false},"featured_media":8571,"comment_status":"open","ping_status":"closed","template":"","meta":[],"product_brand":[],"product_cat":[306,1149,1100],"product_tag":[],"class_list":{"0":"post-4020","1":"product","2":"type-product","3":"status-publish","4":"has-post-thumbnail","6":"product_cat-cesta-de-flores","7":"product_cat-dia-de-la-madre","8":"product_cat-8-marzo-dia-de-la-mujer","10":"first","11":"instock","12":"shipping-taxable","13":"purchasable","14":"product-type-simple","15":"layout-style-1","16":"col-md-4 col-sm-4 col-xs-6","17":"col-lg-4","18":"product-style-default"},"yoast_head":"<!-- This site is optimized with the Yoast SEO plugin v27.4 - https:\/\/yoast.com\/product\/yoast-seo-wordpress\/ -->\n<title>Bosque m\u00e1gico - Cesta de rosas de colores - Florister&iacute;a en San Pedro Alc&aacute;ntara<\/title>\n<meta name=\"robots\" content=\"noindex, follow\" \/>\n<meta property=\"og:locale\" content=\"en_US\" \/>\n<meta property=\"og:type\" content=\"article\" \/>\n<meta property=\"og:title\" content=\"Bosque m\u00e1gico - Cesta de rosas de colores - Florister&iacute;a en San Pedro Alc&aacute;ntara\" \/>\n<meta property=\"og:description\" content=\"Encontrar\u00e1s mucho m\u00e1s en los bosques que en los libros; los \u00e1rboles y las piedras te ense\u00f1ar\u00e1n lo que nunca aprender\u00e1s de un maestro.  \u2013 San Bernardo de Claraval \u2013 Esta cesta de flores en tonos pastel es perfecta para decorar salones, estudios o jardines. Para hacer de tu rinc\u00f3n favorito un lugar alegre, donde las flores embriaguen con su aroma, donde los colores dancen entre s\u00ed. Tambi\u00e9n es estupenda para regalar y sorprender con las mejores flores del mercado. Duende\u00a0est\u00e1 compuesto por:  10 Rosas blancas  10 Rosas rosas  10 Rosas malva  Lisianthus malva  Flor de cera o relleno rosa  &nbsp;  Tenemos una gran variedad de cestas de flores a buen precio. Con\u00f3celas aqu\u00ed\" \/>\n<meta property=\"og:url\" content=\"https:\/\/bellarosa.es\/en\/bosque-magico-cesta-rosas-colores\/\" \/>\n<meta property=\"og:site_name\" content=\"Florister&iacute;a en San Pedro Alc&aacute;ntara\" \/>\n<meta property=\"article:modified_time\" content=\"2026-04-10T10:59:55+00:00\" \/>\n<meta property=\"og:image\" content=\"https:\/\/bellarosa.es\/wp-content\/uploads\/2022\/11\/1F06DB28-A6DB-4B0A-B03B-8FC69FAB798D-2.png\" \/>\n\t<meta property=\"og:image:width\" content=\"640\" \/>\n\t<meta property=\"og:image:height\" content=\"960\" \/>\n\t<meta property=\"og:image:type\" content=\"image\/png\" \/>\n<meta name=\"twitter:card\" content=\"summary_large_image\" \/>\n<meta name=\"twitter:label1\" content=\"Est. reading time\" \/>\n\t<meta name=\"twitter:data1\" content=\"2 minutes\" \/>\n<script type=\"application\/ld+json\" class=\"yoast-schema-graph\">{\"@context\":\"https:\\\/\\\/schema.org\",\"@graph\":[{\"@type\":\"WebPage\",\"@id\":\"https:\\\/\\\/bellarosa.es\\\/en\\\/bosque-magico-cesta-rosas-colores\\\/\",\"url\":\"https:\\\/\\\/bellarosa.es\\\/en\\\/bosque-magico-cesta-rosas-colores\\\/\",\"name\":\"Bosque m\u00e1gico - Cesta de rosas de colores - Florister&iacute;a en San Pedro Alc&aacute;ntara\",\"isPartOf\":{\"@id\":\"https:\\\/\\\/bellarosa.es\\\/en\\\/#website\"},\"primaryImageOfPage\":{\"@id\":\"https:\\\/\\\/bellarosa.es\\\/en\\\/bosque-magico-cesta-rosas-colores\\\/#primaryimage\"},\"image\":{\"@id\":\"https:\\\/\\\/bellarosa.es\\\/en\\\/bosque-magico-cesta-rosas-colores\\\/#primaryimage\"},\"thumbnailUrl\":\"https:\\\/\\\/bellarosa.es\\\/wp-content\\\/uploads\\\/2022\\\/11\\\/1F06DB28-A6DB-4B0A-B03B-8FC69FAB798D-2.png\",\"datePublished\":\"2022-11-09T09:52:28+00:00\",\"dateModified\":\"2026-04-10T10:59:55+00:00\",\"breadcrumb\":{\"@id\":\"https:\\\/\\\/bellarosa.es\\\/en\\\/bosque-magico-cesta-rosas-colores\\\/#breadcrumb\"},\"inLanguage\":\"en-US\",\"potentialAction\":[{\"@type\":\"ReadAction\",\"target\":[\"https:\\\/\\\/bellarosa.es\\\/en\\\/bosque-magico-cesta-rosas-colores\\\/\"]}]},{\"@type\":\"ImageObject\",\"inLanguage\":\"en-US\",\"@id\":\"https:\\\/\\\/bellarosa.es\\\/en\\\/bosque-magico-cesta-rosas-colores\\\/#primaryimage\",\"url\":\"https:\\\/\\\/bellarosa.es\\\/wp-content\\\/uploads\\\/2022\\\/11\\\/1F06DB28-A6DB-4B0A-B03B-8FC69FAB798D-2.png\",\"contentUrl\":\"https:\\\/\\\/bellarosa.es\\\/wp-content\\\/uploads\\\/2022\\\/11\\\/1F06DB28-A6DB-4B0A-B03B-8FC69FAB798D-2.png\",\"width\":1024,\"height\":1536},{\"@type\":\"BreadcrumbList\",\"@id\":\"https:\\\/\\\/bellarosa.es\\\/en\\\/bosque-magico-cesta-rosas-colores\\\/#breadcrumb\",\"itemListElement\":[{\"@type\":\"ListItem\",\"position\":1,\"name\":\"Inicio\",\"item\":\"https:\\\/\\\/bellarosa.es\\\/en\\\/\"},{\"@type\":\"ListItem\",\"position\":2,\"name\":\"Shop\",\"item\":\"https:\\\/\\\/bellarosa.es\\\/en\\\/shop\\\/\"},{\"@type\":\"ListItem\",\"position\":3,\"name\":\"Bosque m\u00e1gico &#8211; Cesta de rosas de colores\"}]},{\"@type\":\"WebSite\",\"@id\":\"https:\\\/\\\/bellarosa.es\\\/en\\\/#website\",\"url\":\"https:\\\/\\\/bellarosa.es\\\/en\\\/\",\"name\":\"Florister&iacute;a en San Pedro Alc&aacute;ntara\",\"description\":\"\",\"publisher\":{\"@id\":\"https:\\\/\\\/bellarosa.es\\\/en\\\/#organization\"},\"potentialAction\":[{\"@type\":\"SearchAction\",\"target\":{\"@type\":\"EntryPoint\",\"urlTemplate\":\"https:\\\/\\\/bellarosa.es\\\/en\\\/?s={search_term_string}\"},\"query-input\":{\"@type\":\"PropertyValueSpecification\",\"valueRequired\":true,\"valueName\":\"search_term_string\"}}],\"inLanguage\":\"en-US\"},{\"@type\":\"Organization\",\"@id\":\"https:\\\/\\\/bellarosa.es\\\/en\\\/#organization\",\"name\":\"Floristeria Bella Rosa\",\"url\":\"https:\\\/\\\/bellarosa.es\\\/en\\\/\",\"logo\":{\"@type\":\"ImageObject\",\"inLanguage\":\"en-US\",\"@id\":\"https:\\\/\\\/bellarosa.es\\\/en\\\/#\\\/schema\\\/logo\\\/image\\\/\",\"url\":\"\",\"contentUrl\":\"\",\"caption\":\"Floristeria Bella Rosa\"},\"image\":{\"@id\":\"https:\\\/\\\/bellarosa.es\\\/en\\\/#\\\/schema\\\/logo\\\/image\\\/\"}}]}<\/script>\n<!-- \/ Yoast SEO plugin. -->","yoast_head_json":{"title":"Bosque m\u00e1gico - Cesta de rosas de colores - Florister&iacute;a en San Pedro Alc&aacute;ntara","robots":{"index":"noindex","follow":"follow"},"og_locale":"en_US","og_type":"article","og_title":"Bosque m\u00e1gico - Cesta de rosas de colores - Florister&iacute;a en San Pedro Alc&aacute;ntara","og_description":"Encontrar\u00e1s mucho m\u00e1s en los bosques que en los libros; los \u00e1rboles y las piedras te ense\u00f1ar\u00e1n lo que nunca aprender\u00e1s de un maestro.  \u2013 San Bernardo de Claraval \u2013 Esta cesta de flores en tonos pastel es perfecta para decorar salones, estudios o jardines. Para hacer de tu rinc\u00f3n favorito un lugar alegre, donde las flores embriaguen con su aroma, donde los colores dancen entre s\u00ed. Tambi\u00e9n es estupenda para regalar y sorprender con las mejores flores del mercado. Duende\u00a0est\u00e1 compuesto por:  10 Rosas blancas  10 Rosas rosas  10 Rosas malva  Lisianthus malva  Flor de cera o relleno rosa  &nbsp;  Tenemos una gran variedad de cestas de flores a buen precio. Con\u00f3celas aqu\u00ed","og_url":"https:\/\/bellarosa.es\/en\/bosque-magico-cesta-rosas-colores\/","og_site_name":"Florister&iacute;a en San Pedro Alc&aacute;ntara","article_modified_time":"2026-04-10T10:59:55+00:00","og_image":[{"url":"https:\/\/bellarosa.es\/wp-content\/uploads\/2022\/11\/1F06DB28-A6DB-4B0A-B03B-8FC69FAB798D-2.png","width":640,"height":960,"type":"image\/png"}],"twitter_card":"summary_large_image","twitter_misc":{"Est. reading time":"2 minutes"},"schema":{"@context":"https:\/\/schema.org","@graph":[{"@type":"WebPage","@id":"https:\/\/bellarosa.es\/en\/bosque-magico-cesta-rosas-colores\/","url":"https:\/\/bellarosa.es\/en\/bosque-magico-cesta-rosas-colores\/","name":"Bosque m\u00e1gico - Cesta de rosas de colores - Florister&iacute;a en San Pedro Alc&aacute;ntara","isPartOf":{"@id":"https:\/\/bellarosa.es\/en\/#website"},"primaryImageOfPage":{"@id":"https:\/\/bellarosa.es\/en\/bosque-magico-cesta-rosas-colores\/#primaryimage"},"image":{"@id":"https:\/\/bellarosa.es\/en\/bosque-magico-cesta-rosas-colores\/#primaryimage"},"thumbnailUrl":"https:\/\/bellarosa.es\/wp-content\/uploads\/2022\/11\/1F06DB28-A6DB-4B0A-B03B-8FC69FAB798D-2.png","datePublished":"2022-11-09T09:52:28+00:00","dateModified":"2026-04-10T10:59:55+00:00","breadcrumb":{"@id":"https:\/\/bellarosa.es\/en\/bosque-magico-cesta-rosas-colores\/#breadcrumb"},"inLanguage":"en-US","potentialAction":[{"@type":"ReadAction","target":["https:\/\/bellarosa.es\/en\/bosque-magico-cesta-rosas-colores\/"]}]},{"@type":"ImageObject","inLanguage":"en-US","@id":"https:\/\/bellarosa.es\/en\/bosque-magico-cesta-rosas-colores\/#primaryimage","url":"https:\/\/bellarosa.es\/wp-content\/uploads\/2022\/11\/1F06DB28-A6DB-4B0A-B03B-8FC69FAB798D-2.png","contentUrl":"https:\/\/bellarosa.es\/wp-content\/uploads\/2022\/11\/1F06DB28-A6DB-4B0A-B03B-8FC69FAB798D-2.png","width":1024,"height":1536},{"@type":"BreadcrumbList","@id":"https:\/\/bellarosa.es\/en\/bosque-magico-cesta-rosas-colores\/#breadcrumb","itemListElement":[{"@type":"ListItem","position":1,"name":"Inicio","item":"https:\/\/bellarosa.es\/en\/"},{"@type":"ListItem","position":2,"name":"Shop","item":"https:\/\/bellarosa.es\/en\/shop\/"},{"@type":"ListItem","position":3,"name":"Bosque m\u00e1gico &#8211; Cesta de rosas de colores"}]},{"@type":"WebSite","@id":"https:\/\/bellarosa.es\/en\/#website","url":"https:\/\/bellarosa.es\/en\/","name":"Florister&iacute;a en San Pedro Alc&aacute;ntara","description":"","publisher":{"@id":"https:\/\/bellarosa.es\/en\/#organization"},"potentialAction":[{"@type":"SearchAction","target":{"@type":"EntryPoint","urlTemplate":"https:\/\/bellarosa.es\/en\/?s={search_term_string}"},"query-input":{"@type":"PropertyValueSpecification","valueRequired":true,"valueName":"search_term_string"}}],"inLanguage":"en-US"},{"@type":"Organization","@id":"https:\/\/bellarosa.es\/en\/#organization","name":"Floristeria Bella Rosa","url":"https:\/\/bellarosa.es\/en\/","logo":{"@type":"ImageObject","inLanguage":"en-US","@id":"https:\/\/bellarosa.es\/en\/#\/schema\/logo\/image\/","url":"","contentUrl":"","caption":"Floristeria Bella Rosa"},"image":{"@id":"https:\/\/bellarosa.es\/en\/#\/schema\/logo\/image\/"}}]}},"_links":{"self":[{"href":"https:\/\/bellarosa.es\/en\/wp-json\/wp\/v2\/product\/4020","targetHints":{"allow":["GET"]}}],"collection":[{"href":"https:\/\/bellarosa.es\/en\/wp-json\/wp\/v2\/product"}],"about":[{"href":"https:\/\/bellarosa.es\/en\/wp-json\/wp\/v2\/types\/product"}],"replies":[{"embeddable":true,"href":"https:\/\/bellarosa.es\/en\/wp-json\/wp\/v2\/comments?post=4020"}],"wp:featuredmedia":[{"embeddable":true,"href":"https:\/\/bellarosa.es\/en\/wp-json\/wp\/v2\/media\/8571"}],"wp:attachment":[{"href":"https:\/\/bellarosa.es\/en\/wp-json\/wp\/v2\/media?parent=4020"}],"wp:term":[{"taxonomy":"product_brand","embeddable":true,"href":"https:\/\/bellarosa.es\/en\/wp-json\/wp\/v2\/product_brand?post=4020"},{"taxonomy":"product_cat","embeddable":true,"href":"https:\/\/bellarosa.es\/en\/wp-json\/wp\/v2\/product_cat?post=4020"},{"taxonomy":"product_tag","embeddable":true,"href":"https:\/\/bellarosa.es\/en\/wp-json\/wp\/v2\/product_tag?post=4020"}],"curies":[{"name":"wp","href":"https:\/\/api.w.org\/{rel}","templated":true}]}}