{"id":4008,"date":"2022-11-03T12:13:05","date_gmt":"2022-11-03T12:13:05","guid":{"rendered":"https:\/\/bellarosa.es\/?post_type=product&#038;p=4008"},"modified":"2026-04-10T11:17:00","modified_gmt":"2026-04-10T11:17:00","slug":"duende-caja-floral-tonos-pasteles","status":"publish","type":"product","link":"https:\/\/bellarosa.es\/en\/duende-caja-floral-tonos-pasteles\/","title":{"rendered":"Caja floral tonos pasteles &#8211; Duende"},"content":{"rendered":"<h2><strong>Duende es una cesta de ensue\u00f1o<\/strong><\/h2>\n<h3>Una combinaci\u00f3n de flores en tonos pastel<\/h3>\n<p>La\u00a0<strong>rosa malva o lila<\/strong>\u00a0es la flor de\u00a0<strong>la positividad, la eternidad y la calidad de vida<\/strong>. Es decir, se asocia con las buenas sensaciones, con el buen rollo y con la actitud positiva. \u00a1Una flor llena de alegr\u00eda! Est\u00e1 asociada con vidas largas cargadas de felicidad y salud, por lo que regalar\u00a0<strong>rosas lilas<\/strong>\u00a0es una buena forma de\u00a0<strong>desear lo mejor<\/strong>\u00a0en una vida pr\u00f3spera.<\/p>\n<p>La\u00a0<strong>rosa blanca<\/strong>\u00a0es una flor relacionada con el\u00a0<strong>amor puro<\/strong>. La inocencia y sentimientos de bondad son los que mejor la describen. La rosa blanca est\u00e1 vinculada al concepto de pureza inmaculada. Es una flor que se suele elegir por las novias el d\u00eda de su boda precisamente por esta connotaci\u00f3n.<\/p>\n<h3>\u00bfCu\u00e1ndo regalar Duende?<\/h3>\n<p>Regalar\u00a0<strong>rosas malva o lilas<\/strong>\u00a0quiere decir que la persona que le est\u00e1 obsequiando con dicho regalo le est\u00e1 deseando una vida feliz llena de positividad. Brindan alegr\u00eda y belleza, por lo que pueden ser geniales para brindar apoyo o celebrar un momento especial.<\/p>\n<p>Las<strong>\u00a0rosas blancas<\/strong>\u00a0son las favoritas para momentos de compromiso: bodas, pedidas de mano, incluso para reci\u00e9n nacidos, ya que significan pureza.<\/p>\n<p>El\u00a0<strong>lilium rosa<\/strong>\u00a0es una flor indiscutiblemente bella, de gran tama\u00f1o que simboliza la juventud y la bondad. El<strong>\u00a0lilium rosa<\/strong>\u00a0es una flor con bell\u00edsimas connotaciones, de las m\u00e1s bonitas que hay. Una de las principales es que se trata de\u00a0<strong>la flor de la juventud<\/strong>, lo cual es tambi\u00e9n asociado con la ingenuidad que presentan las personas j\u00f3venes.<\/p>\n<p>El\u00a0<strong>Lisianthus<\/strong>\u00a0es una flor muy peculiar que dependiendo de su color tiene un significado u otro. La de color blanco expresa dulzura y bondad. Si usted regala\u00a0<strong>Lisianthus<\/strong>, estar\u00e1 expresando afecto por la otra persona adem\u00e1s de compromiso a largo plazo.<\/p>\n<p>Cualquier ocasi\u00f3n es buena para regalar flores, su embriagador olor y su belleza indiscutible ser\u00e1n una sorpresa muy agradable para la persona afortunada que las reciba.<\/p>\n<h3>Flores a domicilio en la Costa del Sol<\/h3>\n<p>Recuerda que somos tu florister\u00eda de confianza en la\u00a0<strong>Costa del Sol<\/strong>. Hacemos repartos desde\u00a0<strong>Estepona<\/strong>\u00a0hasta\u00a0<strong>San Pedro<\/strong>\u00a0o\u00a0<strong>Marbella<\/strong>. Si deseas enviar\u00a0<strong>flores a domicilio<\/strong>\u00a0puedes contar con nuestra experiencia para que tus ramos lleguen en las mejores condiciones. Sorprende a tu persona favorita. Tambi\u00e9n puedes hacer uso de nuestro servicio de\u00a0<strong>tienda online<\/strong>.<\/p>\n<p>&nbsp;<\/p>\n<p><strong>Duende<\/strong>\u00a0est\u00e1 compuesto por:<\/p>\n<p>3 Rosas blancas<\/p>\n<p>3 Rosas rosas<\/p>\n<p>2 Lilium oriental rosa<\/p>\n<p>Lisianthus blanco<\/p>\n<p>Eucalipto<\/p>\n<p>Statices malva<\/p>\n<p>Caja floral blanca<\/p>\n<p>&nbsp;<\/p>\n<p>Tenemos una gran variedad de cestas de flores a buen precio. Con\u00f3celas <a href=\"https:\/\/bellarosa.es\/?product_cat=&amp;s=cesta&amp;post_type=product\">aqu\u00ed<\/a><\/p>\n<p>&nbsp;<\/p>\n<p>Recuerda que puedes encontrarnos en\u00a0<a href=\"https:\/\/www.facebook.com\/bellarosa.es\/\">Facebook<\/a>\u00a0e\u00a0<a href=\"https:\/\/www.instagram.com\/bellarosa_marbella\/\" rel=\"noopener\">Instagram<\/a>. \u00a1Te esperamos!<\/p>\n","protected":false},"excerpt":{"rendered":"<blockquote><p>El amor tiene un duende que r\u00ede, que enciende, que crea y recrea y aunque el diablo le pase, reto\u00f1a y florece y al mal lo voltea.<\/p>\n<p>\u2013 Eladia Blazquez \u2013<\/p><\/blockquote>\n<p>Esta cesta de flores en tonos pastel es perfecta para decorar salones, estudios o jardines. Para hacer de tu rinc\u00f3n favorito un lugar alegre, donde las flores embriaguen con su aroma, donde los colores dancen entre s\u00ed. Tambi\u00e9n es estupenda para regalar y sorprender con las mejores flores del mercado.<\/p>\n","protected":false},"featured_media":8515,"comment_status":"open","ping_status":"closed","template":"","meta":[],"product_brand":[],"product_cat":[158,134,1149,144,1014,159,142,1100],"product_tag":[],"class_list":{"0":"post-4008","1":"product","2":"type-product","3":"status-publish","4":"has-post-thumbnail","6":"product_cat-caja-floral","7":"product_cat-cumpleanos","8":"product_cat-dia-de-la-madre","9":"product_cat-flores-varias","10":"product_cat-lo-mas-vendido","11":"product_cat-mothers-day","12":"product_cat-rosas","13":"product_cat-8-marzo-dia-de-la-mujer","15":"first","16":"instock","17":"shipping-taxable","18":"purchasable","19":"product-type-simple","20":"layout-style-1","21":"col-md-4 col-sm-4 col-xs-6","22":"col-lg-4","23":"product-style-default"},"yoast_head":"<!-- This site is optimized with the Yoast SEO plugin v27.5 - https:\/\/yoast.com\/product\/yoast-seo-wordpress\/ -->\n<title>Caja floral tonos pasteles - Duende - Florister&iacute;a en San Pedro Alc&aacute;ntara<\/title>\n<meta name=\"robots\" content=\"noindex, follow\" \/>\n<meta property=\"og:locale\" content=\"en_US\" \/>\n<meta property=\"og:type\" content=\"article\" \/>\n<meta property=\"og:title\" content=\"Caja floral tonos pasteles - Duende - Florister&iacute;a en San Pedro Alc&aacute;ntara\" \/>\n<meta property=\"og:description\" content=\"El amor tiene un duende que r\u00ede, que enciende, que crea y recrea y aunque el diablo le pase, reto\u00f1a y florece y al mal lo voltea.  \u2013 Eladia Blazquez \u2013 Esta cesta de flores en tonos pastel es perfecta para decorar salones, estudios o jardines. Para hacer de tu rinc\u00f3n favorito un lugar alegre, donde las flores embriaguen con su aroma, donde los colores dancen entre s\u00ed. Tambi\u00e9n es estupenda para regalar y sorprender con las mejores flores del mercado.\" \/>\n<meta property=\"og:url\" content=\"https:\/\/bellarosa.es\/en\/duende-caja-floral-tonos-pasteles\/\" \/>\n<meta property=\"og:site_name\" content=\"Florister&iacute;a en San Pedro Alc&aacute;ntara\" \/>\n<meta property=\"article:modified_time\" content=\"2026-04-10T11:17:00+00:00\" \/>\n<meta property=\"og:image\" content=\"https:\/\/bellarosa.es\/wp-content\/uploads\/2022\/11\/B93D8FB4-3607-4F17-9EA2-2B6147E6224B.png\" \/>\n\t<meta property=\"og:image:width\" content=\"1024\" \/>\n\t<meta property=\"og:image:height\" content=\"1536\" \/>\n\t<meta property=\"og:image:type\" content=\"image\/png\" \/>\n<meta name=\"twitter:card\" content=\"summary_large_image\" \/>\n<meta name=\"twitter:label1\" content=\"Est. reading time\" \/>\n\t<meta name=\"twitter:data1\" content=\"3 minutes\" \/>\n<script type=\"application\/ld+json\" class=\"yoast-schema-graph\">{\"@context\":\"https:\\\/\\\/schema.org\",\"@graph\":[{\"@type\":\"WebPage\",\"@id\":\"https:\\\/\\\/bellarosa.es\\\/en\\\/duende-caja-floral-tonos-pasteles\\\/\",\"url\":\"https:\\\/\\\/bellarosa.es\\\/en\\\/duende-caja-floral-tonos-pasteles\\\/\",\"name\":\"Caja floral tonos pasteles - Duende - Florister&iacute;a en San Pedro Alc&aacute;ntara\",\"isPartOf\":{\"@id\":\"https:\\\/\\\/bellarosa.es\\\/en\\\/#website\"},\"primaryImageOfPage\":{\"@id\":\"https:\\\/\\\/bellarosa.es\\\/en\\\/duende-caja-floral-tonos-pasteles\\\/#primaryimage\"},\"image\":{\"@id\":\"https:\\\/\\\/bellarosa.es\\\/en\\\/duende-caja-floral-tonos-pasteles\\\/#primaryimage\"},\"thumbnailUrl\":\"https:\\\/\\\/bellarosa.es\\\/wp-content\\\/uploads\\\/2022\\\/11\\\/B93D8FB4-3607-4F17-9EA2-2B6147E6224B.png\",\"datePublished\":\"2022-11-03T12:13:05+00:00\",\"dateModified\":\"2026-04-10T11:17:00+00:00\",\"breadcrumb\":{\"@id\":\"https:\\\/\\\/bellarosa.es\\\/en\\\/duende-caja-floral-tonos-pasteles\\\/#breadcrumb\"},\"inLanguage\":\"en-US\",\"potentialAction\":[{\"@type\":\"ReadAction\",\"target\":[\"https:\\\/\\\/bellarosa.es\\\/en\\\/duende-caja-floral-tonos-pasteles\\\/\"]}]},{\"@type\":\"ImageObject\",\"inLanguage\":\"en-US\",\"@id\":\"https:\\\/\\\/bellarosa.es\\\/en\\\/duende-caja-floral-tonos-pasteles\\\/#primaryimage\",\"url\":\"https:\\\/\\\/bellarosa.es\\\/wp-content\\\/uploads\\\/2022\\\/11\\\/B93D8FB4-3607-4F17-9EA2-2B6147E6224B.png\",\"contentUrl\":\"https:\\\/\\\/bellarosa.es\\\/wp-content\\\/uploads\\\/2022\\\/11\\\/B93D8FB4-3607-4F17-9EA2-2B6147E6224B.png\",\"width\":1024,\"height\":1536},{\"@type\":\"BreadcrumbList\",\"@id\":\"https:\\\/\\\/bellarosa.es\\\/en\\\/duende-caja-floral-tonos-pasteles\\\/#breadcrumb\",\"itemListElement\":[{\"@type\":\"ListItem\",\"position\":1,\"name\":\"Inicio\",\"item\":\"https:\\\/\\\/bellarosa.es\\\/en\\\/\"},{\"@type\":\"ListItem\",\"position\":2,\"name\":\"Shop\",\"item\":\"https:\\\/\\\/bellarosa.es\\\/en\\\/shop\\\/\"},{\"@type\":\"ListItem\",\"position\":3,\"name\":\"Caja floral tonos pasteles &#8211; Duende\"}]},{\"@type\":\"WebSite\",\"@id\":\"https:\\\/\\\/bellarosa.es\\\/en\\\/#website\",\"url\":\"https:\\\/\\\/bellarosa.es\\\/en\\\/\",\"name\":\"Florister&iacute;a en San Pedro Alc&aacute;ntara\",\"description\":\"\",\"publisher\":{\"@id\":\"https:\\\/\\\/bellarosa.es\\\/en\\\/#organization\"},\"potentialAction\":[{\"@type\":\"SearchAction\",\"target\":{\"@type\":\"EntryPoint\",\"urlTemplate\":\"https:\\\/\\\/bellarosa.es\\\/en\\\/?s={search_term_string}\"},\"query-input\":{\"@type\":\"PropertyValueSpecification\",\"valueRequired\":true,\"valueName\":\"search_term_string\"}}],\"inLanguage\":\"en-US\"},{\"@type\":\"Organization\",\"@id\":\"https:\\\/\\\/bellarosa.es\\\/en\\\/#organization\",\"name\":\"Floristeria Bella Rosa\",\"url\":\"https:\\\/\\\/bellarosa.es\\\/en\\\/\",\"logo\":{\"@type\":\"ImageObject\",\"inLanguage\":\"en-US\",\"@id\":\"https:\\\/\\\/bellarosa.es\\\/en\\\/#\\\/schema\\\/logo\\\/image\\\/\",\"url\":\"\",\"contentUrl\":\"\",\"caption\":\"Floristeria Bella Rosa\"},\"image\":{\"@id\":\"https:\\\/\\\/bellarosa.es\\\/en\\\/#\\\/schema\\\/logo\\\/image\\\/\"}}]}<\/script>\n<!-- \/ Yoast SEO plugin. -->","yoast_head_json":{"title":"Caja floral tonos pasteles - Duende - Florister&iacute;a en San Pedro Alc&aacute;ntara","robots":{"index":"noindex","follow":"follow"},"og_locale":"en_US","og_type":"article","og_title":"Caja floral tonos pasteles - Duende - Florister&iacute;a en San Pedro Alc&aacute;ntara","og_description":"El amor tiene un duende que r\u00ede, que enciende, que crea y recrea y aunque el diablo le pase, reto\u00f1a y florece y al mal lo voltea.  \u2013 Eladia Blazquez \u2013 Esta cesta de flores en tonos pastel es perfecta para decorar salones, estudios o jardines. Para hacer de tu rinc\u00f3n favorito un lugar alegre, donde las flores embriaguen con su aroma, donde los colores dancen entre s\u00ed. Tambi\u00e9n es estupenda para regalar y sorprender con las mejores flores del mercado.","og_url":"https:\/\/bellarosa.es\/en\/duende-caja-floral-tonos-pasteles\/","og_site_name":"Florister&iacute;a en San Pedro Alc&aacute;ntara","article_modified_time":"2026-04-10T11:17:00+00:00","og_image":[{"width":1024,"height":1536,"url":"https:\/\/bellarosa.es\/wp-content\/uploads\/2022\/11\/B93D8FB4-3607-4F17-9EA2-2B6147E6224B.png","type":"image\/png"}],"twitter_card":"summary_large_image","twitter_misc":{"Est. reading time":"3 minutes"},"schema":{"@context":"https:\/\/schema.org","@graph":[{"@type":"WebPage","@id":"https:\/\/bellarosa.es\/en\/duende-caja-floral-tonos-pasteles\/","url":"https:\/\/bellarosa.es\/en\/duende-caja-floral-tonos-pasteles\/","name":"Caja floral tonos pasteles - Duende - Florister&iacute;a en San Pedro Alc&aacute;ntara","isPartOf":{"@id":"https:\/\/bellarosa.es\/en\/#website"},"primaryImageOfPage":{"@id":"https:\/\/bellarosa.es\/en\/duende-caja-floral-tonos-pasteles\/#primaryimage"},"image":{"@id":"https:\/\/bellarosa.es\/en\/duende-caja-floral-tonos-pasteles\/#primaryimage"},"thumbnailUrl":"https:\/\/bellarosa.es\/wp-content\/uploads\/2022\/11\/B93D8FB4-3607-4F17-9EA2-2B6147E6224B.png","datePublished":"2022-11-03T12:13:05+00:00","dateModified":"2026-04-10T11:17:00+00:00","breadcrumb":{"@id":"https:\/\/bellarosa.es\/en\/duende-caja-floral-tonos-pasteles\/#breadcrumb"},"inLanguage":"en-US","potentialAction":[{"@type":"ReadAction","target":["https:\/\/bellarosa.es\/en\/duende-caja-floral-tonos-pasteles\/"]}]},{"@type":"ImageObject","inLanguage":"en-US","@id":"https:\/\/bellarosa.es\/en\/duende-caja-floral-tonos-pasteles\/#primaryimage","url":"https:\/\/bellarosa.es\/wp-content\/uploads\/2022\/11\/B93D8FB4-3607-4F17-9EA2-2B6147E6224B.png","contentUrl":"https:\/\/bellarosa.es\/wp-content\/uploads\/2022\/11\/B93D8FB4-3607-4F17-9EA2-2B6147E6224B.png","width":1024,"height":1536},{"@type":"BreadcrumbList","@id":"https:\/\/bellarosa.es\/en\/duende-caja-floral-tonos-pasteles\/#breadcrumb","itemListElement":[{"@type":"ListItem","position":1,"name":"Inicio","item":"https:\/\/bellarosa.es\/en\/"},{"@type":"ListItem","position":2,"name":"Shop","item":"https:\/\/bellarosa.es\/en\/shop\/"},{"@type":"ListItem","position":3,"name":"Caja floral tonos pasteles &#8211; Duende"}]},{"@type":"WebSite","@id":"https:\/\/bellarosa.es\/en\/#website","url":"https:\/\/bellarosa.es\/en\/","name":"Florister&iacute;a en San Pedro Alc&aacute;ntara","description":"","publisher":{"@id":"https:\/\/bellarosa.es\/en\/#organization"},"potentialAction":[{"@type":"SearchAction","target":{"@type":"EntryPoint","urlTemplate":"https:\/\/bellarosa.es\/en\/?s={search_term_string}"},"query-input":{"@type":"PropertyValueSpecification","valueRequired":true,"valueName":"search_term_string"}}],"inLanguage":"en-US"},{"@type":"Organization","@id":"https:\/\/bellarosa.es\/en\/#organization","name":"Floristeria Bella Rosa","url":"https:\/\/bellarosa.es\/en\/","logo":{"@type":"ImageObject","inLanguage":"en-US","@id":"https:\/\/bellarosa.es\/en\/#\/schema\/logo\/image\/","url":"","contentUrl":"","caption":"Floristeria Bella Rosa"},"image":{"@id":"https:\/\/bellarosa.es\/en\/#\/schema\/logo\/image\/"}}]}},"_links":{"self":[{"href":"https:\/\/bellarosa.es\/en\/wp-json\/wp\/v2\/product\/4008","targetHints":{"allow":["GET"]}}],"collection":[{"href":"https:\/\/bellarosa.es\/en\/wp-json\/wp\/v2\/product"}],"about":[{"href":"https:\/\/bellarosa.es\/en\/wp-json\/wp\/v2\/types\/product"}],"replies":[{"embeddable":true,"href":"https:\/\/bellarosa.es\/en\/wp-json\/wp\/v2\/comments?post=4008"}],"wp:featuredmedia":[{"embeddable":true,"href":"https:\/\/bellarosa.es\/en\/wp-json\/wp\/v2\/media\/8515"}],"wp:attachment":[{"href":"https:\/\/bellarosa.es\/en\/wp-json\/wp\/v2\/media?parent=4008"}],"wp:term":[{"taxonomy":"product_brand","embeddable":true,"href":"https:\/\/bellarosa.es\/en\/wp-json\/wp\/v2\/product_brand?post=4008"},{"taxonomy":"product_cat","embeddable":true,"href":"https:\/\/bellarosa.es\/en\/wp-json\/wp\/v2\/product_cat?post=4008"},{"taxonomy":"product_tag","embeddable":true,"href":"https:\/\/bellarosa.es\/en\/wp-json\/wp\/v2\/product_tag?post=4008"}],"curies":[{"name":"wp","href":"https:\/\/api.w.org\/{rel}","templated":true}]}}