{"id":4005,"date":"2022-11-03T12:05:40","date_gmt":"2022-11-03T12:05:40","guid":{"rendered":"https:\/\/bellarosa.es\/?post_type=product&#038;p=4005"},"modified":"2026-02-24T10:57:59","modified_gmt":"2026-02-24T10:57:59","slug":"bosque-encantado-cesta-24-rosas-varias","status":"publish","type":"product","link":"https:\/\/bellarosa.es\/en\/bosque-encantado-cesta-24-rosas-varias\/","title":{"rendered":"Bosque encantado &#8211; Cesta 24 rosas varias"},"content":{"rendered":"<h2><strong>Rosas como reci\u00e9n recolectadas del bosque<\/strong><\/h2>\n<p>La frescura y belleza de las rosas se juntan en esta bonita presentaci\u00f3n en cesta de mimbre. Una forma distinta de regalar flores o de decorar tu espacio ideal. Hemos realizado una selecci\u00f3n de rosas mixtas, como la variedad de colores que encontramos en mitad del bosque. Inspirados en la naturaleza y en la belleza de las rosas, te traemos este producto tan especial, preparado por nuestros floristas expertos con much\u00edsimo cari\u00f1o.<\/p>\n<h3>\u00bfCu\u00e1ndo elegir Bosque encantado?<\/h3>\n<p>Si es para regalar, puede ser una opci\u00f3n ideal para padres, madres o familiares. Las rosas son el s\u00edmbolo del amor, dependiendo de su color expresan un amor concreto. En esta cesta, al tener una mezcla de muchas rosas, es como decir que quieres a esa persona en todas sus facetas. \u00a1Un significado precioso!<\/p>\n<p>Por supuesto, para la pareja si es amante de las rosas. El embriagador olor de estas flores es indispensable para una velada rom\u00e1ntica. \u00a1Sorpr\u00e9ndele y ver\u00e1s!<\/p>\n<p>Si est\u00e1s pensando en flores para decorar tu hogar o jard\u00edn, has acertado. Ya que estar\u00e1s brindando un plus de color y alegr\u00eda.<\/p>\n<h3>Flores a domicilio en la Costa del Sol<\/h3>\n<p>Recuerda que somos tu florister\u00eda de confianza en la\u00a0<strong>Costa del Sol<\/strong>. Hacemos repartos desde\u00a0<strong>Estepona<\/strong>\u00a0hasta\u00a0<strong>San Pedro<\/strong>\u00a0o\u00a0<strong>Marbella<\/strong>. Si deseas enviar\u00a0<strong>flores a domicilio<\/strong>\u00a0puedes contar con nuestra experiencia para que tus ramos lleguen en las mejores condiciones. Sorprende a tu persona favorita. Tambi\u00e9n puedes hacer uso de nuestro servicio de\u00a0<strong>tienda online<\/strong>.<\/p>\n<p>&nbsp;<\/p>\n<p>Recuerda que puedes encontrarnos en\u00a0<a href=\"https:\/\/www.facebook.com\/bellarosa.es\/\">Facebook<\/a>\u00a0e\u00a0<a href=\"https:\/\/www.instagram.com\/bellarosa_marbella\/\" rel=\"noopener\">Instagram<\/a>. \u00a1Te esperamos!<\/p>\n","protected":false},"excerpt":{"rendered":"<div class=\"woocommerce-product-details__short-description\">\n<blockquote><p>Soy la monta\u00f1a que tienes que escalar, el bosque encantado que debes recorrer.<\/p>\n<p>\u2013 Mathias Malzieu \u2013<\/p><\/blockquote>\n<p>Como reci\u00e9n recogidas de un bosque encantado, te presentamos esta <strong>cesta de 24 rosas mixtas<\/strong>, una preciosa propuesta para regalar o decorar tu espacio favorito. La mezcla de rosas de distintos colores consiguen un resultado \u00fanico y especial<strong>.<\/strong>\u00a0Ideal para parejas, esta cesta es una forma ideal de decirle que la amas.\u00a0<strong>Bosque encantado<\/strong>\u00a0est\u00e1 compuesto por:<\/p>\n<p>24 Rosas mixtas<\/p>\n<p>Cesta de mimbre<\/p>\n<p>&nbsp;<\/p>\n<p>Tenemos una gran variedad de cestas de flores a buen precio. Con\u00f3celas <a href=\"https:\/\/bellarosa.es\/?product_cat=&amp;s=cesta&amp;post_type=product\">aqu\u00ed<\/a><\/p>\n<\/div>\n","protected":false},"featured_media":8573,"comment_status":"open","ping_status":"closed","template":"","meta":[],"product_brand":[],"product_cat":[306,159,1100],"product_tag":[],"class_list":{"0":"post-4005","1":"product","2":"type-product","3":"status-publish","4":"has-post-thumbnail","6":"product_cat-cesta-de-flores","7":"product_cat-mothers-day","8":"product_cat-8-marzo-dia-de-la-mujer","10":"first","11":"instock","12":"shipping-taxable","13":"purchasable","14":"product-type-simple","15":"layout-style-1","16":"col-md-4 col-sm-4 col-xs-6","17":"col-lg-4","18":"product-style-default"},"yoast_head":"<!-- This site is optimized with the Yoast SEO plugin v27.4 - https:\/\/yoast.com\/product\/yoast-seo-wordpress\/ -->\n<title>Bosque encantado - Cesta 24 rosas varias - Florister&iacute;a en San Pedro Alc&aacute;ntara<\/title>\n<meta name=\"robots\" content=\"noindex, follow\" \/>\n<meta property=\"og:locale\" content=\"en_US\" \/>\n<meta property=\"og:type\" content=\"article\" \/>\n<meta property=\"og:title\" content=\"Bosque encantado - Cesta 24 rosas varias - Florister&iacute;a en San Pedro Alc&aacute;ntara\" \/>\n<meta property=\"og:description\" content=\"Soy la monta\u00f1a que tienes que escalar, el bosque encantado que debes recorrer.  \u2013 Mathias Malzieu \u2013 Como reci\u00e9n recogidas de un bosque encantado, te presentamos esta cesta de 24 rosas mixtas, una preciosa propuesta para regalar o decorar tu espacio favorito. La mezcla de rosas de distintos colores consiguen un resultado \u00fanico y especial.\u00a0Ideal para parejas, esta cesta es una forma ideal de decirle que la amas.\u00a0Bosque encantado\u00a0est\u00e1 compuesto por:  24 Rosas mixtas  Cesta de mimbre  &nbsp;  Tenemos una gran variedad de cestas de flores a buen precio. Con\u00f3celas aqu\u00ed\" \/>\n<meta property=\"og:url\" content=\"https:\/\/bellarosa.es\/en\/bosque-encantado-cesta-24-rosas-varias\/\" \/>\n<meta property=\"og:site_name\" content=\"Florister&iacute;a en San Pedro Alc&aacute;ntara\" \/>\n<meta property=\"article:modified_time\" content=\"2026-02-24T10:57:59+00:00\" \/>\n<meta property=\"og:image\" content=\"https:\/\/bellarosa.es\/wp-content\/uploads\/2022\/11\/3A41B90B-7ADF-45B8-84A6-A1ED24C7850C-2.png\" \/>\n\t<meta property=\"og:image:width\" content=\"1024\" \/>\n\t<meta property=\"og:image:height\" content=\"1536\" \/>\n\t<meta property=\"og:image:type\" content=\"image\/png\" \/>\n<meta name=\"twitter:card\" content=\"summary_large_image\" \/>\n<meta name=\"twitter:label1\" content=\"Est. reading time\" \/>\n\t<meta name=\"twitter:data1\" content=\"2 minutes\" \/>\n<script type=\"application\/ld+json\" class=\"yoast-schema-graph\">{\"@context\":\"https:\\\/\\\/schema.org\",\"@graph\":[{\"@type\":\"WebPage\",\"@id\":\"https:\\\/\\\/bellarosa.es\\\/en\\\/bosque-encantado-cesta-24-rosas-varias\\\/\",\"url\":\"https:\\\/\\\/bellarosa.es\\\/en\\\/bosque-encantado-cesta-24-rosas-varias\\\/\",\"name\":\"Bosque encantado - Cesta 24 rosas varias - Florister&iacute;a en San Pedro Alc&aacute;ntara\",\"isPartOf\":{\"@id\":\"https:\\\/\\\/bellarosa.es\\\/en\\\/#website\"},\"primaryImageOfPage\":{\"@id\":\"https:\\\/\\\/bellarosa.es\\\/en\\\/bosque-encantado-cesta-24-rosas-varias\\\/#primaryimage\"},\"image\":{\"@id\":\"https:\\\/\\\/bellarosa.es\\\/en\\\/bosque-encantado-cesta-24-rosas-varias\\\/#primaryimage\"},\"thumbnailUrl\":\"https:\\\/\\\/bellarosa.es\\\/wp-content\\\/uploads\\\/2022\\\/11\\\/3A41B90B-7ADF-45B8-84A6-A1ED24C7850C-2.png\",\"datePublished\":\"2022-11-03T12:05:40+00:00\",\"dateModified\":\"2026-02-24T10:57:59+00:00\",\"breadcrumb\":{\"@id\":\"https:\\\/\\\/bellarosa.es\\\/en\\\/bosque-encantado-cesta-24-rosas-varias\\\/#breadcrumb\"},\"inLanguage\":\"en-US\",\"potentialAction\":[{\"@type\":\"ReadAction\",\"target\":[\"https:\\\/\\\/bellarosa.es\\\/en\\\/bosque-encantado-cesta-24-rosas-varias\\\/\"]}]},{\"@type\":\"ImageObject\",\"inLanguage\":\"en-US\",\"@id\":\"https:\\\/\\\/bellarosa.es\\\/en\\\/bosque-encantado-cesta-24-rosas-varias\\\/#primaryimage\",\"url\":\"https:\\\/\\\/bellarosa.es\\\/wp-content\\\/uploads\\\/2022\\\/11\\\/3A41B90B-7ADF-45B8-84A6-A1ED24C7850C-2.png\",\"contentUrl\":\"https:\\\/\\\/bellarosa.es\\\/wp-content\\\/uploads\\\/2022\\\/11\\\/3A41B90B-7ADF-45B8-84A6-A1ED24C7850C-2.png\",\"width\":1024,\"height\":1536},{\"@type\":\"BreadcrumbList\",\"@id\":\"https:\\\/\\\/bellarosa.es\\\/en\\\/bosque-encantado-cesta-24-rosas-varias\\\/#breadcrumb\",\"itemListElement\":[{\"@type\":\"ListItem\",\"position\":1,\"name\":\"Inicio\",\"item\":\"https:\\\/\\\/bellarosa.es\\\/en\\\/\"},{\"@type\":\"ListItem\",\"position\":2,\"name\":\"Shop\",\"item\":\"https:\\\/\\\/bellarosa.es\\\/en\\\/shop\\\/\"},{\"@type\":\"ListItem\",\"position\":3,\"name\":\"Bosque encantado &#8211; Cesta 24 rosas varias\"}]},{\"@type\":\"WebSite\",\"@id\":\"https:\\\/\\\/bellarosa.es\\\/en\\\/#website\",\"url\":\"https:\\\/\\\/bellarosa.es\\\/en\\\/\",\"name\":\"Florister&iacute;a en San Pedro Alc&aacute;ntara\",\"description\":\"\",\"publisher\":{\"@id\":\"https:\\\/\\\/bellarosa.es\\\/en\\\/#organization\"},\"potentialAction\":[{\"@type\":\"SearchAction\",\"target\":{\"@type\":\"EntryPoint\",\"urlTemplate\":\"https:\\\/\\\/bellarosa.es\\\/en\\\/?s={search_term_string}\"},\"query-input\":{\"@type\":\"PropertyValueSpecification\",\"valueRequired\":true,\"valueName\":\"search_term_string\"}}],\"inLanguage\":\"en-US\"},{\"@type\":\"Organization\",\"@id\":\"https:\\\/\\\/bellarosa.es\\\/en\\\/#organization\",\"name\":\"Floristeria Bella Rosa\",\"url\":\"https:\\\/\\\/bellarosa.es\\\/en\\\/\",\"logo\":{\"@type\":\"ImageObject\",\"inLanguage\":\"en-US\",\"@id\":\"https:\\\/\\\/bellarosa.es\\\/en\\\/#\\\/schema\\\/logo\\\/image\\\/\",\"url\":\"\",\"contentUrl\":\"\",\"caption\":\"Floristeria Bella Rosa\"},\"image\":{\"@id\":\"https:\\\/\\\/bellarosa.es\\\/en\\\/#\\\/schema\\\/logo\\\/image\\\/\"}}]}<\/script>\n<!-- \/ Yoast SEO plugin. -->","yoast_head_json":{"title":"Bosque encantado - Cesta 24 rosas varias - Florister&iacute;a en San Pedro Alc&aacute;ntara","robots":{"index":"noindex","follow":"follow"},"og_locale":"en_US","og_type":"article","og_title":"Bosque encantado - Cesta 24 rosas varias - Florister&iacute;a en San Pedro Alc&aacute;ntara","og_description":"Soy la monta\u00f1a que tienes que escalar, el bosque encantado que debes recorrer.  \u2013 Mathias Malzieu \u2013 Como reci\u00e9n recogidas de un bosque encantado, te presentamos esta cesta de 24 rosas mixtas, una preciosa propuesta para regalar o decorar tu espacio favorito. La mezcla de rosas de distintos colores consiguen un resultado \u00fanico y especial.\u00a0Ideal para parejas, esta cesta es una forma ideal de decirle que la amas.\u00a0Bosque encantado\u00a0est\u00e1 compuesto por:  24 Rosas mixtas  Cesta de mimbre  &nbsp;  Tenemos una gran variedad de cestas de flores a buen precio. Con\u00f3celas aqu\u00ed","og_url":"https:\/\/bellarosa.es\/en\/bosque-encantado-cesta-24-rosas-varias\/","og_site_name":"Florister&iacute;a en San Pedro Alc&aacute;ntara","article_modified_time":"2026-02-24T10:57:59+00:00","og_image":[{"width":1024,"height":1536,"url":"https:\/\/bellarosa.es\/wp-content\/uploads\/2022\/11\/3A41B90B-7ADF-45B8-84A6-A1ED24C7850C-2.png","type":"image\/png"}],"twitter_card":"summary_large_image","twitter_misc":{"Est. reading time":"2 minutes"},"schema":{"@context":"https:\/\/schema.org","@graph":[{"@type":"WebPage","@id":"https:\/\/bellarosa.es\/en\/bosque-encantado-cesta-24-rosas-varias\/","url":"https:\/\/bellarosa.es\/en\/bosque-encantado-cesta-24-rosas-varias\/","name":"Bosque encantado - Cesta 24 rosas varias - Florister&iacute;a en San Pedro Alc&aacute;ntara","isPartOf":{"@id":"https:\/\/bellarosa.es\/en\/#website"},"primaryImageOfPage":{"@id":"https:\/\/bellarosa.es\/en\/bosque-encantado-cesta-24-rosas-varias\/#primaryimage"},"image":{"@id":"https:\/\/bellarosa.es\/en\/bosque-encantado-cesta-24-rosas-varias\/#primaryimage"},"thumbnailUrl":"https:\/\/bellarosa.es\/wp-content\/uploads\/2022\/11\/3A41B90B-7ADF-45B8-84A6-A1ED24C7850C-2.png","datePublished":"2022-11-03T12:05:40+00:00","dateModified":"2026-02-24T10:57:59+00:00","breadcrumb":{"@id":"https:\/\/bellarosa.es\/en\/bosque-encantado-cesta-24-rosas-varias\/#breadcrumb"},"inLanguage":"en-US","potentialAction":[{"@type":"ReadAction","target":["https:\/\/bellarosa.es\/en\/bosque-encantado-cesta-24-rosas-varias\/"]}]},{"@type":"ImageObject","inLanguage":"en-US","@id":"https:\/\/bellarosa.es\/en\/bosque-encantado-cesta-24-rosas-varias\/#primaryimage","url":"https:\/\/bellarosa.es\/wp-content\/uploads\/2022\/11\/3A41B90B-7ADF-45B8-84A6-A1ED24C7850C-2.png","contentUrl":"https:\/\/bellarosa.es\/wp-content\/uploads\/2022\/11\/3A41B90B-7ADF-45B8-84A6-A1ED24C7850C-2.png","width":1024,"height":1536},{"@type":"BreadcrumbList","@id":"https:\/\/bellarosa.es\/en\/bosque-encantado-cesta-24-rosas-varias\/#breadcrumb","itemListElement":[{"@type":"ListItem","position":1,"name":"Inicio","item":"https:\/\/bellarosa.es\/en\/"},{"@type":"ListItem","position":2,"name":"Shop","item":"https:\/\/bellarosa.es\/en\/shop\/"},{"@type":"ListItem","position":3,"name":"Bosque encantado &#8211; Cesta 24 rosas varias"}]},{"@type":"WebSite","@id":"https:\/\/bellarosa.es\/en\/#website","url":"https:\/\/bellarosa.es\/en\/","name":"Florister&iacute;a en San Pedro Alc&aacute;ntara","description":"","publisher":{"@id":"https:\/\/bellarosa.es\/en\/#organization"},"potentialAction":[{"@type":"SearchAction","target":{"@type":"EntryPoint","urlTemplate":"https:\/\/bellarosa.es\/en\/?s={search_term_string}"},"query-input":{"@type":"PropertyValueSpecification","valueRequired":true,"valueName":"search_term_string"}}],"inLanguage":"en-US"},{"@type":"Organization","@id":"https:\/\/bellarosa.es\/en\/#organization","name":"Floristeria Bella Rosa","url":"https:\/\/bellarosa.es\/en\/","logo":{"@type":"ImageObject","inLanguage":"en-US","@id":"https:\/\/bellarosa.es\/en\/#\/schema\/logo\/image\/","url":"","contentUrl":"","caption":"Floristeria Bella Rosa"},"image":{"@id":"https:\/\/bellarosa.es\/en\/#\/schema\/logo\/image\/"}}]}},"_links":{"self":[{"href":"https:\/\/bellarosa.es\/en\/wp-json\/wp\/v2\/product\/4005","targetHints":{"allow":["GET"]}}],"collection":[{"href":"https:\/\/bellarosa.es\/en\/wp-json\/wp\/v2\/product"}],"about":[{"href":"https:\/\/bellarosa.es\/en\/wp-json\/wp\/v2\/types\/product"}],"replies":[{"embeddable":true,"href":"https:\/\/bellarosa.es\/en\/wp-json\/wp\/v2\/comments?post=4005"}],"wp:featuredmedia":[{"embeddable":true,"href":"https:\/\/bellarosa.es\/en\/wp-json\/wp\/v2\/media\/8573"}],"wp:attachment":[{"href":"https:\/\/bellarosa.es\/en\/wp-json\/wp\/v2\/media?parent=4005"}],"wp:term":[{"taxonomy":"product_brand","embeddable":true,"href":"https:\/\/bellarosa.es\/en\/wp-json\/wp\/v2\/product_brand?post=4005"},{"taxonomy":"product_cat","embeddable":true,"href":"https:\/\/bellarosa.es\/en\/wp-json\/wp\/v2\/product_cat?post=4005"},{"taxonomy":"product_tag","embeddable":true,"href":"https:\/\/bellarosa.es\/en\/wp-json\/wp\/v2\/product_tag?post=4005"}],"curies":[{"name":"wp","href":"https:\/\/api.w.org\/{rel}","templated":true}]}}