{"id":3975,"date":"2022-10-13T16:58:27","date_gmt":"2022-10-13T16:58:27","guid":{"rendered":"https:\/\/bellarosa.es\/?post_type=product&#038;p=3975"},"modified":"2026-03-03T11:14:23","modified_gmt":"2026-03-03T11:14:23","slug":"vida-ramo-24-rosas-amarillas","status":"publish","type":"product","link":"https:\/\/bellarosa.es\/en\/vida-ramo-24-rosas-amarillas\/","title":{"rendered":"Vida &#8211; Ramo de 24 Rosas amarillas"},"content":{"rendered":"<h2><strong>Celebra la vida con flores<\/strong><\/h2>\n<p>Ha llegado un d\u00eda especial, quieres regalar algo inolvidable y no sabes el qu\u00e9. Una incre\u00edble opci\u00f3n pueden ser las flores. Son seres con vida que nos proporcionan alegr\u00eda, felicidad, relajaci\u00f3n&#8230; nos brindan su aroma, nos cautivan con su belleza&#8230; \u00a1es el regalo perfecto!<\/p>\n<p>En este caso te presentamos el <strong>ramo de rosas Vida<\/strong>, compuesto por rosas amarillas, las flores del amor alegre.<\/p>\n<h3>El significado de las rosas amarillas<\/h3>\n<p>Las rosas son una flor de popularidad innegable, que se caracterizan principalmente por la belleza de sus p\u00e9talos y su significado ligado al amor. La rosa se presenta en la naturaleza en m\u00faltiples colores, teniendo cada uno de ellos un significado distinto. Te contamos qu\u00e9 implica regalar\u00a0<strong>rosas amarillas<\/strong>:<\/p>\n<p>Las rosas amarillas son flores que\u00a0<strong>expresan alegr\u00eda y vitalidad<\/strong>. Se trata de una flor que con su embriagador aroma y su vibrante color dan un plus de energ\u00eda a cualquier persona. Regalar rosas amarillas es una celebraci\u00f3n de la alegr\u00eda, as\u00ed como una muestra de apoyo si el motivo de su regalo es un momento triste o doloroso.<\/p>\n<h3>\u00bfCu\u00e1ndo regalar Vida?<\/h3>\n<p>Si lo que buscas es una opci\u00f3n alegre, flores que llenen de vida tu hogar o tu espacio de trabajo. Las rosas amarillas adquieren\u00a0 protagonismo y brindan una sensaci\u00f3n de vitalidad. Las rosas amarillas son un <strong>elemento decorativo excelente <\/strong>para interiores o jardines.<\/p>\n<p>Tambi\u00e9n pueden ser una buena opci\u00f3n si quieres brindar \u00e1nimos a alguien que lo necesite. El embriagador aroma y la belleza de las rosas, junto al apoyo que le puedas brindar, van a ser de gran ayuda.<\/p>\n<h3>Flores a domicilio en la Costa del Sol<\/h3>\n<p>Recuerda que somos tu florister\u00eda de confianza en la\u00a0<strong>Costa del Sol<\/strong>. Hacemos repartos desde\u00a0<strong>Estepona<\/strong>\u00a0hasta\u00a0<strong>San Pedro<\/strong>\u00a0o\u00a0<strong>Marbella<\/strong>. Si deseas enviar\u00a0<strong>flores a domicilio<\/strong>\u00a0puedes contar con nuestra experiencia para que tus ramos lleguen en las mejores condiciones. Sorprende a tu persona favorita. Tambi\u00e9n puedes hacer uso de nuestro servicio de\u00a0<strong>tienda online<\/strong>.<\/p>\n<p>&nbsp;<\/p>\n<p>Recuerda que puedes encontrarnos en\u00a0<a href=\"https:\/\/www.facebook.com\/bellarosa.es\/\">Facebook<\/a>\u00a0e\u00a0<a href=\"https:\/\/www.instagram.com\/bellarosa_marbella\/\" rel=\"noopener\">Instagram<\/a>. \u00a1Te esperamos!<\/p>\n","protected":false},"excerpt":{"rendered":"<blockquote><p>La vida es una sucesi\u00f3n de lecciones que uno debe vivir para entender.<\/p>\n<p>\u2013 Ralph Waldo Emerson \u2013<\/p><\/blockquote>\n<p>La vida es gozo, alegr\u00eda y felicidad cerca de los tuyos. Es brindar apoyo, demostrar el amor y celebrar los grandes momentos. Pues en ello se inspira este ramo de rosas amarillas. Ideal para sorprender a tu persona favorita, a un amigo, un compa\u00f1ero o un familiar. Tambi\u00e9n para decorar espacios bonitos, deja que el embriagador aroma de las rosas llegue a tu espacio favorito. <strong>Vida<\/strong>\u00a0est\u00e1 compuesto por:<\/p>\n<p>24 rosas amarillas<\/p>\n<p>&nbsp;<\/p>\n<p>Tenemos una incre\u00edble variedad de ramos de flores a buen precio. Puedes verlos\u00a0<a href=\"https:\/\/bellarosa.es\/comprar\/flores-varias\/\">aqu\u00ed<\/a>.<\/p>\n","protected":false},"featured_media":8435,"comment_status":"open","ping_status":"closed","template":"","meta":[],"product_brand":[],"product_cat":[142],"product_tag":[],"class_list":{"0":"post-3975","1":"product","2":"type-product","3":"status-publish","4":"has-post-thumbnail","6":"product_cat-rosas","8":"first","9":"instock","10":"shipping-taxable","11":"purchasable","12":"product-type-simple","13":"layout-style-1","14":"col-md-4 col-sm-4 col-xs-6","15":"col-lg-4","16":"product-style-default"},"yoast_head":"<!-- This site is optimized with the Yoast SEO plugin v27.3 - https:\/\/yoast.com\/product\/yoast-seo-wordpress\/ -->\n<title>Vida - Ramo de 24 Rosas amarillas - Florister&iacute;a en San Pedro Alc&aacute;ntara<\/title>\n<meta name=\"robots\" content=\"noindex, follow\" \/>\n<meta property=\"og:locale\" content=\"en_US\" \/>\n<meta property=\"og:type\" content=\"article\" \/>\n<meta property=\"og:title\" content=\"Vida - Ramo de 24 Rosas amarillas - Florister&iacute;a en San Pedro Alc&aacute;ntara\" \/>\n<meta property=\"og:description\" content=\"La vida es una sucesi\u00f3n de lecciones que uno debe vivir para entender.  \u2013 Ralph Waldo Emerson \u2013 La vida es gozo, alegr\u00eda y felicidad cerca de los tuyos. Es brindar apoyo, demostrar el amor y celebrar los grandes momentos. Pues en ello se inspira este ramo de rosas amarillas. Ideal para sorprender a tu persona favorita, a un amigo, un compa\u00f1ero o un familiar. Tambi\u00e9n para decorar espacios bonitos, deja que el embriagador aroma de las rosas llegue a tu espacio favorito. Vida\u00a0est\u00e1 compuesto por:  24 rosas amarillas  &nbsp;  Tenemos una incre\u00edble variedad de ramos de flores a buen precio. Puedes verlos\u00a0aqu\u00ed.\" \/>\n<meta property=\"og:url\" content=\"https:\/\/bellarosa.es\/en\/vida-ramo-24-rosas-amarillas\/\" \/>\n<meta property=\"og:site_name\" content=\"Florister&iacute;a en San Pedro Alc&aacute;ntara\" \/>\n<meta property=\"article:modified_time\" content=\"2026-03-03T11:14:23+00:00\" \/>\n<meta property=\"og:image\" content=\"https:\/\/bellarosa.es\/wp-content\/uploads\/2022\/10\/369C8B0B-1240-45F1-BF03-AB8D9F8AE3C4.png\" \/>\n\t<meta property=\"og:image:width\" content=\"1024\" \/>\n\t<meta property=\"og:image:height\" content=\"1536\" \/>\n\t<meta property=\"og:image:type\" content=\"image\/png\" \/>\n<meta name=\"twitter:card\" content=\"summary_large_image\" \/>\n<meta name=\"twitter:label1\" content=\"Est. reading time\" \/>\n\t<meta name=\"twitter:data1\" content=\"2 minutes\" \/>\n<script type=\"application\/ld+json\" class=\"yoast-schema-graph\">{\"@context\":\"https:\\\/\\\/schema.org\",\"@graph\":[{\"@type\":\"WebPage\",\"@id\":\"https:\\\/\\\/bellarosa.es\\\/en\\\/vida-ramo-24-rosas-amarillas\\\/\",\"url\":\"https:\\\/\\\/bellarosa.es\\\/en\\\/vida-ramo-24-rosas-amarillas\\\/\",\"name\":\"Vida - Ramo de 24 Rosas amarillas - Florister&iacute;a en San Pedro Alc&aacute;ntara\",\"isPartOf\":{\"@id\":\"https:\\\/\\\/bellarosa.es\\\/en\\\/#website\"},\"primaryImageOfPage\":{\"@id\":\"https:\\\/\\\/bellarosa.es\\\/en\\\/vida-ramo-24-rosas-amarillas\\\/#primaryimage\"},\"image\":{\"@id\":\"https:\\\/\\\/bellarosa.es\\\/en\\\/vida-ramo-24-rosas-amarillas\\\/#primaryimage\"},\"thumbnailUrl\":\"https:\\\/\\\/bellarosa.es\\\/wp-content\\\/uploads\\\/2022\\\/10\\\/369C8B0B-1240-45F1-BF03-AB8D9F8AE3C4.png\",\"datePublished\":\"2022-10-13T16:58:27+00:00\",\"dateModified\":\"2026-03-03T11:14:23+00:00\",\"breadcrumb\":{\"@id\":\"https:\\\/\\\/bellarosa.es\\\/en\\\/vida-ramo-24-rosas-amarillas\\\/#breadcrumb\"},\"inLanguage\":\"en-US\",\"potentialAction\":[{\"@type\":\"ReadAction\",\"target\":[\"https:\\\/\\\/bellarosa.es\\\/en\\\/vida-ramo-24-rosas-amarillas\\\/\"]}]},{\"@type\":\"ImageObject\",\"inLanguage\":\"en-US\",\"@id\":\"https:\\\/\\\/bellarosa.es\\\/en\\\/vida-ramo-24-rosas-amarillas\\\/#primaryimage\",\"url\":\"https:\\\/\\\/bellarosa.es\\\/wp-content\\\/uploads\\\/2022\\\/10\\\/369C8B0B-1240-45F1-BF03-AB8D9F8AE3C4.png\",\"contentUrl\":\"https:\\\/\\\/bellarosa.es\\\/wp-content\\\/uploads\\\/2022\\\/10\\\/369C8B0B-1240-45F1-BF03-AB8D9F8AE3C4.png\",\"width\":1024,\"height\":1536},{\"@type\":\"BreadcrumbList\",\"@id\":\"https:\\\/\\\/bellarosa.es\\\/en\\\/vida-ramo-24-rosas-amarillas\\\/#breadcrumb\",\"itemListElement\":[{\"@type\":\"ListItem\",\"position\":1,\"name\":\"Inicio\",\"item\":\"https:\\\/\\\/bellarosa.es\\\/en\\\/\"},{\"@type\":\"ListItem\",\"position\":2,\"name\":\"Shop\",\"item\":\"https:\\\/\\\/bellarosa.es\\\/en\\\/shop\\\/\"},{\"@type\":\"ListItem\",\"position\":3,\"name\":\"Vida &#8211; Ramo de 24 Rosas amarillas\"}]},{\"@type\":\"WebSite\",\"@id\":\"https:\\\/\\\/bellarosa.es\\\/en\\\/#website\",\"url\":\"https:\\\/\\\/bellarosa.es\\\/en\\\/\",\"name\":\"Florister&iacute;a en San Pedro Alc&aacute;ntara\",\"description\":\"\",\"publisher\":{\"@id\":\"https:\\\/\\\/bellarosa.es\\\/en\\\/#organization\"},\"potentialAction\":[{\"@type\":\"SearchAction\",\"target\":{\"@type\":\"EntryPoint\",\"urlTemplate\":\"https:\\\/\\\/bellarosa.es\\\/en\\\/?s={search_term_string}\"},\"query-input\":{\"@type\":\"PropertyValueSpecification\",\"valueRequired\":true,\"valueName\":\"search_term_string\"}}],\"inLanguage\":\"en-US\"},{\"@type\":\"Organization\",\"@id\":\"https:\\\/\\\/bellarosa.es\\\/en\\\/#organization\",\"name\":\"Floristeria Bella Rosa\",\"url\":\"https:\\\/\\\/bellarosa.es\\\/en\\\/\",\"logo\":{\"@type\":\"ImageObject\",\"inLanguage\":\"en-US\",\"@id\":\"https:\\\/\\\/bellarosa.es\\\/en\\\/#\\\/schema\\\/logo\\\/image\\\/\",\"url\":\"\",\"contentUrl\":\"\",\"caption\":\"Floristeria Bella Rosa\"},\"image\":{\"@id\":\"https:\\\/\\\/bellarosa.es\\\/en\\\/#\\\/schema\\\/logo\\\/image\\\/\"}}]}<\/script>\n<!-- \/ Yoast SEO plugin. -->","yoast_head_json":{"title":"Vida - Ramo de 24 Rosas amarillas - Florister&iacute;a en San Pedro Alc&aacute;ntara","robots":{"index":"noindex","follow":"follow"},"og_locale":"en_US","og_type":"article","og_title":"Vida - Ramo de 24 Rosas amarillas - Florister&iacute;a en San Pedro Alc&aacute;ntara","og_description":"La vida es una sucesi\u00f3n de lecciones que uno debe vivir para entender.  \u2013 Ralph Waldo Emerson \u2013 La vida es gozo, alegr\u00eda y felicidad cerca de los tuyos. Es brindar apoyo, demostrar el amor y celebrar los grandes momentos. Pues en ello se inspira este ramo de rosas amarillas. Ideal para sorprender a tu persona favorita, a un amigo, un compa\u00f1ero o un familiar. Tambi\u00e9n para decorar espacios bonitos, deja que el embriagador aroma de las rosas llegue a tu espacio favorito. Vida\u00a0est\u00e1 compuesto por:  24 rosas amarillas  &nbsp;  Tenemos una incre\u00edble variedad de ramos de flores a buen precio. Puedes verlos\u00a0aqu\u00ed.","og_url":"https:\/\/bellarosa.es\/en\/vida-ramo-24-rosas-amarillas\/","og_site_name":"Florister&iacute;a en San Pedro Alc&aacute;ntara","article_modified_time":"2026-03-03T11:14:23+00:00","og_image":[{"width":1024,"height":1536,"url":"https:\/\/bellarosa.es\/wp-content\/uploads\/2022\/10\/369C8B0B-1240-45F1-BF03-AB8D9F8AE3C4.png","type":"image\/png"}],"twitter_card":"summary_large_image","twitter_misc":{"Est. reading time":"2 minutes"},"schema":{"@context":"https:\/\/schema.org","@graph":[{"@type":"WebPage","@id":"https:\/\/bellarosa.es\/en\/vida-ramo-24-rosas-amarillas\/","url":"https:\/\/bellarosa.es\/en\/vida-ramo-24-rosas-amarillas\/","name":"Vida - Ramo de 24 Rosas amarillas - Florister&iacute;a en San Pedro Alc&aacute;ntara","isPartOf":{"@id":"https:\/\/bellarosa.es\/en\/#website"},"primaryImageOfPage":{"@id":"https:\/\/bellarosa.es\/en\/vida-ramo-24-rosas-amarillas\/#primaryimage"},"image":{"@id":"https:\/\/bellarosa.es\/en\/vida-ramo-24-rosas-amarillas\/#primaryimage"},"thumbnailUrl":"https:\/\/bellarosa.es\/wp-content\/uploads\/2022\/10\/369C8B0B-1240-45F1-BF03-AB8D9F8AE3C4.png","datePublished":"2022-10-13T16:58:27+00:00","dateModified":"2026-03-03T11:14:23+00:00","breadcrumb":{"@id":"https:\/\/bellarosa.es\/en\/vida-ramo-24-rosas-amarillas\/#breadcrumb"},"inLanguage":"en-US","potentialAction":[{"@type":"ReadAction","target":["https:\/\/bellarosa.es\/en\/vida-ramo-24-rosas-amarillas\/"]}]},{"@type":"ImageObject","inLanguage":"en-US","@id":"https:\/\/bellarosa.es\/en\/vida-ramo-24-rosas-amarillas\/#primaryimage","url":"https:\/\/bellarosa.es\/wp-content\/uploads\/2022\/10\/369C8B0B-1240-45F1-BF03-AB8D9F8AE3C4.png","contentUrl":"https:\/\/bellarosa.es\/wp-content\/uploads\/2022\/10\/369C8B0B-1240-45F1-BF03-AB8D9F8AE3C4.png","width":1024,"height":1536},{"@type":"BreadcrumbList","@id":"https:\/\/bellarosa.es\/en\/vida-ramo-24-rosas-amarillas\/#breadcrumb","itemListElement":[{"@type":"ListItem","position":1,"name":"Inicio","item":"https:\/\/bellarosa.es\/en\/"},{"@type":"ListItem","position":2,"name":"Shop","item":"https:\/\/bellarosa.es\/en\/shop\/"},{"@type":"ListItem","position":3,"name":"Vida &#8211; Ramo de 24 Rosas amarillas"}]},{"@type":"WebSite","@id":"https:\/\/bellarosa.es\/en\/#website","url":"https:\/\/bellarosa.es\/en\/","name":"Florister&iacute;a en San Pedro Alc&aacute;ntara","description":"","publisher":{"@id":"https:\/\/bellarosa.es\/en\/#organization"},"potentialAction":[{"@type":"SearchAction","target":{"@type":"EntryPoint","urlTemplate":"https:\/\/bellarosa.es\/en\/?s={search_term_string}"},"query-input":{"@type":"PropertyValueSpecification","valueRequired":true,"valueName":"search_term_string"}}],"inLanguage":"en-US"},{"@type":"Organization","@id":"https:\/\/bellarosa.es\/en\/#organization","name":"Floristeria Bella Rosa","url":"https:\/\/bellarosa.es\/en\/","logo":{"@type":"ImageObject","inLanguage":"en-US","@id":"https:\/\/bellarosa.es\/en\/#\/schema\/logo\/image\/","url":"","contentUrl":"","caption":"Floristeria Bella Rosa"},"image":{"@id":"https:\/\/bellarosa.es\/en\/#\/schema\/logo\/image\/"}}]}},"_links":{"self":[{"href":"https:\/\/bellarosa.es\/en\/wp-json\/wp\/v2\/product\/3975","targetHints":{"allow":["GET"]}}],"collection":[{"href":"https:\/\/bellarosa.es\/en\/wp-json\/wp\/v2\/product"}],"about":[{"href":"https:\/\/bellarosa.es\/en\/wp-json\/wp\/v2\/types\/product"}],"replies":[{"embeddable":true,"href":"https:\/\/bellarosa.es\/en\/wp-json\/wp\/v2\/comments?post=3975"}],"wp:featuredmedia":[{"embeddable":true,"href":"https:\/\/bellarosa.es\/en\/wp-json\/wp\/v2\/media\/8435"}],"wp:attachment":[{"href":"https:\/\/bellarosa.es\/en\/wp-json\/wp\/v2\/media?parent=3975"}],"wp:term":[{"taxonomy":"product_brand","embeddable":true,"href":"https:\/\/bellarosa.es\/en\/wp-json\/wp\/v2\/product_brand?post=3975"},{"taxonomy":"product_cat","embeddable":true,"href":"https:\/\/bellarosa.es\/en\/wp-json\/wp\/v2\/product_cat?post=3975"},{"taxonomy":"product_tag","embeddable":true,"href":"https:\/\/bellarosa.es\/en\/wp-json\/wp\/v2\/product_tag?post=3975"}],"curies":[{"name":"wp","href":"https:\/\/api.w.org\/{rel}","templated":true}]}}