{"id":3952,"date":"2022-09-28T11:26:28","date_gmt":"2022-09-28T11:26:28","guid":{"rendered":"https:\/\/bellarosa.es\/?post_type=product&#038;p=3952"},"modified":"2026-03-09T12:28:44","modified_gmt":"2026-03-09T12:28:44","slug":"londres-ramo-30-rosas-inglesas","status":"publish","type":"product","link":"https:\/\/bellarosa.es\/en\/londres-ramo-30-rosas-inglesas\/","title":{"rendered":"Londres &#8211; Ramo 25 Rosas inglesas"},"content":{"rendered":"<h2><strong>Londres siempre es una buena idea<\/strong><\/h2>\n<p>Hemos creado un ramo con tallos de rosas inglesas, un tipo de rosa muy especial, fruto de la mezcla de la rosa antigua y la rosa h\u00edbrida, conocida por todos como rosa com\u00fan. Estas flores poseen una belleza especial, poseen m\u00e1s p\u00e9talos y tienen un aroma m\u00e1s intenso, son m\u00e1s resistentes y ser\u00e1n perfectas para tener en tu jard\u00edn o para sorprender a alguien especial.<\/p>\n<h3>Una mezcla de rosas inglesas llena de color<\/h3>\n<p>Las rosas inglesas son una variaci\u00f3n de la rosa h\u00edbrida, la que todos conocemos. Fueron el resultado de la mezcla de rosas tradicionales e hibridas y, aunque igual de bellas, sus p\u00e9talos no son iguales a las ya conocidas.<\/p>\n<p>La rosa inglesa posee ciertas peculiaridades. Aunque en principio parecer una rosa com\u00fan, sus p\u00e9talos siguen creciendo y acaban formando una composici\u00f3n bell\u00edsima. Estas rosas deben estar en cualquier jard\u00edn, ya que son resistentes a las plagas.<\/p>\n<p>La rosa inglesa conserva las mejores caracter\u00edsticas de la rosa antigua, como tener un aroma m\u00e1s intenso, aguantar mejor una vez cortadas, su forma caracter\u00edstica o la posibilidad de encontrarla en varios colores.<\/p>\n<h3>\u00bfCu\u00e1ndo regalar Londres?<\/h3>\n<p>Si est\u00e1s buscando\u00a0<strong>brindar apoyo<\/strong>\u00a0a una persona especial que est\u00e1 pasando un momento delicado, las rosas amarillas son una gran elecci\u00f3n, ya que son flores que transmiten optimismo. Es una forma de\u00a0<strong>expresar que todo va a salir bien<\/strong>, y que puede contar contigo.<\/p>\n<p>Las rosas amarillas son alegr\u00eda ante un encuentro, as\u00ed que si quieres\u00a0<strong>sorprender a alguien que hace tiempo que no ves<\/strong>, es una opci\u00f3n estupenda.<\/p>\n<p>Las rosas amarillas tambi\u00e9n son un\u00a0<strong>elemento decorativo excelente<\/strong>, brindan alegr\u00eda y vitalidad a cualquier espacio. Las recomendamos para oficinas, despachos, salones y jardines.<\/p>\n<h3>Flores a domicilio en la Costa del Sol<\/h3>\n<p>Recuerda que somos tu <a href=\"https:\/\/bellarosa.es\/\"><strong>florister\u00eda en Marbella<\/strong><\/a> de confianza. Hacemos repartos desde\u00a0<strong>Estepona<\/strong>\u00a0hasta\u00a0<strong>San Pedro<\/strong>\u00a0o\u00a0<strong>Marbella<\/strong>. Si deseas enviar\u00a0<strong>flores a domicilio<\/strong>\u00a0puedes contar con nuestra experiencia para que tus ramos lleguen en las mejores condiciones. Sorprende a tu persona favorita. Tambi\u00e9n puedes hacer uso de nuestro servicio de\u00a0<strong>tienda online<\/strong>.<\/p>\n<p>&nbsp;<\/p>\n<p>Recuerda que puedes encontrarnos en\u00a0<a href=\"https:\/\/www.facebook.com\/bellarosa.es\/\">Facebook<\/a>\u00a0e\u00a0<a href=\"https:\/\/www.instagram.com\/bellarosa_marbella\/\" rel=\"noopener\">Instagram<\/a>. \u00a1Te esperamos!<\/p>\n","protected":false},"excerpt":{"rendered":"<blockquote><p>Londres es como una perla humeante en un c\u00edrculo de esmeraldas.<\/p>\n<p>\u2013 William Henry Riding \u2013<\/p><\/blockquote>\n<p>Nuestro ramo compuesto por flores inglesas est\u00e1 inspirado en los bellos pueblos del pa\u00eds ingl\u00e9s, en sus v\u00edvidos colores y su ambiente lleno de naturaleza. Lleva el nombre de la capital, y es que queremos que te transportes a un viaje de sensaciones. Nuestros floristas expertos preparar\u00e1n tu ramo con mucho amor y la mejor selecci\u00f3n de flores. <strong>Londres<\/strong>\u00a0est\u00e1 compuesto por:<\/p>\n<p>25 Tallos de rosas inglesas mixtas<\/p>\n<p>&nbsp;<\/p>\n<p>Tenemos una incre\u00edble variedad de ramos de flores a buen precio. Puedes verlos\u00a0<a href=\"https:\/\/bellarosa.es\/comprar\/flores-varias\/\">aqu\u00ed<\/a>.<\/p>\n","protected":false},"featured_media":8425,"comment_status":"open","ping_status":"closed","template":"","meta":[],"product_brand":[],"product_cat":[135,159,142,1100],"product_tag":[],"class_list":{"0":"post-3952","1":"product","2":"type-product","3":"status-publish","4":"has-post-thumbnail","6":"product_cat-exclusividad","7":"product_cat-mothers-day","8":"product_cat-rosas","9":"product_cat-8-marzo-dia-de-la-mujer","11":"first","12":"instock","13":"featured","14":"shipping-taxable","15":"purchasable","16":"product-type-simple","17":"layout-style-1","18":"col-md-4 col-sm-4 col-xs-6","19":"col-lg-4","20":"product-style-default"},"yoast_head":"<!-- This site is optimized with the Yoast SEO plugin v27.5 - https:\/\/yoast.com\/product\/yoast-seo-wordpress\/ -->\n<title>Londres - Ramo 25 Rosas inglesas - Florister&iacute;a en San Pedro Alc&aacute;ntara<\/title>\n<meta name=\"robots\" content=\"noindex, follow\" \/>\n<meta property=\"og:locale\" content=\"en_US\" \/>\n<meta property=\"og:type\" content=\"article\" \/>\n<meta property=\"og:title\" content=\"Londres - Ramo 25 Rosas inglesas - Florister&iacute;a en San Pedro Alc&aacute;ntara\" \/>\n<meta property=\"og:description\" content=\"Londres es como una perla humeante en un c\u00edrculo de esmeraldas.  \u2013 William Henry Riding \u2013 Nuestro ramo compuesto por flores inglesas est\u00e1 inspirado en los bellos pueblos del pa\u00eds ingl\u00e9s, en sus v\u00edvidos colores y su ambiente lleno de naturaleza. Lleva el nombre de la capital, y es que queremos que te transportes a un viaje de sensaciones. Nuestros floristas expertos preparar\u00e1n tu ramo con mucho amor y la mejor selecci\u00f3n de flores. Londres\u00a0est\u00e1 compuesto por:  25 Tallos de rosas inglesas mixtas  &nbsp;  Tenemos una incre\u00edble variedad de ramos de flores a buen precio. Puedes verlos\u00a0aqu\u00ed.\" \/>\n<meta property=\"og:url\" content=\"https:\/\/bellarosa.es\/en\/londres-ramo-30-rosas-inglesas\/\" \/>\n<meta property=\"og:site_name\" content=\"Florister&iacute;a en San Pedro Alc&aacute;ntara\" \/>\n<meta property=\"article:modified_time\" content=\"2026-03-09T12:28:44+00:00\" \/>\n<meta property=\"og:image\" content=\"https:\/\/bellarosa.es\/wp-content\/uploads\/2022\/09\/B3DCE46B-607F-44B1-AAE9-5B34CC633B71.png\" \/>\n\t<meta property=\"og:image:width\" content=\"1024\" \/>\n\t<meta property=\"og:image:height\" content=\"1536\" \/>\n\t<meta property=\"og:image:type\" content=\"image\/png\" \/>\n<meta name=\"twitter:card\" content=\"summary_large_image\" \/>\n<meta name=\"twitter:label1\" content=\"Est. reading time\" \/>\n\t<meta name=\"twitter:data1\" content=\"2 minutes\" \/>\n<script type=\"application\/ld+json\" class=\"yoast-schema-graph\">{\"@context\":\"https:\\\/\\\/schema.org\",\"@graph\":[{\"@type\":\"WebPage\",\"@id\":\"https:\\\/\\\/bellarosa.es\\\/en\\\/londres-ramo-30-rosas-inglesas\\\/\",\"url\":\"https:\\\/\\\/bellarosa.es\\\/en\\\/londres-ramo-30-rosas-inglesas\\\/\",\"name\":\"Londres - Ramo 25 Rosas inglesas - Florister&iacute;a en San Pedro Alc&aacute;ntara\",\"isPartOf\":{\"@id\":\"https:\\\/\\\/bellarosa.es\\\/en\\\/#website\"},\"primaryImageOfPage\":{\"@id\":\"https:\\\/\\\/bellarosa.es\\\/en\\\/londres-ramo-30-rosas-inglesas\\\/#primaryimage\"},\"image\":{\"@id\":\"https:\\\/\\\/bellarosa.es\\\/en\\\/londres-ramo-30-rosas-inglesas\\\/#primaryimage\"},\"thumbnailUrl\":\"https:\\\/\\\/bellarosa.es\\\/wp-content\\\/uploads\\\/2022\\\/09\\\/B3DCE46B-607F-44B1-AAE9-5B34CC633B71.png\",\"datePublished\":\"2022-09-28T11:26:28+00:00\",\"dateModified\":\"2026-03-09T12:28:44+00:00\",\"breadcrumb\":{\"@id\":\"https:\\\/\\\/bellarosa.es\\\/en\\\/londres-ramo-30-rosas-inglesas\\\/#breadcrumb\"},\"inLanguage\":\"en-US\",\"potentialAction\":[{\"@type\":\"ReadAction\",\"target\":[\"https:\\\/\\\/bellarosa.es\\\/en\\\/londres-ramo-30-rosas-inglesas\\\/\"]}]},{\"@type\":\"ImageObject\",\"inLanguage\":\"en-US\",\"@id\":\"https:\\\/\\\/bellarosa.es\\\/en\\\/londres-ramo-30-rosas-inglesas\\\/#primaryimage\",\"url\":\"https:\\\/\\\/bellarosa.es\\\/wp-content\\\/uploads\\\/2022\\\/09\\\/B3DCE46B-607F-44B1-AAE9-5B34CC633B71.png\",\"contentUrl\":\"https:\\\/\\\/bellarosa.es\\\/wp-content\\\/uploads\\\/2022\\\/09\\\/B3DCE46B-607F-44B1-AAE9-5B34CC633B71.png\",\"width\":1024,\"height\":1536},{\"@type\":\"BreadcrumbList\",\"@id\":\"https:\\\/\\\/bellarosa.es\\\/en\\\/londres-ramo-30-rosas-inglesas\\\/#breadcrumb\",\"itemListElement\":[{\"@type\":\"ListItem\",\"position\":1,\"name\":\"Inicio\",\"item\":\"https:\\\/\\\/bellarosa.es\\\/en\\\/\"},{\"@type\":\"ListItem\",\"position\":2,\"name\":\"Shop\",\"item\":\"https:\\\/\\\/bellarosa.es\\\/en\\\/shop\\\/\"},{\"@type\":\"ListItem\",\"position\":3,\"name\":\"Londres &#8211; Ramo 25 Rosas inglesas\"}]},{\"@type\":\"WebSite\",\"@id\":\"https:\\\/\\\/bellarosa.es\\\/en\\\/#website\",\"url\":\"https:\\\/\\\/bellarosa.es\\\/en\\\/\",\"name\":\"Florister&iacute;a en San Pedro Alc&aacute;ntara\",\"description\":\"\",\"publisher\":{\"@id\":\"https:\\\/\\\/bellarosa.es\\\/en\\\/#organization\"},\"potentialAction\":[{\"@type\":\"SearchAction\",\"target\":{\"@type\":\"EntryPoint\",\"urlTemplate\":\"https:\\\/\\\/bellarosa.es\\\/en\\\/?s={search_term_string}\"},\"query-input\":{\"@type\":\"PropertyValueSpecification\",\"valueRequired\":true,\"valueName\":\"search_term_string\"}}],\"inLanguage\":\"en-US\"},{\"@type\":\"Organization\",\"@id\":\"https:\\\/\\\/bellarosa.es\\\/en\\\/#organization\",\"name\":\"Floristeria Bella Rosa\",\"url\":\"https:\\\/\\\/bellarosa.es\\\/en\\\/\",\"logo\":{\"@type\":\"ImageObject\",\"inLanguage\":\"en-US\",\"@id\":\"https:\\\/\\\/bellarosa.es\\\/en\\\/#\\\/schema\\\/logo\\\/image\\\/\",\"url\":\"\",\"contentUrl\":\"\",\"caption\":\"Floristeria Bella Rosa\"},\"image\":{\"@id\":\"https:\\\/\\\/bellarosa.es\\\/en\\\/#\\\/schema\\\/logo\\\/image\\\/\"}}]}<\/script>\n<!-- \/ Yoast SEO plugin. -->","yoast_head_json":{"title":"Londres - Ramo 25 Rosas inglesas - Florister&iacute;a en San Pedro Alc&aacute;ntara","robots":{"index":"noindex","follow":"follow"},"og_locale":"en_US","og_type":"article","og_title":"Londres - Ramo 25 Rosas inglesas - Florister&iacute;a en San Pedro Alc&aacute;ntara","og_description":"Londres es como una perla humeante en un c\u00edrculo de esmeraldas.  \u2013 William Henry Riding \u2013 Nuestro ramo compuesto por flores inglesas est\u00e1 inspirado en los bellos pueblos del pa\u00eds ingl\u00e9s, en sus v\u00edvidos colores y su ambiente lleno de naturaleza. Lleva el nombre de la capital, y es que queremos que te transportes a un viaje de sensaciones. Nuestros floristas expertos preparar\u00e1n tu ramo con mucho amor y la mejor selecci\u00f3n de flores. Londres\u00a0est\u00e1 compuesto por:  25 Tallos de rosas inglesas mixtas  &nbsp;  Tenemos una incre\u00edble variedad de ramos de flores a buen precio. Puedes verlos\u00a0aqu\u00ed.","og_url":"https:\/\/bellarosa.es\/en\/londres-ramo-30-rosas-inglesas\/","og_site_name":"Florister&iacute;a en San Pedro Alc&aacute;ntara","article_modified_time":"2026-03-09T12:28:44+00:00","og_image":[{"width":1024,"height":1536,"url":"https:\/\/bellarosa.es\/wp-content\/uploads\/2022\/09\/B3DCE46B-607F-44B1-AAE9-5B34CC633B71.png","type":"image\/png"}],"twitter_card":"summary_large_image","twitter_misc":{"Est. reading time":"2 minutes"},"schema":{"@context":"https:\/\/schema.org","@graph":[{"@type":"WebPage","@id":"https:\/\/bellarosa.es\/en\/londres-ramo-30-rosas-inglesas\/","url":"https:\/\/bellarosa.es\/en\/londres-ramo-30-rosas-inglesas\/","name":"Londres - Ramo 25 Rosas inglesas - Florister&iacute;a en San Pedro Alc&aacute;ntara","isPartOf":{"@id":"https:\/\/bellarosa.es\/en\/#website"},"primaryImageOfPage":{"@id":"https:\/\/bellarosa.es\/en\/londres-ramo-30-rosas-inglesas\/#primaryimage"},"image":{"@id":"https:\/\/bellarosa.es\/en\/londres-ramo-30-rosas-inglesas\/#primaryimage"},"thumbnailUrl":"https:\/\/bellarosa.es\/wp-content\/uploads\/2022\/09\/B3DCE46B-607F-44B1-AAE9-5B34CC633B71.png","datePublished":"2022-09-28T11:26:28+00:00","dateModified":"2026-03-09T12:28:44+00:00","breadcrumb":{"@id":"https:\/\/bellarosa.es\/en\/londres-ramo-30-rosas-inglesas\/#breadcrumb"},"inLanguage":"en-US","potentialAction":[{"@type":"ReadAction","target":["https:\/\/bellarosa.es\/en\/londres-ramo-30-rosas-inglesas\/"]}]},{"@type":"ImageObject","inLanguage":"en-US","@id":"https:\/\/bellarosa.es\/en\/londres-ramo-30-rosas-inglesas\/#primaryimage","url":"https:\/\/bellarosa.es\/wp-content\/uploads\/2022\/09\/B3DCE46B-607F-44B1-AAE9-5B34CC633B71.png","contentUrl":"https:\/\/bellarosa.es\/wp-content\/uploads\/2022\/09\/B3DCE46B-607F-44B1-AAE9-5B34CC633B71.png","width":1024,"height":1536},{"@type":"BreadcrumbList","@id":"https:\/\/bellarosa.es\/en\/londres-ramo-30-rosas-inglesas\/#breadcrumb","itemListElement":[{"@type":"ListItem","position":1,"name":"Inicio","item":"https:\/\/bellarosa.es\/en\/"},{"@type":"ListItem","position":2,"name":"Shop","item":"https:\/\/bellarosa.es\/en\/shop\/"},{"@type":"ListItem","position":3,"name":"Londres &#8211; Ramo 25 Rosas inglesas"}]},{"@type":"WebSite","@id":"https:\/\/bellarosa.es\/en\/#website","url":"https:\/\/bellarosa.es\/en\/","name":"Florister&iacute;a en San Pedro Alc&aacute;ntara","description":"","publisher":{"@id":"https:\/\/bellarosa.es\/en\/#organization"},"potentialAction":[{"@type":"SearchAction","target":{"@type":"EntryPoint","urlTemplate":"https:\/\/bellarosa.es\/en\/?s={search_term_string}"},"query-input":{"@type":"PropertyValueSpecification","valueRequired":true,"valueName":"search_term_string"}}],"inLanguage":"en-US"},{"@type":"Organization","@id":"https:\/\/bellarosa.es\/en\/#organization","name":"Floristeria Bella Rosa","url":"https:\/\/bellarosa.es\/en\/","logo":{"@type":"ImageObject","inLanguage":"en-US","@id":"https:\/\/bellarosa.es\/en\/#\/schema\/logo\/image\/","url":"","contentUrl":"","caption":"Floristeria Bella Rosa"},"image":{"@id":"https:\/\/bellarosa.es\/en\/#\/schema\/logo\/image\/"}}]}},"_links":{"self":[{"href":"https:\/\/bellarosa.es\/en\/wp-json\/wp\/v2\/product\/3952","targetHints":{"allow":["GET"]}}],"collection":[{"href":"https:\/\/bellarosa.es\/en\/wp-json\/wp\/v2\/product"}],"about":[{"href":"https:\/\/bellarosa.es\/en\/wp-json\/wp\/v2\/types\/product"}],"replies":[{"embeddable":true,"href":"https:\/\/bellarosa.es\/en\/wp-json\/wp\/v2\/comments?post=3952"}],"wp:featuredmedia":[{"embeddable":true,"href":"https:\/\/bellarosa.es\/en\/wp-json\/wp\/v2\/media\/8425"}],"wp:attachment":[{"href":"https:\/\/bellarosa.es\/en\/wp-json\/wp\/v2\/media?parent=3952"}],"wp:term":[{"taxonomy":"product_brand","embeddable":true,"href":"https:\/\/bellarosa.es\/en\/wp-json\/wp\/v2\/product_brand?post=3952"},{"taxonomy":"product_cat","embeddable":true,"href":"https:\/\/bellarosa.es\/en\/wp-json\/wp\/v2\/product_cat?post=3952"},{"taxonomy":"product_tag","embeddable":true,"href":"https:\/\/bellarosa.es\/en\/wp-json\/wp\/v2\/product_tag?post=3952"}],"curies":[{"name":"wp","href":"https:\/\/api.w.org\/{rel}","templated":true}]}}