{"id":3873,"date":"2022-08-01T17:37:28","date_gmt":"2022-08-01T17:37:28","guid":{"rendered":"https:\/\/bellarosa.es\/?post_type=product&#038;p=3873"},"modified":"2026-02-23T11:51:44","modified_gmt":"2026-02-23T11:51:44","slug":"spray-red-roses-10-tallos-rosas-rojas","status":"publish","type":"product","link":"https:\/\/bellarosa.es\/en\/spray-red-roses-10-tallos-rosas-rojas\/","title":{"rendered":"Ramo de 10 rosas rojas &#8211; Spray Red Roses"},"content":{"rendered":"<h2 style=\"text-align: center;\">Belleza y pasi\u00f3n<\/h2>\n<blockquote>\n<p style=\"text-align: center;\">Cuando el amor no es una locura, no es amor.<\/p>\n<p style=\"text-align: center;\">&#8211; An\u00f3nimo &#8211;<\/p>\n<\/blockquote>\n<p>Desde <strong>Bella Rosa<\/strong> hemos creado una serie de ramos de rosas llamado Spray Roses, que consisten en 10 tallos de rosas de diferentes colores que lo convierten en un ramo exuberante y muy llamativo. En este caso os traemos <strong>Spray Red Roses<\/strong>, con unas espectaculares rosas rojas, un cl\u00e1sico que nunca falla.<\/p>\n<p>Os recordamos que contamos con un equipo formado y experto en flores que selecciona las mejores del mercado, cuid\u00e1ndolas desde su recepci\u00f3n para que cuando lleguen a tus manos est\u00e9n perfectas. Somos una florister\u00eda ubicada en <strong>San Pedro de Alc\u00e1ntara<\/strong>, pero repartimos desde <strong>Estepona<\/strong> hasta <strong>Marbella<\/strong>, en la <strong>Costa del Sol<\/strong>.<\/p>\n<h3>La rosa roja como s\u00edmbolo del amor pasional<\/h3>\n<p>Como ya sab\u00e9is, una <strong>rosa<\/strong> es s\u00edmbolo de romanticismo. En concreto, la <strong>rosa roja <\/strong>es el s\u00edmbolo del amor cl\u00e1sico, rom\u00e1ntico y pasional, as\u00ed como de la seducci\u00f3n. Es una flor para conquistar y ser conquistado. Quien recibe <strong>rosas rojas<\/strong> es por ser amado y deseado, ser la persona que ronda la cabeza de alguien y sin dudas un ser muy especial. La belleza de la <strong>rosa roja<\/strong> es conocida en cualquier rinc\u00f3n del mundo, y cualquiera quedar\u00e1 embelesado con su incre\u00edble belleza, su embelesador aroma y su inconfundible significado.<\/p>\n<h3>Flores a domicilio en la Costa del Sol<\/h3>\n<p>Recuerda que somos tu florister\u00eda de confianza en la <strong>Costa del Sol<\/strong>. Hacemos repartos desde <strong>Estepona<\/strong> hasta <strong>San Pedro<\/strong> o <strong>Marbella<\/strong>. Si deseas enviar <strong>flores a domicilio<\/strong> puedes contar con nuestra experiencia para que tus ramos lleguen en las mejores condiciones. Sorprende a tu persona favorita. Tambi\u00e9n puedes hacer uso de nuestro servicio de <strong>tienda online<\/strong>.<\/p>\n<p>&nbsp;<\/p>\n<p><strong>Spray Red Roses<\/strong> est\u00e1 compuesto por:<\/p>\n<p>10 tallos de rosas ramificadas color rojo (spray roses)<\/p>\n<p>Limonium blanco<\/p>\n<p>Verdes varios<\/p>\n<p>&nbsp;<\/p>\n<p>De los tallos han nacido preciosas rosas que componen este ramo lleno de vida y amor. Es el momento de regalar rosas rojas y sorprender a esa persona que te ha robado el coraz\u00f3n. Sumad un incre\u00edble momento juntos o juntas, no lo olvidar\u00e9is jam\u00e1s.<\/p>\n<p>&nbsp;<\/p>\n<p>Tenemos una incre\u00edble variedad de ramos de flores a buen precio. Puedes verlos <a href=\"https:\/\/bellarosa.es\/comprar\/flores-varias\/\">aqu\u00ed<\/a>.<\/p>\n<p>Recuerda que puedes encontrarnos en <a href=\"https:\/\/www.facebook.com\/bellarosa.es\/\">Facebook<\/a> e <a href=\"https:\/\/www.instagram.com\/bellarosa_marbella\/\">Instagram<\/a>. \u00a1Te esperamos!<\/p>\n","protected":false},"excerpt":{"rendered":"<p>Hemos creado este precioso ramo de rosas rojas ramificadas porque no pod\u00eda faltar un ramo con la flor m\u00e1s querida y popular.<\/p>\n","protected":false},"featured_media":6581,"comment_status":"closed","ping_status":"closed","template":"","meta":[],"product_brand":[],"product_cat":[133,1017,1015,15],"product_tag":[],"class_list":{"0":"post-3873","1":"product","2":"type-product","3":"status-publish","4":"has-post-thumbnail","6":"product_cat-amor","7":"product_cat-ramo-rosas-rojas","8":"product_cat-rosa-roja","9":"product_cat-san-valentin","11":"first","12":"instock","13":"shipping-taxable","14":"purchasable","15":"product-type-simple","16":"layout-style-1","17":"col-md-4 col-sm-4 col-xs-6","18":"col-lg-4","19":"product-style-default"},"yoast_head":"<!-- This site is optimized with the Yoast SEO plugin v27.4 - https:\/\/yoast.com\/product\/yoast-seo-wordpress\/ -->\n<title>Ramo de 10 rosas rojas - Spray Red Roses - Florister&iacute;a en San Pedro Alc&aacute;ntara<\/title>\n<meta name=\"robots\" content=\"noindex, follow\" \/>\n<meta property=\"og:locale\" content=\"en_US\" \/>\n<meta property=\"og:type\" content=\"article\" \/>\n<meta property=\"og:title\" content=\"Ramo de 10 rosas rojas - Spray Red Roses - Florister&iacute;a en San Pedro Alc&aacute;ntara\" \/>\n<meta property=\"og:description\" content=\"Hemos creado este precioso ramo de rosas rojas ramificadas porque no pod\u00eda faltar un ramo con la flor m\u00e1s querida y popular.\" \/>\n<meta property=\"og:url\" content=\"https:\/\/bellarosa.es\/en\/spray-red-roses-10-tallos-rosas-rojas\/\" \/>\n<meta property=\"og:site_name\" content=\"Florister&iacute;a en San Pedro Alc&aacute;ntara\" \/>\n<meta property=\"article:modified_time\" content=\"2026-02-23T11:51:44+00:00\" \/>\n<meta property=\"og:image\" content=\"https:\/\/bellarosa.es\/wp-content\/uploads\/2022\/08\/Ramo-de-10-rosas-rojas.jpg\" \/>\n\t<meta property=\"og:image:width\" content=\"969\" \/>\n\t<meta property=\"og:image:height\" content=\"1001\" \/>\n\t<meta property=\"og:image:type\" content=\"image\/jpeg\" \/>\n<meta name=\"twitter:card\" content=\"summary_large_image\" \/>\n<meta name=\"twitter:label1\" content=\"Est. reading time\" \/>\n\t<meta name=\"twitter:data1\" content=\"2 minutes\" \/>\n<script type=\"application\/ld+json\" class=\"yoast-schema-graph\">{\"@context\":\"https:\\\/\\\/schema.org\",\"@graph\":[{\"@type\":\"WebPage\",\"@id\":\"https:\\\/\\\/bellarosa.es\\\/en\\\/spray-red-roses-10-tallos-rosas-rojas\\\/\",\"url\":\"https:\\\/\\\/bellarosa.es\\\/en\\\/spray-red-roses-10-tallos-rosas-rojas\\\/\",\"name\":\"Ramo de 10 rosas rojas - Spray Red Roses - Florister&iacute;a en San Pedro Alc&aacute;ntara\",\"isPartOf\":{\"@id\":\"https:\\\/\\\/bellarosa.es\\\/en\\\/#website\"},\"primaryImageOfPage\":{\"@id\":\"https:\\\/\\\/bellarosa.es\\\/en\\\/spray-red-roses-10-tallos-rosas-rojas\\\/#primaryimage\"},\"image\":{\"@id\":\"https:\\\/\\\/bellarosa.es\\\/en\\\/spray-red-roses-10-tallos-rosas-rojas\\\/#primaryimage\"},\"thumbnailUrl\":\"https:\\\/\\\/bellarosa.es\\\/wp-content\\\/uploads\\\/2022\\\/08\\\/Ramo-de-10-rosas-rojas.jpg\",\"datePublished\":\"2022-08-01T17:37:28+00:00\",\"dateModified\":\"2026-02-23T11:51:44+00:00\",\"breadcrumb\":{\"@id\":\"https:\\\/\\\/bellarosa.es\\\/en\\\/spray-red-roses-10-tallos-rosas-rojas\\\/#breadcrumb\"},\"inLanguage\":\"en-US\",\"potentialAction\":[{\"@type\":\"ReadAction\",\"target\":[\"https:\\\/\\\/bellarosa.es\\\/en\\\/spray-red-roses-10-tallos-rosas-rojas\\\/\"]}]},{\"@type\":\"ImageObject\",\"inLanguage\":\"en-US\",\"@id\":\"https:\\\/\\\/bellarosa.es\\\/en\\\/spray-red-roses-10-tallos-rosas-rojas\\\/#primaryimage\",\"url\":\"https:\\\/\\\/bellarosa.es\\\/wp-content\\\/uploads\\\/2022\\\/08\\\/Ramo-de-10-rosas-rojas.jpg\",\"contentUrl\":\"https:\\\/\\\/bellarosa.es\\\/wp-content\\\/uploads\\\/2022\\\/08\\\/Ramo-de-10-rosas-rojas.jpg\",\"width\":969,\"height\":1001},{\"@type\":\"BreadcrumbList\",\"@id\":\"https:\\\/\\\/bellarosa.es\\\/en\\\/spray-red-roses-10-tallos-rosas-rojas\\\/#breadcrumb\",\"itemListElement\":[{\"@type\":\"ListItem\",\"position\":1,\"name\":\"Inicio\",\"item\":\"https:\\\/\\\/bellarosa.es\\\/en\\\/\"},{\"@type\":\"ListItem\",\"position\":2,\"name\":\"Shop\",\"item\":\"https:\\\/\\\/bellarosa.es\\\/en\\\/shop\\\/\"},{\"@type\":\"ListItem\",\"position\":3,\"name\":\"Ramo de 10 rosas rojas &#8211; Spray Red Roses\"}]},{\"@type\":\"WebSite\",\"@id\":\"https:\\\/\\\/bellarosa.es\\\/en\\\/#website\",\"url\":\"https:\\\/\\\/bellarosa.es\\\/en\\\/\",\"name\":\"Florister&iacute;a en San Pedro Alc&aacute;ntara\",\"description\":\"\",\"publisher\":{\"@id\":\"https:\\\/\\\/bellarosa.es\\\/en\\\/#organization\"},\"potentialAction\":[{\"@type\":\"SearchAction\",\"target\":{\"@type\":\"EntryPoint\",\"urlTemplate\":\"https:\\\/\\\/bellarosa.es\\\/en\\\/?s={search_term_string}\"},\"query-input\":{\"@type\":\"PropertyValueSpecification\",\"valueRequired\":true,\"valueName\":\"search_term_string\"}}],\"inLanguage\":\"en-US\"},{\"@type\":\"Organization\",\"@id\":\"https:\\\/\\\/bellarosa.es\\\/en\\\/#organization\",\"name\":\"Floristeria Bella Rosa\",\"url\":\"https:\\\/\\\/bellarosa.es\\\/en\\\/\",\"logo\":{\"@type\":\"ImageObject\",\"inLanguage\":\"en-US\",\"@id\":\"https:\\\/\\\/bellarosa.es\\\/en\\\/#\\\/schema\\\/logo\\\/image\\\/\",\"url\":\"\",\"contentUrl\":\"\",\"caption\":\"Floristeria Bella Rosa\"},\"image\":{\"@id\":\"https:\\\/\\\/bellarosa.es\\\/en\\\/#\\\/schema\\\/logo\\\/image\\\/\"}}]}<\/script>\n<!-- \/ Yoast SEO plugin. -->","yoast_head_json":{"title":"Ramo de 10 rosas rojas - Spray Red Roses - Florister&iacute;a en San Pedro Alc&aacute;ntara","robots":{"index":"noindex","follow":"follow"},"og_locale":"en_US","og_type":"article","og_title":"Ramo de 10 rosas rojas - Spray Red Roses - Florister&iacute;a en San Pedro Alc&aacute;ntara","og_description":"Hemos creado este precioso ramo de rosas rojas ramificadas porque no pod\u00eda faltar un ramo con la flor m\u00e1s querida y popular.","og_url":"https:\/\/bellarosa.es\/en\/spray-red-roses-10-tallos-rosas-rojas\/","og_site_name":"Florister&iacute;a en San Pedro Alc&aacute;ntara","article_modified_time":"2026-02-23T11:51:44+00:00","og_image":[{"width":969,"height":1001,"url":"https:\/\/bellarosa.es\/wp-content\/uploads\/2022\/08\/Ramo-de-10-rosas-rojas.jpg","type":"image\/jpeg"}],"twitter_card":"summary_large_image","twitter_misc":{"Est. reading time":"2 minutes"},"schema":{"@context":"https:\/\/schema.org","@graph":[{"@type":"WebPage","@id":"https:\/\/bellarosa.es\/en\/spray-red-roses-10-tallos-rosas-rojas\/","url":"https:\/\/bellarosa.es\/en\/spray-red-roses-10-tallos-rosas-rojas\/","name":"Ramo de 10 rosas rojas - Spray Red Roses - Florister&iacute;a en San Pedro Alc&aacute;ntara","isPartOf":{"@id":"https:\/\/bellarosa.es\/en\/#website"},"primaryImageOfPage":{"@id":"https:\/\/bellarosa.es\/en\/spray-red-roses-10-tallos-rosas-rojas\/#primaryimage"},"image":{"@id":"https:\/\/bellarosa.es\/en\/spray-red-roses-10-tallos-rosas-rojas\/#primaryimage"},"thumbnailUrl":"https:\/\/bellarosa.es\/wp-content\/uploads\/2022\/08\/Ramo-de-10-rosas-rojas.jpg","datePublished":"2022-08-01T17:37:28+00:00","dateModified":"2026-02-23T11:51:44+00:00","breadcrumb":{"@id":"https:\/\/bellarosa.es\/en\/spray-red-roses-10-tallos-rosas-rojas\/#breadcrumb"},"inLanguage":"en-US","potentialAction":[{"@type":"ReadAction","target":["https:\/\/bellarosa.es\/en\/spray-red-roses-10-tallos-rosas-rojas\/"]}]},{"@type":"ImageObject","inLanguage":"en-US","@id":"https:\/\/bellarosa.es\/en\/spray-red-roses-10-tallos-rosas-rojas\/#primaryimage","url":"https:\/\/bellarosa.es\/wp-content\/uploads\/2022\/08\/Ramo-de-10-rosas-rojas.jpg","contentUrl":"https:\/\/bellarosa.es\/wp-content\/uploads\/2022\/08\/Ramo-de-10-rosas-rojas.jpg","width":969,"height":1001},{"@type":"BreadcrumbList","@id":"https:\/\/bellarosa.es\/en\/spray-red-roses-10-tallos-rosas-rojas\/#breadcrumb","itemListElement":[{"@type":"ListItem","position":1,"name":"Inicio","item":"https:\/\/bellarosa.es\/en\/"},{"@type":"ListItem","position":2,"name":"Shop","item":"https:\/\/bellarosa.es\/en\/shop\/"},{"@type":"ListItem","position":3,"name":"Ramo de 10 rosas rojas &#8211; Spray Red Roses"}]},{"@type":"WebSite","@id":"https:\/\/bellarosa.es\/en\/#website","url":"https:\/\/bellarosa.es\/en\/","name":"Florister&iacute;a en San Pedro Alc&aacute;ntara","description":"","publisher":{"@id":"https:\/\/bellarosa.es\/en\/#organization"},"potentialAction":[{"@type":"SearchAction","target":{"@type":"EntryPoint","urlTemplate":"https:\/\/bellarosa.es\/en\/?s={search_term_string}"},"query-input":{"@type":"PropertyValueSpecification","valueRequired":true,"valueName":"search_term_string"}}],"inLanguage":"en-US"},{"@type":"Organization","@id":"https:\/\/bellarosa.es\/en\/#organization","name":"Floristeria Bella Rosa","url":"https:\/\/bellarosa.es\/en\/","logo":{"@type":"ImageObject","inLanguage":"en-US","@id":"https:\/\/bellarosa.es\/en\/#\/schema\/logo\/image\/","url":"","contentUrl":"","caption":"Floristeria Bella Rosa"},"image":{"@id":"https:\/\/bellarosa.es\/en\/#\/schema\/logo\/image\/"}}]}},"_links":{"self":[{"href":"https:\/\/bellarosa.es\/en\/wp-json\/wp\/v2\/product\/3873","targetHints":{"allow":["GET"]}}],"collection":[{"href":"https:\/\/bellarosa.es\/en\/wp-json\/wp\/v2\/product"}],"about":[{"href":"https:\/\/bellarosa.es\/en\/wp-json\/wp\/v2\/types\/product"}],"replies":[{"embeddable":true,"href":"https:\/\/bellarosa.es\/en\/wp-json\/wp\/v2\/comments?post=3873"}],"wp:featuredmedia":[{"embeddable":true,"href":"https:\/\/bellarosa.es\/en\/wp-json\/wp\/v2\/media\/6581"}],"wp:attachment":[{"href":"https:\/\/bellarosa.es\/en\/wp-json\/wp\/v2\/media?parent=3873"}],"wp:term":[{"taxonomy":"product_brand","embeddable":true,"href":"https:\/\/bellarosa.es\/en\/wp-json\/wp\/v2\/product_brand?post=3873"},{"taxonomy":"product_cat","embeddable":true,"href":"https:\/\/bellarosa.es\/en\/wp-json\/wp\/v2\/product_cat?post=3873"},{"taxonomy":"product_tag","embeddable":true,"href":"https:\/\/bellarosa.es\/en\/wp-json\/wp\/v2\/product_tag?post=3873"}],"curies":[{"name":"wp","href":"https:\/\/api.w.org\/{rel}","templated":true}]}}