{"id":3863,"date":"2022-07-27T10:34:40","date_gmt":"2022-07-27T10:34:40","guid":{"rendered":"https:\/\/bellarosa.es\/?post_type=product&#038;p=3863"},"modified":"2026-04-10T11:03:21","modified_gmt":"2026-04-10T11:03:21","slug":"destino-ramo-24-rosas-rosadas","status":"publish","type":"product","link":"https:\/\/bellarosa.es\/en\/destino-ramo-24-rosas-rosadas\/","title":{"rendered":"Destino &#8211; Ramo 24 rosas rosadas y eucalipto"},"content":{"rendered":"<h2><strong>El destino es estar juntos<\/strong><\/h2>\n<p>El destino es azaroso pero, \u00bfy si tratamos de que juegue a nuestro favor? Regala este incre\u00edble ramo de rosas rosadas y expresa tu deseo de tener a esa persona especial siempre en tu vida.\u00a0 Nuestro equipo de expertos floristas ha dise\u00f1ado <strong>Destino<\/strong> inspirados en la belleza de las <strong>rosas rosadas<\/strong>, una flor que simboliza el amor tierno. <strong>Nuestras rosas son seleccionadas una a una<\/strong>\u00a0y trabajadas desde el primer d\u00eda con t\u00e9cnicas profesionales para tener los ramos m\u00e1s espectaculares.<\/p>\n<h3>El significado de las rosas rosadas<\/h3>\n<p>Una rosa de color rosa o tambi\u00e9n llamada\u00a0<strong>rosa rosada<\/strong>\u00a0simboliza la bondad y la ternura, as\u00ed como admiraci\u00f3n por la belleza interior de una persona. Regalar\u00a0<strong>rosas rosadas<\/strong>\u00a0es sin\u00f3nimo de mostrar respeto y admiraci\u00f3n, adem\u00e1s de ser una muestra de profundo cari\u00f1o. Las personas que reciben\u00a0<strong>rosas rosadas<\/strong>\u00a0son personas bondadosas de grande coraz\u00f3n. Las rosas rosadas son una belleza hecha flor, por todos conocida que adem\u00e1s desprende un aroma embriagador. Las rosas siempre son bien recibidas y todo un acierto.<\/p>\n<h3>\u00bfCu\u00e1ndo regalar Destino?<\/h3>\n<p>Se trata de un <strong>ramo de flores<\/strong> lleno de ternura. La belleza de las rosas rosadas son ideales para numerosas ocasiones, puedes tenerlo en cuenta para d\u00edas se\u00f1alados como un <strong>cumplea\u00f1os<\/strong>, una\u00a0<strong>graduaci\u00f3n<\/strong>\u00a0o para el\u00a0<strong>D\u00eda de la Madre<\/strong>. Las rosas se relacionan con el amor, por lo que puedes regalarle Destino a tu pareja y expresarle que quieres que est\u00e9is juntos o juntas por siempre.<\/p>\n<h3>Flores a domicilio en la Costa del Sol<\/h3>\n<p>Recuerda que somos tu florister\u00eda de confianza en la\u00a0<strong>Costa del Sol<\/strong>. Hacemos repartos desde\u00a0<strong>Estepona<\/strong>\u00a0hasta\u00a0<strong>San Pedro de Alc\u00e1ntara<\/strong>\u00a0o\u00a0<strong>Marbella<\/strong>. Si deseas enviar\u00a0<strong>flores a domicilio<\/strong>\u00a0puedes contar con nuestra experiencia para que tus ramos lleguen en las mejores condiciones. Sorprende a tu persona favorita. Tambi\u00e9n puedes hacer uso de nuestro servicio de\u00a0<strong>tienda online<\/strong>.<\/p>\n<p>&nbsp;<\/p>\n<p>Recuerda que puedes encontrarnos en\u00a0<a href=\"https:\/\/www.facebook.com\/bellarosa.es\/\">Facebook<\/a>\u00a0e\u00a0<a href=\"https:\/\/www.instagram.com\/bellarosa_marbella\/\">Instagram<\/a>. \u00a1Te esperamos!<\/p>\n","protected":false},"excerpt":{"rendered":"<div class=\"woocommerce-product-details__short-description\">\n<blockquote><p>No est\u00e1 en las estrellas mantener nuestro destino, sino en nosotros mismos.<\/p>\n<p>\u2013 William Shakespeare \u2013<\/p><\/blockquote>\n<p>Un incre\u00edble ramo lleno de belleza y creado para enamorar. <strong>24 Rosas rosadas<\/strong> para expresar un amor tierno y puro. \u00a1Atr\u00e9vete a poner al destino de tu lado! Escogidas individualmente por nuestros <strong>floristas expertos<\/strong> y trabajadas desde el primer d\u00eda para ofrecerte las m\u00e1s bellas flores. A\u00f1adimos verdes varios y relleno de temporada para conseguir un resultado m\u00e1s exuberante y profesional. <strong>Destino<\/strong>\u00a0est\u00e1 compuesto por:<\/p>\n<p>24 Rosas rosadas<\/p>\n<p>Relleno de temporada<\/p>\n<p>Verdes varios<\/p>\n<p>&nbsp;<\/p>\n<p>Tenemos una gran variedad de ramos de flores preciosos a buen precio. Con\u00f3celos\u00a0<a href=\"https:\/\/bellarosa.es\/comprar\/flores-varias\/\">aqu\u00ed<\/a><\/p>\n<\/div>\n","protected":false},"featured_media":8419,"comment_status":"open","ping_status":"closed","template":"","meta":[],"product_brand":[],"product_cat":[1149,1031,159,1016,142,1100],"product_tag":[],"class_list":{"0":"post-3863","1":"product","2":"type-product","3":"status-publish","4":"has-post-thumbnail","6":"product_cat-dia-de-la-madre","7":"product_cat-envio-a-malaga","8":"product_cat-mothers-day","9":"product_cat-ramos-rosas-rosas","10":"product_cat-rosas","11":"product_cat-8-marzo-dia-de-la-mujer","13":"first","14":"instock","15":"shipping-taxable","16":"purchasable","17":"product-type-simple","18":"layout-style-1","19":"col-md-4 col-sm-4 col-xs-6","20":"col-lg-4","21":"product-style-default"},"yoast_head":"<!-- This site is optimized with the Yoast SEO plugin v27.4 - https:\/\/yoast.com\/product\/yoast-seo-wordpress\/ -->\n<title>Destino - Ramo 24 rosas rosadas y eucalipto - Florister&iacute;a en San Pedro Alc&aacute;ntara<\/title>\n<meta name=\"robots\" content=\"noindex, follow\" \/>\n<meta property=\"og:locale\" content=\"en_US\" \/>\n<meta property=\"og:type\" content=\"article\" \/>\n<meta property=\"og:title\" content=\"Destino - Ramo 24 rosas rosadas y eucalipto - Florister&iacute;a en San Pedro Alc&aacute;ntara\" \/>\n<meta property=\"og:description\" content=\"No est\u00e1 en las estrellas mantener nuestro destino, sino en nosotros mismos.  \u2013 William Shakespeare \u2013 Un incre\u00edble ramo lleno de belleza y creado para enamorar. 24 Rosas rosadas para expresar un amor tierno y puro. \u00a1Atr\u00e9vete a poner al destino de tu lado! Escogidas individualmente por nuestros floristas expertos y trabajadas desde el primer d\u00eda para ofrecerte las m\u00e1s bellas flores. A\u00f1adimos verdes varios y relleno de temporada para conseguir un resultado m\u00e1s exuberante y profesional. Destino\u00a0est\u00e1 compuesto por:  24 Rosas rosadas  Relleno de temporada  Verdes varios  &nbsp;  Tenemos una gran variedad de ramos de flores preciosos a buen precio. Con\u00f3celos\u00a0aqu\u00ed\" \/>\n<meta property=\"og:url\" content=\"https:\/\/bellarosa.es\/en\/destino-ramo-24-rosas-rosadas\/\" \/>\n<meta property=\"og:site_name\" content=\"Florister&iacute;a en San Pedro Alc&aacute;ntara\" \/>\n<meta property=\"article:modified_time\" content=\"2026-04-10T11:03:21+00:00\" \/>\n<meta property=\"og:image\" content=\"https:\/\/bellarosa.es\/wp-content\/uploads\/2022\/07\/2C6604BC-76F4-49F5-98A2-37A83C259A34.png\" \/>\n\t<meta property=\"og:image:width\" content=\"1024\" \/>\n\t<meta property=\"og:image:height\" content=\"1536\" \/>\n\t<meta property=\"og:image:type\" content=\"image\/png\" \/>\n<meta name=\"twitter:card\" content=\"summary_large_image\" \/>\n<meta name=\"twitter:label1\" content=\"Est. reading time\" \/>\n\t<meta name=\"twitter:data1\" content=\"2 minutes\" \/>\n<script type=\"application\/ld+json\" class=\"yoast-schema-graph\">{\"@context\":\"https:\\\/\\\/schema.org\",\"@graph\":[{\"@type\":\"WebPage\",\"@id\":\"https:\\\/\\\/bellarosa.es\\\/en\\\/destino-ramo-24-rosas-rosadas\\\/\",\"url\":\"https:\\\/\\\/bellarosa.es\\\/en\\\/destino-ramo-24-rosas-rosadas\\\/\",\"name\":\"Destino - Ramo 24 rosas rosadas y eucalipto - Florister&iacute;a en San Pedro Alc&aacute;ntara\",\"isPartOf\":{\"@id\":\"https:\\\/\\\/bellarosa.es\\\/en\\\/#website\"},\"primaryImageOfPage\":{\"@id\":\"https:\\\/\\\/bellarosa.es\\\/en\\\/destino-ramo-24-rosas-rosadas\\\/#primaryimage\"},\"image\":{\"@id\":\"https:\\\/\\\/bellarosa.es\\\/en\\\/destino-ramo-24-rosas-rosadas\\\/#primaryimage\"},\"thumbnailUrl\":\"https:\\\/\\\/bellarosa.es\\\/wp-content\\\/uploads\\\/2022\\\/07\\\/2C6604BC-76F4-49F5-98A2-37A83C259A34.png\",\"datePublished\":\"2022-07-27T10:34:40+00:00\",\"dateModified\":\"2026-04-10T11:03:21+00:00\",\"breadcrumb\":{\"@id\":\"https:\\\/\\\/bellarosa.es\\\/en\\\/destino-ramo-24-rosas-rosadas\\\/#breadcrumb\"},\"inLanguage\":\"en-US\",\"potentialAction\":[{\"@type\":\"ReadAction\",\"target\":[\"https:\\\/\\\/bellarosa.es\\\/en\\\/destino-ramo-24-rosas-rosadas\\\/\"]}]},{\"@type\":\"ImageObject\",\"inLanguage\":\"en-US\",\"@id\":\"https:\\\/\\\/bellarosa.es\\\/en\\\/destino-ramo-24-rosas-rosadas\\\/#primaryimage\",\"url\":\"https:\\\/\\\/bellarosa.es\\\/wp-content\\\/uploads\\\/2022\\\/07\\\/2C6604BC-76F4-49F5-98A2-37A83C259A34.png\",\"contentUrl\":\"https:\\\/\\\/bellarosa.es\\\/wp-content\\\/uploads\\\/2022\\\/07\\\/2C6604BC-76F4-49F5-98A2-37A83C259A34.png\",\"width\":1024,\"height\":1536},{\"@type\":\"BreadcrumbList\",\"@id\":\"https:\\\/\\\/bellarosa.es\\\/en\\\/destino-ramo-24-rosas-rosadas\\\/#breadcrumb\",\"itemListElement\":[{\"@type\":\"ListItem\",\"position\":1,\"name\":\"Inicio\",\"item\":\"https:\\\/\\\/bellarosa.es\\\/en\\\/\"},{\"@type\":\"ListItem\",\"position\":2,\"name\":\"Shop\",\"item\":\"https:\\\/\\\/bellarosa.es\\\/en\\\/shop\\\/\"},{\"@type\":\"ListItem\",\"position\":3,\"name\":\"Destino &#8211; Ramo 24 rosas rosadas y eucalipto\"}]},{\"@type\":\"WebSite\",\"@id\":\"https:\\\/\\\/bellarosa.es\\\/en\\\/#website\",\"url\":\"https:\\\/\\\/bellarosa.es\\\/en\\\/\",\"name\":\"Florister&iacute;a en San Pedro Alc&aacute;ntara\",\"description\":\"\",\"publisher\":{\"@id\":\"https:\\\/\\\/bellarosa.es\\\/en\\\/#organization\"},\"potentialAction\":[{\"@type\":\"SearchAction\",\"target\":{\"@type\":\"EntryPoint\",\"urlTemplate\":\"https:\\\/\\\/bellarosa.es\\\/en\\\/?s={search_term_string}\"},\"query-input\":{\"@type\":\"PropertyValueSpecification\",\"valueRequired\":true,\"valueName\":\"search_term_string\"}}],\"inLanguage\":\"en-US\"},{\"@type\":\"Organization\",\"@id\":\"https:\\\/\\\/bellarosa.es\\\/en\\\/#organization\",\"name\":\"Floristeria Bella Rosa\",\"url\":\"https:\\\/\\\/bellarosa.es\\\/en\\\/\",\"logo\":{\"@type\":\"ImageObject\",\"inLanguage\":\"en-US\",\"@id\":\"https:\\\/\\\/bellarosa.es\\\/en\\\/#\\\/schema\\\/logo\\\/image\\\/\",\"url\":\"\",\"contentUrl\":\"\",\"caption\":\"Floristeria Bella Rosa\"},\"image\":{\"@id\":\"https:\\\/\\\/bellarosa.es\\\/en\\\/#\\\/schema\\\/logo\\\/image\\\/\"}}]}<\/script>\n<!-- \/ Yoast SEO plugin. -->","yoast_head_json":{"title":"Destino - Ramo 24 rosas rosadas y eucalipto - Florister&iacute;a en San Pedro Alc&aacute;ntara","robots":{"index":"noindex","follow":"follow"},"og_locale":"en_US","og_type":"article","og_title":"Destino - Ramo 24 rosas rosadas y eucalipto - Florister&iacute;a en San Pedro Alc&aacute;ntara","og_description":"No est\u00e1 en las estrellas mantener nuestro destino, sino en nosotros mismos.  \u2013 William Shakespeare \u2013 Un incre\u00edble ramo lleno de belleza y creado para enamorar. 24 Rosas rosadas para expresar un amor tierno y puro. \u00a1Atr\u00e9vete a poner al destino de tu lado! Escogidas individualmente por nuestros floristas expertos y trabajadas desde el primer d\u00eda para ofrecerte las m\u00e1s bellas flores. A\u00f1adimos verdes varios y relleno de temporada para conseguir un resultado m\u00e1s exuberante y profesional. Destino\u00a0est\u00e1 compuesto por:  24 Rosas rosadas  Relleno de temporada  Verdes varios  &nbsp;  Tenemos una gran variedad de ramos de flores preciosos a buen precio. Con\u00f3celos\u00a0aqu\u00ed","og_url":"https:\/\/bellarosa.es\/en\/destino-ramo-24-rosas-rosadas\/","og_site_name":"Florister&iacute;a en San Pedro Alc&aacute;ntara","article_modified_time":"2026-04-10T11:03:21+00:00","og_image":[{"width":1024,"height":1536,"url":"https:\/\/bellarosa.es\/wp-content\/uploads\/2022\/07\/2C6604BC-76F4-49F5-98A2-37A83C259A34.png","type":"image\/png"}],"twitter_card":"summary_large_image","twitter_misc":{"Est. reading time":"2 minutes"},"schema":{"@context":"https:\/\/schema.org","@graph":[{"@type":"WebPage","@id":"https:\/\/bellarosa.es\/en\/destino-ramo-24-rosas-rosadas\/","url":"https:\/\/bellarosa.es\/en\/destino-ramo-24-rosas-rosadas\/","name":"Destino - Ramo 24 rosas rosadas y eucalipto - Florister&iacute;a en San Pedro Alc&aacute;ntara","isPartOf":{"@id":"https:\/\/bellarosa.es\/en\/#website"},"primaryImageOfPage":{"@id":"https:\/\/bellarosa.es\/en\/destino-ramo-24-rosas-rosadas\/#primaryimage"},"image":{"@id":"https:\/\/bellarosa.es\/en\/destino-ramo-24-rosas-rosadas\/#primaryimage"},"thumbnailUrl":"https:\/\/bellarosa.es\/wp-content\/uploads\/2022\/07\/2C6604BC-76F4-49F5-98A2-37A83C259A34.png","datePublished":"2022-07-27T10:34:40+00:00","dateModified":"2026-04-10T11:03:21+00:00","breadcrumb":{"@id":"https:\/\/bellarosa.es\/en\/destino-ramo-24-rosas-rosadas\/#breadcrumb"},"inLanguage":"en-US","potentialAction":[{"@type":"ReadAction","target":["https:\/\/bellarosa.es\/en\/destino-ramo-24-rosas-rosadas\/"]}]},{"@type":"ImageObject","inLanguage":"en-US","@id":"https:\/\/bellarosa.es\/en\/destino-ramo-24-rosas-rosadas\/#primaryimage","url":"https:\/\/bellarosa.es\/wp-content\/uploads\/2022\/07\/2C6604BC-76F4-49F5-98A2-37A83C259A34.png","contentUrl":"https:\/\/bellarosa.es\/wp-content\/uploads\/2022\/07\/2C6604BC-76F4-49F5-98A2-37A83C259A34.png","width":1024,"height":1536},{"@type":"BreadcrumbList","@id":"https:\/\/bellarosa.es\/en\/destino-ramo-24-rosas-rosadas\/#breadcrumb","itemListElement":[{"@type":"ListItem","position":1,"name":"Inicio","item":"https:\/\/bellarosa.es\/en\/"},{"@type":"ListItem","position":2,"name":"Shop","item":"https:\/\/bellarosa.es\/en\/shop\/"},{"@type":"ListItem","position":3,"name":"Destino &#8211; Ramo 24 rosas rosadas y eucalipto"}]},{"@type":"WebSite","@id":"https:\/\/bellarosa.es\/en\/#website","url":"https:\/\/bellarosa.es\/en\/","name":"Florister&iacute;a en San Pedro Alc&aacute;ntara","description":"","publisher":{"@id":"https:\/\/bellarosa.es\/en\/#organization"},"potentialAction":[{"@type":"SearchAction","target":{"@type":"EntryPoint","urlTemplate":"https:\/\/bellarosa.es\/en\/?s={search_term_string}"},"query-input":{"@type":"PropertyValueSpecification","valueRequired":true,"valueName":"search_term_string"}}],"inLanguage":"en-US"},{"@type":"Organization","@id":"https:\/\/bellarosa.es\/en\/#organization","name":"Floristeria Bella Rosa","url":"https:\/\/bellarosa.es\/en\/","logo":{"@type":"ImageObject","inLanguage":"en-US","@id":"https:\/\/bellarosa.es\/en\/#\/schema\/logo\/image\/","url":"","contentUrl":"","caption":"Floristeria Bella Rosa"},"image":{"@id":"https:\/\/bellarosa.es\/en\/#\/schema\/logo\/image\/"}}]}},"_links":{"self":[{"href":"https:\/\/bellarosa.es\/en\/wp-json\/wp\/v2\/product\/3863","targetHints":{"allow":["GET"]}}],"collection":[{"href":"https:\/\/bellarosa.es\/en\/wp-json\/wp\/v2\/product"}],"about":[{"href":"https:\/\/bellarosa.es\/en\/wp-json\/wp\/v2\/types\/product"}],"replies":[{"embeddable":true,"href":"https:\/\/bellarosa.es\/en\/wp-json\/wp\/v2\/comments?post=3863"}],"wp:featuredmedia":[{"embeddable":true,"href":"https:\/\/bellarosa.es\/en\/wp-json\/wp\/v2\/media\/8419"}],"wp:attachment":[{"href":"https:\/\/bellarosa.es\/en\/wp-json\/wp\/v2\/media?parent=3863"}],"wp:term":[{"taxonomy":"product_brand","embeddable":true,"href":"https:\/\/bellarosa.es\/en\/wp-json\/wp\/v2\/product_brand?post=3863"},{"taxonomy":"product_cat","embeddable":true,"href":"https:\/\/bellarosa.es\/en\/wp-json\/wp\/v2\/product_cat?post=3863"},{"taxonomy":"product_tag","embeddable":true,"href":"https:\/\/bellarosa.es\/en\/wp-json\/wp\/v2\/product_tag?post=3863"}],"curies":[{"name":"wp","href":"https:\/\/api.w.org\/{rel}","templated":true}]}}