{"id":3624,"date":"2022-03-30T18:55:46","date_gmt":"2022-03-30T18:55:46","guid":{"rendered":"https:\/\/bellarosa.es\/?post_type=product&#038;p=3624"},"modified":"2026-04-10T11:04:05","modified_gmt":"2026-04-10T11:04:05","slug":"complicidad-ramo-de-24-rosas","status":"publish","type":"product","link":"https:\/\/bellarosa.es\/en\/complicidad-ramo-de-24-rosas\/","title":{"rendered":"Complicidad &#8211; Ramo de 24 rosas Blancas y Rosadas"},"content":{"rendered":"<h2><strong>Complicidad es conectar a la perfecci\u00f3n<\/strong><\/h2>\n<h3>El significado de las rosas malva y blancas<\/h3>\n<p>La\u00a0<strong>rosa\u00a0 rosada<\/strong>\u00a0es la flor de\u00a0<strong>la positividad, la eternidad y la calidad de vida<\/strong>. Es decir, se asocia con las buenas sensaciones, con el buen rollo y con la actitud positiva. \u00a1Una flor llena de alegr\u00eda! Est\u00e1 asociada con vidas largas cargadas de felicidad y salud, por lo que regalar <strong>rosas rosadas<\/strong>\u00a0es una buena forma de\u00a0<strong>desear lo mejor<\/strong> en una vida pr\u00f3spera.<\/p>\n<p>La\u00a0<strong>rosa blanca<\/strong>\u00a0es una flor relacionada con el\u00a0<strong>amor puro<\/strong>. La inocencia y sentimientos de bondad son los que mejor la describen. La rosa blanca est\u00e1 vinculada al concepto de pureza inmaculada. Es una flor que se suele elegir por las novias el d\u00eda de su boda precisamente por esta connotaci\u00f3n.<\/p>\n<h3>\u00bfCu\u00e1ndo regalar Complicidad?<\/h3>\n<p>Regalar <strong>rosas rosadas u blancas<\/strong>\u00a0quiere decir que la persona que le est\u00e1 obsequiando con dicho regalo le est\u00e1 deseando una vida feliz llena de positividad. Brindan alegr\u00eda y belleza, por lo que pueden ser geniales para brindar apoyo o celebrar un momento especial.<\/p>\n<p>Las<strong> rosas blancas<\/strong> son las favoritas para momentos de compromiso: bodas, pedidas de mano, incluso para reci\u00e9n nacidos, ya que significan pureza.<\/p>\n<p>Cualquier ocasi\u00f3n es buena para regalar flores, su embriagador olor y su belleza indiscutible ser\u00e1n una sorpresa muy agradable para la persona afortunada que las reciba.<\/p>\n<h3>Flores a domicilio en la Costa del Sol<\/h3>\n<p>Recuerda que somos tu florister\u00eda de confianza en la\u00a0<strong>Costa del Sol<\/strong>. Hacemos repartos desde\u00a0<strong>Estepona<\/strong>\u00a0hasta\u00a0<strong>San Pedro<\/strong>\u00a0o\u00a0<strong>Marbella<\/strong>. Si deseas enviar\u00a0<strong>flores a domicilio<\/strong>\u00a0puedes contar con nuestra experiencia para que tus ramos lleguen en las mejores condiciones. Sorprende a tu persona favorita. Tambi\u00e9n puedes hacer uso de nuestro servicio de\u00a0<strong>tienda online<\/strong>.<\/p>\n<p>&nbsp;<\/p>\n<p>Recuerda que puedes encontrarnos en\u00a0<a href=\"https:\/\/www.facebook.com\/bellarosa.es\/\">Facebook<\/a>\u00a0e\u00a0<a href=\"https:\/\/www.instagram.com\/bellarosa_marbella\/\" rel=\"noopener\">Instagram<\/a>. \u00a1Te esperamos!<\/p>\n","protected":false},"excerpt":{"rendered":"<blockquote><p>Existe entre nosotros algo mejor que un amor: una complicidad.<\/p>\n<p>\u2013 Marguerite Yourcenar \u2013<\/p><\/blockquote>\n<p>Complicidad es una palabra que describe una relaci\u00f3n donde las personas conectan a la perfecci\u00f3n. Para almas gemelas, medias naranjas, amigos del alma. Este ramo es para ellos. Se trata de una selecci\u00f3n de rosas malva y blancas que expresan un cari\u00f1o sin l\u00edmites. Es un ramo muy especial, ideal para regalar y expresar gratitud por contar con alguien tan incre\u00edble en tu vida. Las mejores rosas seleccionadas por nuestro equipo de floristas expertos. <strong>Complicidad<\/strong> est\u00e1 compuesto por:<\/p>\n<p>12 Rosas blancas<\/p>\n<p>12 Rosas Rosadas<\/p>\n<p>Gypsophila<\/p>\n<p>verdes varios<\/p>\n<p>&nbsp;<\/p>\n<p>Tenemos una gran variedad de ramos de rosas preciosos a buen precio. Con\u00f3celos\u00a0<a href=\"https:\/\/bellarosa.es\/comprar\/san-valentin\/\">aqu\u00ed<\/a><\/p>\n","protected":false},"featured_media":8690,"comment_status":"open","ping_status":"closed","template":"","meta":[],"product_brand":[],"product_cat":[1149,1031,159,142,15,1100],"product_tag":[],"class_list":{"0":"post-3624","1":"product","2":"type-product","3":"status-publish","4":"has-post-thumbnail","6":"product_cat-dia-de-la-madre","7":"product_cat-envio-a-malaga","8":"product_cat-mothers-day","9":"product_cat-rosas","10":"product_cat-san-valentin","11":"product_cat-8-marzo-dia-de-la-mujer","13":"first","14":"instock","15":"featured","16":"shipping-taxable","17":"purchasable","18":"product-type-simple","19":"layout-style-1","20":"col-md-4 col-sm-4 col-xs-6","21":"col-lg-4","22":"product-style-default"},"yoast_head":"<!-- This site is optimized with the Yoast SEO plugin v27.5 - https:\/\/yoast.com\/product\/yoast-seo-wordpress\/ -->\n<title>Complicidad - Ramo de 24 rosas Blancas y Rosadas - Florister&iacute;a en San Pedro Alc&aacute;ntara<\/title>\n<meta name=\"robots\" content=\"noindex, follow\" \/>\n<meta property=\"og:locale\" content=\"en_US\" \/>\n<meta property=\"og:type\" content=\"article\" \/>\n<meta property=\"og:title\" content=\"Complicidad - Ramo de 24 rosas Blancas y Rosadas - Florister&iacute;a en San Pedro Alc&aacute;ntara\" \/>\n<meta property=\"og:description\" content=\"Existe entre nosotros algo mejor que un amor: una complicidad.  \u2013 Marguerite Yourcenar \u2013 Complicidad es una palabra que describe una relaci\u00f3n donde las personas conectan a la perfecci\u00f3n. Para almas gemelas, medias naranjas, amigos del alma. Este ramo es para ellos. Se trata de una selecci\u00f3n de rosas malva y blancas que expresan un cari\u00f1o sin l\u00edmites. Es un ramo muy especial, ideal para regalar y expresar gratitud por contar con alguien tan incre\u00edble en tu vida. Las mejores rosas seleccionadas por nuestro equipo de floristas expertos. Complicidad est\u00e1 compuesto por:  12 Rosas blancas  12 Rosas Rosadas  Gypsophila  verdes varios  &nbsp;  Tenemos una gran variedad de ramos de rosas preciosos a buen precio. Con\u00f3celos\u00a0aqu\u00ed\" \/>\n<meta property=\"og:url\" content=\"https:\/\/bellarosa.es\/en\/complicidad-ramo-de-24-rosas\/\" \/>\n<meta property=\"og:site_name\" content=\"Florister&iacute;a en San Pedro Alc&aacute;ntara\" \/>\n<meta property=\"article:modified_time\" content=\"2026-04-10T11:04:05+00:00\" \/>\n<meta property=\"og:image\" content=\"https:\/\/bellarosa.es\/wp-content\/uploads\/2022\/03\/0D4A13EC-DD98-4C4C-92EC-DB3A605EAB72.png\" \/>\n\t<meta property=\"og:image:width\" content=\"640\" \/>\n\t<meta property=\"og:image:height\" content=\"960\" \/>\n\t<meta property=\"og:image:type\" content=\"image\/png\" \/>\n<meta name=\"twitter:card\" content=\"summary_large_image\" \/>\n<meta name=\"twitter:label1\" content=\"Est. reading time\" \/>\n\t<meta name=\"twitter:data1\" content=\"2 minutes\" \/>\n<script type=\"application\/ld+json\" class=\"yoast-schema-graph\">{\"@context\":\"https:\\\/\\\/schema.org\",\"@graph\":[{\"@type\":\"WebPage\",\"@id\":\"https:\\\/\\\/bellarosa.es\\\/en\\\/complicidad-ramo-de-24-rosas\\\/\",\"url\":\"https:\\\/\\\/bellarosa.es\\\/en\\\/complicidad-ramo-de-24-rosas\\\/\",\"name\":\"Complicidad - Ramo de 24 rosas Blancas y Rosadas - Florister&iacute;a en San Pedro Alc&aacute;ntara\",\"isPartOf\":{\"@id\":\"https:\\\/\\\/bellarosa.es\\\/en\\\/#website\"},\"primaryImageOfPage\":{\"@id\":\"https:\\\/\\\/bellarosa.es\\\/en\\\/complicidad-ramo-de-24-rosas\\\/#primaryimage\"},\"image\":{\"@id\":\"https:\\\/\\\/bellarosa.es\\\/en\\\/complicidad-ramo-de-24-rosas\\\/#primaryimage\"},\"thumbnailUrl\":\"https:\\\/\\\/bellarosa.es\\\/wp-content\\\/uploads\\\/2022\\\/03\\\/0D4A13EC-DD98-4C4C-92EC-DB3A605EAB72.png\",\"datePublished\":\"2022-03-30T18:55:46+00:00\",\"dateModified\":\"2026-04-10T11:04:05+00:00\",\"breadcrumb\":{\"@id\":\"https:\\\/\\\/bellarosa.es\\\/en\\\/complicidad-ramo-de-24-rosas\\\/#breadcrumb\"},\"inLanguage\":\"en-US\",\"potentialAction\":[{\"@type\":\"ReadAction\",\"target\":[\"https:\\\/\\\/bellarosa.es\\\/en\\\/complicidad-ramo-de-24-rosas\\\/\"]}]},{\"@type\":\"ImageObject\",\"inLanguage\":\"en-US\",\"@id\":\"https:\\\/\\\/bellarosa.es\\\/en\\\/complicidad-ramo-de-24-rosas\\\/#primaryimage\",\"url\":\"https:\\\/\\\/bellarosa.es\\\/wp-content\\\/uploads\\\/2022\\\/03\\\/0D4A13EC-DD98-4C4C-92EC-DB3A605EAB72.png\",\"contentUrl\":\"https:\\\/\\\/bellarosa.es\\\/wp-content\\\/uploads\\\/2022\\\/03\\\/0D4A13EC-DD98-4C4C-92EC-DB3A605EAB72.png\",\"width\":1024,\"height\":1536},{\"@type\":\"BreadcrumbList\",\"@id\":\"https:\\\/\\\/bellarosa.es\\\/en\\\/complicidad-ramo-de-24-rosas\\\/#breadcrumb\",\"itemListElement\":[{\"@type\":\"ListItem\",\"position\":1,\"name\":\"Inicio\",\"item\":\"https:\\\/\\\/bellarosa.es\\\/en\\\/\"},{\"@type\":\"ListItem\",\"position\":2,\"name\":\"Shop\",\"item\":\"https:\\\/\\\/bellarosa.es\\\/en\\\/shop\\\/\"},{\"@type\":\"ListItem\",\"position\":3,\"name\":\"Complicidad &#8211; Ramo de 24 rosas Blancas y Rosadas\"}]},{\"@type\":\"WebSite\",\"@id\":\"https:\\\/\\\/bellarosa.es\\\/en\\\/#website\",\"url\":\"https:\\\/\\\/bellarosa.es\\\/en\\\/\",\"name\":\"Florister&iacute;a en San Pedro Alc&aacute;ntara\",\"description\":\"\",\"publisher\":{\"@id\":\"https:\\\/\\\/bellarosa.es\\\/en\\\/#organization\"},\"potentialAction\":[{\"@type\":\"SearchAction\",\"target\":{\"@type\":\"EntryPoint\",\"urlTemplate\":\"https:\\\/\\\/bellarosa.es\\\/en\\\/?s={search_term_string}\"},\"query-input\":{\"@type\":\"PropertyValueSpecification\",\"valueRequired\":true,\"valueName\":\"search_term_string\"}}],\"inLanguage\":\"en-US\"},{\"@type\":\"Organization\",\"@id\":\"https:\\\/\\\/bellarosa.es\\\/en\\\/#organization\",\"name\":\"Floristeria Bella Rosa\",\"url\":\"https:\\\/\\\/bellarosa.es\\\/en\\\/\",\"logo\":{\"@type\":\"ImageObject\",\"inLanguage\":\"en-US\",\"@id\":\"https:\\\/\\\/bellarosa.es\\\/en\\\/#\\\/schema\\\/logo\\\/image\\\/\",\"url\":\"\",\"contentUrl\":\"\",\"caption\":\"Floristeria Bella Rosa\"},\"image\":{\"@id\":\"https:\\\/\\\/bellarosa.es\\\/en\\\/#\\\/schema\\\/logo\\\/image\\\/\"}}]}<\/script>\n<!-- \/ Yoast SEO plugin. -->","yoast_head_json":{"title":"Complicidad - Ramo de 24 rosas Blancas y Rosadas - Florister&iacute;a en San Pedro Alc&aacute;ntara","robots":{"index":"noindex","follow":"follow"},"og_locale":"en_US","og_type":"article","og_title":"Complicidad - Ramo de 24 rosas Blancas y Rosadas - Florister&iacute;a en San Pedro Alc&aacute;ntara","og_description":"Existe entre nosotros algo mejor que un amor: una complicidad.  \u2013 Marguerite Yourcenar \u2013 Complicidad es una palabra que describe una relaci\u00f3n donde las personas conectan a la perfecci\u00f3n. Para almas gemelas, medias naranjas, amigos del alma. Este ramo es para ellos. Se trata de una selecci\u00f3n de rosas malva y blancas que expresan un cari\u00f1o sin l\u00edmites. Es un ramo muy especial, ideal para regalar y expresar gratitud por contar con alguien tan incre\u00edble en tu vida. Las mejores rosas seleccionadas por nuestro equipo de floristas expertos. Complicidad est\u00e1 compuesto por:  12 Rosas blancas  12 Rosas Rosadas  Gypsophila  verdes varios  &nbsp;  Tenemos una gran variedad de ramos de rosas preciosos a buen precio. Con\u00f3celos\u00a0aqu\u00ed","og_url":"https:\/\/bellarosa.es\/en\/complicidad-ramo-de-24-rosas\/","og_site_name":"Florister&iacute;a en San Pedro Alc&aacute;ntara","article_modified_time":"2026-04-10T11:04:05+00:00","og_image":[{"url":"https:\/\/bellarosa.es\/wp-content\/uploads\/2022\/03\/0D4A13EC-DD98-4C4C-92EC-DB3A605EAB72.png","width":640,"height":960,"type":"image\/png"}],"twitter_card":"summary_large_image","twitter_misc":{"Est. reading time":"2 minutes"},"schema":{"@context":"https:\/\/schema.org","@graph":[{"@type":"WebPage","@id":"https:\/\/bellarosa.es\/en\/complicidad-ramo-de-24-rosas\/","url":"https:\/\/bellarosa.es\/en\/complicidad-ramo-de-24-rosas\/","name":"Complicidad - Ramo de 24 rosas Blancas y Rosadas - Florister&iacute;a en San Pedro Alc&aacute;ntara","isPartOf":{"@id":"https:\/\/bellarosa.es\/en\/#website"},"primaryImageOfPage":{"@id":"https:\/\/bellarosa.es\/en\/complicidad-ramo-de-24-rosas\/#primaryimage"},"image":{"@id":"https:\/\/bellarosa.es\/en\/complicidad-ramo-de-24-rosas\/#primaryimage"},"thumbnailUrl":"https:\/\/bellarosa.es\/wp-content\/uploads\/2022\/03\/0D4A13EC-DD98-4C4C-92EC-DB3A605EAB72.png","datePublished":"2022-03-30T18:55:46+00:00","dateModified":"2026-04-10T11:04:05+00:00","breadcrumb":{"@id":"https:\/\/bellarosa.es\/en\/complicidad-ramo-de-24-rosas\/#breadcrumb"},"inLanguage":"en-US","potentialAction":[{"@type":"ReadAction","target":["https:\/\/bellarosa.es\/en\/complicidad-ramo-de-24-rosas\/"]}]},{"@type":"ImageObject","inLanguage":"en-US","@id":"https:\/\/bellarosa.es\/en\/complicidad-ramo-de-24-rosas\/#primaryimage","url":"https:\/\/bellarosa.es\/wp-content\/uploads\/2022\/03\/0D4A13EC-DD98-4C4C-92EC-DB3A605EAB72.png","contentUrl":"https:\/\/bellarosa.es\/wp-content\/uploads\/2022\/03\/0D4A13EC-DD98-4C4C-92EC-DB3A605EAB72.png","width":1024,"height":1536},{"@type":"BreadcrumbList","@id":"https:\/\/bellarosa.es\/en\/complicidad-ramo-de-24-rosas\/#breadcrumb","itemListElement":[{"@type":"ListItem","position":1,"name":"Inicio","item":"https:\/\/bellarosa.es\/en\/"},{"@type":"ListItem","position":2,"name":"Shop","item":"https:\/\/bellarosa.es\/en\/shop\/"},{"@type":"ListItem","position":3,"name":"Complicidad &#8211; Ramo de 24 rosas Blancas y Rosadas"}]},{"@type":"WebSite","@id":"https:\/\/bellarosa.es\/en\/#website","url":"https:\/\/bellarosa.es\/en\/","name":"Florister&iacute;a en San Pedro Alc&aacute;ntara","description":"","publisher":{"@id":"https:\/\/bellarosa.es\/en\/#organization"},"potentialAction":[{"@type":"SearchAction","target":{"@type":"EntryPoint","urlTemplate":"https:\/\/bellarosa.es\/en\/?s={search_term_string}"},"query-input":{"@type":"PropertyValueSpecification","valueRequired":true,"valueName":"search_term_string"}}],"inLanguage":"en-US"},{"@type":"Organization","@id":"https:\/\/bellarosa.es\/en\/#organization","name":"Floristeria Bella Rosa","url":"https:\/\/bellarosa.es\/en\/","logo":{"@type":"ImageObject","inLanguage":"en-US","@id":"https:\/\/bellarosa.es\/en\/#\/schema\/logo\/image\/","url":"","contentUrl":"","caption":"Floristeria Bella Rosa"},"image":{"@id":"https:\/\/bellarosa.es\/en\/#\/schema\/logo\/image\/"}}]}},"_links":{"self":[{"href":"https:\/\/bellarosa.es\/en\/wp-json\/wp\/v2\/product\/3624","targetHints":{"allow":["GET"]}}],"collection":[{"href":"https:\/\/bellarosa.es\/en\/wp-json\/wp\/v2\/product"}],"about":[{"href":"https:\/\/bellarosa.es\/en\/wp-json\/wp\/v2\/types\/product"}],"replies":[{"embeddable":true,"href":"https:\/\/bellarosa.es\/en\/wp-json\/wp\/v2\/comments?post=3624"}],"wp:featuredmedia":[{"embeddable":true,"href":"https:\/\/bellarosa.es\/en\/wp-json\/wp\/v2\/media\/8690"}],"wp:attachment":[{"href":"https:\/\/bellarosa.es\/en\/wp-json\/wp\/v2\/media?parent=3624"}],"wp:term":[{"taxonomy":"product_brand","embeddable":true,"href":"https:\/\/bellarosa.es\/en\/wp-json\/wp\/v2\/product_brand?post=3624"},{"taxonomy":"product_cat","embeddable":true,"href":"https:\/\/bellarosa.es\/en\/wp-json\/wp\/v2\/product_cat?post=3624"},{"taxonomy":"product_tag","embeddable":true,"href":"https:\/\/bellarosa.es\/en\/wp-json\/wp\/v2\/product_tag?post=3624"}],"curies":[{"name":"wp","href":"https:\/\/api.w.org\/{rel}","templated":true}]}}