{"id":3609,"date":"2022-03-20T19:46:35","date_gmt":"2022-03-20T19:46:35","guid":{"rendered":"https:\/\/bellarosa.es\/?post_type=product&#038;p=3609"},"modified":"2026-02-23T11:51:59","modified_gmt":"2026-02-23T11:51:59","slug":"piropo-caja-18-rosas-rojas","status":"publish","type":"product","link":"https:\/\/bellarosa.es\/en\/piropo-caja-18-rosas-rojas\/","title":{"rendered":"Piropo &#8211; Caja 18 Rosas rojas limonium rosa"},"content":{"rendered":"<h2><strong>No hay mejor piropo que regalar rosas rojas<\/strong><\/h2>\n<p>Para aquellos y aquellas que est\u00e1n buscando una opci\u00f3n m\u00e1s original que el ramo de flores, algo diferente. Nuestro equipo de <strong>Bella Rosa<\/strong> ha preparado <strong>Piropo<\/strong>: una caja en forma de coraz\u00f3n con <strong>18 rosas rojas<\/strong>. Un regalo encantador y rom\u00e1ntico que seguro que encantar\u00e1 a su persona especial. Todos los detalles han sido cuidados y hemos puesto mucho amor en esta caja floral para que sea perfecta.<\/p>\n<h3>El significado de las rosas rojas<\/h3>\n<p>La flor del amor por excelencia es la rosa roja. Una flor que evoca <strong>pasi\u00f3n, sentimientos, pureza y mucho fuego<\/strong>. El intenso color de las rosas rojas refleja un coraz\u00f3n lleno de sensaciones bellas. Estas flores son un <strong>v\u00ednculo entre dos almas<\/strong> que se sienten unidas la una a la otra. Regalar rosas rojas es <strong>una ofrenda de amor verdadero<\/strong>, profundo y pasional.<\/p>\n<p>Las rosas son el s\u00edmbolo del amor en cientos de pel\u00edculas, de libros, poemas y leyendas, y es que su belleza representa los sentimientos m\u00e1s bellos que podemos tener.<\/p>\n<p>Si usted recibe rosas rojas es sin duda una persona muy importante para alguien. Esa persona le est\u00e1 mostrando sus m\u00e1s puros sentimientos, dedic\u00e1ndole un regalo tan rom\u00e1ntico como sincero.<\/p>\n<h3>\u00bfCu\u00e1ndo regalar Piropo?<\/h3>\n<p>Esta bonita y encantadora cesta de rosas rojas es una forma de expresar tu amor, una declaraci\u00f3n para decirle a alguien que es \u00fanico y especial. Pensada para <strong>regalar en fechas rom\u00e1nticas<\/strong>, como el d\u00eda de <strong>San Valent\u00edn<\/strong> o el <strong>aniversario con su pareja<\/strong>. Las rosas rojas tambi\u00e9n son adecuadas para regalar si quieres expresarle\u00a0a su pareja el deseo de compromiso.<\/p>\n<h3>Flores a domicilio en la Costa del Sol<\/h3>\n<p>Recuerda que somos tu florister\u00eda de confianza en la <strong>Costa del Sol<\/strong>. Hacemos repartos desde <strong>Estepona<\/strong> hasta <strong>San Pedro<\/strong> o <strong>Marbella<\/strong>. Si deseas enviar <strong>flores a domicilio<\/strong> puedes contar con nuestra experiencia para que tus ramos lleguen en las mejores condiciones. Sorprende a tu persona favorita. Tambi\u00e9n puedes hacer uso de nuestro servicio de <strong>tienda online<\/strong>.<\/p>\n<p>&nbsp;<\/p>\n<p>Recuerda que puedes encontrarnos en <a href=\"https:\/\/www.facebook.com\/bellarosa.es\/\">Facebook<\/a> e <a href=\"https:\/\/www.instagram.com\/bellarosa_marbella\/\">Instagram<\/a>. \u00a1Te esperamos!<\/p>\n","protected":false},"excerpt":{"rendered":"<blockquote>\n<p style=\"text-align: center;\">Eres la inspiraci\u00f3n de los piropos que crea mi mente.<\/p>\n<p style=\"text-align: center;\">&#8211; An\u00f3nimo &#8211;<\/p>\n<\/blockquote>\n<p>Para esa persona que te inspira las palabras m\u00e1s bonitas, los piropos que salen del coraz\u00f3n, los sentimientos m\u00e1s bellos y rom\u00e1nticos&#8230; Esa persona se merece una sorpresa rom\u00e1ntica, como esta preciosa <strong>caja en forma de coraz\u00f3n con rosas rojas<\/strong>. Realizadas sobre esponja de flor natural y cuidada al m\u00e1s m\u00ednimo detalle, ser\u00e1 un regalo que jam\u00e1s olvidar\u00e1. Las <strong>rosas han sido seleccionadas por nuestro equipo expertos<\/strong> y cuidadas cada d\u00eda para luzcan perfectas. <strong>Piropo<\/strong> est\u00e1 compuesto por:<\/p>\n<p>18 Rosas rojas<\/p>\n<p>limonium rosa<\/p>\n<p>Caja forma de coraz\u00f3n roja<\/p>\n<p>Esponja flor natural<\/p>\n<p>&nbsp;<\/p>\n<p>Tenemos una gran variedad de ramos de rosas preciosos a buen precio. Con\u00f3celos <a href=\"https:\/\/bellarosa.es\/comprar\/san-valentin\/\">aqu\u00ed<\/a><\/p>\n","protected":false},"featured_media":8372,"comment_status":"open","ping_status":"closed","template":"","meta":[],"product_brand":[],"product_cat":[158,15],"product_tag":[],"class_list":{"0":"post-3609","1":"product","2":"type-product","3":"status-publish","4":"has-post-thumbnail","6":"product_cat-caja-floral","7":"product_cat-san-valentin","9":"first","10":"instock","11":"shipping-taxable","12":"purchasable","13":"product-type-simple","14":"layout-style-1","15":"col-md-4 col-sm-4 col-xs-6","16":"col-lg-4","17":"product-style-default"},"yoast_head":"<!-- This site is optimized with the Yoast SEO plugin v27.4 - https:\/\/yoast.com\/product\/yoast-seo-wordpress\/ -->\n<title>Piropo - Caja 18 Rosas rojas limonium rosa - Florister&iacute;a en San Pedro Alc&aacute;ntara<\/title>\n<meta name=\"robots\" content=\"noindex, follow\" \/>\n<meta property=\"og:locale\" content=\"en_US\" \/>\n<meta property=\"og:type\" content=\"article\" \/>\n<meta property=\"og:title\" content=\"Piropo - Caja 18 Rosas rojas limonium rosa - Florister&iacute;a en San Pedro Alc&aacute;ntara\" \/>\n<meta property=\"og:description\" content=\"Eres la inspiraci\u00f3n de los piropos que crea mi mente. - An\u00f3nimo -  Para esa persona que te inspira las palabras m\u00e1s bonitas, los piropos que salen del coraz\u00f3n, los sentimientos m\u00e1s bellos y rom\u00e1nticos... Esa persona se merece una sorpresa rom\u00e1ntica, como esta preciosa caja en forma de coraz\u00f3n con rosas rojas. Realizadas sobre esponja de flor natural y cuidada al m\u00e1s m\u00ednimo detalle, ser\u00e1 un regalo que jam\u00e1s olvidar\u00e1. Las rosas han sido seleccionadas por nuestro equipo expertos y cuidadas cada d\u00eda para luzcan perfectas. Piropo est\u00e1 compuesto por:  18 Rosas rojas  limonium rosa  Caja forma de coraz\u00f3n roja  Esponja flor natural  &nbsp;  Tenemos una gran variedad de ramos de rosas preciosos a buen precio. Con\u00f3celos aqu\u00ed\" \/>\n<meta property=\"og:url\" content=\"https:\/\/bellarosa.es\/en\/piropo-caja-18-rosas-rojas\/\" \/>\n<meta property=\"og:site_name\" content=\"Florister&iacute;a en San Pedro Alc&aacute;ntara\" \/>\n<meta property=\"article:modified_time\" content=\"2026-02-23T11:51:59+00:00\" \/>\n<meta property=\"og:image\" content=\"https:\/\/bellarosa.es\/wp-content\/uploads\/2022\/09\/455F226D-A691-4428-AEE1-EC0DBBC12753.jpg\" \/>\n\t<meta property=\"og:image:width\" content=\"995\" \/>\n\t<meta property=\"og:image:height\" content=\"1421\" \/>\n\t<meta property=\"og:image:type\" content=\"image\/jpeg\" \/>\n<meta name=\"twitter:card\" content=\"summary_large_image\" \/>\n<meta name=\"twitter:label1\" content=\"Est. reading time\" \/>\n\t<meta name=\"twitter:data1\" content=\"2 minutes\" \/>\n<script type=\"application\/ld+json\" class=\"yoast-schema-graph\">{\"@context\":\"https:\\\/\\\/schema.org\",\"@graph\":[{\"@type\":\"WebPage\",\"@id\":\"https:\\\/\\\/bellarosa.es\\\/en\\\/piropo-caja-18-rosas-rojas\\\/\",\"url\":\"https:\\\/\\\/bellarosa.es\\\/en\\\/piropo-caja-18-rosas-rojas\\\/\",\"name\":\"Piropo - Caja 18 Rosas rojas limonium rosa - Florister&iacute;a en San Pedro Alc&aacute;ntara\",\"isPartOf\":{\"@id\":\"https:\\\/\\\/bellarosa.es\\\/en\\\/#website\"},\"primaryImageOfPage\":{\"@id\":\"https:\\\/\\\/bellarosa.es\\\/en\\\/piropo-caja-18-rosas-rojas\\\/#primaryimage\"},\"image\":{\"@id\":\"https:\\\/\\\/bellarosa.es\\\/en\\\/piropo-caja-18-rosas-rojas\\\/#primaryimage\"},\"thumbnailUrl\":\"https:\\\/\\\/bellarosa.es\\\/wp-content\\\/uploads\\\/2022\\\/09\\\/455F226D-A691-4428-AEE1-EC0DBBC12753.jpg\",\"datePublished\":\"2022-03-20T19:46:35+00:00\",\"dateModified\":\"2026-02-23T11:51:59+00:00\",\"breadcrumb\":{\"@id\":\"https:\\\/\\\/bellarosa.es\\\/en\\\/piropo-caja-18-rosas-rojas\\\/#breadcrumb\"},\"inLanguage\":\"en-US\",\"potentialAction\":[{\"@type\":\"ReadAction\",\"target\":[\"https:\\\/\\\/bellarosa.es\\\/en\\\/piropo-caja-18-rosas-rojas\\\/\"]}]},{\"@type\":\"ImageObject\",\"inLanguage\":\"en-US\",\"@id\":\"https:\\\/\\\/bellarosa.es\\\/en\\\/piropo-caja-18-rosas-rojas\\\/#primaryimage\",\"url\":\"https:\\\/\\\/bellarosa.es\\\/wp-content\\\/uploads\\\/2022\\\/09\\\/455F226D-A691-4428-AEE1-EC0DBBC12753.jpg\",\"contentUrl\":\"https:\\\/\\\/bellarosa.es\\\/wp-content\\\/uploads\\\/2022\\\/09\\\/455F226D-A691-4428-AEE1-EC0DBBC12753.jpg\",\"width\":995,\"height\":1421},{\"@type\":\"BreadcrumbList\",\"@id\":\"https:\\\/\\\/bellarosa.es\\\/en\\\/piropo-caja-18-rosas-rojas\\\/#breadcrumb\",\"itemListElement\":[{\"@type\":\"ListItem\",\"position\":1,\"name\":\"Inicio\",\"item\":\"https:\\\/\\\/bellarosa.es\\\/en\\\/\"},{\"@type\":\"ListItem\",\"position\":2,\"name\":\"Shop\",\"item\":\"https:\\\/\\\/bellarosa.es\\\/en\\\/shop\\\/\"},{\"@type\":\"ListItem\",\"position\":3,\"name\":\"Piropo &#8211; Caja 18 Rosas rojas limonium rosa\"}]},{\"@type\":\"WebSite\",\"@id\":\"https:\\\/\\\/bellarosa.es\\\/en\\\/#website\",\"url\":\"https:\\\/\\\/bellarosa.es\\\/en\\\/\",\"name\":\"Florister&iacute;a en San Pedro Alc&aacute;ntara\",\"description\":\"\",\"publisher\":{\"@id\":\"https:\\\/\\\/bellarosa.es\\\/en\\\/#organization\"},\"potentialAction\":[{\"@type\":\"SearchAction\",\"target\":{\"@type\":\"EntryPoint\",\"urlTemplate\":\"https:\\\/\\\/bellarosa.es\\\/en\\\/?s={search_term_string}\"},\"query-input\":{\"@type\":\"PropertyValueSpecification\",\"valueRequired\":true,\"valueName\":\"search_term_string\"}}],\"inLanguage\":\"en-US\"},{\"@type\":\"Organization\",\"@id\":\"https:\\\/\\\/bellarosa.es\\\/en\\\/#organization\",\"name\":\"Floristeria Bella Rosa\",\"url\":\"https:\\\/\\\/bellarosa.es\\\/en\\\/\",\"logo\":{\"@type\":\"ImageObject\",\"inLanguage\":\"en-US\",\"@id\":\"https:\\\/\\\/bellarosa.es\\\/en\\\/#\\\/schema\\\/logo\\\/image\\\/\",\"url\":\"\",\"contentUrl\":\"\",\"caption\":\"Floristeria Bella Rosa\"},\"image\":{\"@id\":\"https:\\\/\\\/bellarosa.es\\\/en\\\/#\\\/schema\\\/logo\\\/image\\\/\"}}]}<\/script>\n<!-- \/ Yoast SEO plugin. -->","yoast_head_json":{"title":"Piropo - Caja 18 Rosas rojas limonium rosa - Florister&iacute;a en San Pedro Alc&aacute;ntara","robots":{"index":"noindex","follow":"follow"},"og_locale":"en_US","og_type":"article","og_title":"Piropo - Caja 18 Rosas rojas limonium rosa - Florister&iacute;a en San Pedro Alc&aacute;ntara","og_description":"Eres la inspiraci\u00f3n de los piropos que crea mi mente. - An\u00f3nimo -  Para esa persona que te inspira las palabras m\u00e1s bonitas, los piropos que salen del coraz\u00f3n, los sentimientos m\u00e1s bellos y rom\u00e1nticos... Esa persona se merece una sorpresa rom\u00e1ntica, como esta preciosa caja en forma de coraz\u00f3n con rosas rojas. Realizadas sobre esponja de flor natural y cuidada al m\u00e1s m\u00ednimo detalle, ser\u00e1 un regalo que jam\u00e1s olvidar\u00e1. Las rosas han sido seleccionadas por nuestro equipo expertos y cuidadas cada d\u00eda para luzcan perfectas. Piropo est\u00e1 compuesto por:  18 Rosas rojas  limonium rosa  Caja forma de coraz\u00f3n roja  Esponja flor natural  &nbsp;  Tenemos una gran variedad de ramos de rosas preciosos a buen precio. Con\u00f3celos aqu\u00ed","og_url":"https:\/\/bellarosa.es\/en\/piropo-caja-18-rosas-rojas\/","og_site_name":"Florister&iacute;a en San Pedro Alc&aacute;ntara","article_modified_time":"2026-02-23T11:51:59+00:00","og_image":[{"width":995,"height":1421,"url":"https:\/\/bellarosa.es\/wp-content\/uploads\/2022\/09\/455F226D-A691-4428-AEE1-EC0DBBC12753.jpg","type":"image\/jpeg"}],"twitter_card":"summary_large_image","twitter_misc":{"Est. reading time":"2 minutes"},"schema":{"@context":"https:\/\/schema.org","@graph":[{"@type":"WebPage","@id":"https:\/\/bellarosa.es\/en\/piropo-caja-18-rosas-rojas\/","url":"https:\/\/bellarosa.es\/en\/piropo-caja-18-rosas-rojas\/","name":"Piropo - Caja 18 Rosas rojas limonium rosa - Florister&iacute;a en San Pedro Alc&aacute;ntara","isPartOf":{"@id":"https:\/\/bellarosa.es\/en\/#website"},"primaryImageOfPage":{"@id":"https:\/\/bellarosa.es\/en\/piropo-caja-18-rosas-rojas\/#primaryimage"},"image":{"@id":"https:\/\/bellarosa.es\/en\/piropo-caja-18-rosas-rojas\/#primaryimage"},"thumbnailUrl":"https:\/\/bellarosa.es\/wp-content\/uploads\/2022\/09\/455F226D-A691-4428-AEE1-EC0DBBC12753.jpg","datePublished":"2022-03-20T19:46:35+00:00","dateModified":"2026-02-23T11:51:59+00:00","breadcrumb":{"@id":"https:\/\/bellarosa.es\/en\/piropo-caja-18-rosas-rojas\/#breadcrumb"},"inLanguage":"en-US","potentialAction":[{"@type":"ReadAction","target":["https:\/\/bellarosa.es\/en\/piropo-caja-18-rosas-rojas\/"]}]},{"@type":"ImageObject","inLanguage":"en-US","@id":"https:\/\/bellarosa.es\/en\/piropo-caja-18-rosas-rojas\/#primaryimage","url":"https:\/\/bellarosa.es\/wp-content\/uploads\/2022\/09\/455F226D-A691-4428-AEE1-EC0DBBC12753.jpg","contentUrl":"https:\/\/bellarosa.es\/wp-content\/uploads\/2022\/09\/455F226D-A691-4428-AEE1-EC0DBBC12753.jpg","width":995,"height":1421},{"@type":"BreadcrumbList","@id":"https:\/\/bellarosa.es\/en\/piropo-caja-18-rosas-rojas\/#breadcrumb","itemListElement":[{"@type":"ListItem","position":1,"name":"Inicio","item":"https:\/\/bellarosa.es\/en\/"},{"@type":"ListItem","position":2,"name":"Shop","item":"https:\/\/bellarosa.es\/en\/shop\/"},{"@type":"ListItem","position":3,"name":"Piropo &#8211; Caja 18 Rosas rojas limonium rosa"}]},{"@type":"WebSite","@id":"https:\/\/bellarosa.es\/en\/#website","url":"https:\/\/bellarosa.es\/en\/","name":"Florister&iacute;a en San Pedro Alc&aacute;ntara","description":"","publisher":{"@id":"https:\/\/bellarosa.es\/en\/#organization"},"potentialAction":[{"@type":"SearchAction","target":{"@type":"EntryPoint","urlTemplate":"https:\/\/bellarosa.es\/en\/?s={search_term_string}"},"query-input":{"@type":"PropertyValueSpecification","valueRequired":true,"valueName":"search_term_string"}}],"inLanguage":"en-US"},{"@type":"Organization","@id":"https:\/\/bellarosa.es\/en\/#organization","name":"Floristeria Bella Rosa","url":"https:\/\/bellarosa.es\/en\/","logo":{"@type":"ImageObject","inLanguage":"en-US","@id":"https:\/\/bellarosa.es\/en\/#\/schema\/logo\/image\/","url":"","contentUrl":"","caption":"Floristeria Bella Rosa"},"image":{"@id":"https:\/\/bellarosa.es\/en\/#\/schema\/logo\/image\/"}}]}},"_links":{"self":[{"href":"https:\/\/bellarosa.es\/en\/wp-json\/wp\/v2\/product\/3609","targetHints":{"allow":["GET"]}}],"collection":[{"href":"https:\/\/bellarosa.es\/en\/wp-json\/wp\/v2\/product"}],"about":[{"href":"https:\/\/bellarosa.es\/en\/wp-json\/wp\/v2\/types\/product"}],"replies":[{"embeddable":true,"href":"https:\/\/bellarosa.es\/en\/wp-json\/wp\/v2\/comments?post=3609"}],"wp:featuredmedia":[{"embeddable":true,"href":"https:\/\/bellarosa.es\/en\/wp-json\/wp\/v2\/media\/8372"}],"wp:attachment":[{"href":"https:\/\/bellarosa.es\/en\/wp-json\/wp\/v2\/media?parent=3609"}],"wp:term":[{"taxonomy":"product_brand","embeddable":true,"href":"https:\/\/bellarosa.es\/en\/wp-json\/wp\/v2\/product_brand?post=3609"},{"taxonomy":"product_cat","embeddable":true,"href":"https:\/\/bellarosa.es\/en\/wp-json\/wp\/v2\/product_cat?post=3609"},{"taxonomy":"product_tag","embeddable":true,"href":"https:\/\/bellarosa.es\/en\/wp-json\/wp\/v2\/product_tag?post=3609"}],"curies":[{"name":"wp","href":"https:\/\/api.w.org\/{rel}","templated":true}]}}