{"id":3606,"date":"2022-03-20T19:42:27","date_gmt":"2022-03-20T19:42:27","guid":{"rendered":"https:\/\/bellarosa.es\/?post_type=product&#038;p=3606"},"modified":"2026-02-23T11:52:08","modified_gmt":"2026-02-23T11:52:08","slug":"ensueno-cesta-de-24-rosas-rojas","status":"publish","type":"product","link":"https:\/\/bellarosa.es\/en\/ensueno-cesta-de-24-rosas-rojas\/","title":{"rendered":"Ensue\u00f1o &#8211; Cesta de 50 Rosas Rojas"},"content":{"rendered":"<h2><strong>Flores de Ensue\u00f1o para tu persona favorita<\/strong><\/h2>\n<p>Una preciosa cesta de rosas, un arreglo muy primaveral y a la vez rom\u00e1ntico. Esta cesta contiene <strong>rosas rojas<\/strong> seleccionadas por nuestro <strong>equipo de floristas expertos <\/strong>de entre las mejores del mercado. En <strong>Bella Rosa<\/strong> trabajamos las rosas desde el primer d\u00eda para conseguir su m\u00e1xima belleza. Ponemos todo nuestro conocimiento y cari\u00f1o en las flores para que t\u00fa obtengas lo mejor.<\/p>\n<h3>El significado de las rosas rojas<\/h3>\n<p>Si hay una flor que represente a la perfecci\u00f3n el amor verdadero, esa es la rosa roja. Venerada desde tiempos ancestrales, s\u00edmbolo del amor a lo largo de la historia, en novelas, pel\u00edculas, leyendas y mitos. Una flor que significa <strong>pasi\u00f3n, fuego, deseo, amor real y sincero, amor para toda la vida<\/strong>. El intenso color de las rosas rojas es fiel reflejo de la pasi\u00f3n y el profundo sentimiento de amor que representa. Estas flores son un <strong>v\u00ednculo entre dos almas<\/strong> que se sienten unidas la una a la otra. Regalar rosas rojas es <strong>una ofrenda de amor verdadero<\/strong>, profundo y pasional.<\/p>\n<p>Si usted recibe rosas rojas es sin duda una persona muy importante para alguien. Esa persona le est\u00e1 mostrando sus m\u00e1s puros sentimientos, dedic\u00e1ndole un regalo tan rom\u00e1ntico como sincero.<\/p>\n<h3>\u00bfCu\u00e1ndo regalar Ensue\u00f1o?<\/h3>\n<p>Las rosas rojas son la opci\u00f3n id\u00f3nea para regalar a la pareja, normalmente en fechas se\u00f1aladas, como puede ser el d\u00eda de <strong>San Valent\u00edn<\/strong>, as\u00ed como para un <strong>aniversario de pareja<\/strong>. Debido a su composici\u00f3n, es una cesta de car\u00e1cter rom\u00e1ntico, con el que puedes <strong>expresar sentimientos de amor profundo y sincero<\/strong>. Para hacer una declaraci\u00f3n de amor, para pedir matrimonio a tu pareja o para darle las gracias por ser imprescindible en tu vida.<\/p>\n<p>Si conoces a alg\u00fan amante de las rosas, esta cesta tambi\u00e9n le encantar\u00e1. A lo mejor a un amigo, a tu madre o una hermana. \u00a1Reg\u00e1laselas por su cumplea\u00f1os!<\/p>\n<h3>Flores a domicilio en la Costa del Sol<\/h3>\n<p>Recuerda que somos tu florister\u00eda de confianza en la <strong>Costa del Sol<\/strong>. Hacemos repartos desde <strong>Estepona<\/strong> hasta <strong>San Pedro<\/strong> o <strong>Marbella<\/strong>. Si deseas enviar <strong>flores a domicilio<\/strong> puedes contar con nuestra experiencia para que tus ramos lleguen en las mejores condiciones. Sorprende a tu persona favorita. Tambi\u00e9n puedes hacer uso de nuestro servicio de <strong>tienda online<\/strong>.<\/p>\n<p>&nbsp;<\/p>\n<p>Recuerda que puedes encontrarnos en <a href=\"https:\/\/www.facebook.com\/bellarosa.es\/\">Facebook<\/a> e <a href=\"https:\/\/www.instagram.com\/bellarosa_marbella\/\">Instagram<\/a>. \u00a1Te esperamos!<\/p>\n","protected":false},"excerpt":{"rendered":"<blockquote>\n<p style=\"text-align: center;\">La vida es un ensue\u00f1o, el amor su sue\u00f1o. Y habr\u00e1s vivido si has amado.<\/p>\n<p style=\"text-align: center;\">&#8211; Alfred de Musset &#8211;<\/p>\n<\/blockquote>\n<p>\u00bfEst\u00e1s pensando en sorprender a tu persona favorita? Dile que le amas con esta encantadora <strong>cesta de 24 rosas rojas<\/strong>. Un regalo imposible de olvidar, con <strong>rosas seleccionadas por nuestros floristas<\/strong>, que dejar\u00e1 con la boca abierta a quien lo reciba. <strong>Ensue\u00f1o<\/strong> est\u00e1 compuesto por:<\/p>\n<p>50 Rosas rojas<\/p>\n<p>Eucalipto<\/p>\n<p>Flor cera blanca<\/p>\n<p>Cesta de mimbre<\/p>\n<p>Esponja floral<\/p>\n<p>&nbsp;<\/p>\n<p>Tenemos una gran variedad de ramos de rosas preciosos a buen precio. Con\u00f3celos <a href=\"https:\/\/bellarosa.es\/comprar\/san-valentin\/\">aqu\u00ed<\/a><\/p>\n","protected":false},"featured_media":8401,"comment_status":"open","ping_status":"closed","template":"","meta":[],"product_brand":[],"product_cat":[133,306,1017,1015,15],"product_tag":[],"class_list":{"0":"post-3606","1":"product","2":"type-product","3":"status-publish","4":"has-post-thumbnail","6":"product_cat-amor","7":"product_cat-cesta-de-flores","8":"product_cat-ramo-rosas-rojas","9":"product_cat-rosa-roja","10":"product_cat-san-valentin","12":"first","13":"instock","14":"shipping-taxable","15":"purchasable","16":"product-type-simple","17":"layout-style-1","18":"col-md-4 col-sm-4 col-xs-6","19":"col-lg-4","20":"product-style-default"},"yoast_head":"<!-- This site is optimized with the Yoast SEO plugin v27.4 - https:\/\/yoast.com\/product\/yoast-seo-wordpress\/ -->\n<title>Ensue\u00f1o - Cesta de 50 Rosas Rojas - Florister&iacute;a en San Pedro Alc&aacute;ntara<\/title>\n<meta name=\"robots\" content=\"noindex, follow\" \/>\n<meta property=\"og:locale\" content=\"en_US\" \/>\n<meta property=\"og:type\" content=\"article\" \/>\n<meta property=\"og:title\" content=\"Ensue\u00f1o - Cesta de 50 Rosas Rojas - Florister&iacute;a en San Pedro Alc&aacute;ntara\" \/>\n<meta property=\"og:description\" content=\"La vida es un ensue\u00f1o, el amor su sue\u00f1o. Y habr\u00e1s vivido si has amado. - Alfred de Musset -  \u00bfEst\u00e1s pensando en sorprender a tu persona favorita? Dile que le amas con esta encantadora cesta de 24 rosas rojas. Un regalo imposible de olvidar, con rosas seleccionadas por nuestros floristas, que dejar\u00e1 con la boca abierta a quien lo reciba. Ensue\u00f1o est\u00e1 compuesto por:  50 Rosas rojas  Eucalipto  Flor cera blanca  Cesta de mimbre  Esponja floral  &nbsp;  Tenemos una gran variedad de ramos de rosas preciosos a buen precio. Con\u00f3celos aqu\u00ed\" \/>\n<meta property=\"og:url\" content=\"https:\/\/bellarosa.es\/en\/ensueno-cesta-de-24-rosas-rojas\/\" \/>\n<meta property=\"og:site_name\" content=\"Florister&iacute;a en San Pedro Alc&aacute;ntara\" \/>\n<meta property=\"article:modified_time\" content=\"2026-02-23T11:52:08+00:00\" \/>\n<meta property=\"og:image\" content=\"https:\/\/bellarosa.es\/wp-content\/uploads\/2022\/03\/88C61B38-6873-4444-AA50-71788C066A1D.png\" \/>\n\t<meta property=\"og:image:width\" content=\"640\" \/>\n\t<meta property=\"og:image:height\" content=\"960\" \/>\n\t<meta property=\"og:image:type\" content=\"image\/png\" \/>\n<meta name=\"twitter:card\" content=\"summary_large_image\" \/>\n<meta name=\"twitter:label1\" content=\"Est. reading time\" \/>\n\t<meta name=\"twitter:data1\" content=\"2 minutes\" \/>\n<script type=\"application\/ld+json\" class=\"yoast-schema-graph\">{\"@context\":\"https:\\\/\\\/schema.org\",\"@graph\":[{\"@type\":\"WebPage\",\"@id\":\"https:\\\/\\\/bellarosa.es\\\/en\\\/ensueno-cesta-de-24-rosas-rojas\\\/\",\"url\":\"https:\\\/\\\/bellarosa.es\\\/en\\\/ensueno-cesta-de-24-rosas-rojas\\\/\",\"name\":\"Ensue\u00f1o - Cesta de 50 Rosas Rojas - Florister&iacute;a en San Pedro Alc&aacute;ntara\",\"isPartOf\":{\"@id\":\"https:\\\/\\\/bellarosa.es\\\/en\\\/#website\"},\"primaryImageOfPage\":{\"@id\":\"https:\\\/\\\/bellarosa.es\\\/en\\\/ensueno-cesta-de-24-rosas-rojas\\\/#primaryimage\"},\"image\":{\"@id\":\"https:\\\/\\\/bellarosa.es\\\/en\\\/ensueno-cesta-de-24-rosas-rojas\\\/#primaryimage\"},\"thumbnailUrl\":\"https:\\\/\\\/bellarosa.es\\\/wp-content\\\/uploads\\\/2022\\\/03\\\/88C61B38-6873-4444-AA50-71788C066A1D.png\",\"datePublished\":\"2022-03-20T19:42:27+00:00\",\"dateModified\":\"2026-02-23T11:52:08+00:00\",\"breadcrumb\":{\"@id\":\"https:\\\/\\\/bellarosa.es\\\/en\\\/ensueno-cesta-de-24-rosas-rojas\\\/#breadcrumb\"},\"inLanguage\":\"en-US\",\"potentialAction\":[{\"@type\":\"ReadAction\",\"target\":[\"https:\\\/\\\/bellarosa.es\\\/en\\\/ensueno-cesta-de-24-rosas-rojas\\\/\"]}]},{\"@type\":\"ImageObject\",\"inLanguage\":\"en-US\",\"@id\":\"https:\\\/\\\/bellarosa.es\\\/en\\\/ensueno-cesta-de-24-rosas-rojas\\\/#primaryimage\",\"url\":\"https:\\\/\\\/bellarosa.es\\\/wp-content\\\/uploads\\\/2022\\\/03\\\/88C61B38-6873-4444-AA50-71788C066A1D.png\",\"contentUrl\":\"https:\\\/\\\/bellarosa.es\\\/wp-content\\\/uploads\\\/2022\\\/03\\\/88C61B38-6873-4444-AA50-71788C066A1D.png\",\"width\":1024,\"height\":1536},{\"@type\":\"BreadcrumbList\",\"@id\":\"https:\\\/\\\/bellarosa.es\\\/en\\\/ensueno-cesta-de-24-rosas-rojas\\\/#breadcrumb\",\"itemListElement\":[{\"@type\":\"ListItem\",\"position\":1,\"name\":\"Inicio\",\"item\":\"https:\\\/\\\/bellarosa.es\\\/en\\\/\"},{\"@type\":\"ListItem\",\"position\":2,\"name\":\"Shop\",\"item\":\"https:\\\/\\\/bellarosa.es\\\/en\\\/shop\\\/\"},{\"@type\":\"ListItem\",\"position\":3,\"name\":\"Ensue\u00f1o &#8211; Cesta de 50 Rosas Rojas\"}]},{\"@type\":\"WebSite\",\"@id\":\"https:\\\/\\\/bellarosa.es\\\/en\\\/#website\",\"url\":\"https:\\\/\\\/bellarosa.es\\\/en\\\/\",\"name\":\"Florister&iacute;a en San Pedro Alc&aacute;ntara\",\"description\":\"\",\"publisher\":{\"@id\":\"https:\\\/\\\/bellarosa.es\\\/en\\\/#organization\"},\"potentialAction\":[{\"@type\":\"SearchAction\",\"target\":{\"@type\":\"EntryPoint\",\"urlTemplate\":\"https:\\\/\\\/bellarosa.es\\\/en\\\/?s={search_term_string}\"},\"query-input\":{\"@type\":\"PropertyValueSpecification\",\"valueRequired\":true,\"valueName\":\"search_term_string\"}}],\"inLanguage\":\"en-US\"},{\"@type\":\"Organization\",\"@id\":\"https:\\\/\\\/bellarosa.es\\\/en\\\/#organization\",\"name\":\"Floristeria Bella Rosa\",\"url\":\"https:\\\/\\\/bellarosa.es\\\/en\\\/\",\"logo\":{\"@type\":\"ImageObject\",\"inLanguage\":\"en-US\",\"@id\":\"https:\\\/\\\/bellarosa.es\\\/en\\\/#\\\/schema\\\/logo\\\/image\\\/\",\"url\":\"\",\"contentUrl\":\"\",\"caption\":\"Floristeria Bella Rosa\"},\"image\":{\"@id\":\"https:\\\/\\\/bellarosa.es\\\/en\\\/#\\\/schema\\\/logo\\\/image\\\/\"}}]}<\/script>\n<!-- \/ Yoast SEO plugin. -->","yoast_head_json":{"title":"Ensue\u00f1o - Cesta de 50 Rosas Rojas - Florister&iacute;a en San Pedro Alc&aacute;ntara","robots":{"index":"noindex","follow":"follow"},"og_locale":"en_US","og_type":"article","og_title":"Ensue\u00f1o - Cesta de 50 Rosas Rojas - Florister&iacute;a en San Pedro Alc&aacute;ntara","og_description":"La vida es un ensue\u00f1o, el amor su sue\u00f1o. Y habr\u00e1s vivido si has amado. - Alfred de Musset -  \u00bfEst\u00e1s pensando en sorprender a tu persona favorita? Dile que le amas con esta encantadora cesta de 24 rosas rojas. Un regalo imposible de olvidar, con rosas seleccionadas por nuestros floristas, que dejar\u00e1 con la boca abierta a quien lo reciba. Ensue\u00f1o est\u00e1 compuesto por:  50 Rosas rojas  Eucalipto  Flor cera blanca  Cesta de mimbre  Esponja floral  &nbsp;  Tenemos una gran variedad de ramos de rosas preciosos a buen precio. Con\u00f3celos aqu\u00ed","og_url":"https:\/\/bellarosa.es\/en\/ensueno-cesta-de-24-rosas-rojas\/","og_site_name":"Florister&iacute;a en San Pedro Alc&aacute;ntara","article_modified_time":"2026-02-23T11:52:08+00:00","og_image":[{"url":"https:\/\/bellarosa.es\/wp-content\/uploads\/2022\/03\/88C61B38-6873-4444-AA50-71788C066A1D.png","width":640,"height":960,"type":"image\/png"}],"twitter_card":"summary_large_image","twitter_misc":{"Est. reading time":"2 minutes"},"schema":{"@context":"https:\/\/schema.org","@graph":[{"@type":"WebPage","@id":"https:\/\/bellarosa.es\/en\/ensueno-cesta-de-24-rosas-rojas\/","url":"https:\/\/bellarosa.es\/en\/ensueno-cesta-de-24-rosas-rojas\/","name":"Ensue\u00f1o - Cesta de 50 Rosas Rojas - Florister&iacute;a en San Pedro Alc&aacute;ntara","isPartOf":{"@id":"https:\/\/bellarosa.es\/en\/#website"},"primaryImageOfPage":{"@id":"https:\/\/bellarosa.es\/en\/ensueno-cesta-de-24-rosas-rojas\/#primaryimage"},"image":{"@id":"https:\/\/bellarosa.es\/en\/ensueno-cesta-de-24-rosas-rojas\/#primaryimage"},"thumbnailUrl":"https:\/\/bellarosa.es\/wp-content\/uploads\/2022\/03\/88C61B38-6873-4444-AA50-71788C066A1D.png","datePublished":"2022-03-20T19:42:27+00:00","dateModified":"2026-02-23T11:52:08+00:00","breadcrumb":{"@id":"https:\/\/bellarosa.es\/en\/ensueno-cesta-de-24-rosas-rojas\/#breadcrumb"},"inLanguage":"en-US","potentialAction":[{"@type":"ReadAction","target":["https:\/\/bellarosa.es\/en\/ensueno-cesta-de-24-rosas-rojas\/"]}]},{"@type":"ImageObject","inLanguage":"en-US","@id":"https:\/\/bellarosa.es\/en\/ensueno-cesta-de-24-rosas-rojas\/#primaryimage","url":"https:\/\/bellarosa.es\/wp-content\/uploads\/2022\/03\/88C61B38-6873-4444-AA50-71788C066A1D.png","contentUrl":"https:\/\/bellarosa.es\/wp-content\/uploads\/2022\/03\/88C61B38-6873-4444-AA50-71788C066A1D.png","width":1024,"height":1536},{"@type":"BreadcrumbList","@id":"https:\/\/bellarosa.es\/en\/ensueno-cesta-de-24-rosas-rojas\/#breadcrumb","itemListElement":[{"@type":"ListItem","position":1,"name":"Inicio","item":"https:\/\/bellarosa.es\/en\/"},{"@type":"ListItem","position":2,"name":"Shop","item":"https:\/\/bellarosa.es\/en\/shop\/"},{"@type":"ListItem","position":3,"name":"Ensue\u00f1o &#8211; Cesta de 50 Rosas Rojas"}]},{"@type":"WebSite","@id":"https:\/\/bellarosa.es\/en\/#website","url":"https:\/\/bellarosa.es\/en\/","name":"Florister&iacute;a en San Pedro Alc&aacute;ntara","description":"","publisher":{"@id":"https:\/\/bellarosa.es\/en\/#organization"},"potentialAction":[{"@type":"SearchAction","target":{"@type":"EntryPoint","urlTemplate":"https:\/\/bellarosa.es\/en\/?s={search_term_string}"},"query-input":{"@type":"PropertyValueSpecification","valueRequired":true,"valueName":"search_term_string"}}],"inLanguage":"en-US"},{"@type":"Organization","@id":"https:\/\/bellarosa.es\/en\/#organization","name":"Floristeria Bella Rosa","url":"https:\/\/bellarosa.es\/en\/","logo":{"@type":"ImageObject","inLanguage":"en-US","@id":"https:\/\/bellarosa.es\/en\/#\/schema\/logo\/image\/","url":"","contentUrl":"","caption":"Floristeria Bella Rosa"},"image":{"@id":"https:\/\/bellarosa.es\/en\/#\/schema\/logo\/image\/"}}]}},"_links":{"self":[{"href":"https:\/\/bellarosa.es\/en\/wp-json\/wp\/v2\/product\/3606","targetHints":{"allow":["GET"]}}],"collection":[{"href":"https:\/\/bellarosa.es\/en\/wp-json\/wp\/v2\/product"}],"about":[{"href":"https:\/\/bellarosa.es\/en\/wp-json\/wp\/v2\/types\/product"}],"replies":[{"embeddable":true,"href":"https:\/\/bellarosa.es\/en\/wp-json\/wp\/v2\/comments?post=3606"}],"wp:featuredmedia":[{"embeddable":true,"href":"https:\/\/bellarosa.es\/en\/wp-json\/wp\/v2\/media\/8401"}],"wp:attachment":[{"href":"https:\/\/bellarosa.es\/en\/wp-json\/wp\/v2\/media?parent=3606"}],"wp:term":[{"taxonomy":"product_brand","embeddable":true,"href":"https:\/\/bellarosa.es\/en\/wp-json\/wp\/v2\/product_brand?post=3606"},{"taxonomy":"product_cat","embeddable":true,"href":"https:\/\/bellarosa.es\/en\/wp-json\/wp\/v2\/product_cat?post=3606"},{"taxonomy":"product_tag","embeddable":true,"href":"https:\/\/bellarosa.es\/en\/wp-json\/wp\/v2\/product_tag?post=3606"}],"curies":[{"name":"wp","href":"https:\/\/api.w.org\/{rel}","templated":true}]}}