{"id":3582,"date":"2022-03-09T21:26:17","date_gmt":"2022-03-09T21:26:17","guid":{"rendered":"https:\/\/bellarosa.es\/?post_type=product&#038;p=3582"},"modified":"2026-04-10T11:04:37","modified_gmt":"2026-04-10T11:04:37","slug":"amsterdam-ramo-tulipanes","status":"publish","type":"product","link":"https:\/\/bellarosa.es\/en\/amsterdam-ramo-tulipanes\/","title":{"rendered":"\u00c1msterdam &#8211; Ramo de Tulipanes de colores"},"content":{"rendered":"<h2><strong>Un viaje a \u00c1msterdam lleno de color<\/strong><\/h2>\n<p>La ciudad de las flores es sin duda uno de nuestros destinos favoritos. Si hay una flor que se nos venga a la cabeza cuando pensamos en la capital de Holanda es sin dudas el tulip\u00e1n. Una de las flores m\u00e1s bellas y m\u00e1s queridas entre los amantes floristas. Esta bell\u00edsima ciudad nos inspira a la hora de crear este ramo lleno de colores que le encantar\u00e1 a la persona afortunada en recibirlo.<\/p>\n<p>Seguro que has pensado en el momento de entregar estas flores a tu persona favorita. Las flores son una forma incre\u00edble de mostrar agradecimiento, cari\u00f1o, apoyo y amor.\u00a0 Por ello desde <strong>Bella Rosa<\/strong> nos esforzamos por crear los mejores ramos de flores, poniendo no solo nuestra experiencia y profesionalidad, sino nuestro cari\u00f1o y amor. Queremos que ese momento sea perfecto.<\/p>\n<h3>El significado de los tulipanes<\/h3>\n<p>Los tulipanes son s\u00edmbolo del amor m\u00e1s sincero. Se trata de una flor con connotaciones rom\u00e1nticas que expresan cari\u00f1o, pasi\u00f3n y amor incondicional.<\/p>\n<p>El tulip\u00e1n es una flor preciosa que crece en la naturaleza regal\u00e1ndonos una incre\u00edble diversidad de colores. Cada una de ellas tiene un significado diferente, por lo que regalar unas u otras tienen un mensaje distinto. En este caso, hemos combinado varios de estos colores para conseguir una explosi\u00f3n de alegr\u00eda y un ramo radiante.<\/p>\n<p>El <strong>tulip\u00e1n rojo<\/strong> es de un color vivo y pasional, expresando un amor incondicional y lleno de fuego. Normalmente se escogen cuando queremos expresar un amor rom\u00e1ntico hacia alguien especial.<\/p>\n<p>El<strong> tulip\u00e1n amarillo<\/strong> se relaciona con vitalidad, alegr\u00eda y con la uni\u00f3n de una amistad verdadera. Muy popular por transmitir positividad. Se suelen regalar a buenos amigos que gozan de una relaci\u00f3n duradera, as\u00ed como para brindar deseos de prosperidad y \u00e9xito.<\/p>\n<p>El <strong>tulip\u00e1n naranja<\/strong> tiene un significado muy parecido al amarillo debido a su color lleno de buena energ\u00eda. Es por ello que se suele escoger para mostrar apoyo a alguien que pasa por un momento dif\u00edcil o se encuentra deprimido.<\/p>\n<p>El<strong> tulip\u00e1n rosa<\/strong> expresa un amor m\u00e1s relacionado con la admiraci\u00f3n hacia el otro. Tambi\u00e9n se asocia a la feminidad, por lo que es una flor acertada para el d\u00eda de la madre, para celebrar el nacimiento de una ni\u00f1a o para regalar en un cumplea\u00f1os.<\/p>\n<p>El <strong>tulip\u00e1n blanco<\/strong>, como muchas flores de este color, expresan pureza. Utilizado en ramos de novias debido a su indiscutible belleza, expresan un amor sano con ausencia de malos deseos.<\/p>\n<p>Por \u00faltimo, el<strong> tulip\u00e1n morado<\/strong> tiene una simbolog\u00eda muy curiosa, y es que esta flor se asocia a la aristocracia y los altos cargos, como el de reyes o nobles. Es por ello que se dice que es la flor de la distinci\u00f3n y la elegancia.<\/p>\n<p>Como curiosidad, \u00bfsab\u00edas que el tulip\u00e1n sigue creciendo aunque hayan cortado su tallo? Esto significa que puedes ver su crecimiento cuando tengas tu ramo en tus manos, \u00a1un milagro de la naturaleza digno de ver!<\/p>\n<h3>\u00bfCu\u00e1ndo regalar \u00c1msterdam?<\/h3>\n<p><b>\u00c1msterdam<\/b> es un detalle rom\u00e1ntico y elegante. Puedes sorprender a tu pareja con este colorido ramo en una fecha especial, como su cumplea\u00f1os o vuestro aniversario. Tambi\u00e9n puedes elegir un d\u00eda diferente y darle una sorpresa que no se espere, \u00a1es mucho m\u00e1s especial y sin duda lo recordar\u00e1 por siempre!<\/p>\n<p>La alegr\u00eda de los tulipanes es contagiosa, por lo que puedes regalar <strong>\u00c1msterdam<\/strong> a amigos, compa\u00f1eros de trabajo o familiares.<\/p>\n<p>Perfecta, bella y delicada. El tulip\u00e1n ser\u00e1 un estupendo aliado a la hora de decorar espacios, como oficinas, salones o cualquier rinc\u00f3n de casa.<\/p>\n<h3>Flores a domicilio en la Costa del Sol<\/h3>\n<p>Recuerda que somos tu florister\u00eda de confianza en la <strong>Costa del Sol<\/strong>. Hacemos repartos desde <strong>Estepona<\/strong> hasta <strong>San Pedro<\/strong> o <strong>Marbella<\/strong>. Si deseas enviar <strong>flores a domicilio<\/strong> puedes contar con nuestra experiencia para que tus ramos lleguen en las mejores condiciones. Sorprende a tu persona favorita. Tambi\u00e9n puedes hacer uso de nuestro servicio de <strong>tienda online<\/strong>.<\/p>\n<p>&nbsp;<\/p>\n<p>Recuerda que puedes encontrarnos en <a href=\"https:\/\/www.facebook.com\/bellarosa.es\/\">Facebook<\/a> e <a href=\"https:\/\/www.instagram.com\/bellarosa_marbella\/\">Instagram<\/a>. \u00a1Te esperamos!<\/p>\n","protected":false},"excerpt":{"rendered":"<blockquote>\n<p style=\"text-align: center;\">Algunos turistas piensas que \u00c1msterdam es una ciudad de pecado, pero en realidad es una ciudad de libertad.<\/p>\n<p style=\"text-align: center;\">&#8211; John Green &#8211;<\/p>\n<\/blockquote>\n<p>Regalo un precioso ramo de tulipanes, lleno de color y fantas\u00eda. La flor favorita de muchos por la alegr\u00eda que transmite. Con este ramo conseguir\u00e1s sacar la mayor de las sonrisas a tu persona favoritas. El equipo de Bella Rosa selecciona uno a uno los tulipanes para hacerte llegar la mejores flores del mercado. <strong>\u00c1msterdam<\/strong> est\u00e1 compuesto por 15 Tulipanes de colores variados.<\/p>\n<p>&nbsp;<\/p>\n<p>Tenemos una amplia variedad de bell\u00edsimos ramos de flores a buen precio. Puedes verlos <a href=\"https:\/\/bellarosa.es\/comprar\/flores-varias\/\">aqu\u00ed<\/a>.<\/p>\n","protected":false},"featured_media":8517,"comment_status":"open","ping_status":"closed","template":"","meta":[],"product_brand":[],"product_cat":[1149,144,1014,1018,887,1100],"product_tag":[],"class_list":{"0":"post-3582","1":"product","2":"type-product","3":"status-publish","4":"has-post-thumbnail","6":"product_cat-dia-de-la-madre","7":"product_cat-flores-varias","8":"product_cat-lo-mas-vendido","9":"product_cat-ramo-de-flores","10":"product_cat-tulipan","11":"product_cat-8-marzo-dia-de-la-mujer","13":"first","14":"instock","15":"shipping-taxable","16":"purchasable","17":"product-type-simple","18":"layout-style-1","19":"col-md-4 col-sm-4 col-xs-6","20":"col-lg-4","21":"product-style-default"},"yoast_head":"<!-- This site is optimized with the Yoast SEO plugin v27.4 - https:\/\/yoast.com\/product\/yoast-seo-wordpress\/ -->\n<title>\u00c1msterdam - Ramo de Tulipanes de colores - Florister&iacute;a en San Pedro Alc&aacute;ntara<\/title>\n<meta name=\"robots\" content=\"noindex, follow\" \/>\n<meta property=\"og:locale\" content=\"en_US\" \/>\n<meta property=\"og:type\" content=\"article\" \/>\n<meta property=\"og:title\" content=\"\u00c1msterdam - Ramo de Tulipanes de colores - Florister&iacute;a en San Pedro Alc&aacute;ntara\" \/>\n<meta property=\"og:description\" content=\"Algunos turistas piensas que \u00c1msterdam es una ciudad de pecado, pero en realidad es una ciudad de libertad. - John Green -  Regalo un precioso ramo de tulipanes, lleno de color y fantas\u00eda. La flor favorita de muchos por la alegr\u00eda que transmite. Con este ramo conseguir\u00e1s sacar la mayor de las sonrisas a tu persona favoritas. El equipo de Bella Rosa selecciona uno a uno los tulipanes para hacerte llegar la mejores flores del mercado. \u00c1msterdam est\u00e1 compuesto por 15 Tulipanes de colores variados.  &nbsp;  Tenemos una amplia variedad de bell\u00edsimos ramos de flores a buen precio. Puedes verlos aqu\u00ed.\" \/>\n<meta property=\"og:url\" content=\"https:\/\/bellarosa.es\/en\/amsterdam-ramo-tulipanes\/\" \/>\n<meta property=\"og:site_name\" content=\"Florister&iacute;a en San Pedro Alc&aacute;ntara\" \/>\n<meta property=\"article:modified_time\" content=\"2026-04-10T11:04:37+00:00\" \/>\n<meta property=\"og:image\" content=\"https:\/\/bellarosa.es\/wp-content\/uploads\/2022\/03\/E0F59543-7EE5-4B57-9FF9-E3F0765CD6A0.png\" \/>\n\t<meta property=\"og:image:width\" content=\"1024\" \/>\n\t<meta property=\"og:image:height\" content=\"1536\" \/>\n\t<meta property=\"og:image:type\" content=\"image\/png\" \/>\n<meta name=\"twitter:card\" content=\"summary_large_image\" \/>\n<meta name=\"twitter:label1\" content=\"Est. reading time\" \/>\n\t<meta name=\"twitter:data1\" content=\"4 minutes\" \/>\n<script type=\"application\/ld+json\" class=\"yoast-schema-graph\">{\"@context\":\"https:\\\/\\\/schema.org\",\"@graph\":[{\"@type\":\"WebPage\",\"@id\":\"https:\\\/\\\/bellarosa.es\\\/en\\\/amsterdam-ramo-tulipanes\\\/\",\"url\":\"https:\\\/\\\/bellarosa.es\\\/en\\\/amsterdam-ramo-tulipanes\\\/\",\"name\":\"\u00c1msterdam - Ramo de Tulipanes de colores - Florister&iacute;a en San Pedro Alc&aacute;ntara\",\"isPartOf\":{\"@id\":\"https:\\\/\\\/bellarosa.es\\\/en\\\/#website\"},\"primaryImageOfPage\":{\"@id\":\"https:\\\/\\\/bellarosa.es\\\/en\\\/amsterdam-ramo-tulipanes\\\/#primaryimage\"},\"image\":{\"@id\":\"https:\\\/\\\/bellarosa.es\\\/en\\\/amsterdam-ramo-tulipanes\\\/#primaryimage\"},\"thumbnailUrl\":\"https:\\\/\\\/bellarosa.es\\\/wp-content\\\/uploads\\\/2022\\\/03\\\/E0F59543-7EE5-4B57-9FF9-E3F0765CD6A0.png\",\"datePublished\":\"2022-03-09T21:26:17+00:00\",\"dateModified\":\"2026-04-10T11:04:37+00:00\",\"breadcrumb\":{\"@id\":\"https:\\\/\\\/bellarosa.es\\\/en\\\/amsterdam-ramo-tulipanes\\\/#breadcrumb\"},\"inLanguage\":\"en-US\",\"potentialAction\":[{\"@type\":\"ReadAction\",\"target\":[\"https:\\\/\\\/bellarosa.es\\\/en\\\/amsterdam-ramo-tulipanes\\\/\"]}]},{\"@type\":\"ImageObject\",\"inLanguage\":\"en-US\",\"@id\":\"https:\\\/\\\/bellarosa.es\\\/en\\\/amsterdam-ramo-tulipanes\\\/#primaryimage\",\"url\":\"https:\\\/\\\/bellarosa.es\\\/wp-content\\\/uploads\\\/2022\\\/03\\\/E0F59543-7EE5-4B57-9FF9-E3F0765CD6A0.png\",\"contentUrl\":\"https:\\\/\\\/bellarosa.es\\\/wp-content\\\/uploads\\\/2022\\\/03\\\/E0F59543-7EE5-4B57-9FF9-E3F0765CD6A0.png\",\"width\":1024,\"height\":1536},{\"@type\":\"BreadcrumbList\",\"@id\":\"https:\\\/\\\/bellarosa.es\\\/en\\\/amsterdam-ramo-tulipanes\\\/#breadcrumb\",\"itemListElement\":[{\"@type\":\"ListItem\",\"position\":1,\"name\":\"Inicio\",\"item\":\"https:\\\/\\\/bellarosa.es\\\/en\\\/\"},{\"@type\":\"ListItem\",\"position\":2,\"name\":\"Shop\",\"item\":\"https:\\\/\\\/bellarosa.es\\\/en\\\/shop\\\/\"},{\"@type\":\"ListItem\",\"position\":3,\"name\":\"\u00c1msterdam &#8211; Ramo de Tulipanes de colores\"}]},{\"@type\":\"WebSite\",\"@id\":\"https:\\\/\\\/bellarosa.es\\\/en\\\/#website\",\"url\":\"https:\\\/\\\/bellarosa.es\\\/en\\\/\",\"name\":\"Florister&iacute;a en San Pedro Alc&aacute;ntara\",\"description\":\"\",\"publisher\":{\"@id\":\"https:\\\/\\\/bellarosa.es\\\/en\\\/#organization\"},\"potentialAction\":[{\"@type\":\"SearchAction\",\"target\":{\"@type\":\"EntryPoint\",\"urlTemplate\":\"https:\\\/\\\/bellarosa.es\\\/en\\\/?s={search_term_string}\"},\"query-input\":{\"@type\":\"PropertyValueSpecification\",\"valueRequired\":true,\"valueName\":\"search_term_string\"}}],\"inLanguage\":\"en-US\"},{\"@type\":\"Organization\",\"@id\":\"https:\\\/\\\/bellarosa.es\\\/en\\\/#organization\",\"name\":\"Floristeria Bella Rosa\",\"url\":\"https:\\\/\\\/bellarosa.es\\\/en\\\/\",\"logo\":{\"@type\":\"ImageObject\",\"inLanguage\":\"en-US\",\"@id\":\"https:\\\/\\\/bellarosa.es\\\/en\\\/#\\\/schema\\\/logo\\\/image\\\/\",\"url\":\"\",\"contentUrl\":\"\",\"caption\":\"Floristeria Bella Rosa\"},\"image\":{\"@id\":\"https:\\\/\\\/bellarosa.es\\\/en\\\/#\\\/schema\\\/logo\\\/image\\\/\"}}]}<\/script>\n<!-- \/ Yoast SEO plugin. -->","yoast_head_json":{"title":"\u00c1msterdam - Ramo de Tulipanes de colores - Florister&iacute;a en San Pedro Alc&aacute;ntara","robots":{"index":"noindex","follow":"follow"},"og_locale":"en_US","og_type":"article","og_title":"\u00c1msterdam - Ramo de Tulipanes de colores - Florister&iacute;a en San Pedro Alc&aacute;ntara","og_description":"Algunos turistas piensas que \u00c1msterdam es una ciudad de pecado, pero en realidad es una ciudad de libertad. - John Green -  Regalo un precioso ramo de tulipanes, lleno de color y fantas\u00eda. La flor favorita de muchos por la alegr\u00eda que transmite. Con este ramo conseguir\u00e1s sacar la mayor de las sonrisas a tu persona favoritas. El equipo de Bella Rosa selecciona uno a uno los tulipanes para hacerte llegar la mejores flores del mercado. \u00c1msterdam est\u00e1 compuesto por 15 Tulipanes de colores variados.  &nbsp;  Tenemos una amplia variedad de bell\u00edsimos ramos de flores a buen precio. Puedes verlos aqu\u00ed.","og_url":"https:\/\/bellarosa.es\/en\/amsterdam-ramo-tulipanes\/","og_site_name":"Florister&iacute;a en San Pedro Alc&aacute;ntara","article_modified_time":"2026-04-10T11:04:37+00:00","og_image":[{"width":1024,"height":1536,"url":"https:\/\/bellarosa.es\/wp-content\/uploads\/2022\/03\/E0F59543-7EE5-4B57-9FF9-E3F0765CD6A0.png","type":"image\/png"}],"twitter_card":"summary_large_image","twitter_misc":{"Est. reading time":"4 minutes"},"schema":{"@context":"https:\/\/schema.org","@graph":[{"@type":"WebPage","@id":"https:\/\/bellarosa.es\/en\/amsterdam-ramo-tulipanes\/","url":"https:\/\/bellarosa.es\/en\/amsterdam-ramo-tulipanes\/","name":"\u00c1msterdam - Ramo de Tulipanes de colores - Florister&iacute;a en San Pedro Alc&aacute;ntara","isPartOf":{"@id":"https:\/\/bellarosa.es\/en\/#website"},"primaryImageOfPage":{"@id":"https:\/\/bellarosa.es\/en\/amsterdam-ramo-tulipanes\/#primaryimage"},"image":{"@id":"https:\/\/bellarosa.es\/en\/amsterdam-ramo-tulipanes\/#primaryimage"},"thumbnailUrl":"https:\/\/bellarosa.es\/wp-content\/uploads\/2022\/03\/E0F59543-7EE5-4B57-9FF9-E3F0765CD6A0.png","datePublished":"2022-03-09T21:26:17+00:00","dateModified":"2026-04-10T11:04:37+00:00","breadcrumb":{"@id":"https:\/\/bellarosa.es\/en\/amsterdam-ramo-tulipanes\/#breadcrumb"},"inLanguage":"en-US","potentialAction":[{"@type":"ReadAction","target":["https:\/\/bellarosa.es\/en\/amsterdam-ramo-tulipanes\/"]}]},{"@type":"ImageObject","inLanguage":"en-US","@id":"https:\/\/bellarosa.es\/en\/amsterdam-ramo-tulipanes\/#primaryimage","url":"https:\/\/bellarosa.es\/wp-content\/uploads\/2022\/03\/E0F59543-7EE5-4B57-9FF9-E3F0765CD6A0.png","contentUrl":"https:\/\/bellarosa.es\/wp-content\/uploads\/2022\/03\/E0F59543-7EE5-4B57-9FF9-E3F0765CD6A0.png","width":1024,"height":1536},{"@type":"BreadcrumbList","@id":"https:\/\/bellarosa.es\/en\/amsterdam-ramo-tulipanes\/#breadcrumb","itemListElement":[{"@type":"ListItem","position":1,"name":"Inicio","item":"https:\/\/bellarosa.es\/en\/"},{"@type":"ListItem","position":2,"name":"Shop","item":"https:\/\/bellarosa.es\/en\/shop\/"},{"@type":"ListItem","position":3,"name":"\u00c1msterdam &#8211; Ramo de Tulipanes de colores"}]},{"@type":"WebSite","@id":"https:\/\/bellarosa.es\/en\/#website","url":"https:\/\/bellarosa.es\/en\/","name":"Florister&iacute;a en San Pedro Alc&aacute;ntara","description":"","publisher":{"@id":"https:\/\/bellarosa.es\/en\/#organization"},"potentialAction":[{"@type":"SearchAction","target":{"@type":"EntryPoint","urlTemplate":"https:\/\/bellarosa.es\/en\/?s={search_term_string}"},"query-input":{"@type":"PropertyValueSpecification","valueRequired":true,"valueName":"search_term_string"}}],"inLanguage":"en-US"},{"@type":"Organization","@id":"https:\/\/bellarosa.es\/en\/#organization","name":"Floristeria Bella Rosa","url":"https:\/\/bellarosa.es\/en\/","logo":{"@type":"ImageObject","inLanguage":"en-US","@id":"https:\/\/bellarosa.es\/en\/#\/schema\/logo\/image\/","url":"","contentUrl":"","caption":"Floristeria Bella Rosa"},"image":{"@id":"https:\/\/bellarosa.es\/en\/#\/schema\/logo\/image\/"}}]}},"_links":{"self":[{"href":"https:\/\/bellarosa.es\/en\/wp-json\/wp\/v2\/product\/3582","targetHints":{"allow":["GET"]}}],"collection":[{"href":"https:\/\/bellarosa.es\/en\/wp-json\/wp\/v2\/product"}],"about":[{"href":"https:\/\/bellarosa.es\/en\/wp-json\/wp\/v2\/types\/product"}],"replies":[{"embeddable":true,"href":"https:\/\/bellarosa.es\/en\/wp-json\/wp\/v2\/comments?post=3582"}],"wp:featuredmedia":[{"embeddable":true,"href":"https:\/\/bellarosa.es\/en\/wp-json\/wp\/v2\/media\/8517"}],"wp:attachment":[{"href":"https:\/\/bellarosa.es\/en\/wp-json\/wp\/v2\/media?parent=3582"}],"wp:term":[{"taxonomy":"product_brand","embeddable":true,"href":"https:\/\/bellarosa.es\/en\/wp-json\/wp\/v2\/product_brand?post=3582"},{"taxonomy":"product_cat","embeddable":true,"href":"https:\/\/bellarosa.es\/en\/wp-json\/wp\/v2\/product_cat?post=3582"},{"taxonomy":"product_tag","embeddable":true,"href":"https:\/\/bellarosa.es\/en\/wp-json\/wp\/v2\/product_tag?post=3582"}],"curies":[{"name":"wp","href":"https:\/\/api.w.org\/{rel}","templated":true}]}}