{"id":3535,"date":"2022-02-19T22:53:14","date_gmt":"2022-02-19T22:53:14","guid":{"rendered":"https:\/\/bellarosa.es\/?post_type=product&#038;p=3535"},"modified":"2026-01-16T17:43:31","modified_gmt":"2026-01-16T17:43:31","slug":"silvestre-7-rosas-amarillas-limonium-morado","status":"publish","type":"product","link":"https:\/\/bellarosa.es\/en\/silvestre-7-rosas-amarillas-limonium-morado\/","title":{"rendered":"Silvestre &#8211; 7 Rosas Amarillas y Gypsophila"},"content":{"rendered":"<h2><strong>Un ramo alegre y silvestre<\/strong><\/h2>\n<p>Utilizando las m\u00e1s bellas rosas del mercado, nuestro equipo ha creado el ramo Silvestre. Una explosi\u00f3n de alegr\u00eda conseguida gracias a las coloridas <strong>rosas amarillas combinadas con Gypshopila<\/strong>. Una expresi\u00f3n de la alegr\u00eda de vivir y de la felicidad de contar con personas importantes en nuestra vida. La mejor forma de expresar agradecimiento y cari\u00f1o es con flores, ya que le brindar\u00e1s a esa persona un momento \u00fanico que jam\u00e1s olvidar\u00e1.<\/p>\n<h3>El significado de las rosas amarillas<\/h3>\n<p>Las rosas son una flor de popularidad innegable, que se caracterizan principalmente por la belleza de sus p\u00e9talos y su significado ligado al amor. La rosa se presenta en la naturaleza en m\u00faltiples colores, teniendo cada uno de ellos un significado distinto. Te contamos qu\u00e9 implica regalar <strong>rosas amarillas<\/strong>:<\/p>\n<p>Las rosas amarillas son flores que <strong>expresan alegr\u00eda y vitalidad<\/strong>. Se trata de una flor que con su embriagador aroma y su vibrante color dan un plus de energ\u00eda a cualquier persona. Regalar rosas amarillas es una celebraci\u00f3n de la alegr\u00eda, as\u00ed como una muestra de apoyo si el motivo de su regalo es un momento triste o doloroso.<\/p>\n<h3>\u00bfCu\u00e1ndo regalar Silvestre?<\/h3>\n<p>Si est\u00e1s buscando <strong>brindar apoyo<\/strong> a una persona especial que est\u00e1 pasando un momento delicado, las rosas amarillas son una gran elecci\u00f3n, ya que son flores que transmiten optimismo. Es una forma de <strong>expresar que todo va a salir bien<\/strong>, y que puede contar contigo.<\/p>\n<p>Las rosas amarillas son alegr\u00eda ante un encuentro, as\u00ed que si quieres <strong>sorprender a alguien que hace tiempo que no ves<\/strong>, es una opci\u00f3n estupenda.<\/p>\n<p>Las rosas amarillas tambi\u00e9n son un <strong>elemento decorativo excelente<\/strong>, brindan alegr\u00eda y vitalidad a cualquier espacio. Las recomendamos para oficinas, despachos, salones y jardines.<\/p>\n<h3>Flores a domicilio en la Costa del Sol<\/h3>\n<p>Recuerda que somos tu florister\u00eda de confianza en la <strong>Costa del Sol<\/strong>. Hacemos repartos desde <strong>Estepona<\/strong> hasta <strong>San Pedro<\/strong> o <strong>Marbella<\/strong>. Si deseas enviar <strong>flores a domicilio<\/strong> puedes contar con nuestra experiencia para que tus ramos lleguen en las mejores condiciones. Sorprende a tu persona favorita. Tambi\u00e9n puedes hacer uso de nuestro servicio de <strong>tienda online<\/strong>.<\/p>\n<p>&nbsp;<\/p>\n<p>Recuerda que puedes encontrarnos en <a href=\"https:\/\/www.facebook.com\/bellarosa.es\/\">Facebook<\/a> e <a href=\"https:\/\/www.instagram.com\/bellarosa_marbella\/\">Instagram<\/a>. \u00a1Te esperamos!<\/p>\n","protected":false},"excerpt":{"rendered":"<blockquote>\n<p style=\"text-align: center;\">La vida silvestre no es un lujo sino una necesidad del esp\u00edritu humano, y es vital para nuestras vidas como el agua y el buen pan.<\/p>\n<p style=\"text-align: center;\">&#8211; Edward Abbey &#8211;<\/p>\n<\/blockquote>\n<p>Nuestro precioso ramo Silvestre es pura chispa de energ\u00eda y positivismo. Un bello contraste de rosas amarillas con limonium morado, un ramo de belleza sobrenatural. Es ideal para dar una sorpresa y hace run bonito regalo. Tambi\u00e9n para decorar espacios bonitos, deja que el embriagador aroma de las rosas forme parte de tu vida. <strong>Silvestre<\/strong> est\u00e1 compuesto por:<\/p>\n<p>7 rosas amarillas<\/p>\n<p>Gypsophila<\/p>\n<p>Verdes varios<\/p>\n<p>&nbsp;<\/p>\n<p>Tenemos una incre\u00edble variedad de ramos de flores a buen precio. Puedes verlos <a href=\"https:\/\/bellarosa.es\/comprar\/flores-varias\/\">aqu\u00ed<\/a>.<\/p>\n","protected":false},"featured_media":8437,"comment_status":"open","ping_status":"closed","template":"","meta":[],"product_brand":[],"product_cat":[142],"product_tag":[],"class_list":{"0":"post-3535","1":"product","2":"type-product","3":"status-publish","4":"has-post-thumbnail","6":"product_cat-rosas","8":"first","9":"instock","10":"shipping-taxable","11":"purchasable","12":"product-type-simple","13":"layout-style-1","14":"col-md-4 col-sm-4 col-xs-6","15":"col-lg-4","16":"product-style-default"},"yoast_head":"<!-- This site is optimized with the Yoast SEO plugin v27.4 - https:\/\/yoast.com\/product\/yoast-seo-wordpress\/ -->\n<title>Silvestre - 7 Rosas Amarillas y Gypsophila - Florister&iacute;a en San Pedro Alc&aacute;ntara<\/title>\n<meta name=\"robots\" content=\"index, follow, max-snippet:-1, max-image-preview:large, max-video-preview:-1\" \/>\n<link rel=\"canonical\" href=\"https:\/\/bellarosa.es\/en\/silvestre-7-rosas-amarillas-limonium-morado\/\" \/>\n<meta property=\"og:locale\" content=\"en_US\" \/>\n<meta property=\"og:type\" content=\"article\" \/>\n<meta property=\"og:title\" content=\"Silvestre - 7 Rosas Amarillas y Gypsophila - Florister&iacute;a en San Pedro Alc&aacute;ntara\" \/>\n<meta property=\"og:description\" content=\"La vida silvestre no es un lujo sino una necesidad del esp\u00edritu humano, y es vital para nuestras vidas como el agua y el buen pan. - Edward Abbey -  Nuestro precioso ramo Silvestre es pura chispa de energ\u00eda y positivismo. Un bello contraste de rosas amarillas con limonium morado, un ramo de belleza sobrenatural. Es ideal para dar una sorpresa y hace run bonito regalo. Tambi\u00e9n para decorar espacios bonitos, deja que el embriagador aroma de las rosas forme parte de tu vida. Silvestre est\u00e1 compuesto por:  7 rosas amarillas  Gypsophila  Verdes varios  &nbsp;  Tenemos una incre\u00edble variedad de ramos de flores a buen precio. Puedes verlos aqu\u00ed.\" \/>\n<meta property=\"og:url\" content=\"https:\/\/bellarosa.es\/en\/silvestre-7-rosas-amarillas-limonium-morado\/\" \/>\n<meta property=\"og:site_name\" content=\"Florister&iacute;a en San Pedro Alc&aacute;ntara\" \/>\n<meta property=\"article:modified_time\" content=\"2026-01-16T17:43:31+00:00\" \/>\n<meta property=\"og:image\" content=\"https:\/\/bellarosa.es\/wp-content\/uploads\/2022\/02\/174AE2E8-529A-4674-94C8-C285FEA00A58.png\" \/>\n\t<meta property=\"og:image:width\" content=\"1024\" \/>\n\t<meta property=\"og:image:height\" content=\"1536\" \/>\n\t<meta property=\"og:image:type\" content=\"image\/png\" \/>\n<meta name=\"twitter:card\" content=\"summary_large_image\" \/>\n<meta name=\"twitter:label1\" content=\"Est. reading time\" \/>\n\t<meta name=\"twitter:data1\" content=\"2 minutes\" \/>\n<script type=\"application\/ld+json\" class=\"yoast-schema-graph\">{\"@context\":\"https:\\\/\\\/schema.org\",\"@graph\":[{\"@type\":\"WebPage\",\"@id\":\"https:\\\/\\\/bellarosa.es\\\/en\\\/silvestre-7-rosas-amarillas-limonium-morado\\\/\",\"url\":\"https:\\\/\\\/bellarosa.es\\\/en\\\/silvestre-7-rosas-amarillas-limonium-morado\\\/\",\"name\":\"Silvestre - 7 Rosas Amarillas y Gypsophila - Florister&iacute;a en San Pedro Alc&aacute;ntara\",\"isPartOf\":{\"@id\":\"https:\\\/\\\/bellarosa.es\\\/en\\\/#website\"},\"primaryImageOfPage\":{\"@id\":\"https:\\\/\\\/bellarosa.es\\\/en\\\/silvestre-7-rosas-amarillas-limonium-morado\\\/#primaryimage\"},\"image\":{\"@id\":\"https:\\\/\\\/bellarosa.es\\\/en\\\/silvestre-7-rosas-amarillas-limonium-morado\\\/#primaryimage\"},\"thumbnailUrl\":\"https:\\\/\\\/bellarosa.es\\\/wp-content\\\/uploads\\\/2022\\\/02\\\/174AE2E8-529A-4674-94C8-C285FEA00A58.png\",\"datePublished\":\"2022-02-19T22:53:14+00:00\",\"dateModified\":\"2026-01-16T17:43:31+00:00\",\"breadcrumb\":{\"@id\":\"https:\\\/\\\/bellarosa.es\\\/en\\\/silvestre-7-rosas-amarillas-limonium-morado\\\/#breadcrumb\"},\"inLanguage\":\"en-US\",\"potentialAction\":[{\"@type\":\"ReadAction\",\"target\":[\"https:\\\/\\\/bellarosa.es\\\/en\\\/silvestre-7-rosas-amarillas-limonium-morado\\\/\"]}]},{\"@type\":\"ImageObject\",\"inLanguage\":\"en-US\",\"@id\":\"https:\\\/\\\/bellarosa.es\\\/en\\\/silvestre-7-rosas-amarillas-limonium-morado\\\/#primaryimage\",\"url\":\"https:\\\/\\\/bellarosa.es\\\/wp-content\\\/uploads\\\/2022\\\/02\\\/174AE2E8-529A-4674-94C8-C285FEA00A58.png\",\"contentUrl\":\"https:\\\/\\\/bellarosa.es\\\/wp-content\\\/uploads\\\/2022\\\/02\\\/174AE2E8-529A-4674-94C8-C285FEA00A58.png\",\"width\":1024,\"height\":1536},{\"@type\":\"BreadcrumbList\",\"@id\":\"https:\\\/\\\/bellarosa.es\\\/en\\\/silvestre-7-rosas-amarillas-limonium-morado\\\/#breadcrumb\",\"itemListElement\":[{\"@type\":\"ListItem\",\"position\":1,\"name\":\"Inicio\",\"item\":\"https:\\\/\\\/bellarosa.es\\\/en\\\/\"},{\"@type\":\"ListItem\",\"position\":2,\"name\":\"Shop\",\"item\":\"https:\\\/\\\/bellarosa.es\\\/en\\\/shop\\\/\"},{\"@type\":\"ListItem\",\"position\":3,\"name\":\"Silvestre &#8211; 7 Rosas Amarillas y Gypsophila\"}]},{\"@type\":\"WebSite\",\"@id\":\"https:\\\/\\\/bellarosa.es\\\/en\\\/#website\",\"url\":\"https:\\\/\\\/bellarosa.es\\\/en\\\/\",\"name\":\"Florister&iacute;a en San Pedro Alc&aacute;ntara\",\"description\":\"\",\"publisher\":{\"@id\":\"https:\\\/\\\/bellarosa.es\\\/en\\\/#organization\"},\"potentialAction\":[{\"@type\":\"SearchAction\",\"target\":{\"@type\":\"EntryPoint\",\"urlTemplate\":\"https:\\\/\\\/bellarosa.es\\\/en\\\/?s={search_term_string}\"},\"query-input\":{\"@type\":\"PropertyValueSpecification\",\"valueRequired\":true,\"valueName\":\"search_term_string\"}}],\"inLanguage\":\"en-US\"},{\"@type\":\"Organization\",\"@id\":\"https:\\\/\\\/bellarosa.es\\\/en\\\/#organization\",\"name\":\"Floristeria Bella Rosa\",\"url\":\"https:\\\/\\\/bellarosa.es\\\/en\\\/\",\"logo\":{\"@type\":\"ImageObject\",\"inLanguage\":\"en-US\",\"@id\":\"https:\\\/\\\/bellarosa.es\\\/en\\\/#\\\/schema\\\/logo\\\/image\\\/\",\"url\":\"\",\"contentUrl\":\"\",\"caption\":\"Floristeria Bella Rosa\"},\"image\":{\"@id\":\"https:\\\/\\\/bellarosa.es\\\/en\\\/#\\\/schema\\\/logo\\\/image\\\/\"}}]}<\/script>\n<!-- \/ Yoast SEO plugin. -->","yoast_head_json":{"title":"Silvestre - 7 Rosas Amarillas y Gypsophila - Florister&iacute;a en San Pedro Alc&aacute;ntara","robots":{"index":"index","follow":"follow","max-snippet":"max-snippet:-1","max-image-preview":"max-image-preview:large","max-video-preview":"max-video-preview:-1"},"canonical":"https:\/\/bellarosa.es\/en\/silvestre-7-rosas-amarillas-limonium-morado\/","og_locale":"en_US","og_type":"article","og_title":"Silvestre - 7 Rosas Amarillas y Gypsophila - Florister&iacute;a en San Pedro Alc&aacute;ntara","og_description":"La vida silvestre no es un lujo sino una necesidad del esp\u00edritu humano, y es vital para nuestras vidas como el agua y el buen pan. - Edward Abbey -  Nuestro precioso ramo Silvestre es pura chispa de energ\u00eda y positivismo. Un bello contraste de rosas amarillas con limonium morado, un ramo de belleza sobrenatural. Es ideal para dar una sorpresa y hace run bonito regalo. Tambi\u00e9n para decorar espacios bonitos, deja que el embriagador aroma de las rosas forme parte de tu vida. Silvestre est\u00e1 compuesto por:  7 rosas amarillas  Gypsophila  Verdes varios  &nbsp;  Tenemos una incre\u00edble variedad de ramos de flores a buen precio. Puedes verlos aqu\u00ed.","og_url":"https:\/\/bellarosa.es\/en\/silvestre-7-rosas-amarillas-limonium-morado\/","og_site_name":"Florister&iacute;a en San Pedro Alc&aacute;ntara","article_modified_time":"2026-01-16T17:43:31+00:00","og_image":[{"width":1024,"height":1536,"url":"https:\/\/bellarosa.es\/wp-content\/uploads\/2022\/02\/174AE2E8-529A-4674-94C8-C285FEA00A58.png","type":"image\/png"}],"twitter_card":"summary_large_image","twitter_misc":{"Est. reading time":"2 minutes"},"schema":{"@context":"https:\/\/schema.org","@graph":[{"@type":"WebPage","@id":"https:\/\/bellarosa.es\/en\/silvestre-7-rosas-amarillas-limonium-morado\/","url":"https:\/\/bellarosa.es\/en\/silvestre-7-rosas-amarillas-limonium-morado\/","name":"Silvestre - 7 Rosas Amarillas y Gypsophila - Florister&iacute;a en San Pedro Alc&aacute;ntara","isPartOf":{"@id":"https:\/\/bellarosa.es\/en\/#website"},"primaryImageOfPage":{"@id":"https:\/\/bellarosa.es\/en\/silvestre-7-rosas-amarillas-limonium-morado\/#primaryimage"},"image":{"@id":"https:\/\/bellarosa.es\/en\/silvestre-7-rosas-amarillas-limonium-morado\/#primaryimage"},"thumbnailUrl":"https:\/\/bellarosa.es\/wp-content\/uploads\/2022\/02\/174AE2E8-529A-4674-94C8-C285FEA00A58.png","datePublished":"2022-02-19T22:53:14+00:00","dateModified":"2026-01-16T17:43:31+00:00","breadcrumb":{"@id":"https:\/\/bellarosa.es\/en\/silvestre-7-rosas-amarillas-limonium-morado\/#breadcrumb"},"inLanguage":"en-US","potentialAction":[{"@type":"ReadAction","target":["https:\/\/bellarosa.es\/en\/silvestre-7-rosas-amarillas-limonium-morado\/"]}]},{"@type":"ImageObject","inLanguage":"en-US","@id":"https:\/\/bellarosa.es\/en\/silvestre-7-rosas-amarillas-limonium-morado\/#primaryimage","url":"https:\/\/bellarosa.es\/wp-content\/uploads\/2022\/02\/174AE2E8-529A-4674-94C8-C285FEA00A58.png","contentUrl":"https:\/\/bellarosa.es\/wp-content\/uploads\/2022\/02\/174AE2E8-529A-4674-94C8-C285FEA00A58.png","width":1024,"height":1536},{"@type":"BreadcrumbList","@id":"https:\/\/bellarosa.es\/en\/silvestre-7-rosas-amarillas-limonium-morado\/#breadcrumb","itemListElement":[{"@type":"ListItem","position":1,"name":"Inicio","item":"https:\/\/bellarosa.es\/en\/"},{"@type":"ListItem","position":2,"name":"Shop","item":"https:\/\/bellarosa.es\/en\/shop\/"},{"@type":"ListItem","position":3,"name":"Silvestre &#8211; 7 Rosas Amarillas y Gypsophila"}]},{"@type":"WebSite","@id":"https:\/\/bellarosa.es\/en\/#website","url":"https:\/\/bellarosa.es\/en\/","name":"Florister&iacute;a en San Pedro Alc&aacute;ntara","description":"","publisher":{"@id":"https:\/\/bellarosa.es\/en\/#organization"},"potentialAction":[{"@type":"SearchAction","target":{"@type":"EntryPoint","urlTemplate":"https:\/\/bellarosa.es\/en\/?s={search_term_string}"},"query-input":{"@type":"PropertyValueSpecification","valueRequired":true,"valueName":"search_term_string"}}],"inLanguage":"en-US"},{"@type":"Organization","@id":"https:\/\/bellarosa.es\/en\/#organization","name":"Floristeria Bella Rosa","url":"https:\/\/bellarosa.es\/en\/","logo":{"@type":"ImageObject","inLanguage":"en-US","@id":"https:\/\/bellarosa.es\/en\/#\/schema\/logo\/image\/","url":"","contentUrl":"","caption":"Floristeria Bella Rosa"},"image":{"@id":"https:\/\/bellarosa.es\/en\/#\/schema\/logo\/image\/"}}]}},"_links":{"self":[{"href":"https:\/\/bellarosa.es\/en\/wp-json\/wp\/v2\/product\/3535","targetHints":{"allow":["GET"]}}],"collection":[{"href":"https:\/\/bellarosa.es\/en\/wp-json\/wp\/v2\/product"}],"about":[{"href":"https:\/\/bellarosa.es\/en\/wp-json\/wp\/v2\/types\/product"}],"replies":[{"embeddable":true,"href":"https:\/\/bellarosa.es\/en\/wp-json\/wp\/v2\/comments?post=3535"}],"wp:featuredmedia":[{"embeddable":true,"href":"https:\/\/bellarosa.es\/en\/wp-json\/wp\/v2\/media\/8437"}],"wp:attachment":[{"href":"https:\/\/bellarosa.es\/en\/wp-json\/wp\/v2\/media?parent=3535"}],"wp:term":[{"taxonomy":"product_brand","embeddable":true,"href":"https:\/\/bellarosa.es\/en\/wp-json\/wp\/v2\/product_brand?post=3535"},{"taxonomy":"product_cat","embeddable":true,"href":"https:\/\/bellarosa.es\/en\/wp-json\/wp\/v2\/product_cat?post=3535"},{"taxonomy":"product_tag","embeddable":true,"href":"https:\/\/bellarosa.es\/en\/wp-json\/wp\/v2\/product_tag?post=3535"}],"curies":[{"name":"wp","href":"https:\/\/api.w.org\/{rel}","templated":true}]}}