{"id":3532,"date":"2022-02-19T22:49:19","date_gmt":"2022-02-19T22:49:19","guid":{"rendered":"https:\/\/bellarosa.es\/?post_type=product&#038;p=3532"},"modified":"2026-01-13T15:11:25","modified_gmt":"2026-01-13T15:11:25","slug":"bombon-ramo-rosas-rojas-y-liliums","status":"publish","type":"product","link":"https:\/\/bellarosa.es\/en\/bombon-ramo-rosas-rojas-y-liliums\/","title":{"rendered":"Ramo Rosas Rojas y liliums &#8211; Bomb\u00f3n"},"content":{"rendered":"<h2><strong>Un ramo dulce como un bomb\u00f3n<\/strong><\/h2>\n<p>La dulzura representada en un precioso ramo de rosas rojas con lilium, una mezcla de flores irresistible e ideal para regalar. Todas nuestras flores son seleccionadas una a una por nuestro\u00a0<strong>equipo de floristas expertos<\/strong>. En <strong>Bella Rosa<\/strong> trabajamos las flores desde el primer momento para conseguir su m\u00e1xima belleza.<\/p>\n<h3>Rosas rojas combinadas con Lilium<\/h3>\n<p>Este ramo ha sido inspirado por la dulzura que implica querer hacer feliz a otra persona y regalarle un momento \u00fanico y especial. Nuestro equipo ha combinado la belleza rom\u00e1ntica de las rosas rojas con la delicadeza y dulzura del lilium. Te contamos un poco m\u00e1s sobre estas preciosas flores a continuaci\u00f3n:<\/p>\n<p>La rosa roja es s\u00edmbolo del amor y la belleza. Ha aparecido a lo largo de la historia en novelas, pel\u00edculas, leyendas y mitos. Esta flor est\u00e1 vinculada a conceptos como <strong>pasi\u00f3n, deseo y romanticismo<\/strong>. El ardiente color de las rosas rojas es reflejo de la pasi\u00f3n y el profundo sentimiento de amor que representa. Estas flores son un <strong>v\u00ednculo entre dos almas<\/strong> que se sienten unidas la una a la otra. Regalar rosas rojas es <strong>una ofrenda de amor verdadero<\/strong>, profundo y pasional.<\/p>\n<p>El Lilium es una flor ligada al concepto de feminidad. Antiguamente, regalar lilium era <strong>desear una larga vida<\/strong>, llena de prosperidad y buena suerte. Durante la \u00e9poca victoriana adquiri\u00f3 mucha popularidad, y los hombres las regalaban a las mujeres como ofrenda de amor. El <strong>lilium o lirio blanco<\/strong>, el elegido para este ramo, es una flor con mucho significado, en especial significa <strong>gratitud y alegr\u00eda<\/strong>.<\/p>\n<h3>\u00bfCu\u00e1ndo regalar Bomb\u00f3n?<\/h3>\n<p>Tenemos claro que <strong>Bomb\u00f3n<\/strong> ser\u00e1 el ramo ideal cuando busques endulzar un momento especial. Cuando quieras que el coraz\u00f3n de la persona elegida se llene de amor y alegr\u00eda.<\/p>\n<p>Por ello, puede ser una opci\u00f3n id\u00f3nea para regalar el d\u00eda de <strong>San Valent\u00edn<\/strong>, as\u00ed como para un <strong>aniversario de pareja, novios o casados<\/strong>. Tambi\u00e9n cualquier d\u00eda en que quieras sorprenderle y celebrar vuestro amor.<\/p>\n<p>Pero no solo es para enamorados, <strong>Bomb\u00f3n<\/strong> es un regalo estupendo para personas especiales amantes de las rosas rojas. Del mismo modo, es un ramo espectacular para hacerse un autorregalo, \u00bflo hab\u00edas pensado?<\/p>\n<h3>Flores a domicilio en la Costa del Sol<\/h3>\n<p>Recuerda que somos tu florister\u00eda de confianza en la <strong>Costa del Sol<\/strong>. Hacemos repartos desde <strong>Estepona<\/strong> hasta <strong>San Pedro<\/strong> o <strong>Marbella<\/strong>. Si deseas enviar <strong>flores a domicilio<\/strong> puedes contar con nuestra experiencia para que tus ramos lleguen en las mejores condiciones. Sorprende a tu persona favorita. Tambi\u00e9n puedes hacer uso de nuestro servicio de <strong>tienda online<\/strong>.<\/p>\n<p>&nbsp;<\/p>\n<p><strong>Bomb\u00f3n<\/strong> est\u00e1 compuesto por:<\/p>\n<p>3 Lilium blanco<\/p>\n<p>5 Rosas rojas<\/p>\n<p>3 Flor de cera blanca<\/p>\n<p>Verdes varios<\/p>\n<p>&nbsp;<\/p>\n<p>Tenemos una incre\u00edble variedad de ramos de flores a buen precio. Puedes verlos <a href=\"https:\/\/bellarosa.es\/comprar\/flores-varias\/\">aqu\u00ed<\/a>.<\/p>\n<p>&nbsp;<\/p>\n<p>Recuerda que puedes encontrarnos en <a href=\"https:\/\/www.facebook.com\/bellarosa.es\/\">Facebook<\/a> e <a href=\"https:\/\/www.instagram.com\/bellarosa_marbella\/\">Instagram<\/a>. \u00a1Te esperamos!<\/p>\n","protected":false},"excerpt":{"rendered":"<blockquote>\n<p style=\"text-align: center;\">Eres el bomb\u00f3n que me comer\u00eda toda la vida.<\/p>\n<p style=\"text-align: center;\">&#8211; An\u00f3nimo &#8211;<\/p>\n<\/blockquote>\n<p>A nadie le amarga un dulce, como a nadie le amarga recibir un bello ramo de flores. Conquista a tu persona favorita y reg\u00e1lale un momento inolvidable y lleno de felicidad. Nuestro equipo de floristas profesionales ha preparado este ramo dulce, elegante y espectacular con las mejores flores del mercado.<\/p>\n","protected":false},"featured_media":8303,"comment_status":"open","ping_status":"closed","template":"","meta":[],"product_brand":[],"product_cat":[144,1031,1014,159,1018,1017,1015,15],"product_tag":[],"class_list":{"0":"post-3532","1":"product","2":"type-product","3":"status-publish","4":"has-post-thumbnail","6":"product_cat-flores-varias","7":"product_cat-envio-a-malaga","8":"product_cat-lo-mas-vendido","9":"product_cat-mothers-day","10":"product_cat-ramo-de-flores","11":"product_cat-ramo-rosas-rojas","12":"product_cat-rosa-roja","13":"product_cat-san-valentin","15":"first","16":"instock","17":"shipping-taxable","18":"purchasable","19":"product-type-simple","20":"layout-style-1","21":"col-md-4 col-sm-4 col-xs-6","22":"col-lg-4","23":"product-style-default"},"yoast_head":"<!-- This site is optimized with the Yoast SEO plugin v27.4 - https:\/\/yoast.com\/product\/yoast-seo-wordpress\/ -->\n<title>Ramo Rosas Rojas y liliums - Bomb\u00f3n - Florister&iacute;a en San Pedro Alc&aacute;ntara<\/title>\n<meta name=\"robots\" content=\"noindex, follow\" \/>\n<meta property=\"og:locale\" content=\"en_US\" \/>\n<meta property=\"og:type\" content=\"article\" \/>\n<meta property=\"og:title\" content=\"Ramo Rosas Rojas y liliums - Bomb\u00f3n - Florister&iacute;a en San Pedro Alc&aacute;ntara\" \/>\n<meta property=\"og:description\" content=\"Eres el bomb\u00f3n que me comer\u00eda toda la vida. - An\u00f3nimo -  A nadie le amarga un dulce, como a nadie le amarga recibir un bello ramo de flores. Conquista a tu persona favorita y reg\u00e1lale un momento inolvidable y lleno de felicidad. Nuestro equipo de floristas profesionales ha preparado este ramo dulce, elegante y espectacular con las mejores flores del mercado.\" \/>\n<meta property=\"og:url\" content=\"https:\/\/bellarosa.es\/en\/bombon-ramo-rosas-rojas-y-liliums\/\" \/>\n<meta property=\"og:site_name\" content=\"Florister&iacute;a en San Pedro Alc&aacute;ntara\" \/>\n<meta property=\"article:modified_time\" content=\"2026-01-13T15:11:25+00:00\" \/>\n<meta property=\"og:image\" content=\"https:\/\/bellarosa.es\/wp-content\/uploads\/2022\/02\/IMG_2697.jpeg\" \/>\n\t<meta property=\"og:image:width\" content=\"512\" \/>\n\t<meta property=\"og:image:height\" content=\"768\" \/>\n\t<meta property=\"og:image:type\" content=\"image\/jpeg\" \/>\n<meta name=\"twitter:card\" content=\"summary_large_image\" \/>\n<meta name=\"twitter:label1\" content=\"Est. reading time\" \/>\n\t<meta name=\"twitter:data1\" content=\"3 minutes\" \/>\n<script type=\"application\/ld+json\" class=\"yoast-schema-graph\">{\"@context\":\"https:\\\/\\\/schema.org\",\"@graph\":[{\"@type\":\"WebPage\",\"@id\":\"https:\\\/\\\/bellarosa.es\\\/en\\\/bombon-ramo-rosas-rojas-y-liliums\\\/\",\"url\":\"https:\\\/\\\/bellarosa.es\\\/en\\\/bombon-ramo-rosas-rojas-y-liliums\\\/\",\"name\":\"Ramo Rosas Rojas y liliums - Bomb\u00f3n - Florister&iacute;a en San Pedro Alc&aacute;ntara\",\"isPartOf\":{\"@id\":\"https:\\\/\\\/bellarosa.es\\\/en\\\/#website\"},\"primaryImageOfPage\":{\"@id\":\"https:\\\/\\\/bellarosa.es\\\/en\\\/bombon-ramo-rosas-rojas-y-liliums\\\/#primaryimage\"},\"image\":{\"@id\":\"https:\\\/\\\/bellarosa.es\\\/en\\\/bombon-ramo-rosas-rojas-y-liliums\\\/#primaryimage\"},\"thumbnailUrl\":\"https:\\\/\\\/bellarosa.es\\\/wp-content\\\/uploads\\\/2022\\\/02\\\/IMG_2697.jpeg\",\"datePublished\":\"2022-02-19T22:49:19+00:00\",\"dateModified\":\"2026-01-13T15:11:25+00:00\",\"breadcrumb\":{\"@id\":\"https:\\\/\\\/bellarosa.es\\\/en\\\/bombon-ramo-rosas-rojas-y-liliums\\\/#breadcrumb\"},\"inLanguage\":\"en-US\",\"potentialAction\":[{\"@type\":\"ReadAction\",\"target\":[\"https:\\\/\\\/bellarosa.es\\\/en\\\/bombon-ramo-rosas-rojas-y-liliums\\\/\"]}]},{\"@type\":\"ImageObject\",\"inLanguage\":\"en-US\",\"@id\":\"https:\\\/\\\/bellarosa.es\\\/en\\\/bombon-ramo-rosas-rojas-y-liliums\\\/#primaryimage\",\"url\":\"https:\\\/\\\/bellarosa.es\\\/wp-content\\\/uploads\\\/2022\\\/02\\\/IMG_2697.jpeg\",\"contentUrl\":\"https:\\\/\\\/bellarosa.es\\\/wp-content\\\/uploads\\\/2022\\\/02\\\/IMG_2697.jpeg\",\"width\":512,\"height\":768},{\"@type\":\"BreadcrumbList\",\"@id\":\"https:\\\/\\\/bellarosa.es\\\/en\\\/bombon-ramo-rosas-rojas-y-liliums\\\/#breadcrumb\",\"itemListElement\":[{\"@type\":\"ListItem\",\"position\":1,\"name\":\"Inicio\",\"item\":\"https:\\\/\\\/bellarosa.es\\\/en\\\/\"},{\"@type\":\"ListItem\",\"position\":2,\"name\":\"Shop\",\"item\":\"https:\\\/\\\/bellarosa.es\\\/en\\\/shop\\\/\"},{\"@type\":\"ListItem\",\"position\":3,\"name\":\"Ramo Rosas Rojas y liliums &#8211; Bomb\u00f3n\"}]},{\"@type\":\"WebSite\",\"@id\":\"https:\\\/\\\/bellarosa.es\\\/en\\\/#website\",\"url\":\"https:\\\/\\\/bellarosa.es\\\/en\\\/\",\"name\":\"Florister&iacute;a en San Pedro Alc&aacute;ntara\",\"description\":\"\",\"publisher\":{\"@id\":\"https:\\\/\\\/bellarosa.es\\\/en\\\/#organization\"},\"potentialAction\":[{\"@type\":\"SearchAction\",\"target\":{\"@type\":\"EntryPoint\",\"urlTemplate\":\"https:\\\/\\\/bellarosa.es\\\/en\\\/?s={search_term_string}\"},\"query-input\":{\"@type\":\"PropertyValueSpecification\",\"valueRequired\":true,\"valueName\":\"search_term_string\"}}],\"inLanguage\":\"en-US\"},{\"@type\":\"Organization\",\"@id\":\"https:\\\/\\\/bellarosa.es\\\/en\\\/#organization\",\"name\":\"Floristeria Bella Rosa\",\"url\":\"https:\\\/\\\/bellarosa.es\\\/en\\\/\",\"logo\":{\"@type\":\"ImageObject\",\"inLanguage\":\"en-US\",\"@id\":\"https:\\\/\\\/bellarosa.es\\\/en\\\/#\\\/schema\\\/logo\\\/image\\\/\",\"url\":\"\",\"contentUrl\":\"\",\"caption\":\"Floristeria Bella Rosa\"},\"image\":{\"@id\":\"https:\\\/\\\/bellarosa.es\\\/en\\\/#\\\/schema\\\/logo\\\/image\\\/\"}}]}<\/script>\n<!-- \/ Yoast SEO plugin. -->","yoast_head_json":{"title":"Ramo Rosas Rojas y liliums - Bomb\u00f3n - Florister&iacute;a en San Pedro Alc&aacute;ntara","robots":{"index":"noindex","follow":"follow"},"og_locale":"en_US","og_type":"article","og_title":"Ramo Rosas Rojas y liliums - Bomb\u00f3n - Florister&iacute;a en San Pedro Alc&aacute;ntara","og_description":"Eres el bomb\u00f3n que me comer\u00eda toda la vida. - An\u00f3nimo -  A nadie le amarga un dulce, como a nadie le amarga recibir un bello ramo de flores. Conquista a tu persona favorita y reg\u00e1lale un momento inolvidable y lleno de felicidad. Nuestro equipo de floristas profesionales ha preparado este ramo dulce, elegante y espectacular con las mejores flores del mercado.","og_url":"https:\/\/bellarosa.es\/en\/bombon-ramo-rosas-rojas-y-liliums\/","og_site_name":"Florister&iacute;a en San Pedro Alc&aacute;ntara","article_modified_time":"2026-01-13T15:11:25+00:00","og_image":[{"width":512,"height":768,"url":"https:\/\/bellarosa.es\/wp-content\/uploads\/2022\/02\/IMG_2697.jpeg","type":"image\/jpeg"}],"twitter_card":"summary_large_image","twitter_misc":{"Est. reading time":"3 minutes"},"schema":{"@context":"https:\/\/schema.org","@graph":[{"@type":"WebPage","@id":"https:\/\/bellarosa.es\/en\/bombon-ramo-rosas-rojas-y-liliums\/","url":"https:\/\/bellarosa.es\/en\/bombon-ramo-rosas-rojas-y-liliums\/","name":"Ramo Rosas Rojas y liliums - Bomb\u00f3n - Florister&iacute;a en San Pedro Alc&aacute;ntara","isPartOf":{"@id":"https:\/\/bellarosa.es\/en\/#website"},"primaryImageOfPage":{"@id":"https:\/\/bellarosa.es\/en\/bombon-ramo-rosas-rojas-y-liliums\/#primaryimage"},"image":{"@id":"https:\/\/bellarosa.es\/en\/bombon-ramo-rosas-rojas-y-liliums\/#primaryimage"},"thumbnailUrl":"https:\/\/bellarosa.es\/wp-content\/uploads\/2022\/02\/IMG_2697.jpeg","datePublished":"2022-02-19T22:49:19+00:00","dateModified":"2026-01-13T15:11:25+00:00","breadcrumb":{"@id":"https:\/\/bellarosa.es\/en\/bombon-ramo-rosas-rojas-y-liliums\/#breadcrumb"},"inLanguage":"en-US","potentialAction":[{"@type":"ReadAction","target":["https:\/\/bellarosa.es\/en\/bombon-ramo-rosas-rojas-y-liliums\/"]}]},{"@type":"ImageObject","inLanguage":"en-US","@id":"https:\/\/bellarosa.es\/en\/bombon-ramo-rosas-rojas-y-liliums\/#primaryimage","url":"https:\/\/bellarosa.es\/wp-content\/uploads\/2022\/02\/IMG_2697.jpeg","contentUrl":"https:\/\/bellarosa.es\/wp-content\/uploads\/2022\/02\/IMG_2697.jpeg","width":512,"height":768},{"@type":"BreadcrumbList","@id":"https:\/\/bellarosa.es\/en\/bombon-ramo-rosas-rojas-y-liliums\/#breadcrumb","itemListElement":[{"@type":"ListItem","position":1,"name":"Inicio","item":"https:\/\/bellarosa.es\/en\/"},{"@type":"ListItem","position":2,"name":"Shop","item":"https:\/\/bellarosa.es\/en\/shop\/"},{"@type":"ListItem","position":3,"name":"Ramo Rosas Rojas y liliums &#8211; Bomb\u00f3n"}]},{"@type":"WebSite","@id":"https:\/\/bellarosa.es\/en\/#website","url":"https:\/\/bellarosa.es\/en\/","name":"Florister&iacute;a en San Pedro Alc&aacute;ntara","description":"","publisher":{"@id":"https:\/\/bellarosa.es\/en\/#organization"},"potentialAction":[{"@type":"SearchAction","target":{"@type":"EntryPoint","urlTemplate":"https:\/\/bellarosa.es\/en\/?s={search_term_string}"},"query-input":{"@type":"PropertyValueSpecification","valueRequired":true,"valueName":"search_term_string"}}],"inLanguage":"en-US"},{"@type":"Organization","@id":"https:\/\/bellarosa.es\/en\/#organization","name":"Floristeria Bella Rosa","url":"https:\/\/bellarosa.es\/en\/","logo":{"@type":"ImageObject","inLanguage":"en-US","@id":"https:\/\/bellarosa.es\/en\/#\/schema\/logo\/image\/","url":"","contentUrl":"","caption":"Floristeria Bella Rosa"},"image":{"@id":"https:\/\/bellarosa.es\/en\/#\/schema\/logo\/image\/"}}]}},"_links":{"self":[{"href":"https:\/\/bellarosa.es\/en\/wp-json\/wp\/v2\/product\/3532","targetHints":{"allow":["GET"]}}],"collection":[{"href":"https:\/\/bellarosa.es\/en\/wp-json\/wp\/v2\/product"}],"about":[{"href":"https:\/\/bellarosa.es\/en\/wp-json\/wp\/v2\/types\/product"}],"replies":[{"embeddable":true,"href":"https:\/\/bellarosa.es\/en\/wp-json\/wp\/v2\/comments?post=3532"}],"wp:featuredmedia":[{"embeddable":true,"href":"https:\/\/bellarosa.es\/en\/wp-json\/wp\/v2\/media\/8303"}],"wp:attachment":[{"href":"https:\/\/bellarosa.es\/en\/wp-json\/wp\/v2\/media?parent=3532"}],"wp:term":[{"taxonomy":"product_brand","embeddable":true,"href":"https:\/\/bellarosa.es\/en\/wp-json\/wp\/v2\/product_brand?post=3532"},{"taxonomy":"product_cat","embeddable":true,"href":"https:\/\/bellarosa.es\/en\/wp-json\/wp\/v2\/product_cat?post=3532"},{"taxonomy":"product_tag","embeddable":true,"href":"https:\/\/bellarosa.es\/en\/wp-json\/wp\/v2\/product_tag?post=3532"}],"curies":[{"name":"wp","href":"https:\/\/api.w.org\/{rel}","templated":true}]}}