{"id":3529,"date":"2022-02-19T22:23:49","date_gmt":"2022-02-19T22:23:49","guid":{"rendered":"https:\/\/bellarosa.es\/?post_type=product&#038;p=3529"},"modified":"2026-03-02T17:50:00","modified_gmt":"2026-03-02T17:50:00","slug":"multicolor-ramo-rosas-arcoiris","status":"publish","type":"product","link":"https:\/\/bellarosa.es\/en\/multicolor-ramo-rosas-arcoiris\/","title":{"rendered":"Multicolor &#8211; Ramo de tulipanes de colores"},"content":{"rendered":"<h2><strong>Multicolor es una explosi\u00f3n de alegr\u00eda<\/strong><\/h2>\n<p>Te traemos un ramo de tulipanes y muy divertido. Realizado con la mezcla mas divertida de diversos colores\u00a0 y especies de tulipanes,\u00a0 este ramo es pura energ\u00eda, vitalidad y alegr\u00eda. Todo ello con la gracia\u00a0 y\u00a0 belleza indudable de los Tulipanes.<\/p>\n<p>Nuestro equipo de <strong>floristas profesionales<\/strong> selecciona las mejores rosas del mercado, trat\u00e1ndolas desde el primer minuto con mucha dedicaci\u00f3n. Tendr\u00e1s en tus manos las mejores y m\u00e1s bellas flores.<\/p>\n<h3>\u00bfCu\u00e1ndo regalar Multicolor?<\/h3>\n<p>\u00a1<strong>Multicolor<\/strong> es un ramo muy original! Eso lo convierte en un ramo de rosas<strong> ideal para cualquier ocasi\u00f3n<\/strong>. Si quieres sorprender a tu pareja, a una amiga o una madre puedes elegir Multicolor como simbolo de amistad y aprecio. tambi\u00e9n puede ser genial elegir el d\u00eda de su cumplea\u00f1os. Tambi\u00e9n para celebrar d\u00edas especiales, como una graduaci\u00f3n. teniendo en cuenta las fecha de su temporada<\/p>\n<p>Para dar las gracias a alguien especial, para apoyar a alguien que pasa un momento complicado o para felicitar a alguien por conseguir un logro profesional o personal.<\/p>\n<h3>Flores a domicilio en la Costa del Sol<\/h3>\n<p>Recuerda que somos tu florister\u00eda de confianza en la <strong>Costa del Sol<\/strong>. Hacemos repartos desde <strong>Estepona<\/strong> hasta <strong>San Pedro<\/strong> o <strong>Marbella<\/strong>. Si deseas enviar <strong>flores a domicilio<\/strong> puedes contar con nuestra experiencia para que tus ramos lleguen en las mejores condiciones. Sorprende a tu persona favorita. Tambi\u00e9n puedes hacer uso de nuestro servicio de <strong>tienda online<\/strong>.<\/p>\n<p>&nbsp;<\/p>\n<p>Recuerda que puedes encontrarnos en <a href=\"https:\/\/www.facebook.com\/bellarosa.es\/\">Facebook<\/a> e <a href=\"https:\/\/www.instagram.com\/bellarosa_marbella\/\">Instagram<\/a>. \u00a1Te esperamos!<\/p>\n","protected":false},"excerpt":{"rendered":"<blockquote>\n<p style=\"text-align: center;\">As\u00ed como el sol colorea las flores, el arte tambi\u00e9n colorea la vida.<\/p>\n<p style=\"text-align: center;\">&#8211; John Lubbock &#8211;<\/p>\n<\/blockquote>\n<p>\u00a1Una explosi\u00f3n de color hecha ramo de flores! Con estos incre\u00edbles tulipanes de colores, hemos conseguido un ramo lleno de alegr\u00eda y vitalidad. Un ramo muy peculiar con el que vas a sorprender seguro. Deja que la belleza de laos tulipanes y la alegr\u00eda de sus colores llene el coraz\u00f3n de tu persona favorita. Ideales para regalar o para decorar tu rinc\u00f3n favorito.<\/p>\n<p>Nuestros tulipanes son seleccionadas por <strong>nuestro equipo de florista expertos<\/strong>, que las trabajan con mucho mimo para mantenerlas en perfecto estado. 50 tulipanes de colores mixtos para celebrar la alegr\u00eda y felicidad<\/p>\n<p>&nbsp;<\/p>\n<p>Tenemos una gran variedad de ramos de rosas preciosos a buen precio. Con\u00f3celos <a href=\"https:\/\/bellarosa.es\/comprar\/san-valentin\/\">aqu\u00ed<\/a><\/p>\n","protected":false},"featured_media":8835,"comment_status":"open","ping_status":"closed","template":"","meta":[],"product_brand":[],"product_cat":[159,1100],"product_tag":[],"class_list":{"0":"post-3529","1":"product","2":"type-product","3":"status-publish","4":"has-post-thumbnail","6":"product_cat-mothers-day","7":"product_cat-8-marzo-dia-de-la-mujer","9":"first","10":"instock","11":"shipping-taxable","12":"purchasable","13":"product-type-simple","14":"layout-style-1","15":"col-md-4 col-sm-4 col-xs-6","16":"col-lg-4","17":"product-style-default"},"yoast_head":"<!-- This site is optimized with the Yoast SEO plugin v27.4 - https:\/\/yoast.com\/product\/yoast-seo-wordpress\/ -->\n<title>Multicolor - Ramo de tulipanes de colores - Florister&iacute;a en San Pedro Alc&aacute;ntara<\/title>\n<meta name=\"robots\" content=\"index, follow, max-snippet:-1, max-image-preview:large, max-video-preview:-1\" \/>\n<link rel=\"canonical\" href=\"https:\/\/bellarosa.es\/en\/multicolor-ramo-rosas-arcoiris\/\" \/>\n<meta property=\"og:locale\" content=\"en_US\" \/>\n<meta property=\"og:type\" content=\"article\" \/>\n<meta property=\"og:title\" content=\"Multicolor - Ramo de tulipanes de colores - Florister&iacute;a en San Pedro Alc&aacute;ntara\" \/>\n<meta property=\"og:description\" content=\"As\u00ed como el sol colorea las flores, el arte tambi\u00e9n colorea la vida. - John Lubbock -  \u00a1Una explosi\u00f3n de color hecha ramo de flores! Con estos incre\u00edbles tulipanes de colores, hemos conseguido un ramo lleno de alegr\u00eda y vitalidad. Un ramo muy peculiar con el que vas a sorprender seguro. Deja que la belleza de laos tulipanes y la alegr\u00eda de sus colores llene el coraz\u00f3n de tu persona favorita. Ideales para regalar o para decorar tu rinc\u00f3n favorito.  Nuestros tulipanes son seleccionadas por nuestro equipo de florista expertos, que las trabajan con mucho mimo para mantenerlas en perfecto estado. 50 tulipanes de colores mixtos para celebrar la alegr\u00eda y felicidad  &nbsp;  Tenemos una gran variedad de ramos de rosas preciosos a buen precio. Con\u00f3celos aqu\u00ed\" \/>\n<meta property=\"og:url\" content=\"https:\/\/bellarosa.es\/en\/multicolor-ramo-rosas-arcoiris\/\" \/>\n<meta property=\"og:site_name\" content=\"Florister&iacute;a en San Pedro Alc&aacute;ntara\" \/>\n<meta property=\"article:modified_time\" content=\"2026-03-02T17:50:00+00:00\" \/>\n<meta property=\"og:image\" content=\"https:\/\/bellarosa.es\/wp-content\/uploads\/2022\/02\/5B043BA5-3BB8-4663-AF10-621E0DCD5C04.png\" \/>\n\t<meta property=\"og:image:width\" content=\"640\" \/>\n\t<meta property=\"og:image:height\" content=\"960\" \/>\n\t<meta property=\"og:image:type\" content=\"image\/png\" \/>\n<meta name=\"twitter:card\" content=\"summary_large_image\" \/>\n<meta name=\"twitter:label1\" content=\"Est. reading time\" \/>\n\t<meta name=\"twitter:data1\" content=\"2 minutes\" \/>\n<script type=\"application\/ld+json\" class=\"yoast-schema-graph\">{\"@context\":\"https:\\\/\\\/schema.org\",\"@graph\":[{\"@type\":\"WebPage\",\"@id\":\"https:\\\/\\\/bellarosa.es\\\/en\\\/multicolor-ramo-rosas-arcoiris\\\/\",\"url\":\"https:\\\/\\\/bellarosa.es\\\/en\\\/multicolor-ramo-rosas-arcoiris\\\/\",\"name\":\"Multicolor - Ramo de tulipanes de colores - Florister&iacute;a en San Pedro Alc&aacute;ntara\",\"isPartOf\":{\"@id\":\"https:\\\/\\\/bellarosa.es\\\/en\\\/#website\"},\"primaryImageOfPage\":{\"@id\":\"https:\\\/\\\/bellarosa.es\\\/en\\\/multicolor-ramo-rosas-arcoiris\\\/#primaryimage\"},\"image\":{\"@id\":\"https:\\\/\\\/bellarosa.es\\\/en\\\/multicolor-ramo-rosas-arcoiris\\\/#primaryimage\"},\"thumbnailUrl\":\"https:\\\/\\\/bellarosa.es\\\/wp-content\\\/uploads\\\/2022\\\/02\\\/5B043BA5-3BB8-4663-AF10-621E0DCD5C04.png\",\"datePublished\":\"2022-02-19T22:23:49+00:00\",\"dateModified\":\"2026-03-02T17:50:00+00:00\",\"breadcrumb\":{\"@id\":\"https:\\\/\\\/bellarosa.es\\\/en\\\/multicolor-ramo-rosas-arcoiris\\\/#breadcrumb\"},\"inLanguage\":\"en-US\",\"potentialAction\":[{\"@type\":\"ReadAction\",\"target\":[\"https:\\\/\\\/bellarosa.es\\\/en\\\/multicolor-ramo-rosas-arcoiris\\\/\"]}]},{\"@type\":\"ImageObject\",\"inLanguage\":\"en-US\",\"@id\":\"https:\\\/\\\/bellarosa.es\\\/en\\\/multicolor-ramo-rosas-arcoiris\\\/#primaryimage\",\"url\":\"https:\\\/\\\/bellarosa.es\\\/wp-content\\\/uploads\\\/2022\\\/02\\\/5B043BA5-3BB8-4663-AF10-621E0DCD5C04.png\",\"contentUrl\":\"https:\\\/\\\/bellarosa.es\\\/wp-content\\\/uploads\\\/2022\\\/02\\\/5B043BA5-3BB8-4663-AF10-621E0DCD5C04.png\",\"width\":1024,\"height\":1536},{\"@type\":\"BreadcrumbList\",\"@id\":\"https:\\\/\\\/bellarosa.es\\\/en\\\/multicolor-ramo-rosas-arcoiris\\\/#breadcrumb\",\"itemListElement\":[{\"@type\":\"ListItem\",\"position\":1,\"name\":\"Inicio\",\"item\":\"https:\\\/\\\/bellarosa.es\\\/en\\\/\"},{\"@type\":\"ListItem\",\"position\":2,\"name\":\"Shop\",\"item\":\"https:\\\/\\\/bellarosa.es\\\/en\\\/shop\\\/\"},{\"@type\":\"ListItem\",\"position\":3,\"name\":\"Multicolor &#8211; Ramo de tulipanes de colores\"}]},{\"@type\":\"WebSite\",\"@id\":\"https:\\\/\\\/bellarosa.es\\\/en\\\/#website\",\"url\":\"https:\\\/\\\/bellarosa.es\\\/en\\\/\",\"name\":\"Florister&iacute;a en San Pedro Alc&aacute;ntara\",\"description\":\"\",\"publisher\":{\"@id\":\"https:\\\/\\\/bellarosa.es\\\/en\\\/#organization\"},\"potentialAction\":[{\"@type\":\"SearchAction\",\"target\":{\"@type\":\"EntryPoint\",\"urlTemplate\":\"https:\\\/\\\/bellarosa.es\\\/en\\\/?s={search_term_string}\"},\"query-input\":{\"@type\":\"PropertyValueSpecification\",\"valueRequired\":true,\"valueName\":\"search_term_string\"}}],\"inLanguage\":\"en-US\"},{\"@type\":\"Organization\",\"@id\":\"https:\\\/\\\/bellarosa.es\\\/en\\\/#organization\",\"name\":\"Floristeria Bella Rosa\",\"url\":\"https:\\\/\\\/bellarosa.es\\\/en\\\/\",\"logo\":{\"@type\":\"ImageObject\",\"inLanguage\":\"en-US\",\"@id\":\"https:\\\/\\\/bellarosa.es\\\/en\\\/#\\\/schema\\\/logo\\\/image\\\/\",\"url\":\"\",\"contentUrl\":\"\",\"caption\":\"Floristeria Bella Rosa\"},\"image\":{\"@id\":\"https:\\\/\\\/bellarosa.es\\\/en\\\/#\\\/schema\\\/logo\\\/image\\\/\"}}]}<\/script>\n<!-- \/ Yoast SEO plugin. -->","yoast_head_json":{"title":"Multicolor - Ramo de tulipanes de colores - Florister&iacute;a en San Pedro Alc&aacute;ntara","robots":{"index":"index","follow":"follow","max-snippet":"max-snippet:-1","max-image-preview":"max-image-preview:large","max-video-preview":"max-video-preview:-1"},"canonical":"https:\/\/bellarosa.es\/en\/multicolor-ramo-rosas-arcoiris\/","og_locale":"en_US","og_type":"article","og_title":"Multicolor - Ramo de tulipanes de colores - Florister&iacute;a en San Pedro Alc&aacute;ntara","og_description":"As\u00ed como el sol colorea las flores, el arte tambi\u00e9n colorea la vida. - John Lubbock -  \u00a1Una explosi\u00f3n de color hecha ramo de flores! Con estos incre\u00edbles tulipanes de colores, hemos conseguido un ramo lleno de alegr\u00eda y vitalidad. Un ramo muy peculiar con el que vas a sorprender seguro. Deja que la belleza de laos tulipanes y la alegr\u00eda de sus colores llene el coraz\u00f3n de tu persona favorita. Ideales para regalar o para decorar tu rinc\u00f3n favorito.  Nuestros tulipanes son seleccionadas por nuestro equipo de florista expertos, que las trabajan con mucho mimo para mantenerlas en perfecto estado. 50 tulipanes de colores mixtos para celebrar la alegr\u00eda y felicidad  &nbsp;  Tenemos una gran variedad de ramos de rosas preciosos a buen precio. Con\u00f3celos aqu\u00ed","og_url":"https:\/\/bellarosa.es\/en\/multicolor-ramo-rosas-arcoiris\/","og_site_name":"Florister&iacute;a en San Pedro Alc&aacute;ntara","article_modified_time":"2026-03-02T17:50:00+00:00","og_image":[{"url":"https:\/\/bellarosa.es\/wp-content\/uploads\/2022\/02\/5B043BA5-3BB8-4663-AF10-621E0DCD5C04.png","width":640,"height":960,"type":"image\/png"}],"twitter_card":"summary_large_image","twitter_misc":{"Est. reading time":"2 minutes"},"schema":{"@context":"https:\/\/schema.org","@graph":[{"@type":"WebPage","@id":"https:\/\/bellarosa.es\/en\/multicolor-ramo-rosas-arcoiris\/","url":"https:\/\/bellarosa.es\/en\/multicolor-ramo-rosas-arcoiris\/","name":"Multicolor - Ramo de tulipanes de colores - Florister&iacute;a en San Pedro Alc&aacute;ntara","isPartOf":{"@id":"https:\/\/bellarosa.es\/en\/#website"},"primaryImageOfPage":{"@id":"https:\/\/bellarosa.es\/en\/multicolor-ramo-rosas-arcoiris\/#primaryimage"},"image":{"@id":"https:\/\/bellarosa.es\/en\/multicolor-ramo-rosas-arcoiris\/#primaryimage"},"thumbnailUrl":"https:\/\/bellarosa.es\/wp-content\/uploads\/2022\/02\/5B043BA5-3BB8-4663-AF10-621E0DCD5C04.png","datePublished":"2022-02-19T22:23:49+00:00","dateModified":"2026-03-02T17:50:00+00:00","breadcrumb":{"@id":"https:\/\/bellarosa.es\/en\/multicolor-ramo-rosas-arcoiris\/#breadcrumb"},"inLanguage":"en-US","potentialAction":[{"@type":"ReadAction","target":["https:\/\/bellarosa.es\/en\/multicolor-ramo-rosas-arcoiris\/"]}]},{"@type":"ImageObject","inLanguage":"en-US","@id":"https:\/\/bellarosa.es\/en\/multicolor-ramo-rosas-arcoiris\/#primaryimage","url":"https:\/\/bellarosa.es\/wp-content\/uploads\/2022\/02\/5B043BA5-3BB8-4663-AF10-621E0DCD5C04.png","contentUrl":"https:\/\/bellarosa.es\/wp-content\/uploads\/2022\/02\/5B043BA5-3BB8-4663-AF10-621E0DCD5C04.png","width":1024,"height":1536},{"@type":"BreadcrumbList","@id":"https:\/\/bellarosa.es\/en\/multicolor-ramo-rosas-arcoiris\/#breadcrumb","itemListElement":[{"@type":"ListItem","position":1,"name":"Inicio","item":"https:\/\/bellarosa.es\/en\/"},{"@type":"ListItem","position":2,"name":"Shop","item":"https:\/\/bellarosa.es\/en\/shop\/"},{"@type":"ListItem","position":3,"name":"Multicolor &#8211; Ramo de tulipanes de colores"}]},{"@type":"WebSite","@id":"https:\/\/bellarosa.es\/en\/#website","url":"https:\/\/bellarosa.es\/en\/","name":"Florister&iacute;a en San Pedro Alc&aacute;ntara","description":"","publisher":{"@id":"https:\/\/bellarosa.es\/en\/#organization"},"potentialAction":[{"@type":"SearchAction","target":{"@type":"EntryPoint","urlTemplate":"https:\/\/bellarosa.es\/en\/?s={search_term_string}"},"query-input":{"@type":"PropertyValueSpecification","valueRequired":true,"valueName":"search_term_string"}}],"inLanguage":"en-US"},{"@type":"Organization","@id":"https:\/\/bellarosa.es\/en\/#organization","name":"Floristeria Bella Rosa","url":"https:\/\/bellarosa.es\/en\/","logo":{"@type":"ImageObject","inLanguage":"en-US","@id":"https:\/\/bellarosa.es\/en\/#\/schema\/logo\/image\/","url":"","contentUrl":"","caption":"Floristeria Bella Rosa"},"image":{"@id":"https:\/\/bellarosa.es\/en\/#\/schema\/logo\/image\/"}}]}},"_links":{"self":[{"href":"https:\/\/bellarosa.es\/en\/wp-json\/wp\/v2\/product\/3529","targetHints":{"allow":["GET"]}}],"collection":[{"href":"https:\/\/bellarosa.es\/en\/wp-json\/wp\/v2\/product"}],"about":[{"href":"https:\/\/bellarosa.es\/en\/wp-json\/wp\/v2\/types\/product"}],"replies":[{"embeddable":true,"href":"https:\/\/bellarosa.es\/en\/wp-json\/wp\/v2\/comments?post=3529"}],"wp:featuredmedia":[{"embeddable":true,"href":"https:\/\/bellarosa.es\/en\/wp-json\/wp\/v2\/media\/8835"}],"wp:attachment":[{"href":"https:\/\/bellarosa.es\/en\/wp-json\/wp\/v2\/media?parent=3529"}],"wp:term":[{"taxonomy":"product_brand","embeddable":true,"href":"https:\/\/bellarosa.es\/en\/wp-json\/wp\/v2\/product_brand?post=3529"},{"taxonomy":"product_cat","embeddable":true,"href":"https:\/\/bellarosa.es\/en\/wp-json\/wp\/v2\/product_cat?post=3529"},{"taxonomy":"product_tag","embeddable":true,"href":"https:\/\/bellarosa.es\/en\/wp-json\/wp\/v2\/product_tag?post=3529"}],"curies":[{"name":"wp","href":"https:\/\/api.w.org\/{rel}","templated":true}]}}