{"id":3277,"date":"2022-01-02T18:36:30","date_gmt":"2022-01-02T18:36:30","guid":{"rendered":"https:\/\/bellarosa.es\/?post_type=product&#038;p=3277"},"modified":"2026-04-10T11:05:26","modified_gmt":"2026-04-10T11:05:26","slug":"esplendor-liliums-mixto","status":"publish","type":"product","link":"https:\/\/bellarosa.es\/en\/esplendor-liliums-mixto\/","title":{"rendered":"Esplendor &#8211; Liliums mixto &#8211; Ramo de flores"},"content":{"rendered":"<h2><strong>Una sorpresa resplandeciente como un Esplendor<\/strong><\/h2>\n<p>La belleza y la feminidad rompen en nuestras vidas como la luz del sol y el <strong>Esplendor<\/strong> de un amanecer. Con este bello concepto hemos creado este <strong>ramo de flores de Lilium mixtos<\/strong> en tonos blancos y rosas. Seleccionados uno a uno por nuestro <strong>equipo de profesionales<\/strong>, que trabajan cada flor para que se conviertan en su mejor versi\u00f3n. Esplendor es una ofrenda de buenos deseos, de feminidad y de ternura.<\/p>\n<h3>El significado del Lilium<\/h3>\n<p>El lilium, tambi\u00e9n conocido como <strong>Lili, Flor de Lis, Lirio o Azucena<\/strong>, es una flor con bell\u00edsimas connotaciones, y que puede ser encontrada en una variedad de colores, desde el rojo, blanco, amarillo o rosa.<\/p>\n<p>El Lilium es una flor que se asocia a <strong>la prosperidad y la feminidad<\/strong>. En la Antigua Grecia, se regalaban Lilium a las mujeres, expresando no solo cari\u00f1o, sino el deseo de una larga y buena vida. La flor de Lilium se asocia a grandes mujeres de la historia y los mitos, como el caso de Eva en la Biblia o Hera en la mitolog\u00eda griega. Es por ello que se les asocia con <strong>la feminidad y el amor<\/strong>.<\/p>\n<p>Este <strong>ramo de flores<\/strong> contiene una <strong>variedad de Lilium blanco y rosa<\/strong>, por lo que te contaremos el significado de esta flor en esos colores. El <strong>Lilium rosa<\/strong> est\u00e1 relacionada con<strong> la juventud, la inocencia y la bondad<\/strong>. Regalar lilium rosa es sin\u00f3nimo de bondad y de buenos deseos. El <strong>Lilium blanco<\/strong> est\u00e1 asociado a <strong>la pureza y la belleza<\/strong>. Por lo que podemos decir que la combinaci\u00f3n de ambas es una oda a la feminidad tierna, la belleza pura y el deseo de una felicidad eterna. El precioso significado de los lirios convierte Esplendor en un acierto seguro.<\/p>\n<h3>\u00bfCu\u00e1ndo regalar Esplendor?<\/h3>\n<p>Este precioso <strong>ramo de flores<\/strong> puede ser ideal para d\u00edas se\u00f1alados, como un <strong>cumplea\u00f1os<\/strong>, una <strong>graduaci\u00f3n<\/strong> o para el <strong>D\u00eda de la Madre<\/strong>. Cualquier mujer se sentir\u00e1 dichosa de recibir <strong>Esplendor<\/strong>, aunque este ramo como cualquier otro es un precioso regalo para un hombre. Tambi\u00e9n es una gran opci\u00f3n para decorar salones, oficinas o zonas de trabajo, ya que su colorido resultado aporta alegr\u00eda a su estancia.<\/p>\n<h3>Flores a domicilio en la Costa del Sol<\/h3>\n<p>Recuerda que somos tu florister\u00eda de confianza en la <strong>Costa del Sol<\/strong>. Hacemos repartos desde <strong>Estepona<\/strong> hasta <strong>San Pedro<\/strong> o <strong>Marbella<\/strong>. Si deseas enviar <strong>flores a domicilio<\/strong> puedes contar con nuestra experiencia para que tus ramos lleguen en las mejores condiciones. Sorprende a tu persona favorita. Tambi\u00e9n puedes hacer uso de nuestro servicio de <strong>tienda online<\/strong>.<\/p>\n<p>&nbsp;<\/p>\n<p>Recuerda que puedes encontrarnos en <a href=\"https:\/\/www.facebook.com\/bellarosa.es\/\">Facebook<\/a> e <a href=\"https:\/\/www.instagram.com\/bellarosa_marbella\/\">Instagram<\/a>. \u00a1Te esperamos!<\/p>\n","protected":false},"excerpt":{"rendered":"<blockquote>\n<p style=\"text-align: center;\">La belleza es el Esplendor de la verdad.<\/p>\n<p style=\"text-align: center;\">&#8211; Plat\u00f3n &#8211;<\/p>\n<\/blockquote>\n<p>El Esplendor de un amanecer es uno de los m\u00e1s bellos fen\u00f3menos. Hemos creado Esplendor para expresar la belleza, la alegr\u00eda y la feminidad. Un perfecto regalo para sorprender en sus momentos m\u00e1s especiales. Nuestro ramo de flores de Lilium mixto con las mejores flores seleccionadas por nuestros expertos floristas. Esplendor est\u00e1 compuesto por:<\/p>\n<p>17 Tallos de Lilium Mixto: Blanco y rosa<\/p>\n<p>&nbsp;<\/p>\n<p>Tenemos una gran variedad de ramos de flores preciosos a buen precio. Con\u00f3celos <a href=\"https:\/\/bellarosa.es\/comprar\/flores-varias\/\">aqu\u00ed<\/a><\/p>\n","protected":false},"featured_media":8405,"comment_status":"open","ping_status":"closed","template":"","meta":[],"product_brand":[],"product_cat":[133,1149,144,1014,159,1147,1018,1100],"product_tag":[],"class_list":{"0":"post-3277","1":"product","2":"type-product","3":"status-publish","4":"has-post-thumbnail","6":"product_cat-amor","7":"product_cat-dia-de-la-madre","8":"product_cat-flores-varias","9":"product_cat-lo-mas-vendido","10":"product_cat-mothers-day","11":"product_cat-precios-irresistibles","12":"product_cat-ramo-de-flores","13":"product_cat-8-marzo-dia-de-la-mujer","15":"first","16":"instock","17":"sale","18":"shipping-taxable","19":"purchasable","20":"product-type-simple","21":"layout-style-1","22":"col-md-4 col-sm-4 col-xs-6","23":"col-lg-4","24":"product-style-default"},"yoast_head":"<!-- This site is optimized with the Yoast SEO plugin v27.5 - https:\/\/yoast.com\/product\/yoast-seo-wordpress\/ -->\n<title>Esplendor - Liliums mixto - Ramo de flores - Florister&iacute;a en San Pedro Alc&aacute;ntara<\/title>\n<meta name=\"robots\" content=\"noindex, follow\" \/>\n<meta property=\"og:locale\" content=\"en_US\" \/>\n<meta property=\"og:type\" content=\"article\" \/>\n<meta property=\"og:title\" content=\"Esplendor - Liliums mixto - Ramo de flores - Florister&iacute;a en San Pedro Alc&aacute;ntara\" \/>\n<meta property=\"og:description\" content=\"La belleza es el Esplendor de la verdad. - Plat\u00f3n -  El Esplendor de un amanecer es uno de los m\u00e1s bellos fen\u00f3menos. Hemos creado Esplendor para expresar la belleza, la alegr\u00eda y la feminidad. Un perfecto regalo para sorprender en sus momentos m\u00e1s especiales. Nuestro ramo de flores de Lilium mixto con las mejores flores seleccionadas por nuestros expertos floristas. Esplendor est\u00e1 compuesto por:  17 Tallos de Lilium Mixto: Blanco y rosa  &nbsp;  Tenemos una gran variedad de ramos de flores preciosos a buen precio. Con\u00f3celos aqu\u00ed\" \/>\n<meta property=\"og:url\" content=\"https:\/\/bellarosa.es\/en\/esplendor-liliums-mixto\/\" \/>\n<meta property=\"og:site_name\" content=\"Florister&iacute;a en San Pedro Alc&aacute;ntara\" \/>\n<meta property=\"article:modified_time\" content=\"2026-04-10T11:05:26+00:00\" \/>\n<meta property=\"og:image\" content=\"https:\/\/bellarosa.es\/wp-content\/uploads\/2022\/01\/D3DD4039-FFDF-4EFE-A86F-A2582C594B47.png\" \/>\n\t<meta property=\"og:image:width\" content=\"1024\" \/>\n\t<meta property=\"og:image:height\" content=\"1536\" \/>\n\t<meta property=\"og:image:type\" content=\"image\/png\" \/>\n<meta name=\"twitter:card\" content=\"summary_large_image\" \/>\n<meta name=\"twitter:label1\" content=\"Est. reading time\" \/>\n\t<meta name=\"twitter:data1\" content=\"3 minutes\" \/>\n<script type=\"application\/ld+json\" class=\"yoast-schema-graph\">{\"@context\":\"https:\\\/\\\/schema.org\",\"@graph\":[{\"@type\":\"WebPage\",\"@id\":\"https:\\\/\\\/bellarosa.es\\\/en\\\/esplendor-liliums-mixto\\\/\",\"url\":\"https:\\\/\\\/bellarosa.es\\\/en\\\/esplendor-liliums-mixto\\\/\",\"name\":\"Esplendor - Liliums mixto - Ramo de flores - Florister&iacute;a en San Pedro Alc&aacute;ntara\",\"isPartOf\":{\"@id\":\"https:\\\/\\\/bellarosa.es\\\/en\\\/#website\"},\"primaryImageOfPage\":{\"@id\":\"https:\\\/\\\/bellarosa.es\\\/en\\\/esplendor-liliums-mixto\\\/#primaryimage\"},\"image\":{\"@id\":\"https:\\\/\\\/bellarosa.es\\\/en\\\/esplendor-liliums-mixto\\\/#primaryimage\"},\"thumbnailUrl\":\"https:\\\/\\\/bellarosa.es\\\/wp-content\\\/uploads\\\/2022\\\/01\\\/D3DD4039-FFDF-4EFE-A86F-A2582C594B47.png\",\"datePublished\":\"2022-01-02T18:36:30+00:00\",\"dateModified\":\"2026-04-10T11:05:26+00:00\",\"breadcrumb\":{\"@id\":\"https:\\\/\\\/bellarosa.es\\\/en\\\/esplendor-liliums-mixto\\\/#breadcrumb\"},\"inLanguage\":\"en-US\",\"potentialAction\":[{\"@type\":\"ReadAction\",\"target\":[\"https:\\\/\\\/bellarosa.es\\\/en\\\/esplendor-liliums-mixto\\\/\"]}]},{\"@type\":\"ImageObject\",\"inLanguage\":\"en-US\",\"@id\":\"https:\\\/\\\/bellarosa.es\\\/en\\\/esplendor-liliums-mixto\\\/#primaryimage\",\"url\":\"https:\\\/\\\/bellarosa.es\\\/wp-content\\\/uploads\\\/2022\\\/01\\\/D3DD4039-FFDF-4EFE-A86F-A2582C594B47.png\",\"contentUrl\":\"https:\\\/\\\/bellarosa.es\\\/wp-content\\\/uploads\\\/2022\\\/01\\\/D3DD4039-FFDF-4EFE-A86F-A2582C594B47.png\",\"width\":1024,\"height\":1536},{\"@type\":\"BreadcrumbList\",\"@id\":\"https:\\\/\\\/bellarosa.es\\\/en\\\/esplendor-liliums-mixto\\\/#breadcrumb\",\"itemListElement\":[{\"@type\":\"ListItem\",\"position\":1,\"name\":\"Inicio\",\"item\":\"https:\\\/\\\/bellarosa.es\\\/en\\\/\"},{\"@type\":\"ListItem\",\"position\":2,\"name\":\"Shop\",\"item\":\"https:\\\/\\\/bellarosa.es\\\/en\\\/shop\\\/\"},{\"@type\":\"ListItem\",\"position\":3,\"name\":\"Esplendor &#8211; Liliums mixto &#8211; Ramo de flores\"}]},{\"@type\":\"WebSite\",\"@id\":\"https:\\\/\\\/bellarosa.es\\\/en\\\/#website\",\"url\":\"https:\\\/\\\/bellarosa.es\\\/en\\\/\",\"name\":\"Florister&iacute;a en San Pedro Alc&aacute;ntara\",\"description\":\"\",\"publisher\":{\"@id\":\"https:\\\/\\\/bellarosa.es\\\/en\\\/#organization\"},\"potentialAction\":[{\"@type\":\"SearchAction\",\"target\":{\"@type\":\"EntryPoint\",\"urlTemplate\":\"https:\\\/\\\/bellarosa.es\\\/en\\\/?s={search_term_string}\"},\"query-input\":{\"@type\":\"PropertyValueSpecification\",\"valueRequired\":true,\"valueName\":\"search_term_string\"}}],\"inLanguage\":\"en-US\"},{\"@type\":\"Organization\",\"@id\":\"https:\\\/\\\/bellarosa.es\\\/en\\\/#organization\",\"name\":\"Floristeria Bella Rosa\",\"url\":\"https:\\\/\\\/bellarosa.es\\\/en\\\/\",\"logo\":{\"@type\":\"ImageObject\",\"inLanguage\":\"en-US\",\"@id\":\"https:\\\/\\\/bellarosa.es\\\/en\\\/#\\\/schema\\\/logo\\\/image\\\/\",\"url\":\"\",\"contentUrl\":\"\",\"caption\":\"Floristeria Bella Rosa\"},\"image\":{\"@id\":\"https:\\\/\\\/bellarosa.es\\\/en\\\/#\\\/schema\\\/logo\\\/image\\\/\"}}]}<\/script>\n<!-- \/ Yoast SEO plugin. -->","yoast_head_json":{"title":"Esplendor - Liliums mixto - Ramo de flores - Florister&iacute;a en San Pedro Alc&aacute;ntara","robots":{"index":"noindex","follow":"follow"},"og_locale":"en_US","og_type":"article","og_title":"Esplendor - Liliums mixto - Ramo de flores - Florister&iacute;a en San Pedro Alc&aacute;ntara","og_description":"La belleza es el Esplendor de la verdad. - Plat\u00f3n -  El Esplendor de un amanecer es uno de los m\u00e1s bellos fen\u00f3menos. Hemos creado Esplendor para expresar la belleza, la alegr\u00eda y la feminidad. Un perfecto regalo para sorprender en sus momentos m\u00e1s especiales. Nuestro ramo de flores de Lilium mixto con las mejores flores seleccionadas por nuestros expertos floristas. Esplendor est\u00e1 compuesto por:  17 Tallos de Lilium Mixto: Blanco y rosa  &nbsp;  Tenemos una gran variedad de ramos de flores preciosos a buen precio. Con\u00f3celos aqu\u00ed","og_url":"https:\/\/bellarosa.es\/en\/esplendor-liliums-mixto\/","og_site_name":"Florister&iacute;a en San Pedro Alc&aacute;ntara","article_modified_time":"2026-04-10T11:05:26+00:00","og_image":[{"width":1024,"height":1536,"url":"https:\/\/bellarosa.es\/wp-content\/uploads\/2022\/01\/D3DD4039-FFDF-4EFE-A86F-A2582C594B47.png","type":"image\/png"}],"twitter_card":"summary_large_image","twitter_misc":{"Est. reading time":"3 minutes"},"schema":{"@context":"https:\/\/schema.org","@graph":[{"@type":"WebPage","@id":"https:\/\/bellarosa.es\/en\/esplendor-liliums-mixto\/","url":"https:\/\/bellarosa.es\/en\/esplendor-liliums-mixto\/","name":"Esplendor - Liliums mixto - Ramo de flores - Florister&iacute;a en San Pedro Alc&aacute;ntara","isPartOf":{"@id":"https:\/\/bellarosa.es\/en\/#website"},"primaryImageOfPage":{"@id":"https:\/\/bellarosa.es\/en\/esplendor-liliums-mixto\/#primaryimage"},"image":{"@id":"https:\/\/bellarosa.es\/en\/esplendor-liliums-mixto\/#primaryimage"},"thumbnailUrl":"https:\/\/bellarosa.es\/wp-content\/uploads\/2022\/01\/D3DD4039-FFDF-4EFE-A86F-A2582C594B47.png","datePublished":"2022-01-02T18:36:30+00:00","dateModified":"2026-04-10T11:05:26+00:00","breadcrumb":{"@id":"https:\/\/bellarosa.es\/en\/esplendor-liliums-mixto\/#breadcrumb"},"inLanguage":"en-US","potentialAction":[{"@type":"ReadAction","target":["https:\/\/bellarosa.es\/en\/esplendor-liliums-mixto\/"]}]},{"@type":"ImageObject","inLanguage":"en-US","@id":"https:\/\/bellarosa.es\/en\/esplendor-liliums-mixto\/#primaryimage","url":"https:\/\/bellarosa.es\/wp-content\/uploads\/2022\/01\/D3DD4039-FFDF-4EFE-A86F-A2582C594B47.png","contentUrl":"https:\/\/bellarosa.es\/wp-content\/uploads\/2022\/01\/D3DD4039-FFDF-4EFE-A86F-A2582C594B47.png","width":1024,"height":1536},{"@type":"BreadcrumbList","@id":"https:\/\/bellarosa.es\/en\/esplendor-liliums-mixto\/#breadcrumb","itemListElement":[{"@type":"ListItem","position":1,"name":"Inicio","item":"https:\/\/bellarosa.es\/en\/"},{"@type":"ListItem","position":2,"name":"Shop","item":"https:\/\/bellarosa.es\/en\/shop\/"},{"@type":"ListItem","position":3,"name":"Esplendor &#8211; Liliums mixto &#8211; Ramo de flores"}]},{"@type":"WebSite","@id":"https:\/\/bellarosa.es\/en\/#website","url":"https:\/\/bellarosa.es\/en\/","name":"Florister&iacute;a en San Pedro Alc&aacute;ntara","description":"","publisher":{"@id":"https:\/\/bellarosa.es\/en\/#organization"},"potentialAction":[{"@type":"SearchAction","target":{"@type":"EntryPoint","urlTemplate":"https:\/\/bellarosa.es\/en\/?s={search_term_string}"},"query-input":{"@type":"PropertyValueSpecification","valueRequired":true,"valueName":"search_term_string"}}],"inLanguage":"en-US"},{"@type":"Organization","@id":"https:\/\/bellarosa.es\/en\/#organization","name":"Floristeria Bella Rosa","url":"https:\/\/bellarosa.es\/en\/","logo":{"@type":"ImageObject","inLanguage":"en-US","@id":"https:\/\/bellarosa.es\/en\/#\/schema\/logo\/image\/","url":"","contentUrl":"","caption":"Floristeria Bella Rosa"},"image":{"@id":"https:\/\/bellarosa.es\/en\/#\/schema\/logo\/image\/"}}]}},"_links":{"self":[{"href":"https:\/\/bellarosa.es\/en\/wp-json\/wp\/v2\/product\/3277","targetHints":{"allow":["GET"]}}],"collection":[{"href":"https:\/\/bellarosa.es\/en\/wp-json\/wp\/v2\/product"}],"about":[{"href":"https:\/\/bellarosa.es\/en\/wp-json\/wp\/v2\/types\/product"}],"replies":[{"embeddable":true,"href":"https:\/\/bellarosa.es\/en\/wp-json\/wp\/v2\/comments?post=3277"}],"wp:featuredmedia":[{"embeddable":true,"href":"https:\/\/bellarosa.es\/en\/wp-json\/wp\/v2\/media\/8405"}],"wp:attachment":[{"href":"https:\/\/bellarosa.es\/en\/wp-json\/wp\/v2\/media?parent=3277"}],"wp:term":[{"taxonomy":"product_brand","embeddable":true,"href":"https:\/\/bellarosa.es\/en\/wp-json\/wp\/v2\/product_brand?post=3277"},{"taxonomy":"product_cat","embeddable":true,"href":"https:\/\/bellarosa.es\/en\/wp-json\/wp\/v2\/product_cat?post=3277"},{"taxonomy":"product_tag","embeddable":true,"href":"https:\/\/bellarosa.es\/en\/wp-json\/wp\/v2\/product_tag?post=3277"}],"curies":[{"name":"wp","href":"https:\/\/api.w.org\/{rel}","templated":true}]}}