{"id":3254,"date":"2021-12-15T18:48:29","date_gmt":"2021-12-15T18:48:29","guid":{"rendered":"https:\/\/bellarosa.es\/?post_type=product&#038;p=3254"},"modified":"2026-01-21T15:21:23","modified_gmt":"2026-01-21T15:21:23","slug":"cielo-azul-hortensias-lisianthus-delphinium","status":"publish","type":"product","link":"https:\/\/bellarosa.es\/en\/cielo-azul-hortensias-lisianthus-delphinium\/","title":{"rendered":"Cielo Azul &#8211; Hortensias- Lisianthus- Delphinium"},"content":{"rendered":"<h2><strong>Flores inspiradas en un inmenso Cielo Azul<\/strong><\/h2>\n<p>Los grandes momentos est\u00e1n llenos de peque\u00f1os detalles que los hacen especiales. Un cielo despejado, un bello d\u00eda con un inmenso sol brillante. Nos hemos inspirado en esos preciosos d\u00edas de primavera o verano para crear <strong>Cielo Azul<\/strong>, un <strong>ramo de flores<\/strong> que destaca por su combinaci\u00f3n de flores en tonos <strong>celestes y blancos<\/strong> creando una belleza \u00fanica para quienes buscan algo diferente pero encantados. \u00bfQuiere regalar algo diferente?<\/p>\n<h3>Una preciosa combinaci\u00f3n de flores blancas y celestes<\/h3>\n<p>Este ramo ha sido creado con una serie de flores que combinadas entre s\u00ed consiguen una preciosa armon\u00eda visual. Para crear un bonito equilibrio de colores, hemos seleccionado dos flores en tonos blancos: los lisianthus y las rosas; as\u00ed como dos flores en color celeste, las hortensias y delphinium. \u00bfQuieres conocer su significado? Sigue leyendo.<\/p>\n<p>Las <strong>rosas blancas<\/strong> son el s\u00edmbolo de la <strong>pureza e inocenci<\/strong>a. Es por ello que en muchas ocasiones es la flor elegida para las bodas. Si se regala una rosa blanca a su pareja, est\u00e1 expresando una uni\u00f3n sincera y eterna entre ambos. La belleza de la rosa reside en sus preciosos p\u00e9talos, as\u00ed como en su inconfundible aroma. Una flor que cautiva a todos.<\/p>\n<p>Los<strong> lisianthus blancos<\/strong> hacen referencia a la <strong>sinceridad<\/strong> y el <strong>compromiso<\/strong>. Regalar <strong>Lisianthus<\/strong> es sin\u00f3nimo de querer comprometerse a largo plazo, por lo que es id\u00f3nea para las parejas. Es muy habitual encontrarla en centros de mesa en eventos importantes, ya que su elegancia no puede faltar en un bonito ramo.<\/p>\n<p>Las <strong>hortensias<\/strong> han arrastrado connotaciones negativas durante mucho tiempo, pero nada que ver. Las <strong>hortensias<\/strong>, en concreto las<strong> azules<\/strong>, son flores relacionadas con la <strong>confianza<\/strong> y el<strong> afecto<\/strong>. Tambi\u00e9n se les atribuye la<strong> abundancia<\/strong>, sobre todo cuando se regalan grandes cantidades.<\/p>\n<p>Los <strong>Delphinium azules<\/strong> son flores de tallo alargado con numerosas flores que hacen referencia a lo <strong>m\u00e1gico y m\u00edstico<\/strong> debido a su curiosa historia: estas flores serv\u00edan como medicina o como veneno seg\u00fan la forma en que se consumieran, por lo que se dec\u00eda que daba y quitaba la vida por igual. Hoy d\u00eda tambi\u00e9n se la relaciona con la <strong>diversi\u00f3n<\/strong>, ya que es la flor natal de julio, mes de verano que asociamos con vacaciones.<\/p>\n<h3>\u00bfCu\u00e1ndo regalar Cielo Azul?<\/h3>\n<p>Este ramo ha sido creado para regalar a su pareja, ser querido o amistad m\u00e1s profunda. Debido a su inspiraci\u00f3n basada en el amor sincero, la diversi\u00f3n y la confianza, son diversas ocasiones las que pueden ir acompa\u00f1adas de <strong>Cielo Azul<\/strong>. Desde un <strong>aniversario de novios<\/strong>, para una <strong>graduaci\u00f3n<\/strong>, para un <strong>cumplea\u00f1os<\/strong>&#8230; \u00a1No existen limitaciones! Recuerde que con este ramo, usted est\u00e1 expresando un profundo afecto, seguro que la persona a la que le regale se sentir\u00e1 muy afortunada y feliz.<\/p>\n<h3>Flores a domicilio en la Costa del Sol<\/h3>\n<p>Recuerda que somos tu florister\u00eda de confianza en la <strong>Costa del Sol<\/strong>. Hacemos repartos desde <strong>Estepona<\/strong> hasta <strong>San Pedro<\/strong> o <strong>Marbella<\/strong>. Si deseas enviar <strong>flores a domicilio<\/strong> puedes contar con nuestra experiencia para que tus ramos lleguen en las mejores condiciones. Sorprende a tu persona favorita. Tambi\u00e9n puedes hacer uso de nuestro servicio de <strong>tienda online<\/strong>.<\/p>\n<p>&nbsp;<\/p>\n<p>Recuerda que puedes encontrarnos en <a href=\"https:\/\/www.facebook.com\/bellarosa.es\/\">Facebook<\/a> e <a href=\"https:\/\/www.instagram.com\/bellarosa_marbella\/\">Instagram<\/a>. \u00a1Te esperamos!<\/p>\n","protected":false},"excerpt":{"rendered":"<blockquote>\n<p style=\"text-align: center;\">Detr\u00e1s de las nubes, el cielo es siempre azul<\/p>\n<\/blockquote>\n<p>Este <strong>ramo de flores<\/strong> es una aut\u00e9ntica delicia. Una belleza en tonos blancos y celestes inspirados en la belleza de un cielo despejado a plena luz del d\u00eda. Obsequie con la elegancia de las flores con un regalo que jam\u00e1s olvidar\u00e1. <strong>Cielo azul <\/strong>est\u00e1 compuesto por:<\/p>\n<p>3 Hortensias azules<\/p>\n<p>5 Lisianthus blancos<\/p>\n<p>6 Delphinium celestes<\/p>\n<p>4 Rosas blancas<\/p>\n<p>&nbsp;<\/p>\n<p>Conoce todas nuestras sugerencias para regalar a tu pareja <a href=\"https:\/\/bellarosa.es\/comprar\/san-valentin\/\">aqu\u00ed<\/a><\/p>\n","protected":false},"featured_media":8521,"comment_status":"open","ping_status":"closed","template":"","meta":[],"product_brand":[],"product_cat":[144,1018],"product_tag":[],"class_list":{"0":"post-3254","1":"product","2":"type-product","3":"status-publish","4":"has-post-thumbnail","6":"product_cat-flores-varias","7":"product_cat-ramo-de-flores","9":"first","10":"onbackorder","11":"shipping-taxable","12":"purchasable","13":"product-type-simple","14":"layout-style-1","15":"col-md-4 col-sm-4 col-xs-6","16":"col-lg-4","17":"product-style-default"},"yoast_head":"<!-- This site is optimized with the Yoast SEO plugin v27.5 - https:\/\/yoast.com\/product\/yoast-seo-wordpress\/ -->\n<title>Cielo Azul - Hortensias- Lisianthus- Delphinium - Florister&iacute;a en San Pedro Alc&aacute;ntara<\/title>\n<meta name=\"robots\" content=\"noindex, follow\" \/>\n<meta property=\"og:locale\" content=\"en_US\" \/>\n<meta property=\"og:type\" content=\"article\" \/>\n<meta property=\"og:title\" content=\"Cielo Azul - Hortensias- Lisianthus- Delphinium - Florister&iacute;a en San Pedro Alc&aacute;ntara\" \/>\n<meta property=\"og:description\" content=\"Detr\u00e1s de las nubes, el cielo es siempre azul  Este ramo de flores es una aut\u00e9ntica delicia. Una belleza en tonos blancos y celestes inspirados en la belleza de un cielo despejado a plena luz del d\u00eda. Obsequie con la elegancia de las flores con un regalo que jam\u00e1s olvidar\u00e1. Cielo azul est\u00e1 compuesto por:  3 Hortensias azules  5 Lisianthus blancos  6 Delphinium celestes  4 Rosas blancas  &nbsp;  Conoce todas nuestras sugerencias para regalar a tu pareja aqu\u00ed\" \/>\n<meta property=\"og:url\" content=\"https:\/\/bellarosa.es\/en\/cielo-azul-hortensias-lisianthus-delphinium\/\" \/>\n<meta property=\"og:site_name\" content=\"Florister&iacute;a en San Pedro Alc&aacute;ntara\" \/>\n<meta property=\"article:modified_time\" content=\"2026-01-21T15:21:23+00:00\" \/>\n<meta property=\"og:image\" content=\"https:\/\/bellarosa.es\/wp-content\/uploads\/2021\/12\/6F45EF7F-751A-45AA-A311-7868DB79017C.png\" \/>\n\t<meta property=\"og:image:width\" content=\"1024\" \/>\n\t<meta property=\"og:image:height\" content=\"1536\" \/>\n\t<meta property=\"og:image:type\" content=\"image\/png\" \/>\n<meta name=\"twitter:card\" content=\"summary_large_image\" \/>\n<meta name=\"twitter:label1\" content=\"Est. reading time\" \/>\n\t<meta name=\"twitter:data1\" content=\"3 minutes\" \/>\n<script type=\"application\/ld+json\" class=\"yoast-schema-graph\">{\"@context\":\"https:\\\/\\\/schema.org\",\"@graph\":[{\"@type\":\"WebPage\",\"@id\":\"https:\\\/\\\/bellarosa.es\\\/en\\\/cielo-azul-hortensias-lisianthus-delphinium\\\/\",\"url\":\"https:\\\/\\\/bellarosa.es\\\/en\\\/cielo-azul-hortensias-lisianthus-delphinium\\\/\",\"name\":\"Cielo Azul - Hortensias- Lisianthus- Delphinium - Florister&iacute;a en San Pedro Alc&aacute;ntara\",\"isPartOf\":{\"@id\":\"https:\\\/\\\/bellarosa.es\\\/en\\\/#website\"},\"primaryImageOfPage\":{\"@id\":\"https:\\\/\\\/bellarosa.es\\\/en\\\/cielo-azul-hortensias-lisianthus-delphinium\\\/#primaryimage\"},\"image\":{\"@id\":\"https:\\\/\\\/bellarosa.es\\\/en\\\/cielo-azul-hortensias-lisianthus-delphinium\\\/#primaryimage\"},\"thumbnailUrl\":\"https:\\\/\\\/bellarosa.es\\\/wp-content\\\/uploads\\\/2021\\\/12\\\/6F45EF7F-751A-45AA-A311-7868DB79017C.png\",\"datePublished\":\"2021-12-15T18:48:29+00:00\",\"dateModified\":\"2026-01-21T15:21:23+00:00\",\"breadcrumb\":{\"@id\":\"https:\\\/\\\/bellarosa.es\\\/en\\\/cielo-azul-hortensias-lisianthus-delphinium\\\/#breadcrumb\"},\"inLanguage\":\"en-US\",\"potentialAction\":[{\"@type\":\"ReadAction\",\"target\":[\"https:\\\/\\\/bellarosa.es\\\/en\\\/cielo-azul-hortensias-lisianthus-delphinium\\\/\"]}]},{\"@type\":\"ImageObject\",\"inLanguage\":\"en-US\",\"@id\":\"https:\\\/\\\/bellarosa.es\\\/en\\\/cielo-azul-hortensias-lisianthus-delphinium\\\/#primaryimage\",\"url\":\"https:\\\/\\\/bellarosa.es\\\/wp-content\\\/uploads\\\/2021\\\/12\\\/6F45EF7F-751A-45AA-A311-7868DB79017C.png\",\"contentUrl\":\"https:\\\/\\\/bellarosa.es\\\/wp-content\\\/uploads\\\/2021\\\/12\\\/6F45EF7F-751A-45AA-A311-7868DB79017C.png\",\"width\":1024,\"height\":1536},{\"@type\":\"BreadcrumbList\",\"@id\":\"https:\\\/\\\/bellarosa.es\\\/en\\\/cielo-azul-hortensias-lisianthus-delphinium\\\/#breadcrumb\",\"itemListElement\":[{\"@type\":\"ListItem\",\"position\":1,\"name\":\"Inicio\",\"item\":\"https:\\\/\\\/bellarosa.es\\\/en\\\/\"},{\"@type\":\"ListItem\",\"position\":2,\"name\":\"Shop\",\"item\":\"https:\\\/\\\/bellarosa.es\\\/en\\\/shop\\\/\"},{\"@type\":\"ListItem\",\"position\":3,\"name\":\"Cielo Azul &#8211; Hortensias- Lisianthus- Delphinium\"}]},{\"@type\":\"WebSite\",\"@id\":\"https:\\\/\\\/bellarosa.es\\\/en\\\/#website\",\"url\":\"https:\\\/\\\/bellarosa.es\\\/en\\\/\",\"name\":\"Florister&iacute;a en San Pedro Alc&aacute;ntara\",\"description\":\"\",\"publisher\":{\"@id\":\"https:\\\/\\\/bellarosa.es\\\/en\\\/#organization\"},\"potentialAction\":[{\"@type\":\"SearchAction\",\"target\":{\"@type\":\"EntryPoint\",\"urlTemplate\":\"https:\\\/\\\/bellarosa.es\\\/en\\\/?s={search_term_string}\"},\"query-input\":{\"@type\":\"PropertyValueSpecification\",\"valueRequired\":true,\"valueName\":\"search_term_string\"}}],\"inLanguage\":\"en-US\"},{\"@type\":\"Organization\",\"@id\":\"https:\\\/\\\/bellarosa.es\\\/en\\\/#organization\",\"name\":\"Floristeria Bella Rosa\",\"url\":\"https:\\\/\\\/bellarosa.es\\\/en\\\/\",\"logo\":{\"@type\":\"ImageObject\",\"inLanguage\":\"en-US\",\"@id\":\"https:\\\/\\\/bellarosa.es\\\/en\\\/#\\\/schema\\\/logo\\\/image\\\/\",\"url\":\"\",\"contentUrl\":\"\",\"caption\":\"Floristeria Bella Rosa\"},\"image\":{\"@id\":\"https:\\\/\\\/bellarosa.es\\\/en\\\/#\\\/schema\\\/logo\\\/image\\\/\"}}]}<\/script>\n<!-- \/ Yoast SEO plugin. -->","yoast_head_json":{"title":"Cielo Azul - Hortensias- Lisianthus- Delphinium - Florister&iacute;a en San Pedro Alc&aacute;ntara","robots":{"index":"noindex","follow":"follow"},"og_locale":"en_US","og_type":"article","og_title":"Cielo Azul - Hortensias- Lisianthus- Delphinium - Florister&iacute;a en San Pedro Alc&aacute;ntara","og_description":"Detr\u00e1s de las nubes, el cielo es siempre azul  Este ramo de flores es una aut\u00e9ntica delicia. Una belleza en tonos blancos y celestes inspirados en la belleza de un cielo despejado a plena luz del d\u00eda. Obsequie con la elegancia de las flores con un regalo que jam\u00e1s olvidar\u00e1. Cielo azul est\u00e1 compuesto por:  3 Hortensias azules  5 Lisianthus blancos  6 Delphinium celestes  4 Rosas blancas  &nbsp;  Conoce todas nuestras sugerencias para regalar a tu pareja aqu\u00ed","og_url":"https:\/\/bellarosa.es\/en\/cielo-azul-hortensias-lisianthus-delphinium\/","og_site_name":"Florister&iacute;a en San Pedro Alc&aacute;ntara","article_modified_time":"2026-01-21T15:21:23+00:00","og_image":[{"width":1024,"height":1536,"url":"https:\/\/bellarosa.es\/wp-content\/uploads\/2021\/12\/6F45EF7F-751A-45AA-A311-7868DB79017C.png","type":"image\/png"}],"twitter_card":"summary_large_image","twitter_misc":{"Est. reading time":"3 minutes"},"schema":{"@context":"https:\/\/schema.org","@graph":[{"@type":"WebPage","@id":"https:\/\/bellarosa.es\/en\/cielo-azul-hortensias-lisianthus-delphinium\/","url":"https:\/\/bellarosa.es\/en\/cielo-azul-hortensias-lisianthus-delphinium\/","name":"Cielo Azul - Hortensias- Lisianthus- Delphinium - Florister&iacute;a en San Pedro Alc&aacute;ntara","isPartOf":{"@id":"https:\/\/bellarosa.es\/en\/#website"},"primaryImageOfPage":{"@id":"https:\/\/bellarosa.es\/en\/cielo-azul-hortensias-lisianthus-delphinium\/#primaryimage"},"image":{"@id":"https:\/\/bellarosa.es\/en\/cielo-azul-hortensias-lisianthus-delphinium\/#primaryimage"},"thumbnailUrl":"https:\/\/bellarosa.es\/wp-content\/uploads\/2021\/12\/6F45EF7F-751A-45AA-A311-7868DB79017C.png","datePublished":"2021-12-15T18:48:29+00:00","dateModified":"2026-01-21T15:21:23+00:00","breadcrumb":{"@id":"https:\/\/bellarosa.es\/en\/cielo-azul-hortensias-lisianthus-delphinium\/#breadcrumb"},"inLanguage":"en-US","potentialAction":[{"@type":"ReadAction","target":["https:\/\/bellarosa.es\/en\/cielo-azul-hortensias-lisianthus-delphinium\/"]}]},{"@type":"ImageObject","inLanguage":"en-US","@id":"https:\/\/bellarosa.es\/en\/cielo-azul-hortensias-lisianthus-delphinium\/#primaryimage","url":"https:\/\/bellarosa.es\/wp-content\/uploads\/2021\/12\/6F45EF7F-751A-45AA-A311-7868DB79017C.png","contentUrl":"https:\/\/bellarosa.es\/wp-content\/uploads\/2021\/12\/6F45EF7F-751A-45AA-A311-7868DB79017C.png","width":1024,"height":1536},{"@type":"BreadcrumbList","@id":"https:\/\/bellarosa.es\/en\/cielo-azul-hortensias-lisianthus-delphinium\/#breadcrumb","itemListElement":[{"@type":"ListItem","position":1,"name":"Inicio","item":"https:\/\/bellarosa.es\/en\/"},{"@type":"ListItem","position":2,"name":"Shop","item":"https:\/\/bellarosa.es\/en\/shop\/"},{"@type":"ListItem","position":3,"name":"Cielo Azul &#8211; Hortensias- Lisianthus- Delphinium"}]},{"@type":"WebSite","@id":"https:\/\/bellarosa.es\/en\/#website","url":"https:\/\/bellarosa.es\/en\/","name":"Florister&iacute;a en San Pedro Alc&aacute;ntara","description":"","publisher":{"@id":"https:\/\/bellarosa.es\/en\/#organization"},"potentialAction":[{"@type":"SearchAction","target":{"@type":"EntryPoint","urlTemplate":"https:\/\/bellarosa.es\/en\/?s={search_term_string}"},"query-input":{"@type":"PropertyValueSpecification","valueRequired":true,"valueName":"search_term_string"}}],"inLanguage":"en-US"},{"@type":"Organization","@id":"https:\/\/bellarosa.es\/en\/#organization","name":"Floristeria Bella Rosa","url":"https:\/\/bellarosa.es\/en\/","logo":{"@type":"ImageObject","inLanguage":"en-US","@id":"https:\/\/bellarosa.es\/en\/#\/schema\/logo\/image\/","url":"","contentUrl":"","caption":"Floristeria Bella Rosa"},"image":{"@id":"https:\/\/bellarosa.es\/en\/#\/schema\/logo\/image\/"}}]}},"_links":{"self":[{"href":"https:\/\/bellarosa.es\/en\/wp-json\/wp\/v2\/product\/3254","targetHints":{"allow":["GET"]}}],"collection":[{"href":"https:\/\/bellarosa.es\/en\/wp-json\/wp\/v2\/product"}],"about":[{"href":"https:\/\/bellarosa.es\/en\/wp-json\/wp\/v2\/types\/product"}],"replies":[{"embeddable":true,"href":"https:\/\/bellarosa.es\/en\/wp-json\/wp\/v2\/comments?post=3254"}],"wp:featuredmedia":[{"embeddable":true,"href":"https:\/\/bellarosa.es\/en\/wp-json\/wp\/v2\/media\/8521"}],"wp:attachment":[{"href":"https:\/\/bellarosa.es\/en\/wp-json\/wp\/v2\/media?parent=3254"}],"wp:term":[{"taxonomy":"product_brand","embeddable":true,"href":"https:\/\/bellarosa.es\/en\/wp-json\/wp\/v2\/product_brand?post=3254"},{"taxonomy":"product_cat","embeddable":true,"href":"https:\/\/bellarosa.es\/en\/wp-json\/wp\/v2\/product_cat?post=3254"},{"taxonomy":"product_tag","embeddable":true,"href":"https:\/\/bellarosa.es\/en\/wp-json\/wp\/v2\/product_tag?post=3254"}],"curies":[{"name":"wp","href":"https:\/\/api.w.org\/{rel}","templated":true}]}}