{"id":3249,"date":"2021-12-15T18:35:15","date_gmt":"2021-12-15T18:35:15","guid":{"rendered":"https:\/\/bellarosa.es\/?post_type=product&#038;p=3249"},"modified":"2026-02-24T10:48:36","modified_gmt":"2026-02-24T10:48:36","slug":"sublime-60-rosas-rojas-flor-cera-rosa","status":"publish","type":"product","link":"https:\/\/bellarosa.es\/en\/sublime-60-rosas-rojas-flor-cera-rosa\/","title":{"rendered":"Sublime &#8211; 60 Rosas Rojas &#8211; Flor Cera Rosa"},"content":{"rendered":"<h2><strong>Un regalo Sublime y espectacular<\/strong><\/h2>\n<p>Una forma verdaderamente rom\u00e1ntica de expresar su amor. Un regalo que su persona favorita no olvidar\u00e1 jam\u00e1s. Sorpr\u00e9ndale con <strong>60 rosas rojas<\/strong>, todas y cada una de ellas elegidas por nuestro personal experto. Recuerde tener flores en su<strong> d\u00eda especial<\/strong>, su belleza y aroma servir\u00e1n para conseguir un ambiente s\u00faper rom\u00e1ntico y especial.<\/p>\n<h3>El amor expresado con Rosas Rojas<\/h3>\n<p>Las rosas son flores de gran belleza, reconocidas en todo el mundo. Las podemos encontrar de diversos colores, en concreto la <strong>rosa roja<\/strong> es la m\u00e1s famosa de todas. Ha aparecido en cientos de novelas rom\u00e1nticas, pel\u00edculas, poemas&#8230; y es que la<strong> rosa roja<\/strong> es, por excelencia, la flor del <strong>amor rom\u00e1ntico.<\/strong> Regalar una rosa es s\u00edmbolo de expresar un amor profundo y sincero. Quien recibe una rosa puede sentirse afortunado, \u00bfimaginas recibir <strong>60 rosas rojas<\/strong>?<\/p>\n<h3>\u00bfCu\u00e1ndo regalar Sublime?<\/h3>\n<p>Para sorprender a su persona amada en una fecha se\u00f1alada y especial para vosotros. Sublime es un regalo exquisito para dejar con la boca abierta a su enamorado o enamorada. <strong>60 rosas rojas<\/strong> para expresar el amor verdadero. Recomendamos regalar este arreglo floral para un <strong>60 cumplea\u00f1os<\/strong>, debido a su contenido de <strong>60 rosas rojas<\/strong>. Tambi\u00e9n puede regalar para un <strong>aniversario<\/strong> o una fecha especial.<\/p>\n<h3>Flores a domicilio en la Costa del Sol<\/h3>\n<p>Recuerda que somos tu florister\u00eda de confianza en la <strong>Costa del Sol<\/strong>. Hacemos repartos desde <strong>Estepona<\/strong> hasta <strong>San Pedro<\/strong> o <strong>Marbella<\/strong>. Si deseas enviar <strong>flores a domicilio<\/strong> puedes contar con nuestra experiencia para que tus ramos lleguen en las mejores condiciones. Sorprende a tu persona favorita. Tambi\u00e9n puedes hacer uso de nuestro servicio de <strong>tienda online<\/strong>.<\/p>\n<p>&nbsp;<\/p>\n<p>Recuerda que puedes encontrarnos en <a href=\"https:\/\/www.facebook.com\/bellarosa.es\/\">Facebook<\/a> e <a href=\"https:\/\/www.instagram.com\/bellarosa_marbella\/\">Instagram<\/a>. \u00a1Te esperamos!<\/p>\n","protected":false},"excerpt":{"rendered":"<blockquote>\n<p style=\"text-align: center;\">Mi beso tiene el h\u00e1lito de las rosas rojas, p\u00e9talo que se derrite en la boca.<\/p>\n<p>&#8211; Sergej Esenin &#8211;<\/p><\/blockquote>\n<p>Las rosas envuelven un sentimiento de amor profundo. <strong>Sublime <\/strong>est\u00e1 compuesto por:<\/p>\n<p>60 rosas rojas<\/p>\n<p>flor cera rosa<\/p>\n<p>&nbsp;<\/p>\n<p>Conoce todas nuestras sugerencias para regalar en San Valent\u00edn <a href=\"https:\/\/bellarosa.es\/comprar\/san-valentin\/\">aqu\u00ed<\/a><\/p>\n","protected":false},"featured_media":8368,"comment_status":"open","ping_status":"closed","template":"","meta":[],"product_brand":[],"product_cat":[133,1017,1015,15],"product_tag":[],"class_list":{"0":"post-3249","1":"product","2":"type-product","3":"status-publish","4":"has-post-thumbnail","6":"product_cat-amor","7":"product_cat-ramo-rosas-rojas","8":"product_cat-rosa-roja","9":"product_cat-san-valentin","11":"first","12":"instock","13":"shipping-taxable","14":"purchasable","15":"product-type-simple","16":"layout-style-1","17":"col-md-4 col-sm-4 col-xs-6","18":"col-lg-4","19":"product-style-default"},"yoast_head":"<!-- This site is optimized with the Yoast SEO plugin v27.4 - https:\/\/yoast.com\/product\/yoast-seo-wordpress\/ -->\n<title>Sublime - 60 Rosas Rojas - Flor Cera Rosa - Florister&iacute;a en San Pedro Alc&aacute;ntara<\/title>\n<meta name=\"robots\" content=\"noindex, follow\" \/>\n<meta property=\"og:locale\" content=\"en_US\" \/>\n<meta property=\"og:type\" content=\"article\" \/>\n<meta property=\"og:title\" content=\"Sublime - 60 Rosas Rojas - Flor Cera Rosa - Florister&iacute;a en San Pedro Alc&aacute;ntara\" \/>\n<meta property=\"og:description\" content=\"Mi beso tiene el h\u00e1lito de las rosas rojas, p\u00e9talo que se derrite en la boca. - Sergej Esenin - Las rosas envuelven un sentimiento de amor profundo. Sublime est\u00e1 compuesto por:  60 rosas rojas  flor cera rosa  &nbsp;  Conoce todas nuestras sugerencias para regalar en San Valent\u00edn aqu\u00ed\" \/>\n<meta property=\"og:url\" content=\"https:\/\/bellarosa.es\/en\/sublime-60-rosas-rojas-flor-cera-rosa\/\" \/>\n<meta property=\"og:site_name\" content=\"Florister&iacute;a en San Pedro Alc&aacute;ntara\" \/>\n<meta property=\"article:modified_time\" content=\"2026-02-24T10:48:36+00:00\" \/>\n<meta property=\"og:image\" content=\"https:\/\/bellarosa.es\/wp-content\/uploads\/2021\/12\/D04B4AFC-7AE0-4442-9E67-1B541E87593D.png\" \/>\n\t<meta property=\"og:image:width\" content=\"1024\" \/>\n\t<meta property=\"og:image:height\" content=\"1536\" \/>\n\t<meta property=\"og:image:type\" content=\"image\/png\" \/>\n<meta name=\"twitter:card\" content=\"summary_large_image\" \/>\n<meta name=\"twitter:label1\" content=\"Est. reading time\" \/>\n\t<meta name=\"twitter:data1\" content=\"2 minutes\" \/>\n<script type=\"application\/ld+json\" class=\"yoast-schema-graph\">{\"@context\":\"https:\\\/\\\/schema.org\",\"@graph\":[{\"@type\":\"WebPage\",\"@id\":\"https:\\\/\\\/bellarosa.es\\\/en\\\/sublime-60-rosas-rojas-flor-cera-rosa\\\/\",\"url\":\"https:\\\/\\\/bellarosa.es\\\/en\\\/sublime-60-rosas-rojas-flor-cera-rosa\\\/\",\"name\":\"Sublime - 60 Rosas Rojas - Flor Cera Rosa - Florister&iacute;a en San Pedro Alc&aacute;ntara\",\"isPartOf\":{\"@id\":\"https:\\\/\\\/bellarosa.es\\\/en\\\/#website\"},\"primaryImageOfPage\":{\"@id\":\"https:\\\/\\\/bellarosa.es\\\/en\\\/sublime-60-rosas-rojas-flor-cera-rosa\\\/#primaryimage\"},\"image\":{\"@id\":\"https:\\\/\\\/bellarosa.es\\\/en\\\/sublime-60-rosas-rojas-flor-cera-rosa\\\/#primaryimage\"},\"thumbnailUrl\":\"https:\\\/\\\/bellarosa.es\\\/wp-content\\\/uploads\\\/2021\\\/12\\\/D04B4AFC-7AE0-4442-9E67-1B541E87593D.png\",\"datePublished\":\"2021-12-15T18:35:15+00:00\",\"dateModified\":\"2026-02-24T10:48:36+00:00\",\"breadcrumb\":{\"@id\":\"https:\\\/\\\/bellarosa.es\\\/en\\\/sublime-60-rosas-rojas-flor-cera-rosa\\\/#breadcrumb\"},\"inLanguage\":\"en-US\",\"potentialAction\":[{\"@type\":\"ReadAction\",\"target\":[\"https:\\\/\\\/bellarosa.es\\\/en\\\/sublime-60-rosas-rojas-flor-cera-rosa\\\/\"]}]},{\"@type\":\"ImageObject\",\"inLanguage\":\"en-US\",\"@id\":\"https:\\\/\\\/bellarosa.es\\\/en\\\/sublime-60-rosas-rojas-flor-cera-rosa\\\/#primaryimage\",\"url\":\"https:\\\/\\\/bellarosa.es\\\/wp-content\\\/uploads\\\/2021\\\/12\\\/D04B4AFC-7AE0-4442-9E67-1B541E87593D.png\",\"contentUrl\":\"https:\\\/\\\/bellarosa.es\\\/wp-content\\\/uploads\\\/2021\\\/12\\\/D04B4AFC-7AE0-4442-9E67-1B541E87593D.png\",\"width\":1024,\"height\":1536},{\"@type\":\"BreadcrumbList\",\"@id\":\"https:\\\/\\\/bellarosa.es\\\/en\\\/sublime-60-rosas-rojas-flor-cera-rosa\\\/#breadcrumb\",\"itemListElement\":[{\"@type\":\"ListItem\",\"position\":1,\"name\":\"Inicio\",\"item\":\"https:\\\/\\\/bellarosa.es\\\/en\\\/\"},{\"@type\":\"ListItem\",\"position\":2,\"name\":\"Shop\",\"item\":\"https:\\\/\\\/bellarosa.es\\\/en\\\/shop\\\/\"},{\"@type\":\"ListItem\",\"position\":3,\"name\":\"Sublime &#8211; 60 Rosas Rojas &#8211; Flor Cera Rosa\"}]},{\"@type\":\"WebSite\",\"@id\":\"https:\\\/\\\/bellarosa.es\\\/en\\\/#website\",\"url\":\"https:\\\/\\\/bellarosa.es\\\/en\\\/\",\"name\":\"Florister&iacute;a en San Pedro Alc&aacute;ntara\",\"description\":\"\",\"publisher\":{\"@id\":\"https:\\\/\\\/bellarosa.es\\\/en\\\/#organization\"},\"potentialAction\":[{\"@type\":\"SearchAction\",\"target\":{\"@type\":\"EntryPoint\",\"urlTemplate\":\"https:\\\/\\\/bellarosa.es\\\/en\\\/?s={search_term_string}\"},\"query-input\":{\"@type\":\"PropertyValueSpecification\",\"valueRequired\":true,\"valueName\":\"search_term_string\"}}],\"inLanguage\":\"en-US\"},{\"@type\":\"Organization\",\"@id\":\"https:\\\/\\\/bellarosa.es\\\/en\\\/#organization\",\"name\":\"Floristeria Bella Rosa\",\"url\":\"https:\\\/\\\/bellarosa.es\\\/en\\\/\",\"logo\":{\"@type\":\"ImageObject\",\"inLanguage\":\"en-US\",\"@id\":\"https:\\\/\\\/bellarosa.es\\\/en\\\/#\\\/schema\\\/logo\\\/image\\\/\",\"url\":\"\",\"contentUrl\":\"\",\"caption\":\"Floristeria Bella Rosa\"},\"image\":{\"@id\":\"https:\\\/\\\/bellarosa.es\\\/en\\\/#\\\/schema\\\/logo\\\/image\\\/\"}}]}<\/script>\n<!-- \/ Yoast SEO plugin. -->","yoast_head_json":{"title":"Sublime - 60 Rosas Rojas - Flor Cera Rosa - Florister&iacute;a en San Pedro Alc&aacute;ntara","robots":{"index":"noindex","follow":"follow"},"og_locale":"en_US","og_type":"article","og_title":"Sublime - 60 Rosas Rojas - Flor Cera Rosa - Florister&iacute;a en San Pedro Alc&aacute;ntara","og_description":"Mi beso tiene el h\u00e1lito de las rosas rojas, p\u00e9talo que se derrite en la boca. - Sergej Esenin - Las rosas envuelven un sentimiento de amor profundo. Sublime est\u00e1 compuesto por:  60 rosas rojas  flor cera rosa  &nbsp;  Conoce todas nuestras sugerencias para regalar en San Valent\u00edn aqu\u00ed","og_url":"https:\/\/bellarosa.es\/en\/sublime-60-rosas-rojas-flor-cera-rosa\/","og_site_name":"Florister&iacute;a en San Pedro Alc&aacute;ntara","article_modified_time":"2026-02-24T10:48:36+00:00","og_image":[{"width":1024,"height":1536,"url":"https:\/\/bellarosa.es\/wp-content\/uploads\/2021\/12\/D04B4AFC-7AE0-4442-9E67-1B541E87593D.png","type":"image\/png"}],"twitter_card":"summary_large_image","twitter_misc":{"Est. reading time":"2 minutes"},"schema":{"@context":"https:\/\/schema.org","@graph":[{"@type":"WebPage","@id":"https:\/\/bellarosa.es\/en\/sublime-60-rosas-rojas-flor-cera-rosa\/","url":"https:\/\/bellarosa.es\/en\/sublime-60-rosas-rojas-flor-cera-rosa\/","name":"Sublime - 60 Rosas Rojas - Flor Cera Rosa - Florister&iacute;a en San Pedro Alc&aacute;ntara","isPartOf":{"@id":"https:\/\/bellarosa.es\/en\/#website"},"primaryImageOfPage":{"@id":"https:\/\/bellarosa.es\/en\/sublime-60-rosas-rojas-flor-cera-rosa\/#primaryimage"},"image":{"@id":"https:\/\/bellarosa.es\/en\/sublime-60-rosas-rojas-flor-cera-rosa\/#primaryimage"},"thumbnailUrl":"https:\/\/bellarosa.es\/wp-content\/uploads\/2021\/12\/D04B4AFC-7AE0-4442-9E67-1B541E87593D.png","datePublished":"2021-12-15T18:35:15+00:00","dateModified":"2026-02-24T10:48:36+00:00","breadcrumb":{"@id":"https:\/\/bellarosa.es\/en\/sublime-60-rosas-rojas-flor-cera-rosa\/#breadcrumb"},"inLanguage":"en-US","potentialAction":[{"@type":"ReadAction","target":["https:\/\/bellarosa.es\/en\/sublime-60-rosas-rojas-flor-cera-rosa\/"]}]},{"@type":"ImageObject","inLanguage":"en-US","@id":"https:\/\/bellarosa.es\/en\/sublime-60-rosas-rojas-flor-cera-rosa\/#primaryimage","url":"https:\/\/bellarosa.es\/wp-content\/uploads\/2021\/12\/D04B4AFC-7AE0-4442-9E67-1B541E87593D.png","contentUrl":"https:\/\/bellarosa.es\/wp-content\/uploads\/2021\/12\/D04B4AFC-7AE0-4442-9E67-1B541E87593D.png","width":1024,"height":1536},{"@type":"BreadcrumbList","@id":"https:\/\/bellarosa.es\/en\/sublime-60-rosas-rojas-flor-cera-rosa\/#breadcrumb","itemListElement":[{"@type":"ListItem","position":1,"name":"Inicio","item":"https:\/\/bellarosa.es\/en\/"},{"@type":"ListItem","position":2,"name":"Shop","item":"https:\/\/bellarosa.es\/en\/shop\/"},{"@type":"ListItem","position":3,"name":"Sublime &#8211; 60 Rosas Rojas &#8211; Flor Cera Rosa"}]},{"@type":"WebSite","@id":"https:\/\/bellarosa.es\/en\/#website","url":"https:\/\/bellarosa.es\/en\/","name":"Florister&iacute;a en San Pedro Alc&aacute;ntara","description":"","publisher":{"@id":"https:\/\/bellarosa.es\/en\/#organization"},"potentialAction":[{"@type":"SearchAction","target":{"@type":"EntryPoint","urlTemplate":"https:\/\/bellarosa.es\/en\/?s={search_term_string}"},"query-input":{"@type":"PropertyValueSpecification","valueRequired":true,"valueName":"search_term_string"}}],"inLanguage":"en-US"},{"@type":"Organization","@id":"https:\/\/bellarosa.es\/en\/#organization","name":"Floristeria Bella Rosa","url":"https:\/\/bellarosa.es\/en\/","logo":{"@type":"ImageObject","inLanguage":"en-US","@id":"https:\/\/bellarosa.es\/en\/#\/schema\/logo\/image\/","url":"","contentUrl":"","caption":"Floristeria Bella Rosa"},"image":{"@id":"https:\/\/bellarosa.es\/en\/#\/schema\/logo\/image\/"}}]}},"_links":{"self":[{"href":"https:\/\/bellarosa.es\/en\/wp-json\/wp\/v2\/product\/3249","targetHints":{"allow":["GET"]}}],"collection":[{"href":"https:\/\/bellarosa.es\/en\/wp-json\/wp\/v2\/product"}],"about":[{"href":"https:\/\/bellarosa.es\/en\/wp-json\/wp\/v2\/types\/product"}],"replies":[{"embeddable":true,"href":"https:\/\/bellarosa.es\/en\/wp-json\/wp\/v2\/comments?post=3249"}],"wp:featuredmedia":[{"embeddable":true,"href":"https:\/\/bellarosa.es\/en\/wp-json\/wp\/v2\/media\/8368"}],"wp:attachment":[{"href":"https:\/\/bellarosa.es\/en\/wp-json\/wp\/v2\/media?parent=3249"}],"wp:term":[{"taxonomy":"product_brand","embeddable":true,"href":"https:\/\/bellarosa.es\/en\/wp-json\/wp\/v2\/product_brand?post=3249"},{"taxonomy":"product_cat","embeddable":true,"href":"https:\/\/bellarosa.es\/en\/wp-json\/wp\/v2\/product_cat?post=3249"},{"taxonomy":"product_tag","embeddable":true,"href":"https:\/\/bellarosa.es\/en\/wp-json\/wp\/v2\/product_tag?post=3249"}],"curies":[{"name":"wp","href":"https:\/\/api.w.org\/{rel}","templated":true}]}}