{"id":3124,"date":"2021-11-11T10:55:39","date_gmt":"2021-11-11T10:55:39","guid":{"rendered":"https:\/\/bellarosa.es\/?post_type=product&#038;p=3124"},"modified":"2026-01-21T15:39:38","modified_gmt":"2026-01-21T15:39:38","slug":"ramo-de-flores-margaritas-blancas","status":"publish","type":"product","link":"https:\/\/bellarosa.es\/en\/ramo-de-flores-margaritas-blancas\/","title":{"rendered":"Daisy &#8211; Margaritas blancas &#8211; Ramo de flores"},"content":{"rendered":"<h2><strong>Un ramo de flores cl\u00e1sico con margaritas blancas<\/strong><\/h2>\n<p>Daisy es un ramo de flores para los convencionales, pero tambi\u00e9n para aquellos con gusto exquisito. Un ramo de flores que est\u00e1 siempre en tendencia y que nunca pasa de moda por su simpleza que es sin\u00f3nimo de belleza. Las margaritas son una flor perfecta tanto para regalar como para decorar, por lo que sea cual sea su prop\u00f3sito, Daisy ser\u00e1 una opci\u00f3n a considerar.<\/p>\n<h3>La margarita es una bella flor que no falla<\/h3>\n<p>La margarita es una flor conocida en cualquier rinc\u00f3n del mundo, incluso para aquellos que no son expertos en bot\u00e1nica, ya que es una flor muy reconocida y que ha aparecido representada en numerosos lugares. La margarita es una flor que se encuentra en diferentes colores, siendo la margarita blanca la m\u00e1s representativa. Esta flor evoca a la pureza, el amor inocente y la frescura. Es una flor que se cierra por la noche y se vuelve a abrir con la luz del sol. Una preciosa flor que gusta a todos.<\/p>\n<h3>\u00bfCu\u00e1ndo regalar este ramo de flores?<\/h3>\n<p>Debido a que la margarita blanca representa la pureza e inocencia, este tipo de flores se suelen regalar a los reci\u00e9n nacidos y sus madres. Al tratarse de un ramo compuesto \u00fanicamente por margaritas resultan un excelente a\u00f1adido a la decoraci\u00f3n de espacios minimalistas, dando un toque sofisticado.<\/p>\n<h3>Flores a domicilio en la Costa del Sol<\/h3>\n<p>Recuerda que somos tu florister\u00eda de confianza en la <strong>Costa del Sol<\/strong>. Hacemos repartos desde <strong>Estepona<\/strong> hasta <strong>San Pedro<\/strong> o <strong>Marbella<\/strong>. Si deseas enviar <strong>flores a domicilio<\/strong> puedes contar con nuestra experiencia para que tus ramos lleguen en las mejores condiciones. Sorprende a tu persona favorita. Tambi\u00e9n puedes hacer uso de nuestro servicio de <strong>tienda online<\/strong>.<\/p>\n<p>&nbsp;<\/p>\n<p>Recuerda que puedes encontrarnos en <a href=\"https:\/\/www.facebook.com\/bellarosa.es\/\">Facebook<\/a> e <a href=\"https:\/\/www.instagram.com\/bellarosa_marbella\/\">Instagram<\/a>. \u00a1Te esperamos!<\/p>\n","protected":false},"excerpt":{"rendered":"<p>Daisy es nuestro ramo de flores cl\u00e1sico con margaritas blancas. Un ramo que nunca pasa de moda y que ser\u00e1 un acierto seguro. Daisy est\u00e1 compuesto por:<\/p>\n<p>Diez tallos de margarita blanca<br \/>\nVerdes varios<\/p>\n","protected":false},"featured_media":8533,"comment_status":"open","ping_status":"closed","template":"","meta":[],"product_brand":[],"product_cat":[134,219,144,1018],"product_tag":[],"class_list":{"0":"post-3124","1":"product","2":"type-product","3":"status-publish","4":"has-post-thumbnail","6":"product_cat-cumpleanos","7":"product_cat-dia-del-padre","8":"product_cat-flores-varias","9":"product_cat-ramo-de-flores","11":"first","12":"instock","13":"shipping-taxable","14":"purchasable","15":"product-type-simple","16":"layout-style-1","17":"col-md-4 col-sm-4 col-xs-6","18":"col-lg-4","19":"product-style-default"},"yoast_head":"<!-- This site is optimized with the Yoast SEO plugin v27.5 - https:\/\/yoast.com\/product\/yoast-seo-wordpress\/ -->\n<title>Daisy - Margaritas blancas - Ramo de flores - Florister&iacute;a en San Pedro Alc&aacute;ntara<\/title>\n<meta name=\"robots\" content=\"noindex, follow\" \/>\n<meta property=\"og:locale\" content=\"en_US\" \/>\n<meta property=\"og:type\" content=\"article\" \/>\n<meta property=\"og:title\" content=\"Daisy - Margaritas blancas - Ramo de flores - Florister&iacute;a en San Pedro Alc&aacute;ntara\" \/>\n<meta property=\"og:description\" content=\"Daisy es nuestro ramo de flores cl\u00e1sico con margaritas blancas. Un ramo que nunca pasa de moda y que ser\u00e1 un acierto seguro. Daisy est\u00e1 compuesto por:  Diez tallos de margarita blanca Verdes varios\" \/>\n<meta property=\"og:url\" content=\"https:\/\/bellarosa.es\/en\/ramo-de-flores-margaritas-blancas\/\" \/>\n<meta property=\"og:site_name\" content=\"Florister&iacute;a en San Pedro Alc&aacute;ntara\" \/>\n<meta property=\"article:modified_time\" content=\"2026-01-21T15:39:38+00:00\" \/>\n<meta property=\"og:image\" content=\"https:\/\/bellarosa.es\/wp-content\/uploads\/2021\/11\/632C7080-3DDD-43D6-80AE-327D5335D12F.png\" \/>\n\t<meta property=\"og:image:width\" content=\"1024\" \/>\n\t<meta property=\"og:image:height\" content=\"1536\" \/>\n\t<meta property=\"og:image:type\" content=\"image\/png\" \/>\n<meta name=\"twitter:card\" content=\"summary_large_image\" \/>\n<meta name=\"twitter:label1\" content=\"Est. reading time\" \/>\n\t<meta name=\"twitter:data1\" content=\"2 minutes\" \/>\n<script type=\"application\/ld+json\" class=\"yoast-schema-graph\">{\"@context\":\"https:\\\/\\\/schema.org\",\"@graph\":[{\"@type\":\"WebPage\",\"@id\":\"https:\\\/\\\/bellarosa.es\\\/en\\\/ramo-de-flores-margaritas-blancas\\\/\",\"url\":\"https:\\\/\\\/bellarosa.es\\\/en\\\/ramo-de-flores-margaritas-blancas\\\/\",\"name\":\"Daisy - Margaritas blancas - Ramo de flores - Florister&iacute;a en San Pedro Alc&aacute;ntara\",\"isPartOf\":{\"@id\":\"https:\\\/\\\/bellarosa.es\\\/en\\\/#website\"},\"primaryImageOfPage\":{\"@id\":\"https:\\\/\\\/bellarosa.es\\\/en\\\/ramo-de-flores-margaritas-blancas\\\/#primaryimage\"},\"image\":{\"@id\":\"https:\\\/\\\/bellarosa.es\\\/en\\\/ramo-de-flores-margaritas-blancas\\\/#primaryimage\"},\"thumbnailUrl\":\"https:\\\/\\\/bellarosa.es\\\/wp-content\\\/uploads\\\/2021\\\/11\\\/632C7080-3DDD-43D6-80AE-327D5335D12F.png\",\"datePublished\":\"2021-11-11T10:55:39+00:00\",\"dateModified\":\"2026-01-21T15:39:38+00:00\",\"breadcrumb\":{\"@id\":\"https:\\\/\\\/bellarosa.es\\\/en\\\/ramo-de-flores-margaritas-blancas\\\/#breadcrumb\"},\"inLanguage\":\"en-US\",\"potentialAction\":[{\"@type\":\"ReadAction\",\"target\":[\"https:\\\/\\\/bellarosa.es\\\/en\\\/ramo-de-flores-margaritas-blancas\\\/\"]}]},{\"@type\":\"ImageObject\",\"inLanguage\":\"en-US\",\"@id\":\"https:\\\/\\\/bellarosa.es\\\/en\\\/ramo-de-flores-margaritas-blancas\\\/#primaryimage\",\"url\":\"https:\\\/\\\/bellarosa.es\\\/wp-content\\\/uploads\\\/2021\\\/11\\\/632C7080-3DDD-43D6-80AE-327D5335D12F.png\",\"contentUrl\":\"https:\\\/\\\/bellarosa.es\\\/wp-content\\\/uploads\\\/2021\\\/11\\\/632C7080-3DDD-43D6-80AE-327D5335D12F.png\",\"width\":1024,\"height\":1536},{\"@type\":\"BreadcrumbList\",\"@id\":\"https:\\\/\\\/bellarosa.es\\\/en\\\/ramo-de-flores-margaritas-blancas\\\/#breadcrumb\",\"itemListElement\":[{\"@type\":\"ListItem\",\"position\":1,\"name\":\"Inicio\",\"item\":\"https:\\\/\\\/bellarosa.es\\\/en\\\/\"},{\"@type\":\"ListItem\",\"position\":2,\"name\":\"Shop\",\"item\":\"https:\\\/\\\/bellarosa.es\\\/en\\\/shop\\\/\"},{\"@type\":\"ListItem\",\"position\":3,\"name\":\"Daisy &#8211; Margaritas blancas &#8211; Ramo de flores\"}]},{\"@type\":\"WebSite\",\"@id\":\"https:\\\/\\\/bellarosa.es\\\/en\\\/#website\",\"url\":\"https:\\\/\\\/bellarosa.es\\\/en\\\/\",\"name\":\"Florister&iacute;a en San Pedro Alc&aacute;ntara\",\"description\":\"\",\"publisher\":{\"@id\":\"https:\\\/\\\/bellarosa.es\\\/en\\\/#organization\"},\"potentialAction\":[{\"@type\":\"SearchAction\",\"target\":{\"@type\":\"EntryPoint\",\"urlTemplate\":\"https:\\\/\\\/bellarosa.es\\\/en\\\/?s={search_term_string}\"},\"query-input\":{\"@type\":\"PropertyValueSpecification\",\"valueRequired\":true,\"valueName\":\"search_term_string\"}}],\"inLanguage\":\"en-US\"},{\"@type\":\"Organization\",\"@id\":\"https:\\\/\\\/bellarosa.es\\\/en\\\/#organization\",\"name\":\"Floristeria Bella Rosa\",\"url\":\"https:\\\/\\\/bellarosa.es\\\/en\\\/\",\"logo\":{\"@type\":\"ImageObject\",\"inLanguage\":\"en-US\",\"@id\":\"https:\\\/\\\/bellarosa.es\\\/en\\\/#\\\/schema\\\/logo\\\/image\\\/\",\"url\":\"\",\"contentUrl\":\"\",\"caption\":\"Floristeria Bella Rosa\"},\"image\":{\"@id\":\"https:\\\/\\\/bellarosa.es\\\/en\\\/#\\\/schema\\\/logo\\\/image\\\/\"}}]}<\/script>\n<!-- \/ Yoast SEO plugin. -->","yoast_head_json":{"title":"Daisy - Margaritas blancas - Ramo de flores - Florister&iacute;a en San Pedro Alc&aacute;ntara","robots":{"index":"noindex","follow":"follow"},"og_locale":"en_US","og_type":"article","og_title":"Daisy - Margaritas blancas - Ramo de flores - Florister&iacute;a en San Pedro Alc&aacute;ntara","og_description":"Daisy es nuestro ramo de flores cl\u00e1sico con margaritas blancas. Un ramo que nunca pasa de moda y que ser\u00e1 un acierto seguro. Daisy est\u00e1 compuesto por:  Diez tallos de margarita blanca Verdes varios","og_url":"https:\/\/bellarosa.es\/en\/ramo-de-flores-margaritas-blancas\/","og_site_name":"Florister&iacute;a en San Pedro Alc&aacute;ntara","article_modified_time":"2026-01-21T15:39:38+00:00","og_image":[{"width":1024,"height":1536,"url":"https:\/\/bellarosa.es\/wp-content\/uploads\/2021\/11\/632C7080-3DDD-43D6-80AE-327D5335D12F.png","type":"image\/png"}],"twitter_card":"summary_large_image","twitter_misc":{"Est. reading time":"2 minutes"},"schema":{"@context":"https:\/\/schema.org","@graph":[{"@type":"WebPage","@id":"https:\/\/bellarosa.es\/en\/ramo-de-flores-margaritas-blancas\/","url":"https:\/\/bellarosa.es\/en\/ramo-de-flores-margaritas-blancas\/","name":"Daisy - Margaritas blancas - Ramo de flores - Florister&iacute;a en San Pedro Alc&aacute;ntara","isPartOf":{"@id":"https:\/\/bellarosa.es\/en\/#website"},"primaryImageOfPage":{"@id":"https:\/\/bellarosa.es\/en\/ramo-de-flores-margaritas-blancas\/#primaryimage"},"image":{"@id":"https:\/\/bellarosa.es\/en\/ramo-de-flores-margaritas-blancas\/#primaryimage"},"thumbnailUrl":"https:\/\/bellarosa.es\/wp-content\/uploads\/2021\/11\/632C7080-3DDD-43D6-80AE-327D5335D12F.png","datePublished":"2021-11-11T10:55:39+00:00","dateModified":"2026-01-21T15:39:38+00:00","breadcrumb":{"@id":"https:\/\/bellarosa.es\/en\/ramo-de-flores-margaritas-blancas\/#breadcrumb"},"inLanguage":"en-US","potentialAction":[{"@type":"ReadAction","target":["https:\/\/bellarosa.es\/en\/ramo-de-flores-margaritas-blancas\/"]}]},{"@type":"ImageObject","inLanguage":"en-US","@id":"https:\/\/bellarosa.es\/en\/ramo-de-flores-margaritas-blancas\/#primaryimage","url":"https:\/\/bellarosa.es\/wp-content\/uploads\/2021\/11\/632C7080-3DDD-43D6-80AE-327D5335D12F.png","contentUrl":"https:\/\/bellarosa.es\/wp-content\/uploads\/2021\/11\/632C7080-3DDD-43D6-80AE-327D5335D12F.png","width":1024,"height":1536},{"@type":"BreadcrumbList","@id":"https:\/\/bellarosa.es\/en\/ramo-de-flores-margaritas-blancas\/#breadcrumb","itemListElement":[{"@type":"ListItem","position":1,"name":"Inicio","item":"https:\/\/bellarosa.es\/en\/"},{"@type":"ListItem","position":2,"name":"Shop","item":"https:\/\/bellarosa.es\/en\/shop\/"},{"@type":"ListItem","position":3,"name":"Daisy &#8211; Margaritas blancas &#8211; Ramo de flores"}]},{"@type":"WebSite","@id":"https:\/\/bellarosa.es\/en\/#website","url":"https:\/\/bellarosa.es\/en\/","name":"Florister&iacute;a en San Pedro Alc&aacute;ntara","description":"","publisher":{"@id":"https:\/\/bellarosa.es\/en\/#organization"},"potentialAction":[{"@type":"SearchAction","target":{"@type":"EntryPoint","urlTemplate":"https:\/\/bellarosa.es\/en\/?s={search_term_string}"},"query-input":{"@type":"PropertyValueSpecification","valueRequired":true,"valueName":"search_term_string"}}],"inLanguage":"en-US"},{"@type":"Organization","@id":"https:\/\/bellarosa.es\/en\/#organization","name":"Floristeria Bella Rosa","url":"https:\/\/bellarosa.es\/en\/","logo":{"@type":"ImageObject","inLanguage":"en-US","@id":"https:\/\/bellarosa.es\/en\/#\/schema\/logo\/image\/","url":"","contentUrl":"","caption":"Floristeria Bella Rosa"},"image":{"@id":"https:\/\/bellarosa.es\/en\/#\/schema\/logo\/image\/"}}]}},"_links":{"self":[{"href":"https:\/\/bellarosa.es\/en\/wp-json\/wp\/v2\/product\/3124","targetHints":{"allow":["GET"]}}],"collection":[{"href":"https:\/\/bellarosa.es\/en\/wp-json\/wp\/v2\/product"}],"about":[{"href":"https:\/\/bellarosa.es\/en\/wp-json\/wp\/v2\/types\/product"}],"replies":[{"embeddable":true,"href":"https:\/\/bellarosa.es\/en\/wp-json\/wp\/v2\/comments?post=3124"}],"wp:featuredmedia":[{"embeddable":true,"href":"https:\/\/bellarosa.es\/en\/wp-json\/wp\/v2\/media\/8533"}],"wp:attachment":[{"href":"https:\/\/bellarosa.es\/en\/wp-json\/wp\/v2\/media?parent=3124"}],"wp:term":[{"taxonomy":"product_brand","embeddable":true,"href":"https:\/\/bellarosa.es\/en\/wp-json\/wp\/v2\/product_brand?post=3124"},{"taxonomy":"product_cat","embeddable":true,"href":"https:\/\/bellarosa.es\/en\/wp-json\/wp\/v2\/product_cat?post=3124"},{"taxonomy":"product_tag","embeddable":true,"href":"https:\/\/bellarosa.es\/en\/wp-json\/wp\/v2\/product_tag?post=3124"}],"curies":[{"name":"wp","href":"https:\/\/api.w.org\/{rel}","templated":true}]}}