{"id":3091,"date":"2021-11-10T16:38:07","date_gmt":"2021-11-10T16:38:07","guid":{"rendered":"https:\/\/bellarosa.es\/?post_type=product&#038;p=3091"},"modified":"2026-02-04T10:14:36","modified_gmt":"2026-02-04T10:14:36","slug":"ramo-solidario-girasoles","status":"publish","type":"product","link":"https:\/\/bellarosa.es\/en\/ramo-solidario-girasoles\/","title":{"rendered":"Ramo Sunshine &#8211; Girasoles &#8211; Ramo de flores"},"content":{"rendered":"<h2><strong>Regala Sunshine, ramo compuesto por Girasoles y flores calidas<\/strong><\/h2>\n<p>Sunshine es nuestro <strong>ramo de flores<\/strong>\u00a0compuesto principalmente por <strong>girasoles<\/strong>, y acompa\u00f1ado por otras flores de tonalidades c\u00e1lidas que lo complementan de maravilla. El girasol es una flor que evoca la alegr\u00eda debido a su relaci\u00f3n con el sol, ya que esta flor de sobra conocida, se orienta seg\u00fan le incida los rayos del sol. Con su brillante y llamativo color amarillo dar\u00e1 un toque de alegr\u00eda a cualquier rinc\u00f3n.<\/p>\n<h3>El girasol como s\u00edmbolo de la alegr\u00eda<\/h3>\n<p>Esta elegante flor es ideal para decorar cualquier rinc\u00f3n, ya sea en su hogar, oficina, jard\u00edn&#8230; Adem\u00e1s, es un ramo ideal para regalar en ocasiones que merezcan una celebraci\u00f3n. Sus potentes colores y su elegancia ser\u00e1n la sorpresa del afortunado o afortunada que lo reciba.<\/p>\n<p>Para complementar este precioso ramo, a\u00f1adimos <strong>clavelinas<\/strong> rojas, <strong>margaritas<\/strong> naranjas, margaritas rojas, margaritas verdes y <strong>astromelias<\/strong> rojas. Su composici\u00f3n de este ramo est\u00e1 basada en el equilibrio y la calidez, usando como inspiraci\u00f3n las tonalidades rojas, naranjas y amarillas. Como un rayo de sol en un atardecer, Sunshine aportar\u00e1 alegr\u00eda y bienestar.<\/p>\n<h3>Flores en la Costa del Sol<\/h3>\n<p>Recuerda que somos tu florister\u00eda de confianza en la <strong>Costa del Sol<\/strong>. Hacemos repartos desde <strong>Estepona<\/strong> hasta <strong>San Pedro<\/strong> o <strong>Marbella<\/strong>. Si deseas enviar <strong>flores a domicilio<\/strong> puedes contar con nuestra experiencia para que tus ramos lleguen en las mejores condiciones. Sorprende a tu persona favorita. Tambi\u00e9n puedes hacer uso de nuestro servicio de <strong>tienda online<\/strong>.<\/p>\n<p>&nbsp;<\/p>\n<p>Recuerda que puedes encontrarnos en <a href=\"https:\/\/www.facebook.com\/bellarosa.es\/\">Facebook<\/a> e <a href=\"https:\/\/www.instagram.com\/bellarosa_marbella\/\">Instagram<\/a>. \u00a1Te esperamos!<\/p>\n","protected":false},"excerpt":{"rendered":"<p style=\"text-align: left;\">Sunshine es nuestro ramo m\u00e1s alegre. En su composici\u00f3n destacan los girasoles, flores que evocan la alegr\u00eda. Un ramo ideal para regalar.<\/p>\n<p style=\"text-align: left;\">Sunshine es un ramo de flores compuesto por:<\/p>\n<ul>\n<li style=\"text-align: left;\">Tres girasoles<\/li>\n<li style=\"text-align: left;\">Cuatro clavellinas rojas<\/li>\n<li style=\"text-align: left;\">Tres margaritas naranja<\/li>\n<li style=\"text-align: left;\">Dos margaritas rojas<\/li>\n<li style=\"text-align: left;\">Dos margaritas verdes<\/li>\n<li style=\"text-align: left;\">Tres astromelias rojas<\/li>\n<li style=\"text-align: left;\">Hojas verdes varias<\/li>\n<\/ul>\n","protected":false},"featured_media":8509,"comment_status":"open","ping_status":"closed","template":"","meta":[],"product_brand":[],"product_cat":[134,144,1018],"product_tag":[],"class_list":{"0":"post-3091","1":"product","2":"type-product","3":"status-publish","4":"has-post-thumbnail","6":"product_cat-cumpleanos","7":"product_cat-flores-varias","8":"product_cat-ramo-de-flores","10":"first","11":"outofstock","12":"shipping-taxable","13":"purchasable","14":"product-type-simple","15":"layout-style-1","16":"col-md-4 col-sm-4 col-xs-6","17":"col-lg-4","18":"product-style-default"},"yoast_head":"<!-- This site is optimized with the Yoast SEO plugin v27.4 - https:\/\/yoast.com\/product\/yoast-seo-wordpress\/ -->\n<title>Ramo Sunshine - Girasoles - Ramo de flores - Florister&iacute;a en San Pedro Alc&aacute;ntara<\/title>\n<meta name=\"robots\" content=\"noindex, follow\" \/>\n<meta property=\"og:locale\" content=\"en_US\" \/>\n<meta property=\"og:type\" content=\"article\" \/>\n<meta property=\"og:title\" content=\"Ramo Sunshine - Girasoles - Ramo de flores - Florister&iacute;a en San Pedro Alc&aacute;ntara\" \/>\n<meta property=\"og:description\" content=\"Sunshine es nuestro ramo m\u00e1s alegre. En su composici\u00f3n destacan los girasoles, flores que evocan la alegr\u00eda. Un ramo ideal para regalar. Sunshine es un ramo de flores compuesto por:    Tres girasoles  Cuatro clavellinas rojas  Tres margaritas naranja  Dos margaritas rojas  Dos margaritas verdes  Tres astromelias rojas  Hojas verdes varias\" \/>\n<meta property=\"og:url\" content=\"https:\/\/bellarosa.es\/en\/ramo-solidario-girasoles\/\" \/>\n<meta property=\"og:site_name\" content=\"Florister&iacute;a en San Pedro Alc&aacute;ntara\" \/>\n<meta property=\"article:modified_time\" content=\"2026-02-04T10:14:36+00:00\" \/>\n<meta property=\"og:image\" content=\"https:\/\/bellarosa.es\/wp-content\/uploads\/2021\/11\/AEC86854-E8BB-4AD5-A1C4-F16538F9C501.png\" \/>\n\t<meta property=\"og:image:width\" content=\"1024\" \/>\n\t<meta property=\"og:image:height\" content=\"1536\" \/>\n\t<meta property=\"og:image:type\" content=\"image\/png\" \/>\n<meta name=\"twitter:card\" content=\"summary_large_image\" \/>\n<meta name=\"twitter:label1\" content=\"Est. reading time\" \/>\n\t<meta name=\"twitter:data1\" content=\"2 minutes\" \/>\n<script type=\"application\/ld+json\" class=\"yoast-schema-graph\">{\"@context\":\"https:\\\/\\\/schema.org\",\"@graph\":[{\"@type\":\"WebPage\",\"@id\":\"https:\\\/\\\/bellarosa.es\\\/en\\\/ramo-solidario-girasoles\\\/\",\"url\":\"https:\\\/\\\/bellarosa.es\\\/en\\\/ramo-solidario-girasoles\\\/\",\"name\":\"Ramo Sunshine - Girasoles - Ramo de flores - Florister&iacute;a en San Pedro Alc&aacute;ntara\",\"isPartOf\":{\"@id\":\"https:\\\/\\\/bellarosa.es\\\/en\\\/#website\"},\"primaryImageOfPage\":{\"@id\":\"https:\\\/\\\/bellarosa.es\\\/en\\\/ramo-solidario-girasoles\\\/#primaryimage\"},\"image\":{\"@id\":\"https:\\\/\\\/bellarosa.es\\\/en\\\/ramo-solidario-girasoles\\\/#primaryimage\"},\"thumbnailUrl\":\"https:\\\/\\\/bellarosa.es\\\/wp-content\\\/uploads\\\/2021\\\/11\\\/AEC86854-E8BB-4AD5-A1C4-F16538F9C501.png\",\"datePublished\":\"2021-11-10T16:38:07+00:00\",\"dateModified\":\"2026-02-04T10:14:36+00:00\",\"breadcrumb\":{\"@id\":\"https:\\\/\\\/bellarosa.es\\\/en\\\/ramo-solidario-girasoles\\\/#breadcrumb\"},\"inLanguage\":\"en-US\",\"potentialAction\":[{\"@type\":\"ReadAction\",\"target\":[\"https:\\\/\\\/bellarosa.es\\\/en\\\/ramo-solidario-girasoles\\\/\"]}]},{\"@type\":\"ImageObject\",\"inLanguage\":\"en-US\",\"@id\":\"https:\\\/\\\/bellarosa.es\\\/en\\\/ramo-solidario-girasoles\\\/#primaryimage\",\"url\":\"https:\\\/\\\/bellarosa.es\\\/wp-content\\\/uploads\\\/2021\\\/11\\\/AEC86854-E8BB-4AD5-A1C4-F16538F9C501.png\",\"contentUrl\":\"https:\\\/\\\/bellarosa.es\\\/wp-content\\\/uploads\\\/2021\\\/11\\\/AEC86854-E8BB-4AD5-A1C4-F16538F9C501.png\",\"width\":1024,\"height\":1536},{\"@type\":\"BreadcrumbList\",\"@id\":\"https:\\\/\\\/bellarosa.es\\\/en\\\/ramo-solidario-girasoles\\\/#breadcrumb\",\"itemListElement\":[{\"@type\":\"ListItem\",\"position\":1,\"name\":\"Inicio\",\"item\":\"https:\\\/\\\/bellarosa.es\\\/en\\\/\"},{\"@type\":\"ListItem\",\"position\":2,\"name\":\"Shop\",\"item\":\"https:\\\/\\\/bellarosa.es\\\/en\\\/shop\\\/\"},{\"@type\":\"ListItem\",\"position\":3,\"name\":\"Ramo Sunshine &#8211; Girasoles &#8211; Ramo de flores\"}]},{\"@type\":\"WebSite\",\"@id\":\"https:\\\/\\\/bellarosa.es\\\/en\\\/#website\",\"url\":\"https:\\\/\\\/bellarosa.es\\\/en\\\/\",\"name\":\"Florister&iacute;a en San Pedro Alc&aacute;ntara\",\"description\":\"\",\"publisher\":{\"@id\":\"https:\\\/\\\/bellarosa.es\\\/en\\\/#organization\"},\"potentialAction\":[{\"@type\":\"SearchAction\",\"target\":{\"@type\":\"EntryPoint\",\"urlTemplate\":\"https:\\\/\\\/bellarosa.es\\\/en\\\/?s={search_term_string}\"},\"query-input\":{\"@type\":\"PropertyValueSpecification\",\"valueRequired\":true,\"valueName\":\"search_term_string\"}}],\"inLanguage\":\"en-US\"},{\"@type\":\"Organization\",\"@id\":\"https:\\\/\\\/bellarosa.es\\\/en\\\/#organization\",\"name\":\"Floristeria Bella Rosa\",\"url\":\"https:\\\/\\\/bellarosa.es\\\/en\\\/\",\"logo\":{\"@type\":\"ImageObject\",\"inLanguage\":\"en-US\",\"@id\":\"https:\\\/\\\/bellarosa.es\\\/en\\\/#\\\/schema\\\/logo\\\/image\\\/\",\"url\":\"\",\"contentUrl\":\"\",\"caption\":\"Floristeria Bella Rosa\"},\"image\":{\"@id\":\"https:\\\/\\\/bellarosa.es\\\/en\\\/#\\\/schema\\\/logo\\\/image\\\/\"}}]}<\/script>\n<!-- \/ Yoast SEO plugin. -->","yoast_head_json":{"title":"Ramo Sunshine - Girasoles - Ramo de flores - Florister&iacute;a en San Pedro Alc&aacute;ntara","robots":{"index":"noindex","follow":"follow"},"og_locale":"en_US","og_type":"article","og_title":"Ramo Sunshine - Girasoles - Ramo de flores - Florister&iacute;a en San Pedro Alc&aacute;ntara","og_description":"Sunshine es nuestro ramo m\u00e1s alegre. En su composici\u00f3n destacan los girasoles, flores que evocan la alegr\u00eda. Un ramo ideal para regalar. Sunshine es un ramo de flores compuesto por:    Tres girasoles  Cuatro clavellinas rojas  Tres margaritas naranja  Dos margaritas rojas  Dos margaritas verdes  Tres astromelias rojas  Hojas verdes varias","og_url":"https:\/\/bellarosa.es\/en\/ramo-solidario-girasoles\/","og_site_name":"Florister&iacute;a en San Pedro Alc&aacute;ntara","article_modified_time":"2026-02-04T10:14:36+00:00","og_image":[{"width":1024,"height":1536,"url":"https:\/\/bellarosa.es\/wp-content\/uploads\/2021\/11\/AEC86854-E8BB-4AD5-A1C4-F16538F9C501.png","type":"image\/png"}],"twitter_card":"summary_large_image","twitter_misc":{"Est. reading time":"2 minutes"},"schema":{"@context":"https:\/\/schema.org","@graph":[{"@type":"WebPage","@id":"https:\/\/bellarosa.es\/en\/ramo-solidario-girasoles\/","url":"https:\/\/bellarosa.es\/en\/ramo-solidario-girasoles\/","name":"Ramo Sunshine - Girasoles - Ramo de flores - Florister&iacute;a en San Pedro Alc&aacute;ntara","isPartOf":{"@id":"https:\/\/bellarosa.es\/en\/#website"},"primaryImageOfPage":{"@id":"https:\/\/bellarosa.es\/en\/ramo-solidario-girasoles\/#primaryimage"},"image":{"@id":"https:\/\/bellarosa.es\/en\/ramo-solidario-girasoles\/#primaryimage"},"thumbnailUrl":"https:\/\/bellarosa.es\/wp-content\/uploads\/2021\/11\/AEC86854-E8BB-4AD5-A1C4-F16538F9C501.png","datePublished":"2021-11-10T16:38:07+00:00","dateModified":"2026-02-04T10:14:36+00:00","breadcrumb":{"@id":"https:\/\/bellarosa.es\/en\/ramo-solidario-girasoles\/#breadcrumb"},"inLanguage":"en-US","potentialAction":[{"@type":"ReadAction","target":["https:\/\/bellarosa.es\/en\/ramo-solidario-girasoles\/"]}]},{"@type":"ImageObject","inLanguage":"en-US","@id":"https:\/\/bellarosa.es\/en\/ramo-solidario-girasoles\/#primaryimage","url":"https:\/\/bellarosa.es\/wp-content\/uploads\/2021\/11\/AEC86854-E8BB-4AD5-A1C4-F16538F9C501.png","contentUrl":"https:\/\/bellarosa.es\/wp-content\/uploads\/2021\/11\/AEC86854-E8BB-4AD5-A1C4-F16538F9C501.png","width":1024,"height":1536},{"@type":"BreadcrumbList","@id":"https:\/\/bellarosa.es\/en\/ramo-solidario-girasoles\/#breadcrumb","itemListElement":[{"@type":"ListItem","position":1,"name":"Inicio","item":"https:\/\/bellarosa.es\/en\/"},{"@type":"ListItem","position":2,"name":"Shop","item":"https:\/\/bellarosa.es\/en\/shop\/"},{"@type":"ListItem","position":3,"name":"Ramo Sunshine &#8211; Girasoles &#8211; Ramo de flores"}]},{"@type":"WebSite","@id":"https:\/\/bellarosa.es\/en\/#website","url":"https:\/\/bellarosa.es\/en\/","name":"Florister&iacute;a en San Pedro Alc&aacute;ntara","description":"","publisher":{"@id":"https:\/\/bellarosa.es\/en\/#organization"},"potentialAction":[{"@type":"SearchAction","target":{"@type":"EntryPoint","urlTemplate":"https:\/\/bellarosa.es\/en\/?s={search_term_string}"},"query-input":{"@type":"PropertyValueSpecification","valueRequired":true,"valueName":"search_term_string"}}],"inLanguage":"en-US"},{"@type":"Organization","@id":"https:\/\/bellarosa.es\/en\/#organization","name":"Floristeria Bella Rosa","url":"https:\/\/bellarosa.es\/en\/","logo":{"@type":"ImageObject","inLanguage":"en-US","@id":"https:\/\/bellarosa.es\/en\/#\/schema\/logo\/image\/","url":"","contentUrl":"","caption":"Floristeria Bella Rosa"},"image":{"@id":"https:\/\/bellarosa.es\/en\/#\/schema\/logo\/image\/"}}]}},"_links":{"self":[{"href":"https:\/\/bellarosa.es\/en\/wp-json\/wp\/v2\/product\/3091","targetHints":{"allow":["GET"]}}],"collection":[{"href":"https:\/\/bellarosa.es\/en\/wp-json\/wp\/v2\/product"}],"about":[{"href":"https:\/\/bellarosa.es\/en\/wp-json\/wp\/v2\/types\/product"}],"replies":[{"embeddable":true,"href":"https:\/\/bellarosa.es\/en\/wp-json\/wp\/v2\/comments?post=3091"}],"wp:featuredmedia":[{"embeddable":true,"href":"https:\/\/bellarosa.es\/en\/wp-json\/wp\/v2\/media\/8509"}],"wp:attachment":[{"href":"https:\/\/bellarosa.es\/en\/wp-json\/wp\/v2\/media?parent=3091"}],"wp:term":[{"taxonomy":"product_brand","embeddable":true,"href":"https:\/\/bellarosa.es\/en\/wp-json\/wp\/v2\/product_brand?post=3091"},{"taxonomy":"product_cat","embeddable":true,"href":"https:\/\/bellarosa.es\/en\/wp-json\/wp\/v2\/product_cat?post=3091"},{"taxonomy":"product_tag","embeddable":true,"href":"https:\/\/bellarosa.es\/en\/wp-json\/wp\/v2\/product_tag?post=3091"}],"curies":[{"name":"wp","href":"https:\/\/api.w.org\/{rel}","templated":true}]}}