{"id":3090,"date":"2021-11-10T16:30:10","date_gmt":"2021-11-10T16:30:10","guid":{"rendered":"https:\/\/bellarosa.es\/?post_type=product&#038;p=3090"},"modified":"2026-02-04T10:29:57","modified_gmt":"2026-02-04T10:29:57","slug":"ramo-solidario-gerberas-rosas","status":"publish","type":"product","link":"https:\/\/bellarosa.es\/en\/ramo-solidario-gerberas-rosas\/","title":{"rendered":"Ramo Sweet &#8211; Gerberas rosas &#8211; Ramo de flores"},"content":{"rendered":"<h2>Sweet es el Ramo m\u00e1s dulce<\/h2>\n<p>Nuestro <strong>ramo <\/strong>\u00a0Sweet es una composici\u00f3n de flores en tonos rosados y blancos que pretenden evocar la dulzura e inocencia. La <strong>gerbera<\/strong> es, sin duda, una flor hermosa e impresionante. Actualmente es la quinta flor m\u00e1s popular en todo el mundo debido a sus caracter\u00edsticas que la hacen \u00fanica. Sus colores vivos embelesan a cualquiera, por lo que este ramo es una apuesta segura.<\/p>\n<h3>Una composici\u00f3n en tonos rosas para un ramo muy dulce<\/h3>\n<p>Esta elegante flor es ideal para acompa\u00f1ar su decoraci\u00f3n debido a la armon\u00eda en la composici\u00f3n de sus colores. La flor que m\u00e1s destaca en su composici\u00f3n son las <strong>gerberas<\/strong> rosas, que est\u00e1n acompa\u00f1adas de <strong>claveles<\/strong> rosas, <strong>margaritas<\/strong> blancas, <strong>astromelias<\/strong> moradas, <strong>gypsophila<\/strong> y verdes varios. La mezcla de sus colores combina de maravilla y dan lugar a un ramo de flores elegante y sofisticado.<\/p>\n<p>Flores en la Costa del Sol<\/p>\n<p>Recuerda que somos tu florister\u00eda de confianza en la <strong>Costa del Sol<\/strong>. Hacemos repartos desde <strong>Estepona<\/strong> hasta <strong>San Pedro<\/strong> o <strong>Marbella<\/strong>. Si deseas enviar <strong>flores a domicilio<\/strong> puedes contar con nuestra experiencia para que tus ramos lleguen en las mejores condiciones. Sorprende a tu persona favorita. Tambi\u00e9n puedes hacer uso de nuestro servicio de <strong>tienda online<\/strong>.<\/p>\n<p>&nbsp;<\/p>\n<p>Recuerda que puedes encontrarnos en <a href=\"https:\/\/www.facebook.com\/bellarosa.es\/\">Facebook<\/a> e <a href=\"https:\/\/www.instagram.com\/bellarosa_marbella\/\">Instagram<\/a>. \u00a1Te esperamos!<\/p>\n","protected":false},"excerpt":{"rendered":"<p>Sweet es nuestro ramo m\u00e1s dulce. En su composici\u00f3n destacan las flores en tonos rosados. Un ramo ideal para regalar.<\/p>\n<p>El Ramo Sweet est\u00e1 compuesto por:<\/p>\n<p>6 Claveles rosas<\/p>\n<p>4 Gerberas rosas<\/p>\n<p>3 Margaritas blancas<\/p>\n<p>3 Astromelias moradas<\/p>\n<p>Gypsophila<\/p>\n<p>Verdes varios<\/p>\n<p>&nbsp;<\/p>\n<p>Tenemos una gran variedad de ramos de flores preciosos a buen precio. Con\u00f3celos <a href=\"https:\/\/bellarosa.es\/comprar\/flores-varias\/\">aqu\u00ed<\/a><\/p>\n","protected":false},"featured_media":8513,"comment_status":"open","ping_status":"closed","template":"","meta":[],"product_brand":[],"product_cat":[134,144,1018],"product_tag":[],"class_list":{"0":"post-3090","1":"product","2":"type-product","3":"status-publish","4":"has-post-thumbnail","6":"product_cat-cumpleanos","7":"product_cat-flores-varias","8":"product_cat-ramo-de-flores","10":"first","11":"instock","12":"shipping-taxable","13":"purchasable","14":"product-type-simple","15":"layout-style-1","16":"col-md-4 col-sm-4 col-xs-6","17":"col-lg-4","18":"product-style-default"},"yoast_head":"<!-- This site is optimized with the Yoast SEO plugin v27.4 - https:\/\/yoast.com\/product\/yoast-seo-wordpress\/ -->\n<title>Ramo Sweet - Gerberas rosas - Ramo de flores - Florister&iacute;a en San Pedro Alc&aacute;ntara<\/title>\n<meta name=\"robots\" content=\"noindex, follow\" \/>\n<meta property=\"og:locale\" content=\"en_US\" \/>\n<meta property=\"og:type\" content=\"article\" \/>\n<meta property=\"og:title\" content=\"Ramo Sweet - Gerberas rosas - Ramo de flores - Florister&iacute;a en San Pedro Alc&aacute;ntara\" \/>\n<meta property=\"og:description\" content=\"Sweet es nuestro ramo m\u00e1s dulce. En su composici\u00f3n destacan las flores en tonos rosados. Un ramo ideal para regalar.  El Ramo Sweet est\u00e1 compuesto por:  6 Claveles rosas  4 Gerberas rosas  3 Margaritas blancas  3 Astromelias moradas  Gypsophila  Verdes varios  &nbsp;  Tenemos una gran variedad de ramos de flores preciosos a buen precio. Con\u00f3celos aqu\u00ed\" \/>\n<meta property=\"og:url\" content=\"https:\/\/bellarosa.es\/en\/ramo-solidario-gerberas-rosas\/\" \/>\n<meta property=\"og:site_name\" content=\"Florister&iacute;a en San Pedro Alc&aacute;ntara\" \/>\n<meta property=\"article:modified_time\" content=\"2026-02-04T10:29:57+00:00\" \/>\n<meta property=\"og:image\" content=\"https:\/\/bellarosa.es\/wp-content\/uploads\/2021\/11\/9D112F78-A5CE-43F6-99B3-2CEB6FB9A622.png\" \/>\n\t<meta property=\"og:image:width\" content=\"1024\" \/>\n\t<meta property=\"og:image:height\" content=\"1536\" \/>\n\t<meta property=\"og:image:type\" content=\"image\/png\" \/>\n<meta name=\"twitter:card\" content=\"summary_large_image\" \/>\n<meta name=\"twitter:label1\" content=\"Est. reading time\" \/>\n\t<meta name=\"twitter:data1\" content=\"2 minutes\" \/>\n<script type=\"application\/ld+json\" class=\"yoast-schema-graph\">{\"@context\":\"https:\\\/\\\/schema.org\",\"@graph\":[{\"@type\":\"WebPage\",\"@id\":\"https:\\\/\\\/bellarosa.es\\\/en\\\/ramo-solidario-gerberas-rosas\\\/\",\"url\":\"https:\\\/\\\/bellarosa.es\\\/en\\\/ramo-solidario-gerberas-rosas\\\/\",\"name\":\"Ramo Sweet - Gerberas rosas - Ramo de flores - Florister&iacute;a en San Pedro Alc&aacute;ntara\",\"isPartOf\":{\"@id\":\"https:\\\/\\\/bellarosa.es\\\/en\\\/#website\"},\"primaryImageOfPage\":{\"@id\":\"https:\\\/\\\/bellarosa.es\\\/en\\\/ramo-solidario-gerberas-rosas\\\/#primaryimage\"},\"image\":{\"@id\":\"https:\\\/\\\/bellarosa.es\\\/en\\\/ramo-solidario-gerberas-rosas\\\/#primaryimage\"},\"thumbnailUrl\":\"https:\\\/\\\/bellarosa.es\\\/wp-content\\\/uploads\\\/2021\\\/11\\\/9D112F78-A5CE-43F6-99B3-2CEB6FB9A622.png\",\"datePublished\":\"2021-11-10T16:30:10+00:00\",\"dateModified\":\"2026-02-04T10:29:57+00:00\",\"breadcrumb\":{\"@id\":\"https:\\\/\\\/bellarosa.es\\\/en\\\/ramo-solidario-gerberas-rosas\\\/#breadcrumb\"},\"inLanguage\":\"en-US\",\"potentialAction\":[{\"@type\":\"ReadAction\",\"target\":[\"https:\\\/\\\/bellarosa.es\\\/en\\\/ramo-solidario-gerberas-rosas\\\/\"]}]},{\"@type\":\"ImageObject\",\"inLanguage\":\"en-US\",\"@id\":\"https:\\\/\\\/bellarosa.es\\\/en\\\/ramo-solidario-gerberas-rosas\\\/#primaryimage\",\"url\":\"https:\\\/\\\/bellarosa.es\\\/wp-content\\\/uploads\\\/2021\\\/11\\\/9D112F78-A5CE-43F6-99B3-2CEB6FB9A622.png\",\"contentUrl\":\"https:\\\/\\\/bellarosa.es\\\/wp-content\\\/uploads\\\/2021\\\/11\\\/9D112F78-A5CE-43F6-99B3-2CEB6FB9A622.png\",\"width\":1024,\"height\":1536},{\"@type\":\"BreadcrumbList\",\"@id\":\"https:\\\/\\\/bellarosa.es\\\/en\\\/ramo-solidario-gerberas-rosas\\\/#breadcrumb\",\"itemListElement\":[{\"@type\":\"ListItem\",\"position\":1,\"name\":\"Inicio\",\"item\":\"https:\\\/\\\/bellarosa.es\\\/en\\\/\"},{\"@type\":\"ListItem\",\"position\":2,\"name\":\"Shop\",\"item\":\"https:\\\/\\\/bellarosa.es\\\/en\\\/shop\\\/\"},{\"@type\":\"ListItem\",\"position\":3,\"name\":\"Ramo Sweet &#8211; Gerberas rosas &#8211; Ramo de flores\"}]},{\"@type\":\"WebSite\",\"@id\":\"https:\\\/\\\/bellarosa.es\\\/en\\\/#website\",\"url\":\"https:\\\/\\\/bellarosa.es\\\/en\\\/\",\"name\":\"Florister&iacute;a en San Pedro Alc&aacute;ntara\",\"description\":\"\",\"publisher\":{\"@id\":\"https:\\\/\\\/bellarosa.es\\\/en\\\/#organization\"},\"potentialAction\":[{\"@type\":\"SearchAction\",\"target\":{\"@type\":\"EntryPoint\",\"urlTemplate\":\"https:\\\/\\\/bellarosa.es\\\/en\\\/?s={search_term_string}\"},\"query-input\":{\"@type\":\"PropertyValueSpecification\",\"valueRequired\":true,\"valueName\":\"search_term_string\"}}],\"inLanguage\":\"en-US\"},{\"@type\":\"Organization\",\"@id\":\"https:\\\/\\\/bellarosa.es\\\/en\\\/#organization\",\"name\":\"Floristeria Bella Rosa\",\"url\":\"https:\\\/\\\/bellarosa.es\\\/en\\\/\",\"logo\":{\"@type\":\"ImageObject\",\"inLanguage\":\"en-US\",\"@id\":\"https:\\\/\\\/bellarosa.es\\\/en\\\/#\\\/schema\\\/logo\\\/image\\\/\",\"url\":\"\",\"contentUrl\":\"\",\"caption\":\"Floristeria Bella Rosa\"},\"image\":{\"@id\":\"https:\\\/\\\/bellarosa.es\\\/en\\\/#\\\/schema\\\/logo\\\/image\\\/\"}}]}<\/script>\n<!-- \/ Yoast SEO plugin. -->","yoast_head_json":{"title":"Ramo Sweet - Gerberas rosas - Ramo de flores - Florister&iacute;a en San Pedro Alc&aacute;ntara","robots":{"index":"noindex","follow":"follow"},"og_locale":"en_US","og_type":"article","og_title":"Ramo Sweet - Gerberas rosas - Ramo de flores - Florister&iacute;a en San Pedro Alc&aacute;ntara","og_description":"Sweet es nuestro ramo m\u00e1s dulce. En su composici\u00f3n destacan las flores en tonos rosados. Un ramo ideal para regalar.  El Ramo Sweet est\u00e1 compuesto por:  6 Claveles rosas  4 Gerberas rosas  3 Margaritas blancas  3 Astromelias moradas  Gypsophila  Verdes varios  &nbsp;  Tenemos una gran variedad de ramos de flores preciosos a buen precio. Con\u00f3celos aqu\u00ed","og_url":"https:\/\/bellarosa.es\/en\/ramo-solidario-gerberas-rosas\/","og_site_name":"Florister&iacute;a en San Pedro Alc&aacute;ntara","article_modified_time":"2026-02-04T10:29:57+00:00","og_image":[{"width":1024,"height":1536,"url":"https:\/\/bellarosa.es\/wp-content\/uploads\/2021\/11\/9D112F78-A5CE-43F6-99B3-2CEB6FB9A622.png","type":"image\/png"}],"twitter_card":"summary_large_image","twitter_misc":{"Est. reading time":"2 minutes"},"schema":{"@context":"https:\/\/schema.org","@graph":[{"@type":"WebPage","@id":"https:\/\/bellarosa.es\/en\/ramo-solidario-gerberas-rosas\/","url":"https:\/\/bellarosa.es\/en\/ramo-solidario-gerberas-rosas\/","name":"Ramo Sweet - Gerberas rosas - Ramo de flores - Florister&iacute;a en San Pedro Alc&aacute;ntara","isPartOf":{"@id":"https:\/\/bellarosa.es\/en\/#website"},"primaryImageOfPage":{"@id":"https:\/\/bellarosa.es\/en\/ramo-solidario-gerberas-rosas\/#primaryimage"},"image":{"@id":"https:\/\/bellarosa.es\/en\/ramo-solidario-gerberas-rosas\/#primaryimage"},"thumbnailUrl":"https:\/\/bellarosa.es\/wp-content\/uploads\/2021\/11\/9D112F78-A5CE-43F6-99B3-2CEB6FB9A622.png","datePublished":"2021-11-10T16:30:10+00:00","dateModified":"2026-02-04T10:29:57+00:00","breadcrumb":{"@id":"https:\/\/bellarosa.es\/en\/ramo-solidario-gerberas-rosas\/#breadcrumb"},"inLanguage":"en-US","potentialAction":[{"@type":"ReadAction","target":["https:\/\/bellarosa.es\/en\/ramo-solidario-gerberas-rosas\/"]}]},{"@type":"ImageObject","inLanguage":"en-US","@id":"https:\/\/bellarosa.es\/en\/ramo-solidario-gerberas-rosas\/#primaryimage","url":"https:\/\/bellarosa.es\/wp-content\/uploads\/2021\/11\/9D112F78-A5CE-43F6-99B3-2CEB6FB9A622.png","contentUrl":"https:\/\/bellarosa.es\/wp-content\/uploads\/2021\/11\/9D112F78-A5CE-43F6-99B3-2CEB6FB9A622.png","width":1024,"height":1536},{"@type":"BreadcrumbList","@id":"https:\/\/bellarosa.es\/en\/ramo-solidario-gerberas-rosas\/#breadcrumb","itemListElement":[{"@type":"ListItem","position":1,"name":"Inicio","item":"https:\/\/bellarosa.es\/en\/"},{"@type":"ListItem","position":2,"name":"Shop","item":"https:\/\/bellarosa.es\/en\/shop\/"},{"@type":"ListItem","position":3,"name":"Ramo Sweet &#8211; Gerberas rosas &#8211; Ramo de flores"}]},{"@type":"WebSite","@id":"https:\/\/bellarosa.es\/en\/#website","url":"https:\/\/bellarosa.es\/en\/","name":"Florister&iacute;a en San Pedro Alc&aacute;ntara","description":"","publisher":{"@id":"https:\/\/bellarosa.es\/en\/#organization"},"potentialAction":[{"@type":"SearchAction","target":{"@type":"EntryPoint","urlTemplate":"https:\/\/bellarosa.es\/en\/?s={search_term_string}"},"query-input":{"@type":"PropertyValueSpecification","valueRequired":true,"valueName":"search_term_string"}}],"inLanguage":"en-US"},{"@type":"Organization","@id":"https:\/\/bellarosa.es\/en\/#organization","name":"Floristeria Bella Rosa","url":"https:\/\/bellarosa.es\/en\/","logo":{"@type":"ImageObject","inLanguage":"en-US","@id":"https:\/\/bellarosa.es\/en\/#\/schema\/logo\/image\/","url":"","contentUrl":"","caption":"Floristeria Bella Rosa"},"image":{"@id":"https:\/\/bellarosa.es\/en\/#\/schema\/logo\/image\/"}}]}},"_links":{"self":[{"href":"https:\/\/bellarosa.es\/en\/wp-json\/wp\/v2\/product\/3090","targetHints":{"allow":["GET"]}}],"collection":[{"href":"https:\/\/bellarosa.es\/en\/wp-json\/wp\/v2\/product"}],"about":[{"href":"https:\/\/bellarosa.es\/en\/wp-json\/wp\/v2\/types\/product"}],"replies":[{"embeddable":true,"href":"https:\/\/bellarosa.es\/en\/wp-json\/wp\/v2\/comments?post=3090"}],"wp:featuredmedia":[{"embeddable":true,"href":"https:\/\/bellarosa.es\/en\/wp-json\/wp\/v2\/media\/8513"}],"wp:attachment":[{"href":"https:\/\/bellarosa.es\/en\/wp-json\/wp\/v2\/media?parent=3090"}],"wp:term":[{"taxonomy":"product_brand","embeddable":true,"href":"https:\/\/bellarosa.es\/en\/wp-json\/wp\/v2\/product_brand?post=3090"},{"taxonomy":"product_cat","embeddable":true,"href":"https:\/\/bellarosa.es\/en\/wp-json\/wp\/v2\/product_cat?post=3090"},{"taxonomy":"product_tag","embeddable":true,"href":"https:\/\/bellarosa.es\/en\/wp-json\/wp\/v2\/product_tag?post=3090"}],"curies":[{"name":"wp","href":"https:\/\/api.w.org\/{rel}","templated":true}]}}