{"id":2950,"date":"2021-08-04T20:38:42","date_gmt":"2021-08-04T20:38:42","guid":{"rendered":"https:\/\/bellarosa.es\/?post_type=product&#038;p=2950"},"modified":"2026-01-20T14:46:59","modified_gmt":"2026-01-20T14:46:59","slug":"ninfa-ramo-de-flores-rosadas","status":"publish","type":"product","link":"https:\/\/bellarosa.es\/en\/ninfa-ramo-de-flores-rosadas\/","title":{"rendered":"Ninfa &#8211; Ramo de Flores Rosadas Varias"},"content":{"rendered":"<h2><strong>Ninfa: siente la llamada del bosque<\/strong><\/h2>\n<p>Nuestro <strong>equipo de expertos de Bella Rosa<\/strong> trabaja d\u00eda a d\u00eda buscando inspiraci\u00f3n para hacer nuevas y bellas creaciones. Basados en la belleza de las criaturas de la Naturaleza y el concepto del amor tierno hemos elaborado <strong>Ninfa<\/strong>. Una<strong> combinaci\u00f3n de preciosas flores en tonos rosados<\/strong> que irradian ternura y elegancia.<\/p>\n<h3>Un ramo inspirados en las criaturas de la Naturaleza<\/h3>\n<p>Como si de un cuento de hadas se tratara, hemos reunido preciosas flores en tonos rosados para mezclar el concepto de la naturaleza con la ternura y el amor desinteresado.<\/p>\n<p>En nuestra selecci\u00f3n se encuentran los <strong>claveles rosas<\/strong>, la flor de la amistad y tambi\u00e9n tiene un fuerte v\u00ednculo con el amor maternal. Los claveles rosados son una opci\u00f3n muy elegida para regalar a las madres.<\/p>\n<p>Por otro lado, las <strong>astromelias rosas<\/strong> siguen en consonancia con el simbolismo de amistad sincera y verdadera.<\/p>\n<p>Las<strong> Clavellinas rosas<\/strong> son una representaci\u00f3n del compromiso, por lo que son ideales para regalar a personas que queremos tener siempre a nuestro lado. Regalando Clavellinas rosas usted est\u00e1 expresando que quiere que esa persona siga formando parte de su vida.<\/p>\n<p>Por \u00faltimo, las <strong>margaritas rosas<\/strong> son s\u00edmbolo de la alegr\u00eda. Si las margaritas tienen un rosa claro, se dice que representan la pureza, mientras que unas margaritas de un rosa intenso son un s\u00edmbolo de agradecimiento.<\/p>\n<h3>\u00bfCu\u00e1ndo regalar Ninfa?<\/h3>\n<p><b>Ninfa<\/b> es un<b> ramo de flores <\/b>inspirado en la belleza de la naturaleza, as\u00ed como en un amor tierno.<\/p>\n<p>Debido a su color es elegido para regalar especialmente a las mujeres, para el <strong>D\u00eda de la Madre<\/strong> o el <strong>D\u00eda de la Mujer<\/strong>, aunque nuestros ramos no tienen g\u00e9nero. Cualquier persona es adecuada y especial, ideal para recibir <strong>Ninfa<\/strong> entre sus manos. Debido a las flores que componen este ramo, las personas id\u00f3neas para regalar son las madres y las amistades m\u00e1s cercanas.<\/p>\n<h3>Flores a domicilio en la Costa del Sol<\/h3>\n<p>Recuerda que somos tu florister\u00eda de confianza en la <strong>Costa del Sol<\/strong>. Hacemos repartos desde <strong>Estepona<\/strong> hasta <strong>San Pedro<\/strong> o <strong>Marbella<\/strong>. Si deseas enviar <strong>flores a domicilio<\/strong> puedes contar con nuestra experiencia para que tus ramos lleguen en las mejores condiciones. Sorprende a tu persona favorita. Tambi\u00e9n puedes hacer uso de nuestro servicio de <strong>tienda online<\/strong>.<\/p>\n<p>&nbsp;<\/p>\n<p>Recuerda que puedes encontrarnos en <a href=\"https:\/\/www.facebook.com\/bellarosa.es\/\">Facebook<\/a> e <a href=\"https:\/\/www.instagram.com\/bellarosa_marbella\/\">Instagram<\/a>. \u00a1Te esperamos!<\/p>\n","protected":false},"excerpt":{"rendered":"<blockquote>\n<p style=\"text-align: center;\">Tus iris son ninfas entre fuegos fatuos de la viril primavera de la vida.<\/p>\n<p style=\"text-align: center;\">&#8211; Otavio JM &#8211;<\/p>\n<\/blockquote>\n<p>Si est\u00e1s buscando una opci\u00f3n tierna y rom\u00e1ntica, hemos creado este ramo pensando en ti. Inspirados en el amor tierno y sincero, puro e inocente, y en la belleza de la naturaleza creamos <strong>Ninfa<\/strong>. Una <strong>combinaci\u00f3n de flores rosadas<\/strong> combinadas entre s\u00ed dando como resultado un ramo de flores sorprendente. Ideal para dejar a esa persona con la boca abierta. <strong>Ninfa<\/strong> est\u00e1 compuesto por:<\/p>\n<p>3 Margaritas fucsia<\/p>\n<p>3 Margaritas blancas<\/p>\n<p>3 Margaritas rosadas<\/p>\n<p>Verdes varios<\/p>\n<p>&nbsp;<\/p>\n<p>Tenemos una gran variedad de ramos de flores preciosos a buen precio. Con\u00f3celos <a href=\"https:\/\/bellarosa.es\/comprar\/flores-varias\/\">aqu\u00ed<\/a><\/p>\n","protected":false},"featured_media":8491,"comment_status":"open","ping_status":"closed","template":"","meta":[],"product_brand":[],"product_cat":[134,144,159,1018],"product_tag":[],"class_list":{"0":"post-2950","1":"product","2":"type-product","3":"status-publish","4":"has-post-thumbnail","6":"product_cat-cumpleanos","7":"product_cat-flores-varias","8":"product_cat-mothers-day","9":"product_cat-ramo-de-flores","11":"first","12":"instock","13":"shipping-taxable","14":"purchasable","15":"product-type-simple","16":"layout-style-1","17":"col-md-4 col-sm-4 col-xs-6","18":"col-lg-4","19":"product-style-default"},"yoast_head":"<!-- This site is optimized with the Yoast SEO plugin v27.5 - https:\/\/yoast.com\/product\/yoast-seo-wordpress\/ -->\n<title>Ninfa - Ramo de Flores Rosadas Varias - Florister&iacute;a en San Pedro Alc&aacute;ntara<\/title>\n<meta name=\"robots\" content=\"noindex, follow\" \/>\n<meta property=\"og:locale\" content=\"en_US\" \/>\n<meta property=\"og:type\" content=\"article\" \/>\n<meta property=\"og:title\" content=\"Ninfa - Ramo de Flores Rosadas Varias - Florister&iacute;a en San Pedro Alc&aacute;ntara\" \/>\n<meta property=\"og:description\" content=\"Tus iris son ninfas entre fuegos fatuos de la viril primavera de la vida. - Otavio JM -  Si est\u00e1s buscando una opci\u00f3n tierna y rom\u00e1ntica, hemos creado este ramo pensando en ti. Inspirados en el amor tierno y sincero, puro e inocente, y en la belleza de la naturaleza creamos Ninfa. Una combinaci\u00f3n de flores rosadas combinadas entre s\u00ed dando como resultado un ramo de flores sorprendente. Ideal para dejar a esa persona con la boca abierta. Ninfa est\u00e1 compuesto por:  3 Margaritas fucsia  3 Margaritas blancas  3 Margaritas rosadas  Verdes varios  &nbsp;  Tenemos una gran variedad de ramos de flores preciosos a buen precio. Con\u00f3celos aqu\u00ed\" \/>\n<meta property=\"og:url\" content=\"https:\/\/bellarosa.es\/en\/ninfa-ramo-de-flores-rosadas\/\" \/>\n<meta property=\"og:site_name\" content=\"Florister&iacute;a en San Pedro Alc&aacute;ntara\" \/>\n<meta property=\"article:modified_time\" content=\"2026-01-20T14:46:59+00:00\" \/>\n<meta property=\"og:image\" content=\"https:\/\/bellarosa.es\/wp-content\/uploads\/2022\/09\/4C82A8F8-0862-41FB-A797-2B467B954BB0-1.png\" \/>\n\t<meta property=\"og:image:width\" content=\"1024\" \/>\n\t<meta property=\"og:image:height\" content=\"1536\" \/>\n\t<meta property=\"og:image:type\" content=\"image\/png\" \/>\n<meta name=\"twitter:card\" content=\"summary_large_image\" \/>\n<meta name=\"twitter:label1\" content=\"Est. reading time\" \/>\n\t<meta name=\"twitter:data1\" content=\"2 minutes\" \/>\n<script type=\"application\/ld+json\" class=\"yoast-schema-graph\">{\"@context\":\"https:\\\/\\\/schema.org\",\"@graph\":[{\"@type\":\"WebPage\",\"@id\":\"https:\\\/\\\/bellarosa.es\\\/en\\\/ninfa-ramo-de-flores-rosadas\\\/\",\"url\":\"https:\\\/\\\/bellarosa.es\\\/en\\\/ninfa-ramo-de-flores-rosadas\\\/\",\"name\":\"Ninfa - Ramo de Flores Rosadas Varias - Florister&iacute;a en San Pedro Alc&aacute;ntara\",\"isPartOf\":{\"@id\":\"https:\\\/\\\/bellarosa.es\\\/en\\\/#website\"},\"primaryImageOfPage\":{\"@id\":\"https:\\\/\\\/bellarosa.es\\\/en\\\/ninfa-ramo-de-flores-rosadas\\\/#primaryimage\"},\"image\":{\"@id\":\"https:\\\/\\\/bellarosa.es\\\/en\\\/ninfa-ramo-de-flores-rosadas\\\/#primaryimage\"},\"thumbnailUrl\":\"https:\\\/\\\/bellarosa.es\\\/wp-content\\\/uploads\\\/2022\\\/09\\\/4C82A8F8-0862-41FB-A797-2B467B954BB0-1.png\",\"datePublished\":\"2021-08-04T20:38:42+00:00\",\"dateModified\":\"2026-01-20T14:46:59+00:00\",\"breadcrumb\":{\"@id\":\"https:\\\/\\\/bellarosa.es\\\/en\\\/ninfa-ramo-de-flores-rosadas\\\/#breadcrumb\"},\"inLanguage\":\"en-US\",\"potentialAction\":[{\"@type\":\"ReadAction\",\"target\":[\"https:\\\/\\\/bellarosa.es\\\/en\\\/ninfa-ramo-de-flores-rosadas\\\/\"]}]},{\"@type\":\"ImageObject\",\"inLanguage\":\"en-US\",\"@id\":\"https:\\\/\\\/bellarosa.es\\\/en\\\/ninfa-ramo-de-flores-rosadas\\\/#primaryimage\",\"url\":\"https:\\\/\\\/bellarosa.es\\\/wp-content\\\/uploads\\\/2022\\\/09\\\/4C82A8F8-0862-41FB-A797-2B467B954BB0-1.png\",\"contentUrl\":\"https:\\\/\\\/bellarosa.es\\\/wp-content\\\/uploads\\\/2022\\\/09\\\/4C82A8F8-0862-41FB-A797-2B467B954BB0-1.png\",\"width\":1024,\"height\":1536},{\"@type\":\"BreadcrumbList\",\"@id\":\"https:\\\/\\\/bellarosa.es\\\/en\\\/ninfa-ramo-de-flores-rosadas\\\/#breadcrumb\",\"itemListElement\":[{\"@type\":\"ListItem\",\"position\":1,\"name\":\"Inicio\",\"item\":\"https:\\\/\\\/bellarosa.es\\\/en\\\/\"},{\"@type\":\"ListItem\",\"position\":2,\"name\":\"Shop\",\"item\":\"https:\\\/\\\/bellarosa.es\\\/en\\\/shop\\\/\"},{\"@type\":\"ListItem\",\"position\":3,\"name\":\"Ninfa &#8211; Ramo de Flores Rosadas Varias\"}]},{\"@type\":\"WebSite\",\"@id\":\"https:\\\/\\\/bellarosa.es\\\/en\\\/#website\",\"url\":\"https:\\\/\\\/bellarosa.es\\\/en\\\/\",\"name\":\"Florister&iacute;a en San Pedro Alc&aacute;ntara\",\"description\":\"\",\"publisher\":{\"@id\":\"https:\\\/\\\/bellarosa.es\\\/en\\\/#organization\"},\"potentialAction\":[{\"@type\":\"SearchAction\",\"target\":{\"@type\":\"EntryPoint\",\"urlTemplate\":\"https:\\\/\\\/bellarosa.es\\\/en\\\/?s={search_term_string}\"},\"query-input\":{\"@type\":\"PropertyValueSpecification\",\"valueRequired\":true,\"valueName\":\"search_term_string\"}}],\"inLanguage\":\"en-US\"},{\"@type\":\"Organization\",\"@id\":\"https:\\\/\\\/bellarosa.es\\\/en\\\/#organization\",\"name\":\"Floristeria Bella Rosa\",\"url\":\"https:\\\/\\\/bellarosa.es\\\/en\\\/\",\"logo\":{\"@type\":\"ImageObject\",\"inLanguage\":\"en-US\",\"@id\":\"https:\\\/\\\/bellarosa.es\\\/en\\\/#\\\/schema\\\/logo\\\/image\\\/\",\"url\":\"\",\"contentUrl\":\"\",\"caption\":\"Floristeria Bella Rosa\"},\"image\":{\"@id\":\"https:\\\/\\\/bellarosa.es\\\/en\\\/#\\\/schema\\\/logo\\\/image\\\/\"}}]}<\/script>\n<!-- \/ Yoast SEO plugin. -->","yoast_head_json":{"title":"Ninfa - Ramo de Flores Rosadas Varias - Florister&iacute;a en San Pedro Alc&aacute;ntara","robots":{"index":"noindex","follow":"follow"},"og_locale":"en_US","og_type":"article","og_title":"Ninfa - Ramo de Flores Rosadas Varias - Florister&iacute;a en San Pedro Alc&aacute;ntara","og_description":"Tus iris son ninfas entre fuegos fatuos de la viril primavera de la vida. - Otavio JM -  Si est\u00e1s buscando una opci\u00f3n tierna y rom\u00e1ntica, hemos creado este ramo pensando en ti. Inspirados en el amor tierno y sincero, puro e inocente, y en la belleza de la naturaleza creamos Ninfa. Una combinaci\u00f3n de flores rosadas combinadas entre s\u00ed dando como resultado un ramo de flores sorprendente. Ideal para dejar a esa persona con la boca abierta. Ninfa est\u00e1 compuesto por:  3 Margaritas fucsia  3 Margaritas blancas  3 Margaritas rosadas  Verdes varios  &nbsp;  Tenemos una gran variedad de ramos de flores preciosos a buen precio. Con\u00f3celos aqu\u00ed","og_url":"https:\/\/bellarosa.es\/en\/ninfa-ramo-de-flores-rosadas\/","og_site_name":"Florister&iacute;a en San Pedro Alc&aacute;ntara","article_modified_time":"2026-01-20T14:46:59+00:00","og_image":[{"width":1024,"height":1536,"url":"https:\/\/bellarosa.es\/wp-content\/uploads\/2022\/09\/4C82A8F8-0862-41FB-A797-2B467B954BB0-1.png","type":"image\/png"}],"twitter_card":"summary_large_image","twitter_misc":{"Est. reading time":"2 minutes"},"schema":{"@context":"https:\/\/schema.org","@graph":[{"@type":"WebPage","@id":"https:\/\/bellarosa.es\/en\/ninfa-ramo-de-flores-rosadas\/","url":"https:\/\/bellarosa.es\/en\/ninfa-ramo-de-flores-rosadas\/","name":"Ninfa - Ramo de Flores Rosadas Varias - Florister&iacute;a en San Pedro Alc&aacute;ntara","isPartOf":{"@id":"https:\/\/bellarosa.es\/en\/#website"},"primaryImageOfPage":{"@id":"https:\/\/bellarosa.es\/en\/ninfa-ramo-de-flores-rosadas\/#primaryimage"},"image":{"@id":"https:\/\/bellarosa.es\/en\/ninfa-ramo-de-flores-rosadas\/#primaryimage"},"thumbnailUrl":"https:\/\/bellarosa.es\/wp-content\/uploads\/2022\/09\/4C82A8F8-0862-41FB-A797-2B467B954BB0-1.png","datePublished":"2021-08-04T20:38:42+00:00","dateModified":"2026-01-20T14:46:59+00:00","breadcrumb":{"@id":"https:\/\/bellarosa.es\/en\/ninfa-ramo-de-flores-rosadas\/#breadcrumb"},"inLanguage":"en-US","potentialAction":[{"@type":"ReadAction","target":["https:\/\/bellarosa.es\/en\/ninfa-ramo-de-flores-rosadas\/"]}]},{"@type":"ImageObject","inLanguage":"en-US","@id":"https:\/\/bellarosa.es\/en\/ninfa-ramo-de-flores-rosadas\/#primaryimage","url":"https:\/\/bellarosa.es\/wp-content\/uploads\/2022\/09\/4C82A8F8-0862-41FB-A797-2B467B954BB0-1.png","contentUrl":"https:\/\/bellarosa.es\/wp-content\/uploads\/2022\/09\/4C82A8F8-0862-41FB-A797-2B467B954BB0-1.png","width":1024,"height":1536},{"@type":"BreadcrumbList","@id":"https:\/\/bellarosa.es\/en\/ninfa-ramo-de-flores-rosadas\/#breadcrumb","itemListElement":[{"@type":"ListItem","position":1,"name":"Inicio","item":"https:\/\/bellarosa.es\/en\/"},{"@type":"ListItem","position":2,"name":"Shop","item":"https:\/\/bellarosa.es\/en\/shop\/"},{"@type":"ListItem","position":3,"name":"Ninfa &#8211; Ramo de Flores Rosadas Varias"}]},{"@type":"WebSite","@id":"https:\/\/bellarosa.es\/en\/#website","url":"https:\/\/bellarosa.es\/en\/","name":"Florister&iacute;a en San Pedro Alc&aacute;ntara","description":"","publisher":{"@id":"https:\/\/bellarosa.es\/en\/#organization"},"potentialAction":[{"@type":"SearchAction","target":{"@type":"EntryPoint","urlTemplate":"https:\/\/bellarosa.es\/en\/?s={search_term_string}"},"query-input":{"@type":"PropertyValueSpecification","valueRequired":true,"valueName":"search_term_string"}}],"inLanguage":"en-US"},{"@type":"Organization","@id":"https:\/\/bellarosa.es\/en\/#organization","name":"Floristeria Bella Rosa","url":"https:\/\/bellarosa.es\/en\/","logo":{"@type":"ImageObject","inLanguage":"en-US","@id":"https:\/\/bellarosa.es\/en\/#\/schema\/logo\/image\/","url":"","contentUrl":"","caption":"Floristeria Bella Rosa"},"image":{"@id":"https:\/\/bellarosa.es\/en\/#\/schema\/logo\/image\/"}}]}},"_links":{"self":[{"href":"https:\/\/bellarosa.es\/en\/wp-json\/wp\/v2\/product\/2950","targetHints":{"allow":["GET"]}}],"collection":[{"href":"https:\/\/bellarosa.es\/en\/wp-json\/wp\/v2\/product"}],"about":[{"href":"https:\/\/bellarosa.es\/en\/wp-json\/wp\/v2\/types\/product"}],"replies":[{"embeddable":true,"href":"https:\/\/bellarosa.es\/en\/wp-json\/wp\/v2\/comments?post=2950"}],"wp:featuredmedia":[{"embeddable":true,"href":"https:\/\/bellarosa.es\/en\/wp-json\/wp\/v2\/media\/8491"}],"wp:attachment":[{"href":"https:\/\/bellarosa.es\/en\/wp-json\/wp\/v2\/media?parent=2950"}],"wp:term":[{"taxonomy":"product_brand","embeddable":true,"href":"https:\/\/bellarosa.es\/en\/wp-json\/wp\/v2\/product_brand?post=2950"},{"taxonomy":"product_cat","embeddable":true,"href":"https:\/\/bellarosa.es\/en\/wp-json\/wp\/v2\/product_cat?post=2950"},{"taxonomy":"product_tag","embeddable":true,"href":"https:\/\/bellarosa.es\/en\/wp-json\/wp\/v2\/product_tag?post=2950"}],"curies":[{"name":"wp","href":"https:\/\/api.w.org\/{rel}","templated":true}]}}