{"id":2527,"date":"2021-07-30T14:27:18","date_gmt":"2021-07-30T14:27:18","guid":{"rendered":"https:\/\/bellarosa.es\/?post_type=product&#038;p=2527"},"modified":"2026-04-10T11:06:56","modified_gmt":"2026-04-10T11:06:56","slug":"polvo-de-hadas-ramo-de-flores-rosas","status":"publish","type":"product","link":"https:\/\/bellarosa.es\/en\/polvo-de-hadas-ramo-de-flores-rosas\/","title":{"rendered":"Polvo de hadas &#8211; Ramo de Hortensias rosadas"},"content":{"rendered":"<h2><strong>Un ramo de flores ba\u00f1ado en Polvo de hadas<\/strong><\/h2>\n<p>Un <strong>ramo de flores m\u00e1gico<\/strong> desde la idea, su proceso de creaci\u00f3n o su presencia una vez elaborado. La <strong>combinaci\u00f3n de\u00a0 Hortensias\u00a0 rosadas<\/strong> que lo componen nos evocan a un cuento de hadas. Una opci\u00f3n muy tierna para regalar en fechas se\u00f1aladas. Un ramo de flores donde nuestro equipo ha puesto su cari\u00f1o y dedicaci\u00f3n desde el primer momento.<\/p>\n<h3>Una exclusiva selecci\u00f3n de Hortensias en tonos rosados<\/h3>\n<p>Nuestros <strong>floristas expertos<\/strong> han realizado un trabajo de selecci\u00f3n de flores que ganan en su combinaci\u00f3n por resaltar sus tonos rosados, basados en la ternura de los cuentos de hadas.<\/p>\n<p>Hemos seleccionado las Hortensias rosadas, una combinaci\u00f3n m\u00e1s que llamativa que componen una bonita tr\u00edada:<b> amor, amistad y compromiso.<\/b><\/p>\n<p>La Hortensia Rosada es sin\u00f3nimo de expresar <strong>amor tierno y sincero<\/strong>. Es una flor que relacionamos con el amor,\u00a0 en su versi\u00f3n rosada hace m\u00e1s bien referencia a la inocencia y la sinceridad de un amor desinteresado y profundo. Tambi\u00e9n usada para expresar un cari\u00f1o vinculado a una relaci\u00f3n cercana, que no tiene por qu\u00e9 ser rom\u00e1ntica.<\/p>\n<h3>\u00bfCu\u00e1ndo regalar Polvo de hadas?<\/h3>\n<p><b>Polvo de hadas<\/b> es un<b> ramo de Hortensias <\/b>que expresa sinceridad y amor tierno. Ser\u00e1 el regalo ideal para alegrar el d\u00eda de tu persona favorita mientras expresas hacia ella agradecimiento por formar parte de tu vida.<\/p>\n<p>Tambi\u00e9n es ideal para conquistar el coraz\u00f3n de una persona que ha llegado a tu vida y que quieres que contin\u00fae en ella, siendo vuestro amor un v\u00ednculo sincero y puro.<\/p>\n<h3>Flores a domicilio en la Costa del Sol<\/h3>\n<p>Recuerda que somos tu florister\u00eda de confianza en la <strong>Costa del Sol<\/strong>. Hacemos repartos desde <strong>Estepona<\/strong> hasta <strong>San Pedro<\/strong> o <strong>Marbella<\/strong>. Si deseas enviar <strong>flores a domicilio<\/strong> puedes contar con nuestra experiencia para que tus ramos lleguen en las mejores condiciones. Sorprende a tu persona favorita. Tambi\u00e9n puedes hacer uso de nuestro servicio de <strong>tienda online<\/strong>.<\/p>\n<p>&nbsp;<\/p>\n<p>Recuerda que puedes encontrarnos en <a href=\"https:\/\/www.facebook.com\/bellarosa.es\/\">Facebook<\/a> e <a href=\"https:\/\/www.instagram.com\/bellarosa_marbella\/\">Instagram<\/a>. \u00a1Te esperamos!<\/p>\n","protected":false},"excerpt":{"rendered":"<blockquote>\n<p style=\"text-align: center;\">La vida de cada hombre es un cuento de hadas escrito por la mano del se\u00f1or.<\/p>\n<p style=\"text-align: center;\">&#8211; Hans Christian Andersen &#8211;<\/p>\n<\/blockquote>\n<p>Basado en los cuentos de hadas, en la magia y en los sue\u00f1os, nuestro <strong>equipo de floristas profesionales<\/strong> ha creado <strong>Polvo de hada<\/strong>, un ramo de flores compuesto por <strong>Hortensias <\/strong><strong>\u00a0tonos rosas<\/strong> que brindan una opci\u00f3n llena de encanto y belleza. Si est\u00e1s buscando un ramo de flores diferente e impactante, tenemos la soluci\u00f3n. <strong>Polvo de hadas<\/strong> est\u00e1 compuesto por:<\/p>\n<p>13 Hortensias Rosadas<\/p>\n<p>&nbsp;<\/p>\n<p>&nbsp;<\/p>\n<p>Tenemos una gran variedad de ramos de flores preciosos a buen precio. Con\u00f3celos <a href=\"https:\/\/bellarosa.es\/comprar\/flores-varias\/\">aqu\u00ed<\/a><\/p>\n","protected":false},"featured_media":8831,"comment_status":"open","ping_status":"closed","template":"","meta":[],"product_brand":[],"product_cat":[1149,159,1100],"product_tag":[],"class_list":{"0":"post-2527","1":"product","2":"type-product","3":"status-publish","4":"has-post-thumbnail","6":"product_cat-dia-de-la-madre","7":"product_cat-mothers-day","8":"product_cat-8-marzo-dia-de-la-mujer","10":"first","11":"instock","12":"shipping-taxable","13":"purchasable","14":"product-type-simple","15":"layout-style-1","16":"col-md-4 col-sm-4 col-xs-6","17":"col-lg-4","18":"product-style-default"},"yoast_head":"<!-- This site is optimized with the Yoast SEO plugin v27.5 - https:\/\/yoast.com\/product\/yoast-seo-wordpress\/ -->\n<title>Polvo de hadas - Ramo de Hortensias rosadas - Florister&iacute;a en San Pedro Alc&aacute;ntara<\/title>\n<meta name=\"robots\" content=\"index, follow, max-snippet:-1, max-image-preview:large, max-video-preview:-1\" \/>\n<link rel=\"canonical\" href=\"https:\/\/bellarosa.es\/en\/polvo-de-hadas-ramo-de-flores-rosas\/\" \/>\n<meta property=\"og:locale\" content=\"en_US\" \/>\n<meta property=\"og:type\" content=\"article\" \/>\n<meta property=\"og:title\" content=\"Polvo de hadas - Ramo de Hortensias rosadas - Florister&iacute;a en San Pedro Alc&aacute;ntara\" \/>\n<meta property=\"og:description\" content=\"La vida de cada hombre es un cuento de hadas escrito por la mano del se\u00f1or. - Hans Christian Andersen -  Basado en los cuentos de hadas, en la magia y en los sue\u00f1os, nuestro equipo de floristas profesionales ha creado Polvo de hada, un ramo de flores compuesto por Hortensias \u00a0tonos rosas que brindan una opci\u00f3n llena de encanto y belleza. Si est\u00e1s buscando un ramo de flores diferente e impactante, tenemos la soluci\u00f3n. Polvo de hadas est\u00e1 compuesto por:  13 Hortensias Rosadas  &nbsp;  &nbsp;  Tenemos una gran variedad de ramos de flores preciosos a buen precio. Con\u00f3celos aqu\u00ed\" \/>\n<meta property=\"og:url\" content=\"https:\/\/bellarosa.es\/en\/polvo-de-hadas-ramo-de-flores-rosas\/\" \/>\n<meta property=\"og:site_name\" content=\"Florister&iacute;a en San Pedro Alc&aacute;ntara\" \/>\n<meta property=\"article:modified_time\" content=\"2026-04-10T11:06:56+00:00\" \/>\n<meta property=\"og:image\" content=\"https:\/\/bellarosa.es\/wp-content\/uploads\/2021\/07\/CB610ABC-B81F-4C7D-9853-A755003CE41A.png\" \/>\n\t<meta property=\"og:image:width\" content=\"640\" \/>\n\t<meta property=\"og:image:height\" content=\"960\" \/>\n\t<meta property=\"og:image:type\" content=\"image\/png\" \/>\n<meta name=\"twitter:card\" content=\"summary_large_image\" \/>\n<meta name=\"twitter:label1\" content=\"Est. reading time\" \/>\n\t<meta name=\"twitter:data1\" content=\"2 minutes\" \/>\n<script type=\"application\/ld+json\" class=\"yoast-schema-graph\">{\"@context\":\"https:\\\/\\\/schema.org\",\"@graph\":[{\"@type\":\"WebPage\",\"@id\":\"https:\\\/\\\/bellarosa.es\\\/en\\\/polvo-de-hadas-ramo-de-flores-rosas\\\/\",\"url\":\"https:\\\/\\\/bellarosa.es\\\/en\\\/polvo-de-hadas-ramo-de-flores-rosas\\\/\",\"name\":\"Polvo de hadas - Ramo de Hortensias rosadas - Florister&iacute;a en San Pedro Alc&aacute;ntara\",\"isPartOf\":{\"@id\":\"https:\\\/\\\/bellarosa.es\\\/en\\\/#website\"},\"primaryImageOfPage\":{\"@id\":\"https:\\\/\\\/bellarosa.es\\\/en\\\/polvo-de-hadas-ramo-de-flores-rosas\\\/#primaryimage\"},\"image\":{\"@id\":\"https:\\\/\\\/bellarosa.es\\\/en\\\/polvo-de-hadas-ramo-de-flores-rosas\\\/#primaryimage\"},\"thumbnailUrl\":\"https:\\\/\\\/bellarosa.es\\\/wp-content\\\/uploads\\\/2021\\\/07\\\/CB610ABC-B81F-4C7D-9853-A755003CE41A.png\",\"datePublished\":\"2021-07-30T14:27:18+00:00\",\"dateModified\":\"2026-04-10T11:06:56+00:00\",\"breadcrumb\":{\"@id\":\"https:\\\/\\\/bellarosa.es\\\/en\\\/polvo-de-hadas-ramo-de-flores-rosas\\\/#breadcrumb\"},\"inLanguage\":\"en-US\",\"potentialAction\":[{\"@type\":\"ReadAction\",\"target\":[\"https:\\\/\\\/bellarosa.es\\\/en\\\/polvo-de-hadas-ramo-de-flores-rosas\\\/\"]}]},{\"@type\":\"ImageObject\",\"inLanguage\":\"en-US\",\"@id\":\"https:\\\/\\\/bellarosa.es\\\/en\\\/polvo-de-hadas-ramo-de-flores-rosas\\\/#primaryimage\",\"url\":\"https:\\\/\\\/bellarosa.es\\\/wp-content\\\/uploads\\\/2021\\\/07\\\/CB610ABC-B81F-4C7D-9853-A755003CE41A.png\",\"contentUrl\":\"https:\\\/\\\/bellarosa.es\\\/wp-content\\\/uploads\\\/2021\\\/07\\\/CB610ABC-B81F-4C7D-9853-A755003CE41A.png\",\"width\":1024,\"height\":1536},{\"@type\":\"BreadcrumbList\",\"@id\":\"https:\\\/\\\/bellarosa.es\\\/en\\\/polvo-de-hadas-ramo-de-flores-rosas\\\/#breadcrumb\",\"itemListElement\":[{\"@type\":\"ListItem\",\"position\":1,\"name\":\"Inicio\",\"item\":\"https:\\\/\\\/bellarosa.es\\\/en\\\/\"},{\"@type\":\"ListItem\",\"position\":2,\"name\":\"Shop\",\"item\":\"https:\\\/\\\/bellarosa.es\\\/en\\\/shop\\\/\"},{\"@type\":\"ListItem\",\"position\":3,\"name\":\"Polvo de hadas &#8211; Ramo de Hortensias rosadas\"}]},{\"@type\":\"WebSite\",\"@id\":\"https:\\\/\\\/bellarosa.es\\\/en\\\/#website\",\"url\":\"https:\\\/\\\/bellarosa.es\\\/en\\\/\",\"name\":\"Florister&iacute;a en San Pedro Alc&aacute;ntara\",\"description\":\"\",\"publisher\":{\"@id\":\"https:\\\/\\\/bellarosa.es\\\/en\\\/#organization\"},\"potentialAction\":[{\"@type\":\"SearchAction\",\"target\":{\"@type\":\"EntryPoint\",\"urlTemplate\":\"https:\\\/\\\/bellarosa.es\\\/en\\\/?s={search_term_string}\"},\"query-input\":{\"@type\":\"PropertyValueSpecification\",\"valueRequired\":true,\"valueName\":\"search_term_string\"}}],\"inLanguage\":\"en-US\"},{\"@type\":\"Organization\",\"@id\":\"https:\\\/\\\/bellarosa.es\\\/en\\\/#organization\",\"name\":\"Floristeria Bella Rosa\",\"url\":\"https:\\\/\\\/bellarosa.es\\\/en\\\/\",\"logo\":{\"@type\":\"ImageObject\",\"inLanguage\":\"en-US\",\"@id\":\"https:\\\/\\\/bellarosa.es\\\/en\\\/#\\\/schema\\\/logo\\\/image\\\/\",\"url\":\"\",\"contentUrl\":\"\",\"caption\":\"Floristeria Bella Rosa\"},\"image\":{\"@id\":\"https:\\\/\\\/bellarosa.es\\\/en\\\/#\\\/schema\\\/logo\\\/image\\\/\"}}]}<\/script>\n<!-- \/ Yoast SEO plugin. -->","yoast_head_json":{"title":"Polvo de hadas - Ramo de Hortensias rosadas - Florister&iacute;a en San Pedro Alc&aacute;ntara","robots":{"index":"index","follow":"follow","max-snippet":"max-snippet:-1","max-image-preview":"max-image-preview:large","max-video-preview":"max-video-preview:-1"},"canonical":"https:\/\/bellarosa.es\/en\/polvo-de-hadas-ramo-de-flores-rosas\/","og_locale":"en_US","og_type":"article","og_title":"Polvo de hadas - Ramo de Hortensias rosadas - Florister&iacute;a en San Pedro Alc&aacute;ntara","og_description":"La vida de cada hombre es un cuento de hadas escrito por la mano del se\u00f1or. - Hans Christian Andersen -  Basado en los cuentos de hadas, en la magia y en los sue\u00f1os, nuestro equipo de floristas profesionales ha creado Polvo de hada, un ramo de flores compuesto por Hortensias \u00a0tonos rosas que brindan una opci\u00f3n llena de encanto y belleza. Si est\u00e1s buscando un ramo de flores diferente e impactante, tenemos la soluci\u00f3n. Polvo de hadas est\u00e1 compuesto por:  13 Hortensias Rosadas  &nbsp;  &nbsp;  Tenemos una gran variedad de ramos de flores preciosos a buen precio. Con\u00f3celos aqu\u00ed","og_url":"https:\/\/bellarosa.es\/en\/polvo-de-hadas-ramo-de-flores-rosas\/","og_site_name":"Florister&iacute;a en San Pedro Alc&aacute;ntara","article_modified_time":"2026-04-10T11:06:56+00:00","og_image":[{"url":"https:\/\/bellarosa.es\/wp-content\/uploads\/2021\/07\/CB610ABC-B81F-4C7D-9853-A755003CE41A.png","width":640,"height":960,"type":"image\/png"}],"twitter_card":"summary_large_image","twitter_misc":{"Est. reading time":"2 minutes"},"schema":{"@context":"https:\/\/schema.org","@graph":[{"@type":"WebPage","@id":"https:\/\/bellarosa.es\/en\/polvo-de-hadas-ramo-de-flores-rosas\/","url":"https:\/\/bellarosa.es\/en\/polvo-de-hadas-ramo-de-flores-rosas\/","name":"Polvo de hadas - Ramo de Hortensias rosadas - Florister&iacute;a en San Pedro Alc&aacute;ntara","isPartOf":{"@id":"https:\/\/bellarosa.es\/en\/#website"},"primaryImageOfPage":{"@id":"https:\/\/bellarosa.es\/en\/polvo-de-hadas-ramo-de-flores-rosas\/#primaryimage"},"image":{"@id":"https:\/\/bellarosa.es\/en\/polvo-de-hadas-ramo-de-flores-rosas\/#primaryimage"},"thumbnailUrl":"https:\/\/bellarosa.es\/wp-content\/uploads\/2021\/07\/CB610ABC-B81F-4C7D-9853-A755003CE41A.png","datePublished":"2021-07-30T14:27:18+00:00","dateModified":"2026-04-10T11:06:56+00:00","breadcrumb":{"@id":"https:\/\/bellarosa.es\/en\/polvo-de-hadas-ramo-de-flores-rosas\/#breadcrumb"},"inLanguage":"en-US","potentialAction":[{"@type":"ReadAction","target":["https:\/\/bellarosa.es\/en\/polvo-de-hadas-ramo-de-flores-rosas\/"]}]},{"@type":"ImageObject","inLanguage":"en-US","@id":"https:\/\/bellarosa.es\/en\/polvo-de-hadas-ramo-de-flores-rosas\/#primaryimage","url":"https:\/\/bellarosa.es\/wp-content\/uploads\/2021\/07\/CB610ABC-B81F-4C7D-9853-A755003CE41A.png","contentUrl":"https:\/\/bellarosa.es\/wp-content\/uploads\/2021\/07\/CB610ABC-B81F-4C7D-9853-A755003CE41A.png","width":1024,"height":1536},{"@type":"BreadcrumbList","@id":"https:\/\/bellarosa.es\/en\/polvo-de-hadas-ramo-de-flores-rosas\/#breadcrumb","itemListElement":[{"@type":"ListItem","position":1,"name":"Inicio","item":"https:\/\/bellarosa.es\/en\/"},{"@type":"ListItem","position":2,"name":"Shop","item":"https:\/\/bellarosa.es\/en\/shop\/"},{"@type":"ListItem","position":3,"name":"Polvo de hadas &#8211; Ramo de Hortensias rosadas"}]},{"@type":"WebSite","@id":"https:\/\/bellarosa.es\/en\/#website","url":"https:\/\/bellarosa.es\/en\/","name":"Florister&iacute;a en San Pedro Alc&aacute;ntara","description":"","publisher":{"@id":"https:\/\/bellarosa.es\/en\/#organization"},"potentialAction":[{"@type":"SearchAction","target":{"@type":"EntryPoint","urlTemplate":"https:\/\/bellarosa.es\/en\/?s={search_term_string}"},"query-input":{"@type":"PropertyValueSpecification","valueRequired":true,"valueName":"search_term_string"}}],"inLanguage":"en-US"},{"@type":"Organization","@id":"https:\/\/bellarosa.es\/en\/#organization","name":"Floristeria Bella Rosa","url":"https:\/\/bellarosa.es\/en\/","logo":{"@type":"ImageObject","inLanguage":"en-US","@id":"https:\/\/bellarosa.es\/en\/#\/schema\/logo\/image\/","url":"","contentUrl":"","caption":"Floristeria Bella Rosa"},"image":{"@id":"https:\/\/bellarosa.es\/en\/#\/schema\/logo\/image\/"}}]}},"_links":{"self":[{"href":"https:\/\/bellarosa.es\/en\/wp-json\/wp\/v2\/product\/2527","targetHints":{"allow":["GET"]}}],"collection":[{"href":"https:\/\/bellarosa.es\/en\/wp-json\/wp\/v2\/product"}],"about":[{"href":"https:\/\/bellarosa.es\/en\/wp-json\/wp\/v2\/types\/product"}],"replies":[{"embeddable":true,"href":"https:\/\/bellarosa.es\/en\/wp-json\/wp\/v2\/comments?post=2527"}],"wp:featuredmedia":[{"embeddable":true,"href":"https:\/\/bellarosa.es\/en\/wp-json\/wp\/v2\/media\/8831"}],"wp:attachment":[{"href":"https:\/\/bellarosa.es\/en\/wp-json\/wp\/v2\/media?parent=2527"}],"wp:term":[{"taxonomy":"product_brand","embeddable":true,"href":"https:\/\/bellarosa.es\/en\/wp-json\/wp\/v2\/product_brand?post=2527"},{"taxonomy":"product_cat","embeddable":true,"href":"https:\/\/bellarosa.es\/en\/wp-json\/wp\/v2\/product_cat?post=2527"},{"taxonomy":"product_tag","embeddable":true,"href":"https:\/\/bellarosa.es\/en\/wp-json\/wp\/v2\/product_tag?post=2527"}],"curies":[{"name":"wp","href":"https:\/\/api.w.org\/{rel}","templated":true}]}}