{"id":2493,"date":"2021-07-21T22:31:00","date_gmt":"2021-07-21T22:31:00","guid":{"rendered":"https:\/\/bellarosa.es\/?post_type=product&#038;p=2493"},"modified":"2026-04-10T11:07:07","modified_gmt":"2026-04-10T11:07:07","slug":"dulce-rosas-rosadas-y-astromelias","status":"publish","type":"product","link":"https:\/\/bellarosa.es\/en\/dulce-rosas-rosadas-y-astromelias\/","title":{"rendered":"Dulce &#8211; Ran\u00fanculos y Spray Roses"},"content":{"rendered":"<blockquote>\n<h2><strong>A nadie le amarga un dulce, d\u00edselo con flores<\/strong><\/h2>\n<\/blockquote>\n<p>Regala la experiencia de recibir flores. Un momento dulce e inolvidable. Encuentra un solo motivo y no lo pienses m\u00e1s. Expresa tu amor, tu respeto, tu agradecimiento o dale \u00e1nimos a esa persona que lo necesita. Para cada momento, nuestro <strong>equipo de expertos<\/strong> ha preparado un <strong>ramo de flores especial<\/strong>.<\/p>\n<h3>Ran\u00fanculos y Spray roses rosado en combinaci\u00f3n<\/h3>\n<p>La tem\u00e1tica de este ramo es la dulzura en su m\u00e1ximo esplendor, y qu\u00e9 color puede evocar el dulce que el tono rosado. Para conseguir una armon\u00eda de texturas, olores y colores hemos escogido<\/p>\n<h3>Ran\u00fanculos y Spray roses rosado Dos flores muy bellas que llaman la atenci\u00f3n y embaucan a cualquier persona que las reciba.<\/h3>\n<p>La spray roses<strong>\u00a0rosada<\/strong>\u00a0es s\u00edmbolo del <strong>amor tierno<\/strong>, una flor con muchas connotaciones femeninas y que es por todos deseada y conocida.<\/p>\n<p>ran\u00fanculos es s\u00edmbolo de prosperidad y buen gusto<\/p>\n<p>&nbsp;<\/p>\n<h3>\u00bfCu\u00e1ndo regalar Dulce?<\/h3>\n<p><b>Dulce<\/b> es un<b> ramo de flores en tonos rosados <\/b>ideal para regalar en momentos de agradecimiento o para expresar sentimientos de amor tierno y profundo. Indicado para<b> parejas, <\/b>as\u00ed como para<b> familiares cercanos<\/b> que son un pilar fundamental en nuestras vidas. <b>Dulce es regalar amor, cari\u00f1o y ternura.\u00a0<\/b><\/p>\n<h3>Flores a domicilio en la Costa del Sol<\/h3>\n<p>Recuerda que somos tu florister\u00eda de confianza en la <strong>Costa del Sol<\/strong>. Hacemos repartos desde <strong>Estepona<\/strong> hasta <strong>San Pedro<\/strong> o <strong>Marbella<\/strong>. Si deseas enviar <strong>flores a domicilio<\/strong> puedes contar con nuestra experiencia para que tus ramos lleguen en las mejores condiciones. Sorprende a tu persona favorita. Tambi\u00e9n puedes hacer uso de nuestro servicio de <strong>tienda online<\/strong>.<\/p>\n<p>&nbsp;<\/p>\n<p>Recuerda que puedes encontrarnos en <a href=\"https:\/\/www.facebook.com\/bellarosa.es\/\">Facebook<\/a> e <a href=\"https:\/\/www.instagram.com\/bellarosa_marbella\/\">Instagram<\/a>. \u00a1Te esperamos!<\/p>\n","protected":false},"excerpt":{"rendered":"<blockquote>\n<p style=\"text-align: center;\">Tus amargos momentos tienen tiempo para convertirse en dulces recuerdos.<\/p>\n<p style=\"text-align: center;\">&#8211; Alexandre Dumas &#8211;<\/p>\n<\/blockquote>\n<p>Regalar flores es un acto sincero lleno de sentimientos. Para que sea inolvidable, hemos creado <strong>Dulce<\/strong>, un ramo de flores compuesto con las rosas y ran\u00fanculos m\u00e1s bellas. Un concepto de ternura e inocencia sintetizado en un precioso ramo. <strong>Dulce<\/strong> est\u00e1 compuesto por:<\/p>\n<p>15 Ranunculos rosado Rosadas<br \/>\n12 apray roses rosado<\/p>\n<p>Verdes suaves varios<\/p>\n<p>&nbsp;<\/p>\n<p>Tenemos una gran variedad de ramos de flores preciosos a buen precio. Con\u00f3celos <a href=\"https:\/\/bellarosa.es\/comprar\/flores-varias\/\">aqu\u00ed<\/a><\/p>\n","protected":false},"featured_media":8827,"comment_status":"open","ping_status":"closed","template":"","meta":[],"product_brand":[],"product_cat":[1149,1100],"product_tag":[],"class_list":{"0":"post-2493","1":"product","2":"type-product","3":"status-publish","4":"has-post-thumbnail","6":"product_cat-dia-de-la-madre","7":"product_cat-8-marzo-dia-de-la-mujer","9":"first","10":"instock","11":"shipping-taxable","12":"purchasable","13":"product-type-simple","14":"layout-style-1","15":"col-md-4 col-sm-4 col-xs-6","16":"col-lg-4","17":"product-style-default"},"yoast_head":"<!-- This site is optimized with the Yoast SEO plugin v27.4 - https:\/\/yoast.com\/product\/yoast-seo-wordpress\/ -->\n<title>Dulce - Ran\u00fanculos y Spray Roses - Florister&iacute;a en San Pedro Alc&aacute;ntara<\/title>\n<meta name=\"robots\" content=\"noindex, follow\" \/>\n<meta property=\"og:locale\" content=\"en_US\" \/>\n<meta property=\"og:type\" content=\"article\" \/>\n<meta property=\"og:title\" content=\"Dulce - Ran\u00fanculos y Spray Roses - Florister&iacute;a en San Pedro Alc&aacute;ntara\" \/>\n<meta property=\"og:description\" content=\"Tus amargos momentos tienen tiempo para convertirse en dulces recuerdos. - Alexandre Dumas -  Regalar flores es un acto sincero lleno de sentimientos. Para que sea inolvidable, hemos creado Dulce, un ramo de flores compuesto con las rosas y ran\u00fanculos m\u00e1s bellas. Un concepto de ternura e inocencia sintetizado en un precioso ramo. Dulce est\u00e1 compuesto por:  15 Ranunculos rosado Rosadas 12 apray roses rosado  Verdes suaves varios  &nbsp;  Tenemos una gran variedad de ramos de flores preciosos a buen precio. Con\u00f3celos aqu\u00ed\" \/>\n<meta property=\"og:url\" content=\"https:\/\/bellarosa.es\/en\/dulce-rosas-rosadas-y-astromelias\/\" \/>\n<meta property=\"og:site_name\" content=\"Florister&iacute;a en San Pedro Alc&aacute;ntara\" \/>\n<meta property=\"article:modified_time\" content=\"2026-04-10T11:07:07+00:00\" \/>\n<meta property=\"og:image\" content=\"https:\/\/bellarosa.es\/wp-content\/uploads\/2021\/07\/CB5751F3-A4C2-45E7-BC2E-88F079B0B6E1.png\" \/>\n\t<meta property=\"og:image:width\" content=\"640\" \/>\n\t<meta property=\"og:image:height\" content=\"960\" \/>\n\t<meta property=\"og:image:type\" content=\"image\/png\" \/>\n<meta name=\"twitter:card\" content=\"summary_large_image\" \/>\n<meta name=\"twitter:label1\" content=\"Est. reading time\" \/>\n\t<meta name=\"twitter:data1\" content=\"2 minutes\" \/>\n<script type=\"application\/ld+json\" class=\"yoast-schema-graph\">{\"@context\":\"https:\\\/\\\/schema.org\",\"@graph\":[{\"@type\":\"WebPage\",\"@id\":\"https:\\\/\\\/bellarosa.es\\\/en\\\/dulce-rosas-rosadas-y-astromelias\\\/\",\"url\":\"https:\\\/\\\/bellarosa.es\\\/en\\\/dulce-rosas-rosadas-y-astromelias\\\/\",\"name\":\"Dulce - Ran\u00fanculos y Spray Roses - Florister&iacute;a en San Pedro Alc&aacute;ntara\",\"isPartOf\":{\"@id\":\"https:\\\/\\\/bellarosa.es\\\/en\\\/#website\"},\"primaryImageOfPage\":{\"@id\":\"https:\\\/\\\/bellarosa.es\\\/en\\\/dulce-rosas-rosadas-y-astromelias\\\/#primaryimage\"},\"image\":{\"@id\":\"https:\\\/\\\/bellarosa.es\\\/en\\\/dulce-rosas-rosadas-y-astromelias\\\/#primaryimage\"},\"thumbnailUrl\":\"https:\\\/\\\/bellarosa.es\\\/wp-content\\\/uploads\\\/2021\\\/07\\\/CB5751F3-A4C2-45E7-BC2E-88F079B0B6E1.png\",\"datePublished\":\"2021-07-21T22:31:00+00:00\",\"dateModified\":\"2026-04-10T11:07:07+00:00\",\"breadcrumb\":{\"@id\":\"https:\\\/\\\/bellarosa.es\\\/en\\\/dulce-rosas-rosadas-y-astromelias\\\/#breadcrumb\"},\"inLanguage\":\"en-US\",\"potentialAction\":[{\"@type\":\"ReadAction\",\"target\":[\"https:\\\/\\\/bellarosa.es\\\/en\\\/dulce-rosas-rosadas-y-astromelias\\\/\"]}]},{\"@type\":\"ImageObject\",\"inLanguage\":\"en-US\",\"@id\":\"https:\\\/\\\/bellarosa.es\\\/en\\\/dulce-rosas-rosadas-y-astromelias\\\/#primaryimage\",\"url\":\"https:\\\/\\\/bellarosa.es\\\/wp-content\\\/uploads\\\/2021\\\/07\\\/CB5751F3-A4C2-45E7-BC2E-88F079B0B6E1.png\",\"contentUrl\":\"https:\\\/\\\/bellarosa.es\\\/wp-content\\\/uploads\\\/2021\\\/07\\\/CB5751F3-A4C2-45E7-BC2E-88F079B0B6E1.png\",\"width\":1024,\"height\":1536},{\"@type\":\"BreadcrumbList\",\"@id\":\"https:\\\/\\\/bellarosa.es\\\/en\\\/dulce-rosas-rosadas-y-astromelias\\\/#breadcrumb\",\"itemListElement\":[{\"@type\":\"ListItem\",\"position\":1,\"name\":\"Inicio\",\"item\":\"https:\\\/\\\/bellarosa.es\\\/en\\\/\"},{\"@type\":\"ListItem\",\"position\":2,\"name\":\"Shop\",\"item\":\"https:\\\/\\\/bellarosa.es\\\/en\\\/shop\\\/\"},{\"@type\":\"ListItem\",\"position\":3,\"name\":\"Dulce &#8211; Ran\u00fanculos y Spray Roses\"}]},{\"@type\":\"WebSite\",\"@id\":\"https:\\\/\\\/bellarosa.es\\\/en\\\/#website\",\"url\":\"https:\\\/\\\/bellarosa.es\\\/en\\\/\",\"name\":\"Florister&iacute;a en San Pedro Alc&aacute;ntara\",\"description\":\"\",\"publisher\":{\"@id\":\"https:\\\/\\\/bellarosa.es\\\/en\\\/#organization\"},\"potentialAction\":[{\"@type\":\"SearchAction\",\"target\":{\"@type\":\"EntryPoint\",\"urlTemplate\":\"https:\\\/\\\/bellarosa.es\\\/en\\\/?s={search_term_string}\"},\"query-input\":{\"@type\":\"PropertyValueSpecification\",\"valueRequired\":true,\"valueName\":\"search_term_string\"}}],\"inLanguage\":\"en-US\"},{\"@type\":\"Organization\",\"@id\":\"https:\\\/\\\/bellarosa.es\\\/en\\\/#organization\",\"name\":\"Floristeria Bella Rosa\",\"url\":\"https:\\\/\\\/bellarosa.es\\\/en\\\/\",\"logo\":{\"@type\":\"ImageObject\",\"inLanguage\":\"en-US\",\"@id\":\"https:\\\/\\\/bellarosa.es\\\/en\\\/#\\\/schema\\\/logo\\\/image\\\/\",\"url\":\"\",\"contentUrl\":\"\",\"caption\":\"Floristeria Bella Rosa\"},\"image\":{\"@id\":\"https:\\\/\\\/bellarosa.es\\\/en\\\/#\\\/schema\\\/logo\\\/image\\\/\"}}]}<\/script>\n<!-- \/ Yoast SEO plugin. -->","yoast_head_json":{"title":"Dulce - Ran\u00fanculos y Spray Roses - Florister&iacute;a en San Pedro Alc&aacute;ntara","robots":{"index":"noindex","follow":"follow"},"og_locale":"en_US","og_type":"article","og_title":"Dulce - Ran\u00fanculos y Spray Roses - Florister&iacute;a en San Pedro Alc&aacute;ntara","og_description":"Tus amargos momentos tienen tiempo para convertirse en dulces recuerdos. - Alexandre Dumas -  Regalar flores es un acto sincero lleno de sentimientos. Para que sea inolvidable, hemos creado Dulce, un ramo de flores compuesto con las rosas y ran\u00fanculos m\u00e1s bellas. Un concepto de ternura e inocencia sintetizado en un precioso ramo. Dulce est\u00e1 compuesto por:  15 Ranunculos rosado Rosadas 12 apray roses rosado  Verdes suaves varios  &nbsp;  Tenemos una gran variedad de ramos de flores preciosos a buen precio. Con\u00f3celos aqu\u00ed","og_url":"https:\/\/bellarosa.es\/en\/dulce-rosas-rosadas-y-astromelias\/","og_site_name":"Florister&iacute;a en San Pedro Alc&aacute;ntara","article_modified_time":"2026-04-10T11:07:07+00:00","og_image":[{"url":"https:\/\/bellarosa.es\/wp-content\/uploads\/2021\/07\/CB5751F3-A4C2-45E7-BC2E-88F079B0B6E1.png","width":640,"height":960,"type":"image\/png"}],"twitter_card":"summary_large_image","twitter_misc":{"Est. reading time":"2 minutes"},"schema":{"@context":"https:\/\/schema.org","@graph":[{"@type":"WebPage","@id":"https:\/\/bellarosa.es\/en\/dulce-rosas-rosadas-y-astromelias\/","url":"https:\/\/bellarosa.es\/en\/dulce-rosas-rosadas-y-astromelias\/","name":"Dulce - Ran\u00fanculos y Spray Roses - Florister&iacute;a en San Pedro Alc&aacute;ntara","isPartOf":{"@id":"https:\/\/bellarosa.es\/en\/#website"},"primaryImageOfPage":{"@id":"https:\/\/bellarosa.es\/en\/dulce-rosas-rosadas-y-astromelias\/#primaryimage"},"image":{"@id":"https:\/\/bellarosa.es\/en\/dulce-rosas-rosadas-y-astromelias\/#primaryimage"},"thumbnailUrl":"https:\/\/bellarosa.es\/wp-content\/uploads\/2021\/07\/CB5751F3-A4C2-45E7-BC2E-88F079B0B6E1.png","datePublished":"2021-07-21T22:31:00+00:00","dateModified":"2026-04-10T11:07:07+00:00","breadcrumb":{"@id":"https:\/\/bellarosa.es\/en\/dulce-rosas-rosadas-y-astromelias\/#breadcrumb"},"inLanguage":"en-US","potentialAction":[{"@type":"ReadAction","target":["https:\/\/bellarosa.es\/en\/dulce-rosas-rosadas-y-astromelias\/"]}]},{"@type":"ImageObject","inLanguage":"en-US","@id":"https:\/\/bellarosa.es\/en\/dulce-rosas-rosadas-y-astromelias\/#primaryimage","url":"https:\/\/bellarosa.es\/wp-content\/uploads\/2021\/07\/CB5751F3-A4C2-45E7-BC2E-88F079B0B6E1.png","contentUrl":"https:\/\/bellarosa.es\/wp-content\/uploads\/2021\/07\/CB5751F3-A4C2-45E7-BC2E-88F079B0B6E1.png","width":1024,"height":1536},{"@type":"BreadcrumbList","@id":"https:\/\/bellarosa.es\/en\/dulce-rosas-rosadas-y-astromelias\/#breadcrumb","itemListElement":[{"@type":"ListItem","position":1,"name":"Inicio","item":"https:\/\/bellarosa.es\/en\/"},{"@type":"ListItem","position":2,"name":"Shop","item":"https:\/\/bellarosa.es\/en\/shop\/"},{"@type":"ListItem","position":3,"name":"Dulce &#8211; Ran\u00fanculos y Spray Roses"}]},{"@type":"WebSite","@id":"https:\/\/bellarosa.es\/en\/#website","url":"https:\/\/bellarosa.es\/en\/","name":"Florister&iacute;a en San Pedro Alc&aacute;ntara","description":"","publisher":{"@id":"https:\/\/bellarosa.es\/en\/#organization"},"potentialAction":[{"@type":"SearchAction","target":{"@type":"EntryPoint","urlTemplate":"https:\/\/bellarosa.es\/en\/?s={search_term_string}"},"query-input":{"@type":"PropertyValueSpecification","valueRequired":true,"valueName":"search_term_string"}}],"inLanguage":"en-US"},{"@type":"Organization","@id":"https:\/\/bellarosa.es\/en\/#organization","name":"Floristeria Bella Rosa","url":"https:\/\/bellarosa.es\/en\/","logo":{"@type":"ImageObject","inLanguage":"en-US","@id":"https:\/\/bellarosa.es\/en\/#\/schema\/logo\/image\/","url":"","contentUrl":"","caption":"Floristeria Bella Rosa"},"image":{"@id":"https:\/\/bellarosa.es\/en\/#\/schema\/logo\/image\/"}}]}},"_links":{"self":[{"href":"https:\/\/bellarosa.es\/en\/wp-json\/wp\/v2\/product\/2493","targetHints":{"allow":["GET"]}}],"collection":[{"href":"https:\/\/bellarosa.es\/en\/wp-json\/wp\/v2\/product"}],"about":[{"href":"https:\/\/bellarosa.es\/en\/wp-json\/wp\/v2\/types\/product"}],"replies":[{"embeddable":true,"href":"https:\/\/bellarosa.es\/en\/wp-json\/wp\/v2\/comments?post=2493"}],"wp:featuredmedia":[{"embeddable":true,"href":"https:\/\/bellarosa.es\/en\/wp-json\/wp\/v2\/media\/8827"}],"wp:attachment":[{"href":"https:\/\/bellarosa.es\/en\/wp-json\/wp\/v2\/media?parent=2493"}],"wp:term":[{"taxonomy":"product_brand","embeddable":true,"href":"https:\/\/bellarosa.es\/en\/wp-json\/wp\/v2\/product_brand?post=2493"},{"taxonomy":"product_cat","embeddable":true,"href":"https:\/\/bellarosa.es\/en\/wp-json\/wp\/v2\/product_cat?post=2493"},{"taxonomy":"product_tag","embeddable":true,"href":"https:\/\/bellarosa.es\/en\/wp-json\/wp\/v2\/product_tag?post=2493"}],"curies":[{"name":"wp","href":"https:\/\/api.w.org\/{rel}","templated":true}]}}