{"id":2481,"date":"2021-07-17T13:10:49","date_gmt":"2021-07-17T13:10:49","guid":{"rendered":"https:\/\/bellarosa.es\/?post_type=product&#038;p=2481"},"modified":"2026-04-10T11:07:41","modified_gmt":"2026-04-10T11:07:41","slug":"aurora-12-rosas-rosadas","status":"publish","type":"product","link":"https:\/\/bellarosa.es\/en\/aurora-12-rosas-rosadas\/","title":{"rendered":"Aurora &#8211; 12 Rosas Rosadas &#8211; Ramo de flores"},"content":{"rendered":"<h2><strong>La belleza de la aurora hecha flores<\/strong><\/h2>\n<p>La aurora se puede definir como ese tono rosado que adquiere el cielo justo antes de que salga el sol. Un momento de la naturaleza completamente m\u00e1gico y hermoso. Basados en esa belleza natural, nuestro equipo de expertos floristas ha dise\u00f1ado <strong>Aurora<\/strong>. Con la belleza de las <strong>rosas rosadas<\/strong>, una flor que simboliza la belleza y el amor tierno. <strong>Nuestras rosas son seleccionadas una a una<\/strong> y trabajadas desde el primer d\u00eda con t\u00e9cnicas profesionales para tener los ramos m\u00e1s espectaculares.<\/p>\n<h3>El significado de las rosas rosadas<\/h3>\n<p>Una rosa de color rosa o tambi\u00e9n llamada <strong>rosa rosada<\/strong> simboliza la bondad y la ternura, as\u00ed como admiraci\u00f3n por la belleza interior de una persona. Regalar <strong>rosas rosadas<\/strong> es sin\u00f3nimo de mostrar respeto y admiraci\u00f3n, adem\u00e1s de ser una muestra de profundo cari\u00f1o. Las personas que reciben <strong>rosas rosadas<\/strong> son personas bondadosas de grande coraz\u00f3n. Las rosas rosadas son una belleza hecha flor, por todos conocida que adem\u00e1s desprende un aroma embriagador. Las rosas siempre son bien recibidas y todo un acierto.<\/p>\n<h3>\u00bfCu\u00e1ndo regalar Aurora?<\/h3>\n<p>Este precioso <strong>ramo de flores<\/strong> puede ser ideal para d\u00edas se\u00f1alados, como un <strong>cumplea\u00f1os<\/strong>, una <strong>graduaci\u00f3n<\/strong> o para el <strong>D\u00eda de la Madre<\/strong>. Debido a su simbolismo rom\u00e1ntico, tambi\u00e9n es estupendo para regalar a la pareja. Con Aurora vas a sorprender a tu persona favorita. Regalar Aurora es sin\u00f3nimo de expresar un amor tierno y puro, una declaraci\u00f3n de compromiso y una forma de alegrarle el d\u00eda a esa persona que tienes en mente.<\/p>\n<h3>Flores a domicilio en la Costa del Sol<\/h3>\n<p>Recuerda que somos tu florister\u00eda de confianza en la <strong>Costa del Sol<\/strong>. Hacemos repartos desde <strong>Estepona<\/strong> hasta <strong>San Pedro<\/strong> o <strong>Marbella<\/strong>. Si deseas enviar <strong>flores a domicilio<\/strong> puedes contar con nuestra experiencia para que tus ramos lleguen en las mejores condiciones. Sorprende a tu persona favorita. Tambi\u00e9n puedes hacer uso de nuestro servicio de <strong>tienda online<\/strong>.<\/p>\n<p>&nbsp;<\/p>\n<p>Recuerda que puedes encontrarnos en <a href=\"https:\/\/www.facebook.com\/bellarosa.es\/\">Facebook<\/a> e <a href=\"https:\/\/www.instagram.com\/bellarosa_marbella\/\">Instagram<\/a>. \u00a1Te esperamos!<\/p>\n","protected":false},"excerpt":{"rendered":"<blockquote>\n<p style=\"text-align: center;\">El sue\u00f1o es la aurora boreal del pensamiento.<\/p>\n<p style=\"text-align: center;\">&#8211; Ignacio Manuel Altamirano &#8211;<\/p>\n<\/blockquote>\n<p>Los tonos rosados se apoderan de este precioso ramo de flores. <strong>12 Rosas rosadas<\/strong> que muestran toda su belleza. Escogidas individualmente por nuestros <strong>floristas expertos<\/strong> y trabajadas desde el primer d\u00eda para ofrecerte las m\u00e1s bellas flores. Un ramo para expresar amor, ternura y respeto. <strong>Aurora<\/strong> est\u00e1 compuesto por:<\/p>\n<p>12 Rosas rosadas<\/p>\n<p>Eucalipto<\/p>\n<p>Flor cera rosa<\/p>\n<p>&nbsp;<\/p>\n<p>Tenemos una gran variedad de ramos de flores preciosos a buen precio. Con\u00f3celos <a href=\"https:\/\/bellarosa.es\/comprar\/flores-varias\/\">aqu\u00ed<\/a><\/p>\n","protected":false},"featured_media":8415,"comment_status":"open","ping_status":"closed","template":"","meta":[],"product_brand":[],"product_cat":[1149,1031,1014,159,1016,142,1100],"product_tag":[],"class_list":{"0":"post-2481","1":"product","2":"type-product","3":"status-publish","4":"has-post-thumbnail","6":"product_cat-dia-de-la-madre","7":"product_cat-envio-a-malaga","8":"product_cat-lo-mas-vendido","9":"product_cat-mothers-day","10":"product_cat-ramos-rosas-rosas","11":"product_cat-rosas","12":"product_cat-8-marzo-dia-de-la-mujer","14":"first","15":"instock","16":"shipping-taxable","17":"purchasable","18":"product-type-simple","19":"layout-style-1","20":"col-md-4 col-sm-4 col-xs-6","21":"col-lg-4","22":"product-style-default"},"yoast_head":"<!-- This site is optimized with the Yoast SEO plugin v27.5 - https:\/\/yoast.com\/product\/yoast-seo-wordpress\/ -->\n<title>Aurora - 12 Rosas Rosadas - Ramo de flores - Florister&iacute;a en San Pedro Alc&aacute;ntara<\/title>\n<meta name=\"robots\" content=\"noindex, follow\" \/>\n<meta property=\"og:locale\" content=\"en_US\" \/>\n<meta property=\"og:type\" content=\"article\" \/>\n<meta property=\"og:title\" content=\"Aurora - 12 Rosas Rosadas - Ramo de flores - Florister&iacute;a en San Pedro Alc&aacute;ntara\" \/>\n<meta property=\"og:description\" content=\"El sue\u00f1o es la aurora boreal del pensamiento. - Ignacio Manuel Altamirano -  Los tonos rosados se apoderan de este precioso ramo de flores. 12 Rosas rosadas que muestran toda su belleza. Escogidas individualmente por nuestros floristas expertos y trabajadas desde el primer d\u00eda para ofrecerte las m\u00e1s bellas flores. Un ramo para expresar amor, ternura y respeto. Aurora est\u00e1 compuesto por:  12 Rosas rosadas  Eucalipto  Flor cera rosa  &nbsp;  Tenemos una gran variedad de ramos de flores preciosos a buen precio. Con\u00f3celos aqu\u00ed\" \/>\n<meta property=\"og:url\" content=\"https:\/\/bellarosa.es\/en\/aurora-12-rosas-rosadas\/\" \/>\n<meta property=\"og:site_name\" content=\"Florister&iacute;a en San Pedro Alc&aacute;ntara\" \/>\n<meta property=\"article:modified_time\" content=\"2026-04-10T11:07:41+00:00\" \/>\n<meta property=\"og:image\" content=\"https:\/\/bellarosa.es\/wp-content\/uploads\/2021\/07\/FB3985F9-E4F3-4BD5-8F9C-E7083C8DCBEF.png\" \/>\n\t<meta property=\"og:image:width\" content=\"1024\" \/>\n\t<meta property=\"og:image:height\" content=\"1536\" \/>\n\t<meta property=\"og:image:type\" content=\"image\/png\" \/>\n<meta name=\"twitter:card\" content=\"summary_large_image\" \/>\n<meta name=\"twitter:label1\" content=\"Est. reading time\" \/>\n\t<meta name=\"twitter:data1\" content=\"2 minutes\" \/>\n<script type=\"application\/ld+json\" class=\"yoast-schema-graph\">{\"@context\":\"https:\\\/\\\/schema.org\",\"@graph\":[{\"@type\":\"WebPage\",\"@id\":\"https:\\\/\\\/bellarosa.es\\\/en\\\/aurora-12-rosas-rosadas\\\/\",\"url\":\"https:\\\/\\\/bellarosa.es\\\/en\\\/aurora-12-rosas-rosadas\\\/\",\"name\":\"Aurora - 12 Rosas Rosadas - Ramo de flores - Florister&iacute;a en San Pedro Alc&aacute;ntara\",\"isPartOf\":{\"@id\":\"https:\\\/\\\/bellarosa.es\\\/en\\\/#website\"},\"primaryImageOfPage\":{\"@id\":\"https:\\\/\\\/bellarosa.es\\\/en\\\/aurora-12-rosas-rosadas\\\/#primaryimage\"},\"image\":{\"@id\":\"https:\\\/\\\/bellarosa.es\\\/en\\\/aurora-12-rosas-rosadas\\\/#primaryimage\"},\"thumbnailUrl\":\"https:\\\/\\\/bellarosa.es\\\/wp-content\\\/uploads\\\/2021\\\/07\\\/FB3985F9-E4F3-4BD5-8F9C-E7083C8DCBEF.png\",\"datePublished\":\"2021-07-17T13:10:49+00:00\",\"dateModified\":\"2026-04-10T11:07:41+00:00\",\"breadcrumb\":{\"@id\":\"https:\\\/\\\/bellarosa.es\\\/en\\\/aurora-12-rosas-rosadas\\\/#breadcrumb\"},\"inLanguage\":\"en-US\",\"potentialAction\":[{\"@type\":\"ReadAction\",\"target\":[\"https:\\\/\\\/bellarosa.es\\\/en\\\/aurora-12-rosas-rosadas\\\/\"]}]},{\"@type\":\"ImageObject\",\"inLanguage\":\"en-US\",\"@id\":\"https:\\\/\\\/bellarosa.es\\\/en\\\/aurora-12-rosas-rosadas\\\/#primaryimage\",\"url\":\"https:\\\/\\\/bellarosa.es\\\/wp-content\\\/uploads\\\/2021\\\/07\\\/FB3985F9-E4F3-4BD5-8F9C-E7083C8DCBEF.png\",\"contentUrl\":\"https:\\\/\\\/bellarosa.es\\\/wp-content\\\/uploads\\\/2021\\\/07\\\/FB3985F9-E4F3-4BD5-8F9C-E7083C8DCBEF.png\",\"width\":1024,\"height\":1536},{\"@type\":\"BreadcrumbList\",\"@id\":\"https:\\\/\\\/bellarosa.es\\\/en\\\/aurora-12-rosas-rosadas\\\/#breadcrumb\",\"itemListElement\":[{\"@type\":\"ListItem\",\"position\":1,\"name\":\"Inicio\",\"item\":\"https:\\\/\\\/bellarosa.es\\\/en\\\/\"},{\"@type\":\"ListItem\",\"position\":2,\"name\":\"Shop\",\"item\":\"https:\\\/\\\/bellarosa.es\\\/en\\\/shop\\\/\"},{\"@type\":\"ListItem\",\"position\":3,\"name\":\"Aurora &#8211; 12 Rosas Rosadas &#8211; Ramo de flores\"}]},{\"@type\":\"WebSite\",\"@id\":\"https:\\\/\\\/bellarosa.es\\\/en\\\/#website\",\"url\":\"https:\\\/\\\/bellarosa.es\\\/en\\\/\",\"name\":\"Florister&iacute;a en San Pedro Alc&aacute;ntara\",\"description\":\"\",\"publisher\":{\"@id\":\"https:\\\/\\\/bellarosa.es\\\/en\\\/#organization\"},\"potentialAction\":[{\"@type\":\"SearchAction\",\"target\":{\"@type\":\"EntryPoint\",\"urlTemplate\":\"https:\\\/\\\/bellarosa.es\\\/en\\\/?s={search_term_string}\"},\"query-input\":{\"@type\":\"PropertyValueSpecification\",\"valueRequired\":true,\"valueName\":\"search_term_string\"}}],\"inLanguage\":\"en-US\"},{\"@type\":\"Organization\",\"@id\":\"https:\\\/\\\/bellarosa.es\\\/en\\\/#organization\",\"name\":\"Floristeria Bella Rosa\",\"url\":\"https:\\\/\\\/bellarosa.es\\\/en\\\/\",\"logo\":{\"@type\":\"ImageObject\",\"inLanguage\":\"en-US\",\"@id\":\"https:\\\/\\\/bellarosa.es\\\/en\\\/#\\\/schema\\\/logo\\\/image\\\/\",\"url\":\"\",\"contentUrl\":\"\",\"caption\":\"Floristeria Bella Rosa\"},\"image\":{\"@id\":\"https:\\\/\\\/bellarosa.es\\\/en\\\/#\\\/schema\\\/logo\\\/image\\\/\"}}]}<\/script>\n<!-- \/ Yoast SEO plugin. -->","yoast_head_json":{"title":"Aurora - 12 Rosas Rosadas - Ramo de flores - Florister&iacute;a en San Pedro Alc&aacute;ntara","robots":{"index":"noindex","follow":"follow"},"og_locale":"en_US","og_type":"article","og_title":"Aurora - 12 Rosas Rosadas - Ramo de flores - Florister&iacute;a en San Pedro Alc&aacute;ntara","og_description":"El sue\u00f1o es la aurora boreal del pensamiento. - Ignacio Manuel Altamirano -  Los tonos rosados se apoderan de este precioso ramo de flores. 12 Rosas rosadas que muestran toda su belleza. Escogidas individualmente por nuestros floristas expertos y trabajadas desde el primer d\u00eda para ofrecerte las m\u00e1s bellas flores. Un ramo para expresar amor, ternura y respeto. Aurora est\u00e1 compuesto por:  12 Rosas rosadas  Eucalipto  Flor cera rosa  &nbsp;  Tenemos una gran variedad de ramos de flores preciosos a buen precio. Con\u00f3celos aqu\u00ed","og_url":"https:\/\/bellarosa.es\/en\/aurora-12-rosas-rosadas\/","og_site_name":"Florister&iacute;a en San Pedro Alc&aacute;ntara","article_modified_time":"2026-04-10T11:07:41+00:00","og_image":[{"width":1024,"height":1536,"url":"https:\/\/bellarosa.es\/wp-content\/uploads\/2021\/07\/FB3985F9-E4F3-4BD5-8F9C-E7083C8DCBEF.png","type":"image\/png"}],"twitter_card":"summary_large_image","twitter_misc":{"Est. reading time":"2 minutes"},"schema":{"@context":"https:\/\/schema.org","@graph":[{"@type":"WebPage","@id":"https:\/\/bellarosa.es\/en\/aurora-12-rosas-rosadas\/","url":"https:\/\/bellarosa.es\/en\/aurora-12-rosas-rosadas\/","name":"Aurora - 12 Rosas Rosadas - Ramo de flores - Florister&iacute;a en San Pedro Alc&aacute;ntara","isPartOf":{"@id":"https:\/\/bellarosa.es\/en\/#website"},"primaryImageOfPage":{"@id":"https:\/\/bellarosa.es\/en\/aurora-12-rosas-rosadas\/#primaryimage"},"image":{"@id":"https:\/\/bellarosa.es\/en\/aurora-12-rosas-rosadas\/#primaryimage"},"thumbnailUrl":"https:\/\/bellarosa.es\/wp-content\/uploads\/2021\/07\/FB3985F9-E4F3-4BD5-8F9C-E7083C8DCBEF.png","datePublished":"2021-07-17T13:10:49+00:00","dateModified":"2026-04-10T11:07:41+00:00","breadcrumb":{"@id":"https:\/\/bellarosa.es\/en\/aurora-12-rosas-rosadas\/#breadcrumb"},"inLanguage":"en-US","potentialAction":[{"@type":"ReadAction","target":["https:\/\/bellarosa.es\/en\/aurora-12-rosas-rosadas\/"]}]},{"@type":"ImageObject","inLanguage":"en-US","@id":"https:\/\/bellarosa.es\/en\/aurora-12-rosas-rosadas\/#primaryimage","url":"https:\/\/bellarosa.es\/wp-content\/uploads\/2021\/07\/FB3985F9-E4F3-4BD5-8F9C-E7083C8DCBEF.png","contentUrl":"https:\/\/bellarosa.es\/wp-content\/uploads\/2021\/07\/FB3985F9-E4F3-4BD5-8F9C-E7083C8DCBEF.png","width":1024,"height":1536},{"@type":"BreadcrumbList","@id":"https:\/\/bellarosa.es\/en\/aurora-12-rosas-rosadas\/#breadcrumb","itemListElement":[{"@type":"ListItem","position":1,"name":"Inicio","item":"https:\/\/bellarosa.es\/en\/"},{"@type":"ListItem","position":2,"name":"Shop","item":"https:\/\/bellarosa.es\/en\/shop\/"},{"@type":"ListItem","position":3,"name":"Aurora &#8211; 12 Rosas Rosadas &#8211; Ramo de flores"}]},{"@type":"WebSite","@id":"https:\/\/bellarosa.es\/en\/#website","url":"https:\/\/bellarosa.es\/en\/","name":"Florister&iacute;a en San Pedro Alc&aacute;ntara","description":"","publisher":{"@id":"https:\/\/bellarosa.es\/en\/#organization"},"potentialAction":[{"@type":"SearchAction","target":{"@type":"EntryPoint","urlTemplate":"https:\/\/bellarosa.es\/en\/?s={search_term_string}"},"query-input":{"@type":"PropertyValueSpecification","valueRequired":true,"valueName":"search_term_string"}}],"inLanguage":"en-US"},{"@type":"Organization","@id":"https:\/\/bellarosa.es\/en\/#organization","name":"Floristeria Bella Rosa","url":"https:\/\/bellarosa.es\/en\/","logo":{"@type":"ImageObject","inLanguage":"en-US","@id":"https:\/\/bellarosa.es\/en\/#\/schema\/logo\/image\/","url":"","contentUrl":"","caption":"Floristeria Bella Rosa"},"image":{"@id":"https:\/\/bellarosa.es\/en\/#\/schema\/logo\/image\/"}}]}},"_links":{"self":[{"href":"https:\/\/bellarosa.es\/en\/wp-json\/wp\/v2\/product\/2481","targetHints":{"allow":["GET"]}}],"collection":[{"href":"https:\/\/bellarosa.es\/en\/wp-json\/wp\/v2\/product"}],"about":[{"href":"https:\/\/bellarosa.es\/en\/wp-json\/wp\/v2\/types\/product"}],"replies":[{"embeddable":true,"href":"https:\/\/bellarosa.es\/en\/wp-json\/wp\/v2\/comments?post=2481"}],"wp:featuredmedia":[{"embeddable":true,"href":"https:\/\/bellarosa.es\/en\/wp-json\/wp\/v2\/media\/8415"}],"wp:attachment":[{"href":"https:\/\/bellarosa.es\/en\/wp-json\/wp\/v2\/media?parent=2481"}],"wp:term":[{"taxonomy":"product_brand","embeddable":true,"href":"https:\/\/bellarosa.es\/en\/wp-json\/wp\/v2\/product_brand?post=2481"},{"taxonomy":"product_cat","embeddable":true,"href":"https:\/\/bellarosa.es\/en\/wp-json\/wp\/v2\/product_cat?post=2481"},{"taxonomy":"product_tag","embeddable":true,"href":"https:\/\/bellarosa.es\/en\/wp-json\/wp\/v2\/product_tag?post=2481"}],"curies":[{"name":"wp","href":"https:\/\/api.w.org\/{rel}","templated":true}]}}