{"id":2475,"date":"2021-07-17T12:50:41","date_gmt":"2021-07-17T12:50:41","guid":{"rendered":"https:\/\/bellarosa.es\/?post_type=product&#038;p=2475"},"modified":"2026-01-14T16:22:37","modified_gmt":"2026-01-14T16:22:37","slug":"melodia-rosas-rojas-blancas-rosadas","status":"publish","type":"product","link":"https:\/\/bellarosa.es\/en\/melodia-rosas-rojas-blancas-rosadas\/","title":{"rendered":"Melod\u00eda &#8211; Rosas Rojas, Blancas, Rosadas &#8211; Ramo de flores"},"content":{"rendered":"<h2><strong>Una Melod\u00eda de rosas preciosas para regalar<\/strong><\/h2>\n<p>La <strong>Melod\u00eda<\/strong> es el idioma de la m\u00fasica. Las rosas son como el idioma del amor para las flores. En este ramo hemos combinado <strong>las mejores rosas del mercado<\/strong> en tres colores: blancas, rosadas y rojas. Una explosi\u00f3n de colores puros, tiernos y a la vez rom\u00e1nticos. D\u00e9jate aconsejar por nuestro <strong>equipo de expertos<\/strong> para encontrar las flores que mejor expresen tus sentimientos.<\/p>\n<h3>El significado de las rosas<\/h3>\n<p>Las rosas son flores llenas de simbolog\u00eda que oscilan desde lo rom\u00e1ntico hasta la m\u00e1s pura belleza proveniente de la naturaleza. Las rosas adquieren un significado u otro dependiendo de su color, aunque todas encierran bellas connotaciones.<\/p>\n<p>La <strong>rosa roja<\/strong> es la flor del <strong>amor sincero, pasional, rom\u00e1ntico y eterno<\/strong>. Una rosa roja revela el amor puro que sale desde el coraz\u00f3n. Su color es llamativo y su fragancia inigualable. Regalar rosas rojas siempre es sin\u00f3nimo de expresar sus m\u00e1s profundos sentimientos. Si usted recibe <strong>rosas rojas<\/strong>, quiere decir que es amada y deseada por la persona que le est\u00e1 obsequiando dicho regalo.<\/p>\n<p>La <strong>rosa blanca<\/strong> es la flor de la sinceridad, de la dulzura y la pureza. Mundialmente conocida y usada especialmente en las bodas para las novias debido a su car\u00e1cter puro. Las rosas blancas son un s\u00edmbolo de amor tierno, por lo que existen mil ocasiones para regalarlas. Si usted recibe <strong>rosas blancas<\/strong>, quiere decir que es amada y admirada por la persona que le est\u00e1 obsequiando dicho regalo.<\/p>\n<p>Por \u00faltimo, la <strong>rosa rosada<\/strong> es la flor del <strong>agradecimiento y el aprecio.<\/strong> No solo eso, la rosa de color rosado transmite un mensaje de confianza y uni\u00f3n. Es por ello que resulta ideal para regalar a amigos y familiares, de esa forma usted est\u00e1 comunicando que esa persona es muy importante. Por otro lado, si regala rosas rosadas a su pareja, est\u00e1 comunic\u00e1ndole su deseo de uni\u00f3n, as\u00ed como su agradecimiento por ser un pilar imprescindible.<\/p>\n<p>Si usted recibe <strong>rosas rosadas<\/strong>, es probable que le est\u00e9n dando las gracias por haber estado en alg\u00fan momento especial apoyando a alguien que le importa de verdad. <strong>Regalar rosas rosadas<\/strong> siempre es sin\u00f3nimo de expresar su confianza, su cari\u00f1o y sus m\u00e1s sinceros agradecimientos.<\/p>\n<h3>\u00bfCu\u00e1ndo regalar Melod\u00eda?<\/h3>\n<p>Si se acerca un d\u00eda especial, <strong>Melod\u00eda<\/strong> puede ser tu mejor aliado para regalar. Puede ser una gran idea para el <strong>cumplea\u00f1os<\/strong> de una persona especial, para un <strong>Santo<\/strong> o el<strong> D\u00eda de la Madre<\/strong>. Las rosas son flores muy vers\u00e1tiles a la hora de regalar, ya que agradan a todo el mundo. Su belleza y aroma no dejan a nadie indiferente, y eligiendo<strong> Melod\u00eda<\/strong> har\u00e1s muy feliz a esa persona.<\/p>\n<h3>Flores a domicilio en la Costa del Sol<\/h3>\n<p>Recuerda que somos tu florister\u00eda de confianza en la <strong>Costa del Sol<\/strong>. Hacemos repartos desde <strong>Estepona<\/strong> hasta <strong>San Pedro<\/strong> o <strong>Marbella<\/strong>. Si deseas enviar <strong>flores a domicilio<\/strong> puedes contar con nuestra experiencia para que tus ramos lleguen en las mejores condiciones. Sorprende a tu persona favorita. Tambi\u00e9n puedes hacer uso de nuestro servicio de <strong>tienda online<\/strong>.<\/p>\n<p>&nbsp;<\/p>\n<p>Recuerda que puedes encontrarnos en <a href=\"https:\/\/www.facebook.com\/bellarosa.es\/\">Facebook<\/a> e <a href=\"https:\/\/www.instagram.com\/bellarosa_marbella\/\">Instagram<\/a>. \u00a1Te esperamos!<\/p>\n","protected":false},"excerpt":{"rendered":"<blockquote>\n<p style=\"text-align: center;\">La poes\u00eda es el eco de la melod\u00eda del universo en el coraz\u00f3n de los humanos.<\/p>\n<p style=\"text-align: center;\">&#8211; Rabindranath Tagore &#8211;<\/p>\n<\/blockquote>\n<p><strong>Las mejores rosas del mercado<\/strong> forman parte de este precioso ramo de flores. Una <strong>combinaci\u00f3n de rosas blancas, rojas y rosadas<\/strong> que expresan amor, cari\u00f1o, respeto y belleza. Regalar flores es un acto de amor que nunca se olvida. Sorprende a tu persona favorita con el embriagador aroma de las rosas. <strong>Melod\u00eda<\/strong> est\u00e1 compuesto por:<\/p>\n<p>3 Rosas Rojas<\/p>\n<p>3 Rosas Rosadas<\/p>\n<p>3 Rosas Blancas<\/p>\n<p>Gypsophila<\/p>\n<p>Eucalipto<\/p>\n<p>&nbsp;<\/p>\n<p>Tenemos una gran variedad de ramos de flores preciosos a buen precio. Con\u00f3celos <a href=\"https:\/\/bellarosa.es\/comprar\/flores-varias\/\">aqu\u00ed<\/a><\/p>\n","protected":false},"featured_media":8362,"comment_status":"open","ping_status":"closed","template":"","meta":[],"product_brand":[],"product_cat":[134,1031,1014,142,15],"product_tag":[],"class_list":{"0":"post-2475","1":"product","2":"type-product","3":"status-publish","4":"has-post-thumbnail","6":"product_cat-cumpleanos","7":"product_cat-envio-a-malaga","8":"product_cat-lo-mas-vendido","9":"product_cat-rosas","10":"product_cat-san-valentin","12":"first","13":"instock","14":"shipping-taxable","15":"purchasable","16":"product-type-simple","17":"layout-style-1","18":"col-md-4 col-sm-4 col-xs-6","19":"col-lg-4","20":"product-style-default"},"yoast_head":"<!-- This site is optimized with the Yoast SEO plugin v27.4 - https:\/\/yoast.com\/product\/yoast-seo-wordpress\/ -->\n<title>Melod\u00eda - Rosas Rojas, Blancas, Rosadas - Ramo de flores - Florister&iacute;a en San Pedro Alc&aacute;ntara<\/title>\n<meta name=\"robots\" content=\"noindex, follow\" \/>\n<meta property=\"og:locale\" content=\"en_US\" \/>\n<meta property=\"og:type\" content=\"article\" \/>\n<meta property=\"og:title\" content=\"Melod\u00eda - Rosas Rojas, Blancas, Rosadas - Ramo de flores - Florister&iacute;a en San Pedro Alc&aacute;ntara\" \/>\n<meta property=\"og:description\" content=\"La poes\u00eda es el eco de la melod\u00eda del universo en el coraz\u00f3n de los humanos. - Rabindranath Tagore -  Las mejores rosas del mercado forman parte de este precioso ramo de flores. Una combinaci\u00f3n de rosas blancas, rojas y rosadas que expresan amor, cari\u00f1o, respeto y belleza. Regalar flores es un acto de amor que nunca se olvida. Sorprende a tu persona favorita con el embriagador aroma de las rosas. Melod\u00eda est\u00e1 compuesto por:  3 Rosas Rojas  3 Rosas Rosadas  3 Rosas Blancas  Gypsophila  Eucalipto  &nbsp;  Tenemos una gran variedad de ramos de flores preciosos a buen precio. Con\u00f3celos aqu\u00ed\" \/>\n<meta property=\"og:url\" content=\"https:\/\/bellarosa.es\/en\/melodia-rosas-rojas-blancas-rosadas\/\" \/>\n<meta property=\"og:site_name\" content=\"Florister&iacute;a en San Pedro Alc&aacute;ntara\" \/>\n<meta property=\"article:modified_time\" content=\"2026-01-14T16:22:37+00:00\" \/>\n<meta property=\"og:image\" content=\"https:\/\/bellarosa.es\/wp-content\/uploads\/2021\/07\/CA42C9AE-EF7C-4B83-BA07-A7C8B8C80B1B.png\" \/>\n\t<meta property=\"og:image:width\" content=\"1024\" \/>\n\t<meta property=\"og:image:height\" content=\"1536\" \/>\n\t<meta property=\"og:image:type\" content=\"image\/png\" \/>\n<meta name=\"twitter:card\" content=\"summary_large_image\" \/>\n<meta name=\"twitter:label1\" content=\"Est. reading time\" \/>\n\t<meta name=\"twitter:data1\" content=\"3 minutes\" \/>\n<script type=\"application\/ld+json\" class=\"yoast-schema-graph\">{\"@context\":\"https:\\\/\\\/schema.org\",\"@graph\":[{\"@type\":\"WebPage\",\"@id\":\"https:\\\/\\\/bellarosa.es\\\/en\\\/melodia-rosas-rojas-blancas-rosadas\\\/\",\"url\":\"https:\\\/\\\/bellarosa.es\\\/en\\\/melodia-rosas-rojas-blancas-rosadas\\\/\",\"name\":\"Melod\u00eda - Rosas Rojas, Blancas, Rosadas - Ramo de flores - Florister&iacute;a en San Pedro Alc&aacute;ntara\",\"isPartOf\":{\"@id\":\"https:\\\/\\\/bellarosa.es\\\/en\\\/#website\"},\"primaryImageOfPage\":{\"@id\":\"https:\\\/\\\/bellarosa.es\\\/en\\\/melodia-rosas-rojas-blancas-rosadas\\\/#primaryimage\"},\"image\":{\"@id\":\"https:\\\/\\\/bellarosa.es\\\/en\\\/melodia-rosas-rojas-blancas-rosadas\\\/#primaryimage\"},\"thumbnailUrl\":\"https:\\\/\\\/bellarosa.es\\\/wp-content\\\/uploads\\\/2021\\\/07\\\/CA42C9AE-EF7C-4B83-BA07-A7C8B8C80B1B.png\",\"datePublished\":\"2021-07-17T12:50:41+00:00\",\"dateModified\":\"2026-01-14T16:22:37+00:00\",\"breadcrumb\":{\"@id\":\"https:\\\/\\\/bellarosa.es\\\/en\\\/melodia-rosas-rojas-blancas-rosadas\\\/#breadcrumb\"},\"inLanguage\":\"en-US\",\"potentialAction\":[{\"@type\":\"ReadAction\",\"target\":[\"https:\\\/\\\/bellarosa.es\\\/en\\\/melodia-rosas-rojas-blancas-rosadas\\\/\"]}]},{\"@type\":\"ImageObject\",\"inLanguage\":\"en-US\",\"@id\":\"https:\\\/\\\/bellarosa.es\\\/en\\\/melodia-rosas-rojas-blancas-rosadas\\\/#primaryimage\",\"url\":\"https:\\\/\\\/bellarosa.es\\\/wp-content\\\/uploads\\\/2021\\\/07\\\/CA42C9AE-EF7C-4B83-BA07-A7C8B8C80B1B.png\",\"contentUrl\":\"https:\\\/\\\/bellarosa.es\\\/wp-content\\\/uploads\\\/2021\\\/07\\\/CA42C9AE-EF7C-4B83-BA07-A7C8B8C80B1B.png\",\"width\":1024,\"height\":1536},{\"@type\":\"BreadcrumbList\",\"@id\":\"https:\\\/\\\/bellarosa.es\\\/en\\\/melodia-rosas-rojas-blancas-rosadas\\\/#breadcrumb\",\"itemListElement\":[{\"@type\":\"ListItem\",\"position\":1,\"name\":\"Inicio\",\"item\":\"https:\\\/\\\/bellarosa.es\\\/en\\\/\"},{\"@type\":\"ListItem\",\"position\":2,\"name\":\"Shop\",\"item\":\"https:\\\/\\\/bellarosa.es\\\/en\\\/shop\\\/\"},{\"@type\":\"ListItem\",\"position\":3,\"name\":\"Melod\u00eda &#8211; Rosas Rojas, Blancas, Rosadas &#8211; Ramo de flores\"}]},{\"@type\":\"WebSite\",\"@id\":\"https:\\\/\\\/bellarosa.es\\\/en\\\/#website\",\"url\":\"https:\\\/\\\/bellarosa.es\\\/en\\\/\",\"name\":\"Florister&iacute;a en San Pedro Alc&aacute;ntara\",\"description\":\"\",\"publisher\":{\"@id\":\"https:\\\/\\\/bellarosa.es\\\/en\\\/#organization\"},\"potentialAction\":[{\"@type\":\"SearchAction\",\"target\":{\"@type\":\"EntryPoint\",\"urlTemplate\":\"https:\\\/\\\/bellarosa.es\\\/en\\\/?s={search_term_string}\"},\"query-input\":{\"@type\":\"PropertyValueSpecification\",\"valueRequired\":true,\"valueName\":\"search_term_string\"}}],\"inLanguage\":\"en-US\"},{\"@type\":\"Organization\",\"@id\":\"https:\\\/\\\/bellarosa.es\\\/en\\\/#organization\",\"name\":\"Floristeria Bella Rosa\",\"url\":\"https:\\\/\\\/bellarosa.es\\\/en\\\/\",\"logo\":{\"@type\":\"ImageObject\",\"inLanguage\":\"en-US\",\"@id\":\"https:\\\/\\\/bellarosa.es\\\/en\\\/#\\\/schema\\\/logo\\\/image\\\/\",\"url\":\"\",\"contentUrl\":\"\",\"caption\":\"Floristeria Bella Rosa\"},\"image\":{\"@id\":\"https:\\\/\\\/bellarosa.es\\\/en\\\/#\\\/schema\\\/logo\\\/image\\\/\"}}]}<\/script>\n<!-- \/ Yoast SEO plugin. -->","yoast_head_json":{"title":"Melod\u00eda - Rosas Rojas, Blancas, Rosadas - Ramo de flores - Florister&iacute;a en San Pedro Alc&aacute;ntara","robots":{"index":"noindex","follow":"follow"},"og_locale":"en_US","og_type":"article","og_title":"Melod\u00eda - Rosas Rojas, Blancas, Rosadas - Ramo de flores - Florister&iacute;a en San Pedro Alc&aacute;ntara","og_description":"La poes\u00eda es el eco de la melod\u00eda del universo en el coraz\u00f3n de los humanos. - Rabindranath Tagore -  Las mejores rosas del mercado forman parte de este precioso ramo de flores. Una combinaci\u00f3n de rosas blancas, rojas y rosadas que expresan amor, cari\u00f1o, respeto y belleza. Regalar flores es un acto de amor que nunca se olvida. Sorprende a tu persona favorita con el embriagador aroma de las rosas. Melod\u00eda est\u00e1 compuesto por:  3 Rosas Rojas  3 Rosas Rosadas  3 Rosas Blancas  Gypsophila  Eucalipto  &nbsp;  Tenemos una gran variedad de ramos de flores preciosos a buen precio. Con\u00f3celos aqu\u00ed","og_url":"https:\/\/bellarosa.es\/en\/melodia-rosas-rojas-blancas-rosadas\/","og_site_name":"Florister&iacute;a en San Pedro Alc&aacute;ntara","article_modified_time":"2026-01-14T16:22:37+00:00","og_image":[{"width":1024,"height":1536,"url":"https:\/\/bellarosa.es\/wp-content\/uploads\/2021\/07\/CA42C9AE-EF7C-4B83-BA07-A7C8B8C80B1B.png","type":"image\/png"}],"twitter_card":"summary_large_image","twitter_misc":{"Est. reading time":"3 minutes"},"schema":{"@context":"https:\/\/schema.org","@graph":[{"@type":"WebPage","@id":"https:\/\/bellarosa.es\/en\/melodia-rosas-rojas-blancas-rosadas\/","url":"https:\/\/bellarosa.es\/en\/melodia-rosas-rojas-blancas-rosadas\/","name":"Melod\u00eda - Rosas Rojas, Blancas, Rosadas - Ramo de flores - Florister&iacute;a en San Pedro Alc&aacute;ntara","isPartOf":{"@id":"https:\/\/bellarosa.es\/en\/#website"},"primaryImageOfPage":{"@id":"https:\/\/bellarosa.es\/en\/melodia-rosas-rojas-blancas-rosadas\/#primaryimage"},"image":{"@id":"https:\/\/bellarosa.es\/en\/melodia-rosas-rojas-blancas-rosadas\/#primaryimage"},"thumbnailUrl":"https:\/\/bellarosa.es\/wp-content\/uploads\/2021\/07\/CA42C9AE-EF7C-4B83-BA07-A7C8B8C80B1B.png","datePublished":"2021-07-17T12:50:41+00:00","dateModified":"2026-01-14T16:22:37+00:00","breadcrumb":{"@id":"https:\/\/bellarosa.es\/en\/melodia-rosas-rojas-blancas-rosadas\/#breadcrumb"},"inLanguage":"en-US","potentialAction":[{"@type":"ReadAction","target":["https:\/\/bellarosa.es\/en\/melodia-rosas-rojas-blancas-rosadas\/"]}]},{"@type":"ImageObject","inLanguage":"en-US","@id":"https:\/\/bellarosa.es\/en\/melodia-rosas-rojas-blancas-rosadas\/#primaryimage","url":"https:\/\/bellarosa.es\/wp-content\/uploads\/2021\/07\/CA42C9AE-EF7C-4B83-BA07-A7C8B8C80B1B.png","contentUrl":"https:\/\/bellarosa.es\/wp-content\/uploads\/2021\/07\/CA42C9AE-EF7C-4B83-BA07-A7C8B8C80B1B.png","width":1024,"height":1536},{"@type":"BreadcrumbList","@id":"https:\/\/bellarosa.es\/en\/melodia-rosas-rojas-blancas-rosadas\/#breadcrumb","itemListElement":[{"@type":"ListItem","position":1,"name":"Inicio","item":"https:\/\/bellarosa.es\/en\/"},{"@type":"ListItem","position":2,"name":"Shop","item":"https:\/\/bellarosa.es\/en\/shop\/"},{"@type":"ListItem","position":3,"name":"Melod\u00eda &#8211; Rosas Rojas, Blancas, Rosadas &#8211; Ramo de flores"}]},{"@type":"WebSite","@id":"https:\/\/bellarosa.es\/en\/#website","url":"https:\/\/bellarosa.es\/en\/","name":"Florister&iacute;a en San Pedro Alc&aacute;ntara","description":"","publisher":{"@id":"https:\/\/bellarosa.es\/en\/#organization"},"potentialAction":[{"@type":"SearchAction","target":{"@type":"EntryPoint","urlTemplate":"https:\/\/bellarosa.es\/en\/?s={search_term_string}"},"query-input":{"@type":"PropertyValueSpecification","valueRequired":true,"valueName":"search_term_string"}}],"inLanguage":"en-US"},{"@type":"Organization","@id":"https:\/\/bellarosa.es\/en\/#organization","name":"Floristeria Bella Rosa","url":"https:\/\/bellarosa.es\/en\/","logo":{"@type":"ImageObject","inLanguage":"en-US","@id":"https:\/\/bellarosa.es\/en\/#\/schema\/logo\/image\/","url":"","contentUrl":"","caption":"Floristeria Bella Rosa"},"image":{"@id":"https:\/\/bellarosa.es\/en\/#\/schema\/logo\/image\/"}}]}},"_links":{"self":[{"href":"https:\/\/bellarosa.es\/en\/wp-json\/wp\/v2\/product\/2475","targetHints":{"allow":["GET"]}}],"collection":[{"href":"https:\/\/bellarosa.es\/en\/wp-json\/wp\/v2\/product"}],"about":[{"href":"https:\/\/bellarosa.es\/en\/wp-json\/wp\/v2\/types\/product"}],"replies":[{"embeddable":true,"href":"https:\/\/bellarosa.es\/en\/wp-json\/wp\/v2\/comments?post=2475"}],"wp:featuredmedia":[{"embeddable":true,"href":"https:\/\/bellarosa.es\/en\/wp-json\/wp\/v2\/media\/8362"}],"wp:attachment":[{"href":"https:\/\/bellarosa.es\/en\/wp-json\/wp\/v2\/media?parent=2475"}],"wp:term":[{"taxonomy":"product_brand","embeddable":true,"href":"https:\/\/bellarosa.es\/en\/wp-json\/wp\/v2\/product_brand?post=2475"},{"taxonomy":"product_cat","embeddable":true,"href":"https:\/\/bellarosa.es\/en\/wp-json\/wp\/v2\/product_cat?post=2475"},{"taxonomy":"product_tag","embeddable":true,"href":"https:\/\/bellarosa.es\/en\/wp-json\/wp\/v2\/product_tag?post=2475"}],"curies":[{"name":"wp","href":"https:\/\/api.w.org\/{rel}","templated":true}]}}