{"id":2042,"date":"2020-11-24T20:53:45","date_gmt":"2020-11-24T20:53:45","guid":{"rendered":"https:\/\/bellarosa.es\/?post_type=product&#038;p=2042"},"modified":"2026-04-10T11:09:12","modified_gmt":"2026-04-10T11:09:12","slug":"fortuna-lilium-y-lisianthus","status":"publish","type":"product","link":"https:\/\/bellarosa.es\/en\/fortuna-lilium-y-lisianthus\/","title":{"rendered":"Fortuna &#8211; Lilium y Lisianthus &#8211; Arreglo floral"},"content":{"rendered":"<h2><strong>Deseos de un futuro lleno de Fortuna<\/strong><\/h2>\n<p>Hay una persona especial para usted que est\u00e1 a punto de embarcarse en cambios, proyectos o que quiz\u00e1s pasa momentos delicados. Si usted <strong>quiere desearle buena suerte y un futuro pr\u00f3spero<\/strong>, d\u00edgaselo con flores. Este arreglo est\u00e1 compuesto por bellas flores que han sido elegidas entre <strong>las mejores del mercado<\/strong>, cuidadas desde el primer d\u00eda por nuestros <strong>floristas profesionales<\/strong>. Ponemos mucho amor en nuestro trabajo para que usted obtenga las flores m\u00e1s bellas y exuberantes.<\/p>\n<h3>El significado del Lilium y en Lisianthus<\/h3>\n<p>El <strong>lilium oriental blanco<\/strong> es s\u00edmbolo de la <strong>pureza y la belleza<\/strong>. Existen muchos mitos alrededor de esta flor que cautiva por su belleza. Se dice que los lilium protegen de las malas presencia y que <strong>auguran buena suerte<\/strong>, por eso son utilizadas en bodas. Durante a\u00f1os fueron utilizadas para la medicina y los cosm\u00e9ticos. Hoy en d\u00eda es una flor muy usada en ornamentaci\u00f3n.<\/p>\n<p>El <strong>lisianthus morado<\/strong>, por su parte es la <strong>flor de la extravagancia<\/strong>, y junto al rosa es una flor asociada a la feminidad y que se suele regalar a mujeres. Los lisianthus son una flor que no deja de crecer, por lo que se recomienda ir cortando el tallo cada 3-4 d\u00edas. Su constante y r\u00e1pido crecimiento <strong>es s\u00edmbolo de que buenas cosas suceder\u00e1n<\/strong> ante los nuevos cambios.<\/p>\n<h3>\u00bfCu\u00e1ndo regalar Fortuna?<\/h3>\n<p><strong>Fortuna<\/strong> ser\u00e1 el indicado si usted quiere <strong>mandar buenos deseos, buena suerte y augurar un futuro pr\u00f3spero y lleno de \u00e9xitos<\/strong>. Indicado para <strong>regalar a quienes pasan por un momento delicado<\/strong> o se enfrentan a retos personales o profesionales. Para personas que van a dar un gran cambio en sus vidas. Mandarle su afecto y apoyo con flores ser\u00e1 un detalle que jam\u00e1s olvidar\u00e1n, y que de seguro le sacar\u00e1 una enorme sonrisa y llenar\u00e1 su coraz\u00f3n de felicidad.<\/p>\n<h3>Flores a domicilio en la Costa del Sol<\/h3>\n<p>Recuerda que somos tu florister\u00eda de confianza en la <strong>Costa del Sol<\/strong>. Hacemos repartos desde <strong>Estepona<\/strong> hasta <strong>San Pedro<\/strong> o <strong>Marbella<\/strong>. Si deseas enviar <strong>flores a domicilio<\/strong> puedes contar con nuestra experiencia para que tus ramos lleguen en las mejores condiciones. Sorprende a tu persona favorita. Tambi\u00e9n puedes hacer uso de nuestro servicio de <strong>tienda online<\/strong>.<\/p>\n<p>&nbsp;<\/p>\n<p>Recuerda que puedes encontrarnos en <a href=\"https:\/\/www.facebook.com\/bellarosa.es\/\">Facebook<\/a> e <a href=\"https:\/\/www.instagram.com\/bellarosa_marbella\/\">Instagram<\/a>. \u00a1Te esperamos!<\/p>\n","protected":false},"excerpt":{"rendered":"<blockquote>\n<p style=\"text-align: center;\">La fortuna est\u00e1 al lado de quien se atreve.<\/p>\n<p style=\"text-align: center;\">&#8211; Virgilio &#8211;<\/p>\n<\/blockquote>\n<p>Un arreglo floral que combina la belleza de dos flores \u00fanicas: el lilium oriental y el lisianthus. Flores seleccionadas entre las mejores por nuestro equipo de expertos floristas. Cuidamos cada detalle para que este regalo sea \u00fanico y especial. Este arreglo atraer\u00e1 la buena suerte, y es ideal para desear un futuro pr\u00f3spero. <strong>Fortuna<\/strong> est\u00e1 compuesto por:<\/p>\n<p>1 Lilium oriental blanco<\/p>\n<p>5 Lisianthus morado<\/p>\n<p>Gypsophila<\/p>\n<p>Verdes varios<\/p>\n<p>Base de cer\u00e1mica blanca<\/p>\n<p>&nbsp;<\/p>\n<p>Tenemos una gran variedad de ramos de rosas preciosos a buen precio. Con\u00f3celos <a href=\"https:\/\/bellarosa.es\/comprar\/san-valentin\/\">aqu\u00ed<\/a><\/p>\n","protected":false},"featured_media":8604,"comment_status":"open","ping_status":"closed","template":"","meta":[],"product_brand":[],"product_cat":[157,134,1149],"product_tag":[],"class_list":{"0":"post-2042","1":"product","2":"type-product","3":"status-publish","4":"has-post-thumbnail","6":"product_cat-arreglo-en-base","7":"product_cat-cumpleanos","8":"product_cat-dia-de-la-madre","10":"first","11":"instock","12":"shipping-taxable","13":"purchasable","14":"product-type-simple","15":"layout-style-1","16":"col-md-4 col-sm-4 col-xs-6","17":"col-lg-4","18":"product-style-default"},"yoast_head":"<!-- This site is optimized with the Yoast SEO plugin v27.5 - https:\/\/yoast.com\/product\/yoast-seo-wordpress\/ -->\n<title>Fortuna - Lilium y Lisianthus - Arreglo floral - Florister&iacute;a en San Pedro Alc&aacute;ntara<\/title>\n<meta name=\"robots\" content=\"noindex, follow\" \/>\n<meta property=\"og:locale\" content=\"en_US\" \/>\n<meta property=\"og:type\" content=\"article\" \/>\n<meta property=\"og:title\" content=\"Fortuna - Lilium y Lisianthus - Arreglo floral - Florister&iacute;a en San Pedro Alc&aacute;ntara\" \/>\n<meta property=\"og:description\" content=\"La fortuna est\u00e1 al lado de quien se atreve. - Virgilio -  Un arreglo floral que combina la belleza de dos flores \u00fanicas: el lilium oriental y el lisianthus. Flores seleccionadas entre las mejores por nuestro equipo de expertos floristas. Cuidamos cada detalle para que este regalo sea \u00fanico y especial. Este arreglo atraer\u00e1 la buena suerte, y es ideal para desear un futuro pr\u00f3spero. Fortuna est\u00e1 compuesto por:  1 Lilium oriental blanco  5 Lisianthus morado  Gypsophila  Verdes varios  Base de cer\u00e1mica blanca  &nbsp;  Tenemos una gran variedad de ramos de rosas preciosos a buen precio. Con\u00f3celos aqu\u00ed\" \/>\n<meta property=\"og:url\" content=\"https:\/\/bellarosa.es\/en\/fortuna-lilium-y-lisianthus\/\" \/>\n<meta property=\"og:site_name\" content=\"Florister&iacute;a en San Pedro Alc&aacute;ntara\" \/>\n<meta property=\"article:modified_time\" content=\"2026-04-10T11:09:12+00:00\" \/>\n<meta property=\"og:image\" content=\"https:\/\/bellarosa.es\/wp-content\/uploads\/2020\/11\/5946A4AC-5FD0-4161-BA72-B33CAF0D431B-1.png\" \/>\n\t<meta property=\"og:image:width\" content=\"1024\" \/>\n\t<meta property=\"og:image:height\" content=\"1536\" \/>\n\t<meta property=\"og:image:type\" content=\"image\/png\" \/>\n<meta name=\"twitter:card\" content=\"summary_large_image\" \/>\n<meta name=\"twitter:label1\" content=\"Est. reading time\" \/>\n\t<meta name=\"twitter:data1\" content=\"2 minutes\" \/>\n<script type=\"application\/ld+json\" class=\"yoast-schema-graph\">{\"@context\":\"https:\\\/\\\/schema.org\",\"@graph\":[{\"@type\":\"WebPage\",\"@id\":\"https:\\\/\\\/bellarosa.es\\\/en\\\/fortuna-lilium-y-lisianthus\\\/\",\"url\":\"https:\\\/\\\/bellarosa.es\\\/en\\\/fortuna-lilium-y-lisianthus\\\/\",\"name\":\"Fortuna - Lilium y Lisianthus - Arreglo floral - Florister&iacute;a en San Pedro Alc&aacute;ntara\",\"isPartOf\":{\"@id\":\"https:\\\/\\\/bellarosa.es\\\/en\\\/#website\"},\"primaryImageOfPage\":{\"@id\":\"https:\\\/\\\/bellarosa.es\\\/en\\\/fortuna-lilium-y-lisianthus\\\/#primaryimage\"},\"image\":{\"@id\":\"https:\\\/\\\/bellarosa.es\\\/en\\\/fortuna-lilium-y-lisianthus\\\/#primaryimage\"},\"thumbnailUrl\":\"https:\\\/\\\/bellarosa.es\\\/wp-content\\\/uploads\\\/2020\\\/11\\\/5946A4AC-5FD0-4161-BA72-B33CAF0D431B-1.png\",\"datePublished\":\"2020-11-24T20:53:45+00:00\",\"dateModified\":\"2026-04-10T11:09:12+00:00\",\"breadcrumb\":{\"@id\":\"https:\\\/\\\/bellarosa.es\\\/en\\\/fortuna-lilium-y-lisianthus\\\/#breadcrumb\"},\"inLanguage\":\"en-US\",\"potentialAction\":[{\"@type\":\"ReadAction\",\"target\":[\"https:\\\/\\\/bellarosa.es\\\/en\\\/fortuna-lilium-y-lisianthus\\\/\"]}]},{\"@type\":\"ImageObject\",\"inLanguage\":\"en-US\",\"@id\":\"https:\\\/\\\/bellarosa.es\\\/en\\\/fortuna-lilium-y-lisianthus\\\/#primaryimage\",\"url\":\"https:\\\/\\\/bellarosa.es\\\/wp-content\\\/uploads\\\/2020\\\/11\\\/5946A4AC-5FD0-4161-BA72-B33CAF0D431B-1.png\",\"contentUrl\":\"https:\\\/\\\/bellarosa.es\\\/wp-content\\\/uploads\\\/2020\\\/11\\\/5946A4AC-5FD0-4161-BA72-B33CAF0D431B-1.png\",\"width\":1024,\"height\":1536},{\"@type\":\"BreadcrumbList\",\"@id\":\"https:\\\/\\\/bellarosa.es\\\/en\\\/fortuna-lilium-y-lisianthus\\\/#breadcrumb\",\"itemListElement\":[{\"@type\":\"ListItem\",\"position\":1,\"name\":\"Inicio\",\"item\":\"https:\\\/\\\/bellarosa.es\\\/en\\\/\"},{\"@type\":\"ListItem\",\"position\":2,\"name\":\"Shop\",\"item\":\"https:\\\/\\\/bellarosa.es\\\/en\\\/shop\\\/\"},{\"@type\":\"ListItem\",\"position\":3,\"name\":\"Fortuna &#8211; Lilium y Lisianthus &#8211; Arreglo floral\"}]},{\"@type\":\"WebSite\",\"@id\":\"https:\\\/\\\/bellarosa.es\\\/en\\\/#website\",\"url\":\"https:\\\/\\\/bellarosa.es\\\/en\\\/\",\"name\":\"Florister&iacute;a en San Pedro Alc&aacute;ntara\",\"description\":\"\",\"publisher\":{\"@id\":\"https:\\\/\\\/bellarosa.es\\\/en\\\/#organization\"},\"potentialAction\":[{\"@type\":\"SearchAction\",\"target\":{\"@type\":\"EntryPoint\",\"urlTemplate\":\"https:\\\/\\\/bellarosa.es\\\/en\\\/?s={search_term_string}\"},\"query-input\":{\"@type\":\"PropertyValueSpecification\",\"valueRequired\":true,\"valueName\":\"search_term_string\"}}],\"inLanguage\":\"en-US\"},{\"@type\":\"Organization\",\"@id\":\"https:\\\/\\\/bellarosa.es\\\/en\\\/#organization\",\"name\":\"Floristeria Bella Rosa\",\"url\":\"https:\\\/\\\/bellarosa.es\\\/en\\\/\",\"logo\":{\"@type\":\"ImageObject\",\"inLanguage\":\"en-US\",\"@id\":\"https:\\\/\\\/bellarosa.es\\\/en\\\/#\\\/schema\\\/logo\\\/image\\\/\",\"url\":\"\",\"contentUrl\":\"\",\"caption\":\"Floristeria Bella Rosa\"},\"image\":{\"@id\":\"https:\\\/\\\/bellarosa.es\\\/en\\\/#\\\/schema\\\/logo\\\/image\\\/\"}}]}<\/script>\n<!-- \/ Yoast SEO plugin. -->","yoast_head_json":{"title":"Fortuna - Lilium y Lisianthus - Arreglo floral - Florister&iacute;a en San Pedro Alc&aacute;ntara","robots":{"index":"noindex","follow":"follow"},"og_locale":"en_US","og_type":"article","og_title":"Fortuna - Lilium y Lisianthus - Arreglo floral - Florister&iacute;a en San Pedro Alc&aacute;ntara","og_description":"La fortuna est\u00e1 al lado de quien se atreve. - Virgilio -  Un arreglo floral que combina la belleza de dos flores \u00fanicas: el lilium oriental y el lisianthus. Flores seleccionadas entre las mejores por nuestro equipo de expertos floristas. Cuidamos cada detalle para que este regalo sea \u00fanico y especial. Este arreglo atraer\u00e1 la buena suerte, y es ideal para desear un futuro pr\u00f3spero. Fortuna est\u00e1 compuesto por:  1 Lilium oriental blanco  5 Lisianthus morado  Gypsophila  Verdes varios  Base de cer\u00e1mica blanca  &nbsp;  Tenemos una gran variedad de ramos de rosas preciosos a buen precio. Con\u00f3celos aqu\u00ed","og_url":"https:\/\/bellarosa.es\/en\/fortuna-lilium-y-lisianthus\/","og_site_name":"Florister&iacute;a en San Pedro Alc&aacute;ntara","article_modified_time":"2026-04-10T11:09:12+00:00","og_image":[{"width":1024,"height":1536,"url":"https:\/\/bellarosa.es\/wp-content\/uploads\/2020\/11\/5946A4AC-5FD0-4161-BA72-B33CAF0D431B-1.png","type":"image\/png"}],"twitter_card":"summary_large_image","twitter_misc":{"Est. reading time":"2 minutes"},"schema":{"@context":"https:\/\/schema.org","@graph":[{"@type":"WebPage","@id":"https:\/\/bellarosa.es\/en\/fortuna-lilium-y-lisianthus\/","url":"https:\/\/bellarosa.es\/en\/fortuna-lilium-y-lisianthus\/","name":"Fortuna - Lilium y Lisianthus - Arreglo floral - Florister&iacute;a en San Pedro Alc&aacute;ntara","isPartOf":{"@id":"https:\/\/bellarosa.es\/en\/#website"},"primaryImageOfPage":{"@id":"https:\/\/bellarosa.es\/en\/fortuna-lilium-y-lisianthus\/#primaryimage"},"image":{"@id":"https:\/\/bellarosa.es\/en\/fortuna-lilium-y-lisianthus\/#primaryimage"},"thumbnailUrl":"https:\/\/bellarosa.es\/wp-content\/uploads\/2020\/11\/5946A4AC-5FD0-4161-BA72-B33CAF0D431B-1.png","datePublished":"2020-11-24T20:53:45+00:00","dateModified":"2026-04-10T11:09:12+00:00","breadcrumb":{"@id":"https:\/\/bellarosa.es\/en\/fortuna-lilium-y-lisianthus\/#breadcrumb"},"inLanguage":"en-US","potentialAction":[{"@type":"ReadAction","target":["https:\/\/bellarosa.es\/en\/fortuna-lilium-y-lisianthus\/"]}]},{"@type":"ImageObject","inLanguage":"en-US","@id":"https:\/\/bellarosa.es\/en\/fortuna-lilium-y-lisianthus\/#primaryimage","url":"https:\/\/bellarosa.es\/wp-content\/uploads\/2020\/11\/5946A4AC-5FD0-4161-BA72-B33CAF0D431B-1.png","contentUrl":"https:\/\/bellarosa.es\/wp-content\/uploads\/2020\/11\/5946A4AC-5FD0-4161-BA72-B33CAF0D431B-1.png","width":1024,"height":1536},{"@type":"BreadcrumbList","@id":"https:\/\/bellarosa.es\/en\/fortuna-lilium-y-lisianthus\/#breadcrumb","itemListElement":[{"@type":"ListItem","position":1,"name":"Inicio","item":"https:\/\/bellarosa.es\/en\/"},{"@type":"ListItem","position":2,"name":"Shop","item":"https:\/\/bellarosa.es\/en\/shop\/"},{"@type":"ListItem","position":3,"name":"Fortuna &#8211; Lilium y Lisianthus &#8211; Arreglo floral"}]},{"@type":"WebSite","@id":"https:\/\/bellarosa.es\/en\/#website","url":"https:\/\/bellarosa.es\/en\/","name":"Florister&iacute;a en San Pedro Alc&aacute;ntara","description":"","publisher":{"@id":"https:\/\/bellarosa.es\/en\/#organization"},"potentialAction":[{"@type":"SearchAction","target":{"@type":"EntryPoint","urlTemplate":"https:\/\/bellarosa.es\/en\/?s={search_term_string}"},"query-input":{"@type":"PropertyValueSpecification","valueRequired":true,"valueName":"search_term_string"}}],"inLanguage":"en-US"},{"@type":"Organization","@id":"https:\/\/bellarosa.es\/en\/#organization","name":"Floristeria Bella Rosa","url":"https:\/\/bellarosa.es\/en\/","logo":{"@type":"ImageObject","inLanguage":"en-US","@id":"https:\/\/bellarosa.es\/en\/#\/schema\/logo\/image\/","url":"","contentUrl":"","caption":"Floristeria Bella Rosa"},"image":{"@id":"https:\/\/bellarosa.es\/en\/#\/schema\/logo\/image\/"}}]}},"_links":{"self":[{"href":"https:\/\/bellarosa.es\/en\/wp-json\/wp\/v2\/product\/2042","targetHints":{"allow":["GET"]}}],"collection":[{"href":"https:\/\/bellarosa.es\/en\/wp-json\/wp\/v2\/product"}],"about":[{"href":"https:\/\/bellarosa.es\/en\/wp-json\/wp\/v2\/types\/product"}],"replies":[{"embeddable":true,"href":"https:\/\/bellarosa.es\/en\/wp-json\/wp\/v2\/comments?post=2042"}],"wp:featuredmedia":[{"embeddable":true,"href":"https:\/\/bellarosa.es\/en\/wp-json\/wp\/v2\/media\/8604"}],"wp:attachment":[{"href":"https:\/\/bellarosa.es\/en\/wp-json\/wp\/v2\/media?parent=2042"}],"wp:term":[{"taxonomy":"product_brand","embeddable":true,"href":"https:\/\/bellarosa.es\/en\/wp-json\/wp\/v2\/product_brand?post=2042"},{"taxonomy":"product_cat","embeddable":true,"href":"https:\/\/bellarosa.es\/en\/wp-json\/wp\/v2\/product_cat?post=2042"},{"taxonomy":"product_tag","embeddable":true,"href":"https:\/\/bellarosa.es\/en\/wp-json\/wp\/v2\/product_tag?post=2042"}],"curies":[{"name":"wp","href":"https:\/\/api.w.org\/{rel}","templated":true}]}}