{"id":2036,"date":"2020-11-23T21:27:14","date_gmt":"2020-11-23T21:27:14","guid":{"rendered":"https:\/\/bellarosa.es\/?post_type=product&#038;p=2036"},"modified":"2026-04-10T11:08:34","modified_gmt":"2026-04-10T11:08:34","slug":"entre-nubes-rosas-y-lillium-blanco","status":"publish","type":"product","link":"https:\/\/bellarosa.es\/en\/entre-nubes-rosas-y-lillium-blanco\/","title":{"rendered":"Entre Nubes &#8211; Rosas y Lillium Blanco"},"content":{"rendered":"<h2><strong>Hazle sentir que est\u00e1 Entre Nubes<\/strong><\/h2>\n<p>La esponjosidad de las nubes, sentirnos que estamos en el mismo cielo. Estar a gusto con alguien es un sentimiento muy bello que nos aporta mucha paz. Para agradecer a esas personas que nos hacen sentir as\u00ed, hemos creado<strong> Entre Nubes<\/strong>, un arreglo floral con una combinaci\u00f3n de <strong>rosas blancas y lillium blanco<\/strong>, adornado con verdes varios y\u00a0 elaborado en una base de cer\u00e1mica blanca. Hasta el m\u00e1s m\u00ednimo detalle ha sido cuidado y realizado con amor.<\/p>\n<h3>El significado del Lilium blanco y las rosas blancas<\/h3>\n<p>El lilium, tambi\u00e9n conocido como <strong>Lili, Flor de Lis, Lirio o Azucena<\/strong>, es una flor con bell\u00edsimas connotaciones, y que puede ser encontrada en una variedad de colores, desde el rojo, blanco, amarillo o rosa. El <strong>Lilium blanco<\/strong> est\u00e1 asociado a <strong>la pureza y la belleza<\/strong>. Por lo que podemos decir que la combinaci\u00f3n de ambas es una oda a la feminidad tierna, la belleza pura y el deseo de una felicidad eterna. El precioso significado de los lirios convierte Esplendor en un acierto seguro.<\/p>\n<p>El Lilium es una flor que se asocia a <strong>la prosperidad y la feminidad<\/strong>. En la Antigua Grecia, se regalaban Lilium a las mujeres, expresando no solo cari\u00f1o, sino el deseo de una larga y buena vida. La flor de Lilium se asocia a grandes mujeres de la historia y los mitos, como el caso de Eva en la Biblia o Hera en la mitolog\u00eda griega. Es por ello que se les asocia con <strong>la feminidad y el amor<\/strong>.<\/p>\n<p>La <strong>rosa blanca<\/strong> es la flor de la sinceridad, de la dulzura pero ante todo, de la pureza. Muy vinculada con las novias el d\u00eda de su boda precisamente por su car\u00e1cter de pura. Las rosas blancas son un s\u00edmbolo de amor tierno, por lo que existen mil ocasiones para regalarlas. Una rosa blanca revela un sentimientos de cari\u00f1o profundo y desinteresado. Si usted recibe <strong>rosas blancas<\/strong>, quiere decir que es amada y admirada por la persona que le est\u00e1 obsequiando dicho regalo.<\/p>\n<h3>\u00bfCu\u00e1ndo regalar Entre Nubes?<\/h3>\n<p>Si est\u00e1s pensando en sorprender a alguien especial y quieres crear un recuerdo inolvidable, <strong>Entre Nubes<\/strong> puede ser una gran opci\u00f3n. Las flores blancas son una opci\u00f3n muy vers\u00e1til, ideal para ellos o para ellas. Su composici\u00f3n de flores lo convierten en candidato ideal para regalar a <strong>parejas o a amigos<\/strong> en ocasiones especiales como un <strong>cumplea\u00f1os o un aniversario<\/strong>.<\/p>\n<h3>Flores a domicilio en la Costa del Sol<\/h3>\n<p>Recuerda que somos tu florister\u00eda de confianza en la <strong>Costa del Sol<\/strong>. Hacemos repartos desde <strong>Estepona<\/strong> hasta <strong>San Pedro<\/strong> o <strong>Marbella<\/strong>. Si deseas enviar <strong>flores a domicilio<\/strong> puedes contar con nuestra experiencia para que tus ramos lleguen en las mejores condiciones. Sorprende a tu persona favorita. Tambi\u00e9n puedes hacer uso de nuestro servicio de <strong>tienda online<\/strong>.<\/p>\n<p>&nbsp;<\/p>\n<p>Recuerda que puedes encontrarnos en <a href=\"https:\/\/www.facebook.com\/bellarosa.es\/\">Facebook<\/a> e <a href=\"https:\/\/www.instagram.com\/bellarosa_marbella\/\">Instagram<\/a>. \u00a1Te esperamos!<\/p>\n","protected":false},"excerpt":{"rendered":"<blockquote>\n<p style=\"text-align: center;\">Entre m\u00e1s nubes tengas en el cielo, m\u00e1s colorido ser\u00e1 tu atardecer.<\/p>\n<p style=\"text-align: center;\">&#8211; Sajal Sazzad &#8211;<\/p>\n<\/blockquote>\n<p>Regale flores y haga que su persona favorita se sienta en el mismo cielo. La pureza y la belleza en un arreglo floral compuesto de <strong>flores blancas<\/strong> que nos inspiran las nubes. Nuestras <strong>flores son seleccionadas individualmente<\/strong> por nuestros <strong>floristas expertos<\/strong> para conseguir los mejores resultados. <strong>Entre nubes<\/strong> est\u00e1 compuesto por:<\/p>\n<p>2 Lilium oriental blanco<\/p>\n<p>5 Rosas blancas<\/p>\n<p>Gypsophila<\/p>\n<p>Verdes varios<\/p>\n<p>Base cer\u00e1mica blanca<\/p>\n<p>&nbsp;<\/p>\n<p>Tenemos una gran variedad de ramos de flores preciosos a buen precio. Con\u00f3celos <a href=\"https:\/\/bellarosa.es\/comprar\/flores-varias\/\">aqu\u00ed<\/a><\/p>\n","protected":false},"featured_media":8523,"comment_status":"open","ping_status":"closed","template":"","meta":[],"product_brand":[],"product_cat":[157,1149,1014,159,1100],"product_tag":[],"class_list":{"0":"post-2036","1":"product","2":"type-product","3":"status-publish","4":"has-post-thumbnail","6":"product_cat-arreglo-en-base","7":"product_cat-dia-de-la-madre","8":"product_cat-lo-mas-vendido","9":"product_cat-mothers-day","10":"product_cat-8-marzo-dia-de-la-mujer","12":"first","13":"instock","14":"shipping-taxable","15":"purchasable","16":"product-type-simple","17":"layout-style-1","18":"col-md-4 col-sm-4 col-xs-6","19":"col-lg-4","20":"product-style-default"},"yoast_head":"<!-- This site is optimized with the Yoast SEO plugin v27.5 - https:\/\/yoast.com\/product\/yoast-seo-wordpress\/ -->\n<title>Entre Nubes - Rosas y Lillium Blanco - Florister&iacute;a en San Pedro Alc&aacute;ntara<\/title>\n<meta name=\"robots\" content=\"noindex, follow\" \/>\n<meta property=\"og:locale\" content=\"en_US\" \/>\n<meta property=\"og:type\" content=\"article\" \/>\n<meta property=\"og:title\" content=\"Entre Nubes - Rosas y Lillium Blanco - Florister&iacute;a en San Pedro Alc&aacute;ntara\" \/>\n<meta property=\"og:description\" content=\"Entre m\u00e1s nubes tengas en el cielo, m\u00e1s colorido ser\u00e1 tu atardecer. - Sajal Sazzad -  Regale flores y haga que su persona favorita se sienta en el mismo cielo. La pureza y la belleza en un arreglo floral compuesto de flores blancas que nos inspiran las nubes. Nuestras flores son seleccionadas individualmente por nuestros floristas expertos para conseguir los mejores resultados. Entre nubes est\u00e1 compuesto por:  2 Lilium oriental blanco  5 Rosas blancas  Gypsophila  Verdes varios  Base cer\u00e1mica blanca  &nbsp;  Tenemos una gran variedad de ramos de flores preciosos a buen precio. Con\u00f3celos aqu\u00ed\" \/>\n<meta property=\"og:url\" content=\"https:\/\/bellarosa.es\/en\/entre-nubes-rosas-y-lillium-blanco\/\" \/>\n<meta property=\"og:site_name\" content=\"Florister&iacute;a en San Pedro Alc&aacute;ntara\" \/>\n<meta property=\"article:modified_time\" content=\"2026-04-10T11:08:34+00:00\" \/>\n<meta property=\"og:image\" content=\"https:\/\/bellarosa.es\/wp-content\/uploads\/2020\/11\/CA597187-ACFF-4F5A-B0B6-0BC936B731C8.png\" \/>\n\t<meta property=\"og:image:width\" content=\"1024\" \/>\n\t<meta property=\"og:image:height\" content=\"1536\" \/>\n\t<meta property=\"og:image:type\" content=\"image\/png\" \/>\n<meta name=\"twitter:card\" content=\"summary_large_image\" \/>\n<meta name=\"twitter:label1\" content=\"Est. reading time\" \/>\n\t<meta name=\"twitter:data1\" content=\"3 minutes\" \/>\n<script type=\"application\/ld+json\" class=\"yoast-schema-graph\">{\"@context\":\"https:\\\/\\\/schema.org\",\"@graph\":[{\"@type\":\"WebPage\",\"@id\":\"https:\\\/\\\/bellarosa.es\\\/en\\\/entre-nubes-rosas-y-lillium-blanco\\\/\",\"url\":\"https:\\\/\\\/bellarosa.es\\\/en\\\/entre-nubes-rosas-y-lillium-blanco\\\/\",\"name\":\"Entre Nubes - Rosas y Lillium Blanco - Florister&iacute;a en San Pedro Alc&aacute;ntara\",\"isPartOf\":{\"@id\":\"https:\\\/\\\/bellarosa.es\\\/en\\\/#website\"},\"primaryImageOfPage\":{\"@id\":\"https:\\\/\\\/bellarosa.es\\\/en\\\/entre-nubes-rosas-y-lillium-blanco\\\/#primaryimage\"},\"image\":{\"@id\":\"https:\\\/\\\/bellarosa.es\\\/en\\\/entre-nubes-rosas-y-lillium-blanco\\\/#primaryimage\"},\"thumbnailUrl\":\"https:\\\/\\\/bellarosa.es\\\/wp-content\\\/uploads\\\/2020\\\/11\\\/CA597187-ACFF-4F5A-B0B6-0BC936B731C8.png\",\"datePublished\":\"2020-11-23T21:27:14+00:00\",\"dateModified\":\"2026-04-10T11:08:34+00:00\",\"breadcrumb\":{\"@id\":\"https:\\\/\\\/bellarosa.es\\\/en\\\/entre-nubes-rosas-y-lillium-blanco\\\/#breadcrumb\"},\"inLanguage\":\"en-US\",\"potentialAction\":[{\"@type\":\"ReadAction\",\"target\":[\"https:\\\/\\\/bellarosa.es\\\/en\\\/entre-nubes-rosas-y-lillium-blanco\\\/\"]}]},{\"@type\":\"ImageObject\",\"inLanguage\":\"en-US\",\"@id\":\"https:\\\/\\\/bellarosa.es\\\/en\\\/entre-nubes-rosas-y-lillium-blanco\\\/#primaryimage\",\"url\":\"https:\\\/\\\/bellarosa.es\\\/wp-content\\\/uploads\\\/2020\\\/11\\\/CA597187-ACFF-4F5A-B0B6-0BC936B731C8.png\",\"contentUrl\":\"https:\\\/\\\/bellarosa.es\\\/wp-content\\\/uploads\\\/2020\\\/11\\\/CA597187-ACFF-4F5A-B0B6-0BC936B731C8.png\",\"width\":1024,\"height\":1536},{\"@type\":\"BreadcrumbList\",\"@id\":\"https:\\\/\\\/bellarosa.es\\\/en\\\/entre-nubes-rosas-y-lillium-blanco\\\/#breadcrumb\",\"itemListElement\":[{\"@type\":\"ListItem\",\"position\":1,\"name\":\"Inicio\",\"item\":\"https:\\\/\\\/bellarosa.es\\\/en\\\/\"},{\"@type\":\"ListItem\",\"position\":2,\"name\":\"Shop\",\"item\":\"https:\\\/\\\/bellarosa.es\\\/en\\\/shop\\\/\"},{\"@type\":\"ListItem\",\"position\":3,\"name\":\"Entre Nubes &#8211; Rosas y Lillium Blanco\"}]},{\"@type\":\"WebSite\",\"@id\":\"https:\\\/\\\/bellarosa.es\\\/en\\\/#website\",\"url\":\"https:\\\/\\\/bellarosa.es\\\/en\\\/\",\"name\":\"Florister&iacute;a en San Pedro Alc&aacute;ntara\",\"description\":\"\",\"publisher\":{\"@id\":\"https:\\\/\\\/bellarosa.es\\\/en\\\/#organization\"},\"potentialAction\":[{\"@type\":\"SearchAction\",\"target\":{\"@type\":\"EntryPoint\",\"urlTemplate\":\"https:\\\/\\\/bellarosa.es\\\/en\\\/?s={search_term_string}\"},\"query-input\":{\"@type\":\"PropertyValueSpecification\",\"valueRequired\":true,\"valueName\":\"search_term_string\"}}],\"inLanguage\":\"en-US\"},{\"@type\":\"Organization\",\"@id\":\"https:\\\/\\\/bellarosa.es\\\/en\\\/#organization\",\"name\":\"Floristeria Bella Rosa\",\"url\":\"https:\\\/\\\/bellarosa.es\\\/en\\\/\",\"logo\":{\"@type\":\"ImageObject\",\"inLanguage\":\"en-US\",\"@id\":\"https:\\\/\\\/bellarosa.es\\\/en\\\/#\\\/schema\\\/logo\\\/image\\\/\",\"url\":\"\",\"contentUrl\":\"\",\"caption\":\"Floristeria Bella Rosa\"},\"image\":{\"@id\":\"https:\\\/\\\/bellarosa.es\\\/en\\\/#\\\/schema\\\/logo\\\/image\\\/\"}}]}<\/script>\n<!-- \/ Yoast SEO plugin. -->","yoast_head_json":{"title":"Entre Nubes - Rosas y Lillium Blanco - Florister&iacute;a en San Pedro Alc&aacute;ntara","robots":{"index":"noindex","follow":"follow"},"og_locale":"en_US","og_type":"article","og_title":"Entre Nubes - Rosas y Lillium Blanco - Florister&iacute;a en San Pedro Alc&aacute;ntara","og_description":"Entre m\u00e1s nubes tengas en el cielo, m\u00e1s colorido ser\u00e1 tu atardecer. - Sajal Sazzad -  Regale flores y haga que su persona favorita se sienta en el mismo cielo. La pureza y la belleza en un arreglo floral compuesto de flores blancas que nos inspiran las nubes. Nuestras flores son seleccionadas individualmente por nuestros floristas expertos para conseguir los mejores resultados. Entre nubes est\u00e1 compuesto por:  2 Lilium oriental blanco  5 Rosas blancas  Gypsophila  Verdes varios  Base cer\u00e1mica blanca  &nbsp;  Tenemos una gran variedad de ramos de flores preciosos a buen precio. Con\u00f3celos aqu\u00ed","og_url":"https:\/\/bellarosa.es\/en\/entre-nubes-rosas-y-lillium-blanco\/","og_site_name":"Florister&iacute;a en San Pedro Alc&aacute;ntara","article_modified_time":"2026-04-10T11:08:34+00:00","og_image":[{"width":1024,"height":1536,"url":"https:\/\/bellarosa.es\/wp-content\/uploads\/2020\/11\/CA597187-ACFF-4F5A-B0B6-0BC936B731C8.png","type":"image\/png"}],"twitter_card":"summary_large_image","twitter_misc":{"Est. reading time":"3 minutes"},"schema":{"@context":"https:\/\/schema.org","@graph":[{"@type":"WebPage","@id":"https:\/\/bellarosa.es\/en\/entre-nubes-rosas-y-lillium-blanco\/","url":"https:\/\/bellarosa.es\/en\/entre-nubes-rosas-y-lillium-blanco\/","name":"Entre Nubes - Rosas y Lillium Blanco - Florister&iacute;a en San Pedro Alc&aacute;ntara","isPartOf":{"@id":"https:\/\/bellarosa.es\/en\/#website"},"primaryImageOfPage":{"@id":"https:\/\/bellarosa.es\/en\/entre-nubes-rosas-y-lillium-blanco\/#primaryimage"},"image":{"@id":"https:\/\/bellarosa.es\/en\/entre-nubes-rosas-y-lillium-blanco\/#primaryimage"},"thumbnailUrl":"https:\/\/bellarosa.es\/wp-content\/uploads\/2020\/11\/CA597187-ACFF-4F5A-B0B6-0BC936B731C8.png","datePublished":"2020-11-23T21:27:14+00:00","dateModified":"2026-04-10T11:08:34+00:00","breadcrumb":{"@id":"https:\/\/bellarosa.es\/en\/entre-nubes-rosas-y-lillium-blanco\/#breadcrumb"},"inLanguage":"en-US","potentialAction":[{"@type":"ReadAction","target":["https:\/\/bellarosa.es\/en\/entre-nubes-rosas-y-lillium-blanco\/"]}]},{"@type":"ImageObject","inLanguage":"en-US","@id":"https:\/\/bellarosa.es\/en\/entre-nubes-rosas-y-lillium-blanco\/#primaryimage","url":"https:\/\/bellarosa.es\/wp-content\/uploads\/2020\/11\/CA597187-ACFF-4F5A-B0B6-0BC936B731C8.png","contentUrl":"https:\/\/bellarosa.es\/wp-content\/uploads\/2020\/11\/CA597187-ACFF-4F5A-B0B6-0BC936B731C8.png","width":1024,"height":1536},{"@type":"BreadcrumbList","@id":"https:\/\/bellarosa.es\/en\/entre-nubes-rosas-y-lillium-blanco\/#breadcrumb","itemListElement":[{"@type":"ListItem","position":1,"name":"Inicio","item":"https:\/\/bellarosa.es\/en\/"},{"@type":"ListItem","position":2,"name":"Shop","item":"https:\/\/bellarosa.es\/en\/shop\/"},{"@type":"ListItem","position":3,"name":"Entre Nubes &#8211; Rosas y Lillium Blanco"}]},{"@type":"WebSite","@id":"https:\/\/bellarosa.es\/en\/#website","url":"https:\/\/bellarosa.es\/en\/","name":"Florister&iacute;a en San Pedro Alc&aacute;ntara","description":"","publisher":{"@id":"https:\/\/bellarosa.es\/en\/#organization"},"potentialAction":[{"@type":"SearchAction","target":{"@type":"EntryPoint","urlTemplate":"https:\/\/bellarosa.es\/en\/?s={search_term_string}"},"query-input":{"@type":"PropertyValueSpecification","valueRequired":true,"valueName":"search_term_string"}}],"inLanguage":"en-US"},{"@type":"Organization","@id":"https:\/\/bellarosa.es\/en\/#organization","name":"Floristeria Bella Rosa","url":"https:\/\/bellarosa.es\/en\/","logo":{"@type":"ImageObject","inLanguage":"en-US","@id":"https:\/\/bellarosa.es\/en\/#\/schema\/logo\/image\/","url":"","contentUrl":"","caption":"Floristeria Bella Rosa"},"image":{"@id":"https:\/\/bellarosa.es\/en\/#\/schema\/logo\/image\/"}}]}},"_links":{"self":[{"href":"https:\/\/bellarosa.es\/en\/wp-json\/wp\/v2\/product\/2036","targetHints":{"allow":["GET"]}}],"collection":[{"href":"https:\/\/bellarosa.es\/en\/wp-json\/wp\/v2\/product"}],"about":[{"href":"https:\/\/bellarosa.es\/en\/wp-json\/wp\/v2\/types\/product"}],"replies":[{"embeddable":true,"href":"https:\/\/bellarosa.es\/en\/wp-json\/wp\/v2\/comments?post=2036"}],"wp:featuredmedia":[{"embeddable":true,"href":"https:\/\/bellarosa.es\/en\/wp-json\/wp\/v2\/media\/8523"}],"wp:attachment":[{"href":"https:\/\/bellarosa.es\/en\/wp-json\/wp\/v2\/media?parent=2036"}],"wp:term":[{"taxonomy":"product_brand","embeddable":true,"href":"https:\/\/bellarosa.es\/en\/wp-json\/wp\/v2\/product_brand?post=2036"},{"taxonomy":"product_cat","embeddable":true,"href":"https:\/\/bellarosa.es\/en\/wp-json\/wp\/v2\/product_cat?post=2036"},{"taxonomy":"product_tag","embeddable":true,"href":"https:\/\/bellarosa.es\/en\/wp-json\/wp\/v2\/product_tag?post=2036"}],"curies":[{"name":"wp","href":"https:\/\/api.w.org\/{rel}","templated":true}]}}