{"id":1943,"date":"2020-11-06T17:29:30","date_gmt":"2020-11-06T17:29:30","guid":{"rendered":"https:\/\/bellarosa.es\/?post_type=product&#038;p=1943"},"modified":"2026-04-10T11:10:14","modified_gmt":"2026-04-10T11:10:14","slug":"saturno-orquidea-bicolor-rosa-y-blanca","status":"publish","type":"product","link":"https:\/\/bellarosa.es\/en\/saturno-orquidea-bicolor-rosa-y-blanca\/","title":{"rendered":"Saturno &#8211; Orqu\u00eddea Bicolor Rosa y Morada"},"content":{"rendered":"<h2><strong>Saturno: Nuestra orqu\u00eddea bicolor rosa y blanca<\/strong><\/h2>\n<p>Las orqu\u00eddeas son consideradas una de las flores m\u00e1s bellas del mundo, y la <strong>Orqu\u00eddea Phalaenopsis Saturno<\/strong> es particularmente bonita por su naturaleza bicolor que nos presenta una mezcla natural de colores que es realmente sorprendente.<\/p>\n<p>Nuestro <strong>equipo de floristas profesionales<\/strong> prepara con todo mimo y cari\u00f1o la <strong>Orqu\u00eddea Phalaenopsis Saturno<\/strong> para que llegue a la persona que desees. Tambi\u00e9n es un autoregalo estupendo, \u00bfpor qu\u00e9 no? Puedes disfrutarla en tu lugar de trabajo o en el lugar perfecto para tu hogar. Gracias a sus abundantes y duraderas flores podr\u00e1s disfrutar de este espect\u00e1culo de la naturaleza, pudiendo <strong>mantener su floraci\u00f3n entre 8 y 10 semanas.<\/strong><\/p>\n<h3>Lo que debes saber sobre las orqu\u00eddeas<\/h3>\n<p>\u00bfSab\u00edas que su nombre se debe a su similitud con las mariposas? \u201d<em>Phalaena-mariposa<\/em>\u201d y \u201c<em>Opsis-parecido<\/em>\u201d. La orqu\u00eddea es una flor de indiscutible belleza con mucha popularidad y que embellece cualquier rinc\u00f3n. Una opci\u00f3n muy buena para regalar puesto que <strong>su floraci\u00f3n puede durar de 8-10 semanas<\/strong>. Su llamativo encanto bicolor es <strong>belleza y originalidad<\/strong>.<\/p>\n<p>La <strong>Orqu\u00eddea Saturno<\/strong> te ofrece unas flores bicolor combinando la pureza del blanco con la dulzura del rosa, sum\u00e1ndole unos toques de burdeos, haciendo que esta combinaci\u00f3n sea toda una joya de la naturaleza.<\/p>\n<p>A la hora de tener orqu\u00eddeas es importante que conozcas los <strong>cuidados m\u00ednimos y b\u00e1sicos<\/strong> para que la flor perdure y se mantenga en perfectas condiciones:<\/p>\n<p>1\u00ba.- Luz natural (evitando el sol directo).<\/p>\n<p>2\u00ba.- Mantener a 23\/24 grados de temperatura.<\/p>\n<p>3\u00ba.- Regar mediante inmersi\u00f3n de la planta en un recipiente durante unos minutos. No utilizar agua del grifo.<\/p>\n<h3>\u00bfCu\u00e1ndo regalar Saturno?<\/h3>\n<p>La Orqu\u00eddea Saturno es una declaraci\u00f3n de amor, abierta e inequ\u00edvoca.<\/p>\n<p>Si quieres declararte, \u00a1hazlo con orqu\u00eddeas rosas! Son el s\u00edmbolo del amor entre dos personas. Lo m\u00e1s normal es que estas flores en este color se regalen a una pareja por su significado. No obstante, en muchas ocasiones son seleccionadas para regalar a un familiar muy cercano como podr\u00eda ser una madre.<\/p>\n<p>Por otro lado, las orqu\u00eddeas han entrado a formar parte de muchos hogares y se han vuelto muy populares. Su belleza y duraci\u00f3n hace que esta planta sea por excelencia ideal\u00a0 para regalar en diversas ocasiones: <strong>cumplea\u00f1os<\/strong>, en el<strong> D\u00eda de la madre<\/strong>, <strong>para una inauguraci\u00f3n<\/strong> o cualquier ocasi\u00f3n donde quiera tener un bello detalle. Se trata de un regalo que perdurar\u00e1 con amor y cuidados.<\/p>\n<p>Las orqu\u00eddeas son emblema nacional en muchos de los pa\u00edses del mundo, cuando decides obsequiar a alguien con Orqu\u00eddea Belleza tendr\u00e1s la seguridad que la persona al recibirla, le llega un mensaje haci\u00e9ndole sentir la persona m\u00e1s amada e importante, sin mediar palabras.<\/p>\n<p>Sin lugar a dudas, acertar\u00e1s.<\/p>\n<h3>Flores a domicilio en la Costa del Sol<\/h3>\n<p>Recuerda que somos tu florister\u00eda de confianza en la <strong>Costa del Sol<\/strong>. Hacemos repartos desde <strong>Estepona<\/strong> hasta <strong>San Pedro<\/strong> o <strong>Marbella<\/strong>. Si deseas enviar <strong>flores a domicilio<\/strong> puedes contar con nuestra experiencia para que tus ramos lleguen en las mejores condiciones. Sorprende a tu persona favorita. Tambi\u00e9n puedes hacer uso de nuestro servicio de <strong>tienda online<\/strong>.<\/p>\n<p>&nbsp;<\/p>\n<p>Recuerda que puedes encontrarnos en <a href=\"https:\/\/www.facebook.com\/bellarosa.es\/\">Facebook<\/a> e <a href=\"https:\/\/www.instagram.com\/bellarosa_marbella\/\">Instagram<\/a>. \u00a1Te esperamos!<\/p>\n","protected":false},"excerpt":{"rendered":"<blockquote>\n<p style=\"text-align: center;\">Las estrellas visitar y los anillos de Saturno regalarte.<\/p>\n<p style=\"text-align: center;\">&#8211; An\u00f3nimo &#8211;<\/p>\n<\/blockquote>\n<p>Nuestra <strong>orqu\u00eddea bicolor Saturno<\/strong> es una flor muy especial que adquiere dos tonalidades: blanco y rosa. Adem\u00e1s, presenta unas motas en color morado. Un regalo ideal para sorprender a una persona especial en su cumplea\u00f1os, para felicitar una inauguraci\u00f3n, una graduaci\u00f3n o el alcance de metas personales o profesionales. Tenemos una variedad de orqu\u00eddeas seleccionadas por <strong>nuestro equipo de Bella Rosa<\/strong> y cuidadas con mucho mimo. <strong>Saturno<\/strong>\u00a0est\u00e1 compuesto por:<\/p>\n<p>Orqu\u00eddea Phalaenopsis bicolor rosa motas morada<\/p>\n<p>Base de orqu\u00eddea blanca<\/p>\n<p>&nbsp;<\/p>\n<p>Tenemos una gran variedad de orqu\u00eddeas preciosos a buen precio. Con\u00f3celas <a href=\"https:\/\/bellarosa.es\/?product_cat=&amp;s=orquidea&amp;post_type=product\">aqu\u00ed<\/a><\/p>\n","protected":false},"featured_media":8459,"comment_status":"open","ping_status":"closed","template":"","meta":[],"product_brand":[],"product_cat":[134,968,143],"product_tag":[],"class_list":{"0":"post-1943","1":"product","2":"type-product","3":"status-publish","4":"has-post-thumbnail","6":"product_cat-cumpleanos","7":"product_cat-orquideas","8":"product_cat-plantas","10":"first","11":"instock","12":"shipping-taxable","13":"purchasable","14":"product-type-simple","15":"layout-style-1","16":"col-md-4 col-sm-4 col-xs-6","17":"col-lg-4","18":"product-style-default"},"yoast_head":"<!-- This site is optimized with the Yoast SEO plugin v27.4 - https:\/\/yoast.com\/product\/yoast-seo-wordpress\/ -->\n<title>Saturno - Orqu\u00eddea Bicolor Rosa y Morada - Florister&iacute;a en San Pedro Alc&aacute;ntara<\/title>\n<meta name=\"robots\" content=\"noindex, follow\" \/>\n<meta property=\"og:locale\" content=\"en_US\" \/>\n<meta property=\"og:type\" content=\"article\" \/>\n<meta property=\"og:title\" content=\"Saturno - Orqu\u00eddea Bicolor Rosa y Morada - Florister&iacute;a en San Pedro Alc&aacute;ntara\" \/>\n<meta property=\"og:description\" content=\"Las estrellas visitar y los anillos de Saturno regalarte. - An\u00f3nimo -  Nuestra orqu\u00eddea bicolor Saturno es una flor muy especial que adquiere dos tonalidades: blanco y rosa. Adem\u00e1s, presenta unas motas en color morado. Un regalo ideal para sorprender a una persona especial en su cumplea\u00f1os, para felicitar una inauguraci\u00f3n, una graduaci\u00f3n o el alcance de metas personales o profesionales. Tenemos una variedad de orqu\u00eddeas seleccionadas por nuestro equipo de Bella Rosa y cuidadas con mucho mimo. Saturno\u00a0est\u00e1 compuesto por:  Orqu\u00eddea Phalaenopsis bicolor rosa motas morada  Base de orqu\u00eddea blanca  &nbsp;  Tenemos una gran variedad de orqu\u00eddeas preciosos a buen precio. Con\u00f3celas aqu\u00ed\" \/>\n<meta property=\"og:url\" content=\"https:\/\/bellarosa.es\/en\/saturno-orquidea-bicolor-rosa-y-blanca\/\" \/>\n<meta property=\"og:site_name\" content=\"Florister&iacute;a en San Pedro Alc&aacute;ntara\" \/>\n<meta property=\"article:modified_time\" content=\"2026-04-10T11:10:14+00:00\" \/>\n<meta property=\"og:image\" content=\"https:\/\/bellarosa.es\/wp-content\/uploads\/2020\/11\/B5E238FD-364A-4BC6-B767-65A5B1A210E3.png\" \/>\n\t<meta property=\"og:image:width\" content=\"1024\" \/>\n\t<meta property=\"og:image:height\" content=\"1536\" \/>\n\t<meta property=\"og:image:type\" content=\"image\/png\" \/>\n<meta name=\"twitter:card\" content=\"summary_large_image\" \/>\n<meta name=\"twitter:label1\" content=\"Est. reading time\" \/>\n\t<meta name=\"twitter:data1\" content=\"3 minutes\" \/>\n<script type=\"application\/ld+json\" class=\"yoast-schema-graph\">{\"@context\":\"https:\\\/\\\/schema.org\",\"@graph\":[{\"@type\":\"WebPage\",\"@id\":\"https:\\\/\\\/bellarosa.es\\\/en\\\/saturno-orquidea-bicolor-rosa-y-blanca\\\/\",\"url\":\"https:\\\/\\\/bellarosa.es\\\/en\\\/saturno-orquidea-bicolor-rosa-y-blanca\\\/\",\"name\":\"Saturno - Orqu\u00eddea Bicolor Rosa y Morada - Florister&iacute;a en San Pedro Alc&aacute;ntara\",\"isPartOf\":{\"@id\":\"https:\\\/\\\/bellarosa.es\\\/en\\\/#website\"},\"primaryImageOfPage\":{\"@id\":\"https:\\\/\\\/bellarosa.es\\\/en\\\/saturno-orquidea-bicolor-rosa-y-blanca\\\/#primaryimage\"},\"image\":{\"@id\":\"https:\\\/\\\/bellarosa.es\\\/en\\\/saturno-orquidea-bicolor-rosa-y-blanca\\\/#primaryimage\"},\"thumbnailUrl\":\"https:\\\/\\\/bellarosa.es\\\/wp-content\\\/uploads\\\/2020\\\/11\\\/B5E238FD-364A-4BC6-B767-65A5B1A210E3.png\",\"datePublished\":\"2020-11-06T17:29:30+00:00\",\"dateModified\":\"2026-04-10T11:10:14+00:00\",\"breadcrumb\":{\"@id\":\"https:\\\/\\\/bellarosa.es\\\/en\\\/saturno-orquidea-bicolor-rosa-y-blanca\\\/#breadcrumb\"},\"inLanguage\":\"en-US\",\"potentialAction\":[{\"@type\":\"ReadAction\",\"target\":[\"https:\\\/\\\/bellarosa.es\\\/en\\\/saturno-orquidea-bicolor-rosa-y-blanca\\\/\"]}]},{\"@type\":\"ImageObject\",\"inLanguage\":\"en-US\",\"@id\":\"https:\\\/\\\/bellarosa.es\\\/en\\\/saturno-orquidea-bicolor-rosa-y-blanca\\\/#primaryimage\",\"url\":\"https:\\\/\\\/bellarosa.es\\\/wp-content\\\/uploads\\\/2020\\\/11\\\/B5E238FD-364A-4BC6-B767-65A5B1A210E3.png\",\"contentUrl\":\"https:\\\/\\\/bellarosa.es\\\/wp-content\\\/uploads\\\/2020\\\/11\\\/B5E238FD-364A-4BC6-B767-65A5B1A210E3.png\",\"width\":1024,\"height\":1536},{\"@type\":\"BreadcrumbList\",\"@id\":\"https:\\\/\\\/bellarosa.es\\\/en\\\/saturno-orquidea-bicolor-rosa-y-blanca\\\/#breadcrumb\",\"itemListElement\":[{\"@type\":\"ListItem\",\"position\":1,\"name\":\"Inicio\",\"item\":\"https:\\\/\\\/bellarosa.es\\\/en\\\/\"},{\"@type\":\"ListItem\",\"position\":2,\"name\":\"Shop\",\"item\":\"https:\\\/\\\/bellarosa.es\\\/en\\\/shop\\\/\"},{\"@type\":\"ListItem\",\"position\":3,\"name\":\"Saturno &#8211; Orqu\u00eddea Bicolor Rosa y Morada\"}]},{\"@type\":\"WebSite\",\"@id\":\"https:\\\/\\\/bellarosa.es\\\/en\\\/#website\",\"url\":\"https:\\\/\\\/bellarosa.es\\\/en\\\/\",\"name\":\"Florister&iacute;a en San Pedro Alc&aacute;ntara\",\"description\":\"\",\"publisher\":{\"@id\":\"https:\\\/\\\/bellarosa.es\\\/en\\\/#organization\"},\"potentialAction\":[{\"@type\":\"SearchAction\",\"target\":{\"@type\":\"EntryPoint\",\"urlTemplate\":\"https:\\\/\\\/bellarosa.es\\\/en\\\/?s={search_term_string}\"},\"query-input\":{\"@type\":\"PropertyValueSpecification\",\"valueRequired\":true,\"valueName\":\"search_term_string\"}}],\"inLanguage\":\"en-US\"},{\"@type\":\"Organization\",\"@id\":\"https:\\\/\\\/bellarosa.es\\\/en\\\/#organization\",\"name\":\"Floristeria Bella Rosa\",\"url\":\"https:\\\/\\\/bellarosa.es\\\/en\\\/\",\"logo\":{\"@type\":\"ImageObject\",\"inLanguage\":\"en-US\",\"@id\":\"https:\\\/\\\/bellarosa.es\\\/en\\\/#\\\/schema\\\/logo\\\/image\\\/\",\"url\":\"\",\"contentUrl\":\"\",\"caption\":\"Floristeria Bella Rosa\"},\"image\":{\"@id\":\"https:\\\/\\\/bellarosa.es\\\/en\\\/#\\\/schema\\\/logo\\\/image\\\/\"}}]}<\/script>\n<!-- \/ Yoast SEO plugin. -->","yoast_head_json":{"title":"Saturno - Orqu\u00eddea Bicolor Rosa y Morada - Florister&iacute;a en San Pedro Alc&aacute;ntara","robots":{"index":"noindex","follow":"follow"},"og_locale":"en_US","og_type":"article","og_title":"Saturno - Orqu\u00eddea Bicolor Rosa y Morada - Florister&iacute;a en San Pedro Alc&aacute;ntara","og_description":"Las estrellas visitar y los anillos de Saturno regalarte. - An\u00f3nimo -  Nuestra orqu\u00eddea bicolor Saturno es una flor muy especial que adquiere dos tonalidades: blanco y rosa. Adem\u00e1s, presenta unas motas en color morado. Un regalo ideal para sorprender a una persona especial en su cumplea\u00f1os, para felicitar una inauguraci\u00f3n, una graduaci\u00f3n o el alcance de metas personales o profesionales. Tenemos una variedad de orqu\u00eddeas seleccionadas por nuestro equipo de Bella Rosa y cuidadas con mucho mimo. Saturno\u00a0est\u00e1 compuesto por:  Orqu\u00eddea Phalaenopsis bicolor rosa motas morada  Base de orqu\u00eddea blanca  &nbsp;  Tenemos una gran variedad de orqu\u00eddeas preciosos a buen precio. Con\u00f3celas aqu\u00ed","og_url":"https:\/\/bellarosa.es\/en\/saturno-orquidea-bicolor-rosa-y-blanca\/","og_site_name":"Florister&iacute;a en San Pedro Alc&aacute;ntara","article_modified_time":"2026-04-10T11:10:14+00:00","og_image":[{"width":1024,"height":1536,"url":"https:\/\/bellarosa.es\/wp-content\/uploads\/2020\/11\/B5E238FD-364A-4BC6-B767-65A5B1A210E3.png","type":"image\/png"}],"twitter_card":"summary_large_image","twitter_misc":{"Est. reading time":"3 minutes"},"schema":{"@context":"https:\/\/schema.org","@graph":[{"@type":"WebPage","@id":"https:\/\/bellarosa.es\/en\/saturno-orquidea-bicolor-rosa-y-blanca\/","url":"https:\/\/bellarosa.es\/en\/saturno-orquidea-bicolor-rosa-y-blanca\/","name":"Saturno - Orqu\u00eddea Bicolor Rosa y Morada - Florister&iacute;a en San Pedro Alc&aacute;ntara","isPartOf":{"@id":"https:\/\/bellarosa.es\/en\/#website"},"primaryImageOfPage":{"@id":"https:\/\/bellarosa.es\/en\/saturno-orquidea-bicolor-rosa-y-blanca\/#primaryimage"},"image":{"@id":"https:\/\/bellarosa.es\/en\/saturno-orquidea-bicolor-rosa-y-blanca\/#primaryimage"},"thumbnailUrl":"https:\/\/bellarosa.es\/wp-content\/uploads\/2020\/11\/B5E238FD-364A-4BC6-B767-65A5B1A210E3.png","datePublished":"2020-11-06T17:29:30+00:00","dateModified":"2026-04-10T11:10:14+00:00","breadcrumb":{"@id":"https:\/\/bellarosa.es\/en\/saturno-orquidea-bicolor-rosa-y-blanca\/#breadcrumb"},"inLanguage":"en-US","potentialAction":[{"@type":"ReadAction","target":["https:\/\/bellarosa.es\/en\/saturno-orquidea-bicolor-rosa-y-blanca\/"]}]},{"@type":"ImageObject","inLanguage":"en-US","@id":"https:\/\/bellarosa.es\/en\/saturno-orquidea-bicolor-rosa-y-blanca\/#primaryimage","url":"https:\/\/bellarosa.es\/wp-content\/uploads\/2020\/11\/B5E238FD-364A-4BC6-B767-65A5B1A210E3.png","contentUrl":"https:\/\/bellarosa.es\/wp-content\/uploads\/2020\/11\/B5E238FD-364A-4BC6-B767-65A5B1A210E3.png","width":1024,"height":1536},{"@type":"BreadcrumbList","@id":"https:\/\/bellarosa.es\/en\/saturno-orquidea-bicolor-rosa-y-blanca\/#breadcrumb","itemListElement":[{"@type":"ListItem","position":1,"name":"Inicio","item":"https:\/\/bellarosa.es\/en\/"},{"@type":"ListItem","position":2,"name":"Shop","item":"https:\/\/bellarosa.es\/en\/shop\/"},{"@type":"ListItem","position":3,"name":"Saturno &#8211; Orqu\u00eddea Bicolor Rosa y Morada"}]},{"@type":"WebSite","@id":"https:\/\/bellarosa.es\/en\/#website","url":"https:\/\/bellarosa.es\/en\/","name":"Florister&iacute;a en San Pedro Alc&aacute;ntara","description":"","publisher":{"@id":"https:\/\/bellarosa.es\/en\/#organization"},"potentialAction":[{"@type":"SearchAction","target":{"@type":"EntryPoint","urlTemplate":"https:\/\/bellarosa.es\/en\/?s={search_term_string}"},"query-input":{"@type":"PropertyValueSpecification","valueRequired":true,"valueName":"search_term_string"}}],"inLanguage":"en-US"},{"@type":"Organization","@id":"https:\/\/bellarosa.es\/en\/#organization","name":"Floristeria Bella Rosa","url":"https:\/\/bellarosa.es\/en\/","logo":{"@type":"ImageObject","inLanguage":"en-US","@id":"https:\/\/bellarosa.es\/en\/#\/schema\/logo\/image\/","url":"","contentUrl":"","caption":"Floristeria Bella Rosa"},"image":{"@id":"https:\/\/bellarosa.es\/en\/#\/schema\/logo\/image\/"}}]}},"_links":{"self":[{"href":"https:\/\/bellarosa.es\/en\/wp-json\/wp\/v2\/product\/1943","targetHints":{"allow":["GET"]}}],"collection":[{"href":"https:\/\/bellarosa.es\/en\/wp-json\/wp\/v2\/product"}],"about":[{"href":"https:\/\/bellarosa.es\/en\/wp-json\/wp\/v2\/types\/product"}],"replies":[{"embeddable":true,"href":"https:\/\/bellarosa.es\/en\/wp-json\/wp\/v2\/comments?post=1943"}],"wp:featuredmedia":[{"embeddable":true,"href":"https:\/\/bellarosa.es\/en\/wp-json\/wp\/v2\/media\/8459"}],"wp:attachment":[{"href":"https:\/\/bellarosa.es\/en\/wp-json\/wp\/v2\/media?parent=1943"}],"wp:term":[{"taxonomy":"product_brand","embeddable":true,"href":"https:\/\/bellarosa.es\/en\/wp-json\/wp\/v2\/product_brand?post=1943"},{"taxonomy":"product_cat","embeddable":true,"href":"https:\/\/bellarosa.es\/en\/wp-json\/wp\/v2\/product_cat?post=1943"},{"taxonomy":"product_tag","embeddable":true,"href":"https:\/\/bellarosa.es\/en\/wp-json\/wp\/v2\/product_tag?post=1943"}],"curies":[{"name":"wp","href":"https:\/\/api.w.org\/{rel}","templated":true}]}}