{"id":1876,"date":"2020-08-16T13:39:38","date_gmt":"2020-08-16T13:39:38","guid":{"rendered":"https:\/\/bellarosa.es\/?post_type=product&#038;p=1876"},"modified":"2026-02-23T11:52:23","modified_gmt":"2026-02-23T11:52:23","slug":"verso-50-rosas-rojas","status":"publish","type":"product","link":"https:\/\/bellarosa.es\/en\/verso-50-rosas-rojas\/","title":{"rendered":"Verso &#8211; 25 Rosas rojas &#8211; En caja floral"},"content":{"rendered":"<h2><strong>Regale Verso, rosas rojas y un poema de amor<\/strong><\/h2>\n<p>Esta preciosa composici\u00f3n de <strong>rosas rojas<\/strong>\u00a0 es, sin duda, una exitosa manera de sorprender a la persona amada. Creado con rosas freedom seleccionadas\u00a0 en caja floral negra elegante. Verso es un detalle muy especial pensado para momentos \u00fanicos e irrepetibles, es una sorpresa que jam\u00e1s olvidara.<\/p>\n<h3>La rosa roja y su significado<\/h3>\n<p>Si pensamos en flores y en el amor, inmediatamente pensaremos en la <strong>rosa roja<\/strong>. Y no es para menos. La descrita como flor del amor rom\u00e1ntico es una preciosa flor de color vivo y pasional que podemos encontrar de diversos colores, aunque la favorita sin dudas es la rosa roja. Es la flor que se suele regalar a la pareja, y adem\u00e1s del amor representa la <strong>pasi\u00f3n<\/strong> y el <strong>respeto<\/strong>. El color rojo es el color de la pasi\u00f3n, de la aventura y del <strong>erotismo<\/strong>. Una rosa roja expresa diversos sentimientos, pero sobre todo una profunda pasi\u00f3n.<\/p>\n<h3>\u00bfCu\u00e1ndo regalar Verso?<\/h3>\n<p>Este <strong>arreglo floral<\/strong> est\u00e1 pensado para ser regalado en ocasiones rom\u00e1nticas. Como dedicar los versos de un poema, regalando estas <strong>rosas rojas<\/strong> su pareja o persona especial se sentir\u00e1 \u00fanica. Una declaraci\u00f3n de sentimientos al m\u00e1s puro estilo rom\u00e1ntico e incluso cl\u00e1sico, sin dejar de sorprender. Verso tambi\u00e9n puede ser regalado para aniversarios, especialmente para las <strong>bodas de oro<\/strong> o 50 a\u00f1os de casados, as\u00ed como para un <strong>50 cumplea\u00f1os<\/strong>.<\/p>\n<h3><a href=\"https:\/\/bellarosa.es\/\">Florister\u00eda en Marbella<\/a><\/h3>\n<p>Recuerda que somos tu florister\u00eda de confianza en la <strong>Costa del Sol<\/strong>. Hacemos repartos desde <a href=\"https:\/\/bellarosa.es\/floristeria-en-estepona\/\"><strong>Estepona<\/strong> <\/a>hasta <a href=\"https:\/\/bellarosa.es\/floristeria-en-san-pedro-alcantara\/\"><strong>San Pedro<\/strong><\/a> o <a href=\"https:\/\/bellarosa.es\/\"><strong>Marbella<\/strong><\/a>. Si deseas enviar <strong>flores a domicilio<\/strong> puedes contar con nuestra experiencia para que tus ramos lleguen en las mejores condiciones. Sorprende a tu persona favorita. Tambi\u00e9n puedes hacer uso de nuestro servicio de <strong>tienda online<\/strong>.<\/p>\n<p>&nbsp;<\/p>\n<p>Recuerda que puedes encontrarnos en <a href=\"https:\/\/www.facebook.com\/bellarosa.es\/\">Facebook<\/a> e <a href=\"https:\/\/www.instagram.com\/bellarosa_marbella\/\">Instagram<\/a>. \u00a1Te esperamos!<\/p>\n","protected":false},"excerpt":{"rendered":"<blockquote><p>-As\u00ed como tus versos; eres un\u00a0<a href=\"https:\/\/www.mundifrases.com\/tema\/universo\/\">universo<\/a>\u00a0de\u00a0<a href=\"https:\/\/www.mundifrases.com\/tema\/universo\/\">universos<\/a>, y tu <a href=\"https:\/\/www.mundifrases.com\/tema\/alma\/\">alma<\/a>, una fuente de\u00a0<a href=\"https:\/\/www.mundifrases.com\/tema\/canci%C3%B3n\/\">canciones<\/a>.<\/p>\n<p>-Rub\u00e9n Dar\u00edo-<\/p><\/blockquote>\n<p>Este <strong>arreglo floral<\/strong> encaja floral es una declaraci\u00f3n de sentimientos, como los versos de un poema. Llegar\u00e1s directamente a su coraz\u00f3n con un regalo que jam\u00e1s olvidar\u00e9is. Demostrar el amor es un bello acto para el que cualquier momento es bueno, as\u00ed que no esperes m\u00e1s para decirle que le quieres. <strong>Verso<\/strong> est\u00e1 formado por:<\/p>\n<p>25 Rosas freedom<\/p>\n<p>Gypsophila<\/p>\n<p>caja floral negra elegante<\/p>\n<p>&nbsp;<\/p>\n<p>Conoce todas nuestras sugerencias para regalar en San Valent\u00edn <a href=\"https:\/\/bellarosa.es\/comprar\/san-valentin\/\">aqu\u00ed<\/a><\/p>\n","protected":false},"featured_media":8342,"comment_status":"open","ping_status":"closed","template":"","meta":[],"product_brand":[],"product_cat":[133,158,135,1017,1015,15],"product_tag":[],"class_list":{"0":"post-1876","1":"product","2":"type-product","3":"status-publish","4":"has-post-thumbnail","6":"product_cat-amor","7":"product_cat-caja-floral","8":"product_cat-exclusividad","9":"product_cat-ramo-rosas-rojas","10":"product_cat-rosa-roja","11":"product_cat-san-valentin","13":"first","14":"instock","15":"shipping-taxable","16":"purchasable","17":"product-type-simple","18":"layout-style-1","19":"col-md-4 col-sm-4 col-xs-6","20":"col-lg-4","21":"product-style-default"},"yoast_head":"<!-- This site is optimized with the Yoast SEO plugin v27.4 - https:\/\/yoast.com\/product\/yoast-seo-wordpress\/ -->\n<title>Verso - 25 Rosas rojas - En caja floral - Florister&iacute;a en San Pedro Alc&aacute;ntara<\/title>\n<meta name=\"robots\" content=\"noindex, follow\" \/>\n<meta property=\"og:locale\" content=\"en_US\" \/>\n<meta property=\"og:type\" content=\"article\" \/>\n<meta property=\"og:title\" content=\"Verso - 25 Rosas rojas - En caja floral - Florister&iacute;a en San Pedro Alc&aacute;ntara\" \/>\n<meta property=\"og:description\" content=\"-As\u00ed como tus versos; eres un\u00a0universo\u00a0de\u00a0universos, y tu alma, una fuente de\u00a0canciones.  -Rub\u00e9n Dar\u00edo- Este arreglo floral encaja floral es una declaraci\u00f3n de sentimientos, como los versos de un poema. Llegar\u00e1s directamente a su coraz\u00f3n con un regalo que jam\u00e1s olvidar\u00e9is. Demostrar el amor es un bello acto para el que cualquier momento es bueno, as\u00ed que no esperes m\u00e1s para decirle que le quieres. Verso est\u00e1 formado por:  25 Rosas freedom  Gypsophila  caja floral negra elegante  &nbsp;  Conoce todas nuestras sugerencias para regalar en San Valent\u00edn aqu\u00ed\" \/>\n<meta property=\"og:url\" content=\"https:\/\/bellarosa.es\/en\/verso-50-rosas-rojas\/\" \/>\n<meta property=\"og:site_name\" content=\"Florister&iacute;a en San Pedro Alc&aacute;ntara\" \/>\n<meta property=\"article:modified_time\" content=\"2026-02-23T11:52:23+00:00\" \/>\n<meta property=\"og:image\" content=\"https:\/\/bellarosa.es\/wp-content\/uploads\/2020\/08\/2783A6F2-3C3D-489D-B688-13A2E6ECA209.png\" \/>\n\t<meta property=\"og:image:width\" content=\"1024\" \/>\n\t<meta property=\"og:image:height\" content=\"1536\" \/>\n\t<meta property=\"og:image:type\" content=\"image\/png\" \/>\n<meta name=\"twitter:card\" content=\"summary_large_image\" \/>\n<meta name=\"twitter:label1\" content=\"Est. reading time\" \/>\n\t<meta name=\"twitter:data1\" content=\"2 minutes\" \/>\n<script type=\"application\/ld+json\" class=\"yoast-schema-graph\">{\"@context\":\"https:\\\/\\\/schema.org\",\"@graph\":[{\"@type\":\"WebPage\",\"@id\":\"https:\\\/\\\/bellarosa.es\\\/en\\\/verso-50-rosas-rojas\\\/\",\"url\":\"https:\\\/\\\/bellarosa.es\\\/en\\\/verso-50-rosas-rojas\\\/\",\"name\":\"Verso - 25 Rosas rojas - En caja floral - Florister&iacute;a en San Pedro Alc&aacute;ntara\",\"isPartOf\":{\"@id\":\"https:\\\/\\\/bellarosa.es\\\/en\\\/#website\"},\"primaryImageOfPage\":{\"@id\":\"https:\\\/\\\/bellarosa.es\\\/en\\\/verso-50-rosas-rojas\\\/#primaryimage\"},\"image\":{\"@id\":\"https:\\\/\\\/bellarosa.es\\\/en\\\/verso-50-rosas-rojas\\\/#primaryimage\"},\"thumbnailUrl\":\"https:\\\/\\\/bellarosa.es\\\/wp-content\\\/uploads\\\/2020\\\/08\\\/2783A6F2-3C3D-489D-B688-13A2E6ECA209.png\",\"datePublished\":\"2020-08-16T13:39:38+00:00\",\"dateModified\":\"2026-02-23T11:52:23+00:00\",\"breadcrumb\":{\"@id\":\"https:\\\/\\\/bellarosa.es\\\/en\\\/verso-50-rosas-rojas\\\/#breadcrumb\"},\"inLanguage\":\"en-US\",\"potentialAction\":[{\"@type\":\"ReadAction\",\"target\":[\"https:\\\/\\\/bellarosa.es\\\/en\\\/verso-50-rosas-rojas\\\/\"]}]},{\"@type\":\"ImageObject\",\"inLanguage\":\"en-US\",\"@id\":\"https:\\\/\\\/bellarosa.es\\\/en\\\/verso-50-rosas-rojas\\\/#primaryimage\",\"url\":\"https:\\\/\\\/bellarosa.es\\\/wp-content\\\/uploads\\\/2020\\\/08\\\/2783A6F2-3C3D-489D-B688-13A2E6ECA209.png\",\"contentUrl\":\"https:\\\/\\\/bellarosa.es\\\/wp-content\\\/uploads\\\/2020\\\/08\\\/2783A6F2-3C3D-489D-B688-13A2E6ECA209.png\",\"width\":1024,\"height\":1536},{\"@type\":\"BreadcrumbList\",\"@id\":\"https:\\\/\\\/bellarosa.es\\\/en\\\/verso-50-rosas-rojas\\\/#breadcrumb\",\"itemListElement\":[{\"@type\":\"ListItem\",\"position\":1,\"name\":\"Inicio\",\"item\":\"https:\\\/\\\/bellarosa.es\\\/en\\\/\"},{\"@type\":\"ListItem\",\"position\":2,\"name\":\"Shop\",\"item\":\"https:\\\/\\\/bellarosa.es\\\/en\\\/shop\\\/\"},{\"@type\":\"ListItem\",\"position\":3,\"name\":\"Verso &#8211; 25 Rosas rojas &#8211; En caja floral\"}]},{\"@type\":\"WebSite\",\"@id\":\"https:\\\/\\\/bellarosa.es\\\/en\\\/#website\",\"url\":\"https:\\\/\\\/bellarosa.es\\\/en\\\/\",\"name\":\"Florister&iacute;a en San Pedro Alc&aacute;ntara\",\"description\":\"\",\"publisher\":{\"@id\":\"https:\\\/\\\/bellarosa.es\\\/en\\\/#organization\"},\"potentialAction\":[{\"@type\":\"SearchAction\",\"target\":{\"@type\":\"EntryPoint\",\"urlTemplate\":\"https:\\\/\\\/bellarosa.es\\\/en\\\/?s={search_term_string}\"},\"query-input\":{\"@type\":\"PropertyValueSpecification\",\"valueRequired\":true,\"valueName\":\"search_term_string\"}}],\"inLanguage\":\"en-US\"},{\"@type\":\"Organization\",\"@id\":\"https:\\\/\\\/bellarosa.es\\\/en\\\/#organization\",\"name\":\"Floristeria Bella Rosa\",\"url\":\"https:\\\/\\\/bellarosa.es\\\/en\\\/\",\"logo\":{\"@type\":\"ImageObject\",\"inLanguage\":\"en-US\",\"@id\":\"https:\\\/\\\/bellarosa.es\\\/en\\\/#\\\/schema\\\/logo\\\/image\\\/\",\"url\":\"\",\"contentUrl\":\"\",\"caption\":\"Floristeria Bella Rosa\"},\"image\":{\"@id\":\"https:\\\/\\\/bellarosa.es\\\/en\\\/#\\\/schema\\\/logo\\\/image\\\/\"}}]}<\/script>\n<!-- \/ Yoast SEO plugin. -->","yoast_head_json":{"title":"Verso - 25 Rosas rojas - En caja floral - Florister&iacute;a en San Pedro Alc&aacute;ntara","robots":{"index":"noindex","follow":"follow"},"og_locale":"en_US","og_type":"article","og_title":"Verso - 25 Rosas rojas - En caja floral - Florister&iacute;a en San Pedro Alc&aacute;ntara","og_description":"-As\u00ed como tus versos; eres un\u00a0universo\u00a0de\u00a0universos, y tu alma, una fuente de\u00a0canciones.  -Rub\u00e9n Dar\u00edo- Este arreglo floral encaja floral es una declaraci\u00f3n de sentimientos, como los versos de un poema. Llegar\u00e1s directamente a su coraz\u00f3n con un regalo que jam\u00e1s olvidar\u00e9is. Demostrar el amor es un bello acto para el que cualquier momento es bueno, as\u00ed que no esperes m\u00e1s para decirle que le quieres. Verso est\u00e1 formado por:  25 Rosas freedom  Gypsophila  caja floral negra elegante  &nbsp;  Conoce todas nuestras sugerencias para regalar en San Valent\u00edn aqu\u00ed","og_url":"https:\/\/bellarosa.es\/en\/verso-50-rosas-rojas\/","og_site_name":"Florister&iacute;a en San Pedro Alc&aacute;ntara","article_modified_time":"2026-02-23T11:52:23+00:00","og_image":[{"width":1024,"height":1536,"url":"https:\/\/bellarosa.es\/wp-content\/uploads\/2020\/08\/2783A6F2-3C3D-489D-B688-13A2E6ECA209.png","type":"image\/png"}],"twitter_card":"summary_large_image","twitter_misc":{"Est. reading time":"2 minutes"},"schema":{"@context":"https:\/\/schema.org","@graph":[{"@type":"WebPage","@id":"https:\/\/bellarosa.es\/en\/verso-50-rosas-rojas\/","url":"https:\/\/bellarosa.es\/en\/verso-50-rosas-rojas\/","name":"Verso - 25 Rosas rojas - En caja floral - Florister&iacute;a en San Pedro Alc&aacute;ntara","isPartOf":{"@id":"https:\/\/bellarosa.es\/en\/#website"},"primaryImageOfPage":{"@id":"https:\/\/bellarosa.es\/en\/verso-50-rosas-rojas\/#primaryimage"},"image":{"@id":"https:\/\/bellarosa.es\/en\/verso-50-rosas-rojas\/#primaryimage"},"thumbnailUrl":"https:\/\/bellarosa.es\/wp-content\/uploads\/2020\/08\/2783A6F2-3C3D-489D-B688-13A2E6ECA209.png","datePublished":"2020-08-16T13:39:38+00:00","dateModified":"2026-02-23T11:52:23+00:00","breadcrumb":{"@id":"https:\/\/bellarosa.es\/en\/verso-50-rosas-rojas\/#breadcrumb"},"inLanguage":"en-US","potentialAction":[{"@type":"ReadAction","target":["https:\/\/bellarosa.es\/en\/verso-50-rosas-rojas\/"]}]},{"@type":"ImageObject","inLanguage":"en-US","@id":"https:\/\/bellarosa.es\/en\/verso-50-rosas-rojas\/#primaryimage","url":"https:\/\/bellarosa.es\/wp-content\/uploads\/2020\/08\/2783A6F2-3C3D-489D-B688-13A2E6ECA209.png","contentUrl":"https:\/\/bellarosa.es\/wp-content\/uploads\/2020\/08\/2783A6F2-3C3D-489D-B688-13A2E6ECA209.png","width":1024,"height":1536},{"@type":"BreadcrumbList","@id":"https:\/\/bellarosa.es\/en\/verso-50-rosas-rojas\/#breadcrumb","itemListElement":[{"@type":"ListItem","position":1,"name":"Inicio","item":"https:\/\/bellarosa.es\/en\/"},{"@type":"ListItem","position":2,"name":"Shop","item":"https:\/\/bellarosa.es\/en\/shop\/"},{"@type":"ListItem","position":3,"name":"Verso &#8211; 25 Rosas rojas &#8211; En caja floral"}]},{"@type":"WebSite","@id":"https:\/\/bellarosa.es\/en\/#website","url":"https:\/\/bellarosa.es\/en\/","name":"Florister&iacute;a en San Pedro Alc&aacute;ntara","description":"","publisher":{"@id":"https:\/\/bellarosa.es\/en\/#organization"},"potentialAction":[{"@type":"SearchAction","target":{"@type":"EntryPoint","urlTemplate":"https:\/\/bellarosa.es\/en\/?s={search_term_string}"},"query-input":{"@type":"PropertyValueSpecification","valueRequired":true,"valueName":"search_term_string"}}],"inLanguage":"en-US"},{"@type":"Organization","@id":"https:\/\/bellarosa.es\/en\/#organization","name":"Floristeria Bella Rosa","url":"https:\/\/bellarosa.es\/en\/","logo":{"@type":"ImageObject","inLanguage":"en-US","@id":"https:\/\/bellarosa.es\/en\/#\/schema\/logo\/image\/","url":"","contentUrl":"","caption":"Floristeria Bella Rosa"},"image":{"@id":"https:\/\/bellarosa.es\/en\/#\/schema\/logo\/image\/"}}]}},"_links":{"self":[{"href":"https:\/\/bellarosa.es\/en\/wp-json\/wp\/v2\/product\/1876","targetHints":{"allow":["GET"]}}],"collection":[{"href":"https:\/\/bellarosa.es\/en\/wp-json\/wp\/v2\/product"}],"about":[{"href":"https:\/\/bellarosa.es\/en\/wp-json\/wp\/v2\/types\/product"}],"replies":[{"embeddable":true,"href":"https:\/\/bellarosa.es\/en\/wp-json\/wp\/v2\/comments?post=1876"}],"wp:featuredmedia":[{"embeddable":true,"href":"https:\/\/bellarosa.es\/en\/wp-json\/wp\/v2\/media\/8342"}],"wp:attachment":[{"href":"https:\/\/bellarosa.es\/en\/wp-json\/wp\/v2\/media?parent=1876"}],"wp:term":[{"taxonomy":"product_brand","embeddable":true,"href":"https:\/\/bellarosa.es\/en\/wp-json\/wp\/v2\/product_brand?post=1876"},{"taxonomy":"product_cat","embeddable":true,"href":"https:\/\/bellarosa.es\/en\/wp-json\/wp\/v2\/product_cat?post=1876"},{"taxonomy":"product_tag","embeddable":true,"href":"https:\/\/bellarosa.es\/en\/wp-json\/wp\/v2\/product_tag?post=1876"}],"curies":[{"name":"wp","href":"https:\/\/api.w.org\/{rel}","templated":true}]}}