{"id":1831,"date":"2020-05-25T15:26:19","date_gmt":"2020-05-25T15:26:19","guid":{"rendered":"https:\/\/bellarosa.es\/?post_type=product&#038;p=1831"},"modified":"2026-04-10T11:10:49","modified_gmt":"2026-04-10T11:10:49","slug":"cuento-de-hadas-12-rosas-rosadas","status":"publish","type":"product","link":"https:\/\/bellarosa.es\/en\/cuento-de-hadas-12-rosas-rosadas\/","title":{"rendered":"Cuento de hadas &#8211; 12 Rosas Blancas y Rosadas &#8211; Ramo de flores"},"content":{"rendered":"<h2><strong>Hazle sentir como en un Cuento de hadas<\/strong><\/h2>\n<p>\u00bfEst\u00e1s pensando en regalar a tu persona especial un <strong>ramo de rosas<\/strong> y no te decides por cu\u00e1l? <strong>Cuento de hadas<\/strong> es un <strong>ramo de rosas blancas y rosadas<\/strong> que expresa la delicadeza y belleza de las rosas en su m\u00e1ximo esplendor.<\/p>\n<p>Alejado del tradicional ramo de rosas rojas, en este caso cambiamos a las rosas de color rosado y blanco acompa\u00f1ado de verdes suaves y Gypsophlila\u00a0para conseguir un resultado m\u00e1s dulce y elegante.<\/p>\n<p>En <strong>Bella Rosa<\/strong> trabajamos con <strong>las mejores rosas del mercado<\/strong>, frescas y trabajadas desde el primer momento por nuestro equipo de floristas expertos. De esa forma, te garantizamos que tendr\u00e1s entre tus manos las mejores flores.<\/p>\n<h3>El significado de las rosas rosadas<\/h3>\n<p>La rosa es una flor mundialmente conocida y venerada por su indiscutible belleza. Esta singular flor se presenta en la naturaleza en distintos colores, dependiendo de cu\u00e1l sea este adquiere un significado u otro, aunque normalmente todos ellos est\u00e1n de alguna manera vinculado con el amor.<\/p>\n<p>Ese mismo caso es el de la rosa rosada, que est\u00e1 ligada al <strong>amor en su estado m\u00e1s tierno y cari\u00f1oso<\/strong>. Obsequiar con rosas rosadas implica la ausencia total de malos sentimientos o intenciones negativas. A esta rosa la representan la bondad y la gratitud. Suelen elegirse para regalar a personas que consideramos bellas, tanto por dentro como por fuera, expresando nuestra admiraci\u00f3n por ellas.<\/p>\n<p>La rosa rosada tambi\u00e9n ha sido relacionada con la <strong>feminidad<\/strong>. Se considera esta flor como una oda a la mujer, ya que esta representa la dulzura, delicadeza, belleza y ternura. Una mujer obsequiada con rosas rosadas es una mujer amada y admirada.<\/p>\n<p>Por \u00faltimo, puede ser considerada como una <strong>flor de agradecimiento y aprecio<\/strong>, aunque esta connotaci\u00f3n se suele asociar a rosas con un tono rosado m\u00e1s bien oscuro, y se vinculan m\u00e1s con la amistad que con el \u00e1mbito amoroso.<\/p>\n<h3>\u00bfCu\u00e1ndo regalar Cuento de hadas?<\/h3>\n<p>Por sus diferentes significados, la rosa rosada estar\u00e1 expresando diferentes sentimientos.<\/p>\n<p>Si decide <strong>regalar a una amistad<\/strong>, usted est\u00e1 siendo agradecido y expresando cari\u00f1o hacia esa persona. Tambi\u00e9n le est\u00e1 diciendo que la admira, un precioso mensaje para una persona tan especial.<\/p>\n<p>Si <strong>regala a su pareja<\/strong>, la rosa rosada es representaci\u00f3n de ternura, cari\u00f1o y amor. Ausencia de malos sentimientos y una admiraci\u00f3n por la belleza interna y externa de esa persona.<\/p>\n<p>Las rosas rosadas son acertadas <strong>para regalar en cualquier ocasi\u00f3n<\/strong>. Aunque asociamos regalar flores en fechas especiales, recuerda que si eliges un d\u00eda cualquiera el factor sorpresa ser\u00e1 a\u00fan mayor.<\/p>\n<h3>Flores a domicilio en la Costa del Sol<\/h3>\n<p>Recuerda que somos tu florister\u00eda de confianza en la <strong>Costa del Sol<\/strong>. Hacemos repartos desde <strong>Estepona<\/strong> hasta <strong>San Pedro<\/strong> o <strong>Marbella<\/strong>. Si deseas enviar <strong>flores a domicilio<\/strong> puedes contar con nuestra experiencia para que tus ramos lleguen en las mejores condiciones. Sorprende a tu persona favorita. Tambi\u00e9n puedes hacer uso de nuestro servicio de <strong>tienda online<\/strong>.<\/p>\n<p>&nbsp;<\/p>\n<p>Recuerda que puedes encontrarnos en <a href=\"https:\/\/www.facebook.com\/bellarosa.es\/\">Facebook<\/a> e <a href=\"https:\/\/www.instagram.com\/bellarosa_marbella\/\">Instagram<\/a>. \u00a1Te esperamos!<\/p>\n","protected":false},"excerpt":{"rendered":"<blockquote>\n<p style=\"text-align: center;\">Las flores son el lenguaje m\u00e1s puro del amor.<\/p>\n<p style=\"text-align: center;\">&#8211; Park Benjamin &#8211;<\/p>\n<\/blockquote>\n<p><span class=\"s1\"><strong>Cuento de hadas<\/strong> es un ramo que enamora por su sencillez y belleza, con hermosas rosas de color rosado y blanco\u00a0 acompa\u00f1adas con un suave toque de <b>Gypsophila<\/b>. Ideal para regalar en cualquier ocasi\u00f3n, con <strong>las mejores rosas frescas del mercado<\/strong> preparadas por nuestros expertos floristas. <strong>Cuento de hadas<\/strong> est\u00e1 compuesto por:<\/span><\/p>\n<p>6 rosas blancas<\/p>\n<p>6 rosas rosadas<\/p>\n<p>gypsophila<\/p>\n<p>Verdes varios<\/p>\n<p>&nbsp;<\/p>\n<p>Tenemos una incre\u00edble variedad de ramos de rosas, puedes verlos todos <a href=\"https:\/\/bellarosa.es\/comprar\/rosas\/\">aqu\u00ed<\/a><\/p>\n","protected":false},"featured_media":8658,"comment_status":"open","ping_status":"closed","template":"","meta":[],"product_brand":[],"product_cat":[1149,1016,142,15],"product_tag":[],"class_list":{"0":"post-1831","1":"product","2":"type-product","3":"status-publish","4":"has-post-thumbnail","6":"product_cat-dia-de-la-madre","7":"product_cat-ramos-rosas-rosas","8":"product_cat-rosas","9":"product_cat-san-valentin","11":"first","12":"instock","13":"shipping-taxable","14":"purchasable","15":"product-type-simple","16":"layout-style-1","17":"col-md-4 col-sm-4 col-xs-6","18":"col-lg-4","19":"product-style-default"},"yoast_head":"<!-- This site is optimized with the Yoast SEO plugin v27.4 - https:\/\/yoast.com\/product\/yoast-seo-wordpress\/ -->\n<title>Cuento de hadas - 12 Rosas Blancas y Rosadas - Ramo de flores - Florister&iacute;a en San Pedro Alc&aacute;ntara<\/title>\n<meta name=\"robots\" content=\"noindex, follow\" \/>\n<meta property=\"og:locale\" content=\"en_US\" \/>\n<meta property=\"og:type\" content=\"article\" \/>\n<meta property=\"og:title\" content=\"Cuento de hadas - 12 Rosas Blancas y Rosadas - Ramo de flores - Florister&iacute;a en San Pedro Alc&aacute;ntara\" \/>\n<meta property=\"og:description\" content=\"Las flores son el lenguaje m\u00e1s puro del amor. - Park Benjamin -  Cuento de hadas es un ramo que enamora por su sencillez y belleza, con hermosas rosas de color rosado y blanco\u00a0 acompa\u00f1adas con un suave toque de Gypsophila. Ideal para regalar en cualquier ocasi\u00f3n, con las mejores rosas frescas del mercado preparadas por nuestros expertos floristas. Cuento de hadas est\u00e1 compuesto por:  6 rosas blancas  6 rosas rosadas  gypsophila  Verdes varios  &nbsp;  Tenemos una incre\u00edble variedad de ramos de rosas, puedes verlos todos aqu\u00ed\" \/>\n<meta property=\"og:url\" content=\"https:\/\/bellarosa.es\/en\/cuento-de-hadas-12-rosas-rosadas\/\" \/>\n<meta property=\"og:site_name\" content=\"Florister&iacute;a en San Pedro Alc&aacute;ntara\" \/>\n<meta property=\"article:modified_time\" content=\"2026-04-10T11:10:49+00:00\" \/>\n<meta property=\"og:image\" content=\"https:\/\/bellarosa.es\/wp-content\/uploads\/2020\/05\/30D18888-0A4D-45D0-8F6A-B7CDE60C5DC8-2.png\" \/>\n\t<meta property=\"og:image:width\" content=\"1024\" \/>\n\t<meta property=\"og:image:height\" content=\"1536\" \/>\n\t<meta property=\"og:image:type\" content=\"image\/png\" \/>\n<meta name=\"twitter:card\" content=\"summary_large_image\" \/>\n<meta name=\"twitter:label1\" content=\"Est. reading time\" \/>\n\t<meta name=\"twitter:data1\" content=\"3 minutes\" \/>\n<script type=\"application\/ld+json\" class=\"yoast-schema-graph\">{\"@context\":\"https:\\\/\\\/schema.org\",\"@graph\":[{\"@type\":\"WebPage\",\"@id\":\"https:\\\/\\\/bellarosa.es\\\/en\\\/cuento-de-hadas-12-rosas-rosadas\\\/\",\"url\":\"https:\\\/\\\/bellarosa.es\\\/en\\\/cuento-de-hadas-12-rosas-rosadas\\\/\",\"name\":\"Cuento de hadas - 12 Rosas Blancas y Rosadas - Ramo de flores - Florister&iacute;a en San Pedro Alc&aacute;ntara\",\"isPartOf\":{\"@id\":\"https:\\\/\\\/bellarosa.es\\\/en\\\/#website\"},\"primaryImageOfPage\":{\"@id\":\"https:\\\/\\\/bellarosa.es\\\/en\\\/cuento-de-hadas-12-rosas-rosadas\\\/#primaryimage\"},\"image\":{\"@id\":\"https:\\\/\\\/bellarosa.es\\\/en\\\/cuento-de-hadas-12-rosas-rosadas\\\/#primaryimage\"},\"thumbnailUrl\":\"https:\\\/\\\/bellarosa.es\\\/wp-content\\\/uploads\\\/2020\\\/05\\\/30D18888-0A4D-45D0-8F6A-B7CDE60C5DC8-2.png\",\"datePublished\":\"2020-05-25T15:26:19+00:00\",\"dateModified\":\"2026-04-10T11:10:49+00:00\",\"breadcrumb\":{\"@id\":\"https:\\\/\\\/bellarosa.es\\\/en\\\/cuento-de-hadas-12-rosas-rosadas\\\/#breadcrumb\"},\"inLanguage\":\"en-US\",\"potentialAction\":[{\"@type\":\"ReadAction\",\"target\":[\"https:\\\/\\\/bellarosa.es\\\/en\\\/cuento-de-hadas-12-rosas-rosadas\\\/\"]}]},{\"@type\":\"ImageObject\",\"inLanguage\":\"en-US\",\"@id\":\"https:\\\/\\\/bellarosa.es\\\/en\\\/cuento-de-hadas-12-rosas-rosadas\\\/#primaryimage\",\"url\":\"https:\\\/\\\/bellarosa.es\\\/wp-content\\\/uploads\\\/2020\\\/05\\\/30D18888-0A4D-45D0-8F6A-B7CDE60C5DC8-2.png\",\"contentUrl\":\"https:\\\/\\\/bellarosa.es\\\/wp-content\\\/uploads\\\/2020\\\/05\\\/30D18888-0A4D-45D0-8F6A-B7CDE60C5DC8-2.png\",\"width\":1024,\"height\":1536},{\"@type\":\"BreadcrumbList\",\"@id\":\"https:\\\/\\\/bellarosa.es\\\/en\\\/cuento-de-hadas-12-rosas-rosadas\\\/#breadcrumb\",\"itemListElement\":[{\"@type\":\"ListItem\",\"position\":1,\"name\":\"Inicio\",\"item\":\"https:\\\/\\\/bellarosa.es\\\/en\\\/\"},{\"@type\":\"ListItem\",\"position\":2,\"name\":\"Shop\",\"item\":\"https:\\\/\\\/bellarosa.es\\\/en\\\/shop\\\/\"},{\"@type\":\"ListItem\",\"position\":3,\"name\":\"Cuento de hadas &#8211; 12 Rosas Blancas y Rosadas &#8211; Ramo de flores\"}]},{\"@type\":\"WebSite\",\"@id\":\"https:\\\/\\\/bellarosa.es\\\/en\\\/#website\",\"url\":\"https:\\\/\\\/bellarosa.es\\\/en\\\/\",\"name\":\"Florister&iacute;a en San Pedro Alc&aacute;ntara\",\"description\":\"\",\"publisher\":{\"@id\":\"https:\\\/\\\/bellarosa.es\\\/en\\\/#organization\"},\"potentialAction\":[{\"@type\":\"SearchAction\",\"target\":{\"@type\":\"EntryPoint\",\"urlTemplate\":\"https:\\\/\\\/bellarosa.es\\\/en\\\/?s={search_term_string}\"},\"query-input\":{\"@type\":\"PropertyValueSpecification\",\"valueRequired\":true,\"valueName\":\"search_term_string\"}}],\"inLanguage\":\"en-US\"},{\"@type\":\"Organization\",\"@id\":\"https:\\\/\\\/bellarosa.es\\\/en\\\/#organization\",\"name\":\"Floristeria Bella Rosa\",\"url\":\"https:\\\/\\\/bellarosa.es\\\/en\\\/\",\"logo\":{\"@type\":\"ImageObject\",\"inLanguage\":\"en-US\",\"@id\":\"https:\\\/\\\/bellarosa.es\\\/en\\\/#\\\/schema\\\/logo\\\/image\\\/\",\"url\":\"\",\"contentUrl\":\"\",\"caption\":\"Floristeria Bella Rosa\"},\"image\":{\"@id\":\"https:\\\/\\\/bellarosa.es\\\/en\\\/#\\\/schema\\\/logo\\\/image\\\/\"}}]}<\/script>\n<!-- \/ Yoast SEO plugin. -->","yoast_head_json":{"title":"Cuento de hadas - 12 Rosas Blancas y Rosadas - Ramo de flores - Florister&iacute;a en San Pedro Alc&aacute;ntara","robots":{"index":"noindex","follow":"follow"},"og_locale":"en_US","og_type":"article","og_title":"Cuento de hadas - 12 Rosas Blancas y Rosadas - Ramo de flores - Florister&iacute;a en San Pedro Alc&aacute;ntara","og_description":"Las flores son el lenguaje m\u00e1s puro del amor. - Park Benjamin -  Cuento de hadas es un ramo que enamora por su sencillez y belleza, con hermosas rosas de color rosado y blanco\u00a0 acompa\u00f1adas con un suave toque de Gypsophila. Ideal para regalar en cualquier ocasi\u00f3n, con las mejores rosas frescas del mercado preparadas por nuestros expertos floristas. Cuento de hadas est\u00e1 compuesto por:  6 rosas blancas  6 rosas rosadas  gypsophila  Verdes varios  &nbsp;  Tenemos una incre\u00edble variedad de ramos de rosas, puedes verlos todos aqu\u00ed","og_url":"https:\/\/bellarosa.es\/en\/cuento-de-hadas-12-rosas-rosadas\/","og_site_name":"Florister&iacute;a en San Pedro Alc&aacute;ntara","article_modified_time":"2026-04-10T11:10:49+00:00","og_image":[{"width":1024,"height":1536,"url":"https:\/\/bellarosa.es\/wp-content\/uploads\/2020\/05\/30D18888-0A4D-45D0-8F6A-B7CDE60C5DC8-2.png","type":"image\/png"}],"twitter_card":"summary_large_image","twitter_misc":{"Est. reading time":"3 minutes"},"schema":{"@context":"https:\/\/schema.org","@graph":[{"@type":"WebPage","@id":"https:\/\/bellarosa.es\/en\/cuento-de-hadas-12-rosas-rosadas\/","url":"https:\/\/bellarosa.es\/en\/cuento-de-hadas-12-rosas-rosadas\/","name":"Cuento de hadas - 12 Rosas Blancas y Rosadas - Ramo de flores - Florister&iacute;a en San Pedro Alc&aacute;ntara","isPartOf":{"@id":"https:\/\/bellarosa.es\/en\/#website"},"primaryImageOfPage":{"@id":"https:\/\/bellarosa.es\/en\/cuento-de-hadas-12-rosas-rosadas\/#primaryimage"},"image":{"@id":"https:\/\/bellarosa.es\/en\/cuento-de-hadas-12-rosas-rosadas\/#primaryimage"},"thumbnailUrl":"https:\/\/bellarosa.es\/wp-content\/uploads\/2020\/05\/30D18888-0A4D-45D0-8F6A-B7CDE60C5DC8-2.png","datePublished":"2020-05-25T15:26:19+00:00","dateModified":"2026-04-10T11:10:49+00:00","breadcrumb":{"@id":"https:\/\/bellarosa.es\/en\/cuento-de-hadas-12-rosas-rosadas\/#breadcrumb"},"inLanguage":"en-US","potentialAction":[{"@type":"ReadAction","target":["https:\/\/bellarosa.es\/en\/cuento-de-hadas-12-rosas-rosadas\/"]}]},{"@type":"ImageObject","inLanguage":"en-US","@id":"https:\/\/bellarosa.es\/en\/cuento-de-hadas-12-rosas-rosadas\/#primaryimage","url":"https:\/\/bellarosa.es\/wp-content\/uploads\/2020\/05\/30D18888-0A4D-45D0-8F6A-B7CDE60C5DC8-2.png","contentUrl":"https:\/\/bellarosa.es\/wp-content\/uploads\/2020\/05\/30D18888-0A4D-45D0-8F6A-B7CDE60C5DC8-2.png","width":1024,"height":1536},{"@type":"BreadcrumbList","@id":"https:\/\/bellarosa.es\/en\/cuento-de-hadas-12-rosas-rosadas\/#breadcrumb","itemListElement":[{"@type":"ListItem","position":1,"name":"Inicio","item":"https:\/\/bellarosa.es\/en\/"},{"@type":"ListItem","position":2,"name":"Shop","item":"https:\/\/bellarosa.es\/en\/shop\/"},{"@type":"ListItem","position":3,"name":"Cuento de hadas &#8211; 12 Rosas Blancas y Rosadas &#8211; Ramo de flores"}]},{"@type":"WebSite","@id":"https:\/\/bellarosa.es\/en\/#website","url":"https:\/\/bellarosa.es\/en\/","name":"Florister&iacute;a en San Pedro Alc&aacute;ntara","description":"","publisher":{"@id":"https:\/\/bellarosa.es\/en\/#organization"},"potentialAction":[{"@type":"SearchAction","target":{"@type":"EntryPoint","urlTemplate":"https:\/\/bellarosa.es\/en\/?s={search_term_string}"},"query-input":{"@type":"PropertyValueSpecification","valueRequired":true,"valueName":"search_term_string"}}],"inLanguage":"en-US"},{"@type":"Organization","@id":"https:\/\/bellarosa.es\/en\/#organization","name":"Floristeria Bella Rosa","url":"https:\/\/bellarosa.es\/en\/","logo":{"@type":"ImageObject","inLanguage":"en-US","@id":"https:\/\/bellarosa.es\/en\/#\/schema\/logo\/image\/","url":"","contentUrl":"","caption":"Floristeria Bella Rosa"},"image":{"@id":"https:\/\/bellarosa.es\/en\/#\/schema\/logo\/image\/"}}]}},"_links":{"self":[{"href":"https:\/\/bellarosa.es\/en\/wp-json\/wp\/v2\/product\/1831","targetHints":{"allow":["GET"]}}],"collection":[{"href":"https:\/\/bellarosa.es\/en\/wp-json\/wp\/v2\/product"}],"about":[{"href":"https:\/\/bellarosa.es\/en\/wp-json\/wp\/v2\/types\/product"}],"replies":[{"embeddable":true,"href":"https:\/\/bellarosa.es\/en\/wp-json\/wp\/v2\/comments?post=1831"}],"wp:featuredmedia":[{"embeddable":true,"href":"https:\/\/bellarosa.es\/en\/wp-json\/wp\/v2\/media\/8658"}],"wp:attachment":[{"href":"https:\/\/bellarosa.es\/en\/wp-json\/wp\/v2\/media?parent=1831"}],"wp:term":[{"taxonomy":"product_brand","embeddable":true,"href":"https:\/\/bellarosa.es\/en\/wp-json\/wp\/v2\/product_brand?post=1831"},{"taxonomy":"product_cat","embeddable":true,"href":"https:\/\/bellarosa.es\/en\/wp-json\/wp\/v2\/product_cat?post=1831"},{"taxonomy":"product_tag","embeddable":true,"href":"https:\/\/bellarosa.es\/en\/wp-json\/wp\/v2\/product_tag?post=1831"}],"curies":[{"name":"wp","href":"https:\/\/api.w.org\/{rel}","templated":true}]}}