{"id":1823,"date":"2020-05-25T15:02:53","date_gmt":"2020-05-25T15:02:53","guid":{"rendered":"https:\/\/bellarosa.es\/?post_type=product&#038;p=1823"},"modified":"2026-04-10T11:11:02","modified_gmt":"2026-04-10T11:11:02","slug":"anhelo-ramo-peonias-rosas","status":"publish","type":"product","link":"https:\/\/bellarosa.es\/en\/anhelo-ramo-peonias-rosas\/","title":{"rendered":"Anhelo &#8211; Ramo Peon\u00edas rosas y rosas rosadas"},"content":{"rendered":"<h2><strong>Anhelo es un deseo de prosperidad y buena suerte<\/strong><\/h2>\n<p>En <strong>Bella Rosa<\/strong> hemos creado este precioso ramo con peon\u00edas de tono rosado, una flor que invita al amor bello, al flechazo y a los deseos de buena suerte y prosperidad tanto en la pareja como en el \u00e1mbito personal o profesional.<\/p>\n<p>Este bonito ramo ha sido creado con cari\u00f1o, teniendo en cuenta cada detalle y seleccionando<strong> las mejores peon\u00edas del mercado junto a las mejores rosas<\/strong>. Te contamos m\u00e1s sobre esta sorprendente flor.<\/p>\n<h3>El significado de las peon\u00edas rosas<\/h3>\n<p><span class=\"s1\">La <strong>peon\u00eda rosa<\/strong> es una flor de exquisita belleza y gran aroma, la cual hemos acompa\u00f1ado con suave eucalipto y un toque elegante de gypsophila para crear este excelente ramo. <\/span><\/p>\n<p><span class=\"s1\">Ternura y belleza para regalar e ideal para disfrutar en casa por su agradable fragancia embriagadora y belleza singular. Flor por excelencia que florece en primavera durante los meses de mayo y junio.<\/span><\/p>\n<p><span class=\"s1\">Las <strong>peon\u00edas simbolizan la abundancia, riqueza, buena suerte y prosperidad<\/strong>. Se le atribuy\u00f3 este significado en Oriente, ya que en Jap\u00f3n y China fueron una flor muy deseada por Emperadores y Emperatrices, alegrando los m\u00e1s incre\u00edbles jardines reales. En China, la peonia es conocida como la &#8220;<em>Reina de las flores<\/em>&#8221; y con ella se desea una vida llena de fortuna.<\/span><\/p>\n<p>En Occidente su significado est\u00e1 m\u00e1s ligado al amor, y es que <strong>las peon\u00edas son la flor de la uni\u00f3n y el matrimonio<\/strong>. Para parejas que se acaban de conocer, regalar peonias rosas es sin\u00f3nimo de expresar el amor a primera vista, as\u00ed como el amor acaramelado del principio.<\/p>\n<h3>\u00bfCu\u00e1ndo regalar Anhelo?<\/h3>\n<p>Este singular ramo obtendr\u00e1 diferentes significados dependiendo de a qui\u00e9n se lo obsequies. Si se trata de tu pareja o de una persona que amas, su significado est\u00e1 ligado a la uni\u00f3n, el amor a primera vista y el matrimonio. Por lo tanto, <strong>es una flor ideal para conquistar<\/strong>, independientemente de que esa persona sea o no tu pareja, o la relaci\u00f3n sea larga o acabe de empezar.<\/p>\n<p>Si dejamos de lado el romanticismo, el principal significado de la peon\u00eda rosa es la prosperidad. Por lo tanto, <strong>es genial para regalar a compa\u00f1eros de trabajo, amigos o familiares<\/strong>. Es una flor que expresa su deseo de que la persona viva una vida llena de positivismo, buenos momentos y mucho \u00e9xito.<\/p>\n<h3>Flores a domicilio en la Costa del Sol<\/h3>\n<p>Recuerda que somos tu florister\u00eda de confianza en la <strong>Costa del Sol<\/strong>. Hacemos repartos desde <strong>Estepona<\/strong> hasta <strong>San Pedro<\/strong> o <strong>Marbella<\/strong>. Si deseas enviar <strong>flores a domicilio<\/strong> puedes contar con nuestra experiencia para que tus ramos lleguen en las mejores condiciones. Sorprende a tu persona favorita. Tambi\u00e9n puedes hacer uso de nuestro servicio de <strong>tienda online<\/strong>.<\/p>\n<p>&nbsp;<\/p>\n<p>Recuerda que puedes encontrarnos en <a href=\"https:\/\/www.facebook.com\/bellarosa.es\/\">Facebook<\/a> e <a href=\"https:\/\/www.instagram.com\/bellarosa_marbella\/\">Instagram<\/a>. \u00a1Te esperamos!<\/p>\n","protected":false},"excerpt":{"rendered":"<blockquote>\n<p style=\"text-align: center;\">El deseo es un anhelo del pensamiento hacia el porvenir.<\/p>\n<p>&#8211; Simone Weil &#8211;<\/p><\/blockquote>\n<p>La <strong>peon\u00eda rosa<\/strong> se alza como protagonista de este ramo incre\u00edble junto a las rosas rosadas.. Unas flores ideales para expresar el deseo de uni\u00f3n, para regalar a tu media naranja. Deja que el embriagador aroma de las peon\u00edas conquisten su coraz\u00f3n, sac\u00e1ndole una enorme sonrisa de felicidad. Desea suerte, felicidad y prosperidad con esta bonita flor. <strong>Anhelo<\/strong> est\u00e1 compuesto por:<\/p>\n<p>3 Tallos de peon\u00edas rosas<\/p>\n<p>8 rosas rosadas<\/p>\n<p>limonium rosa<\/p>\n<p>Eucalipto verdes varios<\/p>\n<p>&nbsp;<\/p>\n<p>Tenemos una gran variedad de preciosos ramos a buen precio. Con\u00f3celos <a href=\"https:\/\/bellarosa.es\/comprar\/flores-varias\/\">aqu\u00ed<\/a><\/p>\n","protected":false},"featured_media":8656,"comment_status":"open","ping_status":"closed","template":"","meta":[],"product_brand":[],"product_cat":[219,159,1016,142,1100],"product_tag":[],"class_list":{"0":"post-1823","1":"product","2":"type-product","3":"status-publish","4":"has-post-thumbnail","6":"product_cat-dia-del-padre","7":"product_cat-mothers-day","8":"product_cat-ramos-rosas-rosas","9":"product_cat-rosas","10":"product_cat-8-marzo-dia-de-la-mujer","12":"first","13":"instock","14":"featured","15":"shipping-taxable","16":"purchasable","17":"product-type-simple","18":"layout-style-1","19":"col-md-4 col-sm-4 col-xs-6","20":"col-lg-4","21":"product-style-default"},"yoast_head":"<!-- This site is optimized with the Yoast SEO plugin v27.4 - https:\/\/yoast.com\/product\/yoast-seo-wordpress\/ -->\n<title>Anhelo - Ramo Peon\u00edas rosas y rosas rosadas - Florister&iacute;a en San Pedro Alc&aacute;ntara<\/title>\n<meta name=\"robots\" content=\"index, follow, max-snippet:-1, max-image-preview:large, max-video-preview:-1\" \/>\n<link rel=\"canonical\" href=\"https:\/\/bellarosa.es\/en\/anhelo-ramo-peonias-rosas\/\" \/>\n<meta property=\"og:locale\" content=\"en_US\" \/>\n<meta property=\"og:type\" content=\"article\" \/>\n<meta property=\"og:title\" content=\"Anhelo - Ramo Peon\u00edas rosas y rosas rosadas - Florister&iacute;a en San Pedro Alc&aacute;ntara\" \/>\n<meta property=\"og:description\" content=\"El deseo es un anhelo del pensamiento hacia el porvenir. - Simone Weil - La peon\u00eda rosa se alza como protagonista de este ramo incre\u00edble junto a las rosas rosadas.. Unas flores ideales para expresar el deseo de uni\u00f3n, para regalar a tu media naranja. Deja que el embriagador aroma de las peon\u00edas conquisten su coraz\u00f3n, sac\u00e1ndole una enorme sonrisa de felicidad. Desea suerte, felicidad y prosperidad con esta bonita flor. Anhelo est\u00e1 compuesto por:  3 Tallos de peon\u00edas rosas  8 rosas rosadas  limonium rosa  Eucalipto verdes varios  &nbsp;  Tenemos una gran variedad de preciosos ramos a buen precio. Con\u00f3celos aqu\u00ed\" \/>\n<meta property=\"og:url\" content=\"https:\/\/bellarosa.es\/en\/anhelo-ramo-peonias-rosas\/\" \/>\n<meta property=\"og:site_name\" content=\"Florister&iacute;a en San Pedro Alc&aacute;ntara\" \/>\n<meta property=\"article:modified_time\" content=\"2026-04-10T11:11:02+00:00\" \/>\n<meta property=\"og:image\" content=\"https:\/\/bellarosa.es\/wp-content\/uploads\/2020\/05\/CDE0BE25-7434-4F70-8F39-B30F985E93E3-2.png\" \/>\n\t<meta property=\"og:image:width\" content=\"1024\" \/>\n\t<meta property=\"og:image:height\" content=\"1536\" \/>\n\t<meta property=\"og:image:type\" content=\"image\/png\" \/>\n<meta name=\"twitter:card\" content=\"summary_large_image\" \/>\n<meta name=\"twitter:label1\" content=\"Est. reading time\" \/>\n\t<meta name=\"twitter:data1\" content=\"3 minutes\" \/>\n<script type=\"application\/ld+json\" class=\"yoast-schema-graph\">{\"@context\":\"https:\\\/\\\/schema.org\",\"@graph\":[{\"@type\":\"WebPage\",\"@id\":\"https:\\\/\\\/bellarosa.es\\\/en\\\/anhelo-ramo-peonias-rosas\\\/\",\"url\":\"https:\\\/\\\/bellarosa.es\\\/en\\\/anhelo-ramo-peonias-rosas\\\/\",\"name\":\"Anhelo - Ramo Peon\u00edas rosas y rosas rosadas - Florister&iacute;a en San Pedro Alc&aacute;ntara\",\"isPartOf\":{\"@id\":\"https:\\\/\\\/bellarosa.es\\\/en\\\/#website\"},\"primaryImageOfPage\":{\"@id\":\"https:\\\/\\\/bellarosa.es\\\/en\\\/anhelo-ramo-peonias-rosas\\\/#primaryimage\"},\"image\":{\"@id\":\"https:\\\/\\\/bellarosa.es\\\/en\\\/anhelo-ramo-peonias-rosas\\\/#primaryimage\"},\"thumbnailUrl\":\"https:\\\/\\\/bellarosa.es\\\/wp-content\\\/uploads\\\/2020\\\/05\\\/CDE0BE25-7434-4F70-8F39-B30F985E93E3-2.png\",\"datePublished\":\"2020-05-25T15:02:53+00:00\",\"dateModified\":\"2026-04-10T11:11:02+00:00\",\"breadcrumb\":{\"@id\":\"https:\\\/\\\/bellarosa.es\\\/en\\\/anhelo-ramo-peonias-rosas\\\/#breadcrumb\"},\"inLanguage\":\"en-US\",\"potentialAction\":[{\"@type\":\"ReadAction\",\"target\":[\"https:\\\/\\\/bellarosa.es\\\/en\\\/anhelo-ramo-peonias-rosas\\\/\"]}]},{\"@type\":\"ImageObject\",\"inLanguage\":\"en-US\",\"@id\":\"https:\\\/\\\/bellarosa.es\\\/en\\\/anhelo-ramo-peonias-rosas\\\/#primaryimage\",\"url\":\"https:\\\/\\\/bellarosa.es\\\/wp-content\\\/uploads\\\/2020\\\/05\\\/CDE0BE25-7434-4F70-8F39-B30F985E93E3-2.png\",\"contentUrl\":\"https:\\\/\\\/bellarosa.es\\\/wp-content\\\/uploads\\\/2020\\\/05\\\/CDE0BE25-7434-4F70-8F39-B30F985E93E3-2.png\",\"width\":1024,\"height\":1536},{\"@type\":\"BreadcrumbList\",\"@id\":\"https:\\\/\\\/bellarosa.es\\\/en\\\/anhelo-ramo-peonias-rosas\\\/#breadcrumb\",\"itemListElement\":[{\"@type\":\"ListItem\",\"position\":1,\"name\":\"Inicio\",\"item\":\"https:\\\/\\\/bellarosa.es\\\/en\\\/\"},{\"@type\":\"ListItem\",\"position\":2,\"name\":\"Shop\",\"item\":\"https:\\\/\\\/bellarosa.es\\\/en\\\/shop\\\/\"},{\"@type\":\"ListItem\",\"position\":3,\"name\":\"Anhelo &#8211; Ramo Peon\u00edas rosas y rosas rosadas\"}]},{\"@type\":\"WebSite\",\"@id\":\"https:\\\/\\\/bellarosa.es\\\/en\\\/#website\",\"url\":\"https:\\\/\\\/bellarosa.es\\\/en\\\/\",\"name\":\"Florister&iacute;a en San Pedro Alc&aacute;ntara\",\"description\":\"\",\"publisher\":{\"@id\":\"https:\\\/\\\/bellarosa.es\\\/en\\\/#organization\"},\"potentialAction\":[{\"@type\":\"SearchAction\",\"target\":{\"@type\":\"EntryPoint\",\"urlTemplate\":\"https:\\\/\\\/bellarosa.es\\\/en\\\/?s={search_term_string}\"},\"query-input\":{\"@type\":\"PropertyValueSpecification\",\"valueRequired\":true,\"valueName\":\"search_term_string\"}}],\"inLanguage\":\"en-US\"},{\"@type\":\"Organization\",\"@id\":\"https:\\\/\\\/bellarosa.es\\\/en\\\/#organization\",\"name\":\"Floristeria Bella Rosa\",\"url\":\"https:\\\/\\\/bellarosa.es\\\/en\\\/\",\"logo\":{\"@type\":\"ImageObject\",\"inLanguage\":\"en-US\",\"@id\":\"https:\\\/\\\/bellarosa.es\\\/en\\\/#\\\/schema\\\/logo\\\/image\\\/\",\"url\":\"\",\"contentUrl\":\"\",\"caption\":\"Floristeria Bella Rosa\"},\"image\":{\"@id\":\"https:\\\/\\\/bellarosa.es\\\/en\\\/#\\\/schema\\\/logo\\\/image\\\/\"}}]}<\/script>\n<!-- \/ Yoast SEO plugin. -->","yoast_head_json":{"title":"Anhelo - Ramo Peon\u00edas rosas y rosas rosadas - Florister&iacute;a en San Pedro Alc&aacute;ntara","robots":{"index":"index","follow":"follow","max-snippet":"max-snippet:-1","max-image-preview":"max-image-preview:large","max-video-preview":"max-video-preview:-1"},"canonical":"https:\/\/bellarosa.es\/en\/anhelo-ramo-peonias-rosas\/","og_locale":"en_US","og_type":"article","og_title":"Anhelo - Ramo Peon\u00edas rosas y rosas rosadas - Florister&iacute;a en San Pedro Alc&aacute;ntara","og_description":"El deseo es un anhelo del pensamiento hacia el porvenir. - Simone Weil - La peon\u00eda rosa se alza como protagonista de este ramo incre\u00edble junto a las rosas rosadas.. Unas flores ideales para expresar el deseo de uni\u00f3n, para regalar a tu media naranja. Deja que el embriagador aroma de las peon\u00edas conquisten su coraz\u00f3n, sac\u00e1ndole una enorme sonrisa de felicidad. Desea suerte, felicidad y prosperidad con esta bonita flor. Anhelo est\u00e1 compuesto por:  3 Tallos de peon\u00edas rosas  8 rosas rosadas  limonium rosa  Eucalipto verdes varios  &nbsp;  Tenemos una gran variedad de preciosos ramos a buen precio. Con\u00f3celos aqu\u00ed","og_url":"https:\/\/bellarosa.es\/en\/anhelo-ramo-peonias-rosas\/","og_site_name":"Florister&iacute;a en San Pedro Alc&aacute;ntara","article_modified_time":"2026-04-10T11:11:02+00:00","og_image":[{"width":1024,"height":1536,"url":"https:\/\/bellarosa.es\/wp-content\/uploads\/2020\/05\/CDE0BE25-7434-4F70-8F39-B30F985E93E3-2.png","type":"image\/png"}],"twitter_card":"summary_large_image","twitter_misc":{"Est. reading time":"3 minutes"},"schema":{"@context":"https:\/\/schema.org","@graph":[{"@type":"WebPage","@id":"https:\/\/bellarosa.es\/en\/anhelo-ramo-peonias-rosas\/","url":"https:\/\/bellarosa.es\/en\/anhelo-ramo-peonias-rosas\/","name":"Anhelo - Ramo Peon\u00edas rosas y rosas rosadas - Florister&iacute;a en San Pedro Alc&aacute;ntara","isPartOf":{"@id":"https:\/\/bellarosa.es\/en\/#website"},"primaryImageOfPage":{"@id":"https:\/\/bellarosa.es\/en\/anhelo-ramo-peonias-rosas\/#primaryimage"},"image":{"@id":"https:\/\/bellarosa.es\/en\/anhelo-ramo-peonias-rosas\/#primaryimage"},"thumbnailUrl":"https:\/\/bellarosa.es\/wp-content\/uploads\/2020\/05\/CDE0BE25-7434-4F70-8F39-B30F985E93E3-2.png","datePublished":"2020-05-25T15:02:53+00:00","dateModified":"2026-04-10T11:11:02+00:00","breadcrumb":{"@id":"https:\/\/bellarosa.es\/en\/anhelo-ramo-peonias-rosas\/#breadcrumb"},"inLanguage":"en-US","potentialAction":[{"@type":"ReadAction","target":["https:\/\/bellarosa.es\/en\/anhelo-ramo-peonias-rosas\/"]}]},{"@type":"ImageObject","inLanguage":"en-US","@id":"https:\/\/bellarosa.es\/en\/anhelo-ramo-peonias-rosas\/#primaryimage","url":"https:\/\/bellarosa.es\/wp-content\/uploads\/2020\/05\/CDE0BE25-7434-4F70-8F39-B30F985E93E3-2.png","contentUrl":"https:\/\/bellarosa.es\/wp-content\/uploads\/2020\/05\/CDE0BE25-7434-4F70-8F39-B30F985E93E3-2.png","width":1024,"height":1536},{"@type":"BreadcrumbList","@id":"https:\/\/bellarosa.es\/en\/anhelo-ramo-peonias-rosas\/#breadcrumb","itemListElement":[{"@type":"ListItem","position":1,"name":"Inicio","item":"https:\/\/bellarosa.es\/en\/"},{"@type":"ListItem","position":2,"name":"Shop","item":"https:\/\/bellarosa.es\/en\/shop\/"},{"@type":"ListItem","position":3,"name":"Anhelo &#8211; Ramo Peon\u00edas rosas y rosas rosadas"}]},{"@type":"WebSite","@id":"https:\/\/bellarosa.es\/en\/#website","url":"https:\/\/bellarosa.es\/en\/","name":"Florister&iacute;a en San Pedro Alc&aacute;ntara","description":"","publisher":{"@id":"https:\/\/bellarosa.es\/en\/#organization"},"potentialAction":[{"@type":"SearchAction","target":{"@type":"EntryPoint","urlTemplate":"https:\/\/bellarosa.es\/en\/?s={search_term_string}"},"query-input":{"@type":"PropertyValueSpecification","valueRequired":true,"valueName":"search_term_string"}}],"inLanguage":"en-US"},{"@type":"Organization","@id":"https:\/\/bellarosa.es\/en\/#organization","name":"Floristeria Bella Rosa","url":"https:\/\/bellarosa.es\/en\/","logo":{"@type":"ImageObject","inLanguage":"en-US","@id":"https:\/\/bellarosa.es\/en\/#\/schema\/logo\/image\/","url":"","contentUrl":"","caption":"Floristeria Bella Rosa"},"image":{"@id":"https:\/\/bellarosa.es\/en\/#\/schema\/logo\/image\/"}}]}},"_links":{"self":[{"href":"https:\/\/bellarosa.es\/en\/wp-json\/wp\/v2\/product\/1823","targetHints":{"allow":["GET"]}}],"collection":[{"href":"https:\/\/bellarosa.es\/en\/wp-json\/wp\/v2\/product"}],"about":[{"href":"https:\/\/bellarosa.es\/en\/wp-json\/wp\/v2\/types\/product"}],"replies":[{"embeddable":true,"href":"https:\/\/bellarosa.es\/en\/wp-json\/wp\/v2\/comments?post=1823"}],"wp:featuredmedia":[{"embeddable":true,"href":"https:\/\/bellarosa.es\/en\/wp-json\/wp\/v2\/media\/8656"}],"wp:attachment":[{"href":"https:\/\/bellarosa.es\/en\/wp-json\/wp\/v2\/media?parent=1823"}],"wp:term":[{"taxonomy":"product_brand","embeddable":true,"href":"https:\/\/bellarosa.es\/en\/wp-json\/wp\/v2\/product_brand?post=1823"},{"taxonomy":"product_cat","embeddable":true,"href":"https:\/\/bellarosa.es\/en\/wp-json\/wp\/v2\/product_cat?post=1823"},{"taxonomy":"product_tag","embeddable":true,"href":"https:\/\/bellarosa.es\/en\/wp-json\/wp\/v2\/product_tag?post=1823"}],"curies":[{"name":"wp","href":"https:\/\/api.w.org\/{rel}","templated":true}]}}