{"id":1817,"date":"2020-05-13T18:02:34","date_gmt":"2020-05-13T18:02:34","guid":{"rendered":"https:\/\/bellarosa.es\/?post_type=product&#038;p=1817"},"modified":"2026-01-16T17:46:24","modified_gmt":"2026-01-16T17:46:24","slug":"oceano-ramo-13-rosas-azules","status":"publish","type":"product","link":"https:\/\/bellarosa.es\/en\/oceano-ramo-13-rosas-azules\/","title":{"rendered":"Oc\u00e9ano &#8211; Ramo 13 Rosas Azules"},"content":{"rendered":"<h2><strong>Un amor inmenso como el oc\u00e9ano<\/strong><\/h2>\n<p>Inspirados en la belleza de un agua infinita, en la inmensidad de un oc\u00e9ano libre hemos creado este <strong>ramo de rosas azules<\/strong>, adornadas con Gypsophila y preparado con mucho cari\u00f1o y amor por <strong>nuestro equipo de floristas expertos<\/strong>. Nuestras rosas son <strong>las mejores del mercado<\/strong>, y son seleccionadas una a una. Todas ellas son cuidadas y mimadas desde el primer momento para que cuando las recibas se encuentren en perfecto estado.<\/p>\n<h3>El significado de las rosas azules<\/h3>\n<p>La <strong>rosa azul<\/strong> simboliza el <strong>respeto, la confianza y la tranquilidad.<\/strong> Se trata de una variedad de rosa un tanto peculiar, ya que es mucho m\u00e1s com\u00fan encontrarla en otros colores como roja, rosa o blanca. Una rosa azul revela que se siente usted tranquilo y libre en su relaci\u00f3n. Su color es un tanto peculiar y su fragancia inigualable.<\/p>\n<p>Contiene otros significados que lo complementan como <strong>la libertad y la fidelidad.<\/strong> Por ello, resulta ideal para relaciones consolidadas con un mutuo deseo por continuar con la persona amada.<\/p>\n<p>Si usted recibe <strong>rosas azules<\/strong>, quiere decir que es profundamente amada y respetada, as\u00ed como que su pareja se siente en paz y feliz con usted. <strong>Regalar rosas azules<\/strong> siempre es sin\u00f3nimo de expresar su confianza, amor y respeto a la persona elegida.<\/p>\n<h3>\u00bfCu\u00e1ndo regalar Oc\u00e9ano?<\/h3>\n<p><strong>Oc\u00e9ano<\/strong> puede ser una estupenda opci\u00f3n si est\u00e1 pensando en regalar a su pareja un ramo original de significado rom\u00e1ntico, ya que la rosa azul se considera id\u00f3nea para parejas consolidadas, siendo el s\u00edmbolo de <strong>la confianza y el respeto<\/strong>. Tambi\u00e9n es una bonita forma de expresarle a su pareja<strong> la intenci\u00f3n de fidelizar su relaci\u00f3n<\/strong>, por lo que no importa que acaben de empezar o lleven poco tiempo juntos.<\/p>\n<p>Por otro lado, est\u00e1 recomendada <strong>para regalar a una amistad sincera<\/strong>, como modo de agradecerle el formar parte de tu vida, expres\u00e1ndole que se siente en paz, confianza y felicidad junto a esa persona.<\/p>\n<h3>Flores a domicilio en la Costa del Sol<\/h3>\n<p>Recuerda que somos tu florister\u00eda de confianza en la <strong>Costa del Sol<\/strong>. Hacemos repartos desde <strong>Estepona<\/strong> hasta <strong>San Pedro<\/strong> o <strong>Marbella<\/strong>. Si deseas enviar <strong>flores a domicilio<\/strong> puedes contar con nuestra experiencia para que tus ramos lleguen en las mejores condiciones. Sorprende a tu persona favorita. Tambi\u00e9n puedes hacer uso de nuestro servicio de <strong>tienda online<\/strong>.<\/p>\n<p>&nbsp;<\/p>\n<p>Recuerda que puedes encontrarnos en <a href=\"https:\/\/www.facebook.com\/bellarosa.es\/\">Facebook<\/a> e <a href=\"https:\/\/www.instagram.com\/bellarosa_marbella\/\">Instagram<\/a>. \u00a1Te esperamos!<\/p>\n","protected":false},"excerpt":{"rendered":"<blockquote>\n<p style=\"text-align: center;\">Individualmente, somos una gota. Juntos, somos un oc\u00e9ano.<\/p>\n<p style=\"text-align: center;\">&#8211; Ryunosuke Satoro &#8211;<\/p>\n<\/blockquote>\n<p>Este ramo de rosas es una opci\u00f3n original y diferente. Las <strong>rosas azules<\/strong> son una flor muy peculiar y sorprendentemente bella. Este precioso <strong>ramo de rosas azules simboliza la confianza y la estabilidad<\/strong>. Un precioso regalo para pareja o amigos, adem\u00e1s de ser muy original por el peculiar color de las rosas. <strong>Oc\u00e9ano<\/strong> est\u00e1 formado por:<\/p>\n<p>13 Rosas Azules<\/p>\n<p>Gypsophila<\/p>\n<p>Ruscus<\/p>\n<p>&nbsp;<\/p>\n<p>Tenemos una gran variedad de rosas liofilizadas en distintos colores. Con\u00f3celas <a href=\"https:\/\/bellarosa.es\/comprar\/rosa-liofilizada\/\">aqu\u00ed<\/a><\/p>\n","protected":false},"featured_media":8439,"comment_status":"open","ping_status":"closed","template":"","meta":[],"product_brand":[],"product_cat":[219,135,142],"product_tag":[],"class_list":{"0":"post-1817","1":"product","2":"type-product","3":"status-publish","4":"has-post-thumbnail","6":"product_cat-dia-del-padre","7":"product_cat-exclusividad","8":"product_cat-rosas","10":"first","11":"instock","12":"shipping-taxable","13":"purchasable","14":"product-type-simple","15":"layout-style-1","16":"col-md-4 col-sm-4 col-xs-6","17":"col-lg-4","18":"product-style-default"},"yoast_head":"<!-- This site is optimized with the Yoast SEO plugin v27.4 - https:\/\/yoast.com\/product\/yoast-seo-wordpress\/ -->\n<title>Oc\u00e9ano - Ramo 13 Rosas Azules - Florister&iacute;a en San Pedro Alc&aacute;ntara<\/title>\n<meta name=\"robots\" content=\"noindex, follow\" \/>\n<meta property=\"og:locale\" content=\"en_US\" \/>\n<meta property=\"og:type\" content=\"article\" \/>\n<meta property=\"og:title\" content=\"Oc\u00e9ano - Ramo 13 Rosas Azules - Florister&iacute;a en San Pedro Alc&aacute;ntara\" \/>\n<meta property=\"og:description\" content=\"Individualmente, somos una gota. Juntos, somos un oc\u00e9ano. - Ryunosuke Satoro -  Este ramo de rosas es una opci\u00f3n original y diferente. Las rosas azules son una flor muy peculiar y sorprendentemente bella. Este precioso ramo de rosas azules simboliza la confianza y la estabilidad. Un precioso regalo para pareja o amigos, adem\u00e1s de ser muy original por el peculiar color de las rosas. Oc\u00e9ano est\u00e1 formado por:  13 Rosas Azules  Gypsophila  Ruscus  &nbsp;  Tenemos una gran variedad de rosas liofilizadas en distintos colores. Con\u00f3celas aqu\u00ed\" \/>\n<meta property=\"og:url\" content=\"https:\/\/bellarosa.es\/en\/oceano-ramo-13-rosas-azules\/\" \/>\n<meta property=\"og:site_name\" content=\"Florister&iacute;a en San Pedro Alc&aacute;ntara\" \/>\n<meta property=\"article:modified_time\" content=\"2026-01-16T17:46:24+00:00\" \/>\n<meta property=\"og:image\" content=\"https:\/\/bellarosa.es\/wp-content\/uploads\/2020\/05\/0CCB382E-498D-4570-B39E-A6CC3ED7F1CA.png\" \/>\n\t<meta property=\"og:image:width\" content=\"1024\" \/>\n\t<meta property=\"og:image:height\" content=\"1536\" \/>\n\t<meta property=\"og:image:type\" content=\"image\/png\" \/>\n<meta name=\"twitter:card\" content=\"summary_large_image\" \/>\n<meta name=\"twitter:label1\" content=\"Est. reading time\" \/>\n\t<meta name=\"twitter:data1\" content=\"3 minutes\" \/>\n<script type=\"application\/ld+json\" class=\"yoast-schema-graph\">{\"@context\":\"https:\\\/\\\/schema.org\",\"@graph\":[{\"@type\":\"WebPage\",\"@id\":\"https:\\\/\\\/bellarosa.es\\\/en\\\/oceano-ramo-13-rosas-azules\\\/\",\"url\":\"https:\\\/\\\/bellarosa.es\\\/en\\\/oceano-ramo-13-rosas-azules\\\/\",\"name\":\"Oc\u00e9ano - Ramo 13 Rosas Azules - Florister&iacute;a en San Pedro Alc&aacute;ntara\",\"isPartOf\":{\"@id\":\"https:\\\/\\\/bellarosa.es\\\/en\\\/#website\"},\"primaryImageOfPage\":{\"@id\":\"https:\\\/\\\/bellarosa.es\\\/en\\\/oceano-ramo-13-rosas-azules\\\/#primaryimage\"},\"image\":{\"@id\":\"https:\\\/\\\/bellarosa.es\\\/en\\\/oceano-ramo-13-rosas-azules\\\/#primaryimage\"},\"thumbnailUrl\":\"https:\\\/\\\/bellarosa.es\\\/wp-content\\\/uploads\\\/2020\\\/05\\\/0CCB382E-498D-4570-B39E-A6CC3ED7F1CA.png\",\"datePublished\":\"2020-05-13T18:02:34+00:00\",\"dateModified\":\"2026-01-16T17:46:24+00:00\",\"breadcrumb\":{\"@id\":\"https:\\\/\\\/bellarosa.es\\\/en\\\/oceano-ramo-13-rosas-azules\\\/#breadcrumb\"},\"inLanguage\":\"en-US\",\"potentialAction\":[{\"@type\":\"ReadAction\",\"target\":[\"https:\\\/\\\/bellarosa.es\\\/en\\\/oceano-ramo-13-rosas-azules\\\/\"]}]},{\"@type\":\"ImageObject\",\"inLanguage\":\"en-US\",\"@id\":\"https:\\\/\\\/bellarosa.es\\\/en\\\/oceano-ramo-13-rosas-azules\\\/#primaryimage\",\"url\":\"https:\\\/\\\/bellarosa.es\\\/wp-content\\\/uploads\\\/2020\\\/05\\\/0CCB382E-498D-4570-B39E-A6CC3ED7F1CA.png\",\"contentUrl\":\"https:\\\/\\\/bellarosa.es\\\/wp-content\\\/uploads\\\/2020\\\/05\\\/0CCB382E-498D-4570-B39E-A6CC3ED7F1CA.png\",\"width\":1024,\"height\":1536},{\"@type\":\"BreadcrumbList\",\"@id\":\"https:\\\/\\\/bellarosa.es\\\/en\\\/oceano-ramo-13-rosas-azules\\\/#breadcrumb\",\"itemListElement\":[{\"@type\":\"ListItem\",\"position\":1,\"name\":\"Inicio\",\"item\":\"https:\\\/\\\/bellarosa.es\\\/en\\\/\"},{\"@type\":\"ListItem\",\"position\":2,\"name\":\"Shop\",\"item\":\"https:\\\/\\\/bellarosa.es\\\/en\\\/shop\\\/\"},{\"@type\":\"ListItem\",\"position\":3,\"name\":\"Oc\u00e9ano &#8211; Ramo 13 Rosas Azules\"}]},{\"@type\":\"WebSite\",\"@id\":\"https:\\\/\\\/bellarosa.es\\\/en\\\/#website\",\"url\":\"https:\\\/\\\/bellarosa.es\\\/en\\\/\",\"name\":\"Florister&iacute;a en San Pedro Alc&aacute;ntara\",\"description\":\"\",\"publisher\":{\"@id\":\"https:\\\/\\\/bellarosa.es\\\/en\\\/#organization\"},\"potentialAction\":[{\"@type\":\"SearchAction\",\"target\":{\"@type\":\"EntryPoint\",\"urlTemplate\":\"https:\\\/\\\/bellarosa.es\\\/en\\\/?s={search_term_string}\"},\"query-input\":{\"@type\":\"PropertyValueSpecification\",\"valueRequired\":true,\"valueName\":\"search_term_string\"}}],\"inLanguage\":\"en-US\"},{\"@type\":\"Organization\",\"@id\":\"https:\\\/\\\/bellarosa.es\\\/en\\\/#organization\",\"name\":\"Floristeria Bella Rosa\",\"url\":\"https:\\\/\\\/bellarosa.es\\\/en\\\/\",\"logo\":{\"@type\":\"ImageObject\",\"inLanguage\":\"en-US\",\"@id\":\"https:\\\/\\\/bellarosa.es\\\/en\\\/#\\\/schema\\\/logo\\\/image\\\/\",\"url\":\"\",\"contentUrl\":\"\",\"caption\":\"Floristeria Bella Rosa\"},\"image\":{\"@id\":\"https:\\\/\\\/bellarosa.es\\\/en\\\/#\\\/schema\\\/logo\\\/image\\\/\"}}]}<\/script>\n<!-- \/ Yoast SEO plugin. -->","yoast_head_json":{"title":"Oc\u00e9ano - Ramo 13 Rosas Azules - Florister&iacute;a en San Pedro Alc&aacute;ntara","robots":{"index":"noindex","follow":"follow"},"og_locale":"en_US","og_type":"article","og_title":"Oc\u00e9ano - Ramo 13 Rosas Azules - Florister&iacute;a en San Pedro Alc&aacute;ntara","og_description":"Individualmente, somos una gota. Juntos, somos un oc\u00e9ano. - Ryunosuke Satoro -  Este ramo de rosas es una opci\u00f3n original y diferente. Las rosas azules son una flor muy peculiar y sorprendentemente bella. Este precioso ramo de rosas azules simboliza la confianza y la estabilidad. Un precioso regalo para pareja o amigos, adem\u00e1s de ser muy original por el peculiar color de las rosas. Oc\u00e9ano est\u00e1 formado por:  13 Rosas Azules  Gypsophila  Ruscus  &nbsp;  Tenemos una gran variedad de rosas liofilizadas en distintos colores. Con\u00f3celas aqu\u00ed","og_url":"https:\/\/bellarosa.es\/en\/oceano-ramo-13-rosas-azules\/","og_site_name":"Florister&iacute;a en San Pedro Alc&aacute;ntara","article_modified_time":"2026-01-16T17:46:24+00:00","og_image":[{"width":1024,"height":1536,"url":"https:\/\/bellarosa.es\/wp-content\/uploads\/2020\/05\/0CCB382E-498D-4570-B39E-A6CC3ED7F1CA.png","type":"image\/png"}],"twitter_card":"summary_large_image","twitter_misc":{"Est. reading time":"3 minutes"},"schema":{"@context":"https:\/\/schema.org","@graph":[{"@type":"WebPage","@id":"https:\/\/bellarosa.es\/en\/oceano-ramo-13-rosas-azules\/","url":"https:\/\/bellarosa.es\/en\/oceano-ramo-13-rosas-azules\/","name":"Oc\u00e9ano - Ramo 13 Rosas Azules - Florister&iacute;a en San Pedro Alc&aacute;ntara","isPartOf":{"@id":"https:\/\/bellarosa.es\/en\/#website"},"primaryImageOfPage":{"@id":"https:\/\/bellarosa.es\/en\/oceano-ramo-13-rosas-azules\/#primaryimage"},"image":{"@id":"https:\/\/bellarosa.es\/en\/oceano-ramo-13-rosas-azules\/#primaryimage"},"thumbnailUrl":"https:\/\/bellarosa.es\/wp-content\/uploads\/2020\/05\/0CCB382E-498D-4570-B39E-A6CC3ED7F1CA.png","datePublished":"2020-05-13T18:02:34+00:00","dateModified":"2026-01-16T17:46:24+00:00","breadcrumb":{"@id":"https:\/\/bellarosa.es\/en\/oceano-ramo-13-rosas-azules\/#breadcrumb"},"inLanguage":"en-US","potentialAction":[{"@type":"ReadAction","target":["https:\/\/bellarosa.es\/en\/oceano-ramo-13-rosas-azules\/"]}]},{"@type":"ImageObject","inLanguage":"en-US","@id":"https:\/\/bellarosa.es\/en\/oceano-ramo-13-rosas-azules\/#primaryimage","url":"https:\/\/bellarosa.es\/wp-content\/uploads\/2020\/05\/0CCB382E-498D-4570-B39E-A6CC3ED7F1CA.png","contentUrl":"https:\/\/bellarosa.es\/wp-content\/uploads\/2020\/05\/0CCB382E-498D-4570-B39E-A6CC3ED7F1CA.png","width":1024,"height":1536},{"@type":"BreadcrumbList","@id":"https:\/\/bellarosa.es\/en\/oceano-ramo-13-rosas-azules\/#breadcrumb","itemListElement":[{"@type":"ListItem","position":1,"name":"Inicio","item":"https:\/\/bellarosa.es\/en\/"},{"@type":"ListItem","position":2,"name":"Shop","item":"https:\/\/bellarosa.es\/en\/shop\/"},{"@type":"ListItem","position":3,"name":"Oc\u00e9ano &#8211; Ramo 13 Rosas Azules"}]},{"@type":"WebSite","@id":"https:\/\/bellarosa.es\/en\/#website","url":"https:\/\/bellarosa.es\/en\/","name":"Florister&iacute;a en San Pedro Alc&aacute;ntara","description":"","publisher":{"@id":"https:\/\/bellarosa.es\/en\/#organization"},"potentialAction":[{"@type":"SearchAction","target":{"@type":"EntryPoint","urlTemplate":"https:\/\/bellarosa.es\/en\/?s={search_term_string}"},"query-input":{"@type":"PropertyValueSpecification","valueRequired":true,"valueName":"search_term_string"}}],"inLanguage":"en-US"},{"@type":"Organization","@id":"https:\/\/bellarosa.es\/en\/#organization","name":"Floristeria Bella Rosa","url":"https:\/\/bellarosa.es\/en\/","logo":{"@type":"ImageObject","inLanguage":"en-US","@id":"https:\/\/bellarosa.es\/en\/#\/schema\/logo\/image\/","url":"","contentUrl":"","caption":"Floristeria Bella Rosa"},"image":{"@id":"https:\/\/bellarosa.es\/en\/#\/schema\/logo\/image\/"}}]}},"_links":{"self":[{"href":"https:\/\/bellarosa.es\/en\/wp-json\/wp\/v2\/product\/1817","targetHints":{"allow":["GET"]}}],"collection":[{"href":"https:\/\/bellarosa.es\/en\/wp-json\/wp\/v2\/product"}],"about":[{"href":"https:\/\/bellarosa.es\/en\/wp-json\/wp\/v2\/types\/product"}],"replies":[{"embeddable":true,"href":"https:\/\/bellarosa.es\/en\/wp-json\/wp\/v2\/comments?post=1817"}],"wp:featuredmedia":[{"embeddable":true,"href":"https:\/\/bellarosa.es\/en\/wp-json\/wp\/v2\/media\/8439"}],"wp:attachment":[{"href":"https:\/\/bellarosa.es\/en\/wp-json\/wp\/v2\/media?parent=1817"}],"wp:term":[{"taxonomy":"product_brand","embeddable":true,"href":"https:\/\/bellarosa.es\/en\/wp-json\/wp\/v2\/product_brand?post=1817"},{"taxonomy":"product_cat","embeddable":true,"href":"https:\/\/bellarosa.es\/en\/wp-json\/wp\/v2\/product_cat?post=1817"},{"taxonomy":"product_tag","embeddable":true,"href":"https:\/\/bellarosa.es\/en\/wp-json\/wp\/v2\/product_tag?post=1817"}],"curies":[{"name":"wp","href":"https:\/\/api.w.org\/{rel}","templated":true}]}}