{"id":1744,"date":"2020-04-26T11:34:07","date_gmt":"2020-04-26T11:34:07","guid":{"rendered":"https:\/\/bellarosa.es\/?post_type=product&#038;p=1744"},"modified":"2026-04-10T11:11:33","modified_gmt":"2026-04-10T11:11:33","slug":"venus-orquidea-bicolor-rayas","status":"publish","type":"product","link":"https:\/\/bellarosa.es\/en\/venus-orquidea-bicolor-rayas\/","title":{"rendered":"Venus &#8211; Orqu\u00eddea Bicolor Rosa con rayas blancas"},"content":{"rendered":"<h2><strong>Venus: Nuestra orqu\u00eddea de color rosa con rayas blancas<\/strong><\/h2>\n<p>Las orqu\u00eddeas son consideradas una de las flores m\u00e1s bellas del mundo. Sus s\u00e9palos son sugerentes y mezcla sensualidad y belleza en una sola flor.<\/p>\n<p>\u00bfSab\u00edas por qu\u00e9 sentimos tanta atracci\u00f3n por esta maravillosa planta, por plantarla, cuidarla, verla crecer y florecer?<\/p>\n<p>La semejante simetr\u00eda de sus flores con la de nuestra especie es una de las razones. Toda orqu\u00eddea posee una simetr\u00eda bilateral (como el rostro humano), por lo cual, si trazamos una l\u00ednea vertical exactamente en el medio de la flor, se forman dos im\u00e1genes sim\u00e9tricas id\u00e9nticas.<\/p>\n<p><strong>Orqu\u00eddea Venus<\/strong> te ofrece una hermosa orqu\u00eddea color rosa con rayas blancas, una versi\u00f3n muy femenina y elegante de la orqu\u00eddea que no pasa desapercibida.<\/p>\n<p>Nuestro <strong>equipo de floristas profesionales<\/strong> prepara con todo mimo y cari\u00f1o la <strong>Orqu\u00eddea Venus<\/strong>\u00a0para que llegue a la persona que desees. Tambi\u00e9n es un autoregalo estupendo, \u00bfpor qu\u00e9 no? Puedes disfrutarla en tu lugar de trabajo o en el lugar perfecto para tu hogar. Gracias a sus abundantes y duraderas flores podr\u00e1s disfrutar de este espect\u00e1culo de la naturaleza, pudiendo <strong>mantener su floraci\u00f3n entre 8 y 10 semanas.<\/strong><\/p>\n<h3>Lo que debes saber sobre las orqu\u00eddeas<\/h3>\n<p>\u00bfSab\u00edas que su nombre se debe a su similitud con las mariposas? \u201d<em>Phalaena-mariposa<\/em>\u201d y \u201c<em>Opsis-parecido<\/em>\u201d. Este tipo de variedad es ep\u00edfita, es decir, que crecen en ramas de \u00e1rboles o entre medio de las rocas en su h\u00e1bitat natural. La orqu\u00eddea es una flor de indiscutible belleza con mucha popularidad y que embellece cualquier rinc\u00f3n. Una opci\u00f3n muy buena para regalar puesto que <strong>su floraci\u00f3n puede durar de 8-10 semanas<\/strong>. Su llamativo color es sin\u00f3nimo de <strong>elegancia y sofisticaci\u00f3n<\/strong>.<\/p>\n<p>A la hora de tener orqu\u00eddeas es importante que conozcas los <strong>cuidados m\u00ednimos y b\u00e1sicos<\/strong> para que la flor perdure y se mantenga en perfectas condiciones:<\/p>\n<p>1\u00ba.- Luz natural (evitando el sol directo).<\/p>\n<p>2\u00ba.- Mantener a 23\/24 grados de temperatura.<\/p>\n<p>3\u00ba.- Regar mediante inmersi\u00f3n de la planta en un recipiente durante unos minutos. No utilizar agua del grifo.<\/p>\n<h3>\u00bfCu\u00e1ndo regalar Venus?<\/h3>\n<p>Si quieres seducir a una mujer y decirlo abiertamente, no tienes m\u00e1s que <strong>regalar orqu\u00eddeas rosas<\/strong>. El <strong>equipo de Bella Rosa<\/strong> ha seleccionado esta preciosa orqu\u00eddea que\u00a0 te ofrece unas flores bicolor combinando la pureza del blanco con la dulzura del rosa, esta combinaci\u00f3n hace que este ejemplar luzca con una belleza espectacular, conseguir\u00e1s que la persona que lo reciba se sienta la m\u00e1s amada del mundo.<\/p>\n<p>Actualmente, <strong>regalar una orqu\u00eddea significa regalar belleza<\/strong> y una demostraci\u00f3n de un alto grado de aprecio y admiraci\u00f3n.<\/p>\n<p>Sin lugar a dudas, Orqu\u00eddea Momentos Felices es una joya de la naturaleza llena de elegancia y distinci\u00f3n. Que har\u00e1 de cualquier estancia, un lugar lleno de alegr\u00eda y vida.<\/p>\n<h3>Flores a domicilio en la Costa del Sol<\/h3>\n<p>Recuerda que somos tu florister\u00eda de confianza en la <strong>Costa del Sol<\/strong>. Hacemos repartos desde <strong>Estepona<\/strong> hasta <strong>San Pedro<\/strong> o <strong>Marbella<\/strong>. Si deseas enviar <strong>flores a domicilio<\/strong> puedes contar con nuestra experiencia para que tus ramos lleguen en las mejores condiciones. Sorprende a tu persona favorita. Tambi\u00e9n puedes hacer uso de nuestro servicio de <strong>tienda online<\/strong>.<\/p>\n<p>&nbsp;<\/p>\n<p>Recuerda que puedes encontrarnos en <a href=\"https:\/\/www.facebook.com\/bellarosa.es\/\">Facebook<\/a> e <a href=\"https:\/\/www.instagram.com\/bellarosa_marbella\/\">Instagram<\/a>. \u00a1Te esperamos!<\/p>\n","protected":false},"excerpt":{"rendered":"<blockquote>\n<p style=\"text-align: center;\">Las plantas son tan agradecidas que si la cuidas ellas nos regalan sus preciosas flores.<\/p>\n<p style=\"text-align: center;\">-Bella Rosa-<\/p>\n<\/blockquote>\n<p>&nbsp;<\/p>\n<p>Nuestra <strong>orqu\u00eddea rosa Venus<\/strong> es una flor muy especial, ya que se trata de un ejemplar bicolor que combina la dulzura del rosa con la pureza de sus peque\u00f1as rayas blancas. Un regalo ideal para sorprender a una persona especial en su cumplea\u00f1os, para felicitar una inauguraci\u00f3n, una graduaci\u00f3n o el alcance de metas personales o profesionales. Tenemos una variedad de orqu\u00eddeas seleccionadas por <strong>nuestro equipo de Bella Rosa<\/strong> y cuidadas con mucho mimo. <strong>Venus<\/strong> est\u00e1 compuesto por:<\/p>\n<p>Orqu\u00eddea phalaenopsis bicolor rayas rosa y blanca<\/p>\n<p>Base de orqu\u00eddea blanca<\/p>\n<p>&nbsp;<\/p>\n<p>Tenemos una gran variedad de orqu\u00eddeas preciosos a buen precio. Con\u00f3celas <a href=\"https:\/\/bellarosa.es\/?product_cat=&amp;s=orquidea&amp;post_type=product\">aqu\u00ed<\/a><\/p>\n","protected":false},"featured_media":8467,"comment_status":"open","ping_status":"closed","template":"","meta":[],"product_brand":[],"product_cat":[134,1149,968,143],"product_tag":[],"class_list":{"0":"post-1744","1":"product","2":"type-product","3":"status-publish","4":"has-post-thumbnail","6":"product_cat-cumpleanos","7":"product_cat-dia-de-la-madre","8":"product_cat-orquideas","9":"product_cat-plantas","11":"first","12":"instock","13":"shipping-taxable","14":"purchasable","15":"product-type-simple","16":"layout-style-1","17":"col-md-4 col-sm-4 col-xs-6","18":"col-lg-4","19":"product-style-default"},"yoast_head":"<!-- This site is optimized with the Yoast SEO plugin v27.4 - https:\/\/yoast.com\/product\/yoast-seo-wordpress\/ -->\n<title>Venus - Orqu\u00eddea Bicolor Rosa con rayas blancas - Florister&iacute;a en San Pedro Alc&aacute;ntara<\/title>\n<meta name=\"robots\" content=\"noindex, follow\" \/>\n<meta property=\"og:locale\" content=\"en_US\" \/>\n<meta property=\"og:type\" content=\"article\" \/>\n<meta property=\"og:title\" content=\"Venus - Orqu\u00eddea Bicolor Rosa con rayas blancas - Florister&iacute;a en San Pedro Alc&aacute;ntara\" \/>\n<meta property=\"og:description\" content=\"Las plantas son tan agradecidas que si la cuidas ellas nos regalan sus preciosas flores. -Bella Rosa-  &nbsp;  Nuestra orqu\u00eddea rosa Venus es una flor muy especial, ya que se trata de un ejemplar bicolor que combina la dulzura del rosa con la pureza de sus peque\u00f1as rayas blancas. Un regalo ideal para sorprender a una persona especial en su cumplea\u00f1os, para felicitar una inauguraci\u00f3n, una graduaci\u00f3n o el alcance de metas personales o profesionales. Tenemos una variedad de orqu\u00eddeas seleccionadas por nuestro equipo de Bella Rosa y cuidadas con mucho mimo. Venus est\u00e1 compuesto por:  Orqu\u00eddea phalaenopsis bicolor rayas rosa y blanca  Base de orqu\u00eddea blanca  &nbsp;  Tenemos una gran variedad de orqu\u00eddeas preciosos a buen precio. Con\u00f3celas aqu\u00ed\" \/>\n<meta property=\"og:url\" content=\"https:\/\/bellarosa.es\/en\/venus-orquidea-bicolor-rayas\/\" \/>\n<meta property=\"og:site_name\" content=\"Florister&iacute;a en San Pedro Alc&aacute;ntara\" \/>\n<meta property=\"article:modified_time\" content=\"2026-04-10T11:11:33+00:00\" \/>\n<meta property=\"og:image\" content=\"https:\/\/bellarosa.es\/wp-content\/uploads\/2020\/04\/A6907DCB-87E9-4B68-BD70-40E284ACD8E0.png\" \/>\n\t<meta property=\"og:image:width\" content=\"1024\" \/>\n\t<meta property=\"og:image:height\" content=\"1536\" \/>\n\t<meta property=\"og:image:type\" content=\"image\/png\" \/>\n<meta name=\"twitter:card\" content=\"summary_large_image\" \/>\n<meta name=\"twitter:label1\" content=\"Est. reading time\" \/>\n\t<meta name=\"twitter:data1\" content=\"3 minutes\" \/>\n<script type=\"application\/ld+json\" class=\"yoast-schema-graph\">{\"@context\":\"https:\\\/\\\/schema.org\",\"@graph\":[{\"@type\":\"WebPage\",\"@id\":\"https:\\\/\\\/bellarosa.es\\\/en\\\/venus-orquidea-bicolor-rayas\\\/\",\"url\":\"https:\\\/\\\/bellarosa.es\\\/en\\\/venus-orquidea-bicolor-rayas\\\/\",\"name\":\"Venus - Orqu\u00eddea Bicolor Rosa con rayas blancas - Florister&iacute;a en San Pedro Alc&aacute;ntara\",\"isPartOf\":{\"@id\":\"https:\\\/\\\/bellarosa.es\\\/en\\\/#website\"},\"primaryImageOfPage\":{\"@id\":\"https:\\\/\\\/bellarosa.es\\\/en\\\/venus-orquidea-bicolor-rayas\\\/#primaryimage\"},\"image\":{\"@id\":\"https:\\\/\\\/bellarosa.es\\\/en\\\/venus-orquidea-bicolor-rayas\\\/#primaryimage\"},\"thumbnailUrl\":\"https:\\\/\\\/bellarosa.es\\\/wp-content\\\/uploads\\\/2020\\\/04\\\/A6907DCB-87E9-4B68-BD70-40E284ACD8E0.png\",\"datePublished\":\"2020-04-26T11:34:07+00:00\",\"dateModified\":\"2026-04-10T11:11:33+00:00\",\"breadcrumb\":{\"@id\":\"https:\\\/\\\/bellarosa.es\\\/en\\\/venus-orquidea-bicolor-rayas\\\/#breadcrumb\"},\"inLanguage\":\"en-US\",\"potentialAction\":[{\"@type\":\"ReadAction\",\"target\":[\"https:\\\/\\\/bellarosa.es\\\/en\\\/venus-orquidea-bicolor-rayas\\\/\"]}]},{\"@type\":\"ImageObject\",\"inLanguage\":\"en-US\",\"@id\":\"https:\\\/\\\/bellarosa.es\\\/en\\\/venus-orquidea-bicolor-rayas\\\/#primaryimage\",\"url\":\"https:\\\/\\\/bellarosa.es\\\/wp-content\\\/uploads\\\/2020\\\/04\\\/A6907DCB-87E9-4B68-BD70-40E284ACD8E0.png\",\"contentUrl\":\"https:\\\/\\\/bellarosa.es\\\/wp-content\\\/uploads\\\/2020\\\/04\\\/A6907DCB-87E9-4B68-BD70-40E284ACD8E0.png\",\"width\":1024,\"height\":1536},{\"@type\":\"BreadcrumbList\",\"@id\":\"https:\\\/\\\/bellarosa.es\\\/en\\\/venus-orquidea-bicolor-rayas\\\/#breadcrumb\",\"itemListElement\":[{\"@type\":\"ListItem\",\"position\":1,\"name\":\"Inicio\",\"item\":\"https:\\\/\\\/bellarosa.es\\\/en\\\/\"},{\"@type\":\"ListItem\",\"position\":2,\"name\":\"Shop\",\"item\":\"https:\\\/\\\/bellarosa.es\\\/en\\\/shop\\\/\"},{\"@type\":\"ListItem\",\"position\":3,\"name\":\"Venus &#8211; Orqu\u00eddea Bicolor Rosa con rayas blancas\"}]},{\"@type\":\"WebSite\",\"@id\":\"https:\\\/\\\/bellarosa.es\\\/en\\\/#website\",\"url\":\"https:\\\/\\\/bellarosa.es\\\/en\\\/\",\"name\":\"Florister&iacute;a en San Pedro Alc&aacute;ntara\",\"description\":\"\",\"publisher\":{\"@id\":\"https:\\\/\\\/bellarosa.es\\\/en\\\/#organization\"},\"potentialAction\":[{\"@type\":\"SearchAction\",\"target\":{\"@type\":\"EntryPoint\",\"urlTemplate\":\"https:\\\/\\\/bellarosa.es\\\/en\\\/?s={search_term_string}\"},\"query-input\":{\"@type\":\"PropertyValueSpecification\",\"valueRequired\":true,\"valueName\":\"search_term_string\"}}],\"inLanguage\":\"en-US\"},{\"@type\":\"Organization\",\"@id\":\"https:\\\/\\\/bellarosa.es\\\/en\\\/#organization\",\"name\":\"Floristeria Bella Rosa\",\"url\":\"https:\\\/\\\/bellarosa.es\\\/en\\\/\",\"logo\":{\"@type\":\"ImageObject\",\"inLanguage\":\"en-US\",\"@id\":\"https:\\\/\\\/bellarosa.es\\\/en\\\/#\\\/schema\\\/logo\\\/image\\\/\",\"url\":\"\",\"contentUrl\":\"\",\"caption\":\"Floristeria Bella Rosa\"},\"image\":{\"@id\":\"https:\\\/\\\/bellarosa.es\\\/en\\\/#\\\/schema\\\/logo\\\/image\\\/\"}}]}<\/script>\n<!-- \/ Yoast SEO plugin. -->","yoast_head_json":{"title":"Venus - Orqu\u00eddea Bicolor Rosa con rayas blancas - Florister&iacute;a en San Pedro Alc&aacute;ntara","robots":{"index":"noindex","follow":"follow"},"og_locale":"en_US","og_type":"article","og_title":"Venus - Orqu\u00eddea Bicolor Rosa con rayas blancas - Florister&iacute;a en San Pedro Alc&aacute;ntara","og_description":"Las plantas son tan agradecidas que si la cuidas ellas nos regalan sus preciosas flores. -Bella Rosa-  &nbsp;  Nuestra orqu\u00eddea rosa Venus es una flor muy especial, ya que se trata de un ejemplar bicolor que combina la dulzura del rosa con la pureza de sus peque\u00f1as rayas blancas. Un regalo ideal para sorprender a una persona especial en su cumplea\u00f1os, para felicitar una inauguraci\u00f3n, una graduaci\u00f3n o el alcance de metas personales o profesionales. Tenemos una variedad de orqu\u00eddeas seleccionadas por nuestro equipo de Bella Rosa y cuidadas con mucho mimo. Venus est\u00e1 compuesto por:  Orqu\u00eddea phalaenopsis bicolor rayas rosa y blanca  Base de orqu\u00eddea blanca  &nbsp;  Tenemos una gran variedad de orqu\u00eddeas preciosos a buen precio. Con\u00f3celas aqu\u00ed","og_url":"https:\/\/bellarosa.es\/en\/venus-orquidea-bicolor-rayas\/","og_site_name":"Florister&iacute;a en San Pedro Alc&aacute;ntara","article_modified_time":"2026-04-10T11:11:33+00:00","og_image":[{"width":1024,"height":1536,"url":"https:\/\/bellarosa.es\/wp-content\/uploads\/2020\/04\/A6907DCB-87E9-4B68-BD70-40E284ACD8E0.png","type":"image\/png"}],"twitter_card":"summary_large_image","twitter_misc":{"Est. reading time":"3 minutes"},"schema":{"@context":"https:\/\/schema.org","@graph":[{"@type":"WebPage","@id":"https:\/\/bellarosa.es\/en\/venus-orquidea-bicolor-rayas\/","url":"https:\/\/bellarosa.es\/en\/venus-orquidea-bicolor-rayas\/","name":"Venus - Orqu\u00eddea Bicolor Rosa con rayas blancas - Florister&iacute;a en San Pedro Alc&aacute;ntara","isPartOf":{"@id":"https:\/\/bellarosa.es\/en\/#website"},"primaryImageOfPage":{"@id":"https:\/\/bellarosa.es\/en\/venus-orquidea-bicolor-rayas\/#primaryimage"},"image":{"@id":"https:\/\/bellarosa.es\/en\/venus-orquidea-bicolor-rayas\/#primaryimage"},"thumbnailUrl":"https:\/\/bellarosa.es\/wp-content\/uploads\/2020\/04\/A6907DCB-87E9-4B68-BD70-40E284ACD8E0.png","datePublished":"2020-04-26T11:34:07+00:00","dateModified":"2026-04-10T11:11:33+00:00","breadcrumb":{"@id":"https:\/\/bellarosa.es\/en\/venus-orquidea-bicolor-rayas\/#breadcrumb"},"inLanguage":"en-US","potentialAction":[{"@type":"ReadAction","target":["https:\/\/bellarosa.es\/en\/venus-orquidea-bicolor-rayas\/"]}]},{"@type":"ImageObject","inLanguage":"en-US","@id":"https:\/\/bellarosa.es\/en\/venus-orquidea-bicolor-rayas\/#primaryimage","url":"https:\/\/bellarosa.es\/wp-content\/uploads\/2020\/04\/A6907DCB-87E9-4B68-BD70-40E284ACD8E0.png","contentUrl":"https:\/\/bellarosa.es\/wp-content\/uploads\/2020\/04\/A6907DCB-87E9-4B68-BD70-40E284ACD8E0.png","width":1024,"height":1536},{"@type":"BreadcrumbList","@id":"https:\/\/bellarosa.es\/en\/venus-orquidea-bicolor-rayas\/#breadcrumb","itemListElement":[{"@type":"ListItem","position":1,"name":"Inicio","item":"https:\/\/bellarosa.es\/en\/"},{"@type":"ListItem","position":2,"name":"Shop","item":"https:\/\/bellarosa.es\/en\/shop\/"},{"@type":"ListItem","position":3,"name":"Venus &#8211; Orqu\u00eddea Bicolor Rosa con rayas blancas"}]},{"@type":"WebSite","@id":"https:\/\/bellarosa.es\/en\/#website","url":"https:\/\/bellarosa.es\/en\/","name":"Florister&iacute;a en San Pedro Alc&aacute;ntara","description":"","publisher":{"@id":"https:\/\/bellarosa.es\/en\/#organization"},"potentialAction":[{"@type":"SearchAction","target":{"@type":"EntryPoint","urlTemplate":"https:\/\/bellarosa.es\/en\/?s={search_term_string}"},"query-input":{"@type":"PropertyValueSpecification","valueRequired":true,"valueName":"search_term_string"}}],"inLanguage":"en-US"},{"@type":"Organization","@id":"https:\/\/bellarosa.es\/en\/#organization","name":"Floristeria Bella Rosa","url":"https:\/\/bellarosa.es\/en\/","logo":{"@type":"ImageObject","inLanguage":"en-US","@id":"https:\/\/bellarosa.es\/en\/#\/schema\/logo\/image\/","url":"","contentUrl":"","caption":"Floristeria Bella Rosa"},"image":{"@id":"https:\/\/bellarosa.es\/en\/#\/schema\/logo\/image\/"}}]}},"_links":{"self":[{"href":"https:\/\/bellarosa.es\/en\/wp-json\/wp\/v2\/product\/1744","targetHints":{"allow":["GET"]}}],"collection":[{"href":"https:\/\/bellarosa.es\/en\/wp-json\/wp\/v2\/product"}],"about":[{"href":"https:\/\/bellarosa.es\/en\/wp-json\/wp\/v2\/types\/product"}],"replies":[{"embeddable":true,"href":"https:\/\/bellarosa.es\/en\/wp-json\/wp\/v2\/comments?post=1744"}],"wp:featuredmedia":[{"embeddable":true,"href":"https:\/\/bellarosa.es\/en\/wp-json\/wp\/v2\/media\/8467"}],"wp:attachment":[{"href":"https:\/\/bellarosa.es\/en\/wp-json\/wp\/v2\/media?parent=1744"}],"wp:term":[{"taxonomy":"product_brand","embeddable":true,"href":"https:\/\/bellarosa.es\/en\/wp-json\/wp\/v2\/product_brand?post=1744"},{"taxonomy":"product_cat","embeddable":true,"href":"https:\/\/bellarosa.es\/en\/wp-json\/wp\/v2\/product_cat?post=1744"},{"taxonomy":"product_tag","embeddable":true,"href":"https:\/\/bellarosa.es\/en\/wp-json\/wp\/v2\/product_tag?post=1744"}],"curies":[{"name":"wp","href":"https:\/\/api.w.org\/{rel}","templated":true}]}}