{"id":1544,"date":"2020-04-17T12:58:29","date_gmt":"2020-04-17T12:58:29","guid":{"rendered":"https:\/\/bellarosa.es\/?post_type=product&#038;p=1544"},"modified":"2026-04-10T11:12:20","modified_gmt":"2026-04-10T11:12:20","slug":"realeza-7-lilium-rosa-y-eucalipto","status":"publish","type":"product","link":"https:\/\/bellarosa.es\/en\/realeza-7-lilium-rosa-y-eucalipto\/","title":{"rendered":"Rosas y ran\u00fanculos rosado &#8211; Realeza"},"content":{"rendered":"<h2><strong>Realeza: el ramo para reyes y reinas<\/strong><\/h2>\n<p>Hay una persona que ha conquistado tu coraz\u00f3n y se ha convertido en tu rey o tu reina. Las personas especiales merecen que les expresemos nuestro amor, agradecimiento, cari\u00f1o o ternura. Y la mejor forma de hacerlo, sin dudas, es con flores. Las flores son una representaci\u00f3n de la belleza, un despertar a los sentidos y esconden significados que podemos trasmitir a nuestra persona especial. Este ramo est\u00e1 compuesto por Rosas, Ran\u00fanculo y spray roses te contamos m\u00e1s sobre esta flor a continuaci\u00f3n.<\/p>\n<p>El\u00a0ran\u00fanculo\u00a0tiene un significado profundo y simb\u00f3lico, tanto en su aspecto como en la tradici\u00f3n que lo rodea. Algunas de las interpretaciones m\u00e1s comunes son:<\/p>\n<p>1. Amor y admiraci\u00f3n: Los ran\u00fanculos suelen ser s\u00edmbolos de\u00a0admiraci\u00f3n profunda\u00a0y\u00a0amor sincero. Son una excelente opci\u00f3n para expresar estos sentimientos hacia una persona especial, ya que sus p\u00e9talos delicados y vibrantes reflejan un cari\u00f1o puro y encantado.<\/p>\n<p>2. Gratitud y aprecio: Tambi\u00e9n se asocia con la\u00a0gratitud. Regalar ran\u00fanculos es una forma de agradecer a alguien por su apoyo, generosidad o amor. Su elegancia transmite una sensaci\u00f3n de aprecio genuino.<\/p>\n<p>3. Energ\u00eda y vitalidad: Los ran\u00fanculos, especialmente los de colores brillantes, simbolizan la\u00a0vitalidad\u00a0y la\u00a0energ\u00eda positiva. Son una representaci\u00f3n de la belleza natural que aporta alegr\u00eda y dinamismo.<\/p>\n<p>4. Sinceridad: En algunas culturas, los ran\u00fanculos tambi\u00e9n pueden ser vistos como un s\u00edmbolo de\u00a0sinceridad, ya que se asocia con la idea de que la belleza interna es tan importante como la externa.<\/p>\n<p>En resumen, los ran\u00fanculos son una flor cargada de simbolismo positivo, relacionada con el amor, la gratitud, la belleza y la energ\u00eda, lo que los convierte en una excelente opci\u00f3n para regalar en diferentes ocasiones.<\/p>\n<h3>\u00bfCu\u00e1ndo regalar Realeza?<\/h3>\n<p>Este ramo de ran\u00fanculo y rosas rosadas es ideal para regalar a personas de esp\u00edritu libre, alegres, risue\u00f1as y de alma joven. Debido al significado de tono rosado en la delicadeza de una flor, <strong>Realeza<\/strong> puede ser un gran regalo de cumplea\u00f1os para su pareja, su mejor amigo, su hermano o hermana, incluso para sus padres. No hay nada escrito sobre qui\u00e9n debe recibir unas flores, basta con que estas puedan llegar a su coraz\u00f3n, d\u00e1ndole alegr\u00eda y felicidad.<\/p>\n<h3>Flores a domicilio en la Costa del Sol<\/h3>\n<p>Recuerda que somos tu florister\u00eda de confianza en la <strong>Costa del Sol<\/strong>. Hacemos repartos desde <strong>Estepona<\/strong> hasta <strong>San Pedro<\/strong> o <strong>Marbella<\/strong>. Si deseas enviar <strong>flores a domicilio<\/strong> puedes contar con nuestra experiencia para que tus ramos lleguen en las mejores condiciones. Sorprende a tu persona favorita. Tambi\u00e9n puedes hacer uso de nuestro servicio de <strong>tienda online<\/strong>.<\/p>\n<p>&nbsp;<\/p>\n<p>Recuerda que puedes encontrarnos en <a href=\"https:\/\/www.facebook.com\/bellarosa.es\/\">Facebook<\/a> e <a href=\"https:\/\/www.instagram.com\/bellarosa_marbella\/\">Instagram<\/a>. \u00a1Te esperamos!<\/p>\n","protected":false},"excerpt":{"rendered":"<blockquote>\n<p style=\"text-align: center;\">En el pasado, las personas han nacido real. Hoy en d\u00eda, la Realeza viene de lo que haces.<\/p>\n<p>&#8211; Gianni Versace &#8211;<\/p><\/blockquote>\n<p>Un ramo de flores digno de reyes y reinas. La belleza de las Rosas y ran\u00fanculos\u00a0en su m\u00e1ximo esplendor. Un ramo de flores que resalta por sus encantadores colores, su embriagador aroma. Con flores frescas seleccionadas por el equipo de Bella Rosa. Un acierto seguro. <strong>Realeza<\/strong> contiene:<\/p>\n<p>7 Tallos de ran\u00fanculo rosado<\/p>\n<p>3 rosas rosadas<\/p>\n<p>5 tallos spray pink roses<\/p>\n<p>&nbsp;<\/p>\n<p>Conoce todas nuestras sugerencias para regalar en San Valent\u00edn <a href=\"https:\/\/bellarosa.es\/comprar\/san-valentin\/\">aqu\u00ed<\/a><\/p>\n","protected":false},"featured_media":8539,"comment_status":"open","ping_status":"closed","template":"","meta":[],"product_brand":[],"product_cat":[1149,144,1031,159,1018,1100],"product_tag":[],"class_list":{"0":"post-1544","1":"product","2":"type-product","3":"status-publish","4":"has-post-thumbnail","6":"product_cat-dia-de-la-madre","7":"product_cat-flores-varias","8":"product_cat-envio-a-malaga","9":"product_cat-mothers-day","10":"product_cat-ramo-de-flores","11":"product_cat-8-marzo-dia-de-la-mujer","13":"first","14":"instock","15":"featured","16":"shipping-taxable","17":"purchasable","18":"product-type-simple","19":"layout-style-1","20":"col-md-4 col-sm-4 col-xs-6","21":"col-lg-4","22":"product-style-default"},"yoast_head":"<!-- This site is optimized with the Yoast SEO plugin v27.5 - https:\/\/yoast.com\/product\/yoast-seo-wordpress\/ -->\n<title>Rosas y ran\u00fanculos rosado - Realeza - Florister&iacute;a en San Pedro Alc&aacute;ntara<\/title>\n<meta name=\"robots\" content=\"noindex, follow\" \/>\n<meta property=\"og:locale\" content=\"en_US\" \/>\n<meta property=\"og:type\" content=\"article\" \/>\n<meta property=\"og:title\" content=\"Rosas y ran\u00fanculos rosado - Realeza - Florister&iacute;a en San Pedro Alc&aacute;ntara\" \/>\n<meta property=\"og:description\" content=\"En el pasado, las personas han nacido real. Hoy en d\u00eda, la Realeza viene de lo que haces. - Gianni Versace - Un ramo de flores digno de reyes y reinas. La belleza de las Rosas y ran\u00fanculos\u00a0en su m\u00e1ximo esplendor. Un ramo de flores que resalta por sus encantadores colores, su embriagador aroma. Con flores frescas seleccionadas por el equipo de Bella Rosa. Un acierto seguro. Realeza contiene:  7 Tallos de ran\u00fanculo rosado  3 rosas rosadas  5 tallos spray pink roses  &nbsp;  Conoce todas nuestras sugerencias para regalar en San Valent\u00edn aqu\u00ed\" \/>\n<meta property=\"og:url\" content=\"https:\/\/bellarosa.es\/en\/realeza-7-lilium-rosa-y-eucalipto\/\" \/>\n<meta property=\"og:site_name\" content=\"Florister&iacute;a en San Pedro Alc&aacute;ntara\" \/>\n<meta property=\"article:modified_time\" content=\"2026-04-10T11:12:20+00:00\" \/>\n<meta property=\"og:image\" content=\"https:\/\/bellarosa.es\/wp-content\/uploads\/2020\/04\/960BDE8E-2BA1-4DA3-95EC-DED4F26B0B8B.png\" \/>\n\t<meta property=\"og:image:width\" content=\"1024\" \/>\n\t<meta property=\"og:image:height\" content=\"1536\" \/>\n\t<meta property=\"og:image:type\" content=\"image\/png\" \/>\n<meta name=\"twitter:card\" content=\"summary_large_image\" \/>\n<meta name=\"twitter:label1\" content=\"Est. reading time\" \/>\n\t<meta name=\"twitter:data1\" content=\"3 minutes\" \/>\n<script type=\"application\/ld+json\" class=\"yoast-schema-graph\">{\"@context\":\"https:\\\/\\\/schema.org\",\"@graph\":[{\"@type\":\"WebPage\",\"@id\":\"https:\\\/\\\/bellarosa.es\\\/en\\\/realeza-7-lilium-rosa-y-eucalipto\\\/\",\"url\":\"https:\\\/\\\/bellarosa.es\\\/en\\\/realeza-7-lilium-rosa-y-eucalipto\\\/\",\"name\":\"Rosas y ran\u00fanculos rosado - Realeza - Florister&iacute;a en San Pedro Alc&aacute;ntara\",\"isPartOf\":{\"@id\":\"https:\\\/\\\/bellarosa.es\\\/en\\\/#website\"},\"primaryImageOfPage\":{\"@id\":\"https:\\\/\\\/bellarosa.es\\\/en\\\/realeza-7-lilium-rosa-y-eucalipto\\\/#primaryimage\"},\"image\":{\"@id\":\"https:\\\/\\\/bellarosa.es\\\/en\\\/realeza-7-lilium-rosa-y-eucalipto\\\/#primaryimage\"},\"thumbnailUrl\":\"https:\\\/\\\/bellarosa.es\\\/wp-content\\\/uploads\\\/2020\\\/04\\\/960BDE8E-2BA1-4DA3-95EC-DED4F26B0B8B.png\",\"datePublished\":\"2020-04-17T12:58:29+00:00\",\"dateModified\":\"2026-04-10T11:12:20+00:00\",\"breadcrumb\":{\"@id\":\"https:\\\/\\\/bellarosa.es\\\/en\\\/realeza-7-lilium-rosa-y-eucalipto\\\/#breadcrumb\"},\"inLanguage\":\"en-US\",\"potentialAction\":[{\"@type\":\"ReadAction\",\"target\":[\"https:\\\/\\\/bellarosa.es\\\/en\\\/realeza-7-lilium-rosa-y-eucalipto\\\/\"]}]},{\"@type\":\"ImageObject\",\"inLanguage\":\"en-US\",\"@id\":\"https:\\\/\\\/bellarosa.es\\\/en\\\/realeza-7-lilium-rosa-y-eucalipto\\\/#primaryimage\",\"url\":\"https:\\\/\\\/bellarosa.es\\\/wp-content\\\/uploads\\\/2020\\\/04\\\/960BDE8E-2BA1-4DA3-95EC-DED4F26B0B8B.png\",\"contentUrl\":\"https:\\\/\\\/bellarosa.es\\\/wp-content\\\/uploads\\\/2020\\\/04\\\/960BDE8E-2BA1-4DA3-95EC-DED4F26B0B8B.png\",\"width\":1024,\"height\":1536},{\"@type\":\"BreadcrumbList\",\"@id\":\"https:\\\/\\\/bellarosa.es\\\/en\\\/realeza-7-lilium-rosa-y-eucalipto\\\/#breadcrumb\",\"itemListElement\":[{\"@type\":\"ListItem\",\"position\":1,\"name\":\"Inicio\",\"item\":\"https:\\\/\\\/bellarosa.es\\\/en\\\/\"},{\"@type\":\"ListItem\",\"position\":2,\"name\":\"Shop\",\"item\":\"https:\\\/\\\/bellarosa.es\\\/en\\\/shop\\\/\"},{\"@type\":\"ListItem\",\"position\":3,\"name\":\"Rosas y ran\u00fanculos rosado &#8211; Realeza\"}]},{\"@type\":\"WebSite\",\"@id\":\"https:\\\/\\\/bellarosa.es\\\/en\\\/#website\",\"url\":\"https:\\\/\\\/bellarosa.es\\\/en\\\/\",\"name\":\"Florister&iacute;a en San Pedro Alc&aacute;ntara\",\"description\":\"\",\"publisher\":{\"@id\":\"https:\\\/\\\/bellarosa.es\\\/en\\\/#organization\"},\"potentialAction\":[{\"@type\":\"SearchAction\",\"target\":{\"@type\":\"EntryPoint\",\"urlTemplate\":\"https:\\\/\\\/bellarosa.es\\\/en\\\/?s={search_term_string}\"},\"query-input\":{\"@type\":\"PropertyValueSpecification\",\"valueRequired\":true,\"valueName\":\"search_term_string\"}}],\"inLanguage\":\"en-US\"},{\"@type\":\"Organization\",\"@id\":\"https:\\\/\\\/bellarosa.es\\\/en\\\/#organization\",\"name\":\"Floristeria Bella Rosa\",\"url\":\"https:\\\/\\\/bellarosa.es\\\/en\\\/\",\"logo\":{\"@type\":\"ImageObject\",\"inLanguage\":\"en-US\",\"@id\":\"https:\\\/\\\/bellarosa.es\\\/en\\\/#\\\/schema\\\/logo\\\/image\\\/\",\"url\":\"\",\"contentUrl\":\"\",\"caption\":\"Floristeria Bella Rosa\"},\"image\":{\"@id\":\"https:\\\/\\\/bellarosa.es\\\/en\\\/#\\\/schema\\\/logo\\\/image\\\/\"}}]}<\/script>\n<!-- \/ Yoast SEO plugin. -->","yoast_head_json":{"title":"Rosas y ran\u00fanculos rosado - Realeza - Florister&iacute;a en San Pedro Alc&aacute;ntara","robots":{"index":"noindex","follow":"follow"},"og_locale":"en_US","og_type":"article","og_title":"Rosas y ran\u00fanculos rosado - Realeza - Florister&iacute;a en San Pedro Alc&aacute;ntara","og_description":"En el pasado, las personas han nacido real. Hoy en d\u00eda, la Realeza viene de lo que haces. - Gianni Versace - Un ramo de flores digno de reyes y reinas. La belleza de las Rosas y ran\u00fanculos\u00a0en su m\u00e1ximo esplendor. Un ramo de flores que resalta por sus encantadores colores, su embriagador aroma. Con flores frescas seleccionadas por el equipo de Bella Rosa. Un acierto seguro. Realeza contiene:  7 Tallos de ran\u00fanculo rosado  3 rosas rosadas  5 tallos spray pink roses  &nbsp;  Conoce todas nuestras sugerencias para regalar en San Valent\u00edn aqu\u00ed","og_url":"https:\/\/bellarosa.es\/en\/realeza-7-lilium-rosa-y-eucalipto\/","og_site_name":"Florister&iacute;a en San Pedro Alc&aacute;ntara","article_modified_time":"2026-04-10T11:12:20+00:00","og_image":[{"width":1024,"height":1536,"url":"https:\/\/bellarosa.es\/wp-content\/uploads\/2020\/04\/960BDE8E-2BA1-4DA3-95EC-DED4F26B0B8B.png","type":"image\/png"}],"twitter_card":"summary_large_image","twitter_misc":{"Est. reading time":"3 minutes"},"schema":{"@context":"https:\/\/schema.org","@graph":[{"@type":"WebPage","@id":"https:\/\/bellarosa.es\/en\/realeza-7-lilium-rosa-y-eucalipto\/","url":"https:\/\/bellarosa.es\/en\/realeza-7-lilium-rosa-y-eucalipto\/","name":"Rosas y ran\u00fanculos rosado - Realeza - Florister&iacute;a en San Pedro Alc&aacute;ntara","isPartOf":{"@id":"https:\/\/bellarosa.es\/en\/#website"},"primaryImageOfPage":{"@id":"https:\/\/bellarosa.es\/en\/realeza-7-lilium-rosa-y-eucalipto\/#primaryimage"},"image":{"@id":"https:\/\/bellarosa.es\/en\/realeza-7-lilium-rosa-y-eucalipto\/#primaryimage"},"thumbnailUrl":"https:\/\/bellarosa.es\/wp-content\/uploads\/2020\/04\/960BDE8E-2BA1-4DA3-95EC-DED4F26B0B8B.png","datePublished":"2020-04-17T12:58:29+00:00","dateModified":"2026-04-10T11:12:20+00:00","breadcrumb":{"@id":"https:\/\/bellarosa.es\/en\/realeza-7-lilium-rosa-y-eucalipto\/#breadcrumb"},"inLanguage":"en-US","potentialAction":[{"@type":"ReadAction","target":["https:\/\/bellarosa.es\/en\/realeza-7-lilium-rosa-y-eucalipto\/"]}]},{"@type":"ImageObject","inLanguage":"en-US","@id":"https:\/\/bellarosa.es\/en\/realeza-7-lilium-rosa-y-eucalipto\/#primaryimage","url":"https:\/\/bellarosa.es\/wp-content\/uploads\/2020\/04\/960BDE8E-2BA1-4DA3-95EC-DED4F26B0B8B.png","contentUrl":"https:\/\/bellarosa.es\/wp-content\/uploads\/2020\/04\/960BDE8E-2BA1-4DA3-95EC-DED4F26B0B8B.png","width":1024,"height":1536},{"@type":"BreadcrumbList","@id":"https:\/\/bellarosa.es\/en\/realeza-7-lilium-rosa-y-eucalipto\/#breadcrumb","itemListElement":[{"@type":"ListItem","position":1,"name":"Inicio","item":"https:\/\/bellarosa.es\/en\/"},{"@type":"ListItem","position":2,"name":"Shop","item":"https:\/\/bellarosa.es\/en\/shop\/"},{"@type":"ListItem","position":3,"name":"Rosas y ran\u00fanculos rosado &#8211; Realeza"}]},{"@type":"WebSite","@id":"https:\/\/bellarosa.es\/en\/#website","url":"https:\/\/bellarosa.es\/en\/","name":"Florister&iacute;a en San Pedro Alc&aacute;ntara","description":"","publisher":{"@id":"https:\/\/bellarosa.es\/en\/#organization"},"potentialAction":[{"@type":"SearchAction","target":{"@type":"EntryPoint","urlTemplate":"https:\/\/bellarosa.es\/en\/?s={search_term_string}"},"query-input":{"@type":"PropertyValueSpecification","valueRequired":true,"valueName":"search_term_string"}}],"inLanguage":"en-US"},{"@type":"Organization","@id":"https:\/\/bellarosa.es\/en\/#organization","name":"Floristeria Bella Rosa","url":"https:\/\/bellarosa.es\/en\/","logo":{"@type":"ImageObject","inLanguage":"en-US","@id":"https:\/\/bellarosa.es\/en\/#\/schema\/logo\/image\/","url":"","contentUrl":"","caption":"Floristeria Bella Rosa"},"image":{"@id":"https:\/\/bellarosa.es\/en\/#\/schema\/logo\/image\/"}}]}},"_links":{"self":[{"href":"https:\/\/bellarosa.es\/en\/wp-json\/wp\/v2\/product\/1544","targetHints":{"allow":["GET"]}}],"collection":[{"href":"https:\/\/bellarosa.es\/en\/wp-json\/wp\/v2\/product"}],"about":[{"href":"https:\/\/bellarosa.es\/en\/wp-json\/wp\/v2\/types\/product"}],"replies":[{"embeddable":true,"href":"https:\/\/bellarosa.es\/en\/wp-json\/wp\/v2\/comments?post=1544"}],"wp:featuredmedia":[{"embeddable":true,"href":"https:\/\/bellarosa.es\/en\/wp-json\/wp\/v2\/media\/8539"}],"wp:attachment":[{"href":"https:\/\/bellarosa.es\/en\/wp-json\/wp\/v2\/media?parent=1544"}],"wp:term":[{"taxonomy":"product_brand","embeddable":true,"href":"https:\/\/bellarosa.es\/en\/wp-json\/wp\/v2\/product_brand?post=1544"},{"taxonomy":"product_cat","embeddable":true,"href":"https:\/\/bellarosa.es\/en\/wp-json\/wp\/v2\/product_cat?post=1544"},{"taxonomy":"product_tag","embeddable":true,"href":"https:\/\/bellarosa.es\/en\/wp-json\/wp\/v2\/product_tag?post=1544"}],"curies":[{"name":"wp","href":"https:\/\/api.w.org\/{rel}","templated":true}]}}