{"id":1254,"date":"2020-03-18T16:47:36","date_gmt":"2020-03-18T16:47:36","guid":{"rendered":"https:\/\/bellarosa.es\/?post_type=product&#038;p=1254"},"modified":"2026-04-10T11:12:31","modified_gmt":"2026-04-10T11:12:31","slug":"encanto-24-rosas-rosadas","status":"publish","type":"product","link":"https:\/\/bellarosa.es\/en\/encanto-24-rosas-rosadas\/","title":{"rendered":"Encanto &#8211; Caja blanca con Rosas Rosadas"},"content":{"rendered":"<h2><strong>Regala el Encanto de las rosas rosadas en caja floral<\/strong><\/h2>\n<p>Las rosas siguen siendo a d\u00eda de hoy una de las flores m\u00e1s populares. Nos siguen inspirando a crear ramos que encierran el significado del amor que sentimos cuando regalamos flores a alguien especial. Desde <strong>Bella Rosa<\/strong> nos seguimos esforzando para crear los mejores arreglos florales, poniendo no solo nuestra experiencia y profesionalidad, sino nuestro cari\u00f1o y amor. Queremos que ese momento sea perfecto.<\/p>\n<h3>El significado de las rosas rosadas<\/h3>\n<p>La <strong>rosa rosada<\/strong> es sin\u00f3nimo de expresar <strong>amor tierno y sincero<\/strong>. Aunque la rosa es una flor que relacionamos con el amor,\u00a0 en su versi\u00f3n rosada hace m\u00e1s bien referencia a la inocencia y la sinceridad de un amor desinteresado y profundo. Tambi\u00e9n usada para expresar un cari\u00f1o vinculado a una relaci\u00f3n cercana, que no tiene por qu\u00e9 ser rom\u00e1ntica.<\/p>\n<p>Las <strong>rosas rosadas<\/strong> son un s\u00edmbolo de <strong>elegancia y feminidad<\/strong>, una flor irresistible tanto por su aspecto, su significado y su aroma embriagador. Se trata de una de las flores favoritas a la hora de regalar. las<strong> rosas rosadas<\/strong> indican gratitud y buenas intenciones.<\/p>\n<h3>\u00bfCu\u00e1ndo regalar Encanto?<\/h3>\n<p><strong>Encanto<\/strong> es el ramo ideal para regalar en cualquier tipo de celebraci\u00f3n, como un cumplea\u00f1os, una graduaci\u00f3n o un aniversario. Flor de la feminidad, ser\u00e1 c\u00f3mplice para el D\u00eda de la Madre, la persona con la m\u00e1s bella sonrisa.<\/p>\n<p>Las rosas son siempre bien recibidas, por lo que puede regalarlas a una amistad verdadera para agradecer su confianza, fidelidad y apoyo.<\/p>\n<p>Tambi\u00e9n son geniales para decoraci\u00f3n, ya sea como centros de mesa, para una oficina o para su hogar.<\/p>\n<h3>Flores a domicilio en la Costa del Sol<\/h3>\n<p>Recuerda que somos tu florister\u00eda de confianza en la <strong>Costa del Sol<\/strong>. Hacemos repartos desde <strong>Estepona<\/strong> hasta <strong>San Pedro<\/strong> o <strong>Marbella<\/strong>. Si deseas enviar <strong>flores a domicilio<\/strong> puedes contar con nuestra experiencia para que tus ramos lleguen en las mejores condiciones. Sorprende a tu persona favorita. Tambi\u00e9n puedes hacer uso de nuestro servicio de <strong>tienda online<\/strong>.<\/p>\n<p>&nbsp;<\/p>\n<p>Recuerda que puedes encontrarnos en <a href=\"https:\/\/www.facebook.com\/bellarosa.es\/\">Facebook<\/a> e <a href=\"https:\/\/www.instagram.com\/bellarosa_marbella\/\">Instagram<\/a>. \u00a1Te esperamos!<\/p>\n","protected":false},"excerpt":{"rendered":"<blockquote>\n<p style=\"text-align: center;\">El encanto es la capacidad de hacer que otra persona piense que ambos son maravillosos.<\/p>\n<p style=\"text-align: center;\">&#8211; Kathleen Winsor &#8211;<\/p>\n<\/blockquote>\n<p>Las rosas siempre son una buena opci\u00f3n, no nos cabe duda. Son una flor deseada por muchos y una incre\u00edble opci\u00f3n para regalar. Su belleza indiscutible y su aroma embriagador ser\u00e1 un regalo para los sentidos. Las mejores flores del mercado seleccionadas por nuestros floristas profesionales. <strong>Encanto<\/strong> est\u00e1 compuesto por 30 rosas rosadas en caja floral blanca.<\/p>\n<p>Encanto &#8211; Caja blanca con Rosas Rosadas esta compuesta por:<\/p>\n<p>30 rosas rosadas<\/p>\n<p>gypsophila<\/p>\n<p>verdes finos<\/p>\n<p>caja floral blanca<\/p>\n<p>&nbsp;<\/p>\n<p>Tenemos una amplia variedad de bell\u00edsimos ramos de flores a buen precio. Puedes verlos <a href=\"https:\/\/bellarosa.es\/comprar\/flores-varias\/\">aqu\u00ed<\/a>.<\/p>\n","protected":false},"featured_media":8768,"comment_status":"open","ping_status":"closed","template":"","meta":[],"product_brand":[],"product_cat":[133,158,1149,159,142,15,1100],"product_tag":[],"class_list":{"0":"post-1254","1":"product","2":"type-product","3":"status-publish","4":"has-post-thumbnail","6":"product_cat-amor","7":"product_cat-caja-floral","8":"product_cat-dia-de-la-madre","9":"product_cat-mothers-day","10":"product_cat-rosas","11":"product_cat-san-valentin","12":"product_cat-8-marzo-dia-de-la-mujer","14":"first","15":"instock","16":"shipping-taxable","17":"purchasable","18":"product-type-simple","19":"layout-style-1","20":"col-md-4 col-sm-4 col-xs-6","21":"col-lg-4","22":"product-style-default"},"yoast_head":"<!-- This site is optimized with the Yoast SEO plugin v27.5 - https:\/\/yoast.com\/product\/yoast-seo-wordpress\/ -->\n<title>Encanto - Caja blanca con Rosas Rosadas - Florister&iacute;a en San Pedro Alc&aacute;ntara<\/title>\n<meta name=\"robots\" content=\"index, follow, max-snippet:-1, max-image-preview:large, max-video-preview:-1\" \/>\n<link rel=\"canonical\" href=\"https:\/\/bellarosa.es\/en\/encanto-24-rosas-rosadas\/\" \/>\n<meta property=\"og:locale\" content=\"en_US\" \/>\n<meta property=\"og:type\" content=\"article\" \/>\n<meta property=\"og:title\" content=\"Encanto - Caja blanca con Rosas Rosadas - Florister&iacute;a en San Pedro Alc&aacute;ntara\" \/>\n<meta property=\"og:description\" content=\"El encanto es la capacidad de hacer que otra persona piense que ambos son maravillosos. - Kathleen Winsor -  Las rosas siempre son una buena opci\u00f3n, no nos cabe duda. Son una flor deseada por muchos y una incre\u00edble opci\u00f3n para regalar. Su belleza indiscutible y su aroma embriagador ser\u00e1 un regalo para los sentidos. Las mejores flores del mercado seleccionadas por nuestros floristas profesionales. Encanto est\u00e1 compuesto por 30 rosas rosadas en caja floral blanca.  Encanto - Caja blanca con Rosas Rosadas esta compuesta por:  30 rosas rosadas  gypsophila  verdes finos  caja floral blanca  &nbsp;  Tenemos una amplia variedad de bell\u00edsimos ramos de flores a buen precio. Puedes verlos aqu\u00ed.\" \/>\n<meta property=\"og:url\" content=\"https:\/\/bellarosa.es\/en\/encanto-24-rosas-rosadas\/\" \/>\n<meta property=\"og:site_name\" content=\"Florister&iacute;a en San Pedro Alc&aacute;ntara\" \/>\n<meta property=\"article:modified_time\" content=\"2026-04-10T11:12:31+00:00\" \/>\n<meta property=\"og:image\" content=\"https:\/\/bellarosa.es\/wp-content\/uploads\/2020\/03\/D1419CFC-B7B1-485F-B961-41D582009327-5.png\" \/>\n\t<meta property=\"og:image:width\" content=\"1024\" \/>\n\t<meta property=\"og:image:height\" content=\"1536\" \/>\n\t<meta property=\"og:image:type\" content=\"image\/png\" \/>\n<meta name=\"twitter:card\" content=\"summary_large_image\" \/>\n<meta name=\"twitter:label1\" content=\"Est. reading time\" \/>\n\t<meta name=\"twitter:data1\" content=\"2 minutes\" \/>\n<script type=\"application\/ld+json\" class=\"yoast-schema-graph\">{\"@context\":\"https:\\\/\\\/schema.org\",\"@graph\":[{\"@type\":\"WebPage\",\"@id\":\"https:\\\/\\\/bellarosa.es\\\/en\\\/encanto-24-rosas-rosadas\\\/\",\"url\":\"https:\\\/\\\/bellarosa.es\\\/en\\\/encanto-24-rosas-rosadas\\\/\",\"name\":\"Encanto - Caja blanca con Rosas Rosadas - Florister&iacute;a en San Pedro Alc&aacute;ntara\",\"isPartOf\":{\"@id\":\"https:\\\/\\\/bellarosa.es\\\/en\\\/#website\"},\"primaryImageOfPage\":{\"@id\":\"https:\\\/\\\/bellarosa.es\\\/en\\\/encanto-24-rosas-rosadas\\\/#primaryimage\"},\"image\":{\"@id\":\"https:\\\/\\\/bellarosa.es\\\/en\\\/encanto-24-rosas-rosadas\\\/#primaryimage\"},\"thumbnailUrl\":\"https:\\\/\\\/bellarosa.es\\\/wp-content\\\/uploads\\\/2020\\\/03\\\/D1419CFC-B7B1-485F-B961-41D582009327-5.png\",\"datePublished\":\"2020-03-18T16:47:36+00:00\",\"dateModified\":\"2026-04-10T11:12:31+00:00\",\"breadcrumb\":{\"@id\":\"https:\\\/\\\/bellarosa.es\\\/en\\\/encanto-24-rosas-rosadas\\\/#breadcrumb\"},\"inLanguage\":\"en-US\",\"potentialAction\":[{\"@type\":\"ReadAction\",\"target\":[\"https:\\\/\\\/bellarosa.es\\\/en\\\/encanto-24-rosas-rosadas\\\/\"]}]},{\"@type\":\"ImageObject\",\"inLanguage\":\"en-US\",\"@id\":\"https:\\\/\\\/bellarosa.es\\\/en\\\/encanto-24-rosas-rosadas\\\/#primaryimage\",\"url\":\"https:\\\/\\\/bellarosa.es\\\/wp-content\\\/uploads\\\/2020\\\/03\\\/D1419CFC-B7B1-485F-B961-41D582009327-5.png\",\"contentUrl\":\"https:\\\/\\\/bellarosa.es\\\/wp-content\\\/uploads\\\/2020\\\/03\\\/D1419CFC-B7B1-485F-B961-41D582009327-5.png\",\"width\":1024,\"height\":1536},{\"@type\":\"BreadcrumbList\",\"@id\":\"https:\\\/\\\/bellarosa.es\\\/en\\\/encanto-24-rosas-rosadas\\\/#breadcrumb\",\"itemListElement\":[{\"@type\":\"ListItem\",\"position\":1,\"name\":\"Inicio\",\"item\":\"https:\\\/\\\/bellarosa.es\\\/en\\\/\"},{\"@type\":\"ListItem\",\"position\":2,\"name\":\"Shop\",\"item\":\"https:\\\/\\\/bellarosa.es\\\/en\\\/shop\\\/\"},{\"@type\":\"ListItem\",\"position\":3,\"name\":\"Encanto &#8211; Caja blanca con Rosas Rosadas\"}]},{\"@type\":\"WebSite\",\"@id\":\"https:\\\/\\\/bellarosa.es\\\/en\\\/#website\",\"url\":\"https:\\\/\\\/bellarosa.es\\\/en\\\/\",\"name\":\"Florister&iacute;a en San Pedro Alc&aacute;ntara\",\"description\":\"\",\"publisher\":{\"@id\":\"https:\\\/\\\/bellarosa.es\\\/en\\\/#organization\"},\"potentialAction\":[{\"@type\":\"SearchAction\",\"target\":{\"@type\":\"EntryPoint\",\"urlTemplate\":\"https:\\\/\\\/bellarosa.es\\\/en\\\/?s={search_term_string}\"},\"query-input\":{\"@type\":\"PropertyValueSpecification\",\"valueRequired\":true,\"valueName\":\"search_term_string\"}}],\"inLanguage\":\"en-US\"},{\"@type\":\"Organization\",\"@id\":\"https:\\\/\\\/bellarosa.es\\\/en\\\/#organization\",\"name\":\"Floristeria Bella Rosa\",\"url\":\"https:\\\/\\\/bellarosa.es\\\/en\\\/\",\"logo\":{\"@type\":\"ImageObject\",\"inLanguage\":\"en-US\",\"@id\":\"https:\\\/\\\/bellarosa.es\\\/en\\\/#\\\/schema\\\/logo\\\/image\\\/\",\"url\":\"\",\"contentUrl\":\"\",\"caption\":\"Floristeria Bella Rosa\"},\"image\":{\"@id\":\"https:\\\/\\\/bellarosa.es\\\/en\\\/#\\\/schema\\\/logo\\\/image\\\/\"}}]}<\/script>\n<!-- \/ Yoast SEO plugin. -->","yoast_head_json":{"title":"Encanto - Caja blanca con Rosas Rosadas - Florister&iacute;a en San Pedro Alc&aacute;ntara","robots":{"index":"index","follow":"follow","max-snippet":"max-snippet:-1","max-image-preview":"max-image-preview:large","max-video-preview":"max-video-preview:-1"},"canonical":"https:\/\/bellarosa.es\/en\/encanto-24-rosas-rosadas\/","og_locale":"en_US","og_type":"article","og_title":"Encanto - Caja blanca con Rosas Rosadas - Florister&iacute;a en San Pedro Alc&aacute;ntara","og_description":"El encanto es la capacidad de hacer que otra persona piense que ambos son maravillosos. - Kathleen Winsor -  Las rosas siempre son una buena opci\u00f3n, no nos cabe duda. Son una flor deseada por muchos y una incre\u00edble opci\u00f3n para regalar. Su belleza indiscutible y su aroma embriagador ser\u00e1 un regalo para los sentidos. Las mejores flores del mercado seleccionadas por nuestros floristas profesionales. Encanto est\u00e1 compuesto por 30 rosas rosadas en caja floral blanca.  Encanto - Caja blanca con Rosas Rosadas esta compuesta por:  30 rosas rosadas  gypsophila  verdes finos  caja floral blanca  &nbsp;  Tenemos una amplia variedad de bell\u00edsimos ramos de flores a buen precio. Puedes verlos aqu\u00ed.","og_url":"https:\/\/bellarosa.es\/en\/encanto-24-rosas-rosadas\/","og_site_name":"Florister&iacute;a en San Pedro Alc&aacute;ntara","article_modified_time":"2026-04-10T11:12:31+00:00","og_image":[{"width":1024,"height":1536,"url":"https:\/\/bellarosa.es\/wp-content\/uploads\/2020\/03\/D1419CFC-B7B1-485F-B961-41D582009327-5.png","type":"image\/png"}],"twitter_card":"summary_large_image","twitter_misc":{"Est. reading time":"2 minutes"},"schema":{"@context":"https:\/\/schema.org","@graph":[{"@type":"WebPage","@id":"https:\/\/bellarosa.es\/en\/encanto-24-rosas-rosadas\/","url":"https:\/\/bellarosa.es\/en\/encanto-24-rosas-rosadas\/","name":"Encanto - Caja blanca con Rosas Rosadas - Florister&iacute;a en San Pedro Alc&aacute;ntara","isPartOf":{"@id":"https:\/\/bellarosa.es\/en\/#website"},"primaryImageOfPage":{"@id":"https:\/\/bellarosa.es\/en\/encanto-24-rosas-rosadas\/#primaryimage"},"image":{"@id":"https:\/\/bellarosa.es\/en\/encanto-24-rosas-rosadas\/#primaryimage"},"thumbnailUrl":"https:\/\/bellarosa.es\/wp-content\/uploads\/2020\/03\/D1419CFC-B7B1-485F-B961-41D582009327-5.png","datePublished":"2020-03-18T16:47:36+00:00","dateModified":"2026-04-10T11:12:31+00:00","breadcrumb":{"@id":"https:\/\/bellarosa.es\/en\/encanto-24-rosas-rosadas\/#breadcrumb"},"inLanguage":"en-US","potentialAction":[{"@type":"ReadAction","target":["https:\/\/bellarosa.es\/en\/encanto-24-rosas-rosadas\/"]}]},{"@type":"ImageObject","inLanguage":"en-US","@id":"https:\/\/bellarosa.es\/en\/encanto-24-rosas-rosadas\/#primaryimage","url":"https:\/\/bellarosa.es\/wp-content\/uploads\/2020\/03\/D1419CFC-B7B1-485F-B961-41D582009327-5.png","contentUrl":"https:\/\/bellarosa.es\/wp-content\/uploads\/2020\/03\/D1419CFC-B7B1-485F-B961-41D582009327-5.png","width":1024,"height":1536},{"@type":"BreadcrumbList","@id":"https:\/\/bellarosa.es\/en\/encanto-24-rosas-rosadas\/#breadcrumb","itemListElement":[{"@type":"ListItem","position":1,"name":"Inicio","item":"https:\/\/bellarosa.es\/en\/"},{"@type":"ListItem","position":2,"name":"Shop","item":"https:\/\/bellarosa.es\/en\/shop\/"},{"@type":"ListItem","position":3,"name":"Encanto &#8211; Caja blanca con Rosas Rosadas"}]},{"@type":"WebSite","@id":"https:\/\/bellarosa.es\/en\/#website","url":"https:\/\/bellarosa.es\/en\/","name":"Florister&iacute;a en San Pedro Alc&aacute;ntara","description":"","publisher":{"@id":"https:\/\/bellarosa.es\/en\/#organization"},"potentialAction":[{"@type":"SearchAction","target":{"@type":"EntryPoint","urlTemplate":"https:\/\/bellarosa.es\/en\/?s={search_term_string}"},"query-input":{"@type":"PropertyValueSpecification","valueRequired":true,"valueName":"search_term_string"}}],"inLanguage":"en-US"},{"@type":"Organization","@id":"https:\/\/bellarosa.es\/en\/#organization","name":"Floristeria Bella Rosa","url":"https:\/\/bellarosa.es\/en\/","logo":{"@type":"ImageObject","inLanguage":"en-US","@id":"https:\/\/bellarosa.es\/en\/#\/schema\/logo\/image\/","url":"","contentUrl":"","caption":"Floristeria Bella Rosa"},"image":{"@id":"https:\/\/bellarosa.es\/en\/#\/schema\/logo\/image\/"}}]}},"_links":{"self":[{"href":"https:\/\/bellarosa.es\/en\/wp-json\/wp\/v2\/product\/1254","targetHints":{"allow":["GET"]}}],"collection":[{"href":"https:\/\/bellarosa.es\/en\/wp-json\/wp\/v2\/product"}],"about":[{"href":"https:\/\/bellarosa.es\/en\/wp-json\/wp\/v2\/types\/product"}],"replies":[{"embeddable":true,"href":"https:\/\/bellarosa.es\/en\/wp-json\/wp\/v2\/comments?post=1254"}],"wp:featuredmedia":[{"embeddable":true,"href":"https:\/\/bellarosa.es\/en\/wp-json\/wp\/v2\/media\/8768"}],"wp:attachment":[{"href":"https:\/\/bellarosa.es\/en\/wp-json\/wp\/v2\/media?parent=1254"}],"wp:term":[{"taxonomy":"product_brand","embeddable":true,"href":"https:\/\/bellarosa.es\/en\/wp-json\/wp\/v2\/product_brand?post=1254"},{"taxonomy":"product_cat","embeddable":true,"href":"https:\/\/bellarosa.es\/en\/wp-json\/wp\/v2\/product_cat?post=1254"},{"taxonomy":"product_tag","embeddable":true,"href":"https:\/\/bellarosa.es\/en\/wp-json\/wp\/v2\/product_tag?post=1254"}],"curies":[{"name":"wp","href":"https:\/\/api.w.org\/{rel}","templated":true}]}}